{"id":99753,"date":"2023-06-16T13:15:03","date_gmt":"2023-06-16T17:15:03","guid":{"rendered":"https:\/\/www.ubishops.ca\/a-propos-de-bu-2\/historical-timeline\/"},"modified":"2025-11-06T10:02:59","modified_gmt":"2025-11-06T15:02:59","slug":"historical-timeline","status":"publish","type":"page","link":"https:\/\/www.ubishops.ca\/fr\/a-propos-de-bu-2\/historical-timeline\/","title":{"rendered":"Chronologie historique"},"content":{"rendered":"\n<figure class=\"wp-block-image size-large\"><img decoding=\"async\" width=\"1024\" height=\"275\" src=\"https:\/\/www.ubishops.ca\/wp-content\/uploads\/oldMcGreer_BishopsUniversity-1024x275.jpg\" alt=\"Bishop's University history\" class=\"wp-image-50024\" srcset=\"https:\/\/www.ubishops.ca\/wp-content\/uploads\/oldMcGreer_BishopsUniversity-1024x275.jpg 1024w, https:\/\/www.ubishops.ca\/wp-content\/uploads\/oldMcGreer_BishopsUniversity-300x81.jpg 300w, https:\/\/www.ubishops.ca\/wp-content\/uploads\/oldMcGreer_BishopsUniversity-768x206.jpg 768w, https:\/\/www.ubishops.ca\/wp-content\/uploads\/oldMcGreer_BishopsUniversity.jpg 1080w\" sizes=\"(max-width: 1024px) 100vw, 1024px\" \/><\/figure>\n\n\n\n<div class=\"wp-block-media-text alignwide is-stacked-on-mobile\" style=\"grid-template-columns:35% auto\"><figure class=\"wp-block-media-text__media\"><img decoding=\"async\" width=\"600\" height=\"633\" src=\"https:\/\/www.ubishops.ca\/wp-content\/uploads\/coat_of_arms_600px.jpg\" alt=\"Bishop's coat of arms\" class=\"wp-image-99203 size-full\" srcset=\"https:\/\/www.ubishops.ca\/wp-content\/uploads\/coat_of_arms_600px.jpg 600w, https:\/\/www.ubishops.ca\/wp-content\/uploads\/coat_of_arms_600px-284x300.jpg 284w, https:\/\/www.ubishops.ca\/wp-content\/uploads\/coat_of_arms_600px-142x150.jpg 142w\" sizes=\"(max-width: 600px) 100vw, 600px\" \/><\/figure><div class=\"wp-block-media-text__content\">\n<p><em>Recti cultus pectora roborant<\/em><br>(L\u2019\u00e9tude forme l\u2019esprit)<\/p>\n<\/div><\/div>\n\n\n\n<div style=\"height:20px\" aria-hidden=\"true\" class=\"wp-block-spacer\"><\/div>\n\n\n\n<p>L\u2019Universit\u00e9 a jou\u00e9 un r\u00f4le d\u00e9terminant dans l\u2019\u00e9ducation de plusieurs g\u00e9n\u00e9rations de jeunes leaders et dans l\u2019\u00e9volution du paysage social et culturel de la r\u00e9gion des Cantons-de-l\u2019Est au Qu\u00e9bec.<\/p>\n\n\n\n<p>L\u2019histoire de Bishop\u2019s est aussi unique et int\u00e9ressante que celle des membres formant sa communaut\u00e9 soud\u00e9e. La chronologie historique suivante pr\u00e9sente l\u2019\u00e9volution de l\u2019Universit\u00e9 et les jalons importants pos\u00e9s au cours des 175 derni\u00e8res ann\u00e9es.<\/p>\n\n\n\n<ul class=\"wp-block-list\">\n<li><a href=\"https:\/\/www.ubishops.ca\/about-bu\/historical-timeline\/2008-2009\/\">2008-2009<\/a><\/li>\n\n\n\n<li><a href=\"https:\/\/www.ubishops.ca\/about-bu\/historical-timeline\/2006-2007\/\">2006\u20132007<\/a><\/li>\n\n\n\n<li><a href=\"https:\/\/www.ubishops.ca\/about-bu\/historical-timeline\/2004-2005\/\">2004\u20132005<\/a><\/li>\n\n\n\n<li><a href=\"https:\/\/www.ubishops.ca\/about-bu\/historical-timeline\/1998-2003\/\">1998\u20132003<\/a><\/li>\n\n\n\n<li><a href=\"https:\/\/www.ubishops.ca\/about-bu\/historical-timeline\/1981-1997\/\">1981\u20131997<\/a><\/li>\n\n\n\n<li><a href=\"https:\/\/www.ubishops.ca\/about-bu\/historical-timeline\/1951-1980\/\">1951\u20131980<\/a><\/li>\n\n\n\n<li><a href=\"https:\/\/www.ubishops.ca\/about-bu\/historical-timeline\/1908-1950\/\">1908\u20131950<\/a><\/li>\n\n\n\n<li><a href=\"https:\/\/www.ubishops.ca\/about-bu\/historical-timeline\/1854-1907\/\">1854\u20131907<\/a><\/li>\n\n\n\n<li><a href=\"https:\/\/www.ubishops.ca\/about-bu\/historical-timeline\/1843-1853\/\">1843\u20131853<\/a><\/li>\n<\/ul>\n\n\n\n<p><strong>Sources et mention de droits d\u2019auteur\u00a0:<\/strong> \u00c0 moins d\u2019avis contraire, toutes les photographies pr\u00e9sent\u00e9es dans ce site Web font partie des archives de l\u2019Universit\u00e9\u00a0Bishop\u2019s et ne peuvent \u00eatre reproduites sans autorisation. Pour obtenir de plus amples renseignements, veuillez communiquer avec la Biblioth\u00e8que \u00e0 <a href=\"&#109;&#97;&#x69;l&#116;&#x6f;&#x3a;l&#105;&#x62;&#x72;a&#114;&#x79;&#64;&#117;&#x62;&#x69;s&#104;&#x6f;&#x70;s&#46;&#x63;a\">&#108;&#x69;b&#x72;&#x61;&#114;&#x79;&#64;&#117;&#x62;&#105;&#x73;h&#111;&#x70;s&#x2e;c&#97;<\/a>.<\/p>\n\n\n\n<figure class=\"wp-block-image size-full\"><img decoding=\"async\" width=\"870\" height=\"225\" src=\"https:\/\/www.ubishops.ca\/wp-content\/uploads\/BURWelcome_01.jpg\" alt=\"\" class=\"wp-image-99217\" srcset=\"https:\/\/www.ubishops.ca\/wp-content\/uploads\/BURWelcome_01.jpg 870w, https:\/\/www.ubishops.ca\/wp-content\/uploads\/BURWelcome_01-300x78.jpg 300w, https:\/\/www.ubishops.ca\/wp-content\/uploads\/BURWelcome_01-150x39.jpg 150w, https:\/\/www.ubishops.ca\/wp-content\/uploads\/BURWelcome_01-768x199.jpg 768w\" sizes=\"(max-width: 870px) 100vw, 870px\" \/><\/figure>\n\n\n\n<h2 class=\"wp-block-heading\"><em>Bishop\u2019s se souvient&nbsp;<\/em>: projet d\u2019archives de guerre<\/h2>\n\n\n\n<p><em>Bishop\u2019s se souvient<\/em> retrace l\u2019histoire des \u00e9tudiants de Bishop\u2019s qui ont perdu la vie pendant leur service militaire. La vie de ceux qui ont servi et qui ont fait le sacrifice ultime est \u00e0 jamais li\u00e9e par leur m\u00eame <em>alma mater<\/em>.<\/p>\n\n\n\n<p>Cette collection se veut un hommage tout particulier \u00e0 ces h\u00e9ros de guerre, qui, \u00e0 un moment ou \u00e0 un autre, ont fait partie de la grande famille de Bishop\u2019s.<\/p>\n\n\n\n<div class=\"wp-block-buttons is-layout-flex wp-block-buttons-is-layout-flex\">\n<div class=\"wp-block-button is-style-fill\"><a class=\"wp-block-button__link has-purple-background-color has-background wp-element-button\" href=\"https:\/\/buremembers.ubishops.ca\/\" target=\"_blank\" rel=\"noreferrer noopener\">Lire leurs histoires<\/a><\/div>\n<\/div>\n","protected":false},"excerpt":{"rendered":"<p>Recti cultus pectora roborant(L\u2019\u00e9tude forme l\u2019esprit) L\u2019Universit\u00e9 a jou\u00e9 un r\u00f4le d\u00e9terminant dans l\u2019\u00e9ducation de plusieurs g\u00e9n\u00e9rations de jeunes leaders et dans l\u2019\u00e9volution du paysage social et culturel de la r\u00e9gion des Cantons-de-l\u2019Est au Qu\u00e9bec. L\u2019histoire de Bishop\u2019s est aussi unique et int\u00e9ressante que celle des membres formant sa communaut\u00e9 soud\u00e9e. La chronologie historique suivante&#8230;<\/p>\n","protected":false},"author":49,"featured_media":0,"parent":286,"menu_order":315,"comment_status":"closed","ping_status":"closed","template":"","meta":{"_acf_changed":false,"_cbd_carousel_blocks":"[]","_kad_blocks_custom_css":"","_kad_blocks_head_custom_js":"","_kad_blocks_body_custom_js":"","_kad_blocks_footer_custom_js":"","_kad_post_transparent":"","_kad_post_title":"","_kad_post_layout":"","_kad_post_sidebar_id":"","_kad_post_content_style":"","_kad_post_vertical_padding":"","_kad_post_feature":"","_kad_post_feature_position":"","_kad_post_header":false,"_kad_post_footer":false,"_kad_post_classname":"","footnotes":""},"class_list":["post-99753","page","type-page","status-publish","hentry"],"acf":[],"yoast_head":"<!-- This site is optimized with the Yoast SEO plugin v27.2 - https:\/\/yoast.com\/product\/yoast-seo-wordpress\/ -->\n<title>Chronologie historique - Bishop&#039;s University<\/title>\n<meta name=\"robots\" content=\"index, follow, max-snippet:-1, max-image-preview:large, max-video-preview:-1\" \/>\n<link rel=\"canonical\" href=\"https:\/\/www.ubishops.ca\/fr\/a-propos-de-bu-2\/historical-timeline\/\" \/>\n<meta property=\"og:locale\" content=\"fr_FR\" \/>\n<meta property=\"og:type\" content=\"article\" \/>\n<meta property=\"og:title\" content=\"Chronologie historique - Bishop&#039;s University\" \/>\n<meta property=\"og:description\" content=\"Recti cultus pectora roborant(L\u2019\u00e9tude forme l\u2019esprit) L\u2019Universit\u00e9 a jou\u00e9 un r\u00f4le d\u00e9terminant dans l\u2019\u00e9ducation de plusieurs g\u00e9n\u00e9rations de jeunes leaders et dans l\u2019\u00e9volution du paysage social et culturel de la r\u00e9gion des Cantons-de-l\u2019Est au Qu\u00e9bec. L\u2019histoire de Bishop\u2019s est aussi unique et int\u00e9ressante que celle des membres formant sa communaut\u00e9 soud\u00e9e. La chronologie historique suivante...\" \/>\n<meta property=\"og:url\" content=\"https:\/\/www.ubishops.ca\/fr\/a-propos-de-bu-2\/historical-timeline\/\" \/>\n<meta property=\"og:site_name\" content=\"Bishop&#039;s University\" \/>\n<meta property=\"article:publisher\" content=\"https:\/\/www.facebook.com\/ubishops\" \/>\n<meta property=\"article:modified_time\" content=\"2025-11-06T15:02:59+00:00\" \/>\n<meta property=\"og:image\" content=\"https:\/\/www.ubishops.ca\/wp-content\/uploads\/oldMcGreer_BishopsUniversity.jpg\" \/>\n\t<meta property=\"og:image:width\" content=\"1080\" \/>\n\t<meta property=\"og:image:height\" content=\"290\" \/>\n\t<meta property=\"og:image:type\" content=\"image\/jpeg\" \/>\n<meta name=\"twitter:card\" content=\"summary_large_image\" \/>\n<meta name=\"twitter:site\" content=\"@ubishops\" \/>\n<meta name=\"twitter:label1\" content=\"Dur\u00e9e de lecture estim\u00e9e\" \/>\n\t<meta name=\"twitter:data1\" content=\"1 minute\" \/>\n<script type=\"application\/ld+json\" class=\"yoast-schema-graph\">{\"@context\":\"https:\/\/schema.org\",\"@graph\":[{\"@type\":\"WebPage\",\"@id\":\"https:\/\/www.ubishops.ca\/fr\/a-propos-de-bu-2\/historical-timeline\/\",\"url\":\"https:\/\/www.ubishops.ca\/fr\/a-propos-de-bu-2\/historical-timeline\/\",\"name\":\"Chronologie historique - Bishop&#039;s University\",\"isPartOf\":{\"@id\":\"https:\/\/www.ubishops.ca\/#website\"},\"primaryImageOfPage\":{\"@id\":\"https:\/\/www.ubishops.ca\/fr\/a-propos-de-bu-2\/historical-timeline\/#primaryimage\"},\"image\":{\"@id\":\"https:\/\/www.ubishops.ca\/fr\/a-propos-de-bu-2\/historical-timeline\/#primaryimage\"},\"thumbnailUrl\":\"https:\/\/www.ubishops.ca\/wp-content\/uploads\/oldMcGreer_BishopsUniversity-1024x275.jpg\",\"datePublished\":\"2023-06-16T17:15:03+00:00\",\"dateModified\":\"2025-11-06T15:02:59+00:00\",\"breadcrumb\":{\"@id\":\"https:\/\/www.ubishops.ca\/fr\/a-propos-de-bu-2\/historical-timeline\/#breadcrumb\"},\"inLanguage\":\"fr-FR\",\"potentialAction\":[{\"@type\":\"ReadAction\",\"target\":[\"https:\/\/www.ubishops.ca\/fr\/a-propos-de-bu-2\/historical-timeline\/\"]}]},{\"@type\":\"ImageObject\",\"inLanguage\":\"fr-FR\",\"@id\":\"https:\/\/www.ubishops.ca\/fr\/a-propos-de-bu-2\/historical-timeline\/#primaryimage\",\"url\":\"https:\/\/www.ubishops.ca\/wp-content\/uploads\/oldMcGreer_BishopsUniversity-1024x275.jpg\",\"contentUrl\":\"https:\/\/www.ubishops.ca\/wp-content\/uploads\/oldMcGreer_BishopsUniversity-1024x275.jpg\"},{\"@type\":\"BreadcrumbList\",\"@id\":\"https:\/\/www.ubishops.ca\/fr\/a-propos-de-bu-2\/historical-timeline\/#breadcrumb\",\"itemListElement\":[{\"@type\":\"ListItem\",\"position\":1,\"name\":\"Accueil\",\"item\":\"https:\/\/www.ubishops.ca\/fr\/\"},{\"@type\":\"ListItem\",\"position\":2,\"name\":\"\u00c0 propos de Bishop\u2019s\",\"item\":\"https:\/\/www.ubishops.ca\/fr\/a-propos-de-bu-2\/\"},{\"@type\":\"ListItem\",\"position\":3,\"name\":\"Chronologie historique\"}]},{\"@type\":\"WebSite\",\"@id\":\"https:\/\/www.ubishops.ca\/#website\",\"url\":\"https:\/\/www.ubishops.ca\/\",\"name\":\"Bishop&#039;s University\",\"description\":\"\",\"potentialAction\":[{\"@type\":\"SearchAction\",\"target\":{\"@type\":\"EntryPoint\",\"urlTemplate\":\"https:\/\/www.ubishops.ca\/?s={search_term_string}\"},\"query-input\":{\"@type\":\"PropertyValueSpecification\",\"valueRequired\":true,\"valueName\":\"search_term_string\"}}],\"inLanguage\":\"fr-FR\"}]}<\/script>\n<!-- \/ Yoast SEO plugin. -->","yoast_head_json":{"title":"Chronologie historique - Bishop&#039;s University","robots":{"index":"index","follow":"follow","max-snippet":"max-snippet:-1","max-image-preview":"max-image-preview:large","max-video-preview":"max-video-preview:-1"},"canonical":"https:\/\/www.ubishops.ca\/fr\/a-propos-de-bu-2\/historical-timeline\/","og_locale":"fr_FR","og_type":"article","og_title":"Chronologie historique - Bishop&#039;s University","og_description":"Recti cultus pectora roborant(L\u2019\u00e9tude forme l\u2019esprit) L\u2019Universit\u00e9 a jou\u00e9 un r\u00f4le d\u00e9terminant dans l\u2019\u00e9ducation de plusieurs g\u00e9n\u00e9rations de jeunes leaders et dans l\u2019\u00e9volution du paysage social et culturel de la r\u00e9gion des Cantons-de-l\u2019Est au Qu\u00e9bec. L\u2019histoire de Bishop\u2019s est aussi unique et int\u00e9ressante que celle des membres formant sa communaut\u00e9 soud\u00e9e. La chronologie historique suivante...","og_url":"https:\/\/www.ubishops.ca\/fr\/a-propos-de-bu-2\/historical-timeline\/","og_site_name":"Bishop&#039;s University","article_publisher":"https:\/\/www.facebook.com\/ubishops","article_modified_time":"2025-11-06T15:02:59+00:00","og_image":[{"width":1080,"height":290,"url":"https:\/\/www.ubishops.ca\/wp-content\/uploads\/oldMcGreer_BishopsUniversity.jpg","type":"image\/jpeg"}],"twitter_card":"summary_large_image","twitter_site":"@ubishops","twitter_misc":{"Dur\u00e9e de lecture estim\u00e9e":"1 minute"},"schema":{"@context":"https:\/\/schema.org","@graph":[{"@type":"WebPage","@id":"https:\/\/www.ubishops.ca\/fr\/a-propos-de-bu-2\/historical-timeline\/","url":"https:\/\/www.ubishops.ca\/fr\/a-propos-de-bu-2\/historical-timeline\/","name":"Chronologie historique - Bishop&#039;s University","isPartOf":{"@id":"https:\/\/www.ubishops.ca\/#website"},"primaryImageOfPage":{"@id":"https:\/\/www.ubishops.ca\/fr\/a-propos-de-bu-2\/historical-timeline\/#primaryimage"},"image":{"@id":"https:\/\/www.ubishops.ca\/fr\/a-propos-de-bu-2\/historical-timeline\/#primaryimage"},"thumbnailUrl":"https:\/\/www.ubishops.ca\/wp-content\/uploads\/oldMcGreer_BishopsUniversity-1024x275.jpg","datePublished":"2023-06-16T17:15:03+00:00","dateModified":"2025-11-06T15:02:59+00:00","breadcrumb":{"@id":"https:\/\/www.ubishops.ca\/fr\/a-propos-de-bu-2\/historical-timeline\/#breadcrumb"},"inLanguage":"fr-FR","potentialAction":[{"@type":"ReadAction","target":["https:\/\/www.ubishops.ca\/fr\/a-propos-de-bu-2\/historical-timeline\/"]}]},{"@type":"ImageObject","inLanguage":"fr-FR","@id":"https:\/\/www.ubishops.ca\/fr\/a-propos-de-bu-2\/historical-timeline\/#primaryimage","url":"https:\/\/www.ubishops.ca\/wp-content\/uploads\/oldMcGreer_BishopsUniversity-1024x275.jpg","contentUrl":"https:\/\/www.ubishops.ca\/wp-content\/uploads\/oldMcGreer_BishopsUniversity-1024x275.jpg"},{"@type":"BreadcrumbList","@id":"https:\/\/www.ubishops.ca\/fr\/a-propos-de-bu-2\/historical-timeline\/#breadcrumb","itemListElement":[{"@type":"ListItem","position":1,"name":"Accueil","item":"https:\/\/www.ubishops.ca\/fr\/"},{"@type":"ListItem","position":2,"name":"\u00c0 propos de Bishop\u2019s","item":"https:\/\/www.ubishops.ca\/fr\/a-propos-de-bu-2\/"},{"@type":"ListItem","position":3,"name":"Chronologie historique"}]},{"@type":"WebSite","@id":"https:\/\/www.ubishops.ca\/#website","url":"https:\/\/www.ubishops.ca\/","name":"Bishop&#039;s University","description":"","potentialAction":[{"@type":"SearchAction","target":{"@type":"EntryPoint","urlTemplate":"https:\/\/www.ubishops.ca\/?s={search_term_string}"},"query-input":{"@type":"PropertyValueSpecification","valueRequired":true,"valueName":"search_term_string"}}],"inLanguage":"fr-FR"}]}},"taxonomy_info":[],"featured_image_src_large":false,"author_info":{"display_name":"Julie Fradette","author_link":"https:\/\/www.ubishops.ca\/fr\/author\/jfradett\/"},"comment_info":0,"publishpress_future_action":{"enabled":false,"date":"2026-04-15 13:15:52","action":"change-status","newStatus":"draft","terms":[],"taxonomy":"translation_priority","extraData":[]},"publishpress_future_workflow_manual_trigger":{"enabledWorkflows":[]},"_links":{"self":[{"href":"https:\/\/www.ubishops.ca\/fr\/wp-json\/wp\/v2\/pages\/99753","targetHints":{"allow":["GET"]}}],"collection":[{"href":"https:\/\/www.ubishops.ca\/fr\/wp-json\/wp\/v2\/pages"}],"about":[{"href":"https:\/\/www.ubishops.ca\/fr\/wp-json\/wp\/v2\/types\/page"}],"author":[{"embeddable":true,"href":"https:\/\/www.ubishops.ca\/fr\/wp-json\/wp\/v2\/users\/49"}],"replies":[{"embeddable":true,"href":"https:\/\/www.ubishops.ca\/fr\/wp-json\/wp\/v2\/comments?post=99753"}],"version-history":[{"count":2,"href":"https:\/\/www.ubishops.ca\/fr\/wp-json\/wp\/v2\/pages\/99753\/revisions"}],"predecessor-version":[{"id":128623,"href":"https:\/\/www.ubishops.ca\/fr\/wp-json\/wp\/v2\/pages\/99753\/revisions\/128623"}],"up":[{"embeddable":true,"href":"https:\/\/www.ubishops.ca\/fr\/wp-json\/wp\/v2\/pages\/286"}],"wp:attachment":[{"href":"https:\/\/www.ubishops.ca\/fr\/wp-json\/wp\/v2\/media?parent=99753"}],"curies":[{"name":"wp","href":"https:\/\/api.w.org\/{rel}","templated":true}]}}