{"id":98441,"date":"2023-06-01T09:19:05","date_gmt":"2023-06-01T13:19:05","guid":{"rendered":"https:\/\/www.ubishops.ca\/etudiants-actuels-futurs-etudiants\/fees-and-funding\/"},"modified":"2025-02-21T10:11:52","modified_gmt":"2025-02-21T15:11:52","slug":"questions-financieres","status":"publish","type":"page","link":"https:\/\/www.ubishops.ca\/fr\/futurs-etudiants\/questions-financieres\/","title":{"rendered":"Questions financi\u00e8res"},"content":{"rendered":"\n<p>Nous sommes conscients que le choix d\u2019une universit\u00e9 ne se r\u00e9sume pas qu\u2019\u00e0 l\u2019exp\u00e9rience que vous y vivrez \u2013 la question financi\u00e8re est \u00e9galement importante. C\u2019est pourquoi nous nous effor\u00e7ons de faire tout ce qui est en notre pouvoir pour vous aider \u00e0 g\u00e9rer cet aspect.<\/p>\n\n\n\n<h2 class=\"wp-block-heading\">Droits de scolarit\u00e9 et frais aff\u00e9rents<\/h2>\n\n\n\n<p>Here you can find detailed information on tuition rates and associated fees per course and with estimates per year for Canadian and International students.<\/p>\n\n\n\n<p><a href=\"https:\/\/www.ubishops.ca\/fr\/futurs-etudiants\/questions-financieres\/droits-de-scolarite-et-frais-afferents\/\">Droits de scolarit\u00e9 et frais aff\u00e9rents<\/a>.<\/p>\n\n\n\n<h2 class=\"wp-block-heading\">Bourses, prix et concours<\/h2>\n\n\n\n<p>Gr\u00e2ce au soutien g\u00e9n\u00e9reux des \u00e9tudiants, des anciens, du corps professoral, de fondations, d\u2019entreprises et de donateurs priv\u00e9s, chaque ann\u00e9e, environ 62&nbsp;% de la population \u00e9tudiante re\u00e7oit une forme d\u2019aide financi\u00e8re de l\u2019ordre de 500&nbsp;$ \u00e0 20\u2009000&nbsp;$.<\/p>\n\n\n\n<p>Nous invitons tous les \u00e9tudiants \u00e0 <a href=\"https:\/\/www.ubishops.ca\/fr\/futurs-etudiants\/questions-financieres\/concours-de-bourses-prix-et-autres-bourses\/\">jeter un coup d\u2019\u0153il aux types d\u2019aide qui s\u2019offrent \u00e0 eux et \u00e0 pr\u00e9senter une demande<\/a>.<\/p>\n\n\n\n<h2 class=\"wp-block-heading\">Aide financi\u00e8re<\/h2>\n\n\n\n<p>Outre nos bourses, nous invitons nos \u00e9tudiants \u00e0 explorer les programmes de bourses externes, les programmes d\u2019aide financi\u00e8re gouvernementale dans votre province de r\u00e9sidence au Canada ou les possibilit\u00e9s de pr\u00eats \u00e9tudiants ou de marges de cr\u00e9dit par l\u2019entremise de banques.<\/p>\n\n\n\n<p><a href=\"https:\/\/www.ubishops.ca\/fr\/futurs-etudiants\/questions-financieres\/aide-financiere\/\">Information sur les autres sources de financement<\/a>.<\/p>\n\n\n\n<h2 class=\"wp-block-heading\">Nous joindre<\/h2>\n\n\n\n<p>Si vous avez des questions ou des pr\u00e9occupations concernant vos finances avec Bishop&rsquo;s, n&rsquo;h\u00e9sitez pas \u00e0 nous contacter.<\/p>\n\n\n\n<p><strong class=\"\">Comptes \u00e9tudiants et aide financi\u00e8re<\/strong><br>Bureau : Mountain House \u2013 2\u00e8me \u00e9tage<br>T\u00e9l\u00e9phone : 819 822-9600 poste 2655<br>Courriel : <a href=\"&#109;&#97;&#x69;&#x6c;&#116;&#111;&#x3a;&#x73;&#116;&#117;&#x64;&#x65;&#110;&#116;&#x61;&#x63;&#99;&#111;&#x75;&#x6e;&#116;&#115;&#x40;&#x75;&#98;&#105;&#x73;&#x68;&#111;&#112;&#x73;&#x2e;&#99;&#97;\">&#x73;&#x74;&#x75;&#x64;&#x65;&#x6e;&#116;&#97;&#99;&#99;ount&#x73;&#x40;&#x75;&#x62;&#x69;&#x73;&#104;&#111;&#112;&#115;&#46;ca<\/a><\/p>\n","protected":false},"excerpt":{"rendered":"<p>Nous sommes conscients que le choix d\u2019une universit\u00e9 ne se r\u00e9sume pas qu\u2019\u00e0 l\u2019exp\u00e9rience que vous y vivrez \u2013 la question financi\u00e8re est \u00e9galement importante. C\u2019est pourquoi nous nous effor\u00e7ons de faire tout ce qui est en notre pouvoir pour vous aider \u00e0 g\u00e9rer cet aspect. Droits de scolarit\u00e9 et frais aff\u00e9rents Here you can&#8230;<\/p>\n","protected":false},"author":49,"featured_media":0,"parent":108799,"menu_order":41,"comment_status":"closed","ping_status":"closed","template":"","meta":{"_acf_changed":false,"_cbd_carousel_blocks":"[]","_kad_blocks_custom_css":"","_kad_blocks_head_custom_js":"","_kad_blocks_body_custom_js":"","_kad_blocks_footer_custom_js":"","_kad_post_transparent":"","_kad_post_title":"","_kad_post_layout":"","_kad_post_sidebar_id":"","_kad_post_content_style":"","_kad_post_vertical_padding":"","_kad_post_feature":"","_kad_post_feature_position":"","_kad_post_header":false,"_kad_post_footer":false,"_kad_post_classname":"","footnotes":""},"class_list":["post-98441","page","type-page","status-publish","hentry"],"acf":[],"yoast_head":"<!-- This site is optimized with the Yoast SEO plugin v27.2 - https:\/\/yoast.com\/product\/yoast-seo-wordpress\/ -->\n<title>Questions financi\u00e8res - Bishop&#039;s University<\/title>\n<meta name=\"robots\" content=\"index, follow, max-snippet:-1, max-image-preview:large, max-video-preview:-1\" \/>\n<link rel=\"canonical\" href=\"https:\/\/www.ubishops.ca\/fr\/futurs-etudiants\/questions-financieres\/\" \/>\n<meta property=\"og:locale\" content=\"fr_FR\" \/>\n<meta property=\"og:type\" content=\"article\" \/>\n<meta property=\"og:title\" content=\"Questions financi\u00e8res - Bishop&#039;s University\" \/>\n<meta property=\"og:description\" content=\"Nous sommes conscients que le choix d\u2019une universit\u00e9 ne se r\u00e9sume pas qu\u2019\u00e0 l\u2019exp\u00e9rience que vous y vivrez \u2013 la question financi\u00e8re est \u00e9galement importante. C\u2019est pourquoi nous nous effor\u00e7ons de faire tout ce qui est en notre pouvoir pour vous aider \u00e0 g\u00e9rer cet aspect. Droits de scolarit\u00e9 et frais aff\u00e9rents Here you can...\" \/>\n<meta property=\"og:url\" content=\"https:\/\/www.ubishops.ca\/fr\/futurs-etudiants\/questions-financieres\/\" \/>\n<meta property=\"og:site_name\" content=\"Bishop&#039;s University\" \/>\n<meta property=\"article:publisher\" content=\"https:\/\/www.facebook.com\/ubishops\" \/>\n<meta property=\"article:modified_time\" content=\"2025-02-21T15:11:52+00:00\" \/>\n<meta name=\"twitter:card\" content=\"summary_large_image\" \/>\n<meta name=\"twitter:site\" content=\"@ubishops\" \/>\n<meta name=\"twitter:label1\" content=\"Dur\u00e9e de lecture estim\u00e9e\" \/>\n\t<meta name=\"twitter:data1\" content=\"1 minute\" \/>\n<script type=\"application\/ld+json\" class=\"yoast-schema-graph\">{\"@context\":\"https:\/\/schema.org\",\"@graph\":[{\"@type\":\"WebPage\",\"@id\":\"https:\/\/www.ubishops.ca\/fr\/futurs-etudiants\/questions-financieres\/\",\"url\":\"https:\/\/www.ubishops.ca\/fr\/futurs-etudiants\/questions-financieres\/\",\"name\":\"Questions financi\u00e8res - Bishop&#039;s University\",\"isPartOf\":{\"@id\":\"https:\/\/www.ubishops.ca\/#website\"},\"datePublished\":\"2023-06-01T13:19:05+00:00\",\"dateModified\":\"2025-02-21T15:11:52+00:00\",\"breadcrumb\":{\"@id\":\"https:\/\/www.ubishops.ca\/fr\/futurs-etudiants\/questions-financieres\/#breadcrumb\"},\"inLanguage\":\"fr-FR\",\"potentialAction\":[{\"@type\":\"ReadAction\",\"target\":[\"https:\/\/www.ubishops.ca\/fr\/futurs-etudiants\/questions-financieres\/\"]}]},{\"@type\":\"BreadcrumbList\",\"@id\":\"https:\/\/www.ubishops.ca\/fr\/futurs-etudiants\/questions-financieres\/#breadcrumb\",\"itemListElement\":[{\"@type\":\"ListItem\",\"position\":1,\"name\":\"Accueil\",\"item\":\"https:\/\/www.ubishops.ca\/fr\/\"},{\"@type\":\"ListItem\",\"position\":2,\"name\":\"Futurs \u00e9tudiants\",\"item\":\"https:\/\/www.ubishops.ca\/fr\/futurs-etudiants\/\"},{\"@type\":\"ListItem\",\"position\":3,\"name\":\"Questions financi\u00e8res\"}]},{\"@type\":\"WebSite\",\"@id\":\"https:\/\/www.ubishops.ca\/#website\",\"url\":\"https:\/\/www.ubishops.ca\/\",\"name\":\"Bishop&#039;s University\",\"description\":\"\",\"potentialAction\":[{\"@type\":\"SearchAction\",\"target\":{\"@type\":\"EntryPoint\",\"urlTemplate\":\"https:\/\/www.ubishops.ca\/?s={search_term_string}\"},\"query-input\":{\"@type\":\"PropertyValueSpecification\",\"valueRequired\":true,\"valueName\":\"search_term_string\"}}],\"inLanguage\":\"fr-FR\"}]}<\/script>\n<!-- \/ Yoast SEO plugin. -->","yoast_head_json":{"title":"Questions financi\u00e8res - Bishop&#039;s University","robots":{"index":"index","follow":"follow","max-snippet":"max-snippet:-1","max-image-preview":"max-image-preview:large","max-video-preview":"max-video-preview:-1"},"canonical":"https:\/\/www.ubishops.ca\/fr\/futurs-etudiants\/questions-financieres\/","og_locale":"fr_FR","og_type":"article","og_title":"Questions financi\u00e8res - Bishop&#039;s University","og_description":"Nous sommes conscients que le choix d\u2019une universit\u00e9 ne se r\u00e9sume pas qu\u2019\u00e0 l\u2019exp\u00e9rience que vous y vivrez \u2013 la question financi\u00e8re est \u00e9galement importante. C\u2019est pourquoi nous nous effor\u00e7ons de faire tout ce qui est en notre pouvoir pour vous aider \u00e0 g\u00e9rer cet aspect. Droits de scolarit\u00e9 et frais aff\u00e9rents Here you can...","og_url":"https:\/\/www.ubishops.ca\/fr\/futurs-etudiants\/questions-financieres\/","og_site_name":"Bishop&#039;s University","article_publisher":"https:\/\/www.facebook.com\/ubishops","article_modified_time":"2025-02-21T15:11:52+00:00","twitter_card":"summary_large_image","twitter_site":"@ubishops","twitter_misc":{"Dur\u00e9e de lecture estim\u00e9e":"1 minute"},"schema":{"@context":"https:\/\/schema.org","@graph":[{"@type":"WebPage","@id":"https:\/\/www.ubishops.ca\/fr\/futurs-etudiants\/questions-financieres\/","url":"https:\/\/www.ubishops.ca\/fr\/futurs-etudiants\/questions-financieres\/","name":"Questions financi\u00e8res - Bishop&#039;s University","isPartOf":{"@id":"https:\/\/www.ubishops.ca\/#website"},"datePublished":"2023-06-01T13:19:05+00:00","dateModified":"2025-02-21T15:11:52+00:00","breadcrumb":{"@id":"https:\/\/www.ubishops.ca\/fr\/futurs-etudiants\/questions-financieres\/#breadcrumb"},"inLanguage":"fr-FR","potentialAction":[{"@type":"ReadAction","target":["https:\/\/www.ubishops.ca\/fr\/futurs-etudiants\/questions-financieres\/"]}]},{"@type":"BreadcrumbList","@id":"https:\/\/www.ubishops.ca\/fr\/futurs-etudiants\/questions-financieres\/#breadcrumb","itemListElement":[{"@type":"ListItem","position":1,"name":"Accueil","item":"https:\/\/www.ubishops.ca\/fr\/"},{"@type":"ListItem","position":2,"name":"Futurs \u00e9tudiants","item":"https:\/\/www.ubishops.ca\/fr\/futurs-etudiants\/"},{"@type":"ListItem","position":3,"name":"Questions financi\u00e8res"}]},{"@type":"WebSite","@id":"https:\/\/www.ubishops.ca\/#website","url":"https:\/\/www.ubishops.ca\/","name":"Bishop&#039;s University","description":"","potentialAction":[{"@type":"SearchAction","target":{"@type":"EntryPoint","urlTemplate":"https:\/\/www.ubishops.ca\/?s={search_term_string}"},"query-input":{"@type":"PropertyValueSpecification","valueRequired":true,"valueName":"search_term_string"}}],"inLanguage":"fr-FR"}]}},"taxonomy_info":[],"featured_image_src_large":false,"author_info":{"display_name":"Julie Fradette","author_link":"https:\/\/www.ubishops.ca\/fr\/author\/jfradett\/"},"comment_info":0,"publishpress_future_action":{"enabled":false,"date":"2026-04-15 13:20:35","action":"change-status","newStatus":"draft","terms":[],"taxonomy":"translation_priority","extraData":[]},"publishpress_future_workflow_manual_trigger":{"enabledWorkflows":[]},"_links":{"self":[{"href":"https:\/\/www.ubishops.ca\/fr\/wp-json\/wp\/v2\/pages\/98441","targetHints":{"allow":["GET"]}}],"collection":[{"href":"https:\/\/www.ubishops.ca\/fr\/wp-json\/wp\/v2\/pages"}],"about":[{"href":"https:\/\/www.ubishops.ca\/fr\/wp-json\/wp\/v2\/types\/page"}],"author":[{"embeddable":true,"href":"https:\/\/www.ubishops.ca\/fr\/wp-json\/wp\/v2\/users\/49"}],"replies":[{"embeddable":true,"href":"https:\/\/www.ubishops.ca\/fr\/wp-json\/wp\/v2\/comments?post=98441"}],"version-history":[{"count":1,"href":"https:\/\/www.ubishops.ca\/fr\/wp-json\/wp\/v2\/pages\/98441\/revisions"}],"predecessor-version":[{"id":121282,"href":"https:\/\/www.ubishops.ca\/fr\/wp-json\/wp\/v2\/pages\/98441\/revisions\/121282"}],"up":[{"embeddable":true,"href":"https:\/\/www.ubishops.ca\/fr\/wp-json\/wp\/v2\/pages\/108799"}],"wp:attachment":[{"href":"https:\/\/www.ubishops.ca\/fr\/wp-json\/wp\/v2\/media?parent=98441"}],"curies":[{"name":"wp","href":"https:\/\/api.w.org\/{rel}","templated":true}]}}