{"id":96950,"date":"2023-04-28T14:08:22","date_gmt":"2023-04-28T18:08:22","guid":{"rendered":"https:\/\/www.ubishops.ca\/?page_id=96950"},"modified":"2026-02-12T11:36:13","modified_gmt":"2026-02-12T16:36:13","slug":"collation-des-grades","status":"publish","type":"page","link":"https:\/\/www.ubishops.ca\/fr\/collation-des-grades\/","title":{"rendered":"Obtention des dipl\u00f4mes et collation des grades"},"content":{"rendered":"<style>.wp-block-kadence-advancedheading.kt-adv-heading96950_45f6ca-82, .wp-block-kadence-advancedheading.kt-adv-heading96950_45f6ca-82[data-kb-block=\"kb-adv-heading96950_45f6ca-82\"]{font-style:normal;}.wp-block-kadence-advancedheading.kt-adv-heading96950_45f6ca-82 mark.kt-highlight, .wp-block-kadence-advancedheading.kt-adv-heading96950_45f6ca-82[data-kb-block=\"kb-adv-heading96950_45f6ca-82\"] mark.kt-highlight{font-style:normal;color:#f76a0c;-webkit-box-decoration-break:clone;box-decoration-break:clone;padding-top:0px;padding-right:0px;padding-bottom:0px;padding-left:0px;}.wp-block-kadence-advancedheading.kt-adv-heading96950_45f6ca-82 img.kb-inline-image, .wp-block-kadence-advancedheading.kt-adv-heading96950_45f6ca-82[data-kb-block=\"kb-adv-heading96950_45f6ca-82\"] img.kb-inline-image{width:150px;vertical-align:baseline;}<\/style>\n<h2 class=\"kt-adv-heading96950_45f6ca-82 wp-block-kadence-advancedheading\" data-kb-block=\"kb-adv-heading96950_45f6ca-82\">F\u00e9licitations \u00e0 tous.tes les dipl\u00f4m\u00e9.e.s de 2025 !<\/h2>\n\n\n\n<p>C&rsquo;est ici que vous trouverez toutes les informations importantes concernant l\u2019obtention des dipl\u00f4mes et la collation des grades.<\/p>\n\n\n\n<div class=\"wp-block-media-text is-stacked-on-mobile has-theme-palette-8-background-color has-background\" style=\"padding-top:var(--wp--preset--spacing--60);padding-bottom:var(--wp--preset--spacing--60)\"><figure class=\"wp-block-media-text__media\"><img decoding=\"async\" width=\"850\" height=\"566\" src=\"https:\/\/www.ubishops.ca\/wp-content\/uploads\/graduation_cap_raise-a-toast-850px.jpg\" alt=\"Students celebrating their graduation!\" class=\"wp-image-121202 size-full\" srcset=\"https:\/\/www.ubishops.ca\/wp-content\/uploads\/graduation_cap_raise-a-toast-850px.jpg 850w, https:\/\/www.ubishops.ca\/wp-content\/uploads\/graduation_cap_raise-a-toast-850px-650x433.jpg 650w, https:\/\/www.ubishops.ca\/wp-content\/uploads\/graduation_cap_raise-a-toast-850px-150x100.jpg 150w, https:\/\/www.ubishops.ca\/wp-content\/uploads\/graduation_cap_raise-a-toast-850px-768x511.jpg 768w\" sizes=\"(max-width: 850px) 100vw, 850px\" \/><\/figure><div class=\"wp-block-media-text__content\">\n<h3 class=\"wp-block-heading\">Obtention des dipl\u00f4mes<\/h3>\n\n\n\n<p>Apprenez comment faire une demande d&rsquo;obtention de dipl\u00f4me et les diff\u00e9rentes \u00e9tapes du processus.<\/p>\n\n\n<style>.wp-block-kadence-advancedbtn.kb-btns96950_f0866c-24{gap:var(--global-kb-gap-xs, 0.5rem );justify-content:flex-start;align-items:center;}.kt-btns96950_f0866c-24 .kt-button{font-weight:normal;font-style:normal;}.kt-btns96950_f0866c-24 .kt-btn-wrap-0{margin-right:5px;}.wp-block-kadence-advancedbtn.kt-btns96950_f0866c-24 .kt-btn-wrap-0 .kt-button{color:#555555;border-color:#555555;}.wp-block-kadence-advancedbtn.kt-btns96950_f0866c-24 .kt-btn-wrap-0 .kt-button:hover, .wp-block-kadence-advancedbtn.kt-btns96950_f0866c-24 .kt-btn-wrap-0 .kt-button:focus{color:#ffffff;border-color:#444444;}.wp-block-kadence-advancedbtn.kt-btns96950_f0866c-24 .kt-btn-wrap-0 .kt-button::before{display:none;}.wp-block-kadence-advancedbtn.kt-btns96950_f0866c-24 .kt-btn-wrap-0 .kt-button:hover, .wp-block-kadence-advancedbtn.kt-btns96950_f0866c-24 .kt-btn-wrap-0 .kt-button:focus{background:#444444;}<\/style>\n<div class=\"wp-block-kadence-advancedbtn kb-buttons-wrap kb-btns96950_f0866c-24\"><style>ul.menu .wp-block-kadence-advancedbtn .kb-btn96950_cfa0a9-a8.kb-button{width:initial;}.wp-block-kadence-advancedbtn .kb-btn96950_cfa0a9-a8.kb-button{border-top-left-radius:0px;border-top-right-radius:0px;border-bottom-right-radius:0px;border-bottom-left-radius:0px;padding-top:var(--global-kb-spacing-xs, 1rem);padding-right:var(--global-kb-spacing-xxs, 0.5rem);padding-bottom:var(--global-kb-spacing-xs, 1rem);padding-left:var(--global-kb-spacing-xs, 1rem);}<\/style><a class=\"kb-button kt-button button kb-btn96950_cfa0a9-a8 kt-btn-size-small kt-btn-width-type-auto kb-btn-global-fill  kt-btn-has-text-true kt-btn-has-svg-true  wp-block-kadence-singlebtn\" href=\"https:\/\/www.ubishops.ca\/fr\/collation-des-grades\/processus-de-graduation\/\"><span class=\"kt-btn-inner-text\">Processus d&rsquo;obtention de dipl\u00f4me<\/span><span class=\"kb-svg-icon-wrap kb-svg-icon-fe_chevronRight kt-btn-icon-side-right\"><svg viewBox=\"0 0 24 24\"  fill=\"none\" stroke=\"currentColor\" stroke-width=\"2\" stroke-linecap=\"round\" stroke-linejoin=\"round\" xmlns=\"http:\/\/www.w3.org\/2000\/svg\"  aria-hidden=\"true\"><polyline points=\"9 18 15 12 9 6\"\/><\/svg><\/span><\/a><\/div>\n<\/div><\/div>\n\n\n\n<div class=\"wp-block-media-text has-media-on-the-right is-stacked-on-mobile\" style=\"padding-top:var(--wp--preset--spacing--60);padding-bottom:var(--wp--preset--spacing--60)\"><div class=\"wp-block-media-text__content\">\n<h3 class=\"wp-block-heading\">Collation des grades<\/h3>\n\n\n\n<p>\u00c0 Bishop&rsquo;s, la c\u00e9r\u00e9monie de collation des grades a lieu chaque ann\u00e9e au d\u00e9but du mois de juin et se compose d\u2019une c\u00e9r\u00e9monie du matin et d\u2019une c\u00e9r\u00e9monie d&rsquo;apr\u00e8s-midi.<\/p>\n\n\n<style>.wp-block-kadence-advancedbtn.kb-btns96950_c14060-53{gap:var(--global-kb-gap-xs, 0.5rem );justify-content:flex-start;align-items:center;}.kt-btns96950_c14060-53 .kt-button{font-weight:normal;font-style:normal;}.kt-btns96950_c14060-53 .kt-btn-wrap-0{margin-right:5px;}.wp-block-kadence-advancedbtn.kt-btns96950_c14060-53 .kt-btn-wrap-0 .kt-button{color:#555555;border-color:#555555;}.wp-block-kadence-advancedbtn.kt-btns96950_c14060-53 .kt-btn-wrap-0 .kt-button:hover, .wp-block-kadence-advancedbtn.kt-btns96950_c14060-53 .kt-btn-wrap-0 .kt-button:focus{color:#ffffff;border-color:#444444;}.wp-block-kadence-advancedbtn.kt-btns96950_c14060-53 .kt-btn-wrap-0 .kt-button::before{display:none;}.wp-block-kadence-advancedbtn.kt-btns96950_c14060-53 .kt-btn-wrap-0 .kt-button:hover, .wp-block-kadence-advancedbtn.kt-btns96950_c14060-53 .kt-btn-wrap-0 .kt-button:focus{background:#444444;}<\/style>\n<div class=\"wp-block-kadence-advancedbtn kb-buttons-wrap kb-btns96950_c14060-53\"><style>ul.menu .wp-block-kadence-advancedbtn .kb-btn96950_89f95a-f4.kb-button{width:initial;}.wp-block-kadence-advancedbtn .kb-btn96950_89f95a-f4.kb-button{border-top-left-radius:0px;border-top-right-radius:0px;border-bottom-right-radius:0px;border-bottom-left-radius:0px;padding-top:var(--global-kb-spacing-xs, 1rem);padding-right:var(--global-kb-spacing-xxs, 0.5rem);padding-bottom:var(--global-kb-spacing-xs, 1rem);padding-left:var(--global-kb-spacing-xs, 1rem);}<\/style><a class=\"kb-button kt-button button kb-btn96950_89f95a-f4 kt-btn-size-small kt-btn-width-type-auto kb-btn-global-fill  kt-btn-has-text-true kt-btn-has-svg-true  wp-block-kadence-singlebtn\" href=\"https:\/\/www.ubishops.ca\/fr\/collation-des-grades\/horaires-ceremonie\/\"><span class=\"kt-btn-inner-text\">Horaire de la c\u00e9r\u00e9monie<\/span><span class=\"kb-svg-icon-wrap kb-svg-icon-fe_chevronRight kt-btn-icon-side-right\"><svg viewBox=\"0 0 24 24\"  fill=\"none\" stroke=\"currentColor\" stroke-width=\"2\" stroke-linecap=\"round\" stroke-linejoin=\"round\" xmlns=\"http:\/\/www.w3.org\/2000\/svg\"  aria-hidden=\"true\"><polyline points=\"9 18 15 12 9 6\"\/><\/svg><\/span><\/a><\/div>\n<\/div><figure class=\"wp-block-media-text__media\"><img decoding=\"async\" width=\"850\" height=\"566\" src=\"https:\/\/www.ubishops.ca\/wp-content\/uploads\/graduation_ceremony_crowd-850px.jpg\" alt=\"Photo of the crowd during the 2024 Convocation\" class=\"wp-image-121204 size-full\" srcset=\"https:\/\/www.ubishops.ca\/wp-content\/uploads\/graduation_ceremony_crowd-850px.jpg 850w, https:\/\/www.ubishops.ca\/wp-content\/uploads\/graduation_ceremony_crowd-850px-650x433.jpg 650w, https:\/\/www.ubishops.ca\/wp-content\/uploads\/graduation_ceremony_crowd-850px-150x100.jpg 150w, https:\/\/www.ubishops.ca\/wp-content\/uploads\/graduation_ceremony_crowd-850px-768x511.jpg 768w\" sizes=\"(max-width: 850px) 100vw, 850px\" \/><\/figure><\/div>\n\n\n\n<div class=\"wp-block-media-text is-stacked-on-mobile has-theme-palette-8-background-color has-background\" style=\"padding-top:var(--wp--preset--spacing--60);padding-bottom:var(--wp--preset--spacing--60)\"><figure class=\"wp-block-media-text__media\"><img decoding=\"async\" width=\"850\" height=\"567\" src=\"https:\/\/www.ubishops.ca\/wp-content\/uploads\/Indigenous-Ceremony-2024.jpg\" alt=\"One of our Indigenous student at the 2024 Convocation\" class=\"wp-image-121197 size-full\" srcset=\"https:\/\/www.ubishops.ca\/wp-content\/uploads\/Indigenous-Ceremony-2024.jpg 850w, https:\/\/www.ubishops.ca\/wp-content\/uploads\/Indigenous-Ceremony-2024-650x434.jpg 650w, https:\/\/www.ubishops.ca\/wp-content\/uploads\/Indigenous-Ceremony-2024-150x100.jpg 150w, https:\/\/www.ubishops.ca\/wp-content\/uploads\/Indigenous-Ceremony-2024-768x512.jpg 768w\" sizes=\"(max-width: 850px) 100vw, 850px\" \/><\/figure><div class=\"wp-block-media-text__content\">\n<h3 class=\"wp-block-heading\">C\u00e9r\u00e9monie autochtone<\/h3>\n\n\n\n<p>Bishop&rsquo;s est fier d\u2019animer la C\u00e9r\u00e9monie autochtone pour tous.tes ses \u00e9tudiant.e.s autochtones et invite tout le monde \u00e0 s&rsquo;y joindre.<\/p>\n\n\n\n<p>Pour en savoir plus sur la c\u00e9r\u00e9monie, <a href=\"https:\/\/www.ubishops.ca\/fr\/services-aux-etudiants\/centre-de-soutien-aux-etudiants-autochtones\/\">voir le site web Centre de soutien aux \u00e9tudiants autochtones<\/a>.<\/p>\n<\/div><\/div>\n\n\n\n<div class=\"wp-block-media-text has-media-on-the-right is-stacked-on-mobile\" style=\"padding-top:var(--wp--preset--spacing--60);padding-bottom:var(--wp--preset--spacing--60)\"><div class=\"wp-block-media-text__content\">\n<h3 class=\"wp-block-heading\">Distinctions, prix et r\u00e9compenses<\/h3>\n\n\n\n<p>Certaines distinctions et certains prix sp\u00e9ciaux sont d\u00e9cern\u00e9s lors de la c\u00e9r\u00e9monie de collation des grades.<\/p>\n\n\n<style>.wp-block-kadence-advancedbtn.kb-btns96950_dd6a15-a6{gap:var(--global-kb-gap-xs, 0.5rem );justify-content:flex-start;align-items:center;}.kt-btns96950_dd6a15-a6 .kt-button{font-weight:normal;font-style:normal;}.kt-btns96950_dd6a15-a6 .kt-btn-wrap-0{margin-right:5px;}.wp-block-kadence-advancedbtn.kt-btns96950_dd6a15-a6 .kt-btn-wrap-0 .kt-button{color:#555555;border-color:#555555;}.wp-block-kadence-advancedbtn.kt-btns96950_dd6a15-a6 .kt-btn-wrap-0 .kt-button:hover, .wp-block-kadence-advancedbtn.kt-btns96950_dd6a15-a6 .kt-btn-wrap-0 .kt-button:focus{color:#ffffff;border-color:#444444;}.wp-block-kadence-advancedbtn.kt-btns96950_dd6a15-a6 .kt-btn-wrap-0 .kt-button::before{display:none;}.wp-block-kadence-advancedbtn.kt-btns96950_dd6a15-a6 .kt-btn-wrap-0 .kt-button:hover, .wp-block-kadence-advancedbtn.kt-btns96950_dd6a15-a6 .kt-btn-wrap-0 .kt-button:focus{background:#444444;}<\/style>\n<div class=\"wp-block-kadence-advancedbtn kb-buttons-wrap kb-btns96950_dd6a15-a6\"><style>ul.menu .wp-block-kadence-advancedbtn .kb-btn96950_8b985c-2c.kb-button{width:initial;}.wp-block-kadence-advancedbtn .kb-btn96950_8b985c-2c.kb-button{border-top-left-radius:0px;border-top-right-radius:0px;border-bottom-right-radius:0px;border-bottom-left-radius:0px;padding-top:var(--global-kb-spacing-xs, 1rem);padding-right:var(--global-kb-spacing-xxs, 0.5rem);padding-bottom:var(--global-kb-spacing-xs, 1rem);padding-left:var(--global-kb-spacing-xs, 1rem);}<\/style><a class=\"kb-button kt-button button kb-btn96950_8b985c-2c kt-btn-size-small kt-btn-width-type-auto kb-btn-global-fill  kt-btn-has-text-true kt-btn-has-svg-true  wp-block-kadence-singlebtn\" href=\"https:\/\/www.ubishops.ca\/fr\/collation-des-grades\/distinctions-awards-and-prizes\/\"><span class=\"kt-btn-inner-text\">Distinctions, prix et r\u00e9compenses information<\/span><span class=\"kb-svg-icon-wrap kb-svg-icon-fe_chevronRight kt-btn-icon-side-right\"><svg viewBox=\"0 0 24 24\"  fill=\"none\" stroke=\"currentColor\" stroke-width=\"2\" stroke-linecap=\"round\" stroke-linejoin=\"round\" xmlns=\"http:\/\/www.w3.org\/2000\/svg\"  aria-hidden=\"true\"><polyline points=\"9 18 15 12 9 6\"\/><\/svg><\/span><\/a><\/div>\n<\/div><figure class=\"wp-block-media-text__media\"><img decoding=\"async\" width=\"850\" height=\"566\" src=\"https:\/\/www.ubishops.ca\/wp-content\/uploads\/graduation_diploma-850px.jpg\" alt=\"A student holding his diploma.\" class=\"wp-image-121199 size-full\" srcset=\"https:\/\/www.ubishops.ca\/wp-content\/uploads\/graduation_diploma-850px.jpg 850w, https:\/\/www.ubishops.ca\/wp-content\/uploads\/graduation_diploma-850px-650x433.jpg 650w, https:\/\/www.ubishops.ca\/wp-content\/uploads\/graduation_diploma-850px-150x100.jpg 150w, https:\/\/www.ubishops.ca\/wp-content\/uploads\/graduation_diploma-850px-768x511.jpg 768w\" sizes=\"(max-width: 850px) 100vw, 850px\" \/><\/figure><\/div>\n","protected":false},"excerpt":{"rendered":"<p>F\u00e9licitations \u00e0 tous.tes les dipl\u00f4m\u00e9.e.s de 2025 ! C&rsquo;est ici que vous trouverez toutes les informations importantes concernant l\u2019obtention des dipl\u00f4mes et la collation des grades. C\u00e9r\u00e9monie autochtone Bishop&rsquo;s est fier d\u2019animer la C\u00e9r\u00e9monie autochtone pour tous.tes ses \u00e9tudiant.e.s autochtones et invite tout le monde \u00e0 s&rsquo;y joindre. Pour en savoir plus sur la c\u00e9r\u00e9monie,&#8230;<\/p>\n","protected":false},"author":49,"featured_media":0,"parent":0,"menu_order":304,"comment_status":"closed","ping_status":"closed","template":"","meta":{"_acf_changed":false,"_cbd_carousel_blocks":"[]","_kad_blocks_custom_css":"","_kad_blocks_head_custom_js":"","_kad_blocks_body_custom_js":"","_kad_blocks_footer_custom_js":"","_kad_post_transparent":"","_kad_post_title":"","_kad_post_layout":"","_kad_post_sidebar_id":"","_kad_post_content_style":"","_kad_post_vertical_padding":"","_kad_post_feature":"","_kad_post_feature_position":"","_kad_post_header":false,"_kad_post_footer":false,"_kad_post_classname":"","footnotes":""},"class_list":["post-96950","page","type-page","status-publish","hentry"],"acf":[],"yoast_head":"<!-- This site is optimized with the Yoast SEO plugin v27.2 - https:\/\/yoast.com\/product\/yoast-seo-wordpress\/ -->\n<title>Obtention des dipl\u00f4mes et collation des grades - Bishop&#039;s University<\/title>\n<meta name=\"robots\" content=\"index, follow, max-snippet:-1, max-image-preview:large, max-video-preview:-1\" \/>\n<link rel=\"canonical\" href=\"https:\/\/www.ubishops.ca\/fr\/collation-des-grades\/\" \/>\n<meta property=\"og:locale\" content=\"fr_FR\" \/>\n<meta property=\"og:type\" content=\"article\" \/>\n<meta property=\"og:title\" content=\"Obtention des dipl\u00f4mes et collation des grades - Bishop&#039;s University\" \/>\n<meta property=\"og:description\" content=\"F\u00e9licitations \u00e0 tous.tes les dipl\u00f4m\u00e9.e.s de 2025 ! C&rsquo;est ici que vous trouverez toutes les informations importantes concernant l\u2019obtention des dipl\u00f4mes et la collation des grades. C\u00e9r\u00e9monie autochtone Bishop&rsquo;s est fier d\u2019animer la C\u00e9r\u00e9monie autochtone pour tous.tes ses \u00e9tudiant.e.s autochtones et invite tout le monde \u00e0 s&rsquo;y joindre. Pour en savoir plus sur la c\u00e9r\u00e9monie,...\" \/>\n<meta property=\"og:url\" content=\"https:\/\/www.ubishops.ca\/fr\/collation-des-grades\/\" \/>\n<meta property=\"og:site_name\" content=\"Bishop&#039;s University\" \/>\n<meta property=\"article:publisher\" content=\"https:\/\/www.facebook.com\/ubishops\" \/>\n<meta property=\"article:modified_time\" content=\"2026-02-12T16:36:13+00:00\" \/>\n<meta property=\"og:image\" content=\"https:\/\/www.ubishops.ca\/wp-content\/uploads\/graduation_cap_raise-a-toast-850px.jpg\" \/>\n\t<meta property=\"og:image:width\" content=\"850\" \/>\n\t<meta property=\"og:image:height\" content=\"566\" \/>\n\t<meta property=\"og:image:type\" content=\"image\/jpeg\" \/>\n<meta name=\"twitter:card\" content=\"summary_large_image\" \/>\n<meta name=\"twitter:site\" content=\"@ubishops\" \/>\n<meta name=\"twitter:label1\" content=\"Dur\u00e9e de lecture estim\u00e9e\" \/>\n\t<meta name=\"twitter:data1\" content=\"1 minute\" \/>\n<script type=\"application\/ld+json\" class=\"yoast-schema-graph\">{\"@context\":\"https:\/\/schema.org\",\"@graph\":[{\"@type\":\"WebPage\",\"@id\":\"https:\/\/www.ubishops.ca\/fr\/collation-des-grades\/\",\"url\":\"https:\/\/www.ubishops.ca\/fr\/collation-des-grades\/\",\"name\":\"Obtention des dipl\u00f4mes et collation des grades - Bishop&#039;s University\",\"isPartOf\":{\"@id\":\"https:\/\/www.ubishops.ca\/#website\"},\"primaryImageOfPage\":{\"@id\":\"https:\/\/www.ubishops.ca\/fr\/collation-des-grades\/#primaryimage\"},\"image\":{\"@id\":\"https:\/\/www.ubishops.ca\/fr\/collation-des-grades\/#primaryimage\"},\"thumbnailUrl\":\"https:\/\/www.ubishops.ca\/wp-content\/uploads\/graduation_cap_raise-a-toast-850px.jpg\",\"datePublished\":\"2023-04-28T18:08:22+00:00\",\"dateModified\":\"2026-02-12T16:36:13+00:00\",\"breadcrumb\":{\"@id\":\"https:\/\/www.ubishops.ca\/fr\/collation-des-grades\/#breadcrumb\"},\"inLanguage\":\"fr-FR\",\"potentialAction\":[{\"@type\":\"ReadAction\",\"target\":[\"https:\/\/www.ubishops.ca\/fr\/collation-des-grades\/\"]}]},{\"@type\":\"ImageObject\",\"inLanguage\":\"fr-FR\",\"@id\":\"https:\/\/www.ubishops.ca\/fr\/collation-des-grades\/#primaryimage\",\"url\":\"https:\/\/www.ubishops.ca\/wp-content\/uploads\/graduation_cap_raise-a-toast-850px.jpg\",\"contentUrl\":\"https:\/\/www.ubishops.ca\/wp-content\/uploads\/graduation_cap_raise-a-toast-850px.jpg\"},{\"@type\":\"BreadcrumbList\",\"@id\":\"https:\/\/www.ubishops.ca\/fr\/collation-des-grades\/#breadcrumb\",\"itemListElement\":[{\"@type\":\"ListItem\",\"position\":1,\"name\":\"Accueil\",\"item\":\"https:\/\/www.ubishops.ca\/fr\/\"},{\"@type\":\"ListItem\",\"position\":2,\"name\":\"Obtention des dipl\u00f4mes et collation des grades\"}]},{\"@type\":\"WebSite\",\"@id\":\"https:\/\/www.ubishops.ca\/#website\",\"url\":\"https:\/\/www.ubishops.ca\/\",\"name\":\"Bishop&#039;s University\",\"description\":\"\",\"potentialAction\":[{\"@type\":\"SearchAction\",\"target\":{\"@type\":\"EntryPoint\",\"urlTemplate\":\"https:\/\/www.ubishops.ca\/?s={search_term_string}\"},\"query-input\":{\"@type\":\"PropertyValueSpecification\",\"valueRequired\":true,\"valueName\":\"search_term_string\"}}],\"inLanguage\":\"fr-FR\"}]}<\/script>\n<!-- \/ Yoast SEO plugin. -->","yoast_head_json":{"title":"Obtention des dipl\u00f4mes et collation des grades - Bishop&#039;s University","robots":{"index":"index","follow":"follow","max-snippet":"max-snippet:-1","max-image-preview":"max-image-preview:large","max-video-preview":"max-video-preview:-1"},"canonical":"https:\/\/www.ubishops.ca\/fr\/collation-des-grades\/","og_locale":"fr_FR","og_type":"article","og_title":"Obtention des dipl\u00f4mes et collation des grades - Bishop&#039;s University","og_description":"F\u00e9licitations \u00e0 tous.tes les dipl\u00f4m\u00e9.e.s de 2025 ! C&rsquo;est ici que vous trouverez toutes les informations importantes concernant l\u2019obtention des dipl\u00f4mes et la collation des grades. C\u00e9r\u00e9monie autochtone Bishop&rsquo;s est fier d\u2019animer la C\u00e9r\u00e9monie autochtone pour tous.tes ses \u00e9tudiant.e.s autochtones et invite tout le monde \u00e0 s&rsquo;y joindre. Pour en savoir plus sur la c\u00e9r\u00e9monie,...","og_url":"https:\/\/www.ubishops.ca\/fr\/collation-des-grades\/","og_site_name":"Bishop&#039;s University","article_publisher":"https:\/\/www.facebook.com\/ubishops","article_modified_time":"2026-02-12T16:36:13+00:00","og_image":[{"width":850,"height":566,"url":"https:\/\/www.ubishops.ca\/wp-content\/uploads\/graduation_cap_raise-a-toast-850px.jpg","type":"image\/jpeg"}],"twitter_card":"summary_large_image","twitter_site":"@ubishops","twitter_misc":{"Dur\u00e9e de lecture estim\u00e9e":"1 minute"},"schema":{"@context":"https:\/\/schema.org","@graph":[{"@type":"WebPage","@id":"https:\/\/www.ubishops.ca\/fr\/collation-des-grades\/","url":"https:\/\/www.ubishops.ca\/fr\/collation-des-grades\/","name":"Obtention des dipl\u00f4mes et collation des grades - Bishop&#039;s University","isPartOf":{"@id":"https:\/\/www.ubishops.ca\/#website"},"primaryImageOfPage":{"@id":"https:\/\/www.ubishops.ca\/fr\/collation-des-grades\/#primaryimage"},"image":{"@id":"https:\/\/www.ubishops.ca\/fr\/collation-des-grades\/#primaryimage"},"thumbnailUrl":"https:\/\/www.ubishops.ca\/wp-content\/uploads\/graduation_cap_raise-a-toast-850px.jpg","datePublished":"2023-04-28T18:08:22+00:00","dateModified":"2026-02-12T16:36:13+00:00","breadcrumb":{"@id":"https:\/\/www.ubishops.ca\/fr\/collation-des-grades\/#breadcrumb"},"inLanguage":"fr-FR","potentialAction":[{"@type":"ReadAction","target":["https:\/\/www.ubishops.ca\/fr\/collation-des-grades\/"]}]},{"@type":"ImageObject","inLanguage":"fr-FR","@id":"https:\/\/www.ubishops.ca\/fr\/collation-des-grades\/#primaryimage","url":"https:\/\/www.ubishops.ca\/wp-content\/uploads\/graduation_cap_raise-a-toast-850px.jpg","contentUrl":"https:\/\/www.ubishops.ca\/wp-content\/uploads\/graduation_cap_raise-a-toast-850px.jpg"},{"@type":"BreadcrumbList","@id":"https:\/\/www.ubishops.ca\/fr\/collation-des-grades\/#breadcrumb","itemListElement":[{"@type":"ListItem","position":1,"name":"Accueil","item":"https:\/\/www.ubishops.ca\/fr\/"},{"@type":"ListItem","position":2,"name":"Obtention des dipl\u00f4mes et collation des grades"}]},{"@type":"WebSite","@id":"https:\/\/www.ubishops.ca\/#website","url":"https:\/\/www.ubishops.ca\/","name":"Bishop&#039;s University","description":"","potentialAction":[{"@type":"SearchAction","target":{"@type":"EntryPoint","urlTemplate":"https:\/\/www.ubishops.ca\/?s={search_term_string}"},"query-input":{"@type":"PropertyValueSpecification","valueRequired":true,"valueName":"search_term_string"}}],"inLanguage":"fr-FR"}]}},"taxonomy_info":[],"featured_image_src_large":false,"author_info":{"display_name":"Julie Fradette","author_link":"https:\/\/www.ubishops.ca\/fr\/author\/jfradett\/"},"comment_info":0,"publishpress_future_action":{"enabled":false,"date":"2026-04-15 21:46:31","action":"change-status","newStatus":"draft","terms":[],"taxonomy":"translation_priority","extraData":[]},"publishpress_future_workflow_manual_trigger":{"enabledWorkflows":[]},"_links":{"self":[{"href":"https:\/\/www.ubishops.ca\/fr\/wp-json\/wp\/v2\/pages\/96950","targetHints":{"allow":["GET"]}}],"collection":[{"href":"https:\/\/www.ubishops.ca\/fr\/wp-json\/wp\/v2\/pages"}],"about":[{"href":"https:\/\/www.ubishops.ca\/fr\/wp-json\/wp\/v2\/types\/page"}],"author":[{"embeddable":true,"href":"https:\/\/www.ubishops.ca\/fr\/wp-json\/wp\/v2\/users\/49"}],"replies":[{"embeddable":true,"href":"https:\/\/www.ubishops.ca\/fr\/wp-json\/wp\/v2\/comments?post=96950"}],"version-history":[{"count":4,"href":"https:\/\/www.ubishops.ca\/fr\/wp-json\/wp\/v2\/pages\/96950\/revisions"}],"predecessor-version":[{"id":130529,"href":"https:\/\/www.ubishops.ca\/fr\/wp-json\/wp\/v2\/pages\/96950\/revisions\/130529"}],"wp:attachment":[{"href":"https:\/\/www.ubishops.ca\/fr\/wp-json\/wp\/v2\/media?parent=96950"}],"curies":[{"name":"wp","href":"https:\/\/api.w.org\/{rel}","templated":true}]}}