{"id":91153,"date":"2022-10-19T15:40:48","date_gmt":"2022-10-19T19:40:48","guid":{"rendered":"https:\/\/www.ubishops.ca\/?page_id=91153"},"modified":"2024-04-25T09:07:44","modified_gmt":"2024-04-25T13:07:44","slug":"comite-pour-la-prevention-du-harcelement-et-de-la-violence-sexuelle","status":"publish","type":"page","link":"https:\/\/www.ubishops.ca\/fr\/a-propos-de-bu-2\/gouvernance-et-administration\/comite-pour-la-prevention-du-harcelement-et-de-la-violence-sexuelle\/","title":{"rendered":"Comit\u00e9 pour la pr\u00e9vention du harc\u00e8lement et de la violence sexuelle"},"content":{"rendered":"\n<p>Le Comit\u00e9 est form\u00e9 en vertu de la section 8 de la <em>Politique de pr\u00e9vention du harc\u00e8lement<\/em>.<\/p>\n\n\n\n<p>Les membres du comit\u00e9 ci-dessous sont des membres actifs depuis octobre 2022. Le mandat et la composition du <em>Comit\u00e9 pour la pr\u00e9vention du harc\u00e8lement et de la violence sexuelle<\/em> sont actuellement en discussion et seront revus. Les informations seront ajout\u00e9es \u00e0 cette page web une fois finalis\u00e9e.<\/p>\n\n\n\n<p><strong>Un membre de chacun des groupes suivants sera nomm\u00e9 au Comit\u00e9 :<\/strong><\/p>\n\n\n\n<figure class=\"wp-block-table\"><table class=\"has-fixed-layout\"><tbody><tr><td>Conseil du corps professoral<\/td><td>Gregory Brophy (co-pr\u00e9sident)<\/td><\/tr><tr><td>Conseil des repr\u00e9sentant.e.s des \u00e9tudiant.e.s (SRC)<\/td><td>Virginia Rufina Marquez-Pacheco (copr\u00e9sidente)<\/td><\/tr><tr><td>Biblioth\u00e9caires<\/td><td>Kirsten Bradley<\/td><\/tr><tr><td>Conseil des gestionnaires<\/td><td>Carson Brooks<\/td><\/tr><tr><td>Conseil du personnel<\/td><td>Mandy Osborne<\/td><\/tr><tr><td>La vice-principale, Affaires \u00e9tudiantes<\/td><td>Stine Linden-Andersen<\/td><\/tr><tr><td>Le vice-principal associ\u00e9, Ressources humaines, ou un.e d\u00e9l\u00e9gu\u00e9.e<\/td><td>Nick Andrews<\/td><\/tr><tr><td>La secr\u00e9taire g\u00e9n\u00e9rale (int\u00e9rim)<\/td><td>Denise Lauzi\u00e8re<\/td><\/tr><tr><td>La directrice des affaires juridique<\/td><td>Marie-Jos\u00e9e Dufour<\/td><\/tr><tr><td>La directrice associ\u00e9e des initiatives autochtones<\/td><td>Vicky Boldo<\/td><\/tr><tr><td>La conseill\u00e8re sp\u00e9ciale \u2013 EDI<\/td><td>Amy Abe<\/td><\/tr><\/tbody><\/table><\/figure>\n\n\n\n<p>Les membres sont nomm\u00e9s tous les deux (2) ans et peuvent si\u00e9ger pendant un maximum de deux mandats cons\u00e9cutifs.<\/p>\n","protected":false},"excerpt":{"rendered":"<p>Le Comit\u00e9 est form\u00e9 en vertu de la section 8 de la Politique de pr\u00e9vention du harc\u00e8lement. Les membres du comit\u00e9 ci-dessous sont des membres actifs depuis octobre 2022. Le mandat et la composition du Comit\u00e9 pour la pr\u00e9vention du harc\u00e8lement et de la violence sexuelle sont actuellement en discussion et seront revus. Les informations&#8230;<\/p>\n","protected":false},"author":49,"featured_media":0,"parent":10735,"menu_order":156,"comment_status":"closed","ping_status":"closed","template":"templates\/page-width-sidebar.php","meta":{"_acf_changed":false,"_cbd_carousel_blocks":"[]","_kad_blocks_custom_css":"","_kad_blocks_head_custom_js":"","_kad_blocks_body_custom_js":"","_kad_blocks_footer_custom_js":"","_kad_post_transparent":"","_kad_post_title":"","_kad_post_layout":"","_kad_post_sidebar_id":"","_kad_post_content_style":"","_kad_post_vertical_padding":"","_kad_post_feature":"","_kad_post_feature_position":"","_kad_post_header":false,"_kad_post_footer":false,"_kad_post_classname":"","footnotes":""},"class_list":["post-91153","page","type-page","status-publish","hentry"],"acf":[],"yoast_head":"<!-- This site is optimized with the Yoast SEO plugin v27.2 - https:\/\/yoast.com\/product\/yoast-seo-wordpress\/ -->\n<title>Comit\u00e9 pour la pr\u00e9vention du harc\u00e8lement et de la violence sexuelle - Bishop&#039;s University<\/title>\n<meta name=\"robots\" content=\"index, follow, max-snippet:-1, max-image-preview:large, max-video-preview:-1\" \/>\n<link rel=\"canonical\" href=\"https:\/\/www.ubishops.ca\/fr\/a-propos-de-bu-2\/gouvernance-et-administration\/comite-pour-la-prevention-du-harcelement-et-de-la-violence-sexuelle\/\" \/>\n<meta property=\"og:locale\" content=\"fr_FR\" \/>\n<meta property=\"og:type\" content=\"article\" \/>\n<meta property=\"og:title\" content=\"Comit\u00e9 pour la pr\u00e9vention du harc\u00e8lement et de la violence sexuelle - Bishop&#039;s University\" \/>\n<meta property=\"og:description\" content=\"Le Comit\u00e9 est form\u00e9 en vertu de la section 8 de la Politique de pr\u00e9vention du harc\u00e8lement. Les membres du comit\u00e9 ci-dessous sont des membres actifs depuis octobre 2022. Le mandat et la composition du Comit\u00e9 pour la pr\u00e9vention du harc\u00e8lement et de la violence sexuelle sont actuellement en discussion et seront revus. Les informations...\" \/>\n<meta property=\"og:url\" content=\"https:\/\/www.ubishops.ca\/fr\/a-propos-de-bu-2\/gouvernance-et-administration\/comite-pour-la-prevention-du-harcelement-et-de-la-violence-sexuelle\/\" \/>\n<meta property=\"og:site_name\" content=\"Bishop&#039;s University\" \/>\n<meta property=\"article:publisher\" content=\"https:\/\/www.facebook.com\/ubishops\" \/>\n<meta property=\"article:modified_time\" content=\"2024-04-25T13:07:44+00:00\" \/>\n<meta name=\"twitter:card\" content=\"summary_large_image\" \/>\n<meta name=\"twitter:site\" content=\"@ubishops\" \/>\n<meta name=\"twitter:label1\" content=\"Dur\u00e9e de lecture estim\u00e9e\" \/>\n\t<meta name=\"twitter:data1\" content=\"1 minute\" \/>\n<script type=\"application\/ld+json\" class=\"yoast-schema-graph\">{\"@context\":\"https:\/\/schema.org\",\"@graph\":[{\"@type\":\"WebPage\",\"@id\":\"https:\/\/www.ubishops.ca\/fr\/a-propos-de-bu-2\/gouvernance-et-administration\/comite-pour-la-prevention-du-harcelement-et-de-la-violence-sexuelle\/\",\"url\":\"https:\/\/www.ubishops.ca\/fr\/a-propos-de-bu-2\/gouvernance-et-administration\/comite-pour-la-prevention-du-harcelement-et-de-la-violence-sexuelle\/\",\"name\":\"Comit\u00e9 pour la pr\u00e9vention du harc\u00e8lement et de la violence sexuelle - Bishop&#039;s University\",\"isPartOf\":{\"@id\":\"https:\/\/www.ubishops.ca\/#website\"},\"datePublished\":\"2022-10-19T19:40:48+00:00\",\"dateModified\":\"2024-04-25T13:07:44+00:00\",\"breadcrumb\":{\"@id\":\"https:\/\/www.ubishops.ca\/fr\/a-propos-de-bu-2\/gouvernance-et-administration\/comite-pour-la-prevention-du-harcelement-et-de-la-violence-sexuelle\/#breadcrumb\"},\"inLanguage\":\"fr-FR\",\"potentialAction\":[{\"@type\":\"ReadAction\",\"target\":[\"https:\/\/www.ubishops.ca\/fr\/a-propos-de-bu-2\/gouvernance-et-administration\/comite-pour-la-prevention-du-harcelement-et-de-la-violence-sexuelle\/\"]}]},{\"@type\":\"BreadcrumbList\",\"@id\":\"https:\/\/www.ubishops.ca\/fr\/a-propos-de-bu-2\/gouvernance-et-administration\/comite-pour-la-prevention-du-harcelement-et-de-la-violence-sexuelle\/#breadcrumb\",\"itemListElement\":[{\"@type\":\"ListItem\",\"position\":1,\"name\":\"Accueil\",\"item\":\"https:\/\/www.ubishops.ca\/fr\/\"},{\"@type\":\"ListItem\",\"position\":2,\"name\":\"\u00c0 propos de Bishop\u2019s\",\"item\":\"https:\/\/www.ubishops.ca\/fr\/a-propos-de-bu-2\/\"},{\"@type\":\"ListItem\",\"position\":3,\"name\":\"Gouvernance et administration\",\"item\":\"https:\/\/www.ubishops.ca\/fr\/a-propos-de-bu-2\/gouvernance-et-administration\/\"},{\"@type\":\"ListItem\",\"position\":4,\"name\":\"Comit\u00e9 pour la pr\u00e9vention du harc\u00e8lement et de la violence sexuelle\"}]},{\"@type\":\"WebSite\",\"@id\":\"https:\/\/www.ubishops.ca\/#website\",\"url\":\"https:\/\/www.ubishops.ca\/\",\"name\":\"Bishop&#039;s University\",\"description\":\"\",\"potentialAction\":[{\"@type\":\"SearchAction\",\"target\":{\"@type\":\"EntryPoint\",\"urlTemplate\":\"https:\/\/www.ubishops.ca\/?s={search_term_string}\"},\"query-input\":{\"@type\":\"PropertyValueSpecification\",\"valueRequired\":true,\"valueName\":\"search_term_string\"}}],\"inLanguage\":\"fr-FR\"}]}<\/script>\n<!-- \/ Yoast SEO plugin. -->","yoast_head_json":{"title":"Comit\u00e9 pour la pr\u00e9vention du harc\u00e8lement et de la violence sexuelle - Bishop&#039;s University","robots":{"index":"index","follow":"follow","max-snippet":"max-snippet:-1","max-image-preview":"max-image-preview:large","max-video-preview":"max-video-preview:-1"},"canonical":"https:\/\/www.ubishops.ca\/fr\/a-propos-de-bu-2\/gouvernance-et-administration\/comite-pour-la-prevention-du-harcelement-et-de-la-violence-sexuelle\/","og_locale":"fr_FR","og_type":"article","og_title":"Comit\u00e9 pour la pr\u00e9vention du harc\u00e8lement et de la violence sexuelle - Bishop&#039;s University","og_description":"Le Comit\u00e9 est form\u00e9 en vertu de la section 8 de la Politique de pr\u00e9vention du harc\u00e8lement. Les membres du comit\u00e9 ci-dessous sont des membres actifs depuis octobre 2022. Le mandat et la composition du Comit\u00e9 pour la pr\u00e9vention du harc\u00e8lement et de la violence sexuelle sont actuellement en discussion et seront revus. Les informations...","og_url":"https:\/\/www.ubishops.ca\/fr\/a-propos-de-bu-2\/gouvernance-et-administration\/comite-pour-la-prevention-du-harcelement-et-de-la-violence-sexuelle\/","og_site_name":"Bishop&#039;s University","article_publisher":"https:\/\/www.facebook.com\/ubishops","article_modified_time":"2024-04-25T13:07:44+00:00","twitter_card":"summary_large_image","twitter_site":"@ubishops","twitter_misc":{"Dur\u00e9e de lecture estim\u00e9e":"1 minute"},"schema":{"@context":"https:\/\/schema.org","@graph":[{"@type":"WebPage","@id":"https:\/\/www.ubishops.ca\/fr\/a-propos-de-bu-2\/gouvernance-et-administration\/comite-pour-la-prevention-du-harcelement-et-de-la-violence-sexuelle\/","url":"https:\/\/www.ubishops.ca\/fr\/a-propos-de-bu-2\/gouvernance-et-administration\/comite-pour-la-prevention-du-harcelement-et-de-la-violence-sexuelle\/","name":"Comit\u00e9 pour la pr\u00e9vention du harc\u00e8lement et de la violence sexuelle - Bishop&#039;s University","isPartOf":{"@id":"https:\/\/www.ubishops.ca\/#website"},"datePublished":"2022-10-19T19:40:48+00:00","dateModified":"2024-04-25T13:07:44+00:00","breadcrumb":{"@id":"https:\/\/www.ubishops.ca\/fr\/a-propos-de-bu-2\/gouvernance-et-administration\/comite-pour-la-prevention-du-harcelement-et-de-la-violence-sexuelle\/#breadcrumb"},"inLanguage":"fr-FR","potentialAction":[{"@type":"ReadAction","target":["https:\/\/www.ubishops.ca\/fr\/a-propos-de-bu-2\/gouvernance-et-administration\/comite-pour-la-prevention-du-harcelement-et-de-la-violence-sexuelle\/"]}]},{"@type":"BreadcrumbList","@id":"https:\/\/www.ubishops.ca\/fr\/a-propos-de-bu-2\/gouvernance-et-administration\/comite-pour-la-prevention-du-harcelement-et-de-la-violence-sexuelle\/#breadcrumb","itemListElement":[{"@type":"ListItem","position":1,"name":"Accueil","item":"https:\/\/www.ubishops.ca\/fr\/"},{"@type":"ListItem","position":2,"name":"\u00c0 propos de Bishop\u2019s","item":"https:\/\/www.ubishops.ca\/fr\/a-propos-de-bu-2\/"},{"@type":"ListItem","position":3,"name":"Gouvernance et administration","item":"https:\/\/www.ubishops.ca\/fr\/a-propos-de-bu-2\/gouvernance-et-administration\/"},{"@type":"ListItem","position":4,"name":"Comit\u00e9 pour la pr\u00e9vention du harc\u00e8lement et de la violence sexuelle"}]},{"@type":"WebSite","@id":"https:\/\/www.ubishops.ca\/#website","url":"https:\/\/www.ubishops.ca\/","name":"Bishop&#039;s University","description":"","potentialAction":[{"@type":"SearchAction","target":{"@type":"EntryPoint","urlTemplate":"https:\/\/www.ubishops.ca\/?s={search_term_string}"},"query-input":{"@type":"PropertyValueSpecification","valueRequired":true,"valueName":"search_term_string"}}],"inLanguage":"fr-FR"}]}},"taxonomy_info":[],"featured_image_src_large":false,"author_info":{"display_name":"Julie Fradette","author_link":"https:\/\/www.ubishops.ca\/fr\/author\/jfradett\/"},"comment_info":0,"publishpress_future_action":{"enabled":false,"date":"2026-04-17 02:58:06","action":"change-status","newStatus":"draft","terms":[],"taxonomy":"translation_priority","extraData":[]},"publishpress_future_workflow_manual_trigger":{"enabledWorkflows":[]},"_links":{"self":[{"href":"https:\/\/www.ubishops.ca\/fr\/wp-json\/wp\/v2\/pages\/91153","targetHints":{"allow":["GET"]}}],"collection":[{"href":"https:\/\/www.ubishops.ca\/fr\/wp-json\/wp\/v2\/pages"}],"about":[{"href":"https:\/\/www.ubishops.ca\/fr\/wp-json\/wp\/v2\/types\/page"}],"author":[{"embeddable":true,"href":"https:\/\/www.ubishops.ca\/fr\/wp-json\/wp\/v2\/users\/49"}],"replies":[{"embeddable":true,"href":"https:\/\/www.ubishops.ca\/fr\/wp-json\/wp\/v2\/comments?post=91153"}],"version-history":[{"count":0,"href":"https:\/\/www.ubishops.ca\/fr\/wp-json\/wp\/v2\/pages\/91153\/revisions"}],"up":[{"embeddable":true,"href":"https:\/\/www.ubishops.ca\/fr\/wp-json\/wp\/v2\/pages\/10735"}],"wp:attachment":[{"href":"https:\/\/www.ubishops.ca\/fr\/wp-json\/wp\/v2\/media?parent=91153"}],"curies":[{"name":"wp","href":"https:\/\/api.w.org\/{rel}","templated":true}]}}