{"id":81826,"date":"2022-03-02T09:15:04","date_gmt":"2022-03-02T14:15:04","guid":{"rendered":"https:\/\/www.ubishops.ca\/etudiants-actuels-futurs-etudiants\/campus-tours-events\/chat-with-a-student\/"},"modified":"2026-01-27T12:12:24","modified_gmt":"2026-01-27T17:12:24","slug":"chat-with-a-student","status":"publish","type":"page","link":"https:\/\/www.ubishops.ca\/fr\/futurs-etudiants\/campus-tours-events\/chat-with-a-student\/","title":{"rendered":"Discuter avec un \u00e9tudiant"},"content":{"rendered":"\n<p>L&rsquo;une des meilleures fa\u00e7ons d&rsquo;en savoir plus sur l&rsquo;Universit\u00e9 Bishop&rsquo;s est de parler \u00e0 un \u00e9tudiant actuel. Pour discuter avec l&rsquo;un de nos \u00e9tudiants ambassadeurs, il vous suffit de&nbsp;:<\/p>\n\n\n\n<ol class=\"wp-block-list\" type=\"1\"><li>S\u00e9lectionnez un \u00e9tudiant dans la liste ci-dessous<\/li><li>Cr\u00e9ez votre compte et remplissez votre profil<\/li><li>Pr\u00e9sentez-vous et posez une question !<\/li><\/ol>\n\n\n\n<p>Apr\u00e8s avoir cr\u00e9\u00e9 votre compte, vous pouvez modifier vos pr\u00e9f\u00e9rences de contact sous \u00ab\u00a0Param\u00e8tres\u00a0\u00bb. Cela vous permettra de recevoir des r\u00e9ponses par e-mail, SMS ou WhatsApp. Veuillez noter que nos ambassadeurs r\u00e9pondent g\u00e9n\u00e9ralement dans les 24 \u00e0 72 heures.<\/p>\n\n\n\n<p>Nous avons de nombreux \u00e9tudiants ambassadeurs de premier cycle avec lesquels vous pouvez entrer en contact. Utilisez le menu d\u00e9roulant \u00ab&nbsp;Domaine d&rsquo;\u00e9tudes&nbsp;\u00bb pour trouver des \u00e9tudiants dans un programme qui vous int\u00e9resse&nbsp;!<\/p>\n\n\n\n<iframe data-ub-cookie-consent=\"necessary\" data-ub-lang=\"fr-FR\" id=\"unibuddy-iframe\" scrolling=\"no\" src=https:\/\/unibuddy.co\/embed\/bishop-s-university\/colour\/582C83 title=\"Unibuddy\" width=\"100%\">\n<\/iframe>\n<script src=https:\/\/cdn.unibuddy.co\/unibuddy-iframe.js type=\"text\/javascript\">\n<\/script>\n","protected":false},"excerpt":{"rendered":"<p>L&rsquo;une des meilleures fa\u00e7ons d&rsquo;en savoir plus sur l&rsquo;Universit\u00e9 Bishop&rsquo;s est de parler \u00e0 un \u00e9tudiant actuel. Pour discuter avec l&rsquo;un de nos \u00e9tudiants ambassadeurs, il vous suffit de&nbsp;: S\u00e9lectionnez un \u00e9tudiant dans la liste ci-dessous Cr\u00e9ez votre compte et remplissez votre profil Pr\u00e9sentez-vous et posez une question ! Apr\u00e8s avoir cr\u00e9\u00e9 votre compte, vous&#8230;<\/p>\n","protected":false},"author":49,"featured_media":130146,"parent":78581,"menu_order":114,"comment_status":"closed","ping_status":"closed","template":"","meta":{"_acf_changed":false,"_cbd_carousel_blocks":"[]","_kad_blocks_custom_css":"","_kad_blocks_head_custom_js":"","_kad_blocks_body_custom_js":"","_kad_blocks_footer_custom_js":"","_kad_post_transparent":"","_kad_post_title":"","_kad_post_layout":"","_kad_post_sidebar_id":"","_kad_post_content_style":"","_kad_post_vertical_padding":"","_kad_post_feature":"","_kad_post_feature_position":"","_kad_post_header":false,"_kad_post_footer":false,"_kad_post_classname":"","footnotes":""},"class_list":["post-81826","page","type-page","status-publish","has-post-thumbnail","hentry"],"acf":[],"yoast_head":"<!-- This site is optimized with the Yoast SEO plugin v27.2 - https:\/\/yoast.com\/product\/yoast-seo-wordpress\/ -->\n<title>Discuter avec un \u00e9tudiant - Bishop&#039;s University<\/title>\n<meta name=\"robots\" content=\"index, follow, max-snippet:-1, max-image-preview:large, max-video-preview:-1\" \/>\n<link rel=\"canonical\" href=\"https:\/\/www.ubishops.ca\/fr\/futurs-etudiants\/campus-tours-events\/chat-with-a-student\/\" \/>\n<meta property=\"og:locale\" content=\"fr_FR\" \/>\n<meta property=\"og:type\" content=\"article\" \/>\n<meta property=\"og:title\" content=\"Discuter avec un \u00e9tudiant - Bishop&#039;s University\" \/>\n<meta property=\"og:description\" content=\"L&rsquo;une des meilleures fa\u00e7ons d&rsquo;en savoir plus sur l&rsquo;Universit\u00e9 Bishop&rsquo;s est de parler \u00e0 un \u00e9tudiant actuel. Pour discuter avec l&rsquo;un de nos \u00e9tudiants ambassadeurs, il vous suffit de&nbsp;: S\u00e9lectionnez un \u00e9tudiant dans la liste ci-dessous Cr\u00e9ez votre compte et remplissez votre profil Pr\u00e9sentez-vous et posez une question ! Apr\u00e8s avoir cr\u00e9\u00e9 votre compte, vous...\" \/>\n<meta property=\"og:url\" content=\"https:\/\/www.ubishops.ca\/fr\/futurs-etudiants\/campus-tours-events\/chat-with-a-student\/\" \/>\n<meta property=\"og:site_name\" content=\"Bishop&#039;s University\" \/>\n<meta property=\"article:publisher\" content=\"https:\/\/www.facebook.com\/ubishops\" \/>\n<meta property=\"article:modified_time\" content=\"2026-01-27T17:12:24+00:00\" \/>\n<meta property=\"og:image\" content=\"https:\/\/www.ubishops.ca\/wp-content\/uploads\/Recruitment_2026resized_final2-1024x350.png\" \/>\n\t<meta property=\"og:image:width\" content=\"1024\" \/>\n\t<meta property=\"og:image:height\" content=\"350\" \/>\n\t<meta property=\"og:image:type\" content=\"image\/png\" \/>\n<meta name=\"twitter:card\" content=\"summary_large_image\" \/>\n<meta name=\"twitter:site\" content=\"@ubishops\" \/>\n<meta name=\"twitter:label1\" content=\"Dur\u00e9e de lecture estim\u00e9e\" \/>\n\t<meta name=\"twitter:data1\" content=\"1 minute\" \/>\n<script type=\"application\/ld+json\" class=\"yoast-schema-graph\">{\"@context\":\"https:\/\/schema.org\",\"@graph\":[{\"@type\":\"WebPage\",\"@id\":\"https:\/\/www.ubishops.ca\/fr\/futurs-etudiants\/campus-tours-events\/chat-with-a-student\/\",\"url\":\"https:\/\/www.ubishops.ca\/fr\/futurs-etudiants\/campus-tours-events\/chat-with-a-student\/\",\"name\":\"Discuter avec un \u00e9tudiant - Bishop&#039;s University\",\"isPartOf\":{\"@id\":\"https:\/\/www.ubishops.ca\/#website\"},\"primaryImageOfPage\":{\"@id\":\"https:\/\/www.ubishops.ca\/fr\/futurs-etudiants\/campus-tours-events\/chat-with-a-student\/#primaryimage\"},\"image\":{\"@id\":\"https:\/\/www.ubishops.ca\/fr\/futurs-etudiants\/campus-tours-events\/chat-with-a-student\/#primaryimage\"},\"thumbnailUrl\":\"https:\/\/www.ubishops.ca\/wp-content\/uploads\/Recruitment_2026resized_final2.png\",\"datePublished\":\"2022-03-02T14:15:04+00:00\",\"dateModified\":\"2026-01-27T17:12:24+00:00\",\"breadcrumb\":{\"@id\":\"https:\/\/www.ubishops.ca\/fr\/futurs-etudiants\/campus-tours-events\/chat-with-a-student\/#breadcrumb\"},\"inLanguage\":\"fr-FR\",\"potentialAction\":[{\"@type\":\"ReadAction\",\"target\":[\"https:\/\/www.ubishops.ca\/fr\/futurs-etudiants\/campus-tours-events\/chat-with-a-student\/\"]}]},{\"@type\":\"ImageObject\",\"inLanguage\":\"fr-FR\",\"@id\":\"https:\/\/www.ubishops.ca\/fr\/futurs-etudiants\/campus-tours-events\/chat-with-a-student\/#primaryimage\",\"url\":\"https:\/\/www.ubishops.ca\/wp-content\/uploads\/Recruitment_2026resized_final2.png\",\"contentUrl\":\"https:\/\/www.ubishops.ca\/wp-content\/uploads\/Recruitment_2026resized_final2.png\",\"width\":1920,\"height\":656},{\"@type\":\"BreadcrumbList\",\"@id\":\"https:\/\/www.ubishops.ca\/fr\/futurs-etudiants\/campus-tours-events\/chat-with-a-student\/#breadcrumb\",\"itemListElement\":[{\"@type\":\"ListItem\",\"position\":1,\"name\":\"Accueil\",\"item\":\"https:\/\/www.ubishops.ca\/fr\/\"},{\"@type\":\"ListItem\",\"position\":2,\"name\":\"Futurs \u00e9tudiants\",\"item\":\"https:\/\/www.ubishops.ca\/fr\/futurs-etudiants\/\"},{\"@type\":\"ListItem\",\"position\":3,\"name\":\"Visites du campus et \u00e9v\u00e9nements\",\"item\":\"https:\/\/www.ubishops.ca\/fr\/futurs-etudiants\/campus-tours-events\/\"},{\"@type\":\"ListItem\",\"position\":4,\"name\":\"Discuter avec un \u00e9tudiant\"}]},{\"@type\":\"WebSite\",\"@id\":\"https:\/\/www.ubishops.ca\/#website\",\"url\":\"https:\/\/www.ubishops.ca\/\",\"name\":\"Bishop&#039;s University\",\"description\":\"\",\"potentialAction\":[{\"@type\":\"SearchAction\",\"target\":{\"@type\":\"EntryPoint\",\"urlTemplate\":\"https:\/\/www.ubishops.ca\/?s={search_term_string}\"},\"query-input\":{\"@type\":\"PropertyValueSpecification\",\"valueRequired\":true,\"valueName\":\"search_term_string\"}}],\"inLanguage\":\"fr-FR\"}]}<\/script>\n<!-- \/ Yoast SEO plugin. -->","yoast_head_json":{"title":"Discuter avec un \u00e9tudiant - Bishop&#039;s University","robots":{"index":"index","follow":"follow","max-snippet":"max-snippet:-1","max-image-preview":"max-image-preview:large","max-video-preview":"max-video-preview:-1"},"canonical":"https:\/\/www.ubishops.ca\/fr\/futurs-etudiants\/campus-tours-events\/chat-with-a-student\/","og_locale":"fr_FR","og_type":"article","og_title":"Discuter avec un \u00e9tudiant - Bishop&#039;s University","og_description":"L&rsquo;une des meilleures fa\u00e7ons d&rsquo;en savoir plus sur l&rsquo;Universit\u00e9 Bishop&rsquo;s est de parler \u00e0 un \u00e9tudiant actuel. Pour discuter avec l&rsquo;un de nos \u00e9tudiants ambassadeurs, il vous suffit de&nbsp;: S\u00e9lectionnez un \u00e9tudiant dans la liste ci-dessous Cr\u00e9ez votre compte et remplissez votre profil Pr\u00e9sentez-vous et posez une question ! Apr\u00e8s avoir cr\u00e9\u00e9 votre compte, vous...","og_url":"https:\/\/www.ubishops.ca\/fr\/futurs-etudiants\/campus-tours-events\/chat-with-a-student\/","og_site_name":"Bishop&#039;s University","article_publisher":"https:\/\/www.facebook.com\/ubishops","article_modified_time":"2026-01-27T17:12:24+00:00","og_image":[{"width":1024,"height":350,"url":"https:\/\/www.ubishops.ca\/wp-content\/uploads\/Recruitment_2026resized_final2-1024x350.png","type":"image\/png"}],"twitter_card":"summary_large_image","twitter_site":"@ubishops","twitter_misc":{"Dur\u00e9e de lecture estim\u00e9e":"1 minute"},"schema":{"@context":"https:\/\/schema.org","@graph":[{"@type":"WebPage","@id":"https:\/\/www.ubishops.ca\/fr\/futurs-etudiants\/campus-tours-events\/chat-with-a-student\/","url":"https:\/\/www.ubishops.ca\/fr\/futurs-etudiants\/campus-tours-events\/chat-with-a-student\/","name":"Discuter avec un \u00e9tudiant - Bishop&#039;s University","isPartOf":{"@id":"https:\/\/www.ubishops.ca\/#website"},"primaryImageOfPage":{"@id":"https:\/\/www.ubishops.ca\/fr\/futurs-etudiants\/campus-tours-events\/chat-with-a-student\/#primaryimage"},"image":{"@id":"https:\/\/www.ubishops.ca\/fr\/futurs-etudiants\/campus-tours-events\/chat-with-a-student\/#primaryimage"},"thumbnailUrl":"https:\/\/www.ubishops.ca\/wp-content\/uploads\/Recruitment_2026resized_final2.png","datePublished":"2022-03-02T14:15:04+00:00","dateModified":"2026-01-27T17:12:24+00:00","breadcrumb":{"@id":"https:\/\/www.ubishops.ca\/fr\/futurs-etudiants\/campus-tours-events\/chat-with-a-student\/#breadcrumb"},"inLanguage":"fr-FR","potentialAction":[{"@type":"ReadAction","target":["https:\/\/www.ubishops.ca\/fr\/futurs-etudiants\/campus-tours-events\/chat-with-a-student\/"]}]},{"@type":"ImageObject","inLanguage":"fr-FR","@id":"https:\/\/www.ubishops.ca\/fr\/futurs-etudiants\/campus-tours-events\/chat-with-a-student\/#primaryimage","url":"https:\/\/www.ubishops.ca\/wp-content\/uploads\/Recruitment_2026resized_final2.png","contentUrl":"https:\/\/www.ubishops.ca\/wp-content\/uploads\/Recruitment_2026resized_final2.png","width":1920,"height":656},{"@type":"BreadcrumbList","@id":"https:\/\/www.ubishops.ca\/fr\/futurs-etudiants\/campus-tours-events\/chat-with-a-student\/#breadcrumb","itemListElement":[{"@type":"ListItem","position":1,"name":"Accueil","item":"https:\/\/www.ubishops.ca\/fr\/"},{"@type":"ListItem","position":2,"name":"Futurs \u00e9tudiants","item":"https:\/\/www.ubishops.ca\/fr\/futurs-etudiants\/"},{"@type":"ListItem","position":3,"name":"Visites du campus et \u00e9v\u00e9nements","item":"https:\/\/www.ubishops.ca\/fr\/futurs-etudiants\/campus-tours-events\/"},{"@type":"ListItem","position":4,"name":"Discuter avec un \u00e9tudiant"}]},{"@type":"WebSite","@id":"https:\/\/www.ubishops.ca\/#website","url":"https:\/\/www.ubishops.ca\/","name":"Bishop&#039;s University","description":"","potentialAction":[{"@type":"SearchAction","target":{"@type":"EntryPoint","urlTemplate":"https:\/\/www.ubishops.ca\/?s={search_term_string}"},"query-input":{"@type":"PropertyValueSpecification","valueRequired":true,"valueName":"search_term_string"}}],"inLanguage":"fr-FR"}]}},"taxonomy_info":[],"featured_image_src_large":["https:\/\/www.ubishops.ca\/wp-content\/uploads\/Recruitment_2026resized_final2-1024x350.png",1024,350,true],"author_info":{"display_name":"Julie Fradette","author_link":"https:\/\/www.ubishops.ca\/fr\/author\/jfradett\/"},"comment_info":0,"publishpress_future_action":{"enabled":false,"date":"2026-04-15 11:18:40","action":"change-status","newStatus":"draft","terms":[],"taxonomy":"translation_priority","extraData":[]},"publishpress_future_workflow_manual_trigger":{"enabledWorkflows":[]},"_links":{"self":[{"href":"https:\/\/www.ubishops.ca\/fr\/wp-json\/wp\/v2\/pages\/81826","targetHints":{"allow":["GET"]}}],"collection":[{"href":"https:\/\/www.ubishops.ca\/fr\/wp-json\/wp\/v2\/pages"}],"about":[{"href":"https:\/\/www.ubishops.ca\/fr\/wp-json\/wp\/v2\/types\/page"}],"author":[{"embeddable":true,"href":"https:\/\/www.ubishops.ca\/fr\/wp-json\/wp\/v2\/users\/49"}],"replies":[{"embeddable":true,"href":"https:\/\/www.ubishops.ca\/fr\/wp-json\/wp\/v2\/comments?post=81826"}],"version-history":[{"count":4,"href":"https:\/\/www.ubishops.ca\/fr\/wp-json\/wp\/v2\/pages\/81826\/revisions"}],"predecessor-version":[{"id":130148,"href":"https:\/\/www.ubishops.ca\/fr\/wp-json\/wp\/v2\/pages\/81826\/revisions\/130148"}],"up":[{"embeddable":true,"href":"https:\/\/www.ubishops.ca\/fr\/wp-json\/wp\/v2\/pages\/78581"}],"wp:featuredmedia":[{"embeddable":true,"href":"https:\/\/www.ubishops.ca\/fr\/wp-json\/wp\/v2\/media\/130146"}],"wp:attachment":[{"href":"https:\/\/www.ubishops.ca\/fr\/wp-json\/wp\/v2\/media?parent=81826"}],"curies":[{"name":"wp","href":"https:\/\/api.w.org\/{rel}","templated":true}]}}