{"id":80854,"date":"2022-01-27T14:15:35","date_gmt":"2022-01-27T19:15:35","guid":{"rendered":"https:\/\/www.ubishops.ca\/etudiants-actuels-futurs-etudiants\/processus-dadmission\/admission-requirements\/"},"modified":"2025-06-11T15:54:16","modified_gmt":"2025-06-11T19:54:16","slug":"admission-requirements","status":"publish","type":"page","link":"https:\/\/www.ubishops.ca\/fr\/futurs-etudiants\/processus-dadmission\/admission-requirements\/","title":{"rendered":"Crit\u00e8res d\u2019admission"},"content":{"rendered":"\n<p>Pour conna\u00eetre les crit\u00e8res d\u2019admission, cliquez sur le lien qui d\u00e9crit le mieux votre situation&nbsp;:<\/p>\n\n\n\n<h2 class=\"wp-block-heading\">Candidats &#8211; Programmes de premier cycle<\/h2>\n\n\n\n<ul class=\"wp-block-list is-style-with-links\">\n<li><a href=\"https:\/\/www.ubishops.ca\/fr\/futurs-etudiants\/processus-dadmission\/admission-requirements\/etudiants-cegep\/\">\u00c9tudiants du c\u00e9gep<\/a><\/li>\n\n\n\n<li><a href=\"https:\/\/www.ubishops.ca\/future-students\/admission-process\/admission-requirements\/canadian-high-school-students\/\">\u00c9tudiants canadiens du secondaire<\/a><\/li>\n\n\n\n<li><a href=\"https:\/\/www.ubishops.ca\/future-students\/admission-process\/admission-requirements\/usa-high-school-students\/\">\u00c9tudiants am\u00e9ricains du secondaire<\/a><\/li>\n\n\n\n<li><a href=\"https:\/\/www.ubishops.ca\/future-students\/admission-process\/admission-requirements\/ib-students\/\">\u00c9tudiants du baccalaur\u00e9at international (IB)<\/a><\/li>\n\n\n\n<li><a href=\"https:\/\/www.ubishops.ca\/fr\/futurs-etudiants\/processus-dadmission\/admission-requirements\/bacf-students\/\">\u00c9tudiants du baccalaur\u00e9at fran\u00e7ais (BACF)<\/a><\/li>\n\n\n\n<li><a href=\"https:\/\/www.ubishops.ca\/fr\/futurs-etudiants\/processus-dadmission\/admission-requirements\/a-level-british-patterned-system-students\/\">\u00c9tudiants du syst\u00e8me britannique (A Levels)<\/a><\/li>\n\n\n\n<li><a href=\"https:\/\/www.ubishops.ca\/future-students\/admission-process\/admission-requirements\/international-high-school-students\/\">\u00c9tudiants internationaux provenant du secondaire<\/a><\/li>\n\n\n\n<li><a href=\"https:\/\/www.ubishops.ca\/future-students\/admission-process\/admission-requirements\/home-schooled-students\/\">\u00c9tudiants scolaris\u00e9s \u00e0 domicile<\/a><\/li>\n\n\n\n<li><a href=\"https:\/\/www.ubishops.ca\/future-students\/admission-process\/admission-requirements\/college-transfer-students\/\">\u00c9tudiants provenant d\u2019un coll\u00e8ge<\/a><\/li>\n\n\n\n<li><a href=\"https:\/\/www.ubishops.ca\/future-students\/admission-process\/admission-requirements\/university-transfer-students\/\">\u00c9tudiants provenant d\u2019une autre universit\u00e9<\/a><\/li>\n\n\n\n<li><a href=\"https:\/\/www.ubishops.ca\/future-students\/admission-process\/admission-requirements\/readmitted-bishops-university-students\/\">Readmitted Bishop\u2019s University Students<\/a><\/li>\n\n\n\n<li><a href=\"https:\/\/www.ubishops.ca\/future-students\/admission-process\/admission-requirements\/mature-students\/\">\u00c9tudiants adultes<\/a><\/li>\n\n\n\n<li><a href=\"https:\/\/www.ubishops.ca\/future-students\/admission-process\/admission-requirements\/english-language-school-pathway-students\/\">\u00c9tudiants provenant d\u2019un programme en anglais<\/a><\/li>\n\n\n\n<li><a href=\"https:\/\/www.ubishops.ca\/future-students\/admission-process\/admission-requirements\/iperc-accp-students\/\">\u00c9tudiants IPERC-ACCP<\/a><\/li>\n\n\n\n<li><a href=\"https:\/\/www.ubishops.ca\/future-students\/admission-process\/admission-requirements\/exchange-students\/\">\u00c9tudiants au programme d\u2019\u00e9change provenant d\u2019une universit\u00e9 partenaire<\/a><\/li>\n\n\n\n<li><a href=\"https:\/\/www.ubishops.ca\/future-students\/admission-process\/admission-requirements\/general-interest-students\/\">\u00c9tudiant libre \u00e0 temps partiel<\/a><\/li>\n<\/ul>\n\n\n\n<h2 class=\"wp-block-heading\">Candidats &#8211; Programmes d\u2019\u00e9tudes sup\u00e9rieures<\/h2>\n\n\n\n<ul class=\"wp-block-list is-style-with-links\">\n<li><a href=\"https:\/\/www.ubishops.ca\/future-students\/admission-process\/admission-requirements\/master-science-msc-applicants\/\">Candidats \u00e0 la ma\u00eetrise \u00e8s sciences (M. Sc.)<\/a><\/li>\n\n\n\n<li><a href=\"https:\/\/www.ubishops.ca\/future-students\/admission-process\/admission-requirements\/med-ma-applicants\/\">Candidats \u00e0 la ma\u00eetrise \u00e8s \u00e9ducation (M. \u00c9d.) et \u00e8s arts (M.A.)<\/a><\/li>\n\n\n\n<li><a href=\"https:\/\/www.ubishops.ca\/academic-programs\/faculty-of-social-sciences\/environment-agriculture-and-geography\/courses-programs\/micro-program-in-climate-change\/\">Microprogramme sur les changements climatiques<\/a><\/li>\n\n\n\n<li><a href=\"https:\/\/www.ubishops.ca\/fr\/futurs-etudiants\/processus-dadmission\/admission-requirements\/doctor-of-psychology-psyd-clinical-psychology-profile-applicants\/\">Programme de doctorat en psychologie (D. Psy), psychologie clinique<\/a><\/li>\n<\/ul>\n\n\n\n<h2 class=\"wp-block-heading\">Questions?<\/h2>\n\n\n\n<p>Vous pouvez contacter le bureau des admissions par courriel : <a href=\"m&#97;&#x69;&#x6c;&#x74;o&#58;&#x61;&#x64;&#x6d;i&#115;&#x73;&#x69;&#x6f;n&#115;&#x40;&#x75;&#x62;i&#115;&#x68;&#x6f;&#x70;s&#46;&#x63;&#x61;\">&#x61;&#100;m&#x69;&#x73;&#115;i&#x6f;&#x6e;&#115;&#64;&#x75;&#x62;&#105;s&#x68;&#x6f;&#112;s&#x2e;&#99;&#97;<\/a><\/p>\n","protected":false},"excerpt":{"rendered":"<p>Pour conna\u00eetre les crit\u00e8res d\u2019admission, cliquez sur le lien qui d\u00e9crit le mieux votre situation&nbsp;: Candidats &#8211; Programmes de premier cycle Candidats &#8211; Programmes d\u2019\u00e9tudes sup\u00e9rieures Questions? Vous pouvez contacter le bureau des admissions par courriel : &#97;d&#109;i&#115;s&#x69;o&#x6e;s&#x40;u&#x62;i&#x73;h&#x6f;p&#x73;&#46;&#x63;a<\/p>\n","protected":false},"author":49,"featured_media":0,"parent":10786,"menu_order":-8,"comment_status":"closed","ping_status":"closed","template":"","meta":{"_acf_changed":false,"_cbd_carousel_blocks":"[]","_kad_blocks_custom_css":"","_kad_blocks_head_custom_js":"","_kad_blocks_body_custom_js":"","_kad_blocks_footer_custom_js":"","_kad_post_transparent":"","_kad_post_title":"","_kad_post_layout":"","_kad_post_sidebar_id":"","_kad_post_content_style":"","_kad_post_vertical_padding":"","_kad_post_feature":"","_kad_post_feature_position":"","_kad_post_header":false,"_kad_post_footer":false,"_kad_post_classname":"","footnotes":""},"class_list":["post-80854","page","type-page","status-publish","hentry"],"acf":[],"yoast_head":"<!-- This site is optimized with the Yoast SEO plugin v27.2 - https:\/\/yoast.com\/product\/yoast-seo-wordpress\/ -->\n<title>Crit\u00e8res d\u2019admission - Bishop&#039;s University<\/title>\n<meta name=\"robots\" content=\"index, follow, max-snippet:-1, max-image-preview:large, max-video-preview:-1\" \/>\n<link rel=\"canonical\" href=\"https:\/\/www.ubishops.ca\/fr\/futurs-etudiants\/processus-dadmission\/admission-requirements\/\" \/>\n<meta property=\"og:locale\" content=\"fr_FR\" \/>\n<meta property=\"og:type\" content=\"article\" \/>\n<meta property=\"og:title\" content=\"Crit\u00e8res d\u2019admission - Bishop&#039;s University\" \/>\n<meta property=\"og:description\" content=\"Pour conna\u00eetre les crit\u00e8res d\u2019admission, cliquez sur le lien qui d\u00e9crit le mieux votre situation&nbsp;: Candidats &#8211; Programmes de premier cycle Candidats &#8211; Programmes d\u2019\u00e9tudes sup\u00e9rieures Questions? Vous pouvez contacter le bureau des admissions par courriel : admissions&#064;u&#098;&#105;&#115;&#104;&#111;&#112;&#115;&#046;&#099;&#097;\" \/>\n<meta property=\"og:url\" content=\"https:\/\/www.ubishops.ca\/fr\/futurs-etudiants\/processus-dadmission\/admission-requirements\/\" \/>\n<meta property=\"og:site_name\" content=\"Bishop&#039;s University\" \/>\n<meta property=\"article:publisher\" content=\"https:\/\/www.facebook.com\/ubishops\" \/>\n<meta property=\"article:modified_time\" content=\"2025-06-11T19:54:16+00:00\" \/>\n<meta name=\"twitter:card\" content=\"summary_large_image\" \/>\n<meta name=\"twitter:site\" content=\"@ubishops\" \/>\n<meta name=\"twitter:label1\" content=\"Dur\u00e9e de lecture estim\u00e9e\" \/>\n\t<meta name=\"twitter:data1\" content=\"1 minute\" \/>\n<script type=\"application\/ld+json\" class=\"yoast-schema-graph\">{\"@context\":\"https:\/\/schema.org\",\"@graph\":[{\"@type\":\"WebPage\",\"@id\":\"https:\/\/www.ubishops.ca\/fr\/futurs-etudiants\/processus-dadmission\/admission-requirements\/\",\"url\":\"https:\/\/www.ubishops.ca\/fr\/futurs-etudiants\/processus-dadmission\/admission-requirements\/\",\"name\":\"Crit\u00e8res d\u2019admission - Bishop&#039;s University\",\"isPartOf\":{\"@id\":\"https:\/\/www.ubishops.ca\/#website\"},\"datePublished\":\"2022-01-27T19:15:35+00:00\",\"dateModified\":\"2025-06-11T19:54:16+00:00\",\"breadcrumb\":{\"@id\":\"https:\/\/www.ubishops.ca\/fr\/futurs-etudiants\/processus-dadmission\/admission-requirements\/#breadcrumb\"},\"inLanguage\":\"fr-FR\",\"potentialAction\":[{\"@type\":\"ReadAction\",\"target\":[\"https:\/\/www.ubishops.ca\/fr\/futurs-etudiants\/processus-dadmission\/admission-requirements\/\"]}]},{\"@type\":\"BreadcrumbList\",\"@id\":\"https:\/\/www.ubishops.ca\/fr\/futurs-etudiants\/processus-dadmission\/admission-requirements\/#breadcrumb\",\"itemListElement\":[{\"@type\":\"ListItem\",\"position\":1,\"name\":\"Accueil\",\"item\":\"https:\/\/www.ubishops.ca\/fr\/\"},{\"@type\":\"ListItem\",\"position\":2,\"name\":\"Futurs \u00e9tudiants\",\"item\":\"https:\/\/www.ubishops.ca\/fr\/futurs-etudiants\/\"},{\"@type\":\"ListItem\",\"position\":3,\"name\":\"Processus d\u2019admission\",\"item\":\"https:\/\/www.ubishops.ca\/fr\/futurs-etudiants\/processus-dadmission\/\"},{\"@type\":\"ListItem\",\"position\":4,\"name\":\"Crit\u00e8res d\u2019admission\"}]},{\"@type\":\"WebSite\",\"@id\":\"https:\/\/www.ubishops.ca\/#website\",\"url\":\"https:\/\/www.ubishops.ca\/\",\"name\":\"Bishop&#039;s University\",\"description\":\"\",\"potentialAction\":[{\"@type\":\"SearchAction\",\"target\":{\"@type\":\"EntryPoint\",\"urlTemplate\":\"https:\/\/www.ubishops.ca\/?s={search_term_string}\"},\"query-input\":{\"@type\":\"PropertyValueSpecification\",\"valueRequired\":true,\"valueName\":\"search_term_string\"}}],\"inLanguage\":\"fr-FR\"}]}<\/script>\n<!-- \/ Yoast SEO plugin. -->","yoast_head_json":{"title":"Crit\u00e8res d\u2019admission - Bishop&#039;s University","robots":{"index":"index","follow":"follow","max-snippet":"max-snippet:-1","max-image-preview":"max-image-preview:large","max-video-preview":"max-video-preview:-1"},"canonical":"https:\/\/www.ubishops.ca\/fr\/futurs-etudiants\/processus-dadmission\/admission-requirements\/","og_locale":"fr_FR","og_type":"article","og_title":"Crit\u00e8res d\u2019admission - Bishop&#039;s University","og_description":"Pour conna\u00eetre les crit\u00e8res d\u2019admission, cliquez sur le lien qui d\u00e9crit le mieux votre situation&nbsp;: Candidats &#8211; Programmes de premier cycle Candidats &#8211; Programmes d\u2019\u00e9tudes sup\u00e9rieures Questions? Vous pouvez contacter le bureau des admissions par courriel : admissions&#64;u&#98;&#105;&#115;&#104;&#111;&#112;&#115;&#46;&#99;&#97;","og_url":"https:\/\/www.ubishops.ca\/fr\/futurs-etudiants\/processus-dadmission\/admission-requirements\/","og_site_name":"Bishop&#039;s University","article_publisher":"https:\/\/www.facebook.com\/ubishops","article_modified_time":"2025-06-11T19:54:16+00:00","twitter_card":"summary_large_image","twitter_site":"@ubishops","twitter_misc":{"Dur\u00e9e de lecture estim\u00e9e":"1 minute"},"schema":{"@context":"https:\/\/schema.org","@graph":[{"@type":"WebPage","@id":"https:\/\/www.ubishops.ca\/fr\/futurs-etudiants\/processus-dadmission\/admission-requirements\/","url":"https:\/\/www.ubishops.ca\/fr\/futurs-etudiants\/processus-dadmission\/admission-requirements\/","name":"Crit\u00e8res d\u2019admission - Bishop&#039;s University","isPartOf":{"@id":"https:\/\/www.ubishops.ca\/#website"},"datePublished":"2022-01-27T19:15:35+00:00","dateModified":"2025-06-11T19:54:16+00:00","breadcrumb":{"@id":"https:\/\/www.ubishops.ca\/fr\/futurs-etudiants\/processus-dadmission\/admission-requirements\/#breadcrumb"},"inLanguage":"fr-FR","potentialAction":[{"@type":"ReadAction","target":["https:\/\/www.ubishops.ca\/fr\/futurs-etudiants\/processus-dadmission\/admission-requirements\/"]}]},{"@type":"BreadcrumbList","@id":"https:\/\/www.ubishops.ca\/fr\/futurs-etudiants\/processus-dadmission\/admission-requirements\/#breadcrumb","itemListElement":[{"@type":"ListItem","position":1,"name":"Accueil","item":"https:\/\/www.ubishops.ca\/fr\/"},{"@type":"ListItem","position":2,"name":"Futurs \u00e9tudiants","item":"https:\/\/www.ubishops.ca\/fr\/futurs-etudiants\/"},{"@type":"ListItem","position":3,"name":"Processus d\u2019admission","item":"https:\/\/www.ubishops.ca\/fr\/futurs-etudiants\/processus-dadmission\/"},{"@type":"ListItem","position":4,"name":"Crit\u00e8res d\u2019admission"}]},{"@type":"WebSite","@id":"https:\/\/www.ubishops.ca\/#website","url":"https:\/\/www.ubishops.ca\/","name":"Bishop&#039;s University","description":"","potentialAction":[{"@type":"SearchAction","target":{"@type":"EntryPoint","urlTemplate":"https:\/\/www.ubishops.ca\/?s={search_term_string}"},"query-input":{"@type":"PropertyValueSpecification","valueRequired":true,"valueName":"search_term_string"}}],"inLanguage":"fr-FR"}]}},"taxonomy_info":[],"featured_image_src_large":false,"author_info":{"display_name":"Julie Fradette","author_link":"https:\/\/www.ubishops.ca\/fr\/author\/jfradett\/"},"comment_info":0,"publishpress_future_action":{"enabled":false,"date":"2026-04-15 14:54:46","action":"change-status","newStatus":"draft","terms":[],"taxonomy":"translation_priority","extraData":[]},"publishpress_future_workflow_manual_trigger":{"enabledWorkflows":[]},"_links":{"self":[{"href":"https:\/\/www.ubishops.ca\/fr\/wp-json\/wp\/v2\/pages\/80854","targetHints":{"allow":["GET"]}}],"collection":[{"href":"https:\/\/www.ubishops.ca\/fr\/wp-json\/wp\/v2\/pages"}],"about":[{"href":"https:\/\/www.ubishops.ca\/fr\/wp-json\/wp\/v2\/types\/page"}],"author":[{"embeddable":true,"href":"https:\/\/www.ubishops.ca\/fr\/wp-json\/wp\/v2\/users\/49"}],"replies":[{"embeddable":true,"href":"https:\/\/www.ubishops.ca\/fr\/wp-json\/wp\/v2\/comments?post=80854"}],"version-history":[{"count":3,"href":"https:\/\/www.ubishops.ca\/fr\/wp-json\/wp\/v2\/pages\/80854\/revisions"}],"predecessor-version":[{"id":125059,"href":"https:\/\/www.ubishops.ca\/fr\/wp-json\/wp\/v2\/pages\/80854\/revisions\/125059"}],"up":[{"embeddable":true,"href":"https:\/\/www.ubishops.ca\/fr\/wp-json\/wp\/v2\/pages\/10786"}],"wp:attachment":[{"href":"https:\/\/www.ubishops.ca\/fr\/wp-json\/wp\/v2\/media?parent=80854"}],"curies":[{"name":"wp","href":"https:\/\/api.w.org\/{rel}","templated":true}]}}