{"id":7962,"date":"2016-02-19T16:02:09","date_gmt":"2016-02-19T21:02:09","guid":{"rendered":"https:\/\/wwwnew.ubishops.ca\/musique-chez-nous-2\/?lang=fr"},"modified":"2026-01-27T09:05:32","modified_gmt":"2026-01-27T14:05:32","slug":"musique-chez-nous-fr","status":"publish","type":"page","link":"https:\/\/www.ubishops.ca\/fr\/programmes-d-etudes\/faculte-des-lettres-et-sciences-humaines\/musique\/musique-chez-nous-fr\/","title":{"rendered":"Musique Chez Nous"},"content":{"rendered":"\n<figure class=\"wp-block-image size-full is-resized\"><img decoding=\"async\" width=\"600\" height=\"692\" src=\"https:\/\/www.ubishops.ca\/wp-content\/uploads\/mcn-black-logo-medium-res.png\" alt=\"Musique chez nous\" class=\"wp-image-62686\" style=\"width:225px;height:undefinedpx\" srcset=\"https:\/\/www.ubishops.ca\/wp-content\/uploads\/mcn-black-logo-medium-res.png 600w, https:\/\/www.ubishops.ca\/wp-content\/uploads\/mcn-black-logo-medium-res-260x300.png 260w\" sizes=\"(max-width: 600px) 100vw, 600px\" \/><\/figure>\n\n\n\n<div style=\"height:25px\" aria-hidden=\"true\" class=\"wp-block-spacer\"><\/div>\n\n\n\n<p>Le D\u00e9partement de musique de l\u2019Universit\u00e9 Bishop\u2019s pr\u00e9sente Musique Chez Nous, une s\u00e9rie de concerts dirig\u00e9e par des \u00e9tudiants, con\u00e7ue pour plaire \u00e0 tous les go\u00fbts, mettant en vedette des musiciens locaux, des artistes invit\u00e9s ainsi que des professeurs de musique de l\u2019universit\u00e9.<\/p>\n\n\n\n<h2 class=\"wp-block-heading\">Achetez vos billets<\/h2>\n\n\n\n<div class=\"wp-block-buttons is-layout-flex wp-block-buttons-is-layout-flex\">\n<div class=\"wp-block-button\"><a class=\"wp-block-button__link has-white-color has-purple-background-color has-text-color has-background wp-element-button\" href=\"https:\/\/thepointofsale.com\/theatrecentennial\" target=\"_blank\" rel=\"noreferrer noopener\">Achat en ligne<\/a><\/div>\n<\/div>\n\n\n\n<p>En personne \u00e0 la billetterie du Th\u00e9\u00e2tre Centennial, ou t\u00e9l\u00e9phone au 819-822-9692.<\/p>\n\n\n\n<p><strong>BILLET POUR TOUS LES CONCERTS<\/strong> :<br>30 $ prix r\u00e9gulier*<br><strong>Gratuit pour la communaut\u00e9 \u00e9tudiante sur pr\u00e9sentation d\u2019une carte valide.<\/strong><br>Billets requis d\u2019avance.<\/p>\n\n\n\n<h2 class=\"wp-block-heading\">Saison 2025-2026<\/h2>\n\n\n\n<!-- Elfsight Event Calendar | MCN French Event Calendar -->\n<script src=\"https:\/\/elfsightcdn.com\/platform.js\" async><\/script>\n<div class=\"elfsight-app-ae517bd1-693b-427a-9726-9ddf3646c265\" data-elfsight-app-lazy><\/div>\n\n\n\n<div style=\"height:30px\" aria-hidden=\"true\" class=\"wp-block-spacer\"><\/div>\n\n\n\n<h3 class=\"wp-block-heading\">Nos partenaires<\/h3>\n\n\n\n<div class=\"wp-block-columns is-layout-flex wp-container-core-columns-is-layout-9d6595d7 wp-block-columns-is-layout-flex\">\n<div class=\"wp-block-column is-layout-flow wp-block-column-is-layout-flow\">\n<figure class=\"wp-block-image size-large is-resized\"><img decoding=\"async\" width=\"1024\" height=\"405\" src=\"https:\/\/www.ubishops.ca\/wp-content\/uploads\/Logo-TQ-FAB-CMYK-1024x405.png\" alt=\"\" class=\"wp-image-115825\" style=\"width:238px;height:auto\" srcset=\"https:\/\/www.ubishops.ca\/wp-content\/uploads\/Logo-TQ-FAB-CMYK-1024x405.png 1024w, https:\/\/www.ubishops.ca\/wp-content\/uploads\/Logo-TQ-FAB-CMYK-300x119.png 300w, https:\/\/www.ubishops.ca\/wp-content\/uploads\/Logo-TQ-FAB-CMYK-150x59.png 150w, https:\/\/www.ubishops.ca\/wp-content\/uploads\/Logo-TQ-FAB-CMYK-768x303.png 768w, https:\/\/www.ubishops.ca\/wp-content\/uploads\/Logo-TQ-FAB-CMYK.png 1506w\" sizes=\"(max-width: 1024px) 100vw, 1024px\" \/><\/figure>\n<\/div>\n\n\n\n<div class=\"wp-block-column is-layout-flow wp-block-column-is-layout-flow\">\n<figure class=\"wp-block-image size-large is-resized\"><img decoding=\"async\" width=\"1024\" height=\"808\" src=\"https:\/\/www.ubishops.ca\/wp-content\/uploads\/Logo-La-Route-des-concerts-1024x808.png\" alt=\"\" class=\"wp-image-115829\" style=\"width:139px;height:auto\" srcset=\"https:\/\/www.ubishops.ca\/wp-content\/uploads\/Logo-La-Route-des-concerts-1024x808.png 1024w, https:\/\/www.ubishops.ca\/wp-content\/uploads\/Logo-La-Route-des-concerts-300x237.png 300w, https:\/\/www.ubishops.ca\/wp-content\/uploads\/Logo-La-Route-des-concerts-150x118.png 150w, https:\/\/www.ubishops.ca\/wp-content\/uploads\/Logo-La-Route-des-concerts-768x606.png 768w, https:\/\/www.ubishops.ca\/wp-content\/uploads\/Logo-La-Route-des-concerts-1536x1213.png 1536w, https:\/\/www.ubishops.ca\/wp-content\/uploads\/Logo-La-Route-des-concerts.png 1900w\" sizes=\"(max-width: 1024px) 100vw, 1024px\" \/><\/figure>\n<\/div>\n\n\n\n<div class=\"wp-block-column is-layout-flow wp-block-column-is-layout-flow\"><\/div>\n<\/div>\n\n\n\n<div class=\"wp-block-columns is-layout-flex wp-container-core-columns-is-layout-9d6595d7 wp-block-columns-is-layout-flex\">\n<div class=\"wp-block-column is-layout-flow wp-block-column-is-layout-flow\"><\/div>\n\n\n\n<div class=\"wp-block-column is-layout-flow wp-block-column-is-layout-flow\"><\/div>\n\n\n\n<div class=\"wp-block-column is-layout-flow wp-block-column-is-layout-flow\"><\/div>\n<\/div>\n\n\n\n<div style=\"height:40px\" aria-hidden=\"true\" class=\"wp-block-spacer\"><\/div>\n\n\n\n<p>Partagez avec nous vos meilleurs moments de la s\u00e9rie Musique Chez Nous de 1983 \u00e0 aujourd\u2019hui. \u00c9crivez-nous \u00e0 l\u2019adresse suivante:&nbsp;<a href=\"&#x6d;&#97;&#x69;&#x6c;t&#x6f;&#58;s&#x6f;&#110;i&#x61;&#46;&#x70;&#x61;t&#x65;&#110;a&#x75;&#100;e&#x40;&#117;&#x62;&#x69;&#115;&#x68;&#x6f;p&#x73;&#46;c&#x61;\">&#x73;o&#x6e;&#105;&#x61;&#x2e;p&#x61;&#116;&#x65;&#x6e;a&#x75;&#100;&#x65;&#x40;u&#x62;&#105;&#x73;&#x68;o&#x70;&#115;&#x2e;&#x63;a<\/a>.<\/p>\n\n\n\n<p>Le D\u00e9partement de musique tient \u00e0 remercier la Fondation de l\u2019Universit\u00e9 Bishop\u2019s pour sa g\u00e9n\u00e9reuse participation aux concerts Musique Chez Nous.<\/p>\n\n\n\n<p><strong>Direction artistique<\/strong><br><em>Pr. Mathieu D\u00e9sy, Sonia Patenaude<\/em><\/p>\n\n\n\n<p><strong>Coordination des concerts par l\u2019\u00e9quipe \u00e9tudiante<\/strong><br><em>Emmett Tinning<\/em><\/p>\n\n\n\n<p><strong>Contact:&nbsp;<\/strong><a href=\"&#109;&#97;&#x69;l&#116;&#x6f;&#x3a;c&#104;&#x65;&#x7a;n&#111;&#x75;s&#64;&#x75;&#x62;i&#115;&#x68;&#x6f;p&#115;&#x2e;c&#97;\"><strong>&#99;h&#x65;z&#x6e;o&#x75;&#115;&#x40;&#117;&#x62;&#105;s&#x68;o&#x70;s&#x2e;&#99;&#x61;<\/strong><\/a><\/p>\n\n\n\n<div style=\"height:40px\" aria-hidden=\"true\" class=\"wp-block-spacer\"><\/div>\n\n\n\n\n<section id=\"social-share-block_bf2a99d66365bbd9fe388375469e1037\" class=\"social-share display1\">\n\n\n    <div class=\"social-share-container wide-size block-center\">\n        \n    \n        <div class=\"social-share-icons\">\n                            <a class=\"icon nav-icon-item\" href=\"https:\/\/www.facebook.com\/musiquecheznous\/\" aria-label=\"Visit us on Facebook\" target=\"_blank\" rel=\"noopener\">\n                <img decoding=\"async\" loading=\"lazy\" src=\"https:\/\/www.ubishops.ca\/wp-content\/themes\/standish\/assets\/images\/fb.svg\" width=\"24\" height=\"24\" alt='Facebook social icon' role='img'\/>\n                            <\/a>\n                            <a class=\"icon nav-icon-item\" href=\"https:\/\/www.instagram.com\/musiquecheznous\/?hl=en\" aria-label=\"Visit us on Instagram\" target=\"_blank\" rel=\"noopener\"><img decoding=\"async\" loading=\"lazy\" src=\"https:\/\/www.ubishops.ca\/wp-content\/themes\/standish\/assets\/images\/ig.svg\" width=\"24\" height=\"24\" alt='Instagram social icon' role='img'\/><\/a>\n                            <a class=\"icon nav-icon-item\" href=\"https:\/\/www.youtube.com\/user\/bishopsuniversity\" aria-label=\"Visit us on Youtube\" target=\"_blank\" rel=\"noopener\"><img decoding=\"async\" loading=\"lazy\" src=\"https:\/\/www.ubishops.ca\/wp-content\/themes\/standish\/assets\/images\/yt.svg\" width=\"24\" height=\"24\" alt='Youtube social icon' role='img'\/><\/a>\n                \n        \n        <\/div>\n\n        \n\n\n\n<\/section>","protected":false},"excerpt":{"rendered":"<p>Le D\u00e9partement de musique de l\u2019Universit\u00e9 Bishop\u2019s pr\u00e9sente Musique Chez Nous, une s\u00e9rie de concerts dirig\u00e9e par des \u00e9tudiants, con\u00e7ue pour plaire \u00e0 tous les go\u00fbts, mettant en vedette des musiciens locaux, des artistes invit\u00e9s ainsi que des professeurs de musique de l\u2019universit\u00e9. Achetez vos billets En personne \u00e0 la billetterie du Th\u00e9\u00e2tre Centennial, ou&#8230;<\/p>\n","protected":false},"author":49,"featured_media":0,"parent":82468,"menu_order":116,"comment_status":"closed","ping_status":"closed","template":"","meta":{"_acf_changed":false,"_cbd_carousel_blocks":"[]","_kad_blocks_custom_css":"","_kad_blocks_head_custom_js":"","_kad_blocks_body_custom_js":"","_kad_blocks_footer_custom_js":"","_kad_post_transparent":"","_kad_post_title":"","_kad_post_layout":"","_kad_post_sidebar_id":"","_kad_post_content_style":"","_kad_post_vertical_padding":"","_kad_post_feature":"","_kad_post_feature_position":"","_kad_post_header":false,"_kad_post_footer":false,"_kad_post_classname":"","footnotes":""},"class_list":["post-7962","page","type-page","status-publish","hentry"],"acf":[],"yoast_head":"<!-- This site is optimized with the Yoast SEO plugin v27.2 - https:\/\/yoast.com\/product\/yoast-seo-wordpress\/ -->\n<title>Musique Chez Nous - Bishop&#039;s University<\/title>\n<meta name=\"robots\" content=\"index, follow, max-snippet:-1, max-image-preview:large, max-video-preview:-1\" \/>\n<link rel=\"canonical\" href=\"https:\/\/www.ubishops.ca\/fr\/programmes-d-etudes\/faculte-des-lettres-et-sciences-humaines\/musique\/musique-chez-nous-fr\/\" \/>\n<meta property=\"og:locale\" content=\"fr_FR\" \/>\n<meta property=\"og:type\" content=\"article\" \/>\n<meta property=\"og:title\" content=\"Musique Chez Nous - Bishop&#039;s University\" \/>\n<meta property=\"og:description\" content=\"Le D\u00e9partement de musique de l\u2019Universit\u00e9 Bishop\u2019s pr\u00e9sente Musique Chez Nous, une s\u00e9rie de concerts dirig\u00e9e par des \u00e9tudiants, con\u00e7ue pour plaire \u00e0 tous les go\u00fbts, mettant en vedette des musiciens locaux, des artistes invit\u00e9s ainsi que des professeurs de musique de l\u2019universit\u00e9. Achetez vos billets En personne \u00e0 la billetterie du Th\u00e9\u00e2tre Centennial, ou...\" \/>\n<meta property=\"og:url\" content=\"https:\/\/www.ubishops.ca\/fr\/programmes-d-etudes\/faculte-des-lettres-et-sciences-humaines\/musique\/musique-chez-nous-fr\/\" \/>\n<meta property=\"og:site_name\" content=\"Bishop&#039;s University\" \/>\n<meta property=\"article:publisher\" content=\"https:\/\/www.facebook.com\/ubishops\" \/>\n<meta property=\"article:modified_time\" content=\"2026-01-27T14:05:32+00:00\" \/>\n<meta property=\"og:image\" content=\"https:\/\/www.ubishops.ca\/wp-content\/uploads\/mcn-black-logo-medium-res.png\" \/>\n\t<meta property=\"og:image:width\" content=\"600\" \/>\n\t<meta property=\"og:image:height\" content=\"692\" \/>\n\t<meta property=\"og:image:type\" content=\"image\/png\" \/>\n<meta name=\"twitter:card\" content=\"summary_large_image\" \/>\n<meta name=\"twitter:site\" content=\"@ubishops\" \/>\n<meta name=\"twitter:label1\" content=\"Dur\u00e9e de lecture estim\u00e9e\" \/>\n\t<meta name=\"twitter:data1\" content=\"4 minutes\" \/>\n<script type=\"application\/ld+json\" class=\"yoast-schema-graph\">{\"@context\":\"https:\/\/schema.org\",\"@graph\":[{\"@type\":\"WebPage\",\"@id\":\"https:\/\/www.ubishops.ca\/fr\/programmes-d-etudes\/faculte-des-lettres-et-sciences-humaines\/musique\/musique-chez-nous-fr\/\",\"url\":\"https:\/\/www.ubishops.ca\/fr\/programmes-d-etudes\/faculte-des-lettres-et-sciences-humaines\/musique\/musique-chez-nous-fr\/\",\"name\":\"Musique Chez Nous - Bishop&#039;s University\",\"isPartOf\":{\"@id\":\"https:\/\/www.ubishops.ca\/#website\"},\"primaryImageOfPage\":{\"@id\":\"https:\/\/www.ubishops.ca\/fr\/programmes-d-etudes\/faculte-des-lettres-et-sciences-humaines\/musique\/musique-chez-nous-fr\/#primaryimage\"},\"image\":{\"@id\":\"https:\/\/www.ubishops.ca\/fr\/programmes-d-etudes\/faculte-des-lettres-et-sciences-humaines\/musique\/musique-chez-nous-fr\/#primaryimage\"},\"thumbnailUrl\":\"https:\/\/www.ubishops.ca\/wp-content\/uploads\/mcn-black-logo-medium-res.png\",\"datePublished\":\"2016-02-19T21:02:09+00:00\",\"dateModified\":\"2026-01-27T14:05:32+00:00\",\"breadcrumb\":{\"@id\":\"https:\/\/www.ubishops.ca\/fr\/programmes-d-etudes\/faculte-des-lettres-et-sciences-humaines\/musique\/musique-chez-nous-fr\/#breadcrumb\"},\"inLanguage\":\"fr-FR\",\"potentialAction\":[{\"@type\":\"ReadAction\",\"target\":[\"https:\/\/www.ubishops.ca\/fr\/programmes-d-etudes\/faculte-des-lettres-et-sciences-humaines\/musique\/musique-chez-nous-fr\/\"]}]},{\"@type\":\"ImageObject\",\"inLanguage\":\"fr-FR\",\"@id\":\"https:\/\/www.ubishops.ca\/fr\/programmes-d-etudes\/faculte-des-lettres-et-sciences-humaines\/musique\/musique-chez-nous-fr\/#primaryimage\",\"url\":\"https:\/\/www.ubishops.ca\/wp-content\/uploads\/mcn-black-logo-medium-res.png\",\"contentUrl\":\"https:\/\/www.ubishops.ca\/wp-content\/uploads\/mcn-black-logo-medium-res.png\"},{\"@type\":\"BreadcrumbList\",\"@id\":\"https:\/\/www.ubishops.ca\/fr\/programmes-d-etudes\/faculte-des-lettres-et-sciences-humaines\/musique\/musique-chez-nous-fr\/#breadcrumb\",\"itemListElement\":[{\"@type\":\"ListItem\",\"position\":1,\"name\":\"Accueil\",\"item\":\"https:\/\/www.ubishops.ca\/fr\/\"},{\"@type\":\"ListItem\",\"position\":2,\"name\":\"Programmes d&#8217;\u00e9tudes\",\"item\":\"https:\/\/www.ubishops.ca\/fr\/programmes-d-etudes\/\"},{\"@type\":\"ListItem\",\"position\":3,\"name\":\"Facult\u00e9 des lettres et sciences humaines\",\"item\":\"https:\/\/www.ubishops.ca\/fr\/programmes-d-etudes\/faculte-des-lettres-et-sciences-humaines\/\"},{\"@type\":\"ListItem\",\"position\":4,\"name\":\"Musique\",\"item\":\"https:\/\/www.ubishops.ca\/fr\/programmes-d-etudes\/faculte-des-lettres-et-sciences-humaines\/musique\/\"},{\"@type\":\"ListItem\",\"position\":5,\"name\":\"Musique Chez Nous\"}]},{\"@type\":\"WebSite\",\"@id\":\"https:\/\/www.ubishops.ca\/#website\",\"url\":\"https:\/\/www.ubishops.ca\/\",\"name\":\"Bishop&#039;s University\",\"description\":\"\",\"potentialAction\":[{\"@type\":\"SearchAction\",\"target\":{\"@type\":\"EntryPoint\",\"urlTemplate\":\"https:\/\/www.ubishops.ca\/?s={search_term_string}\"},\"query-input\":{\"@type\":\"PropertyValueSpecification\",\"valueRequired\":true,\"valueName\":\"search_term_string\"}}],\"inLanguage\":\"fr-FR\"}]}<\/script>\n<!-- \/ Yoast SEO plugin. -->","yoast_head_json":{"title":"Musique Chez Nous - Bishop&#039;s University","robots":{"index":"index","follow":"follow","max-snippet":"max-snippet:-1","max-image-preview":"max-image-preview:large","max-video-preview":"max-video-preview:-1"},"canonical":"https:\/\/www.ubishops.ca\/fr\/programmes-d-etudes\/faculte-des-lettres-et-sciences-humaines\/musique\/musique-chez-nous-fr\/","og_locale":"fr_FR","og_type":"article","og_title":"Musique Chez Nous - Bishop&#039;s University","og_description":"Le D\u00e9partement de musique de l\u2019Universit\u00e9 Bishop\u2019s pr\u00e9sente Musique Chez Nous, une s\u00e9rie de concerts dirig\u00e9e par des \u00e9tudiants, con\u00e7ue pour plaire \u00e0 tous les go\u00fbts, mettant en vedette des musiciens locaux, des artistes invit\u00e9s ainsi que des professeurs de musique de l\u2019universit\u00e9. Achetez vos billets En personne \u00e0 la billetterie du Th\u00e9\u00e2tre Centennial, ou...","og_url":"https:\/\/www.ubishops.ca\/fr\/programmes-d-etudes\/faculte-des-lettres-et-sciences-humaines\/musique\/musique-chez-nous-fr\/","og_site_name":"Bishop&#039;s University","article_publisher":"https:\/\/www.facebook.com\/ubishops","article_modified_time":"2026-01-27T14:05:32+00:00","og_image":[{"width":600,"height":692,"url":"https:\/\/www.ubishops.ca\/wp-content\/uploads\/mcn-black-logo-medium-res.png","type":"image\/png"}],"twitter_card":"summary_large_image","twitter_site":"@ubishops","twitter_misc":{"Dur\u00e9e de lecture estim\u00e9e":"4 minutes"},"schema":{"@context":"https:\/\/schema.org","@graph":[{"@type":"WebPage","@id":"https:\/\/www.ubishops.ca\/fr\/programmes-d-etudes\/faculte-des-lettres-et-sciences-humaines\/musique\/musique-chez-nous-fr\/","url":"https:\/\/www.ubishops.ca\/fr\/programmes-d-etudes\/faculte-des-lettres-et-sciences-humaines\/musique\/musique-chez-nous-fr\/","name":"Musique Chez Nous - Bishop&#039;s University","isPartOf":{"@id":"https:\/\/www.ubishops.ca\/#website"},"primaryImageOfPage":{"@id":"https:\/\/www.ubishops.ca\/fr\/programmes-d-etudes\/faculte-des-lettres-et-sciences-humaines\/musique\/musique-chez-nous-fr\/#primaryimage"},"image":{"@id":"https:\/\/www.ubishops.ca\/fr\/programmes-d-etudes\/faculte-des-lettres-et-sciences-humaines\/musique\/musique-chez-nous-fr\/#primaryimage"},"thumbnailUrl":"https:\/\/www.ubishops.ca\/wp-content\/uploads\/mcn-black-logo-medium-res.png","datePublished":"2016-02-19T21:02:09+00:00","dateModified":"2026-01-27T14:05:32+00:00","breadcrumb":{"@id":"https:\/\/www.ubishops.ca\/fr\/programmes-d-etudes\/faculte-des-lettres-et-sciences-humaines\/musique\/musique-chez-nous-fr\/#breadcrumb"},"inLanguage":"fr-FR","potentialAction":[{"@type":"ReadAction","target":["https:\/\/www.ubishops.ca\/fr\/programmes-d-etudes\/faculte-des-lettres-et-sciences-humaines\/musique\/musique-chez-nous-fr\/"]}]},{"@type":"ImageObject","inLanguage":"fr-FR","@id":"https:\/\/www.ubishops.ca\/fr\/programmes-d-etudes\/faculte-des-lettres-et-sciences-humaines\/musique\/musique-chez-nous-fr\/#primaryimage","url":"https:\/\/www.ubishops.ca\/wp-content\/uploads\/mcn-black-logo-medium-res.png","contentUrl":"https:\/\/www.ubishops.ca\/wp-content\/uploads\/mcn-black-logo-medium-res.png"},{"@type":"BreadcrumbList","@id":"https:\/\/www.ubishops.ca\/fr\/programmes-d-etudes\/faculte-des-lettres-et-sciences-humaines\/musique\/musique-chez-nous-fr\/#breadcrumb","itemListElement":[{"@type":"ListItem","position":1,"name":"Accueil","item":"https:\/\/www.ubishops.ca\/fr\/"},{"@type":"ListItem","position":2,"name":"Programmes d&#8217;\u00e9tudes","item":"https:\/\/www.ubishops.ca\/fr\/programmes-d-etudes\/"},{"@type":"ListItem","position":3,"name":"Facult\u00e9 des lettres et sciences humaines","item":"https:\/\/www.ubishops.ca\/fr\/programmes-d-etudes\/faculte-des-lettres-et-sciences-humaines\/"},{"@type":"ListItem","position":4,"name":"Musique","item":"https:\/\/www.ubishops.ca\/fr\/programmes-d-etudes\/faculte-des-lettres-et-sciences-humaines\/musique\/"},{"@type":"ListItem","position":5,"name":"Musique Chez Nous"}]},{"@type":"WebSite","@id":"https:\/\/www.ubishops.ca\/#website","url":"https:\/\/www.ubishops.ca\/","name":"Bishop&#039;s University","description":"","potentialAction":[{"@type":"SearchAction","target":{"@type":"EntryPoint","urlTemplate":"https:\/\/www.ubishops.ca\/?s={search_term_string}"},"query-input":{"@type":"PropertyValueSpecification","valueRequired":true,"valueName":"search_term_string"}}],"inLanguage":"fr-FR"}]}},"taxonomy_info":[],"featured_image_src_large":false,"author_info":{"display_name":"Julie Fradette","author_link":"https:\/\/www.ubishops.ca\/fr\/author\/jfradett\/"},"comment_info":0,"publishpress_future_action":{"enabled":false,"date":"2026-04-15 14:45:03","action":"change-status","newStatus":"draft","terms":[],"taxonomy":"translation_priority","extraData":[]},"publishpress_future_workflow_manual_trigger":{"enabledWorkflows":[]},"_links":{"self":[{"href":"https:\/\/www.ubishops.ca\/fr\/wp-json\/wp\/v2\/pages\/7962","targetHints":{"allow":["GET"]}}],"collection":[{"href":"https:\/\/www.ubishops.ca\/fr\/wp-json\/wp\/v2\/pages"}],"about":[{"href":"https:\/\/www.ubishops.ca\/fr\/wp-json\/wp\/v2\/types\/page"}],"author":[{"embeddable":true,"href":"https:\/\/www.ubishops.ca\/fr\/wp-json\/wp\/v2\/users\/49"}],"replies":[{"embeddable":true,"href":"https:\/\/www.ubishops.ca\/fr\/wp-json\/wp\/v2\/comments?post=7962"}],"version-history":[{"count":7,"href":"https:\/\/www.ubishops.ca\/fr\/wp-json\/wp\/v2\/pages\/7962\/revisions"}],"predecessor-version":[{"id":127691,"href":"https:\/\/www.ubishops.ca\/fr\/wp-json\/wp\/v2\/pages\/7962\/revisions\/127691"}],"up":[{"embeddable":true,"href":"https:\/\/www.ubishops.ca\/fr\/wp-json\/wp\/v2\/pages\/82468"}],"wp:attachment":[{"href":"https:\/\/www.ubishops.ca\/fr\/wp-json\/wp\/v2\/media?parent=7962"}],"curies":[{"name":"wp","href":"https:\/\/api.w.org\/{rel}","templated":true}]}}