{"id":78697,"date":"2021-10-19T15:38:38","date_gmt":"2021-10-19T19:38:38","guid":{"rendered":"https:\/\/www.ubishops.ca\/programmes-d-etudes\/faculte-des-arts-et-des-sciences\/lettres-et-sciences-humaines\/etudes-francaises-et-quebecoises-new\/prizes-scholarships\/"},"modified":"2025-11-14T11:53:15","modified_gmt":"2025-11-14T16:53:15","slug":"prix-et-bourses","status":"publish","type":"page","link":"https:\/\/www.ubishops.ca\/fr\/programmes-d-etudes\/faculte-des-lettres-et-sciences-humaines\/etudes-francaises-et-quebecoises\/prix-et-bourses\/","title":{"rendered":"Prix et Bourses"},"content":{"rendered":"\n<h2 class=\"wp-block-heading\">Prix et bourses du d\u00e9partement<\/h2>\n\n\n\n<h3 class=\"wp-block-heading\">\u00c9tudiant(e) finissant(e)<\/h3>\n\n\n\n<p><strong>Prix John S. Visser Memorial<\/strong><br>D\u00e9cern\u00e9 \u00e0 une ou un \u00e9tudiant non finissant qui poursuit des \u00e9tudes en \u00e9ducation et en fran\u00e7ais et qui, aux yeux des d\u00e9partements int\u00e9ress\u00e9s, fait preuve d\u2019excellentes pr\u00e9dispositions pour l\u2019enseignement du fran\u00e7ais.<\/p>\n\n\n\n<p><strong>Prix de l\u2019ambassadeur de Suisse<\/strong><br>D\u00e9cern\u00e9 \u00e0 l\u2019\u00e9tudiant(e) dans sa derni\u00e8re ann\u00e9e qui obtient une note \u00e9lev\u00e9e en fran\u00e7ais (livre).<\/p>\n\n\n\n<p><strong>Prix du lieutenant Roddie Lemieux en fran\u00e7ais<\/strong><br>D\u00e9cern\u00e9 pour comp\u00e9tence en litt\u00e9rature fran\u00e7aise, \u00e0 la m\u00e9moire de Roddie Lemieux, un \u00e9tudiant de l\u2019Universit\u00e9, qui fut tu\u00e9 durant la Guerre de 1914-1918 (100 $).<\/p>\n\n\n\n<h3 class=\"wp-block-heading\">\u00c9tudiant(e) non finissant(e)<\/h3>\n\n\n\n<p>Prix de l\u2019Universit\u00e9 en fran\u00e7ais (50 $)<\/p>\n\n\n\n<h2 class=\"wp-block-heading\">Prix et bourses de l&rsquo;Universit\u00e9 Bishop&rsquo;s<\/h2>\n\n\n\n<p>Gr\u00e2ce \u00e0 l\u2019apport du gouvernement, des anciens, des \u00e9tudiants actuels, des professeurs et du personnel, de la Fondation de Bishop\u2019s, de soci\u00e9t\u00e9s et de donateurs priv\u00e9s, plus de 53 % de nos \u00e9tudiants re\u00e7oivent une aide financi\u00e8re sous forme de bourses, de prix ou de pr\u00eats. Vous pouvez y \u00eatre admissible m\u00eame si vous n\u2019\u00eates pas le premier de votre classe, hyper investi dans des activit\u00e9s parascolaires ou le meilleur coureur. Nous distribuons des centaines de bourses et de prix, aux exigences tr\u00e8s vari\u00e9es\u2026 vous serez peut-\u00eatre surpris de ce que vous recevrez!<\/p>\n\n\n\n<p>Si vous \u00eates un nouvel \u00e9tudiant \u00e0 temps plein de premier cycle provenant de l&rsquo;ext\u00e9rieur du Qu\u00e9bec (y compris les \u00e9tudiants internationaux), veuillez contacter &#x66;r&#x61;&#99;&#x68;&#97;i&#x72;&#64;&#x75;&#98;i&#x73;&#104;&#x6f;&#112;s&#x2e;c&#x61; pour savoir si vous \u00eates admissible \u00e0 une bourse Oui Experience de 350 $ pour un cours de fran\u00e7ais langue seconde.<\/p>\n\n\n\n<p>Veuillez noter que tous les citoyens canadiens, r\u00e9sidents permanents ou membres des Premi\u00e8res Nations, ainsi que les \u00e9tudiants internationaux inscrits \u00e0 temps plein dans un programme de Bachelor&rsquo;s\u00a0sont soumis aux frais de scolarit\u00e9 du Qu\u00e9bec\u00a0pour tous les cours de langue ou de litt\u00e9rature fran\u00e7aise suivis. <a href=\"https:\/\/www.ubishops.ca\/fr\/futurs-etudiants\/questions-financieres\/droits-de-scolarite-et-frais-afferents\/\">Voir ici pour la page Frais de scolarit\u00e9 et autres frais.<\/a><\/p>\n\n\n\n<p><a href=\"https:\/\/www.ubishops.ca\/future-students\/fees-and-funding\/scholarships-awards-bursaries\/\">Voir plus d&rsquo;informations et les formulaires de demande<\/a><\/p>\n","protected":false},"excerpt":{"rendered":"<p>Prix et bourses du d\u00e9partement \u00c9tudiant(e) finissant(e) Prix John S. Visser MemorialD\u00e9cern\u00e9 \u00e0 une ou un \u00e9tudiant non finissant qui poursuit des \u00e9tudes en \u00e9ducation et en fran\u00e7ais et qui, aux yeux des d\u00e9partements int\u00e9ress\u00e9s, fait preuve d\u2019excellentes pr\u00e9dispositions pour l\u2019enseignement du fran\u00e7ais. Prix de l\u2019ambassadeur de SuisseD\u00e9cern\u00e9 \u00e0 l\u2019\u00e9tudiant(e) dans sa derni\u00e8re ann\u00e9e qui&#8230;<\/p>\n","protected":false},"author":49,"featured_media":0,"parent":78670,"menu_order":124,"comment_status":"closed","ping_status":"closed","template":"","meta":{"_acf_changed":false,"_cbd_carousel_blocks":"[]","_kad_blocks_custom_css":"","_kad_blocks_head_custom_js":"","_kad_blocks_body_custom_js":"","_kad_blocks_footer_custom_js":"","_kad_post_transparent":"","_kad_post_title":"","_kad_post_layout":"","_kad_post_sidebar_id":"","_kad_post_content_style":"","_kad_post_vertical_padding":"","_kad_post_feature":"","_kad_post_feature_position":"","_kad_post_header":false,"_kad_post_footer":false,"_kad_post_classname":"","footnotes":""},"class_list":["post-78697","page","type-page","status-publish","hentry"],"acf":[],"yoast_head":"<!-- This site is optimized with the Yoast SEO plugin v27.2 - https:\/\/yoast.com\/product\/yoast-seo-wordpress\/ -->\n<title>Prix et Bourses - Bishop&#039;s University<\/title>\n<meta name=\"robots\" content=\"index, follow, max-snippet:-1, max-image-preview:large, max-video-preview:-1\" \/>\n<link rel=\"canonical\" href=\"https:\/\/www.ubishops.ca\/fr\/programmes-d-etudes\/faculte-des-lettres-et-sciences-humaines\/etudes-francaises-et-quebecoises\/prix-et-bourses\/\" \/>\n<meta property=\"og:locale\" content=\"fr_FR\" \/>\n<meta property=\"og:type\" content=\"article\" \/>\n<meta property=\"og:title\" content=\"Prix et Bourses - Bishop&#039;s University\" \/>\n<meta property=\"og:description\" content=\"Prix et bourses du d\u00e9partement \u00c9tudiant(e) finissant(e) Prix John S. Visser MemorialD\u00e9cern\u00e9 \u00e0 une ou un \u00e9tudiant non finissant qui poursuit des \u00e9tudes en \u00e9ducation et en fran\u00e7ais et qui, aux yeux des d\u00e9partements int\u00e9ress\u00e9s, fait preuve d\u2019excellentes pr\u00e9dispositions pour l\u2019enseignement du fran\u00e7ais. Prix de l\u2019ambassadeur de SuisseD\u00e9cern\u00e9 \u00e0 l\u2019\u00e9tudiant(e) dans sa derni\u00e8re ann\u00e9e qui...\" \/>\n<meta property=\"og:url\" content=\"https:\/\/www.ubishops.ca\/fr\/programmes-d-etudes\/faculte-des-lettres-et-sciences-humaines\/etudes-francaises-et-quebecoises\/prix-et-bourses\/\" \/>\n<meta property=\"og:site_name\" content=\"Bishop&#039;s University\" \/>\n<meta property=\"article:publisher\" content=\"https:\/\/www.facebook.com\/ubishops\" \/>\n<meta property=\"article:modified_time\" content=\"2025-11-14T16:53:15+00:00\" \/>\n<meta name=\"twitter:card\" content=\"summary_large_image\" \/>\n<meta name=\"twitter:site\" content=\"@ubishops\" \/>\n<meta name=\"twitter:label1\" content=\"Dur\u00e9e de lecture estim\u00e9e\" \/>\n\t<meta name=\"twitter:data1\" content=\"2 minutes\" \/>\n<script type=\"application\/ld+json\" class=\"yoast-schema-graph\">{\"@context\":\"https:\/\/schema.org\",\"@graph\":[{\"@type\":\"WebPage\",\"@id\":\"https:\/\/www.ubishops.ca\/fr\/programmes-d-etudes\/faculte-des-lettres-et-sciences-humaines\/etudes-francaises-et-quebecoises\/prix-et-bourses\/\",\"url\":\"https:\/\/www.ubishops.ca\/fr\/programmes-d-etudes\/faculte-des-lettres-et-sciences-humaines\/etudes-francaises-et-quebecoises\/prix-et-bourses\/\",\"name\":\"Prix et Bourses - Bishop&#039;s University\",\"isPartOf\":{\"@id\":\"https:\/\/www.ubishops.ca\/#website\"},\"datePublished\":\"2021-10-19T19:38:38+00:00\",\"dateModified\":\"2025-11-14T16:53:15+00:00\",\"breadcrumb\":{\"@id\":\"https:\/\/www.ubishops.ca\/fr\/programmes-d-etudes\/faculte-des-lettres-et-sciences-humaines\/etudes-francaises-et-quebecoises\/prix-et-bourses\/#breadcrumb\"},\"inLanguage\":\"fr-FR\",\"potentialAction\":[{\"@type\":\"ReadAction\",\"target\":[\"https:\/\/www.ubishops.ca\/fr\/programmes-d-etudes\/faculte-des-lettres-et-sciences-humaines\/etudes-francaises-et-quebecoises\/prix-et-bourses\/\"]}]},{\"@type\":\"BreadcrumbList\",\"@id\":\"https:\/\/www.ubishops.ca\/fr\/programmes-d-etudes\/faculte-des-lettres-et-sciences-humaines\/etudes-francaises-et-quebecoises\/prix-et-bourses\/#breadcrumb\",\"itemListElement\":[{\"@type\":\"ListItem\",\"position\":1,\"name\":\"Accueil\",\"item\":\"https:\/\/www.ubishops.ca\/fr\/\"},{\"@type\":\"ListItem\",\"position\":2,\"name\":\"Programmes d&#8217;\u00e9tudes\",\"item\":\"https:\/\/www.ubishops.ca\/fr\/programmes-d-etudes\/\"},{\"@type\":\"ListItem\",\"position\":3,\"name\":\"Facult\u00e9 des lettres et sciences humaines\",\"item\":\"https:\/\/www.ubishops.ca\/fr\/programmes-d-etudes\/faculte-des-lettres-et-sciences-humaines\/\"},{\"@type\":\"ListItem\",\"position\":4,\"name\":\"\u00c9tudes fran\u00e7aises et qu\u00e9b\u00e9coises\",\"item\":\"https:\/\/www.ubishops.ca\/fr\/programmes-d-etudes\/faculte-des-lettres-et-sciences-humaines\/etudes-francaises-et-quebecoises\/\"},{\"@type\":\"ListItem\",\"position\":5,\"name\":\"Prix et Bourses\"}]},{\"@type\":\"WebSite\",\"@id\":\"https:\/\/www.ubishops.ca\/#website\",\"url\":\"https:\/\/www.ubishops.ca\/\",\"name\":\"Bishop&#039;s University\",\"description\":\"\",\"potentialAction\":[{\"@type\":\"SearchAction\",\"target\":{\"@type\":\"EntryPoint\",\"urlTemplate\":\"https:\/\/www.ubishops.ca\/?s={search_term_string}\"},\"query-input\":{\"@type\":\"PropertyValueSpecification\",\"valueRequired\":true,\"valueName\":\"search_term_string\"}}],\"inLanguage\":\"fr-FR\"}]}<\/script>\n<!-- \/ Yoast SEO plugin. -->","yoast_head_json":{"title":"Prix et Bourses - Bishop&#039;s University","robots":{"index":"index","follow":"follow","max-snippet":"max-snippet:-1","max-image-preview":"max-image-preview:large","max-video-preview":"max-video-preview:-1"},"canonical":"https:\/\/www.ubishops.ca\/fr\/programmes-d-etudes\/faculte-des-lettres-et-sciences-humaines\/etudes-francaises-et-quebecoises\/prix-et-bourses\/","og_locale":"fr_FR","og_type":"article","og_title":"Prix et Bourses - Bishop&#039;s University","og_description":"Prix et bourses du d\u00e9partement \u00c9tudiant(e) finissant(e) Prix John S. Visser MemorialD\u00e9cern\u00e9 \u00e0 une ou un \u00e9tudiant non finissant qui poursuit des \u00e9tudes en \u00e9ducation et en fran\u00e7ais et qui, aux yeux des d\u00e9partements int\u00e9ress\u00e9s, fait preuve d\u2019excellentes pr\u00e9dispositions pour l\u2019enseignement du fran\u00e7ais. Prix de l\u2019ambassadeur de SuisseD\u00e9cern\u00e9 \u00e0 l\u2019\u00e9tudiant(e) dans sa derni\u00e8re ann\u00e9e qui...","og_url":"https:\/\/www.ubishops.ca\/fr\/programmes-d-etudes\/faculte-des-lettres-et-sciences-humaines\/etudes-francaises-et-quebecoises\/prix-et-bourses\/","og_site_name":"Bishop&#039;s University","article_publisher":"https:\/\/www.facebook.com\/ubishops","article_modified_time":"2025-11-14T16:53:15+00:00","twitter_card":"summary_large_image","twitter_site":"@ubishops","twitter_misc":{"Dur\u00e9e de lecture estim\u00e9e":"2 minutes"},"schema":{"@context":"https:\/\/schema.org","@graph":[{"@type":"WebPage","@id":"https:\/\/www.ubishops.ca\/fr\/programmes-d-etudes\/faculte-des-lettres-et-sciences-humaines\/etudes-francaises-et-quebecoises\/prix-et-bourses\/","url":"https:\/\/www.ubishops.ca\/fr\/programmes-d-etudes\/faculte-des-lettres-et-sciences-humaines\/etudes-francaises-et-quebecoises\/prix-et-bourses\/","name":"Prix et Bourses - Bishop&#039;s University","isPartOf":{"@id":"https:\/\/www.ubishops.ca\/#website"},"datePublished":"2021-10-19T19:38:38+00:00","dateModified":"2025-11-14T16:53:15+00:00","breadcrumb":{"@id":"https:\/\/www.ubishops.ca\/fr\/programmes-d-etudes\/faculte-des-lettres-et-sciences-humaines\/etudes-francaises-et-quebecoises\/prix-et-bourses\/#breadcrumb"},"inLanguage":"fr-FR","potentialAction":[{"@type":"ReadAction","target":["https:\/\/www.ubishops.ca\/fr\/programmes-d-etudes\/faculte-des-lettres-et-sciences-humaines\/etudes-francaises-et-quebecoises\/prix-et-bourses\/"]}]},{"@type":"BreadcrumbList","@id":"https:\/\/www.ubishops.ca\/fr\/programmes-d-etudes\/faculte-des-lettres-et-sciences-humaines\/etudes-francaises-et-quebecoises\/prix-et-bourses\/#breadcrumb","itemListElement":[{"@type":"ListItem","position":1,"name":"Accueil","item":"https:\/\/www.ubishops.ca\/fr\/"},{"@type":"ListItem","position":2,"name":"Programmes d&#8217;\u00e9tudes","item":"https:\/\/www.ubishops.ca\/fr\/programmes-d-etudes\/"},{"@type":"ListItem","position":3,"name":"Facult\u00e9 des lettres et sciences humaines","item":"https:\/\/www.ubishops.ca\/fr\/programmes-d-etudes\/faculte-des-lettres-et-sciences-humaines\/"},{"@type":"ListItem","position":4,"name":"\u00c9tudes fran\u00e7aises et qu\u00e9b\u00e9coises","item":"https:\/\/www.ubishops.ca\/fr\/programmes-d-etudes\/faculte-des-lettres-et-sciences-humaines\/etudes-francaises-et-quebecoises\/"},{"@type":"ListItem","position":5,"name":"Prix et Bourses"}]},{"@type":"WebSite","@id":"https:\/\/www.ubishops.ca\/#website","url":"https:\/\/www.ubishops.ca\/","name":"Bishop&#039;s University","description":"","potentialAction":[{"@type":"SearchAction","target":{"@type":"EntryPoint","urlTemplate":"https:\/\/www.ubishops.ca\/?s={search_term_string}"},"query-input":{"@type":"PropertyValueSpecification","valueRequired":true,"valueName":"search_term_string"}}],"inLanguage":"fr-FR"}]}},"taxonomy_info":[],"featured_image_src_large":false,"author_info":{"display_name":"Julie Fradette","author_link":"https:\/\/www.ubishops.ca\/fr\/author\/jfradett\/"},"comment_info":0,"publishpress_future_action":{"enabled":false,"date":"2026-04-15 14:59:16","action":"change-status","newStatus":"draft","terms":[],"taxonomy":"translation_priority","extraData":[]},"publishpress_future_workflow_manual_trigger":{"enabledWorkflows":[]},"_links":{"self":[{"href":"https:\/\/www.ubishops.ca\/fr\/wp-json\/wp\/v2\/pages\/78697","targetHints":{"allow":["GET"]}}],"collection":[{"href":"https:\/\/www.ubishops.ca\/fr\/wp-json\/wp\/v2\/pages"}],"about":[{"href":"https:\/\/www.ubishops.ca\/fr\/wp-json\/wp\/v2\/types\/page"}],"author":[{"embeddable":true,"href":"https:\/\/www.ubishops.ca\/fr\/wp-json\/wp\/v2\/users\/49"}],"replies":[{"embeddable":true,"href":"https:\/\/www.ubishops.ca\/fr\/wp-json\/wp\/v2\/comments?post=78697"}],"version-history":[{"count":3,"href":"https:\/\/www.ubishops.ca\/fr\/wp-json\/wp\/v2\/pages\/78697\/revisions"}],"predecessor-version":[{"id":128945,"href":"https:\/\/www.ubishops.ca\/fr\/wp-json\/wp\/v2\/pages\/78697\/revisions\/128945"}],"up":[{"embeddable":true,"href":"https:\/\/www.ubishops.ca\/fr\/wp-json\/wp\/v2\/pages\/78670"}],"wp:attachment":[{"href":"https:\/\/www.ubishops.ca\/fr\/wp-json\/wp\/v2\/media?parent=78697"}],"curies":[{"name":"wp","href":"https:\/\/api.w.org\/{rel}","templated":true}]}}