{"id":78694,"date":"2021-10-21T09:31:10","date_gmt":"2021-10-21T13:31:10","guid":{"rendered":"https:\/\/www.ubishops.ca\/programmes-d-etudes\/faculte-des-arts-et-des-sciences\/lettres-et-sciences-humaines\/etudes-francaises-et-quebecoises-new\/about\/"},"modified":"2025-11-14T12:09:27","modified_gmt":"2025-11-14T17:09:27","slug":"a-propos","status":"publish","type":"page","link":"https:\/\/www.ubishops.ca\/fr\/programmes-d-etudes\/faculte-des-lettres-et-sciences-humaines\/etudes-francaises-et-quebecoises\/a-propos\/","title":{"rendered":"\u00c0 propos"},"content":{"rendered":"\n<p>\u00c0 Bishop\u2019s, il est facile de combiner un programme de fran\u00e7ais avec une grande vari\u00e9t\u00e9 d\u2019autres programmes (sciences politiques et \u00e9tudes internationales, anglais, espagnol, autres langues modernes, psychologie, administration des affaires, physique, chimie, etc.). Et nos programmes de fran\u00e7ais sont particuli\u00e8rement flexibles.<\/p>\n\n\n\n<h2 class=\"wp-block-heading\">Points forts du programme<\/h2>\n\n\n\n<ul class=\"wp-block-list\">\n<li>La situation g\u00e9ographique de Bishop\u2019s au c\u0153ur d\u2019une ville et d\u2019une r\u00e9gion majoritairement francophones fournit \u00e0 nos \u00e9tudiants une multitude d\u2019occasions d\u2019\u00eatre expos\u00e9s \u00e0 la langue et \u00e0 la culture d\u2019expression fran\u00e7aise \u00e0 l\u2019ext\u00e9rieur des salles de classe.<\/li>\n\n\n\n<li>Nos \u00e9tudiants peuvent suivre des cours \u00e0 l\u2019Universit\u00e9 de Sherbrooke.<\/li>\n\n\n\n<li>Nous ne d\u00e9passons pas le nombre de 30 \u00e9tudiants par classe dans la plupart de nos cours.<\/li>\n\n\n\n<li>Nous avons plusieurs professeurs qui enseignent dans le programme de base de fran\u00e7ais pour les \u00e9tudiants non francophones, ce qui permet \u00e0 nos \u00e9tudiants de se familiariser avec diff\u00e9rents accents.<\/li>\n\n\n\n<li>La popularit\u00e9 de nos cours de langue nous permet d\u2019offrir la plupart de ceux-ci sur une base r\u00e9guli\u00e8re.<\/li>\n\n\n\n<li>Nous avons une vari\u00e9t\u00e9 de cours de litt\u00e9rature fran\u00e7aise et qu\u00e9b\u00e9coise, qui sont offerts en rotation sur deux ou trois ans.<\/li>\n\n\n\n<li>Si vous \u00eates un nouvel \u00e9tudiant \u00e0 temps plein de premier cycle provenant de l&rsquo;ext\u00e9rieur du Qu\u00e9bec (y compris les \u00e9tudiants internationaux), veuillez contacter &#x66;&#x72;&#x61;&#x63;&#x68;&#x61;&#x69;&#x72;&#x40;&#x75;&#x62;&#x69;&#x73;&#x68;&#111;&#112;&#115;&#46;&#99;&#97; pour savoir si vous \u00eates admissible \u00e0 une bourse Oui Experience de 350 $ pour un cours de fran\u00e7ais langue seconde. <a href=\"https:\/\/www.ubishops.ca\/fr\/futurs-etudiants\/questions-financieres\/droits-de-scolarite-et-frais-afferents\/\">Voir ici pour la page Frais de scolarit\u00e9 et autres frais.<\/a><\/li>\n<\/ul>\n\n\n\n<p><a href=\"https:\/\/www.facebook.com\/UBishopsFrench\/\" target=\"_blank\" rel=\"noreferrer noopener\"><\/a>&nbsp; <a href=\"https:\/\/www.facebook.com\/UBishopsFrench\/\" target=\"_blank\" rel=\"noreferrer noopener\">D\u00e9partement d&rsquo;\u00e9tudes fran\u00e7aises et qu\u00e9b\u00e9coises sur Facebook<\/a><\/p>\n","protected":false},"excerpt":{"rendered":"<p>\u00c0 Bishop\u2019s, il est facile de combiner un programme de fran\u00e7ais avec une grande vari\u00e9t\u00e9 d\u2019autres programmes (sciences politiques et \u00e9tudes internationales, anglais, espagnol, autres langues modernes, psychologie, administration des affaires, physique, chimie, etc.). Et nos programmes de fran\u00e7ais sont particuli\u00e8rement flexibles. Points forts du programme &nbsp; D\u00e9partement d&rsquo;\u00e9tudes fran\u00e7aises et qu\u00e9b\u00e9coises sur Facebook<\/p>\n","protected":false},"author":49,"featured_media":0,"parent":78670,"menu_order":122,"comment_status":"closed","ping_status":"closed","template":"","meta":{"_acf_changed":false,"_cbd_carousel_blocks":"[]","_kad_blocks_custom_css":"","_kad_blocks_head_custom_js":"","_kad_blocks_body_custom_js":"","_kad_blocks_footer_custom_js":"","_kad_post_transparent":"","_kad_post_title":"","_kad_post_layout":"","_kad_post_sidebar_id":"","_kad_post_content_style":"","_kad_post_vertical_padding":"","_kad_post_feature":"","_kad_post_feature_position":"","_kad_post_header":false,"_kad_post_footer":false,"_kad_post_classname":"","footnotes":""},"class_list":["post-78694","page","type-page","status-publish","hentry"],"acf":[],"yoast_head":"<!-- This site is optimized with the Yoast SEO plugin v27.2 - https:\/\/yoast.com\/product\/yoast-seo-wordpress\/ -->\n<title>\u00c0 propos - Bishop&#039;s University<\/title>\n<meta name=\"robots\" content=\"index, follow, max-snippet:-1, max-image-preview:large, max-video-preview:-1\" \/>\n<link rel=\"canonical\" href=\"https:\/\/www.ubishops.ca\/fr\/programmes-d-etudes\/faculte-des-lettres-et-sciences-humaines\/etudes-francaises-et-quebecoises\/a-propos\/\" \/>\n<meta property=\"og:locale\" content=\"fr_FR\" \/>\n<meta property=\"og:type\" content=\"article\" \/>\n<meta property=\"og:title\" content=\"\u00c0 propos - Bishop&#039;s University\" \/>\n<meta property=\"og:description\" content=\"\u00c0 Bishop\u2019s, il est facile de combiner un programme de fran\u00e7ais avec une grande vari\u00e9t\u00e9 d\u2019autres programmes (sciences politiques et \u00e9tudes internationales, anglais, espagnol, autres langues modernes, psychologie, administration des affaires, physique, chimie, etc.). Et nos programmes de fran\u00e7ais sont particuli\u00e8rement flexibles. Points forts du programme &nbsp; D\u00e9partement d&rsquo;\u00e9tudes fran\u00e7aises et qu\u00e9b\u00e9coises sur Facebook\" \/>\n<meta property=\"og:url\" content=\"https:\/\/www.ubishops.ca\/fr\/programmes-d-etudes\/faculte-des-lettres-et-sciences-humaines\/etudes-francaises-et-quebecoises\/a-propos\/\" \/>\n<meta property=\"og:site_name\" content=\"Bishop&#039;s University\" \/>\n<meta property=\"article:publisher\" content=\"https:\/\/www.facebook.com\/ubishops\" \/>\n<meta property=\"article:modified_time\" content=\"2025-11-14T17:09:27+00:00\" \/>\n<meta name=\"twitter:card\" content=\"summary_large_image\" \/>\n<meta name=\"twitter:site\" content=\"@ubishops\" \/>\n<meta name=\"twitter:label1\" content=\"Dur\u00e9e de lecture estim\u00e9e\" \/>\n\t<meta name=\"twitter:data1\" content=\"1 minute\" \/>\n<script type=\"application\/ld+json\" class=\"yoast-schema-graph\">{\"@context\":\"https:\/\/schema.org\",\"@graph\":[{\"@type\":\"WebPage\",\"@id\":\"https:\/\/www.ubishops.ca\/fr\/programmes-d-etudes\/faculte-des-lettres-et-sciences-humaines\/etudes-francaises-et-quebecoises\/a-propos\/\",\"url\":\"https:\/\/www.ubishops.ca\/fr\/programmes-d-etudes\/faculte-des-lettres-et-sciences-humaines\/etudes-francaises-et-quebecoises\/a-propos\/\",\"name\":\"\u00c0 propos - Bishop&#039;s University\",\"isPartOf\":{\"@id\":\"https:\/\/www.ubishops.ca\/#website\"},\"datePublished\":\"2021-10-21T13:31:10+00:00\",\"dateModified\":\"2025-11-14T17:09:27+00:00\",\"breadcrumb\":{\"@id\":\"https:\/\/www.ubishops.ca\/fr\/programmes-d-etudes\/faculte-des-lettres-et-sciences-humaines\/etudes-francaises-et-quebecoises\/a-propos\/#breadcrumb\"},\"inLanguage\":\"fr-FR\",\"potentialAction\":[{\"@type\":\"ReadAction\",\"target\":[\"https:\/\/www.ubishops.ca\/fr\/programmes-d-etudes\/faculte-des-lettres-et-sciences-humaines\/etudes-francaises-et-quebecoises\/a-propos\/\"]}]},{\"@type\":\"BreadcrumbList\",\"@id\":\"https:\/\/www.ubishops.ca\/fr\/programmes-d-etudes\/faculte-des-lettres-et-sciences-humaines\/etudes-francaises-et-quebecoises\/a-propos\/#breadcrumb\",\"itemListElement\":[{\"@type\":\"ListItem\",\"position\":1,\"name\":\"Accueil\",\"item\":\"https:\/\/www.ubishops.ca\/fr\/\"},{\"@type\":\"ListItem\",\"position\":2,\"name\":\"Programmes d&#8217;\u00e9tudes\",\"item\":\"https:\/\/www.ubishops.ca\/fr\/programmes-d-etudes\/\"},{\"@type\":\"ListItem\",\"position\":3,\"name\":\"Facult\u00e9 des lettres et sciences humaines\",\"item\":\"https:\/\/www.ubishops.ca\/fr\/programmes-d-etudes\/faculte-des-lettres-et-sciences-humaines\/\"},{\"@type\":\"ListItem\",\"position\":4,\"name\":\"\u00c9tudes fran\u00e7aises et qu\u00e9b\u00e9coises\",\"item\":\"https:\/\/www.ubishops.ca\/fr\/programmes-d-etudes\/faculte-des-lettres-et-sciences-humaines\/etudes-francaises-et-quebecoises\/\"},{\"@type\":\"ListItem\",\"position\":5,\"name\":\"\u00c0 propos\"}]},{\"@type\":\"WebSite\",\"@id\":\"https:\/\/www.ubishops.ca\/#website\",\"url\":\"https:\/\/www.ubishops.ca\/\",\"name\":\"Bishop&#039;s University\",\"description\":\"\",\"potentialAction\":[{\"@type\":\"SearchAction\",\"target\":{\"@type\":\"EntryPoint\",\"urlTemplate\":\"https:\/\/www.ubishops.ca\/?s={search_term_string}\"},\"query-input\":{\"@type\":\"PropertyValueSpecification\",\"valueRequired\":true,\"valueName\":\"search_term_string\"}}],\"inLanguage\":\"fr-FR\"}]}<\/script>\n<!-- \/ Yoast SEO plugin. -->","yoast_head_json":{"title":"\u00c0 propos - Bishop&#039;s University","robots":{"index":"index","follow":"follow","max-snippet":"max-snippet:-1","max-image-preview":"max-image-preview:large","max-video-preview":"max-video-preview:-1"},"canonical":"https:\/\/www.ubishops.ca\/fr\/programmes-d-etudes\/faculte-des-lettres-et-sciences-humaines\/etudes-francaises-et-quebecoises\/a-propos\/","og_locale":"fr_FR","og_type":"article","og_title":"\u00c0 propos - Bishop&#039;s University","og_description":"\u00c0 Bishop\u2019s, il est facile de combiner un programme de fran\u00e7ais avec une grande vari\u00e9t\u00e9 d\u2019autres programmes (sciences politiques et \u00e9tudes internationales, anglais, espagnol, autres langues modernes, psychologie, administration des affaires, physique, chimie, etc.). Et nos programmes de fran\u00e7ais sont particuli\u00e8rement flexibles. Points forts du programme &nbsp; D\u00e9partement d&rsquo;\u00e9tudes fran\u00e7aises et qu\u00e9b\u00e9coises sur Facebook","og_url":"https:\/\/www.ubishops.ca\/fr\/programmes-d-etudes\/faculte-des-lettres-et-sciences-humaines\/etudes-francaises-et-quebecoises\/a-propos\/","og_site_name":"Bishop&#039;s University","article_publisher":"https:\/\/www.facebook.com\/ubishops","article_modified_time":"2025-11-14T17:09:27+00:00","twitter_card":"summary_large_image","twitter_site":"@ubishops","twitter_misc":{"Dur\u00e9e de lecture estim\u00e9e":"1 minute"},"schema":{"@context":"https:\/\/schema.org","@graph":[{"@type":"WebPage","@id":"https:\/\/www.ubishops.ca\/fr\/programmes-d-etudes\/faculte-des-lettres-et-sciences-humaines\/etudes-francaises-et-quebecoises\/a-propos\/","url":"https:\/\/www.ubishops.ca\/fr\/programmes-d-etudes\/faculte-des-lettres-et-sciences-humaines\/etudes-francaises-et-quebecoises\/a-propos\/","name":"\u00c0 propos - Bishop&#039;s University","isPartOf":{"@id":"https:\/\/www.ubishops.ca\/#website"},"datePublished":"2021-10-21T13:31:10+00:00","dateModified":"2025-11-14T17:09:27+00:00","breadcrumb":{"@id":"https:\/\/www.ubishops.ca\/fr\/programmes-d-etudes\/faculte-des-lettres-et-sciences-humaines\/etudes-francaises-et-quebecoises\/a-propos\/#breadcrumb"},"inLanguage":"fr-FR","potentialAction":[{"@type":"ReadAction","target":["https:\/\/www.ubishops.ca\/fr\/programmes-d-etudes\/faculte-des-lettres-et-sciences-humaines\/etudes-francaises-et-quebecoises\/a-propos\/"]}]},{"@type":"BreadcrumbList","@id":"https:\/\/www.ubishops.ca\/fr\/programmes-d-etudes\/faculte-des-lettres-et-sciences-humaines\/etudes-francaises-et-quebecoises\/a-propos\/#breadcrumb","itemListElement":[{"@type":"ListItem","position":1,"name":"Accueil","item":"https:\/\/www.ubishops.ca\/fr\/"},{"@type":"ListItem","position":2,"name":"Programmes d&#8217;\u00e9tudes","item":"https:\/\/www.ubishops.ca\/fr\/programmes-d-etudes\/"},{"@type":"ListItem","position":3,"name":"Facult\u00e9 des lettres et sciences humaines","item":"https:\/\/www.ubishops.ca\/fr\/programmes-d-etudes\/faculte-des-lettres-et-sciences-humaines\/"},{"@type":"ListItem","position":4,"name":"\u00c9tudes fran\u00e7aises et qu\u00e9b\u00e9coises","item":"https:\/\/www.ubishops.ca\/fr\/programmes-d-etudes\/faculte-des-lettres-et-sciences-humaines\/etudes-francaises-et-quebecoises\/"},{"@type":"ListItem","position":5,"name":"\u00c0 propos"}]},{"@type":"WebSite","@id":"https:\/\/www.ubishops.ca\/#website","url":"https:\/\/www.ubishops.ca\/","name":"Bishop&#039;s University","description":"","potentialAction":[{"@type":"SearchAction","target":{"@type":"EntryPoint","urlTemplate":"https:\/\/www.ubishops.ca\/?s={search_term_string}"},"query-input":{"@type":"PropertyValueSpecification","valueRequired":true,"valueName":"search_term_string"}}],"inLanguage":"fr-FR"}]}},"taxonomy_info":[],"featured_image_src_large":false,"author_info":{"display_name":"Julie Fradette","author_link":"https:\/\/www.ubishops.ca\/fr\/author\/jfradett\/"},"comment_info":0,"publishpress_future_action":{"enabled":false,"date":"2026-04-15 13:20:34","action":"change-status","newStatus":"draft","terms":[],"taxonomy":"translation_priority","extraData":[]},"publishpress_future_workflow_manual_trigger":{"enabledWorkflows":[]},"_links":{"self":[{"href":"https:\/\/www.ubishops.ca\/fr\/wp-json\/wp\/v2\/pages\/78694","targetHints":{"allow":["GET"]}}],"collection":[{"href":"https:\/\/www.ubishops.ca\/fr\/wp-json\/wp\/v2\/pages"}],"about":[{"href":"https:\/\/www.ubishops.ca\/fr\/wp-json\/wp\/v2\/types\/page"}],"author":[{"embeddable":true,"href":"https:\/\/www.ubishops.ca\/fr\/wp-json\/wp\/v2\/users\/49"}],"replies":[{"embeddable":true,"href":"https:\/\/www.ubishops.ca\/fr\/wp-json\/wp\/v2\/comments?post=78694"}],"version-history":[{"count":5,"href":"https:\/\/www.ubishops.ca\/fr\/wp-json\/wp\/v2\/pages\/78694\/revisions"}],"predecessor-version":[{"id":128955,"href":"https:\/\/www.ubishops.ca\/fr\/wp-json\/wp\/v2\/pages\/78694\/revisions\/128955"}],"up":[{"embeddable":true,"href":"https:\/\/www.ubishops.ca\/fr\/wp-json\/wp\/v2\/pages\/78670"}],"wp:attachment":[{"href":"https:\/\/www.ubishops.ca\/fr\/wp-json\/wp\/v2\/media?parent=78694"}],"curies":[{"name":"wp","href":"https:\/\/api.w.org\/{rel}","templated":true}]}}