{"id":78581,"date":"2021-10-27T11:48:50","date_gmt":"2021-10-27T15:48:50","guid":{"rendered":"https:\/\/www.ubishops.ca\/etudiants-actuels-futurs-etudiants\/campus-tours-events\/"},"modified":"2025-07-22T11:20:45","modified_gmt":"2025-07-22T15:20:45","slug":"campus-tours-events","status":"publish","type":"page","link":"https:\/\/www.ubishops.ca\/fr\/futurs-etudiants\/campus-tours-events\/","title":{"rendered":"Visites du campus et \u00e9v\u00e9nements"},"content":{"rendered":"\n<h2 class=\"wp-block-heading\">Portes ouvertes<\/h2>\n\n\n\n<p>Nous sommes ravis de ton int\u00e9r\u00eat \u00e0 visiter notre magnifique campus pour en savoir plus sur Bishop\u2019s et sur ce qui rend notre universit\u00e9 si unique. Il est bien s\u00fbr fortement recommand\u00e9 d\u2019assister \u00e0 nos journ\u00e9es portes ouvertes en personne pour vivre l\u2019exp\u00e9rience la plus compl\u00e8te. Cela dit, si ce n\u2019est pas possible, sache que notre journ\u00e9e portes ouvertes virtuelles permet aussi d\u2019en apprendre beaucoup sur l\u2019universit\u00e9, le tout dans le confort de ton foyer!<\/p>\n\n\n\n<h3 class=\"wp-block-heading\">Portes ouvertes en personne<\/h3>\n\n\n\n<p>Nos journ\u00e9es portes ouvertes en personne sont sans conteste la mani\u00e8re la plus int\u00e9ressante de voir tout ce que Bishop\u2019s peut offrir. Chaque automne et chaque printemps, des \u00e9tudiants du monde entier se rendent \u00e0 Lennoxville pour visiter notre campus, rencontrer nos professeurs et d\u2019autres membres du personnel, discuter avec des \u00e9tudiants ambassadeurs, voir un aper\u00e7u de la vie en r\u00e9sidence, profiter d\u2019un repas gratuit et d\u00e9couvrir l\u2019ambiance extraordinaire qui r\u00e8gne \u00e0 Bishop\u2019s. Viens voir par toi-m\u00eame.<\/p>\n\n\n\n<div class=\"wp-block-buttons is-layout-flex wp-block-buttons-is-layout-flex\">\n<div class=\"wp-block-button is-style-fill\"><a class=\"wp-block-button__link wp-element-button\" href=\"https:\/\/www.ubishops.ca\/future-students\/campus-tours-events\/bu-open-houses-and-events\/\">Information sur nos portes ouvertes en personne<\/a><\/div>\n<\/div>\n\n\n\n<h3 class=\"wp-block-heading\">Portes ouvertes virtuelles<\/h3>\n\n\n\n<p>Pour ceux d\u2019entre vous qui ne peuvent pas se rendre dans les Cantons-de-l\u2019Est, nous sommes heureux d\u2019offrir l\u2019exp\u00e9rience virtuellement! Les \u00e9tudiants, les professeurs et le personnel administratif de Bishop\u2019s s\u2019unissent pour offrir une exp\u00e9rience qui donne l\u2019impression d\u2019\u00eatre ici, sur le campus. D\u00e9couvre nos programmes, notre mod\u00e8le d\u2019enseignement et nos services aux \u00e9tudiants, profite d\u2019une visite virtuelle et bien plus encore!<\/p>\n\n\n\n<div class=\"wp-block-buttons is-layout-flex wp-block-buttons-is-layout-flex\">\n<div class=\"wp-block-button is-style-fill\"><a class=\"wp-block-button__link wp-element-button\" href=\"https:\/\/www.ubishops.ca\/future-students\/campus-tours-events\/virtual-open-house\/\">Information sur nos portes ouvertes virtuelles<\/a><\/div>\n<\/div>\n\n\n\n<h2 class=\"wp-block-heading\">Visites du campus<\/h2>\n\n\n\n<p>Tu ne seras pas libre pour la journ\u00e9e portes ouvertes, mais tu souhaites tout de m\u00eame d\u00e9couvrir Bishop\u2019s? Profite d\u2019une exp\u00e9rience guid\u00e9e personnalis\u00e9e en personne ou en ligne. Nos visites guid\u00e9es virtuelles sont disponibles sur demande. Envoie-nous simplement un courriel, et nous r\u00e9glerons tous les d\u00e9tails avec toi.<\/p>\n\n\n\n<h3 class=\"wp-block-heading\">Visites du campus en personne<\/h3>\n\n\n\n<p>En compagnie d\u2019un guide, visite le campus, rencontre des \u00e9tudiants, les professeurs et le personnel, et fais-toi une meilleure id\u00e9e de ton futur environnement. Notre \u00e9quipe fera en sorte que ta visite en vaille la peine, c\u2019est garanti!<\/p>\n\n\n\n<div class=\"wp-block-buttons is-layout-flex wp-block-buttons-is-layout-flex\">\n<div class=\"wp-block-button is-style-fill\"><a class=\"wp-block-button__link wp-element-button\" href=\"https:\/\/www.ubishops.ca\/future-students\/campus-tours-events\/book-a-campus-tour\/\">R\u00e9serve une visite du campus<\/a><\/div>\n<\/div>\n\n\n\n<h3 class=\"wp-block-heading\">Visites du campus virtuelle<\/h3>\n\n\n\n<p>Rejoins-nous en ligne depuis n\u2019importe o\u00f9 dans le monde pour une visite virtuelle personnalis\u00e9e. Nous te pr\u00e9senterons les points saillants de l\u2019exp\u00e9rience de l\u2019Universit\u00e9 Bishop\u2019s et r\u00e9pondrons \u00e0 toutes tes questions.<\/p>\n\n\n\n<div class=\"wp-block-buttons is-layout-flex wp-block-buttons-is-layout-flex\">\n<div class=\"wp-block-button is-style-fill\"><a class=\"wp-block-button__link wp-element-button\" href=\"&#x6d;&#x61;&#x69;&#x6c;&#116;&#111;:vi&#x73;&#x69;&#x74;&#x40;&#117;&#98;ish&#x6f;&#x70;&#x73;&#x2e;&#99;&#97;\">Demande une visite virtuelle<\/a><\/div>\n<\/div>\n\n\n\n\n<section id=\"video-share-block_5ff0516f96b46846cdcc579b90242f6c\" class=\"color-white\">\n\n    <div class=\"video-share\">\n        <div class=\"video-share-container wide-size block-center\">\n\n                            <div class=\"video-container\">\n                                            <iframe loading=\"lazy\" src=\"https:\/\/www.youtube.com\/embed\/FAAPnF6GfRU?rel=0\"  frameborder=\"0\" allow=\"accelerometer; autoplay; clipboard-write; encrypted-media; gyroscope; picture-in-picture\" allowfullscreen><\/iframe>\n                                        <\/div>\n                <\/div>\n                        <div class=\"content\">\n                <div class=\"caption\">\n                                                        <\/div>\n                <div id=\"share-links-container-block_5ff0516f96b46846cdcc579b90242f6c\" class=\"share-links-container\">\n                    <button id=\"share-button-block_5ff0516f96b46846cdcc579b90242f6c\" class=\"share-button\" aria-expanded=\"false\" aria-controls=\"share-links-block_5ff0516f96b46846cdcc579b90242f6c\">\n                        Share with someone                        <svg width=\"18\" height=\"20\" viewBox=\"0 0 18 20\" fill=\"none\" xmlns=\"http:\/\/www.w3.org\/2000\/svg\"><path d=\"M15 14.08C14.24 14.08 13.56 14.38 13.04 14.85L5.91 10.7C5.96 10.47 6 10.24 6 10C6 9.76 5.96 9.53 5.91 9.3L12.96 5.19C13.5 5.69 14.21 6 15 6C16.66 6 18 4.66 18 3C18 1.34 16.66 0 15 0C13.34 0 12 1.34 12 3C12 3.24 12.04 3.47 12.09 3.7L5.04 7.81C4.5 7.31 3.79 7 3 7C1.34 7 0 8.34 0 10C0 11.66 1.34 13 3 13C3.79 13 4.5 12.69 5.04 12.19L12.16 16.35C12.11 16.56 12.08 16.78 12.08 17C12.08 18.61 13.39 19.92 15 19.92C16.61 19.92 17.92 18.61 17.92 17C17.92 15.39 16.61 14.08 15 14.08Z\" fill=\"#582C83\"\/><\/svg>\n                    <\/button>\n                    <div id=\"share-links-block_5ff0516f96b46846cdcc579b90242f6c\" class=\"share-links\" style=\"display:none\">\n\n                                                <ul>\n                            <li>\n                                <a target=\"_blank\" rel=\"noopener\" href=\"https:\/\/www.facebook.com\/sharer\/sharer.php?u=https:\/\/www.youtube.com\/watch?v=FAAPnF6GfRU\" class=\"social-icon fb\" role=\"button\">\n                                    <span>Share on Facebook<\/span>\n                                    <svg role=\"img\" xmlns=\"http:\/\/www.w3.org\/2000\/svg\" viewBox=\"0 0 24 24\" width=\"24\" height=\"24\"><title>Facebook social icon<\/title><path d=\"M24 12.073c0-6.627-5.373-12-12-12s-12 5.373-12 12c0 5.99 4.388 10.954 10.125 11.854v-8.385H7.078v-3.47h3.047V9.43c0-3.007 1.792-4.669 4.533-4.669 1.312 0 2.686.235 2.686.235v2.953H15.83c-1.491 0-1.956.925-1.956 1.874v2.25h3.328l-.532 3.47h-2.796v8.385C19.612 23.027 24 18.062 24 12.073z\"\/><\/svg>\n                                <\/a>\n                            <\/li>\n\n                            <li>\n                                <a target=\"_blank\" rel=\"noopener\" href=\"https:\/\/twitter.com\/share?&#038;url=https:\/\/www.youtube.com\/watch?v=FAAPnF6GfRU\" class=\"social-icon tw\" role=\"button\">\n                                    <span>Share on X<\/span>\n                                    <svg role=\"img\" xmlns=\"http:\/\/www.w3.org\/2000\/svg\" viewBox=\"0 0 24 24\" width=\"24\" height=\"24\"><title>X social icon<\/title><path d=\"M13.969 10.157L22.707 0h-2.071l-7.587 8.819L6.989 0H0l9.164 13.336L0 23.987h2.071l8.012-9.313 6.4 9.313h6.989l-9.503-13.831zm-2.836 3.297L2.817 1.559h3.181L20.638 22.5h-3.181l-6.324-9.046z\"\/><\/svg>\n                                <\/a>\n                            <\/li>\n\n                            <li>\n                                <a target=\"_blank\" rel=\"noopener\" href=\"mailto:?body=https:\/\/www.youtube.com\/watch?v=FAAPnF6GfRU\" class=\"social-icon eml\" role=\"button\">\n                                    <span>Share by Email<\/span>\n                                    <svg xmlns=\"http:\/\/www.w3.org\/2000\/svg\" viewBox=\"0 0 350 350\" width=\"24\" height=\"24\"><title>Mail icon<\/title>\n                                        <g role=\"img\" style=\"stroke: none; stroke-width: 3; stroke-dasharray: none; stroke-linecap: butt; stroke-linejoin: miter; stroke-miterlimit: 10; fill: none; fill-rule: nonzero; opacity: 1;\" transform=\"translate(-1.9444444444444287 -1.9444444444444287) scale(3.89 3.89)\" >\n                                            <path d=\"M 80.536 11.785 H 9.464 C 4.246 11.785 0 16.031 0 21.249 v 47.502 c 0 5.219 4.246 9.464 9.464 9.464 h 71.072 c 5.219 0 9.464 -4.245 9.464 -9.464 V 21.249 C 90 16.031 85.755 11.785 80.536 11.785 z M 9.464 17.785 h 71.072 c 1.91 0 3.464 1.554 3.464 3.464 v 4.949 L 46.192 43.662 c -0.758 0.35 -1.628 0.349 -2.386 0 L 6 26.198 v -4.949 C 6 19.339 7.554 17.785 9.464 17.785 z M 80.536 72.215 H 9.464 C 7.554 72.215 6 70.661 6 68.751 V 32.808 l 35.29 16.301 c 1.179 0.545 2.444 0.816 3.71 0.816 s 2.531 -0.272 3.709 -0.816 L 84 32.807 v 35.944 C 84 70.661 82.446 72.215 80.536 72.215 z\" transform=\" matrix(1 0 0 1 0 0) \" stroke-linecap=\"round\" \/>\n                                        <\/g>\n                                    <\/svg>\n                                <\/a>\n                            <\/li>\n                        <\/ul>\n\n                    <\/div>\n                <\/div>\n            <\/div>\n\n            <script>\n            \/* SHARE ICON WITH ACCESIBILITY *\/\n            \/\/ Set button to click.\n            var sharebutton = document.getElementById( 'share-button-block_5ff0516f96b46846cdcc579b90242f6c' );\n            var sharelinks = document.getElementById( 'share-links-block_5ff0516f96b46846cdcc579b90242f6c');\n            var sharelinks_container = document.getElementById( 'share-links-container-block_5ff0516f96b46846cdcc579b90242f6c');\n\n            function close_sharebutton_block_5ff0516f96b46846cdcc579b90242f6c() {\n                sharebutton.className = sharebutton.className.replace( ' is-active', '' );\n                sharebutton.setAttribute( 'aria-expanded', 'false' );\n            }\n\n            function close_sharelinks_block_5ff0516f96b46846cdcc579b90242f6c() {\n                sharelinks.className = sharelinks.className.replace( ' is-active', '' );\n                sharelinks.setAttribute( 'aria-hidden', 'true' );\n            }\n\n            \/\/ Click the button.\n            sharebutton.onclick = function() {\n                \/\/ Toggle class \"opened\". Set also aria-expanded to true or false.\n                if ( -1 !== sharebutton.className.indexOf( 'is-active' ) ) {\n                    close_sharebutton_block_5ff0516f96b46846cdcc579b90242f6c();\n                } else {\n                    sharebutton.className += ' is-active';\n                    sharebutton.setAttribute( 'aria-expanded', 'true' );\n                }\n\n                \/\/ Toggle class \"opened\". Set also aria-expanded to true or false.\n                if ( -1 !== sharelinks.className.indexOf( 'is-active' ) ) {\n                    close_sharelinks_block_5ff0516f96b46846cdcc579b90242f6c();\n                } else {\n                    sharelinks.className += ' is-active';\n                    sharelinks.setAttribute( 'aria-hidden', 'false' );\n                }\n            };\n\n\n            window.onclick = function(event) {\n                \/\/ When the user clicks anywhere outside of the modal, close it\n                if (-1 !== sharebutton.className.indexOf( 'is-active' ) && event.target !== sharelinks_container && !sharelinks_container.contains(event.target)) {\n                    close_sharebutton_block_5ff0516f96b46846cdcc579b90242f6c();\n                    close_sharelinks_block_5ff0516f96b46846cdcc579b90242f6c();\n                }\n            }\n\n            document.addEventListener(\"keydown\", (e) => {\n                if (-1 !== sharebutton.className.indexOf( 'is-active' ) && event.keyCode == 27) {\n                    close_sharebutton_block_5ff0516f96b46846cdcc579b90242f6c();\n                    close_sharelinks_block_5ff0516f96b46846cdcc579b90242f6c();\n                }\n            });\n\n            <\/script>\n    <\/div>\n\n\n<\/section>\n\n\n<h2 class=\"wp-block-heading\">Clavarder avec nous<\/h2>\n\n\n\n<p>Si tu as des questions au sujet de Bishop\u2019s, de nos programmes au processus d\u2019admission, ou concernant nos journ\u00e9es portes ouvertes et nos visites guid\u00e9es, n\u2019h\u00e9site pas \u00e0 communiquer avec nous.<\/p>\n\n\n\n<p>Appelle-nous sans frais au 1 877 822-8200 ou \u00e9cris-nous \u00e0 <a href=\"m&#97;&#x69;&#x6c;t&#111;&#58;&#x72;&#x65;c&#114;&#x75;&#x69;t&#109;&#101;&#x6e;&#x74;&#64;&#117;&#x62;&#x69;s&#104;&#111;&#x70;&#x73;&#46;&#99;&#x61;\">&#114;&#x65;c&#114;&#x75;i&#116;&#x6d;e&#x6e;&#x74;&#64;&#x75;b&#105;&#x73;h&#111;&#x70;s&#x2e;&#x63;&#97;<\/a> pour parler avec un de nos recruteurs!<\/p>\n\n\n\n<p>Au plaisir de discuter avec toi!<\/p>\n\n\n\n<script> \n\n        window.unibuddySettings = { \n\n            universitySlug: \"bishop-s-university\", \n\n            ubLang: \"fr-CA\", \n\n            ubCookieConsent: 'necessary', \n\n        }; \n\n    <\/script> \n\n    <script type=\"text\/javascript\" src=\"https:\/\/cdn.unibuddy.co\/unibuddy-carousel.js\" async defer><\/script> \n\n<div data-unibuddy-carousel><\/div>\n","protected":false},"excerpt":{"rendered":"<p>Portes ouvertes Nous sommes ravis de ton int\u00e9r\u00eat \u00e0 visiter notre magnifique campus pour en savoir plus sur Bishop\u2019s et sur ce qui rend notre universit\u00e9 si unique. Il est bien s\u00fbr fortement recommand\u00e9 d\u2019assister \u00e0 nos journ\u00e9es portes ouvertes en personne pour vivre l\u2019exp\u00e9rience la plus compl\u00e8te. Cela dit, si ce n\u2019est pas possible,&#8230;<\/p>\n","protected":false},"author":49,"featured_media":103757,"parent":108799,"menu_order":39,"comment_status":"closed","ping_status":"closed","template":"","meta":{"_acf_changed":false,"_cbd_carousel_blocks":"[]","_kad_blocks_custom_css":"","_kad_blocks_head_custom_js":"","_kad_blocks_body_custom_js":"","_kad_blocks_footer_custom_js":"","_kad_post_transparent":"","_kad_post_title":"","_kad_post_layout":"","_kad_post_sidebar_id":"","_kad_post_content_style":"","_kad_post_vertical_padding":"","_kad_post_feature":"","_kad_post_feature_position":"","_kad_post_header":false,"_kad_post_footer":false,"_kad_post_classname":"","footnotes":""},"class_list":["post-78581","page","type-page","status-publish","has-post-thumbnail","hentry"],"acf":[],"yoast_head":"<!-- This site is optimized with the Yoast SEO plugin v27.2 - https:\/\/yoast.com\/product\/yoast-seo-wordpress\/ -->\n<title>Visites du campus et \u00e9v\u00e9nements - Bishop&#039;s University<\/title>\n<meta name=\"robots\" content=\"index, follow, max-snippet:-1, max-image-preview:large, max-video-preview:-1\" \/>\n<link rel=\"canonical\" href=\"https:\/\/www.ubishops.ca\/fr\/futurs-etudiants\/campus-tours-events\/\" \/>\n<meta property=\"og:locale\" content=\"fr_FR\" \/>\n<meta property=\"og:type\" content=\"article\" \/>\n<meta property=\"og:title\" content=\"Visites du campus et \u00e9v\u00e9nements - Bishop&#039;s University\" \/>\n<meta property=\"og:description\" content=\"Portes ouvertes Nous sommes ravis de ton int\u00e9r\u00eat \u00e0 visiter notre magnifique campus pour en savoir plus sur Bishop\u2019s et sur ce qui rend notre universit\u00e9 si unique. Il est bien s\u00fbr fortement recommand\u00e9 d\u2019assister \u00e0 nos journ\u00e9es portes ouvertes en personne pour vivre l\u2019exp\u00e9rience la plus compl\u00e8te. Cela dit, si ce n\u2019est pas possible,...\" \/>\n<meta property=\"og:url\" content=\"https:\/\/www.ubishops.ca\/fr\/futurs-etudiants\/campus-tours-events\/\" \/>\n<meta property=\"og:site_name\" content=\"Bishop&#039;s University\" \/>\n<meta property=\"article:publisher\" content=\"https:\/\/www.facebook.com\/ubishops\" \/>\n<meta property=\"article:modified_time\" content=\"2025-07-22T15:20:45+00:00\" \/>\n<meta property=\"og:image\" content=\"https:\/\/www.ubishops.ca\/wp-content\/uploads\/McGreer_students_joy-1920x656-1.jpg\" \/>\n\t<meta property=\"og:image:width\" content=\"1920\" \/>\n\t<meta property=\"og:image:height\" content=\"656\" \/>\n\t<meta property=\"og:image:type\" content=\"image\/jpeg\" \/>\n<meta name=\"twitter:card\" content=\"summary_large_image\" \/>\n<meta name=\"twitter:site\" content=\"@ubishops\" \/>\n<script type=\"application\/ld+json\" class=\"yoast-schema-graph\">{\"@context\":\"https:\/\/schema.org\",\"@graph\":[{\"@type\":\"WebPage\",\"@id\":\"https:\/\/www.ubishops.ca\/fr\/futurs-etudiants\/campus-tours-events\/\",\"url\":\"https:\/\/www.ubishops.ca\/fr\/futurs-etudiants\/campus-tours-events\/\",\"name\":\"Visites du campus et \u00e9v\u00e9nements - Bishop&#039;s University\",\"isPartOf\":{\"@id\":\"https:\/\/www.ubishops.ca\/#website\"},\"primaryImageOfPage\":{\"@id\":\"https:\/\/www.ubishops.ca\/fr\/futurs-etudiants\/campus-tours-events\/#primaryimage\"},\"image\":{\"@id\":\"https:\/\/www.ubishops.ca\/fr\/futurs-etudiants\/campus-tours-events\/#primaryimage\"},\"thumbnailUrl\":\"https:\/\/www.ubishops.ca\/wp-content\/uploads\/McGreer_students_joy-1920x656-1.jpg\",\"datePublished\":\"2021-10-27T15:48:50+00:00\",\"dateModified\":\"2025-07-22T15:20:45+00:00\",\"breadcrumb\":{\"@id\":\"https:\/\/www.ubishops.ca\/fr\/futurs-etudiants\/campus-tours-events\/#breadcrumb\"},\"inLanguage\":\"fr-FR\",\"potentialAction\":[{\"@type\":\"ReadAction\",\"target\":[\"https:\/\/www.ubishops.ca\/fr\/futurs-etudiants\/campus-tours-events\/\"]}]},{\"@type\":\"ImageObject\",\"inLanguage\":\"fr-FR\",\"@id\":\"https:\/\/www.ubishops.ca\/fr\/futurs-etudiants\/campus-tours-events\/#primaryimage\",\"url\":\"https:\/\/www.ubishops.ca\/wp-content\/uploads\/McGreer_students_joy-1920x656-1.jpg\",\"contentUrl\":\"https:\/\/www.ubishops.ca\/wp-content\/uploads\/McGreer_students_joy-1920x656-1.jpg\",\"width\":1920,\"height\":656,\"caption\":\"A group of happy students sitting on the rail of the McGreer entrance.\"},{\"@type\":\"BreadcrumbList\",\"@id\":\"https:\/\/www.ubishops.ca\/fr\/futurs-etudiants\/campus-tours-events\/#breadcrumb\",\"itemListElement\":[{\"@type\":\"ListItem\",\"position\":1,\"name\":\"Accueil\",\"item\":\"https:\/\/www.ubishops.ca\/fr\/\"},{\"@type\":\"ListItem\",\"position\":2,\"name\":\"Futurs \u00e9tudiants\",\"item\":\"https:\/\/www.ubishops.ca\/fr\/futurs-etudiants\/\"},{\"@type\":\"ListItem\",\"position\":3,\"name\":\"Visites du campus et \u00e9v\u00e9nements\"}]},{\"@type\":\"WebSite\",\"@id\":\"https:\/\/www.ubishops.ca\/#website\",\"url\":\"https:\/\/www.ubishops.ca\/\",\"name\":\"Bishop&#039;s University\",\"description\":\"\",\"potentialAction\":[{\"@type\":\"SearchAction\",\"target\":{\"@type\":\"EntryPoint\",\"urlTemplate\":\"https:\/\/www.ubishops.ca\/?s={search_term_string}\"},\"query-input\":{\"@type\":\"PropertyValueSpecification\",\"valueRequired\":true,\"valueName\":\"search_term_string\"}}],\"inLanguage\":\"fr-FR\"}]}<\/script>\n<!-- \/ Yoast SEO plugin. -->","yoast_head_json":{"title":"Visites du campus et \u00e9v\u00e9nements - Bishop&#039;s University","robots":{"index":"index","follow":"follow","max-snippet":"max-snippet:-1","max-image-preview":"max-image-preview:large","max-video-preview":"max-video-preview:-1"},"canonical":"https:\/\/www.ubishops.ca\/fr\/futurs-etudiants\/campus-tours-events\/","og_locale":"fr_FR","og_type":"article","og_title":"Visites du campus et \u00e9v\u00e9nements - Bishop&#039;s University","og_description":"Portes ouvertes Nous sommes ravis de ton int\u00e9r\u00eat \u00e0 visiter notre magnifique campus pour en savoir plus sur Bishop\u2019s et sur ce qui rend notre universit\u00e9 si unique. Il est bien s\u00fbr fortement recommand\u00e9 d\u2019assister \u00e0 nos journ\u00e9es portes ouvertes en personne pour vivre l\u2019exp\u00e9rience la plus compl\u00e8te. Cela dit, si ce n\u2019est pas possible,...","og_url":"https:\/\/www.ubishops.ca\/fr\/futurs-etudiants\/campus-tours-events\/","og_site_name":"Bishop&#039;s University","article_publisher":"https:\/\/www.facebook.com\/ubishops","article_modified_time":"2025-07-22T15:20:45+00:00","og_image":[{"width":1920,"height":656,"url":"https:\/\/www.ubishops.ca\/wp-content\/uploads\/McGreer_students_joy-1920x656-1.jpg","type":"image\/jpeg"}],"twitter_card":"summary_large_image","twitter_site":"@ubishops","schema":{"@context":"https:\/\/schema.org","@graph":[{"@type":"WebPage","@id":"https:\/\/www.ubishops.ca\/fr\/futurs-etudiants\/campus-tours-events\/","url":"https:\/\/www.ubishops.ca\/fr\/futurs-etudiants\/campus-tours-events\/","name":"Visites du campus et \u00e9v\u00e9nements - Bishop&#039;s University","isPartOf":{"@id":"https:\/\/www.ubishops.ca\/#website"},"primaryImageOfPage":{"@id":"https:\/\/www.ubishops.ca\/fr\/futurs-etudiants\/campus-tours-events\/#primaryimage"},"image":{"@id":"https:\/\/www.ubishops.ca\/fr\/futurs-etudiants\/campus-tours-events\/#primaryimage"},"thumbnailUrl":"https:\/\/www.ubishops.ca\/wp-content\/uploads\/McGreer_students_joy-1920x656-1.jpg","datePublished":"2021-10-27T15:48:50+00:00","dateModified":"2025-07-22T15:20:45+00:00","breadcrumb":{"@id":"https:\/\/www.ubishops.ca\/fr\/futurs-etudiants\/campus-tours-events\/#breadcrumb"},"inLanguage":"fr-FR","potentialAction":[{"@type":"ReadAction","target":["https:\/\/www.ubishops.ca\/fr\/futurs-etudiants\/campus-tours-events\/"]}]},{"@type":"ImageObject","inLanguage":"fr-FR","@id":"https:\/\/www.ubishops.ca\/fr\/futurs-etudiants\/campus-tours-events\/#primaryimage","url":"https:\/\/www.ubishops.ca\/wp-content\/uploads\/McGreer_students_joy-1920x656-1.jpg","contentUrl":"https:\/\/www.ubishops.ca\/wp-content\/uploads\/McGreer_students_joy-1920x656-1.jpg","width":1920,"height":656,"caption":"A group of happy students sitting on the rail of the McGreer entrance."},{"@type":"BreadcrumbList","@id":"https:\/\/www.ubishops.ca\/fr\/futurs-etudiants\/campus-tours-events\/#breadcrumb","itemListElement":[{"@type":"ListItem","position":1,"name":"Accueil","item":"https:\/\/www.ubishops.ca\/fr\/"},{"@type":"ListItem","position":2,"name":"Futurs \u00e9tudiants","item":"https:\/\/www.ubishops.ca\/fr\/futurs-etudiants\/"},{"@type":"ListItem","position":3,"name":"Visites du campus et \u00e9v\u00e9nements"}]},{"@type":"WebSite","@id":"https:\/\/www.ubishops.ca\/#website","url":"https:\/\/www.ubishops.ca\/","name":"Bishop&#039;s University","description":"","potentialAction":[{"@type":"SearchAction","target":{"@type":"EntryPoint","urlTemplate":"https:\/\/www.ubishops.ca\/?s={search_term_string}"},"query-input":{"@type":"PropertyValueSpecification","valueRequired":true,"valueName":"search_term_string"}}],"inLanguage":"fr-FR"}]}},"taxonomy_info":[],"featured_image_src_large":["https:\/\/www.ubishops.ca\/wp-content\/uploads\/McGreer_students_joy-1920x656-1-1024x350.jpg",1024,350,true],"author_info":{"display_name":"Julie Fradette","author_link":"https:\/\/www.ubishops.ca\/fr\/author\/jfradett\/"},"comment_info":0,"publishpress_future_action":{"enabled":false,"date":"2026-04-15 11:18:34","action":"change-status","newStatus":"draft","terms":[],"taxonomy":"translation_priority","extraData":[]},"publishpress_future_workflow_manual_trigger":{"enabledWorkflows":[]},"_links":{"self":[{"href":"https:\/\/www.ubishops.ca\/fr\/wp-json\/wp\/v2\/pages\/78581","targetHints":{"allow":["GET"]}}],"collection":[{"href":"https:\/\/www.ubishops.ca\/fr\/wp-json\/wp\/v2\/pages"}],"about":[{"href":"https:\/\/www.ubishops.ca\/fr\/wp-json\/wp\/v2\/types\/page"}],"author":[{"embeddable":true,"href":"https:\/\/www.ubishops.ca\/fr\/wp-json\/wp\/v2\/users\/49"}],"replies":[{"embeddable":true,"href":"https:\/\/www.ubishops.ca\/fr\/wp-json\/wp\/v2\/comments?post=78581"}],"version-history":[{"count":10,"href":"https:\/\/www.ubishops.ca\/fr\/wp-json\/wp\/v2\/pages\/78581\/revisions"}],"predecessor-version":[{"id":125716,"href":"https:\/\/www.ubishops.ca\/fr\/wp-json\/wp\/v2\/pages\/78581\/revisions\/125716"}],"up":[{"embeddable":true,"href":"https:\/\/www.ubishops.ca\/fr\/wp-json\/wp\/v2\/pages\/108799"}],"wp:featuredmedia":[{"embeddable":true,"href":"https:\/\/www.ubishops.ca\/fr\/wp-json\/wp\/v2\/media\/103757"}],"wp:attachment":[{"href":"https:\/\/www.ubishops.ca\/fr\/wp-json\/wp\/v2\/media?parent=78581"}],"curies":[{"name":"wp","href":"https:\/\/api.w.org\/{rel}","templated":true}]}}