{"id":77720,"date":"2021-10-01T11:23:25","date_gmt":"2021-10-01T15:23:25","guid":{"rendered":"https:\/\/www.ubishops.ca\/programmes-d-etudes\/faculte-des-arts-et-des-sciences\/lettres-et-sciences-humaines\/etudes-francaises-et-quebecoises\/french-help-centre\/"},"modified":"2025-11-14T12:32:58","modified_gmt":"2025-11-14T17:32:58","slug":"centre-aide-francais","status":"publish","type":"page","link":"https:\/\/www.ubishops.ca\/fr\/programmes-d-etudes\/faculte-des-lettres-et-sciences-humaines\/etudes-francaises-et-quebecoises\/centre-aide-francais\/","title":{"rendered":"The French Hub \u2013 Espace linguistique et culturel"},"content":{"rendered":"\n<h2 class=\"wp-block-heading\">\u00c0 propos du French Hub<\/h2>\n\n\n\n<p>Bienvenue au French Hub, ton espace de r\u00e9f\u00e9rence pour tout ce qui touche \u00e0 la langue fran\u00e7aise ! Plus qu&rsquo;un simple centre linguistique, le French Hub est une communaut\u00e9 dynamique o\u00f9 les \u00e9tudiants se r\u00e9unissent pour d\u00e9couvrir la langue et la culture fran\u00e7aises et qu\u00e9b\u00e9coises \u00e0 travers des \u00e9v\u00e9nements hebdomadaires tels que des caf\u00e9s-conversations, des ateliers artistiques, des soir\u00e9es cin\u00e9ma et des projections de s\u00e9ries t\u00e9l\u00e9vis\u00e9es. Que tu souhaites pratiquer tes comp\u00e9tences orales, rencontrer d&rsquo;autres francophiles ou te plonger dans le riche univers des arts et de la culture du Qu\u00e9bec, le French Hub est l&rsquo;endroit id\u00e9al.<br><br>Nous sommes situ\u00e9s au Nicolls 210B. Viens nous rejoindre pour l&rsquo;une de nos nombreuses activit\u00e9s linguistiques et culturelles!<\/p>\n\n\n\n<h2 class=\"wp-block-heading\">Heures d\u2019ouverture<\/h2>\n\n\n\n<p><strong>Heures d\u2019ouverture: du lundi au vendredi de 8 h \u00e0 17 h<\/strong><\/p>\n\n\n\n<p>V<strong>euillez noter que nous serons ferm\u00e9s du 15 juin au 1er septembre.<\/strong><\/p>\n\n\n\n<h2 class=\"wp-block-heading\">Tutorat (Automne 2025)<\/h2>\n\n\n\n<p>\u00c0 compter du 15 septembre, notre service de tutorat sera offert tous les jours \u00e0 la Biblioth\u00e8que et Carrefour des ressources d&rsquo;apprentissage (en haut des escaliers de la biblioth\u00e8que).<br><br>Horaires d&rsquo;ouverture : du lundi au vendredi de 9h \u00e0 17h.<\/p>\n\n\n\n<h2 class=\"wp-block-heading\">Nos r\u00e9seaux sociaux<\/h2>\n\n\n\n<ul class=\"wp-block-social-links is-layout-flex wp-block-social-links-is-layout-flex\"><li class=\"wp-social-link wp-social-link-facebook  wp-block-social-link\"><a href=\"https:\/\/www.facebook.com\/thefrenchhubbu\/\" class=\"wp-block-social-link-anchor\"><svg width=\"24\" height=\"24\" viewBox=\"0 0 24 24\" version=\"1.1\" xmlns=\"http:\/\/www.w3.org\/2000\/svg\" aria-hidden=\"true\" focusable=\"false\"><path d=\"M12 2C6.5 2 2 6.5 2 12c0 5 3.7 9.1 8.4 9.9v-7H7.9V12h2.5V9.8c0-2.5 1.5-3.9 3.8-3.9 1.1 0 2.2.2 2.2.2v2.5h-1.3c-1.2 0-1.6.8-1.6 1.6V12h2.8l-.4 2.9h-2.3v7C18.3 21.1 22 17 22 12c0-5.5-4.5-10-10-10z\"><\/path><\/svg><span class=\"wp-block-social-link-label screen-reader-text\">Facebook<\/span><\/a><\/li>\n\n<li class=\"wp-social-link wp-social-link-instagram  wp-block-social-link\"><a href=\"https:\/\/www.instagram.com\/thefrenchhubbu\/\" class=\"wp-block-social-link-anchor\"><svg width=\"24\" height=\"24\" viewBox=\"0 0 24 24\" version=\"1.1\" xmlns=\"http:\/\/www.w3.org\/2000\/svg\" aria-hidden=\"true\" focusable=\"false\"><path d=\"M12,4.622c2.403,0,2.688,0.009,3.637,0.052c0.877,0.04,1.354,0.187,1.671,0.31c0.42,0.163,0.72,0.358,1.035,0.673 c0.315,0.315,0.51,0.615,0.673,1.035c0.123,0.317,0.27,0.794,0.31,1.671c0.043,0.949,0.052,1.234,0.052,3.637 s-0.009,2.688-0.052,3.637c-0.04,0.877-0.187,1.354-0.31,1.671c-0.163,0.42-0.358,0.72-0.673,1.035 c-0.315,0.315-0.615,0.51-1.035,0.673c-0.317,0.123-0.794,0.27-1.671,0.31c-0.949,0.043-1.233,0.052-3.637,0.052 s-2.688-0.009-3.637-0.052c-0.877-0.04-1.354-0.187-1.671-0.31c-0.42-0.163-0.72-0.358-1.035-0.673 c-0.315-0.315-0.51-0.615-0.673-1.035c-0.123-0.317-0.27-0.794-0.31-1.671C4.631,14.688,4.622,14.403,4.622,12 s0.009-2.688,0.052-3.637c0.04-0.877,0.187-1.354,0.31-1.671c0.163-0.42,0.358-0.72,0.673-1.035 c0.315-0.315,0.615-0.51,1.035-0.673c0.317-0.123,0.794-0.27,1.671-0.31C9.312,4.631,9.597,4.622,12,4.622 M12,3 C9.556,3,9.249,3.01,8.289,3.054C7.331,3.098,6.677,3.25,6.105,3.472C5.513,3.702,5.011,4.01,4.511,4.511 c-0.5,0.5-0.808,1.002-1.038,1.594C3.25,6.677,3.098,7.331,3.054,8.289C3.01,9.249,3,9.556,3,12c0,2.444,0.01,2.751,0.054,3.711 c0.044,0.958,0.196,1.612,0.418,2.185c0.23,0.592,0.538,1.094,1.038,1.594c0.5,0.5,1.002,0.808,1.594,1.038 c0.572,0.222,1.227,0.375,2.185,0.418C9.249,20.99,9.556,21,12,21s2.751-0.01,3.711-0.054c0.958-0.044,1.612-0.196,2.185-0.418 c0.592-0.23,1.094-0.538,1.594-1.038c0.5-0.5,0.808-1.002,1.038-1.594c0.222-0.572,0.375-1.227,0.418-2.185 C20.99,14.751,21,14.444,21,12s-0.01-2.751-0.054-3.711c-0.044-0.958-0.196-1.612-0.418-2.185c-0.23-0.592-0.538-1.094-1.038-1.594 c-0.5-0.5-1.002-0.808-1.594-1.038c-0.572-0.222-1.227-0.375-2.185-0.418C14.751,3.01,14.444,3,12,3L12,3z M12,7.378 c-2.552,0-4.622,2.069-4.622,4.622S9.448,16.622,12,16.622s4.622-2.069,4.622-4.622S14.552,7.378,12,7.378z M12,15 c-1.657,0-3-1.343-3-3s1.343-3,3-3s3,1.343,3,3S13.657,15,12,15z M16.804,6.116c-0.596,0-1.08,0.484-1.08,1.08 s0.484,1.08,1.08,1.08c0.596,0,1.08-0.484,1.08-1.08S17.401,6.116,16.804,6.116z\"><\/path><\/svg><span class=\"wp-block-social-link-label screen-reader-text\">Instagram<\/span><\/a><\/li><\/ul>\n\n\n\n<div style=\"height:40px\" aria-hidden=\"true\" class=\"wp-block-spacer\"><\/div>\n\n\n<div class=\"wp-block-image\">\n<figure class=\"aligncenter size-full is-resized\"><img decoding=\"async\" width=\"2560\" height=\"1423\" src=\"https:\/\/www.ubishops.ca\/wp-content\/uploads\/French-Hub-Photo-Swing4Mauve-scaled.png\" alt=\"\" class=\"wp-image-126820\" style=\"width:596px;height:auto\" srcset=\"https:\/\/www.ubishops.ca\/wp-content\/uploads\/French-Hub-Photo-Swing4Mauve-scaled.png 2560w, https:\/\/www.ubishops.ca\/wp-content\/uploads\/French-Hub-Photo-Swing4Mauve-650x361.png 650w, https:\/\/www.ubishops.ca\/wp-content\/uploads\/French-Hub-Photo-Swing4Mauve-1024x569.png 1024w, https:\/\/www.ubishops.ca\/wp-content\/uploads\/French-Hub-Photo-Swing4Mauve-150x83.png 150w, https:\/\/www.ubishops.ca\/wp-content\/uploads\/French-Hub-Photo-Swing4Mauve-768x427.png 768w, https:\/\/www.ubishops.ca\/wp-content\/uploads\/French-Hub-Photo-Swing4Mauve-1536x854.png 1536w, https:\/\/www.ubishops.ca\/wp-content\/uploads\/French-Hub-Photo-Swing4Mauve-2048x1138.png 2048w\" sizes=\"(max-width: 2560px) 100vw, 2560px\" \/><\/figure>\n<\/div>","protected":false},"excerpt":{"rendered":"<p>\u00c0 propos du French Hub Bienvenue au French Hub, ton espace de r\u00e9f\u00e9rence pour tout ce qui touche \u00e0 la langue fran\u00e7aise ! Plus qu&rsquo;un simple centre linguistique, le French Hub est une communaut\u00e9 dynamique o\u00f9 les \u00e9tudiants se r\u00e9unissent pour d\u00e9couvrir la langue et la culture fran\u00e7aises et qu\u00e9b\u00e9coises \u00e0 travers des \u00e9v\u00e9nements hebdomadaires&#8230;<\/p>\n","protected":false},"author":49,"featured_media":0,"parent":78670,"menu_order":130,"comment_status":"closed","ping_status":"closed","template":"","meta":{"_acf_changed":false,"_cbd_carousel_blocks":"[]","_kad_blocks_custom_css":"","_kad_blocks_head_custom_js":"","_kad_blocks_body_custom_js":"","_kad_blocks_footer_custom_js":"","_kad_post_transparent":"","_kad_post_title":"","_kad_post_layout":"","_kad_post_sidebar_id":"","_kad_post_content_style":"","_kad_post_vertical_padding":"","_kad_post_feature":"","_kad_post_feature_position":"","_kad_post_header":false,"_kad_post_footer":false,"_kad_post_classname":"","footnotes":""},"class_list":["post-77720","page","type-page","status-publish","hentry"],"acf":[],"yoast_head":"<!-- This site is optimized with the Yoast SEO plugin v27.2 - https:\/\/yoast.com\/product\/yoast-seo-wordpress\/ -->\n<title>The French Hub \u2013 Espace linguistique et culturel - Bishop&#039;s University<\/title>\n<meta name=\"robots\" content=\"index, follow, max-snippet:-1, max-image-preview:large, max-video-preview:-1\" \/>\n<link rel=\"canonical\" href=\"https:\/\/www.ubishops.ca\/fr\/programmes-d-etudes\/faculte-des-lettres-et-sciences-humaines\/etudes-francaises-et-quebecoises\/centre-aide-francais\/\" \/>\n<meta property=\"og:locale\" content=\"fr_FR\" \/>\n<meta property=\"og:type\" content=\"article\" \/>\n<meta property=\"og:title\" content=\"The French Hub \u2013 Espace linguistique et culturel - Bishop&#039;s University\" \/>\n<meta property=\"og:description\" content=\"\u00c0 propos du French Hub Bienvenue au French Hub, ton espace de r\u00e9f\u00e9rence pour tout ce qui touche \u00e0 la langue fran\u00e7aise ! Plus qu&rsquo;un simple centre linguistique, le French Hub est une communaut\u00e9 dynamique o\u00f9 les \u00e9tudiants se r\u00e9unissent pour d\u00e9couvrir la langue et la culture fran\u00e7aises et qu\u00e9b\u00e9coises \u00e0 travers des \u00e9v\u00e9nements hebdomadaires...\" \/>\n<meta property=\"og:url\" content=\"https:\/\/www.ubishops.ca\/fr\/programmes-d-etudes\/faculte-des-lettres-et-sciences-humaines\/etudes-francaises-et-quebecoises\/centre-aide-francais\/\" \/>\n<meta property=\"og:site_name\" content=\"Bishop&#039;s University\" \/>\n<meta property=\"article:publisher\" content=\"https:\/\/www.facebook.com\/ubishops\" \/>\n<meta property=\"article:modified_time\" content=\"2025-11-14T17:32:58+00:00\" \/>\n<meta property=\"og:image\" content=\"https:\/\/www.ubishops.ca\/wp-content\/uploads\/French-Hub-Photo-Swing4Mauve-scaled.png\" \/>\n\t<meta property=\"og:image:width\" content=\"2560\" \/>\n\t<meta property=\"og:image:height\" content=\"1423\" \/>\n\t<meta property=\"og:image:type\" content=\"image\/png\" \/>\n<meta name=\"twitter:card\" content=\"summary_large_image\" \/>\n<meta name=\"twitter:site\" content=\"@ubishops\" \/>\n<meta name=\"twitter:label1\" content=\"Dur\u00e9e de lecture estim\u00e9e\" \/>\n\t<meta name=\"twitter:data1\" content=\"1 minute\" \/>\n<script type=\"application\/ld+json\" class=\"yoast-schema-graph\">{\"@context\":\"https:\/\/schema.org\",\"@graph\":[{\"@type\":\"WebPage\",\"@id\":\"https:\/\/www.ubishops.ca\/fr\/programmes-d-etudes\/faculte-des-lettres-et-sciences-humaines\/etudes-francaises-et-quebecoises\/centre-aide-francais\/\",\"url\":\"https:\/\/www.ubishops.ca\/fr\/programmes-d-etudes\/faculte-des-lettres-et-sciences-humaines\/etudes-francaises-et-quebecoises\/centre-aide-francais\/\",\"name\":\"The French Hub \u2013 Espace linguistique et culturel - Bishop&#039;s University\",\"isPartOf\":{\"@id\":\"https:\/\/www.ubishops.ca\/#website\"},\"primaryImageOfPage\":{\"@id\":\"https:\/\/www.ubishops.ca\/fr\/programmes-d-etudes\/faculte-des-lettres-et-sciences-humaines\/etudes-francaises-et-quebecoises\/centre-aide-francais\/#primaryimage\"},\"image\":{\"@id\":\"https:\/\/www.ubishops.ca\/fr\/programmes-d-etudes\/faculte-des-lettres-et-sciences-humaines\/etudes-francaises-et-quebecoises\/centre-aide-francais\/#primaryimage\"},\"thumbnailUrl\":\"https:\/\/www.ubishops.ca\/wp-content\/uploads\/French-Hub-Photo-Swing4Mauve-scaled.png\",\"datePublished\":\"2021-10-01T15:23:25+00:00\",\"dateModified\":\"2025-11-14T17:32:58+00:00\",\"breadcrumb\":{\"@id\":\"https:\/\/www.ubishops.ca\/fr\/programmes-d-etudes\/faculte-des-lettres-et-sciences-humaines\/etudes-francaises-et-quebecoises\/centre-aide-francais\/#breadcrumb\"},\"inLanguage\":\"fr-FR\",\"potentialAction\":[{\"@type\":\"ReadAction\",\"target\":[\"https:\/\/www.ubishops.ca\/fr\/programmes-d-etudes\/faculte-des-lettres-et-sciences-humaines\/etudes-francaises-et-quebecoises\/centre-aide-francais\/\"]}]},{\"@type\":\"ImageObject\",\"inLanguage\":\"fr-FR\",\"@id\":\"https:\/\/www.ubishops.ca\/fr\/programmes-d-etudes\/faculte-des-lettres-et-sciences-humaines\/etudes-francaises-et-quebecoises\/centre-aide-francais\/#primaryimage\",\"url\":\"https:\/\/www.ubishops.ca\/wp-content\/uploads\/French-Hub-Photo-Swing4Mauve-scaled.png\",\"contentUrl\":\"https:\/\/www.ubishops.ca\/wp-content\/uploads\/French-Hub-Photo-Swing4Mauve-scaled.png\"},{\"@type\":\"BreadcrumbList\",\"@id\":\"https:\/\/www.ubishops.ca\/fr\/programmes-d-etudes\/faculte-des-lettres-et-sciences-humaines\/etudes-francaises-et-quebecoises\/centre-aide-francais\/#breadcrumb\",\"itemListElement\":[{\"@type\":\"ListItem\",\"position\":1,\"name\":\"Accueil\",\"item\":\"https:\/\/www.ubishops.ca\/fr\/\"},{\"@type\":\"ListItem\",\"position\":2,\"name\":\"Programmes d&#8217;\u00e9tudes\",\"item\":\"https:\/\/www.ubishops.ca\/fr\/programmes-d-etudes\/\"},{\"@type\":\"ListItem\",\"position\":3,\"name\":\"Facult\u00e9 des lettres et sciences humaines\",\"item\":\"https:\/\/www.ubishops.ca\/fr\/programmes-d-etudes\/faculte-des-lettres-et-sciences-humaines\/\"},{\"@type\":\"ListItem\",\"position\":4,\"name\":\"\u00c9tudes fran\u00e7aises et qu\u00e9b\u00e9coises\",\"item\":\"https:\/\/www.ubishops.ca\/fr\/programmes-d-etudes\/faculte-des-lettres-et-sciences-humaines\/etudes-francaises-et-quebecoises\/\"},{\"@type\":\"ListItem\",\"position\":5,\"name\":\"The French Hub \u2013 Espace linguistique et culturel\"}]},{\"@type\":\"WebSite\",\"@id\":\"https:\/\/www.ubishops.ca\/#website\",\"url\":\"https:\/\/www.ubishops.ca\/\",\"name\":\"Bishop&#039;s University\",\"description\":\"\",\"potentialAction\":[{\"@type\":\"SearchAction\",\"target\":{\"@type\":\"EntryPoint\",\"urlTemplate\":\"https:\/\/www.ubishops.ca\/?s={search_term_string}\"},\"query-input\":{\"@type\":\"PropertyValueSpecification\",\"valueRequired\":true,\"valueName\":\"search_term_string\"}}],\"inLanguage\":\"fr-FR\"}]}<\/script>\n<!-- \/ Yoast SEO plugin. -->","yoast_head_json":{"title":"The French Hub \u2013 Espace linguistique et culturel - Bishop&#039;s University","robots":{"index":"index","follow":"follow","max-snippet":"max-snippet:-1","max-image-preview":"max-image-preview:large","max-video-preview":"max-video-preview:-1"},"canonical":"https:\/\/www.ubishops.ca\/fr\/programmes-d-etudes\/faculte-des-lettres-et-sciences-humaines\/etudes-francaises-et-quebecoises\/centre-aide-francais\/","og_locale":"fr_FR","og_type":"article","og_title":"The French Hub \u2013 Espace linguistique et culturel - Bishop&#039;s University","og_description":"\u00c0 propos du French Hub Bienvenue au French Hub, ton espace de r\u00e9f\u00e9rence pour tout ce qui touche \u00e0 la langue fran\u00e7aise ! Plus qu&rsquo;un simple centre linguistique, le French Hub est une communaut\u00e9 dynamique o\u00f9 les \u00e9tudiants se r\u00e9unissent pour d\u00e9couvrir la langue et la culture fran\u00e7aises et qu\u00e9b\u00e9coises \u00e0 travers des \u00e9v\u00e9nements hebdomadaires...","og_url":"https:\/\/www.ubishops.ca\/fr\/programmes-d-etudes\/faculte-des-lettres-et-sciences-humaines\/etudes-francaises-et-quebecoises\/centre-aide-francais\/","og_site_name":"Bishop&#039;s University","article_publisher":"https:\/\/www.facebook.com\/ubishops","article_modified_time":"2025-11-14T17:32:58+00:00","og_image":[{"width":2560,"height":1423,"url":"https:\/\/www.ubishops.ca\/wp-content\/uploads\/French-Hub-Photo-Swing4Mauve-scaled.png","type":"image\/png"}],"twitter_card":"summary_large_image","twitter_site":"@ubishops","twitter_misc":{"Dur\u00e9e de lecture estim\u00e9e":"1 minute"},"schema":{"@context":"https:\/\/schema.org","@graph":[{"@type":"WebPage","@id":"https:\/\/www.ubishops.ca\/fr\/programmes-d-etudes\/faculte-des-lettres-et-sciences-humaines\/etudes-francaises-et-quebecoises\/centre-aide-francais\/","url":"https:\/\/www.ubishops.ca\/fr\/programmes-d-etudes\/faculte-des-lettres-et-sciences-humaines\/etudes-francaises-et-quebecoises\/centre-aide-francais\/","name":"The French Hub \u2013 Espace linguistique et culturel - Bishop&#039;s University","isPartOf":{"@id":"https:\/\/www.ubishops.ca\/#website"},"primaryImageOfPage":{"@id":"https:\/\/www.ubishops.ca\/fr\/programmes-d-etudes\/faculte-des-lettres-et-sciences-humaines\/etudes-francaises-et-quebecoises\/centre-aide-francais\/#primaryimage"},"image":{"@id":"https:\/\/www.ubishops.ca\/fr\/programmes-d-etudes\/faculte-des-lettres-et-sciences-humaines\/etudes-francaises-et-quebecoises\/centre-aide-francais\/#primaryimage"},"thumbnailUrl":"https:\/\/www.ubishops.ca\/wp-content\/uploads\/French-Hub-Photo-Swing4Mauve-scaled.png","datePublished":"2021-10-01T15:23:25+00:00","dateModified":"2025-11-14T17:32:58+00:00","breadcrumb":{"@id":"https:\/\/www.ubishops.ca\/fr\/programmes-d-etudes\/faculte-des-lettres-et-sciences-humaines\/etudes-francaises-et-quebecoises\/centre-aide-francais\/#breadcrumb"},"inLanguage":"fr-FR","potentialAction":[{"@type":"ReadAction","target":["https:\/\/www.ubishops.ca\/fr\/programmes-d-etudes\/faculte-des-lettres-et-sciences-humaines\/etudes-francaises-et-quebecoises\/centre-aide-francais\/"]}]},{"@type":"ImageObject","inLanguage":"fr-FR","@id":"https:\/\/www.ubishops.ca\/fr\/programmes-d-etudes\/faculte-des-lettres-et-sciences-humaines\/etudes-francaises-et-quebecoises\/centre-aide-francais\/#primaryimage","url":"https:\/\/www.ubishops.ca\/wp-content\/uploads\/French-Hub-Photo-Swing4Mauve-scaled.png","contentUrl":"https:\/\/www.ubishops.ca\/wp-content\/uploads\/French-Hub-Photo-Swing4Mauve-scaled.png"},{"@type":"BreadcrumbList","@id":"https:\/\/www.ubishops.ca\/fr\/programmes-d-etudes\/faculte-des-lettres-et-sciences-humaines\/etudes-francaises-et-quebecoises\/centre-aide-francais\/#breadcrumb","itemListElement":[{"@type":"ListItem","position":1,"name":"Accueil","item":"https:\/\/www.ubishops.ca\/fr\/"},{"@type":"ListItem","position":2,"name":"Programmes d&#8217;\u00e9tudes","item":"https:\/\/www.ubishops.ca\/fr\/programmes-d-etudes\/"},{"@type":"ListItem","position":3,"name":"Facult\u00e9 des lettres et sciences humaines","item":"https:\/\/www.ubishops.ca\/fr\/programmes-d-etudes\/faculte-des-lettres-et-sciences-humaines\/"},{"@type":"ListItem","position":4,"name":"\u00c9tudes fran\u00e7aises et qu\u00e9b\u00e9coises","item":"https:\/\/www.ubishops.ca\/fr\/programmes-d-etudes\/faculte-des-lettres-et-sciences-humaines\/etudes-francaises-et-quebecoises\/"},{"@type":"ListItem","position":5,"name":"The French Hub \u2013 Espace linguistique et culturel"}]},{"@type":"WebSite","@id":"https:\/\/www.ubishops.ca\/#website","url":"https:\/\/www.ubishops.ca\/","name":"Bishop&#039;s University","description":"","potentialAction":[{"@type":"SearchAction","target":{"@type":"EntryPoint","urlTemplate":"https:\/\/www.ubishops.ca\/?s={search_term_string}"},"query-input":{"@type":"PropertyValueSpecification","valueRequired":true,"valueName":"search_term_string"}}],"inLanguage":"fr-FR"}]}},"taxonomy_info":[],"featured_image_src_large":false,"author_info":{"display_name":"Julie Fradette","author_link":"https:\/\/www.ubishops.ca\/fr\/author\/jfradett\/"},"comment_info":0,"publishpress_future_action":{"enabled":false,"date":"2026-04-15 14:59:17","action":"change-status","newStatus":"draft","terms":[],"taxonomy":"translation_priority","extraData":[]},"publishpress_future_workflow_manual_trigger":{"enabledWorkflows":[]},"_links":{"self":[{"href":"https:\/\/www.ubishops.ca\/fr\/wp-json\/wp\/v2\/pages\/77720","targetHints":{"allow":["GET"]}}],"collection":[{"href":"https:\/\/www.ubishops.ca\/fr\/wp-json\/wp\/v2\/pages"}],"about":[{"href":"https:\/\/www.ubishops.ca\/fr\/wp-json\/wp\/v2\/types\/page"}],"author":[{"embeddable":true,"href":"https:\/\/www.ubishops.ca\/fr\/wp-json\/wp\/v2\/users\/49"}],"replies":[{"embeddable":true,"href":"https:\/\/www.ubishops.ca\/fr\/wp-json\/wp\/v2\/comments?post=77720"}],"version-history":[{"count":5,"href":"https:\/\/www.ubishops.ca\/fr\/wp-json\/wp\/v2\/pages\/77720\/revisions"}],"predecessor-version":[{"id":128957,"href":"https:\/\/www.ubishops.ca\/fr\/wp-json\/wp\/v2\/pages\/77720\/revisions\/128957"}],"up":[{"embeddable":true,"href":"https:\/\/www.ubishops.ca\/fr\/wp-json\/wp\/v2\/pages\/78670"}],"wp:attachment":[{"href":"https:\/\/www.ubishops.ca\/fr\/wp-json\/wp\/v2\/media?parent=77720"}],"curies":[{"name":"wp","href":"https:\/\/api.w.org\/{rel}","templated":true}]}}