{"id":71701,"date":"2016-07-27T14:33:12","date_gmt":"2016-07-27T18:33:12","guid":{"rendered":"https:\/\/www.ubishops.ca\/etudiants-actuels-futurs-etudiants\/processus-dadmission\/bacf-students\/"},"modified":"2025-10-23T11:26:30","modified_gmt":"2025-10-23T15:26:30","slug":"bacf-students","status":"publish","type":"page","link":"https:\/\/www.ubishops.ca\/fr\/futurs-etudiants\/processus-dadmission\/admission-requirements\/bacf-students\/","title":{"rendered":"\u00c9tudiants au baccalaur\u00e9at fran\u00e7ais (BACF)"},"content":{"rendered":"\n<p>Vous \u00eates consid\u00e9r\u00e9 comme \u00e9tudiant au baccalaur\u00e9at fran\u00e7ais (BACF) pour les fins de l\u2019admission si&nbsp;:<\/p>\n\n\n\n<ul class=\"wp-block-list\">\n<li>vous effectuez un <em>baccalaur\u00e9at fran\u00e7ais<\/em>; ou<\/li>\n\n\n\n<li>vous avez obtenu un <em>baccalaur\u00e9at fran\u00e7ais<\/em> dans les deux derni\u00e8res ann\u00e9es et vous n\u2019avez pas \u00e9tudi\u00e9 ailleurs depuis.<\/li>\n<\/ul>\n\n\n\n<div class=\"wp-block-buttons is-layout-flex wp-block-buttons-is-layout-flex\">\n<div class=\"wp-block-button\"><a class=\"wp-block-button__link has-purple-background-color has-background wp-element-button\" href=\"https:\/\/www.ubishops.ca\/future-students\/bishops-university-online-application\/\">Faites votre demande d\u2019admission maintenant<\/a><\/div>\n<\/div>\n\n\n\n<h2 class=\"wp-block-heading\">Crit\u00e8res d\u2019admission&nbsp;: g\u00e9n\u00e9ralit\u00e9s<\/h2>\n\n\n\n<p>Les crit\u00e8res suivants servent de rep\u00e8re pour que le dossier d\u2019admission soit consid\u00e9r\u00e9 comme comp\u00e9titif. \u00c0 chaque cycle d\u2019admission, l\u2019Universit\u00e9 Bishop\u2019s re\u00e7oit plus de demandes que le nombre de places disponibles. L\u2019atteinte des crit\u00e8res minimaux ne garantit pas l\u2019admission. Les candidats qui ne respectent pas les crit\u00e8res minimaux peuvent \u00eatre \u00e9valu\u00e9s sur une base individuelle. Le bureau d\u2019admission peut alors demander des compl\u00e9ments d\u2019information en plus de ce qui est indiqu\u00e9 ci-dessous&nbsp;:<\/p>\n\n\n\n<ul class=\"wp-block-list\">\n<li>B<em>accalaur\u00e9at fran\u00e7ais g\u00e9n\u00e9ral termin\u00e9<\/em><\/li>\n\n\n\n<li>Score BACF minimal de 12,5<\/li>\n<\/ul>\n\n\n\n<p>Les candidats qui ont obtenu d\u2019excellents r\u00e9sultats dans un baccalaur\u00e9at professionnel ou technologique peuvent \u00eatre \u00e9valu\u00e9s individuellement selon la fili\u00e8re du baccalaur\u00e9at suivie et le programme d\u2019\u00e9tudes voulu.<\/p>\n\n\n\n<h2 class=\"wp-block-heading\">Crit\u00e8res d\u2019admission dans des programmes particuliers<\/h2>\n\n\n\n<h3 class=\"wp-block-heading\">Division du programme de baccalaur\u00e9at<\/h3>\n\n\n\n<p><strong>\u00c9COLE DE GESTION WILLIAMS<\/strong><\/p>\n\n\n\n<ul class=\"wp-block-list\">\n<li>Premi\u00e8re (11<sup>e<\/sup>\u00a0ann\u00e9e) \u2013 Sp\u00e9cialit\u00e9 Math\u00e9matiques<\/li>\n<\/ul>\n\n\n\n<p><strong>SCIENCES HUMAINES<\/strong><\/p>\n\n\n\n<ul class=\"wp-block-list\">\n<li>Aucun sujet particulier<\/li>\n<\/ul>\n\n\n\n<p><strong>SCIENCES SOCIALES<\/strong><\/p>\n\n\n\n<ul class=\"wp-block-list\">\n<li>Programmes de baccalaur\u00e9at \u00e8s arts \u2013 Aucun sujet particulier<\/li>\n\n\n\n<li>Programmes de baccalaur\u00e9at \u00e8s sciences\n<ul class=\"wp-block-list\">\n<li>Premi\u00e8re (11<sup>e<\/sup>&nbsp;ann\u00e9e) \u2013 Sp\u00e9cialit\u00e9 Math\u00e9matiques + Sp\u00e9cialit\u00e9 SVT ou Sp\u00e9cialit\u00e9 physique\/chimie<\/li>\n\n\n\n<li>Terminale (12<sup>e<\/sup>\u00a0ann\u00e9e) \u2013 Sp\u00e9cialit\u00e9 Math\u00e9matiques<\/li>\n<\/ul>\n<\/li>\n<\/ul>\n\n\n\n<p><strong>SCIENCES NATURELLES ET MATH\u00c9MATIQUES<\/strong><\/p>\n\n\n\n<ul class=\"wp-block-list\">\n<li>Programmes de baccalaur\u00e9at \u00e8s arts \u2013 Aucun sujet particulier<\/li>\n\n\n\n<li>Programmes de baccalaur\u00e9at \u00e8s sciences\n<ul class=\"wp-block-list\">\n<li>Premi\u00e8re (11<sup>e<\/sup>&nbsp;ann\u00e9e) \u2013 Sp\u00e9cialit\u00e9 Math\u00e9matiques + Sp\u00e9cialit\u00e9 SVT ou Sp\u00e9cialit\u00e9 physique\/chimie<\/li>\n\n\n\n<li>Terminale (12<sup>e<\/sup>\u00a0ann\u00e9e) \u2013 Sp\u00e9cialit\u00e9 Math\u00e9matiques<\/li>\n<\/ul>\n<\/li>\n<\/ul>\n\n\n\n<p><strong>\u00c9COLE D\u2019\u00c9DUCATION<\/strong><\/p>\n\n\n\n<ul class=\"wp-block-list\">\n<li>Baccalaur\u00e9at \u00e8s \u00e9ducation \u2013 \u00c9ducation secondaire, profil Math\u00e9matiques du profil Sciences et technologie\n<ul class=\"wp-block-list\">\n<li>Premi\u00e8re (11<sup>e<\/sup>&nbsp;ann\u00e9e) \u2013 Sp\u00e9cialit\u00e9 Math\u00e9matiques + Sp\u00e9cialit\u00e9 SVT ou Sp\u00e9cialit\u00e9 physique\/chimie<\/li>\n\n\n\n<li>Terminale (12<sup>e<\/sup>&nbsp;ann\u00e9e) \u2013 Sp\u00e9cialit\u00e9 Math\u00e9matiques<\/li>\n<\/ul>\n<\/li>\n\n\n\n<li>Autres profils de baccalaur\u00e9at \u00e8s \u00e9ducation\u00a0: Aucun sujet particulier<\/li>\n<\/ul>\n\n\n\n<h2 class=\"wp-block-heading\">Documents justificatifs requis&nbsp;: tous les candidats<\/h2>\n\n\n\n<ul class=\"wp-block-list\">\n<li>Preuve de comp\u00e9tence en anglais&nbsp;: Les candidats qui respectent les crit\u00e8res d\u2019admission indiqu\u00e9s pour le baccalaur\u00e9at fran\u00e7ais n\u2019ont g\u00e9n\u00e9ralement pas besoin de remettre une preuve distincte de comp\u00e9tence en anglais. Le bureau d\u2019admission se r\u00e9serve toutefois le droit d\u2019en exiger une sur une base individuelle. Consultez les documents sur les <a href=\"https:\/\/www.ubishops.ca\/wp-content\/uploads\/EngLangProof_SupportingDocs.pdf\" target=\"_blank\" rel=\"noreferrer noopener\">Crit\u00e8res de comp\u00e9tence en anglais<\/a> (en anglais) pour savoir quels documents constituent une preuve de comp\u00e9tence en anglais.<\/li>\n\n\n\n<li>Une copie de votre relev\u00e9 de notes du secondaire en <em>Premi\u00e8re et en Terminale<\/em>, y compris les notes de mi-session les plus r\u00e9centes et les scores du BACF anticip\u00e9s, dans la mesure du possible (ou les r\u00e9sultats finaux du BACF si vous d\u00e9tenez d\u00e9j\u00e0 votre dipl\u00f4me).<\/li>\n\n\n\n<li>Une copie de vos documents d\u2019identification personnelle. Consultez la page des <a href=\"https:\/\/www.ubishops.ca\/future-students\/admission-process\/personal-identification-documents\/\">Documents d\u2019identification personnelle<\/a> (en anglais) pour savoir quels documents fournir.<\/li>\n<\/ul>\n\n\n\n<p>L\u2019Universit\u00e9 Bishop\u2019s adopte une approche globale du processus d\u2019admission. Tous les documents suppl\u00e9mentaires fournis par le candidat seront \u00e9valu\u00e9s. \u00c0 la demande du bureau d\u2019admission, vous devrez peut-\u00eatre fournir d\u2019autres documents (d\u00e9claration personnelle, <a href=\"https:\/\/www.ubishops.ca\/future-students\/admission-process\/letter-of-intent-hold-status\/\">lettre d\u2019intention<\/a>, lettre de recommandation, r\u00e9daction, curriculum vit\u00e6, etc.) avec votre demande pour contribuer \u00e0 l\u2019\u00e9valuation.<\/p>\n\n\n\n<h2 class=\"wp-block-heading\">Autres documents justificatifs dans des programmes particuliers<\/h2>\n\n\n\n<p><strong>Candidats aux programmes du d\u00e9partement de musique<\/strong><\/p>\n\n\n\n<p>Les candidats aux programmes du d\u00e9partement de musique suivants doivent fournir une audition et une lettre exposant leur parcours musical. Consultez la <a href=\"https:\/\/www.ubishops.ca\/wp-content\/uploads\/MusicApplicant_WebsiteInfo_Fall2013_Final-1.pdf\">Feuille d\u2019information sur l\u2019admission en musique<\/a> (en anglais) pour en savoir plus&nbsp;:<\/p>\n\n\n\n<ul class=\"wp-block-list\">\n<li>Baccalaur\u00e9at avec majeure en musique&nbsp;: Classique<\/li>\n\n\n\n<li>Baccalaur\u00e9at avec majeure en musique&nbsp;: \u00c9tudes en musique populaire<\/li>\n\n\n\n<li>Baccalaur\u00e9at avec majeure en musique&nbsp;: Concentration th\u00e9\u00e2tre musical<\/li>\n\n\n\n<li>Baccalaur\u00e9at avec majeure en administration des arts&nbsp;: Concentration musique<\/li>\n\n\n\n<li>Baccalaur\u00e9at \u00e8s \u00e9ducation en enseignement et apprentissage des arts cr\u00e9atifs&nbsp;: Musique<\/li>\n<\/ul>\n\n\n\n<h2 class=\"wp-block-heading\">Comment soumettre des documents<\/h2>\n\n\n\n<p>Tous les documents justificatifs peuvent \u00eatre t\u00e9l\u00e9vers\u00e9s dans notre syst\u00e8me en ligne au moment de la demande d\u2019admission ou par le Portail MyBU des candidats par l\u2019option \u00ab\u2009Soumettre les documents manquants\u2009\u00bb (<em>Submit Missing Documents<\/em>). Ils peuvent \u00e9galement \u00eatre transmis par courriel, \u00e0 <a href=\"&#109;&#x61;i&#108;&#x74;o&#x3a;&#x61;&#100;&#x6d;i&#115;&#x73;i&#111;&#x6e;&#115;&#x40;u&#98;&#x69;s&#104;&#x6f;&#112;&#x73;&#x2e;&#99;&#x61;\">&#x61;&#x64;&#109;i&#x73;&#x73;&#105;&#111;n&#x73;&#x40;&#117;&#98;i&#x73;&#x68;&#111;ps&#x2e;&#x63;&#97;<\/a>.<\/p>\n\n\n\n<h2 class=\"wp-block-heading\">\u00c9ch\u00e9ancier d\u2019admission<\/h2>\n\n\n\n<p>Une fois la p\u00e9riode d\u2019\u00e9valuation amorc\u00e9e dans le cadre d\u2019un cycle d\u2019admission, les fichiers sont \u00e9valu\u00e9s sur une base continue. Autrement dit, d\u00e8s la r\u00e9ception de tous les documents exig\u00e9s, le bureau proc\u00e9dera \u00e0 une \u00e9valuation initiale dans les dix jours ouvrables. (Exceptions&nbsp;: programmes de ma\u00eetrise, demandes aux programmes de musique qui sont \u00e9galement \u00e9valu\u00e9s en fonction de l\u2019audition et programme d\u2019admission comp\u00e9titifs).<\/p>\n\n\n\n<h2 class=\"wp-block-heading\">Des questions?<\/h2>\n\n\n\n<p>Vous pouvez prendre contact avec le bureau des admissions par courriel \u00e0 <a href=\"ma&#105;&#108;&#116;&#x6f;&#x3a;&#x61;&#x64;mi&#115;&#115;&#105;&#x6f;&#x6e;&#x73;&#x40;ub&#105;&#115;&#104;&#x6f;&#x70;&#x73;&#x2e;ca\">a&#100;&#x6d;&#x69;&#x73;s&#105;&#x6f;&#x6e;&#x73;&#64;&#117;&#x62;&#x69;&#x73;h&#111;&#x70;&#x73;&#x2e;c&#97;<\/a> ou par t\u00e9l\u00e9phone au 819-822-9600, poste&nbsp;2680.<\/p>\n\n\n\n<div class=\"wp-block-buttons is-layout-flex wp-block-buttons-is-layout-flex\">\n<div class=\"wp-block-button\"><a class=\"wp-block-button__link has-purple-background-color has-background wp-element-button\" href=\"https:\/\/www.ubishops.ca\/future-students\/bishops-university-online-application\/\">Faites votre demande d\u2019admission maintenant<\/a><\/div>\n<\/div>\n","protected":false},"excerpt":{"rendered":"<p>Vous \u00eates consid\u00e9r\u00e9 comme \u00e9tudiant au baccalaur\u00e9at fran\u00e7ais (BACF) pour les fins de l\u2019admission si&nbsp;: Crit\u00e8res d\u2019admission&nbsp;: g\u00e9n\u00e9ralit\u00e9s Les crit\u00e8res suivants servent de rep\u00e8re pour que le dossier d\u2019admission soit consid\u00e9r\u00e9 comme comp\u00e9titif. \u00c0 chaque cycle d\u2019admission, l\u2019Universit\u00e9 Bishop\u2019s re\u00e7oit plus de demandes que le nombre de places disponibles. L\u2019atteinte des crit\u00e8res minimaux ne garantit&#8230;<\/p>\n","protected":false},"author":49,"featured_media":0,"parent":80854,"menu_order":107,"comment_status":"closed","ping_status":"closed","template":"","meta":{"_acf_changed":false,"_cbd_carousel_blocks":"[]","_kad_blocks_custom_css":"","_kad_blocks_head_custom_js":"","_kad_blocks_body_custom_js":"","_kad_blocks_footer_custom_js":"","_kad_post_transparent":"","_kad_post_title":"","_kad_post_layout":"","_kad_post_sidebar_id":"","_kad_post_content_style":"","_kad_post_vertical_padding":"","_kad_post_feature":"","_kad_post_feature_position":"","_kad_post_header":false,"_kad_post_footer":false,"_kad_post_classname":"","footnotes":""},"class_list":["post-71701","page","type-page","status-publish","hentry"],"acf":[],"yoast_head":"<!-- This site is optimized with the Yoast SEO plugin v27.2 - https:\/\/yoast.com\/product\/yoast-seo-wordpress\/ -->\n<title>\u00c9tudiants au baccalaur\u00e9at fran\u00e7ais (BACF) - Bishop&#039;s University<\/title>\n<meta name=\"robots\" content=\"index, follow, max-snippet:-1, max-image-preview:large, max-video-preview:-1\" \/>\n<link rel=\"canonical\" href=\"https:\/\/www.ubishops.ca\/fr\/futurs-etudiants\/processus-dadmission\/admission-requirements\/bacf-students\/\" \/>\n<meta property=\"og:locale\" content=\"fr_FR\" \/>\n<meta property=\"og:type\" content=\"article\" \/>\n<meta property=\"og:title\" content=\"\u00c9tudiants au baccalaur\u00e9at fran\u00e7ais (BACF) - Bishop&#039;s University\" \/>\n<meta property=\"og:description\" content=\"Vous \u00eates consid\u00e9r\u00e9 comme \u00e9tudiant au baccalaur\u00e9at fran\u00e7ais (BACF) pour les fins de l\u2019admission si&nbsp;: Crit\u00e8res d\u2019admission&nbsp;: g\u00e9n\u00e9ralit\u00e9s Les crit\u00e8res suivants servent de rep\u00e8re pour que le dossier d\u2019admission soit consid\u00e9r\u00e9 comme comp\u00e9titif. \u00c0 chaque cycle d\u2019admission, l\u2019Universit\u00e9 Bishop\u2019s re\u00e7oit plus de demandes que le nombre de places disponibles. L\u2019atteinte des crit\u00e8res minimaux ne garantit...\" \/>\n<meta property=\"og:url\" content=\"https:\/\/www.ubishops.ca\/fr\/futurs-etudiants\/processus-dadmission\/admission-requirements\/bacf-students\/\" \/>\n<meta property=\"og:site_name\" content=\"Bishop&#039;s University\" \/>\n<meta property=\"article:publisher\" content=\"https:\/\/www.facebook.com\/ubishops\" \/>\n<meta property=\"article:modified_time\" content=\"2025-10-23T15:26:30+00:00\" \/>\n<meta name=\"twitter:card\" content=\"summary_large_image\" \/>\n<meta name=\"twitter:site\" content=\"@ubishops\" \/>\n<meta name=\"twitter:label1\" content=\"Dur\u00e9e de lecture estim\u00e9e\" \/>\n\t<meta name=\"twitter:data1\" content=\"4 minutes\" \/>\n<script type=\"application\/ld+json\" class=\"yoast-schema-graph\">{\"@context\":\"https:\/\/schema.org\",\"@graph\":[{\"@type\":\"WebPage\",\"@id\":\"https:\/\/www.ubishops.ca\/fr\/futurs-etudiants\/processus-dadmission\/admission-requirements\/bacf-students\/\",\"url\":\"https:\/\/www.ubishops.ca\/fr\/futurs-etudiants\/processus-dadmission\/admission-requirements\/bacf-students\/\",\"name\":\"\u00c9tudiants au baccalaur\u00e9at fran\u00e7ais (BACF) - Bishop&#039;s University\",\"isPartOf\":{\"@id\":\"https:\/\/www.ubishops.ca\/#website\"},\"datePublished\":\"2016-07-27T18:33:12+00:00\",\"dateModified\":\"2025-10-23T15:26:30+00:00\",\"breadcrumb\":{\"@id\":\"https:\/\/www.ubishops.ca\/fr\/futurs-etudiants\/processus-dadmission\/admission-requirements\/bacf-students\/#breadcrumb\"},\"inLanguage\":\"fr-FR\",\"potentialAction\":[{\"@type\":\"ReadAction\",\"target\":[\"https:\/\/www.ubishops.ca\/fr\/futurs-etudiants\/processus-dadmission\/admission-requirements\/bacf-students\/\"]}]},{\"@type\":\"BreadcrumbList\",\"@id\":\"https:\/\/www.ubishops.ca\/fr\/futurs-etudiants\/processus-dadmission\/admission-requirements\/bacf-students\/#breadcrumb\",\"itemListElement\":[{\"@type\":\"ListItem\",\"position\":1,\"name\":\"Accueil\",\"item\":\"https:\/\/www.ubishops.ca\/fr\/\"},{\"@type\":\"ListItem\",\"position\":2,\"name\":\"Futurs \u00e9tudiants\",\"item\":\"https:\/\/www.ubishops.ca\/fr\/futurs-etudiants\/\"},{\"@type\":\"ListItem\",\"position\":3,\"name\":\"Processus d\u2019admission\",\"item\":\"https:\/\/www.ubishops.ca\/fr\/futurs-etudiants\/processus-dadmission\/\"},{\"@type\":\"ListItem\",\"position\":4,\"name\":\"Crit\u00e8res d\u2019admission\",\"item\":\"https:\/\/www.ubishops.ca\/fr\/futurs-etudiants\/processus-dadmission\/admission-requirements\/\"},{\"@type\":\"ListItem\",\"position\":5,\"name\":\"\u00c9tudiants au baccalaur\u00e9at fran\u00e7ais (BACF)\"}]},{\"@type\":\"WebSite\",\"@id\":\"https:\/\/www.ubishops.ca\/#website\",\"url\":\"https:\/\/www.ubishops.ca\/\",\"name\":\"Bishop&#039;s University\",\"description\":\"\",\"potentialAction\":[{\"@type\":\"SearchAction\",\"target\":{\"@type\":\"EntryPoint\",\"urlTemplate\":\"https:\/\/www.ubishops.ca\/?s={search_term_string}\"},\"query-input\":{\"@type\":\"PropertyValueSpecification\",\"valueRequired\":true,\"valueName\":\"search_term_string\"}}],\"inLanguage\":\"fr-FR\"}]}<\/script>\n<!-- \/ Yoast SEO plugin. -->","yoast_head_json":{"title":"\u00c9tudiants au baccalaur\u00e9at fran\u00e7ais (BACF) - Bishop&#039;s University","robots":{"index":"index","follow":"follow","max-snippet":"max-snippet:-1","max-image-preview":"max-image-preview:large","max-video-preview":"max-video-preview:-1"},"canonical":"https:\/\/www.ubishops.ca\/fr\/futurs-etudiants\/processus-dadmission\/admission-requirements\/bacf-students\/","og_locale":"fr_FR","og_type":"article","og_title":"\u00c9tudiants au baccalaur\u00e9at fran\u00e7ais (BACF) - Bishop&#039;s University","og_description":"Vous \u00eates consid\u00e9r\u00e9 comme \u00e9tudiant au baccalaur\u00e9at fran\u00e7ais (BACF) pour les fins de l\u2019admission si&nbsp;: Crit\u00e8res d\u2019admission&nbsp;: g\u00e9n\u00e9ralit\u00e9s Les crit\u00e8res suivants servent de rep\u00e8re pour que le dossier d\u2019admission soit consid\u00e9r\u00e9 comme comp\u00e9titif. \u00c0 chaque cycle d\u2019admission, l\u2019Universit\u00e9 Bishop\u2019s re\u00e7oit plus de demandes que le nombre de places disponibles. L\u2019atteinte des crit\u00e8res minimaux ne garantit...","og_url":"https:\/\/www.ubishops.ca\/fr\/futurs-etudiants\/processus-dadmission\/admission-requirements\/bacf-students\/","og_site_name":"Bishop&#039;s University","article_publisher":"https:\/\/www.facebook.com\/ubishops","article_modified_time":"2025-10-23T15:26:30+00:00","twitter_card":"summary_large_image","twitter_site":"@ubishops","twitter_misc":{"Dur\u00e9e de lecture estim\u00e9e":"4 minutes"},"schema":{"@context":"https:\/\/schema.org","@graph":[{"@type":"WebPage","@id":"https:\/\/www.ubishops.ca\/fr\/futurs-etudiants\/processus-dadmission\/admission-requirements\/bacf-students\/","url":"https:\/\/www.ubishops.ca\/fr\/futurs-etudiants\/processus-dadmission\/admission-requirements\/bacf-students\/","name":"\u00c9tudiants au baccalaur\u00e9at fran\u00e7ais (BACF) - Bishop&#039;s University","isPartOf":{"@id":"https:\/\/www.ubishops.ca\/#website"},"datePublished":"2016-07-27T18:33:12+00:00","dateModified":"2025-10-23T15:26:30+00:00","breadcrumb":{"@id":"https:\/\/www.ubishops.ca\/fr\/futurs-etudiants\/processus-dadmission\/admission-requirements\/bacf-students\/#breadcrumb"},"inLanguage":"fr-FR","potentialAction":[{"@type":"ReadAction","target":["https:\/\/www.ubishops.ca\/fr\/futurs-etudiants\/processus-dadmission\/admission-requirements\/bacf-students\/"]}]},{"@type":"BreadcrumbList","@id":"https:\/\/www.ubishops.ca\/fr\/futurs-etudiants\/processus-dadmission\/admission-requirements\/bacf-students\/#breadcrumb","itemListElement":[{"@type":"ListItem","position":1,"name":"Accueil","item":"https:\/\/www.ubishops.ca\/fr\/"},{"@type":"ListItem","position":2,"name":"Futurs \u00e9tudiants","item":"https:\/\/www.ubishops.ca\/fr\/futurs-etudiants\/"},{"@type":"ListItem","position":3,"name":"Processus d\u2019admission","item":"https:\/\/www.ubishops.ca\/fr\/futurs-etudiants\/processus-dadmission\/"},{"@type":"ListItem","position":4,"name":"Crit\u00e8res d\u2019admission","item":"https:\/\/www.ubishops.ca\/fr\/futurs-etudiants\/processus-dadmission\/admission-requirements\/"},{"@type":"ListItem","position":5,"name":"\u00c9tudiants au baccalaur\u00e9at fran\u00e7ais (BACF)"}]},{"@type":"WebSite","@id":"https:\/\/www.ubishops.ca\/#website","url":"https:\/\/www.ubishops.ca\/","name":"Bishop&#039;s University","description":"","potentialAction":[{"@type":"SearchAction","target":{"@type":"EntryPoint","urlTemplate":"https:\/\/www.ubishops.ca\/?s={search_term_string}"},"query-input":{"@type":"PropertyValueSpecification","valueRequired":true,"valueName":"search_term_string"}}],"inLanguage":"fr-FR"}]}},"taxonomy_info":[],"featured_image_src_large":false,"author_info":{"display_name":"Julie Fradette","author_link":"https:\/\/www.ubishops.ca\/fr\/author\/jfradett\/"},"comment_info":0,"publishpress_future_action":{"enabled":false,"date":"2026-04-15 14:45:15","action":"change-status","newStatus":"draft","terms":[],"taxonomy":"translation_priority","extraData":[]},"publishpress_future_workflow_manual_trigger":{"enabledWorkflows":[]},"_links":{"self":[{"href":"https:\/\/www.ubishops.ca\/fr\/wp-json\/wp\/v2\/pages\/71701","targetHints":{"allow":["GET"]}}],"collection":[{"href":"https:\/\/www.ubishops.ca\/fr\/wp-json\/wp\/v2\/pages"}],"about":[{"href":"https:\/\/www.ubishops.ca\/fr\/wp-json\/wp\/v2\/types\/page"}],"author":[{"embeddable":true,"href":"https:\/\/www.ubishops.ca\/fr\/wp-json\/wp\/v2\/users\/49"}],"replies":[{"embeddable":true,"href":"https:\/\/www.ubishops.ca\/fr\/wp-json\/wp\/v2\/comments?post=71701"}],"version-history":[{"count":1,"href":"https:\/\/www.ubishops.ca\/fr\/wp-json\/wp\/v2\/pages\/71701\/revisions"}],"predecessor-version":[{"id":128218,"href":"https:\/\/www.ubishops.ca\/fr\/wp-json\/wp\/v2\/pages\/71701\/revisions\/128218"}],"up":[{"embeddable":true,"href":"https:\/\/www.ubishops.ca\/fr\/wp-json\/wp\/v2\/pages\/80854"}],"wp:attachment":[{"href":"https:\/\/www.ubishops.ca\/fr\/wp-json\/wp\/v2\/media?parent=71701"}],"curies":[{"name":"wp","href":"https:\/\/api.w.org\/{rel}","templated":true}]}}