{"id":71601,"date":"2016-07-27T11:48:57","date_gmt":"2016-07-27T15:48:57","guid":{"rendered":"https:\/\/www.ubishops.ca\/etudiants-actuels-futurs-etudiants\/processus-dadmission\/cegep-students\/"},"modified":"2022-11-25T10:29:58","modified_gmt":"2022-11-25T15:29:58","slug":"etudiants-cegep","status":"publish","type":"page","link":"https:\/\/www.ubishops.ca\/fr\/futurs-etudiants\/processus-dadmission\/admission-requirements\/etudiants-cegep\/","title":{"rendered":"\u00c9tudiants du c\u00e9gep"},"content":{"rendered":"\n<p>Vous \u00eates consid\u00e9r\u00e9 comme un \u00e9tudiant du c\u00e9gep pour les fins de l\u2019admission si&nbsp;:<\/p>\n\n\n\n<ul class=\"wp-block-list\">\n<li>vous effectuez un Dipl\u00f4me d\u2019\u00e9tudes coll\u00e9giales (DEC) dans un c\u00e9gep du Qu\u00e9bec; ou<\/li>\n\n\n\n<li>vous avez obtenu un DEC dans un c\u00e9gep du Qu\u00e9bec dans les deux derni\u00e8res ann\u00e9es et vous n\u2019avez pas \u00e9tudi\u00e9 ailleurs depuis.<\/li>\n<\/ul>\n\n\n\n<div class=\"wp-block-buttons is-layout-flex wp-block-buttons-is-layout-flex\">\n<div class=\"wp-block-button\"><a class=\"wp-block-button__link has-purple-background-color has-background wp-element-button\" href=\"https:\/\/www.ubishops.ca\/future-students\/bishops-university-online-application\/\">Faites votre demande d\u2019admission maintenant<\/a><\/div>\n<\/div>\n\n\n\n<p>Les \u00e9tudiants qui ont termin\u00e9 un DEC peuvent faire une demande dans n\u2019importe quel programme de l\u2019Universit\u00e9 Bishop\u2019s, m\u00eame s\u2019il a \u00e9t\u00e9 obtenu dans un autre champ d\u2019\u00e9tudes que le programme convoit\u00e9.<\/p>\n\n\n\n<p>Les \u00e9tudiants du c\u00e9gep qui font une demande \u00e0 l\u2019Universit\u00e9 Bishop\u2019s n\u2019ont pas \u00e0 r\u00e9ussir des cours pr\u00e9alables pour \u00eatre admis dans un programme donn\u00e9.<\/p>\n\n\n\n<h2 class=\"wp-block-heading\">Crit\u00e8res d\u2019admission g\u00e9n\u00e9raux<\/h2>\n\n\n\n<p>Moyenne d\u2019admission minimale estimative pour les programmes d&rsquo;enseignement : Cote R de 25<\/p>\n\n\n\n<p>Moyenne d\u2019admission minimale estimative : Cote R de 24<\/p>\n\n\n\n<p>Les cotes pr\u00e9c\u00e9dentes servent de rep\u00e8re pour que le dossier d\u2019admission soit consid\u00e9r\u00e9 comme comp\u00e9titif. \u00c0 chaque cycle d\u2019admission, l\u2019Universit\u00e9 Bishop\u2019s re\u00e7oit plus de demandes que le nombre de places disponibles. Le bureau d\u2019admission utilise la cote\u00a0R globale pour \u00e9valuer les dossiers d\u2019admission. L\u2019atteinte de la cote minimale ne garantit pas l\u2019admission. Les candidats qui n\u2019atteignent pas la cote minimale sont \u00e9valu\u00e9s sur une base individuelle. Le bureau d\u2019admission peut alors demander des compl\u00e9ments d\u2019information.<\/p>\n\n\n\n<h2 class=\"wp-block-heading\">Cr\u00e9dits de transfert DEC-BAC<\/h2>\n\n\n\n<p>Les \u00e9tudiants du c\u00e9gep qui font un programme DEC-BAC en trois ans peuvent \u00eatre admissibles \u00e0 une reconnaissance de cours \u00e0 leur admission \u00e0 l\u2019Universit\u00e9 Bishop\u2019s. Consultez la <a href=\"https:\/\/www.ubishops.ca\/future-students\/admission-process\/admission-requirements\/cegep-students\/dec-bac-agreements\/\">page sur les ententes DEC-BAC<\/a> (en anglais) pour obtenir de l\u2019information sur les programmes DEC-BAC reconnus et les programmes de l\u2019Universit\u00e9 Bishop\u2019s participants. Rendez-vous \u00e0 la page <a href=\"https:\/\/www.ubishops.ca\/future-students\/admission-process\/transfer-credits-at-bishops-university\/\">Cr\u00e9dits de transfert \u00e0 l\u2019Universit\u00e9 Bishop\u2019s<\/a>&nbsp;(en anglais) pour en savoir plus.<\/p>\n\n\n\n<h2 class=\"wp-block-heading\">Documents justificatifs requis<\/h2>\n\n\n\n<h3 class=\"wp-block-heading\">Code permanent du Qu\u00e9bec<\/h3>\n\n\n\n<p>Ayez votre code permanent \u00e0 port\u00e9e de la main pour l\u2019inscrire dans votre demande en ligne. Vous le trouverez dans le haut de votre relev\u00e9 de notes du c\u00e9gep, sous la forme suivante&nbsp;: XXXX########.<\/p>\n\n\n\n<p>L\u2019Universit\u00e9 Bishop\u2019s adopte une approche globale du processus d\u2019admission. Tous les documents suppl\u00e9mentaires fournis par le candidat seront \u00e9valu\u00e9s. \u00c0 la demande du bureau d\u2019admission, vous devrez peut-\u00eatre fournir d\u2019autres documents (d\u00e9claration personnelle, <a href=\"https:\/\/www.ubishops.ca\/future-students\/admission-process\/letter-of-intent-hold-status\/\">lettre d\u2019intention<\/a>, lettre de recommandation, r\u00e9daction, curriculum vit\u00e6, etc.) avec votre demande pour contribuer \u00e0 l\u2019\u00e9valuation.<\/p>\n\n\n\n<h2 class=\"wp-block-heading\">Autres documents justificatifs dans des programmes particuliers<\/h2>\n\n\n\n<p>Les candidats aux programmes du d\u00e9partement de musique suivants doivent fournir une audition et une lettre exposant leur parcours musical. Consultez la <a href=\"https:\/\/www.ubishops.ca\/wp-content\/uploads\/MusicApplicant_WebsiteInfo_Fall2013_Final-1.pdf\">Feuille d\u2019information sur l\u2019admission en musique<\/a> (en anglais) pour en savoir plus&nbsp;:<\/p>\n\n\n\n<ul class=\"wp-block-list\">\n<li>Baccalaur\u00e9at avec majeure en musique&nbsp;: Classique<\/li>\n\n\n\n<li>Baccalaur\u00e9at avec majeure en musique&nbsp;: \u00c9tudes en musique populaire<\/li>\n\n\n\n<li>Baccalaur\u00e9at avec majeure en musique&nbsp;: Concentration th\u00e9\u00e2tre musical<\/li>\n\n\n\n<li>Baccalaur\u00e9at avec majeure en administration des arts&nbsp;: Concentration musique<\/li>\n\n\n\n<li>Baccalaur\u00e9at \u00e8s \u00e9ducation en enseignement et apprentissage des arts cr\u00e9atifs&nbsp;: Musique<\/li>\n<\/ul>\n\n\n\n<h2 class=\"wp-block-heading\">Comment soumettre des documents<\/h2>\n\n\n\n<p>Tous les documents justificatifs peuvent \u00eatre t\u00e9l\u00e9vers\u00e9s dans notre syst\u00e8me en ligne au moment de la demande d\u2019admission ou par le Portail MyBU des candidats par l\u2019option \u00ab\u2009Soumettre les documents manquants\u2009\u00bb (<em>Submit Missing Documents<\/em>). Ils peuvent \u00e9galement \u00eatre transmis par courriel, \u00e0 <a href=\"&#x6d;&#97;i&#x6c;&#116;o&#x3a;&#97;d&#x6d;&#105;s&#x73;&#105;o&#x6e;&#x73;&#64;&#x75;&#x62;&#105;&#x73;&#x68;&#111;&#x70;&#x73;&#46;c&#x61;\">&#x61;d&#x6d;&#105;&#x73;&#115;i&#x6f;n&#x73;&#64;&#x75;&#98;i&#x73;&#104;&#x6f;&#112;s&#x2e;c&#x61;<\/a>.<\/p>\n\n\n\n<h2 class=\"wp-block-heading\">Calendrier des admissions<\/h2>\n\n\n\n<p>Une fois la p\u00e9riode d\u2019\u00e9valuation amorc\u00e9e dans le cadre d\u2019un cycle d\u2019admission, les fichiers sont \u00e9valu\u00e9s sur une base continue. Autrement dit, d\u00e8s la r\u00e9ception de tous les documents exig\u00e9s, le bureau proc\u00e9dera \u00e0 une \u00e9valuation initiale dans les dix jours ouvrables. (Exceptions&nbsp;: programmes de ma\u00eetrise, demandes aux programmes de musique qui sont \u00e9galement \u00e9valu\u00e9s en fonction de l\u2019audition et programme d\u2019admission comp\u00e9titifs).<\/p>\n\n\n\n<h2 class=\"wp-block-heading\">Des questions?<\/h2>\n\n\n\n<p>Vous pouvez prendre contact avec le bureau des admissions par courriel \u00e0 <a href=\"&#x6d;&#97;i&#x6c;&#116;o&#x3a;&#97;d&#x6d;&#105;s&#x73;&#105;o&#x6e;&#x73;&#64;&#x75;&#x62;&#105;&#x73;&#x68;&#111;&#x70;&#x73;&#46;c&#x61;\">&#x61;&#100;m&#x69;&#x73;&#115;i&#x6f;&#x6e;&#115;&#64;&#x75;&#98;i&#x73;&#x68;&#111;p&#x73;&#x2e;&#99;a<\/a> ou par t\u00e9l\u00e9phone au 819-822-9600, poste&nbsp;2680.<\/p>\n\n\n\n<div class=\"wp-block-buttons is-layout-flex wp-block-buttons-is-layout-flex\">\n<div class=\"wp-block-button\"><a class=\"wp-block-button__link has-purple-background-color has-background wp-element-button\" href=\"https:\/\/www.ubishops.ca\/future-students\/bishops-university-online-application\/\">Faites votre demande d\u2019admission maintenant<\/a><\/div>\n<\/div>\n","protected":false},"excerpt":{"rendered":"<p>Vous \u00eates consid\u00e9r\u00e9 comme un \u00e9tudiant du c\u00e9gep pour les fins de l\u2019admission si&nbsp;: Les \u00e9tudiants qui ont termin\u00e9 un DEC peuvent faire une demande dans n\u2019importe quel programme de l\u2019Universit\u00e9 Bishop\u2019s, m\u00eame s\u2019il a \u00e9t\u00e9 obtenu dans un autre champ d\u2019\u00e9tudes que le programme convoit\u00e9. Les \u00e9tudiants du c\u00e9gep qui font une demande \u00e0&#8230;<\/p>\n","protected":false},"author":49,"featured_media":0,"parent":80854,"menu_order":83,"comment_status":"closed","ping_status":"closed","template":"templates\/page-width-sidebar.php","meta":{"_acf_changed":false,"_cbd_carousel_blocks":"[]","_kad_blocks_custom_css":"","_kad_blocks_head_custom_js":"","_kad_blocks_body_custom_js":"","_kad_blocks_footer_custom_js":"","_kad_post_transparent":"","_kad_post_title":"","_kad_post_layout":"","_kad_post_sidebar_id":"","_kad_post_content_style":"","_kad_post_vertical_padding":"","_kad_post_feature":"","_kad_post_feature_position":"","_kad_post_header":false,"_kad_post_footer":false,"_kad_post_classname":"","footnotes":""},"class_list":["post-71601","page","type-page","status-publish","hentry"],"acf":[],"yoast_head":"<!-- This site is optimized with the Yoast SEO plugin v27.2 - https:\/\/yoast.com\/product\/yoast-seo-wordpress\/ -->\n<title>\u00c9tudiants du c\u00e9gep - Bishop&#039;s University<\/title>\n<meta name=\"robots\" content=\"index, follow, max-snippet:-1, max-image-preview:large, max-video-preview:-1\" \/>\n<link rel=\"canonical\" href=\"https:\/\/www.ubishops.ca\/fr\/futurs-etudiants\/processus-dadmission\/admission-requirements\/etudiants-cegep\/\" \/>\n<meta property=\"og:locale\" content=\"fr_FR\" \/>\n<meta property=\"og:type\" content=\"article\" \/>\n<meta property=\"og:title\" content=\"\u00c9tudiants du c\u00e9gep - Bishop&#039;s University\" \/>\n<meta property=\"og:description\" content=\"Vous \u00eates consid\u00e9r\u00e9 comme un \u00e9tudiant du c\u00e9gep pour les fins de l\u2019admission si&nbsp;: Les \u00e9tudiants qui ont termin\u00e9 un DEC peuvent faire une demande dans n\u2019importe quel programme de l\u2019Universit\u00e9 Bishop\u2019s, m\u00eame s\u2019il a \u00e9t\u00e9 obtenu dans un autre champ d\u2019\u00e9tudes que le programme convoit\u00e9. Les \u00e9tudiants du c\u00e9gep qui font une demande \u00e0...\" \/>\n<meta property=\"og:url\" content=\"https:\/\/www.ubishops.ca\/fr\/futurs-etudiants\/processus-dadmission\/admission-requirements\/etudiants-cegep\/\" \/>\n<meta property=\"og:site_name\" content=\"Bishop&#039;s University\" \/>\n<meta property=\"article:publisher\" content=\"https:\/\/www.facebook.com\/ubishops\" \/>\n<meta property=\"article:modified_time\" content=\"2022-11-25T15:29:58+00:00\" \/>\n<meta name=\"twitter:card\" content=\"summary_large_image\" \/>\n<meta name=\"twitter:site\" content=\"@ubishops\" \/>\n<meta name=\"twitter:label1\" content=\"Dur\u00e9e de lecture estim\u00e9e\" \/>\n\t<meta name=\"twitter:data1\" content=\"4 minutes\" \/>\n<script type=\"application\/ld+json\" class=\"yoast-schema-graph\">{\"@context\":\"https:\/\/schema.org\",\"@graph\":[{\"@type\":\"WebPage\",\"@id\":\"https:\/\/www.ubishops.ca\/fr\/futurs-etudiants\/processus-dadmission\/admission-requirements\/etudiants-cegep\/\",\"url\":\"https:\/\/www.ubishops.ca\/fr\/futurs-etudiants\/processus-dadmission\/admission-requirements\/etudiants-cegep\/\",\"name\":\"\u00c9tudiants du c\u00e9gep - Bishop&#039;s University\",\"isPartOf\":{\"@id\":\"https:\/\/www.ubishops.ca\/#website\"},\"datePublished\":\"2016-07-27T15:48:57+00:00\",\"dateModified\":\"2022-11-25T15:29:58+00:00\",\"breadcrumb\":{\"@id\":\"https:\/\/www.ubishops.ca\/fr\/futurs-etudiants\/processus-dadmission\/admission-requirements\/etudiants-cegep\/#breadcrumb\"},\"inLanguage\":\"fr-FR\",\"potentialAction\":[{\"@type\":\"ReadAction\",\"target\":[\"https:\/\/www.ubishops.ca\/fr\/futurs-etudiants\/processus-dadmission\/admission-requirements\/etudiants-cegep\/\"]}]},{\"@type\":\"BreadcrumbList\",\"@id\":\"https:\/\/www.ubishops.ca\/fr\/futurs-etudiants\/processus-dadmission\/admission-requirements\/etudiants-cegep\/#breadcrumb\",\"itemListElement\":[{\"@type\":\"ListItem\",\"position\":1,\"name\":\"Accueil\",\"item\":\"https:\/\/www.ubishops.ca\/fr\/\"},{\"@type\":\"ListItem\",\"position\":2,\"name\":\"Futurs \u00e9tudiants\",\"item\":\"https:\/\/www.ubishops.ca\/fr\/futurs-etudiants\/\"},{\"@type\":\"ListItem\",\"position\":3,\"name\":\"Processus d\u2019admission\",\"item\":\"https:\/\/www.ubishops.ca\/fr\/futurs-etudiants\/processus-dadmission\/\"},{\"@type\":\"ListItem\",\"position\":4,\"name\":\"Crit\u00e8res d\u2019admission\",\"item\":\"https:\/\/www.ubishops.ca\/fr\/futurs-etudiants\/processus-dadmission\/admission-requirements\/\"},{\"@type\":\"ListItem\",\"position\":5,\"name\":\"\u00c9tudiants du c\u00e9gep\"}]},{\"@type\":\"WebSite\",\"@id\":\"https:\/\/www.ubishops.ca\/#website\",\"url\":\"https:\/\/www.ubishops.ca\/\",\"name\":\"Bishop&#039;s University\",\"description\":\"\",\"potentialAction\":[{\"@type\":\"SearchAction\",\"target\":{\"@type\":\"EntryPoint\",\"urlTemplate\":\"https:\/\/www.ubishops.ca\/?s={search_term_string}\"},\"query-input\":{\"@type\":\"PropertyValueSpecification\",\"valueRequired\":true,\"valueName\":\"search_term_string\"}}],\"inLanguage\":\"fr-FR\"}]}<\/script>\n<!-- \/ Yoast SEO plugin. -->","yoast_head_json":{"title":"\u00c9tudiants du c\u00e9gep - Bishop&#039;s University","robots":{"index":"index","follow":"follow","max-snippet":"max-snippet:-1","max-image-preview":"max-image-preview:large","max-video-preview":"max-video-preview:-1"},"canonical":"https:\/\/www.ubishops.ca\/fr\/futurs-etudiants\/processus-dadmission\/admission-requirements\/etudiants-cegep\/","og_locale":"fr_FR","og_type":"article","og_title":"\u00c9tudiants du c\u00e9gep - Bishop&#039;s University","og_description":"Vous \u00eates consid\u00e9r\u00e9 comme un \u00e9tudiant du c\u00e9gep pour les fins de l\u2019admission si&nbsp;: Les \u00e9tudiants qui ont termin\u00e9 un DEC peuvent faire une demande dans n\u2019importe quel programme de l\u2019Universit\u00e9 Bishop\u2019s, m\u00eame s\u2019il a \u00e9t\u00e9 obtenu dans un autre champ d\u2019\u00e9tudes que le programme convoit\u00e9. Les \u00e9tudiants du c\u00e9gep qui font une demande \u00e0...","og_url":"https:\/\/www.ubishops.ca\/fr\/futurs-etudiants\/processus-dadmission\/admission-requirements\/etudiants-cegep\/","og_site_name":"Bishop&#039;s University","article_publisher":"https:\/\/www.facebook.com\/ubishops","article_modified_time":"2022-11-25T15:29:58+00:00","twitter_card":"summary_large_image","twitter_site":"@ubishops","twitter_misc":{"Dur\u00e9e de lecture estim\u00e9e":"4 minutes"},"schema":{"@context":"https:\/\/schema.org","@graph":[{"@type":"WebPage","@id":"https:\/\/www.ubishops.ca\/fr\/futurs-etudiants\/processus-dadmission\/admission-requirements\/etudiants-cegep\/","url":"https:\/\/www.ubishops.ca\/fr\/futurs-etudiants\/processus-dadmission\/admission-requirements\/etudiants-cegep\/","name":"\u00c9tudiants du c\u00e9gep - Bishop&#039;s University","isPartOf":{"@id":"https:\/\/www.ubishops.ca\/#website"},"datePublished":"2016-07-27T15:48:57+00:00","dateModified":"2022-11-25T15:29:58+00:00","breadcrumb":{"@id":"https:\/\/www.ubishops.ca\/fr\/futurs-etudiants\/processus-dadmission\/admission-requirements\/etudiants-cegep\/#breadcrumb"},"inLanguage":"fr-FR","potentialAction":[{"@type":"ReadAction","target":["https:\/\/www.ubishops.ca\/fr\/futurs-etudiants\/processus-dadmission\/admission-requirements\/etudiants-cegep\/"]}]},{"@type":"BreadcrumbList","@id":"https:\/\/www.ubishops.ca\/fr\/futurs-etudiants\/processus-dadmission\/admission-requirements\/etudiants-cegep\/#breadcrumb","itemListElement":[{"@type":"ListItem","position":1,"name":"Accueil","item":"https:\/\/www.ubishops.ca\/fr\/"},{"@type":"ListItem","position":2,"name":"Futurs \u00e9tudiants","item":"https:\/\/www.ubishops.ca\/fr\/futurs-etudiants\/"},{"@type":"ListItem","position":3,"name":"Processus d\u2019admission","item":"https:\/\/www.ubishops.ca\/fr\/futurs-etudiants\/processus-dadmission\/"},{"@type":"ListItem","position":4,"name":"Crit\u00e8res d\u2019admission","item":"https:\/\/www.ubishops.ca\/fr\/futurs-etudiants\/processus-dadmission\/admission-requirements\/"},{"@type":"ListItem","position":5,"name":"\u00c9tudiants du c\u00e9gep"}]},{"@type":"WebSite","@id":"https:\/\/www.ubishops.ca\/#website","url":"https:\/\/www.ubishops.ca\/","name":"Bishop&#039;s University","description":"","potentialAction":[{"@type":"SearchAction","target":{"@type":"EntryPoint","urlTemplate":"https:\/\/www.ubishops.ca\/?s={search_term_string}"},"query-input":{"@type":"PropertyValueSpecification","valueRequired":true,"valueName":"search_term_string"}}],"inLanguage":"fr-FR"}]}},"taxonomy_info":[],"featured_image_src_large":false,"author_info":{"display_name":"Julie Fradette","author_link":"https:\/\/www.ubishops.ca\/fr\/author\/jfradett\/"},"comment_info":0,"publishpress_future_action":{"enabled":false,"date":"2026-04-15 14:45:15","action":"change-status","newStatus":"draft","terms":[],"taxonomy":"translation_priority","extraData":[]},"publishpress_future_workflow_manual_trigger":{"enabledWorkflows":[]},"_links":{"self":[{"href":"https:\/\/www.ubishops.ca\/fr\/wp-json\/wp\/v2\/pages\/71601","targetHints":{"allow":["GET"]}}],"collection":[{"href":"https:\/\/www.ubishops.ca\/fr\/wp-json\/wp\/v2\/pages"}],"about":[{"href":"https:\/\/www.ubishops.ca\/fr\/wp-json\/wp\/v2\/types\/page"}],"author":[{"embeddable":true,"href":"https:\/\/www.ubishops.ca\/fr\/wp-json\/wp\/v2\/users\/49"}],"replies":[{"embeddable":true,"href":"https:\/\/www.ubishops.ca\/fr\/wp-json\/wp\/v2\/comments?post=71601"}],"version-history":[{"count":0,"href":"https:\/\/www.ubishops.ca\/fr\/wp-json\/wp\/v2\/pages\/71601\/revisions"}],"up":[{"embeddable":true,"href":"https:\/\/www.ubishops.ca\/fr\/wp-json\/wp\/v2\/pages\/80854"}],"wp:attachment":[{"href":"https:\/\/www.ubishops.ca\/fr\/wp-json\/wp\/v2\/media?parent=71601"}],"curies":[{"name":"wp","href":"https:\/\/api.w.org\/{rel}","templated":true}]}}