{"id":71597,"date":"2015-07-22T09:46:04","date_gmt":"2015-07-22T13:46:04","guid":{"rendered":"https:\/\/www.ubishops.ca\/etudiants-actuels-futurs-etudiants\/questions-financieres\/financial-aid\/"},"modified":"2025-11-27T09:36:13","modified_gmt":"2025-11-27T14:36:13","slug":"aide-financiere","status":"publish","type":"page","link":"https:\/\/www.ubishops.ca\/fr\/futurs-etudiants\/questions-financieres\/aide-financiere\/","title":{"rendered":"Aide financi\u00e8re"},"content":{"rendered":"\n<p>L\u2019Universit\u00e9 Bishop\u2019s offre divers types d\u2019aide financi\u00e8re \u00e0 ses \u00e9tudiants, surtout sous forme de bourses. Outre nos bourses, nous invitons nos \u00e9tudiants \u00e0 explorer les programmes de bourses externes, les programmes d\u2019aide financi\u00e8re gouvernementale dans votre province de r\u00e9sidence au Canada ou les possibilit\u00e9s de pr\u00eats \u00e9tudiants ou de marges de cr\u00e9dit par l\u2019entremise de banques. De l\u2019information sur les autres sources de financement figure ci-dessous.<\/p>\n\n\n\n<p><a href=\"https:\/\/www.ubishops.ca\/future-students\/fees-and-funding\/financial-aid\/us-student-aid\/\">Cliquez sur le lien suivant pour en savoir plus sur l\u2019aide financi\u00e8re aux \u00e9tudiants am\u00e9ricains<\/a>.<\/p>\n\n\n\n<h2 class=\"wp-block-heading\">\u00c9tudiants canadiens<\/h2>\n\n\n\n<p>Les \u00e9tudiants canadiens trouveront divers types d\u2019aide financi\u00e8re pour les aider \u00e0 financer leurs \u00e9tudes.<\/p>\n\n\n\n<h3 class=\"wp-block-heading\">Aide gouvernementale<\/h3>\n\n\n\n<p>L\u2019aide financi\u00e8re gouvernementale, qui peut inclure des pr\u00eats et des bourses, est la principale source de financement des \u00e9tudiants. Les gouvernements f\u00e9d\u00e9ral et provinciaux offrent des programmes d\u2019aide aux \u00e9tudiants en fonction de leurs besoins financiers. Les \u00e9tudiants d\u00e9posent leur demande en ligne, directement dans leur province ou territoire de r\u00e9sidence. <a href=\"https:\/\/www.ubishops.ca\/future-students\/fees-and-funding\/financial-aid\/government-aid\/\">Page d\u2019information sur l\u2019aide gouvernementale<\/a>.<\/p>\n\n\n\n<h3 class=\"wp-block-heading\">Bourses externes<\/h3>\n\n\n\n<p>Les \u00e9tudiants peuvent solliciter des bourses \u00e0 diverses organisations en vertu de divers crit\u00e8res. Une multitude de sites Web fournit de l\u2019information \u00e0 ce sujet. Nous vous invitons \u00e0 prendre contact avec les groupes locaux de votre r\u00e9gion pour savoir ce qui est offert. Au Canada, des bourses d\u2019une valeur totale de plus de cinq millions de dollars ne sont pas r\u00e9clam\u00e9es ni distribu\u00e9es. Nous vous recommandons donc fortement de faire des recherches et de faire le plus demandes de bourses possible \u2013 on ne sait jamais ce que vous pourriez recevoir!<\/p>\n\n\n\n<p>Pour les \u00e9tudiants d\u2019ascendance inuite, m\u00e9tisse ou des Premi\u00e8res Nations, Indspire est le plus grand subventionnaire de l\u2019\u00e9ducation par le gouvernement f\u00e9d\u00e9ral. <a href=\"http:\/\/www.indspire.ca\/for-students\/bursaries-scholarships\/\" target=\"_blank\" rel=\"noreferrer noopener\">Pour en savoir plus sur les bourses offertes par <em>Indspire<\/em>, consultez le site Web de l\u2019organisation.<\/a><\/p>\n\n\n\n<h3 class=\"wp-block-heading\">Pr\u00eats bancaires ou marges de cr\u00e9dit<\/h3>\n\n\n\n<p>La plupart des banques offrent des pr\u00eats bancaires ou des marges de cr\u00e9dit aux \u00e9tudiants \u00e0 temps plein. Les r\u00e8gles et r\u00e8glements applicables d\u00e9pendent des \u00e9tablissements. Communiquez avec votre banque pour en savoir plus.<\/p>\n\n\n\n<ul class=\"wp-block-list\">\n<li>Banque de Montr\u00e9al<\/li>\n\n\n\n<li>CIBC<\/li>\n\n\n\n<li>Desjardins<\/li>\n\n\n\n<li>Banque Laurentienne<\/li>\n\n\n\n<li>Banque Nationale<\/li>\n\n\n\n<li>Banque Royale<\/li>\n\n\n\n<li>Banque Scotia<\/li>\n\n\n\n<li>Banque TD<\/li>\n<\/ul>\n\n\n\n<p>Comptes \u00e9tudiants et aide financi\u00e8re<br>Bureau : Mountain House \u2013 2e \u00e9tage<br>T\u00e9l. : 819 822-9600, poste 2655<br>Courriel :&nbsp;<a href=\"&#x6d;&#x61;&#105;&#108;to&#x3a;&#x73;&#x74;&#117;de&#x6e;&#x74;&#x61;&#99;&#99;o&#x75;&#x6e;&#x74;&#115;&#64;u&#x62;&#x69;&#x73;&#104;&#111;ps&#x2e;&#x63;&#x61;\">&#115;&#x74;&#x75;d&#101;&#x6e;t&#97;&#x63;&#x63;&#111;&#x75;&#x6e;t&#115;&#x40;u&#98;&#x69;&#x73;&#104;&#x6f;&#x70;s&#46;&#x63;a<\/a><\/p>\n","protected":false},"excerpt":{"rendered":"<p>L\u2019Universit\u00e9 Bishop\u2019s offre divers types d\u2019aide financi\u00e8re \u00e0 ses \u00e9tudiants, surtout sous forme de bourses. Outre nos bourses, nous invitons nos \u00e9tudiants \u00e0 explorer les programmes de bourses externes, les programmes d\u2019aide financi\u00e8re gouvernementale dans votre province de r\u00e9sidence au Canada ou les possibilit\u00e9s de pr\u00eats \u00e9tudiants ou de marges de cr\u00e9dit par l\u2019entremise de&#8230;<\/p>\n","protected":false},"author":49,"featured_media":0,"parent":98441,"menu_order":37,"comment_status":"closed","ping_status":"closed","template":"","meta":{"_acf_changed":false,"_cbd_carousel_blocks":"[]","_kad_blocks_custom_css":"","_kad_blocks_head_custom_js":"","_kad_blocks_body_custom_js":"","_kad_blocks_footer_custom_js":"","_kad_post_transparent":"","_kad_post_title":"","_kad_post_layout":"","_kad_post_sidebar_id":"","_kad_post_content_style":"","_kad_post_vertical_padding":"","_kad_post_feature":"","_kad_post_feature_position":"","_kad_post_header":false,"_kad_post_footer":false,"_kad_post_classname":"","footnotes":""},"class_list":["post-71597","page","type-page","status-publish","hentry"],"acf":[],"yoast_head":"<!-- This site is optimized with the Yoast SEO plugin v27.2 - https:\/\/yoast.com\/product\/yoast-seo-wordpress\/ -->\n<title>Canadian Students Financial Aid | Bishop&#039;s University<\/title>\n<meta name=\"description\" content=\"Canadian university students financial aid information and resources. Find government aid, awards, bursaries, scholarships, and bank loan information.\" \/>\n<meta name=\"robots\" content=\"index, follow, max-snippet:-1, max-image-preview:large, max-video-preview:-1\" \/>\n<link rel=\"canonical\" href=\"https:\/\/www.ubishops.ca\/fr\/futurs-etudiants\/questions-financieres\/aide-financiere\/\" \/>\n<meta property=\"og:locale\" content=\"fr_FR\" \/>\n<meta property=\"og:type\" content=\"article\" \/>\n<meta property=\"og:title\" content=\"Canadian Students Financial Aid | Bishop&#039;s University\" \/>\n<meta property=\"og:description\" content=\"Canadian university students financial aid information and resources. Find government aid, awards, bursaries, scholarships, and bank loan information.\" \/>\n<meta property=\"og:url\" content=\"https:\/\/www.ubishops.ca\/fr\/futurs-etudiants\/questions-financieres\/aide-financiere\/\" \/>\n<meta property=\"og:site_name\" content=\"Bishop&#039;s University\" \/>\n<meta property=\"article:publisher\" content=\"https:\/\/www.facebook.com\/ubishops\" \/>\n<meta property=\"article:modified_time\" content=\"2025-11-27T14:36:13+00:00\" \/>\n<meta name=\"twitter:card\" content=\"summary_large_image\" \/>\n<meta name=\"twitter:site\" content=\"@ubishops\" \/>\n<meta name=\"twitter:label1\" content=\"Dur\u00e9e de lecture estim\u00e9e\" \/>\n\t<meta name=\"twitter:data1\" content=\"2 minutes\" \/>\n<script type=\"application\/ld+json\" class=\"yoast-schema-graph\">{\"@context\":\"https:\/\/schema.org\",\"@graph\":[{\"@type\":\"WebPage\",\"@id\":\"https:\/\/www.ubishops.ca\/fr\/futurs-etudiants\/questions-financieres\/aide-financiere\/\",\"url\":\"https:\/\/www.ubishops.ca\/fr\/futurs-etudiants\/questions-financieres\/aide-financiere\/\",\"name\":\"Canadian Students Financial Aid | Bishop's University\",\"isPartOf\":{\"@id\":\"https:\/\/www.ubishops.ca\/#website\"},\"datePublished\":\"2015-07-22T13:46:04+00:00\",\"dateModified\":\"2025-11-27T14:36:13+00:00\",\"description\":\"Canadian university students financial aid information and resources. Find government aid, awards, bursaries, scholarships, and bank loan information.\",\"breadcrumb\":{\"@id\":\"https:\/\/www.ubishops.ca\/fr\/futurs-etudiants\/questions-financieres\/aide-financiere\/#breadcrumb\"},\"inLanguage\":\"fr-FR\",\"potentialAction\":[{\"@type\":\"ReadAction\",\"target\":[\"https:\/\/www.ubishops.ca\/fr\/futurs-etudiants\/questions-financieres\/aide-financiere\/\"]}]},{\"@type\":\"BreadcrumbList\",\"@id\":\"https:\/\/www.ubishops.ca\/fr\/futurs-etudiants\/questions-financieres\/aide-financiere\/#breadcrumb\",\"itemListElement\":[{\"@type\":\"ListItem\",\"position\":1,\"name\":\"Accueil\",\"item\":\"https:\/\/www.ubishops.ca\/fr\/\"},{\"@type\":\"ListItem\",\"position\":2,\"name\":\"Futurs \u00e9tudiants\",\"item\":\"https:\/\/www.ubishops.ca\/fr\/futurs-etudiants\/\"},{\"@type\":\"ListItem\",\"position\":3,\"name\":\"Questions financi\u00e8res\",\"item\":\"https:\/\/www.ubishops.ca\/fr\/futurs-etudiants\/questions-financieres\/\"},{\"@type\":\"ListItem\",\"position\":4,\"name\":\"Aide financi\u00e8re\"}]},{\"@type\":\"WebSite\",\"@id\":\"https:\/\/www.ubishops.ca\/#website\",\"url\":\"https:\/\/www.ubishops.ca\/\",\"name\":\"Bishop&#039;s University\",\"description\":\"\",\"potentialAction\":[{\"@type\":\"SearchAction\",\"target\":{\"@type\":\"EntryPoint\",\"urlTemplate\":\"https:\/\/www.ubishops.ca\/?s={search_term_string}\"},\"query-input\":{\"@type\":\"PropertyValueSpecification\",\"valueRequired\":true,\"valueName\":\"search_term_string\"}}],\"inLanguage\":\"fr-FR\"}]}<\/script>\n<!-- \/ Yoast SEO plugin. -->","yoast_head_json":{"title":"Canadian Students Financial Aid | Bishop's University","description":"Canadian university students financial aid information and resources. Find government aid, awards, bursaries, scholarships, and bank loan information.","robots":{"index":"index","follow":"follow","max-snippet":"max-snippet:-1","max-image-preview":"max-image-preview:large","max-video-preview":"max-video-preview:-1"},"canonical":"https:\/\/www.ubishops.ca\/fr\/futurs-etudiants\/questions-financieres\/aide-financiere\/","og_locale":"fr_FR","og_type":"article","og_title":"Canadian Students Financial Aid | Bishop's University","og_description":"Canadian university students financial aid information and resources. Find government aid, awards, bursaries, scholarships, and bank loan information.","og_url":"https:\/\/www.ubishops.ca\/fr\/futurs-etudiants\/questions-financieres\/aide-financiere\/","og_site_name":"Bishop&#039;s University","article_publisher":"https:\/\/www.facebook.com\/ubishops","article_modified_time":"2025-11-27T14:36:13+00:00","twitter_card":"summary_large_image","twitter_site":"@ubishops","twitter_misc":{"Dur\u00e9e de lecture estim\u00e9e":"2 minutes"},"schema":{"@context":"https:\/\/schema.org","@graph":[{"@type":"WebPage","@id":"https:\/\/www.ubishops.ca\/fr\/futurs-etudiants\/questions-financieres\/aide-financiere\/","url":"https:\/\/www.ubishops.ca\/fr\/futurs-etudiants\/questions-financieres\/aide-financiere\/","name":"Canadian Students Financial Aid | Bishop's University","isPartOf":{"@id":"https:\/\/www.ubishops.ca\/#website"},"datePublished":"2015-07-22T13:46:04+00:00","dateModified":"2025-11-27T14:36:13+00:00","description":"Canadian university students financial aid information and resources. Find government aid, awards, bursaries, scholarships, and bank loan information.","breadcrumb":{"@id":"https:\/\/www.ubishops.ca\/fr\/futurs-etudiants\/questions-financieres\/aide-financiere\/#breadcrumb"},"inLanguage":"fr-FR","potentialAction":[{"@type":"ReadAction","target":["https:\/\/www.ubishops.ca\/fr\/futurs-etudiants\/questions-financieres\/aide-financiere\/"]}]},{"@type":"BreadcrumbList","@id":"https:\/\/www.ubishops.ca\/fr\/futurs-etudiants\/questions-financieres\/aide-financiere\/#breadcrumb","itemListElement":[{"@type":"ListItem","position":1,"name":"Accueil","item":"https:\/\/www.ubishops.ca\/fr\/"},{"@type":"ListItem","position":2,"name":"Futurs \u00e9tudiants","item":"https:\/\/www.ubishops.ca\/fr\/futurs-etudiants\/"},{"@type":"ListItem","position":3,"name":"Questions financi\u00e8res","item":"https:\/\/www.ubishops.ca\/fr\/futurs-etudiants\/questions-financieres\/"},{"@type":"ListItem","position":4,"name":"Aide financi\u00e8re"}]},{"@type":"WebSite","@id":"https:\/\/www.ubishops.ca\/#website","url":"https:\/\/www.ubishops.ca\/","name":"Bishop&#039;s University","description":"","potentialAction":[{"@type":"SearchAction","target":{"@type":"EntryPoint","urlTemplate":"https:\/\/www.ubishops.ca\/?s={search_term_string}"},"query-input":{"@type":"PropertyValueSpecification","valueRequired":true,"valueName":"search_term_string"}}],"inLanguage":"fr-FR"}]}},"taxonomy_info":[],"featured_image_src_large":false,"author_info":{"display_name":"Julie Fradette","author_link":"https:\/\/www.ubishops.ca\/fr\/author\/jfradett\/"},"comment_info":0,"publishpress_future_action":{"enabled":false,"date":"2026-04-15 14:54:47","action":"change-status","newStatus":"draft","terms":[],"taxonomy":"translation_priority","extraData":[]},"publishpress_future_workflow_manual_trigger":{"enabledWorkflows":[]},"_links":{"self":[{"href":"https:\/\/www.ubishops.ca\/fr\/wp-json\/wp\/v2\/pages\/71597","targetHints":{"allow":["GET"]}}],"collection":[{"href":"https:\/\/www.ubishops.ca\/fr\/wp-json\/wp\/v2\/pages"}],"about":[{"href":"https:\/\/www.ubishops.ca\/fr\/wp-json\/wp\/v2\/types\/page"}],"author":[{"embeddable":true,"href":"https:\/\/www.ubishops.ca\/fr\/wp-json\/wp\/v2\/users\/49"}],"replies":[{"embeddable":true,"href":"https:\/\/www.ubishops.ca\/fr\/wp-json\/wp\/v2\/comments?post=71597"}],"version-history":[{"count":1,"href":"https:\/\/www.ubishops.ca\/fr\/wp-json\/wp\/v2\/pages\/71597\/revisions"}],"predecessor-version":[{"id":129283,"href":"https:\/\/www.ubishops.ca\/fr\/wp-json\/wp\/v2\/pages\/71597\/revisions\/129283"}],"up":[{"embeddable":true,"href":"https:\/\/www.ubishops.ca\/fr\/wp-json\/wp\/v2\/pages\/98441"}],"wp:attachment":[{"href":"https:\/\/www.ubishops.ca\/fr\/wp-json\/wp\/v2\/media?parent=71597"}],"curies":[{"name":"wp","href":"https:\/\/api.w.org\/{rel}","templated":true}]}}