{"id":69931,"date":"2019-09-04T10:15:00","date_gmt":"2019-09-04T14:15:00","guid":{"rendered":"https:\/\/www.ubishops.ca\/programmes-d-etudes\/faculte-des-arts-et-des-sciences\/lettres-et-sciences-humaines\/etudes-francaises-et-quebecoises\/tefaq-tef\/"},"modified":"2026-03-18T11:03:53","modified_gmt":"2026-03-18T15:03:53","slug":"tefaq-tef","status":"publish","type":"page","link":"https:\/\/www.ubishops.ca\/fr\/programmes-d-etudes\/faculte-des-lettres-et-sciences-humaines\/etudes-francaises-et-quebecoises\/tefaq-tef\/","title":{"rendered":"TEFAQ \/ TEF"},"content":{"rendered":"\n<p>L\u2019Universit\u00e9 Bishop\u2019s est le seul \u00e9tablissement autoris\u00e9 \u00e0 offrir le <em>Test d\u2019\u00e9valuation du fran\u00e7ais<\/em> (TEF) ainsi que le <em>Dipl\u00f4me de fran\u00e7ais professionnel<\/em> (DFP) en dehors des villes de Montr\u00e9al et Qu\u00e9bec. Ceci est rendu possible par un partenariat international avec la Chambre de commerce et d\u2019Industrie Paris \u2013 \u00cele-de-France (CCI).<\/p>\n\n\n\n<p>Ceux et celles ayant besoin d\u2019attester de leur niveau de fran\u00e7ais internationalement \u2013 les nouvelles arrivantes et les nouveaux arrivants s\u2019installant au Qu\u00e9bec, par exemple \u2013 peuvent maintenant passer leur test \u00e0 l\u2019Universit\u00e9 Bishop\u2019s sans avoir besoin d\u2019aller jusqu\u2019\u00e0 Montr\u00e9al ou Qu\u00e9bec pour passer le test.<\/p>\n\n\n\n<p>Parmi les tests que l\u2019Universit\u00e9 offre, le <em>Test d\u2019\u00e9valuation de fran\u00e7ais pour l\u2019acc\u00e8s au Qu\u00e9bec<\/em> (TEFAQ) est un test de la CCI reconnu par le Minist\u00e8re de l\u2019Immigration de la diversit\u00e9 et de l\u2019inclusion du Qu\u00e9bec (MIDI). Il sert \u00e0 d\u00e9montrer le niveau de fran\u00e7ais B2 requis pour les nouvelles arrivantes et les nouveaux arrivants voulant s\u2019installer au Qu\u00e9bec.<\/p>\n\n\n\n<p>Avec ce partenariat, l\u2019Universit\u00e9 Bishop\u2019s s\u2019unit avec de nombreux autres partenaires institutionnels de la CCI \u00e0 travers le monde qui sont eux aussi autoris\u00e9s \u00e0 offrir ces tests. L\u2019Universit\u00e9 Bishop\u2019s se d\u00e9marque \u00e0 nouveau comme \u00e9tant une \u00e9nergie positive dans notre communaut\u00e9 inclusive et chaleureuse, et ce par son engagement dans la vie des Cantons de l\u2019Est.<\/p>\n\n\n\n<h2 class=\"wp-block-heading\">Information sur le test d\u2019\u00e9valuation de fran\u00e7ais pour le Qu\u00e9bec&nbsp;(TEFAQ)<\/h2>\n\n\n\n<figure class=\"wp-block-image size-full\"><img decoding=\"async\" width=\"250\" height=\"177\" src=\"https:\/\/www.ubishops.ca\/wp-content\/uploads\/TEF-small.png\" alt=\"TEFAQ\" class=\"wp-image-61408\"\/><\/figure>\n\n\n\n<p>Cr\u00e9\u00e9 en 1998, le Test d\u2019\u00e9valuation de fran\u00e7ais (TEF) est un test international de positionnement qui mesure votre niveau de connaissances en fran\u00e7ais. Les r\u00e9sultats sont valables 2 ans.<\/p>\n\n\n\n<h2 class=\"wp-block-heading\">Pourquoi passer un TEF ?<\/h2>\n\n\n\n<p>Le TEF favorise la mobilit\u00e9 g\u00e9ographique et l\u2019acc\u00e8s \u00e0 l\u2019emploi des futurs professionnels et professionnels, en facilitant les d\u00e9marches pour :<\/p>\n\n\n\n<ul class=\"wp-block-list\">\n<li>\u00e9tudier en France, au Canada,<\/li>\n\n\n\n<li>travailler en France, au Canada et au Qu\u00e9bec,<\/li>\n\n\n\n<li>devenir citoyens canadiens, fran\u00e7ais ou helv\u00e9tiques.<\/li>\n<\/ul>\n\n\n\n<h2 class=\"wp-block-heading\">Quelles \u00e9preuves pour quel test ?<\/h2>\n\n\n\n<p>Les modalit\u00e9s des \u00e9preuves varient en fonction de la version du TEF choisie :<\/p>\n\n\n\n<figure class=\"wp-block-table is-style-regular\"><table class=\"has-fixed-layout\"><thead><tr><th><\/th><th><strong>TEF complet<\/strong><\/th><th><strong>TEF pour les \u00e9tudes en France<\/strong><\/th><th><strong>TEF pour la naturalisation<\/strong><\/th><th><strong>TEF pour la carte de r\u00e9sident<\/strong><\/th><th><strong>TEF pour \u00e9migrer au Canada<\/strong><\/th><th><strong>TEF pour l\u2019acc\u00e8s au Qu\u00e9bec (TEFAQ)<\/strong><\/th><\/tr><\/thead><tbody><tr><td><strong>Compr\u00e9hension orale<br>145.00 $<\/strong><\/td><td>X<\/td><td>X<\/td><td>X<\/td><td>X<\/td><td>X<\/td><td>X<\/td><\/tr><tr><td><strong>Compr\u00e9hension \u00e9crite<br>73.00 $<\/strong><\/td><td>X<\/td><td>X<\/td><td>&nbsp;<\/td><td>X<\/td><td>X<\/td><td>Facultatif<\/td><\/tr><tr><td><strong>Expression orale<br>145.00 $<\/strong><\/td><td>X<\/td><td>&nbsp;<\/td><td>X<\/td><td>X<\/td><td>X<\/td><td>X<\/td><\/tr><tr><td><strong>Expression \u00e9crite<br>73.00 $<\/strong><\/td><td>X<\/td><td>X<\/td><td>&nbsp;<\/td><td>X<\/td><td>X<\/td><td>Facultatif<\/td><\/tr><tr><td><strong>Lexique et structure<\/strong><\/td><td>X<\/td><td>X<\/td><td>&nbsp;<\/td><td>&nbsp;<\/td><td>&nbsp;<\/td><td>&nbsp;<\/td><\/tr><\/tbody><\/table><\/figure>\n\n\n\n<h2 class=\"wp-block-heading\">Inscription et conditions<\/h2>\n\n\n\n<p><strong>Date du test&nbsp;: 25 avril 2026<\/strong><\/p>\n\n\n\n<p>Les inscriptions pour la s\u00e9ance du 25 avril 2026 sont ferm\u00e9es. Merci de consulter notre page Web r\u00e9guli\u00e8rement pour des renseignements sur la prochaine journ\u00e9e d\u2019examens.<\/p>\n\n\n\n<p>Les candidats recevront un courriel de confirmation apr\u00e8s avoir compl\u00e9t\u00e9 leur inscription. <strong>Veuillez s\u2019il vous pla\u00eet v\u00e9rifier vos pourriels.<\/strong><\/p>\n\n\n\n<p>Veuillez s&rsquo;il-vous-pla\u00eet noter <strong>qu&rsquo;aucun remboursement des frais d&rsquo;examen ne sera possible.<\/strong><\/p>\n\n\n\n<p>Veuillez s&rsquo;il-vous-pla\u00eet noter <strong>que l&rsquo;examen a lieu en personne seulement<\/strong>.<\/p>\n\n\n\n<h2 class=\"wp-block-heading\">Le jour du test, amener avec soi :<\/h2>\n\n\n\n<ul class=\"wp-block-list\">\n<li>Un passeport valide (LES CANDIDATS QUI N\u2019ONT PAS DE PASSEPORT VALIDE NE SONT PAS AUTORIS\u00c9S \u00c0 S\u2019INSCRIRE).<\/li>\n\n\n\n<li>Une paire d\u2019\u00e9couteurs avec fil et prise jack.<\/li>\n<\/ul>\n\n\n\n<p>Notez que les candidats et candidates qui n\u2019auront pas ces documents ne pourront pas participer au test. Personne ne pourra \u00eatre admis sans les documents mentionn\u00e9s et les frais ne seront pas rembours\u00e9s. C\u2019est la responsabilit\u00e9 des participants et participantes d\u2019avoir tous les documents avant d\u2019arriver sur place. Nous ne ferons aucune exception.<\/p>\n\n\n\n<div style=\"height:20px\" aria-hidden=\"true\" class=\"wp-block-spacer\"><\/div>\n\n\n\n<figure class=\"wp-block-image is-resized\"><img decoding=\"async\" width=\"2100\" height=\"394\" src=\"https:\/\/www.ubishops.ca\/wp-content\/uploads\/logo-prepmyfuture.png\" alt=\"PrepMyFuture\" class=\"wp-image-75511\" style=\"width:525px;height:99px\" srcset=\"https:\/\/www.ubishops.ca\/wp-content\/uploads\/logo-prepmyfuture.png 2100w, https:\/\/www.ubishops.ca\/wp-content\/uploads\/logo-prepmyfuture-300x56.png 300w, https:\/\/www.ubishops.ca\/wp-content\/uploads\/logo-prepmyfuture-1024x192.png 1024w, https:\/\/www.ubishops.ca\/wp-content\/uploads\/logo-prepmyfuture-150x28.png 150w, https:\/\/www.ubishops.ca\/wp-content\/uploads\/logo-prepmyfuture-768x144.png 768w, https:\/\/www.ubishops.ca\/wp-content\/uploads\/logo-prepmyfuture-1536x288.png 1536w, https:\/\/www.ubishops.ca\/wp-content\/uploads\/logo-prepmyfuture-2048x384.png 2048w\" sizes=\"(max-width: 2100px) 100vw, 2100px\" \/><\/figure>\n\n\n\n<h2 class=\"wp-block-heading\">Pr\u00e9parez efficacement votre TEF Canada\/T\u00c9FAQ avec PrepMyFuture!<\/h2>\n\n\n\n<p>PrepMyFuture est une plateforme interactive en ligne incluant&nbsp;:<\/p>\n\n\n\n<ul class=\"wp-block-list\">\n<li>Du mat\u00e9riel couvrant les 4 \u00e9preuves du TEF Canada: compr\u00e9hension \u00e9crite, expression \u00e9crite, compr\u00e9hension orale et expression orale<\/li>\n\n\n\n<li>2 examens d\u2019essai r\u00e9pliquant les conditions du TEF Canada\/T\u00c9FAQ<\/li>\n\n\n\n<li>Plus de 1600 exercices avec corrig\u00e9s d\u00e9taill\u00e9s<\/li>\n\n\n\n<li>Des fiches pour chaque type de questions<\/li>\n\n\n\n<li>Des entra\u00eenements adaptatifs pour tous les concepts<\/li>\n\n\n\n<li>Des rappels de grammaire et de vocabulaire<\/li>\n\n\n\n<li>Du contenu bilingue en fran\u00e7ais et en anglais<\/li>\n<\/ul>\n\n\n\n<p><a href=\"https:\/\/prepmyfuture.com\/fr\/tef\" target=\"_blank\" rel=\"noreferrer noopener\">Obtenez votre acc\u00e8s PrepMyFuture<\/a> pour seulement 90$.<\/p>\n\n\n\n<h2 class=\"wp-block-heading\">Avec qui communiquer si l\u2019on a des questions ?<\/h2>\n\n\n\n<p>Pour plus d\u2019informations sur le prochain test \u00e0 l\u2019Universit\u00e9 Bishop\u2019s veuillez contacter&nbsp;:<\/p>\n\n\n\n<p><strong>Rosemarie Bergeron<\/strong><br><a href=\"&#x6d;&#97;&#x69;&#108;t&#x6f;&#58;R&#x42;&#69;&#x52;&#x47;E&#x52;&#79;N&#x32;&#49;&#x40;&#x55;B&#x69;&#115;h&#x6f;&#112;s&#x2e;&#99;&#x61;\">&#82;&#x42;E&#82;&#x47;E&#82;&#x4f;N&#50;&#x31;&#64;&#85;&#x42;i&#115;&#x68;o&#112;&#x73;&#46;&#99;&#x61;<\/a><\/p>\n","protected":false},"excerpt":{"rendered":"<p>L\u2019Universit\u00e9 Bishop\u2019s est le seul \u00e9tablissement autoris\u00e9 \u00e0 offrir le Test d\u2019\u00e9valuation du fran\u00e7ais (TEF) ainsi que le Dipl\u00f4me de fran\u00e7ais professionnel (DFP) en dehors des villes de Montr\u00e9al et Qu\u00e9bec. Ceci est rendu possible par un partenariat international avec la Chambre de commerce et d\u2019Industrie Paris \u2013 \u00cele-de-France (CCI). Ceux et celles ayant besoin&#8230;<\/p>\n","protected":false},"author":49,"featured_media":0,"parent":78670,"menu_order":127,"comment_status":"closed","ping_status":"closed","template":"","meta":{"_acf_changed":false,"_cbd_carousel_blocks":"[]","_kad_blocks_custom_css":"","_kad_blocks_head_custom_js":"","_kad_blocks_body_custom_js":"","_kad_blocks_footer_custom_js":"","_kad_post_transparent":"","_kad_post_title":"","_kad_post_layout":"","_kad_post_sidebar_id":"","_kad_post_content_style":"","_kad_post_vertical_padding":"","_kad_post_feature":"","_kad_post_feature_position":"","_kad_post_header":false,"_kad_post_footer":false,"_kad_post_classname":"","footnotes":""},"class_list":["post-69931","page","type-page","status-publish","hentry"],"acf":[],"yoast_head":"<!-- This site is optimized with the Yoast SEO plugin v27.2 - https:\/\/yoast.com\/product\/yoast-seo-wordpress\/ -->\n<title>TEFAQ \/ TEF - Bishop&#039;s University<\/title>\n<meta name=\"robots\" content=\"index, follow, max-snippet:-1, max-image-preview:large, max-video-preview:-1\" \/>\n<link rel=\"canonical\" href=\"https:\/\/www.ubishops.ca\/fr\/programmes-d-etudes\/faculte-des-lettres-et-sciences-humaines\/etudes-francaises-et-quebecoises\/tefaq-tef\/\" \/>\n<meta property=\"og:locale\" content=\"fr_FR\" \/>\n<meta property=\"og:type\" content=\"article\" \/>\n<meta property=\"og:title\" content=\"TEFAQ \/ TEF - Bishop&#039;s University\" \/>\n<meta property=\"og:description\" content=\"L\u2019Universit\u00e9 Bishop\u2019s est le seul \u00e9tablissement autoris\u00e9 \u00e0 offrir le Test d\u2019\u00e9valuation du fran\u00e7ais (TEF) ainsi que le Dipl\u00f4me de fran\u00e7ais professionnel (DFP) en dehors des villes de Montr\u00e9al et Qu\u00e9bec. Ceci est rendu possible par un partenariat international avec la Chambre de commerce et d\u2019Industrie Paris \u2013 \u00cele-de-France (CCI). Ceux et celles ayant besoin...\" \/>\n<meta property=\"og:url\" content=\"https:\/\/www.ubishops.ca\/fr\/programmes-d-etudes\/faculte-des-lettres-et-sciences-humaines\/etudes-francaises-et-quebecoises\/tefaq-tef\/\" \/>\n<meta property=\"og:site_name\" content=\"Bishop&#039;s University\" \/>\n<meta property=\"article:publisher\" content=\"https:\/\/www.facebook.com\/ubishops\" \/>\n<meta property=\"article:modified_time\" content=\"2026-03-18T15:03:53+00:00\" \/>\n<meta property=\"og:image\" content=\"https:\/\/www.ubishops.ca\/wp-content\/uploads\/TEF-small.png\" \/>\n\t<meta property=\"og:image:width\" content=\"250\" \/>\n\t<meta property=\"og:image:height\" content=\"177\" \/>\n\t<meta property=\"og:image:type\" content=\"image\/png\" \/>\n<meta name=\"twitter:card\" content=\"summary_large_image\" \/>\n<meta name=\"twitter:site\" content=\"@ubishops\" \/>\n<meta name=\"twitter:label1\" content=\"Dur\u00e9e de lecture estim\u00e9e\" \/>\n\t<meta name=\"twitter:data1\" content=\"5 minutes\" \/>\n<script type=\"application\/ld+json\" class=\"yoast-schema-graph\">{\"@context\":\"https:\/\/schema.org\",\"@graph\":[{\"@type\":\"WebPage\",\"@id\":\"https:\/\/www.ubishops.ca\/fr\/programmes-d-etudes\/faculte-des-lettres-et-sciences-humaines\/etudes-francaises-et-quebecoises\/tefaq-tef\/\",\"url\":\"https:\/\/www.ubishops.ca\/fr\/programmes-d-etudes\/faculte-des-lettres-et-sciences-humaines\/etudes-francaises-et-quebecoises\/tefaq-tef\/\",\"name\":\"TEFAQ \/ TEF - Bishop&#039;s University\",\"isPartOf\":{\"@id\":\"https:\/\/www.ubishops.ca\/#website\"},\"primaryImageOfPage\":{\"@id\":\"https:\/\/www.ubishops.ca\/fr\/programmes-d-etudes\/faculte-des-lettres-et-sciences-humaines\/etudes-francaises-et-quebecoises\/tefaq-tef\/#primaryimage\"},\"image\":{\"@id\":\"https:\/\/www.ubishops.ca\/fr\/programmes-d-etudes\/faculte-des-lettres-et-sciences-humaines\/etudes-francaises-et-quebecoises\/tefaq-tef\/#primaryimage\"},\"thumbnailUrl\":\"https:\/\/www.ubishops.ca\/wp-content\/uploads\/TEF-small.png\",\"datePublished\":\"2019-09-04T14:15:00+00:00\",\"dateModified\":\"2026-03-18T15:03:53+00:00\",\"breadcrumb\":{\"@id\":\"https:\/\/www.ubishops.ca\/fr\/programmes-d-etudes\/faculte-des-lettres-et-sciences-humaines\/etudes-francaises-et-quebecoises\/tefaq-tef\/#breadcrumb\"},\"inLanguage\":\"fr-FR\",\"potentialAction\":[{\"@type\":\"ReadAction\",\"target\":[\"https:\/\/www.ubishops.ca\/fr\/programmes-d-etudes\/faculte-des-lettres-et-sciences-humaines\/etudes-francaises-et-quebecoises\/tefaq-tef\/\"]}]},{\"@type\":\"ImageObject\",\"inLanguage\":\"fr-FR\",\"@id\":\"https:\/\/www.ubishops.ca\/fr\/programmes-d-etudes\/faculte-des-lettres-et-sciences-humaines\/etudes-francaises-et-quebecoises\/tefaq-tef\/#primaryimage\",\"url\":\"https:\/\/www.ubishops.ca\/wp-content\/uploads\/TEF-small.png\",\"contentUrl\":\"https:\/\/www.ubishops.ca\/wp-content\/uploads\/TEF-small.png\"},{\"@type\":\"BreadcrumbList\",\"@id\":\"https:\/\/www.ubishops.ca\/fr\/programmes-d-etudes\/faculte-des-lettres-et-sciences-humaines\/etudes-francaises-et-quebecoises\/tefaq-tef\/#breadcrumb\",\"itemListElement\":[{\"@type\":\"ListItem\",\"position\":1,\"name\":\"Accueil\",\"item\":\"https:\/\/www.ubishops.ca\/fr\/\"},{\"@type\":\"ListItem\",\"position\":2,\"name\":\"Programmes d&#8217;\u00e9tudes\",\"item\":\"https:\/\/www.ubishops.ca\/fr\/programmes-d-etudes\/\"},{\"@type\":\"ListItem\",\"position\":3,\"name\":\"Facult\u00e9 des lettres et sciences humaines\",\"item\":\"https:\/\/www.ubishops.ca\/fr\/programmes-d-etudes\/faculte-des-lettres-et-sciences-humaines\/\"},{\"@type\":\"ListItem\",\"position\":4,\"name\":\"\u00c9tudes fran\u00e7aises et qu\u00e9b\u00e9coises\",\"item\":\"https:\/\/www.ubishops.ca\/fr\/programmes-d-etudes\/faculte-des-lettres-et-sciences-humaines\/etudes-francaises-et-quebecoises\/\"},{\"@type\":\"ListItem\",\"position\":5,\"name\":\"TEFAQ \/ TEF\"}]},{\"@type\":\"WebSite\",\"@id\":\"https:\/\/www.ubishops.ca\/#website\",\"url\":\"https:\/\/www.ubishops.ca\/\",\"name\":\"Bishop&#039;s University\",\"description\":\"\",\"potentialAction\":[{\"@type\":\"SearchAction\",\"target\":{\"@type\":\"EntryPoint\",\"urlTemplate\":\"https:\/\/www.ubishops.ca\/?s={search_term_string}\"},\"query-input\":{\"@type\":\"PropertyValueSpecification\",\"valueRequired\":true,\"valueName\":\"search_term_string\"}}],\"inLanguage\":\"fr-FR\"}]}<\/script>\n<!-- \/ Yoast SEO plugin. -->","yoast_head_json":{"title":"TEFAQ \/ TEF - Bishop&#039;s University","robots":{"index":"index","follow":"follow","max-snippet":"max-snippet:-1","max-image-preview":"max-image-preview:large","max-video-preview":"max-video-preview:-1"},"canonical":"https:\/\/www.ubishops.ca\/fr\/programmes-d-etudes\/faculte-des-lettres-et-sciences-humaines\/etudes-francaises-et-quebecoises\/tefaq-tef\/","og_locale":"fr_FR","og_type":"article","og_title":"TEFAQ \/ TEF - Bishop&#039;s University","og_description":"L\u2019Universit\u00e9 Bishop\u2019s est le seul \u00e9tablissement autoris\u00e9 \u00e0 offrir le Test d\u2019\u00e9valuation du fran\u00e7ais (TEF) ainsi que le Dipl\u00f4me de fran\u00e7ais professionnel (DFP) en dehors des villes de Montr\u00e9al et Qu\u00e9bec. Ceci est rendu possible par un partenariat international avec la Chambre de commerce et d\u2019Industrie Paris \u2013 \u00cele-de-France (CCI). Ceux et celles ayant besoin...","og_url":"https:\/\/www.ubishops.ca\/fr\/programmes-d-etudes\/faculte-des-lettres-et-sciences-humaines\/etudes-francaises-et-quebecoises\/tefaq-tef\/","og_site_name":"Bishop&#039;s University","article_publisher":"https:\/\/www.facebook.com\/ubishops","article_modified_time":"2026-03-18T15:03:53+00:00","og_image":[{"width":250,"height":177,"url":"https:\/\/www.ubishops.ca\/wp-content\/uploads\/TEF-small.png","type":"image\/png"}],"twitter_card":"summary_large_image","twitter_site":"@ubishops","twitter_misc":{"Dur\u00e9e de lecture estim\u00e9e":"5 minutes"},"schema":{"@context":"https:\/\/schema.org","@graph":[{"@type":"WebPage","@id":"https:\/\/www.ubishops.ca\/fr\/programmes-d-etudes\/faculte-des-lettres-et-sciences-humaines\/etudes-francaises-et-quebecoises\/tefaq-tef\/","url":"https:\/\/www.ubishops.ca\/fr\/programmes-d-etudes\/faculte-des-lettres-et-sciences-humaines\/etudes-francaises-et-quebecoises\/tefaq-tef\/","name":"TEFAQ \/ TEF - Bishop&#039;s University","isPartOf":{"@id":"https:\/\/www.ubishops.ca\/#website"},"primaryImageOfPage":{"@id":"https:\/\/www.ubishops.ca\/fr\/programmes-d-etudes\/faculte-des-lettres-et-sciences-humaines\/etudes-francaises-et-quebecoises\/tefaq-tef\/#primaryimage"},"image":{"@id":"https:\/\/www.ubishops.ca\/fr\/programmes-d-etudes\/faculte-des-lettres-et-sciences-humaines\/etudes-francaises-et-quebecoises\/tefaq-tef\/#primaryimage"},"thumbnailUrl":"https:\/\/www.ubishops.ca\/wp-content\/uploads\/TEF-small.png","datePublished":"2019-09-04T14:15:00+00:00","dateModified":"2026-03-18T15:03:53+00:00","breadcrumb":{"@id":"https:\/\/www.ubishops.ca\/fr\/programmes-d-etudes\/faculte-des-lettres-et-sciences-humaines\/etudes-francaises-et-quebecoises\/tefaq-tef\/#breadcrumb"},"inLanguage":"fr-FR","potentialAction":[{"@type":"ReadAction","target":["https:\/\/www.ubishops.ca\/fr\/programmes-d-etudes\/faculte-des-lettres-et-sciences-humaines\/etudes-francaises-et-quebecoises\/tefaq-tef\/"]}]},{"@type":"ImageObject","inLanguage":"fr-FR","@id":"https:\/\/www.ubishops.ca\/fr\/programmes-d-etudes\/faculte-des-lettres-et-sciences-humaines\/etudes-francaises-et-quebecoises\/tefaq-tef\/#primaryimage","url":"https:\/\/www.ubishops.ca\/wp-content\/uploads\/TEF-small.png","contentUrl":"https:\/\/www.ubishops.ca\/wp-content\/uploads\/TEF-small.png"},{"@type":"BreadcrumbList","@id":"https:\/\/www.ubishops.ca\/fr\/programmes-d-etudes\/faculte-des-lettres-et-sciences-humaines\/etudes-francaises-et-quebecoises\/tefaq-tef\/#breadcrumb","itemListElement":[{"@type":"ListItem","position":1,"name":"Accueil","item":"https:\/\/www.ubishops.ca\/fr\/"},{"@type":"ListItem","position":2,"name":"Programmes d&#8217;\u00e9tudes","item":"https:\/\/www.ubishops.ca\/fr\/programmes-d-etudes\/"},{"@type":"ListItem","position":3,"name":"Facult\u00e9 des lettres et sciences humaines","item":"https:\/\/www.ubishops.ca\/fr\/programmes-d-etudes\/faculte-des-lettres-et-sciences-humaines\/"},{"@type":"ListItem","position":4,"name":"\u00c9tudes fran\u00e7aises et qu\u00e9b\u00e9coises","item":"https:\/\/www.ubishops.ca\/fr\/programmes-d-etudes\/faculte-des-lettres-et-sciences-humaines\/etudes-francaises-et-quebecoises\/"},{"@type":"ListItem","position":5,"name":"TEFAQ \/ TEF"}]},{"@type":"WebSite","@id":"https:\/\/www.ubishops.ca\/#website","url":"https:\/\/www.ubishops.ca\/","name":"Bishop&#039;s University","description":"","potentialAction":[{"@type":"SearchAction","target":{"@type":"EntryPoint","urlTemplate":"https:\/\/www.ubishops.ca\/?s={search_term_string}"},"query-input":{"@type":"PropertyValueSpecification","valueRequired":true,"valueName":"search_term_string"}}],"inLanguage":"fr-FR"}]}},"taxonomy_info":[],"featured_image_src_large":false,"author_info":{"display_name":"Julie Fradette","author_link":"https:\/\/www.ubishops.ca\/fr\/author\/jfradett\/"},"comment_info":0,"publishpress_future_action":{"enabled":false,"date":"2026-04-15 13:20:35","action":"change-status","newStatus":"draft","terms":[],"taxonomy":"translation_priority","extraData":[]},"publishpress_future_workflow_manual_trigger":{"enabledWorkflows":[]},"_links":{"self":[{"href":"https:\/\/www.ubishops.ca\/fr\/wp-json\/wp\/v2\/pages\/69931","targetHints":{"allow":["GET"]}}],"collection":[{"href":"https:\/\/www.ubishops.ca\/fr\/wp-json\/wp\/v2\/pages"}],"about":[{"href":"https:\/\/www.ubishops.ca\/fr\/wp-json\/wp\/v2\/types\/page"}],"author":[{"embeddable":true,"href":"https:\/\/www.ubishops.ca\/fr\/wp-json\/wp\/v2\/users\/49"}],"replies":[{"embeddable":true,"href":"https:\/\/www.ubishops.ca\/fr\/wp-json\/wp\/v2\/comments?post=69931"}],"version-history":[{"count":24,"href":"https:\/\/www.ubishops.ca\/fr\/wp-json\/wp\/v2\/pages\/69931\/revisions"}],"predecessor-version":[{"id":131515,"href":"https:\/\/www.ubishops.ca\/fr\/wp-json\/wp\/v2\/pages\/69931\/revisions\/131515"}],"up":[{"embeddable":true,"href":"https:\/\/www.ubishops.ca\/fr\/wp-json\/wp\/v2\/pages\/78670"}],"wp:attachment":[{"href":"https:\/\/www.ubishops.ca\/fr\/wp-json\/wp\/v2\/media?parent=69931"}],"curies":[{"name":"wp","href":"https:\/\/api.w.org\/{rel}","templated":true}]}}