{"id":60022,"date":"2018-08-21T09:45:56","date_gmt":"2018-08-21T13:45:56","guid":{"rendered":"https:\/\/www.ubishops.ca\/procurement\/"},"modified":"2025-08-14T10:15:31","modified_gmt":"2025-08-14T14:15:31","slug":"approvisionnement","status":"publish","type":"page","link":"https:\/\/www.ubishops.ca\/fr\/approvisionnement\/","title":{"rendered":"Approvisionnement"},"content":{"rendered":"\n<p>Le d\u00e9partement de l\u2019approvisionnement est responsable des processus d\u2019achat et des appels d\u2019offres. Le d\u00e9partement s\u2019assure de la conformit\u00e9 des processus avec la Loi sur les contrats des organismes publics et sa r\u00e9glementation aff\u00e9rente, tout en cherchant la meilleure fa\u00e7on de r\u00e9pondre aux besoins de l\u2019universit\u00e9 dans un environnement durable.<\/p>\n\n\n\n<p><a href=\"https:\/\/www.ubishops.ca\/wp-content\/uploads\/Policy-Respecting-the-Awarding-and-Management-of-Contracts-updated.pdf\" target=\"_blank\" rel=\"noreferrer noopener\">Politique sur l\u2019attribution et la gestion des contrats<\/a> (PDF en anglais)<\/p>\n\n\n\n<p><strong>Plaintes<br><\/strong>Toute personne d\u00e9sireuse de d\u00e9poser une plainte dans le cadre d\u2019un processus d\u2019octroi de contrat concern\u00e9 doit suivre la <a href=\"https:\/\/www.ubishops.ca\/wp-content\/uploads\/Procedure_Respecting_Complaints_FR.pdf\" target=\"_blank\" rel=\"noreferrer noopener\">Proc\u00e9dure portant sur la r\u00e9ception et l\u2019examen des plaintes<\/a> (PDF). Pour toutes questions relatives aux plaintes, n\u2019h\u00e9sitez pas \u00e0 nous contacter par courriel \u00e0 <a href=\"&#109;&#x61;&#105;&#x6c;&#116;&#x6f;:&#x61;p&#112;&#x72;&#111;&#x40;&#117;&#x62;i&#x73;h&#111;&#x70;&#115;&#x2e;&#99;&#x61;\">a&#112;&#112;&#x72;&#x6f;&#x40;&#x75;b&#105;&#115;&#104;&#x6f;&#x70;&#x73;&#46;c&#97;<\/a>.<\/p>\n\n\n\n<p><a href=\"https:\/\/universitybishops.sharepoint.com\/sites\/myBU-Procurement\">Information pour usage interne disponible sur myBU.<\/a><\/p>\n","protected":false},"excerpt":{"rendered":"<p>Le d\u00e9partement de l\u2019approvisionnement est responsable des processus d\u2019achat et des appels d\u2019offres. Le d\u00e9partement s\u2019assure de la conformit\u00e9 des processus avec la Loi sur les contrats des organismes publics et sa r\u00e9glementation aff\u00e9rente, tout en cherchant la meilleure fa\u00e7on de r\u00e9pondre aux besoins de l\u2019universit\u00e9 dans un environnement durable. Politique sur l\u2019attribution et la&#8230;<\/p>\n","protected":false},"author":49,"featured_media":0,"parent":0,"menu_order":475,"comment_status":"closed","ping_status":"closed","template":"","meta":{"_acf_changed":false,"_cbd_carousel_blocks":"[]","_kad_blocks_custom_css":"","_kad_blocks_head_custom_js":"","_kad_blocks_body_custom_js":"","_kad_blocks_footer_custom_js":"","_kad_post_transparent":"","_kad_post_title":"","_kad_post_layout":"","_kad_post_sidebar_id":"","_kad_post_content_style":"","_kad_post_vertical_padding":"","_kad_post_feature":"","_kad_post_feature_position":"","_kad_post_header":false,"_kad_post_footer":false,"_kad_post_classname":"","footnotes":""},"class_list":["post-60022","page","type-page","status-publish","hentry"],"acf":[],"yoast_head":"<!-- This site is optimized with the Yoast SEO plugin v27.2 - https:\/\/yoast.com\/product\/yoast-seo-wordpress\/ -->\n<title>Approvisionnement - Bishop&#039;s University<\/title>\n<meta name=\"robots\" content=\"index, follow, max-snippet:-1, max-image-preview:large, max-video-preview:-1\" \/>\n<link rel=\"canonical\" href=\"https:\/\/www.ubishops.ca\/fr\/approvisionnement\/\" \/>\n<meta property=\"og:locale\" content=\"fr_FR\" \/>\n<meta property=\"og:type\" content=\"article\" \/>\n<meta property=\"og:title\" content=\"Approvisionnement - Bishop&#039;s University\" \/>\n<meta property=\"og:description\" content=\"Le d\u00e9partement de l\u2019approvisionnement est responsable des processus d\u2019achat et des appels d\u2019offres. Le d\u00e9partement s\u2019assure de la conformit\u00e9 des processus avec la Loi sur les contrats des organismes publics et sa r\u00e9glementation aff\u00e9rente, tout en cherchant la meilleure fa\u00e7on de r\u00e9pondre aux besoins de l\u2019universit\u00e9 dans un environnement durable. Politique sur l\u2019attribution et la...\" \/>\n<meta property=\"og:url\" content=\"https:\/\/www.ubishops.ca\/fr\/approvisionnement\/\" \/>\n<meta property=\"og:site_name\" content=\"Bishop&#039;s University\" \/>\n<meta property=\"article:publisher\" content=\"https:\/\/www.facebook.com\/ubishops\" \/>\n<meta property=\"article:modified_time\" content=\"2025-08-14T14:15:31+00:00\" \/>\n<meta name=\"twitter:card\" content=\"summary_large_image\" \/>\n<meta name=\"twitter:site\" content=\"@ubishops\" \/>\n<meta name=\"twitter:label1\" content=\"Dur\u00e9e de lecture estim\u00e9e\" \/>\n\t<meta name=\"twitter:data1\" content=\"1 minute\" \/>\n<script type=\"application\/ld+json\" class=\"yoast-schema-graph\">{\"@context\":\"https:\/\/schema.org\",\"@graph\":[{\"@type\":\"WebPage\",\"@id\":\"https:\/\/www.ubishops.ca\/fr\/approvisionnement\/\",\"url\":\"https:\/\/www.ubishops.ca\/fr\/approvisionnement\/\",\"name\":\"Approvisionnement - Bishop&#039;s University\",\"isPartOf\":{\"@id\":\"https:\/\/www.ubishops.ca\/#website\"},\"datePublished\":\"2018-08-21T13:45:56+00:00\",\"dateModified\":\"2025-08-14T14:15:31+00:00\",\"breadcrumb\":{\"@id\":\"https:\/\/www.ubishops.ca\/fr\/approvisionnement\/#breadcrumb\"},\"inLanguage\":\"fr-FR\",\"potentialAction\":[{\"@type\":\"ReadAction\",\"target\":[\"https:\/\/www.ubishops.ca\/fr\/approvisionnement\/\"]}]},{\"@type\":\"BreadcrumbList\",\"@id\":\"https:\/\/www.ubishops.ca\/fr\/approvisionnement\/#breadcrumb\",\"itemListElement\":[{\"@type\":\"ListItem\",\"position\":1,\"name\":\"Accueil\",\"item\":\"https:\/\/www.ubishops.ca\/fr\/\"},{\"@type\":\"ListItem\",\"position\":2,\"name\":\"Approvisionnement\"}]},{\"@type\":\"WebSite\",\"@id\":\"https:\/\/www.ubishops.ca\/#website\",\"url\":\"https:\/\/www.ubishops.ca\/\",\"name\":\"Bishop&#039;s University\",\"description\":\"\",\"potentialAction\":[{\"@type\":\"SearchAction\",\"target\":{\"@type\":\"EntryPoint\",\"urlTemplate\":\"https:\/\/www.ubishops.ca\/?s={search_term_string}\"},\"query-input\":{\"@type\":\"PropertyValueSpecification\",\"valueRequired\":true,\"valueName\":\"search_term_string\"}}],\"inLanguage\":\"fr-FR\"}]}<\/script>\n<!-- \/ Yoast SEO plugin. -->","yoast_head_json":{"title":"Approvisionnement - Bishop&#039;s University","robots":{"index":"index","follow":"follow","max-snippet":"max-snippet:-1","max-image-preview":"max-image-preview:large","max-video-preview":"max-video-preview:-1"},"canonical":"https:\/\/www.ubishops.ca\/fr\/approvisionnement\/","og_locale":"fr_FR","og_type":"article","og_title":"Approvisionnement - Bishop&#039;s University","og_description":"Le d\u00e9partement de l\u2019approvisionnement est responsable des processus d\u2019achat et des appels d\u2019offres. Le d\u00e9partement s\u2019assure de la conformit\u00e9 des processus avec la Loi sur les contrats des organismes publics et sa r\u00e9glementation aff\u00e9rente, tout en cherchant la meilleure fa\u00e7on de r\u00e9pondre aux besoins de l\u2019universit\u00e9 dans un environnement durable. Politique sur l\u2019attribution et la...","og_url":"https:\/\/www.ubishops.ca\/fr\/approvisionnement\/","og_site_name":"Bishop&#039;s University","article_publisher":"https:\/\/www.facebook.com\/ubishops","article_modified_time":"2025-08-14T14:15:31+00:00","twitter_card":"summary_large_image","twitter_site":"@ubishops","twitter_misc":{"Dur\u00e9e de lecture estim\u00e9e":"1 minute"},"schema":{"@context":"https:\/\/schema.org","@graph":[{"@type":"WebPage","@id":"https:\/\/www.ubishops.ca\/fr\/approvisionnement\/","url":"https:\/\/www.ubishops.ca\/fr\/approvisionnement\/","name":"Approvisionnement - Bishop&#039;s University","isPartOf":{"@id":"https:\/\/www.ubishops.ca\/#website"},"datePublished":"2018-08-21T13:45:56+00:00","dateModified":"2025-08-14T14:15:31+00:00","breadcrumb":{"@id":"https:\/\/www.ubishops.ca\/fr\/approvisionnement\/#breadcrumb"},"inLanguage":"fr-FR","potentialAction":[{"@type":"ReadAction","target":["https:\/\/www.ubishops.ca\/fr\/approvisionnement\/"]}]},{"@type":"BreadcrumbList","@id":"https:\/\/www.ubishops.ca\/fr\/approvisionnement\/#breadcrumb","itemListElement":[{"@type":"ListItem","position":1,"name":"Accueil","item":"https:\/\/www.ubishops.ca\/fr\/"},{"@type":"ListItem","position":2,"name":"Approvisionnement"}]},{"@type":"WebSite","@id":"https:\/\/www.ubishops.ca\/#website","url":"https:\/\/www.ubishops.ca\/","name":"Bishop&#039;s University","description":"","potentialAction":[{"@type":"SearchAction","target":{"@type":"EntryPoint","urlTemplate":"https:\/\/www.ubishops.ca\/?s={search_term_string}"},"query-input":{"@type":"PropertyValueSpecification","valueRequired":true,"valueName":"search_term_string"}}],"inLanguage":"fr-FR"}]}},"taxonomy_info":[],"featured_image_src_large":false,"author_info":{"display_name":"Julie Fradette","author_link":"https:\/\/www.ubishops.ca\/fr\/author\/jfradett\/"},"comment_info":0,"publishpress_future_action":{"enabled":false,"date":"2026-04-17 02:58:07","action":"change-status","newStatus":"draft","terms":[],"taxonomy":"translation_priority","extraData":[]},"publishpress_future_workflow_manual_trigger":{"enabledWorkflows":[]},"_links":{"self":[{"href":"https:\/\/www.ubishops.ca\/fr\/wp-json\/wp\/v2\/pages\/60022","targetHints":{"allow":["GET"]}}],"collection":[{"href":"https:\/\/www.ubishops.ca\/fr\/wp-json\/wp\/v2\/pages"}],"about":[{"href":"https:\/\/www.ubishops.ca\/fr\/wp-json\/wp\/v2\/types\/page"}],"author":[{"embeddable":true,"href":"https:\/\/www.ubishops.ca\/fr\/wp-json\/wp\/v2\/users\/49"}],"replies":[{"embeddable":true,"href":"https:\/\/www.ubishops.ca\/fr\/wp-json\/wp\/v2\/comments?post=60022"}],"version-history":[{"count":1,"href":"https:\/\/www.ubishops.ca\/fr\/wp-json\/wp\/v2\/pages\/60022\/revisions"}],"predecessor-version":[{"id":126273,"href":"https:\/\/www.ubishops.ca\/fr\/wp-json\/wp\/v2\/pages\/60022\/revisions\/126273"}],"wp:attachment":[{"href":"https:\/\/www.ubishops.ca\/fr\/wp-json\/wp\/v2\/media?parent=60022"}],"curies":[{"name":"wp","href":"https:\/\/api.w.org\/{rel}","templated":true}]}}