{"id":52232,"date":"2018-08-27T10:57:01","date_gmt":"2018-08-27T14:57:01","guid":{"rendered":"https:\/\/www.ubishops.ca\/programmes-d-etudes\/graduate-studies\/"},"modified":"2024-06-21T15:35:27","modified_gmt":"2024-06-21T19:35:27","slug":"etudes-superieures","status":"publish","type":"page","link":"https:\/\/www.ubishops.ca\/fr\/programmes-d-etudes\/etudes-superieures\/","title":{"rendered":"\u00c9tudes de 2e cycle"},"content":{"rendered":"\n<p class=\"has-text-align-left\">L\u2019Universit\u00e9 Bishop\u2019s compte une vari\u00e9t\u00e9 de programmes de deuxi\u00e8me cycle qui visent \u00e0 offrir aux \u00e9tudiants la possibilit\u00e9 de poursuivre leurs \u00e9tudes ou de s\u2019engager dans une trajectoire de d\u00e9veloppement professionnel tout en b\u00e9n\u00e9ficiant du cadre intime d\u2019une petite universit\u00e9, o\u00f9 les interactions professeurs-\u00e9tudiants et les classes de petite taille sont toujours prioritaires. Les pages ci-dessous vous offrent un aper\u00e7u de tous les programmes de 2e cycle \u00e0 Bishop\u2019s, de leurs crit\u00e8res d\u2019admission et des proc\u00e9dures \u00e0 suivre pour d\u00e9poser une demande d\u2019admission. Misant sur l\u2019apprentissage th\u00e9orique combine \u00e0 la pratique ancr\u00e9e dans la recherche, l\u2019Universit\u00e9 Bishop\u2019s vise \u00e0 offrir \u00e0 ses \u00e9tudiants de deuxi\u00e8me cycle la chance de d\u00e9velopper leurs habilet\u00e9s en leadership et en pens\u00e9e critique afin de mieux les pr\u00e9parer pour la prochaine \u00e9tape de leur vie professionnelle. <\/p>\n\n\n\n<p><a href=\"https:\/\/www.ubishops.ca\/wp-content\/uploads\/Bishop_2ecycle_Brochure_4a-web2.pdf\" target=\"_blank\" rel=\"noreferrer noopener\">Consultez notre d\u00e9pliant en format PDF pour une description compl\u00e8te des programmes de deuxi\u00e8me cycle offerts \u00e0 l\u2019Universit\u00e9 Bishop\u2019s<\/a>.<\/p>\n\n\n\n<div style=\"height:30px\" aria-hidden=\"true\" class=\"wp-block-spacer\"><\/div>\n\n\n\n<p>Le contenu de cette page Web n&rsquo;est pas encore traduit en fran\u00e7ais. <strong>Veuillez consulter la section en anglais.<\/strong><\/p>\n\n\n\n<figure class=\"wp-block-image size-full\"><img decoding=\"async\" width=\"1000\" height=\"413\" src=\"https:\/\/www.ubishops.ca\/wp-content\/uploads\/Language-Selection.jpg\" alt=\"S\u00e9lection de la langue\" class=\"wp-image-111296\" srcset=\"https:\/\/www.ubishops.ca\/wp-content\/uploads\/Language-Selection.jpg 1000w, https:\/\/www.ubishops.ca\/wp-content\/uploads\/Language-Selection-300x124.jpg 300w, https:\/\/www.ubishops.ca\/wp-content\/uploads\/Language-Selection-150x62.jpg 150w, https:\/\/www.ubishops.ca\/wp-content\/uploads\/Language-Selection-768x317.jpg 768w\" sizes=\"(max-width: 1000px) 100vw, 1000px\" \/><\/figure>\n","protected":false},"excerpt":{"rendered":"<p>L\u2019Universit\u00e9 Bishop\u2019s compte une vari\u00e9t\u00e9 de programmes de deuxi\u00e8me cycle qui visent \u00e0 offrir aux \u00e9tudiants la possibilit\u00e9 de poursuivre leurs \u00e9tudes ou de s\u2019engager dans une trajectoire de d\u00e9veloppement professionnel tout en b\u00e9n\u00e9ficiant du cadre intime d\u2019une petite universit\u00e9, o\u00f9 les interactions professeurs-\u00e9tudiants et les classes de petite taille sont toujours prioritaires. Les pages&#8230;<\/p>\n","protected":false},"author":49,"featured_media":0,"parent":3177,"menu_order":313,"comment_status":"closed","ping_status":"closed","template":"templates\/page-width-sidebar.php","meta":{"_acf_changed":false,"_cbd_carousel_blocks":"[]","_kad_blocks_custom_css":"","_kad_blocks_head_custom_js":"","_kad_blocks_body_custom_js":"","_kad_blocks_footer_custom_js":"","_kad_post_transparent":"","_kad_post_title":"","_kad_post_layout":"","_kad_post_sidebar_id":"","_kad_post_content_style":"","_kad_post_vertical_padding":"","_kad_post_feature":"","_kad_post_feature_position":"","_kad_post_header":false,"_kad_post_footer":false,"_kad_post_classname":"","footnotes":""},"class_list":["post-52232","page","type-page","status-publish","hentry"],"acf":[],"yoast_head":"<!-- This site is optimized with the Yoast SEO plugin v27.2 - https:\/\/yoast.com\/product\/yoast-seo-wordpress\/ -->\n<title>\u00c9tudes de 2e cycle - Bishop&#039;s University<\/title>\n<meta name=\"robots\" content=\"index, follow, max-snippet:-1, max-image-preview:large, max-video-preview:-1\" \/>\n<link rel=\"canonical\" href=\"https:\/\/www.ubishops.ca\/fr\/programmes-d-etudes\/etudes-superieures\/\" \/>\n<meta property=\"og:locale\" content=\"fr_FR\" \/>\n<meta property=\"og:type\" content=\"article\" \/>\n<meta property=\"og:title\" content=\"\u00c9tudes de 2e cycle - Bishop&#039;s University\" \/>\n<meta property=\"og:description\" content=\"L\u2019Universit\u00e9 Bishop\u2019s compte une vari\u00e9t\u00e9 de programmes de deuxi\u00e8me cycle qui visent \u00e0 offrir aux \u00e9tudiants la possibilit\u00e9 de poursuivre leurs \u00e9tudes ou de s\u2019engager dans une trajectoire de d\u00e9veloppement professionnel tout en b\u00e9n\u00e9ficiant du cadre intime d\u2019une petite universit\u00e9, o\u00f9 les interactions professeurs-\u00e9tudiants et les classes de petite taille sont toujours prioritaires. Les pages...\" \/>\n<meta property=\"og:url\" content=\"https:\/\/www.ubishops.ca\/fr\/programmes-d-etudes\/etudes-superieures\/\" \/>\n<meta property=\"og:site_name\" content=\"Bishop&#039;s University\" \/>\n<meta property=\"article:publisher\" content=\"https:\/\/www.facebook.com\/ubishops\" \/>\n<meta property=\"article:modified_time\" content=\"2024-06-21T19:35:27+00:00\" \/>\n<meta property=\"og:image\" content=\"https:\/\/www.ubishops.ca\/wp-content\/uploads\/Language-Selection.jpg\" \/>\n<meta name=\"twitter:card\" content=\"summary_large_image\" \/>\n<meta name=\"twitter:site\" content=\"@ubishops\" \/>\n<meta name=\"twitter:label1\" content=\"Dur\u00e9e de lecture estim\u00e9e\" \/>\n\t<meta name=\"twitter:data1\" content=\"1 minute\" \/>\n<script type=\"application\/ld+json\" class=\"yoast-schema-graph\">{\"@context\":\"https:\/\/schema.org\",\"@graph\":[{\"@type\":\"WebPage\",\"@id\":\"https:\/\/www.ubishops.ca\/fr\/programmes-d-etudes\/etudes-superieures\/\",\"url\":\"https:\/\/www.ubishops.ca\/fr\/programmes-d-etudes\/etudes-superieures\/\",\"name\":\"\u00c9tudes de 2e cycle - Bishop&#039;s University\",\"isPartOf\":{\"@id\":\"https:\/\/www.ubishops.ca\/#website\"},\"primaryImageOfPage\":{\"@id\":\"https:\/\/www.ubishops.ca\/fr\/programmes-d-etudes\/etudes-superieures\/#primaryimage\"},\"image\":{\"@id\":\"https:\/\/www.ubishops.ca\/fr\/programmes-d-etudes\/etudes-superieures\/#primaryimage\"},\"thumbnailUrl\":\"https:\/\/www.ubishops.ca\/wp-content\/uploads\/Language-Selection.jpg\",\"datePublished\":\"2018-08-27T14:57:01+00:00\",\"dateModified\":\"2024-06-21T19:35:27+00:00\",\"breadcrumb\":{\"@id\":\"https:\/\/www.ubishops.ca\/fr\/programmes-d-etudes\/etudes-superieures\/#breadcrumb\"},\"inLanguage\":\"fr-FR\",\"potentialAction\":[{\"@type\":\"ReadAction\",\"target\":[\"https:\/\/www.ubishops.ca\/fr\/programmes-d-etudes\/etudes-superieures\/\"]}]},{\"@type\":\"ImageObject\",\"inLanguage\":\"fr-FR\",\"@id\":\"https:\/\/www.ubishops.ca\/fr\/programmes-d-etudes\/etudes-superieures\/#primaryimage\",\"url\":\"https:\/\/www.ubishops.ca\/wp-content\/uploads\/Language-Selection.jpg\",\"contentUrl\":\"https:\/\/www.ubishops.ca\/wp-content\/uploads\/Language-Selection.jpg\"},{\"@type\":\"BreadcrumbList\",\"@id\":\"https:\/\/www.ubishops.ca\/fr\/programmes-d-etudes\/etudes-superieures\/#breadcrumb\",\"itemListElement\":[{\"@type\":\"ListItem\",\"position\":1,\"name\":\"Accueil\",\"item\":\"https:\/\/www.ubishops.ca\/fr\/\"},{\"@type\":\"ListItem\",\"position\":2,\"name\":\"Programmes d&#8217;\u00e9tudes\",\"item\":\"https:\/\/www.ubishops.ca\/fr\/programmes-d-etudes\/\"},{\"@type\":\"ListItem\",\"position\":3,\"name\":\"\u00c9tudes de 2e cycle\"}]},{\"@type\":\"WebSite\",\"@id\":\"https:\/\/www.ubishops.ca\/#website\",\"url\":\"https:\/\/www.ubishops.ca\/\",\"name\":\"Bishop&#039;s University\",\"description\":\"\",\"potentialAction\":[{\"@type\":\"SearchAction\",\"target\":{\"@type\":\"EntryPoint\",\"urlTemplate\":\"https:\/\/www.ubishops.ca\/?s={search_term_string}\"},\"query-input\":{\"@type\":\"PropertyValueSpecification\",\"valueRequired\":true,\"valueName\":\"search_term_string\"}}],\"inLanguage\":\"fr-FR\"}]}<\/script>\n<!-- \/ Yoast SEO plugin. -->","yoast_head_json":{"title":"\u00c9tudes de 2e cycle - Bishop&#039;s University","robots":{"index":"index","follow":"follow","max-snippet":"max-snippet:-1","max-image-preview":"max-image-preview:large","max-video-preview":"max-video-preview:-1"},"canonical":"https:\/\/www.ubishops.ca\/fr\/programmes-d-etudes\/etudes-superieures\/","og_locale":"fr_FR","og_type":"article","og_title":"\u00c9tudes de 2e cycle - Bishop&#039;s University","og_description":"L\u2019Universit\u00e9 Bishop\u2019s compte une vari\u00e9t\u00e9 de programmes de deuxi\u00e8me cycle qui visent \u00e0 offrir aux \u00e9tudiants la possibilit\u00e9 de poursuivre leurs \u00e9tudes ou de s\u2019engager dans une trajectoire de d\u00e9veloppement professionnel tout en b\u00e9n\u00e9ficiant du cadre intime d\u2019une petite universit\u00e9, o\u00f9 les interactions professeurs-\u00e9tudiants et les classes de petite taille sont toujours prioritaires. Les pages...","og_url":"https:\/\/www.ubishops.ca\/fr\/programmes-d-etudes\/etudes-superieures\/","og_site_name":"Bishop&#039;s University","article_publisher":"https:\/\/www.facebook.com\/ubishops","article_modified_time":"2024-06-21T19:35:27+00:00","og_image":[{"url":"https:\/\/www.ubishops.ca\/wp-content\/uploads\/Language-Selection.jpg","type":"","width":"","height":""}],"twitter_card":"summary_large_image","twitter_site":"@ubishops","twitter_misc":{"Dur\u00e9e de lecture estim\u00e9e":"1 minute"},"schema":{"@context":"https:\/\/schema.org","@graph":[{"@type":"WebPage","@id":"https:\/\/www.ubishops.ca\/fr\/programmes-d-etudes\/etudes-superieures\/","url":"https:\/\/www.ubishops.ca\/fr\/programmes-d-etudes\/etudes-superieures\/","name":"\u00c9tudes de 2e cycle - Bishop&#039;s University","isPartOf":{"@id":"https:\/\/www.ubishops.ca\/#website"},"primaryImageOfPage":{"@id":"https:\/\/www.ubishops.ca\/fr\/programmes-d-etudes\/etudes-superieures\/#primaryimage"},"image":{"@id":"https:\/\/www.ubishops.ca\/fr\/programmes-d-etudes\/etudes-superieures\/#primaryimage"},"thumbnailUrl":"https:\/\/www.ubishops.ca\/wp-content\/uploads\/Language-Selection.jpg","datePublished":"2018-08-27T14:57:01+00:00","dateModified":"2024-06-21T19:35:27+00:00","breadcrumb":{"@id":"https:\/\/www.ubishops.ca\/fr\/programmes-d-etudes\/etudes-superieures\/#breadcrumb"},"inLanguage":"fr-FR","potentialAction":[{"@type":"ReadAction","target":["https:\/\/www.ubishops.ca\/fr\/programmes-d-etudes\/etudes-superieures\/"]}]},{"@type":"ImageObject","inLanguage":"fr-FR","@id":"https:\/\/www.ubishops.ca\/fr\/programmes-d-etudes\/etudes-superieures\/#primaryimage","url":"https:\/\/www.ubishops.ca\/wp-content\/uploads\/Language-Selection.jpg","contentUrl":"https:\/\/www.ubishops.ca\/wp-content\/uploads\/Language-Selection.jpg"},{"@type":"BreadcrumbList","@id":"https:\/\/www.ubishops.ca\/fr\/programmes-d-etudes\/etudes-superieures\/#breadcrumb","itemListElement":[{"@type":"ListItem","position":1,"name":"Accueil","item":"https:\/\/www.ubishops.ca\/fr\/"},{"@type":"ListItem","position":2,"name":"Programmes d&#8217;\u00e9tudes","item":"https:\/\/www.ubishops.ca\/fr\/programmes-d-etudes\/"},{"@type":"ListItem","position":3,"name":"\u00c9tudes de 2e cycle"}]},{"@type":"WebSite","@id":"https:\/\/www.ubishops.ca\/#website","url":"https:\/\/www.ubishops.ca\/","name":"Bishop&#039;s University","description":"","potentialAction":[{"@type":"SearchAction","target":{"@type":"EntryPoint","urlTemplate":"https:\/\/www.ubishops.ca\/?s={search_term_string}"},"query-input":{"@type":"PropertyValueSpecification","valueRequired":true,"valueName":"search_term_string"}}],"inLanguage":"fr-FR"}]}},"taxonomy_info":[],"featured_image_src_large":false,"author_info":{"display_name":"Julie Fradette","author_link":"https:\/\/www.ubishops.ca\/fr\/author\/jfradett\/"},"comment_info":0,"publishpress_future_action":{"enabled":false,"date":"2026-04-15 11:18:36","action":"change-status","newStatus":"draft","terms":[],"taxonomy":"translation_priority","extraData":[]},"publishpress_future_workflow_manual_trigger":{"enabledWorkflows":[]},"_links":{"self":[{"href":"https:\/\/www.ubishops.ca\/fr\/wp-json\/wp\/v2\/pages\/52232","targetHints":{"allow":["GET"]}}],"collection":[{"href":"https:\/\/www.ubishops.ca\/fr\/wp-json\/wp\/v2\/pages"}],"about":[{"href":"https:\/\/www.ubishops.ca\/fr\/wp-json\/wp\/v2\/types\/page"}],"author":[{"embeddable":true,"href":"https:\/\/www.ubishops.ca\/fr\/wp-json\/wp\/v2\/users\/49"}],"replies":[{"embeddable":true,"href":"https:\/\/www.ubishops.ca\/fr\/wp-json\/wp\/v2\/comments?post=52232"}],"version-history":[{"count":0,"href":"https:\/\/www.ubishops.ca\/fr\/wp-json\/wp\/v2\/pages\/52232\/revisions"}],"up":[{"embeddable":true,"href":"https:\/\/www.ubishops.ca\/fr\/wp-json\/wp\/v2\/pages\/3177"}],"wp:attachment":[{"href":"https:\/\/www.ubishops.ca\/fr\/wp-json\/wp\/v2\/media?parent=52232"}],"curies":[{"name":"wp","href":"https:\/\/api.w.org\/{rel}","templated":true}]}}