{"id":45724,"date":"2018-06-13T10:59:06","date_gmt":"2018-06-13T14:59:06","guid":{"rendered":"https:\/\/wwwnew.ubishops.ca\/programmes-d-etudes\/faculte-des-arts-et-des-sciences\/lettres-et-sciences-humaines\/etudes-francaises-et-quebecoises\/courses-programs\/year-by-year\/"},"modified":"2022-04-27T15:18:17","modified_gmt":"2022-04-27T19:18:17","slug":"progression-par-annee","status":"publish","type":"page","link":"https:\/\/www.ubishops.ca\/fr\/programmes-d-etudes\/faculte-des-lettres-et-sciences-humaines\/etudes-francaises-et-quebecoises\/courses-programs\/progression-par-annee\/","title":{"rendered":"Progression par ann\u00e9e"},"content":{"rendered":"\n<p>Pour une \u00e9tudiante ou un \u00e9tudiant inscrit \u00e0 une majeure ou \u00e0 une mineure<\/p>\n\n\n\n<p>Les cours de litt\u00e9rature, de cin\u00e9ma, d\u2019histoire socioculturelle et autres sont offerts en rotation.<\/p>\n\n\n\n<h2 class=\"wp-block-heading\">Niveau 1 \u2013 D\u00e9butants<\/h2>\n\n\n\n<ul class=\"wp-block-list\"><li>FRE 100\u00a0\u00a0 French I<\/li><li>FRE 101\u00a0\u00a0 French II or FRE 190 \u00a0Intensive French \u2013 Level 1 (6 credits)<\/li><li>FRE 115\u00a0\u00a0 Phonetics, Phonology and Aural Comprehension (optional to advance to Level 2)<\/li><\/ul>\n\n\n\n<h2 class=\"wp-block-heading\">Niveau 2 \u2013 Interm\u00e9diaire<\/h2>\n\n\n\n<ul class=\"wp-block-list\"><li>FRE 120\u00a0\u00a0 French III<\/li><li>FRE 121\u00a0\u00a0 French IV or FRE 191\u00a0\u00a0Intensive French \u2013 Level 2 (6 credits)<\/li><li>FRE 135\u00a0\u00a0 Culture and Society. Conversational French I (optional to advance to Level 3)<\/li><li>FRE 136\u00a0\u00a0 French Written Communication I<\/li><\/ul>\n\n\n\n<h2 class=\"wp-block-heading\">Niveau 3 \u2013 Avanc\u00e9<\/h2>\n\n\n\n<ul class=\"wp-block-list\"><li>FRE 140\u00a0\u00a0 Grammatical Review (French V)<\/li><li>FRE 141\u00a0\u00a0 Grammatical Review (French VI)<\/li><li>FRE 155\u00a0\u00a0 Culture and Society. Conversational French II (optional to advance to FRA courses)<\/li><li>FRE 156\u00a0\u00a0 French Written Communication II<\/li><li>MLA 101\u00a0\u00a0 Issues in Language and Linguistics (mandatory for Majors \/ Honours; counts as an FRA course)<\/li><li>FRA 160\u00a0\u00a0 Le fran\u00e7ais, langue des affaires<\/li><li>FRA 165\u00a0\u00a0 Textes en contexte : initiation \u00e0 la litt\u00e9rature fran\u00e7aise<\/li><li>FRA 166\u00a0\u00a0 Textes en contexte : initiation \u00e0 la litt\u00e9rature qu\u00e9b\u00e9coise<\/li><li>FRA 181\u00a0\u00a0 Histoire socioculturelle du Qu\u00e9bec I<\/li><li>FRA 182\u00a0\u00a0 Histoire socioculturelle du Qu\u00e9bec II<\/li><li>FRA 187\u00a0\u00a0 Introduction au th\u00e9\u00e2tre qu\u00e9b\u00e9cois<\/li><\/ul>\n\n\n\n<h2 class=\"wp-block-heading\">Niveau 4 \u2013 Avanc\u00e9<\/h2>\n\n\n\n<ul class=\"wp-block-list\"><li>FRA\u00a0 136 \/ DRA 136 \u00a0 Techniques de jeu I<\/li><li>FRA 206\u00a0\u00a0 Histoire de la langue fran\u00e7aise<\/li><li>FRA 208\u00a0\u00a0 Histoire du fran\u00e7ais au Qu\u00e9bec<\/li><li>FRA 227\u00a0\u00a0 Le g\u00e9nie de la langue : stylistique compar\u00e9e du fran\u00e7ais et de l\u2019anglais (mandatory for Majors \/ Honours)<\/li><li>FRA 228\u00a0\u00a0 Practice Makes Perfect : traduction journalistique et publicitaire<\/li><li>FRA 229\u00a0\u00a0 Practice Makes Perfect : traduction administrative<\/li><li>FRA 230\u00a0\u00a0 Tout est dans la logique : analyse grammaticale et phrase complexe (mandatory for Majors \/ Honours)<\/li><li>FRA 247\u00a0\u00a0 R\u00e9daction et communication<\/li><li>FRA 252\u00a0\u00a0 De la contreculture \u00e0 la contestation ouverte : les ann\u00e9es 1960 et 1970<\/li><li>FRA 253\u00a0\u00a0 Contes, l\u00e9gendes et chansons de la francophonie<\/li><li>FRA 285\u00a0\u00a0 Roman qu\u00e9b\u00e9cois contemporain<\/li><li>FRA 250\u00a0\u00a0 French Cin\u00e9ma<\/li><li>FRA 254\u00a0\u00a0 Litt\u00e9rature et cin\u00e9ma en France<\/li><li>FRA 255\u00a0\u00a0 Litt\u00e9rature et cin\u00e9ma au Qu\u00e9bec<\/li><li>FRA 259\u00a0\u00a0 Qu\u00e9bec Cin\u00e9ma<\/li><li>FRA 256\u00a0\u00a0 Les grands classiques du roman fran\u00e7ais<\/li><li>FRA 257\u00a0\u00a0 Les grands moments du th\u00e9\u00e2tre fran\u00e7ais<\/li><li>FRA 258\u00a0\u00a0 La t\u00e9l\u00e9vision : miroir de la soci\u00e9t\u00e9 qu\u00e9b\u00e9coise<\/li><li>FRA 260\u00a0\u00a0 Voyage et litt\u00e9rature<\/li><\/ul>\n\n\n\n<h2 class=\"wp-block-heading\">Niveau 5 \u2013 Avanc\u00e9<\/h2>\n\n\n\n<ul class=\"wp-block-list\"><li>FRA 307\u00a0\u00a0 Traduction g\u00e9n\u00e9rale<\/li><li>FRA 308\u00a0\u00a0 Traduction en contexte r\u00e9el<\/li><li>FRA 315\u00a0\u00a0 Pi\u00e8ges et myst\u00e8res de la langue fran\u00e7aise I (mandatory for Majors \/ Honours)<\/li><li>FRA 316\u00a0\u00a0 Pi\u00e8ges et myst\u00e8res de la langue fran\u00e7aise II (mandatory for Majors \/ Honours)<\/li><li>FRA 351\u00a0\u00a0 De l\u2019aventure au r\u00e9alisme : la fiction au 19e si\u00e8cle<\/li><li>FRA 353\u00a0\u00a0 Litt\u00e9ratures migrantes et de la francophonie<\/li><li>FRA 355\u00a0\u00a0 Versification : voyage dans la po\u00e9sie fran\u00e7aise et qu\u00e9b\u00e9coise<\/li><li>FRA 385\u00a0\u00a0 Teaching in the community &#8211; Experiential Learning<\/li><\/ul>\n\n\n\n<p><strong>Pour tous renseignements, voir la section\u00a0\u00c9tudes fran\u00e7aises et qu\u00e9b\u00e9coises\u00a0de <a href=\"https:\/\/www.ubishops.ca\/academic-programs\/academic-calendar\/\">l\u2019annuaire universitaire<\/a>.<\/strong><\/p>\n","protected":false},"excerpt":{"rendered":"<p>Pour une \u00e9tudiante ou un \u00e9tudiant inscrit \u00e0 une majeure ou \u00e0 une mineure Les cours de litt\u00e9rature, de cin\u00e9ma, d\u2019histoire socioculturelle et autres sont offerts en rotation. Niveau 1 \u2013 D\u00e9butants FRE 100\u00a0\u00a0 French I FRE 101\u00a0\u00a0 French II or FRE 190 \u00a0Intensive French \u2013 Level 1 (6 credits) FRE 115\u00a0\u00a0 Phonetics, Phonology and&#8230;<\/p>\n","protected":false},"author":49,"featured_media":0,"parent":3713,"menu_order":149,"comment_status":"closed","ping_status":"closed","template":"templates\/page-width-sidebar.php","meta":{"_acf_changed":false,"_cbd_carousel_blocks":"[]","_kad_blocks_custom_css":"","_kad_blocks_head_custom_js":"","_kad_blocks_body_custom_js":"","_kad_blocks_footer_custom_js":"","_kad_post_transparent":"","_kad_post_title":"","_kad_post_layout":"","_kad_post_sidebar_id":"","_kad_post_content_style":"","_kad_post_vertical_padding":"","_kad_post_feature":"","_kad_post_feature_position":"","_kad_post_header":false,"_kad_post_footer":false,"_kad_post_classname":"","footnotes":""},"class_list":["post-45724","page","type-page","status-publish","hentry"],"acf":[],"yoast_head":"<!-- This site is optimized with the Yoast SEO plugin v27.2 - https:\/\/yoast.com\/product\/yoast-seo-wordpress\/ -->\n<title>Progression par ann\u00e9e - Bishop&#039;s University<\/title>\n<meta name=\"robots\" content=\"index, follow, max-snippet:-1, max-image-preview:large, max-video-preview:-1\" \/>\n<link rel=\"canonical\" href=\"https:\/\/www.ubishops.ca\/fr\/programmes-d-etudes\/faculte-des-lettres-et-sciences-humaines\/etudes-francaises-et-quebecoises\/courses-programs\/progression-par-annee\/\" \/>\n<meta property=\"og:locale\" content=\"fr_FR\" \/>\n<meta property=\"og:type\" content=\"article\" \/>\n<meta property=\"og:title\" content=\"Progression par ann\u00e9e - Bishop&#039;s University\" \/>\n<meta property=\"og:description\" content=\"Pour une \u00e9tudiante ou un \u00e9tudiant inscrit \u00e0 une majeure ou \u00e0 une mineure Les cours de litt\u00e9rature, de cin\u00e9ma, d\u2019histoire socioculturelle et autres sont offerts en rotation. Niveau 1 \u2013 D\u00e9butants FRE 100\u00a0\u00a0 French I FRE 101\u00a0\u00a0 French II or FRE 190 \u00a0Intensive French \u2013 Level 1 (6 credits) FRE 115\u00a0\u00a0 Phonetics, Phonology and...\" \/>\n<meta property=\"og:url\" content=\"https:\/\/www.ubishops.ca\/fr\/programmes-d-etudes\/faculte-des-lettres-et-sciences-humaines\/etudes-francaises-et-quebecoises\/courses-programs\/progression-par-annee\/\" \/>\n<meta property=\"og:site_name\" content=\"Bishop&#039;s University\" \/>\n<meta property=\"article:publisher\" content=\"https:\/\/www.facebook.com\/ubishops\" \/>\n<meta property=\"article:modified_time\" content=\"2022-04-27T19:18:17+00:00\" \/>\n<meta name=\"twitter:card\" content=\"summary_large_image\" \/>\n<meta name=\"twitter:site\" content=\"@ubishops\" \/>\n<meta name=\"twitter:label1\" content=\"Dur\u00e9e de lecture estim\u00e9e\" \/>\n\t<meta name=\"twitter:data1\" content=\"3 minutes\" \/>\n<script type=\"application\/ld+json\" class=\"yoast-schema-graph\">{\"@context\":\"https:\/\/schema.org\",\"@graph\":[{\"@type\":\"WebPage\",\"@id\":\"https:\/\/www.ubishops.ca\/fr\/programmes-d-etudes\/faculte-des-lettres-et-sciences-humaines\/etudes-francaises-et-quebecoises\/courses-programs\/progression-par-annee\/\",\"url\":\"https:\/\/www.ubishops.ca\/fr\/programmes-d-etudes\/faculte-des-lettres-et-sciences-humaines\/etudes-francaises-et-quebecoises\/courses-programs\/progression-par-annee\/\",\"name\":\"Progression par ann\u00e9e - Bishop&#039;s University\",\"isPartOf\":{\"@id\":\"https:\/\/www.ubishops.ca\/#website\"},\"datePublished\":\"2018-06-13T14:59:06+00:00\",\"dateModified\":\"2022-04-27T19:18:17+00:00\",\"breadcrumb\":{\"@id\":\"https:\/\/www.ubishops.ca\/fr\/programmes-d-etudes\/faculte-des-lettres-et-sciences-humaines\/etudes-francaises-et-quebecoises\/courses-programs\/progression-par-annee\/#breadcrumb\"},\"inLanguage\":\"fr-FR\",\"potentialAction\":[{\"@type\":\"ReadAction\",\"target\":[\"https:\/\/www.ubishops.ca\/fr\/programmes-d-etudes\/faculte-des-lettres-et-sciences-humaines\/etudes-francaises-et-quebecoises\/courses-programs\/progression-par-annee\/\"]}]},{\"@type\":\"BreadcrumbList\",\"@id\":\"https:\/\/www.ubishops.ca\/fr\/programmes-d-etudes\/faculte-des-lettres-et-sciences-humaines\/etudes-francaises-et-quebecoises\/courses-programs\/progression-par-annee\/#breadcrumb\",\"itemListElement\":[{\"@type\":\"ListItem\",\"position\":1,\"name\":\"Accueil\",\"item\":\"https:\/\/www.ubishops.ca\/fr\/\"},{\"@type\":\"ListItem\",\"position\":2,\"name\":\"Programmes d&#8217;\u00e9tudes\",\"item\":\"https:\/\/www.ubishops.ca\/fr\/programmes-d-etudes\/\"},{\"@type\":\"ListItem\",\"position\":3,\"name\":\"Facult\u00e9 des lettres et sciences humaines\",\"item\":\"https:\/\/www.ubishops.ca\/fr\/programmes-d-etudes\/faculte-des-lettres-et-sciences-humaines\/\"},{\"@type\":\"ListItem\",\"position\":4,\"name\":\"\u00c9tudes fran\u00e7aises et qu\u00e9b\u00e9coises\",\"item\":\"https:\/\/www.ubishops.ca\/fr\/programmes-d-etudes\/faculte-des-lettres-et-sciences-humaines\/etudes-francaises-et-quebecoises\/\"},{\"@type\":\"ListItem\",\"position\":5,\"name\":\"Cours et programmes\",\"item\":\"https:\/\/www.ubishops.ca\/fr\/programmes-d-etudes\/faculte-des-lettres-et-sciences-humaines\/etudes-francaises-et-quebecoises\/courses-programs\/\"},{\"@type\":\"ListItem\",\"position\":6,\"name\":\"Progression par ann\u00e9e\"}]},{\"@type\":\"WebSite\",\"@id\":\"https:\/\/www.ubishops.ca\/#website\",\"url\":\"https:\/\/www.ubishops.ca\/\",\"name\":\"Bishop&#039;s University\",\"description\":\"\",\"potentialAction\":[{\"@type\":\"SearchAction\",\"target\":{\"@type\":\"EntryPoint\",\"urlTemplate\":\"https:\/\/www.ubishops.ca\/?s={search_term_string}\"},\"query-input\":{\"@type\":\"PropertyValueSpecification\",\"valueRequired\":true,\"valueName\":\"search_term_string\"}}],\"inLanguage\":\"fr-FR\"}]}<\/script>\n<!-- \/ Yoast SEO plugin. -->","yoast_head_json":{"title":"Progression par ann\u00e9e - Bishop&#039;s University","robots":{"index":"index","follow":"follow","max-snippet":"max-snippet:-1","max-image-preview":"max-image-preview:large","max-video-preview":"max-video-preview:-1"},"canonical":"https:\/\/www.ubishops.ca\/fr\/programmes-d-etudes\/faculte-des-lettres-et-sciences-humaines\/etudes-francaises-et-quebecoises\/courses-programs\/progression-par-annee\/","og_locale":"fr_FR","og_type":"article","og_title":"Progression par ann\u00e9e - Bishop&#039;s University","og_description":"Pour une \u00e9tudiante ou un \u00e9tudiant inscrit \u00e0 une majeure ou \u00e0 une mineure Les cours de litt\u00e9rature, de cin\u00e9ma, d\u2019histoire socioculturelle et autres sont offerts en rotation. Niveau 1 \u2013 D\u00e9butants FRE 100\u00a0\u00a0 French I FRE 101\u00a0\u00a0 French II or FRE 190 \u00a0Intensive French \u2013 Level 1 (6 credits) FRE 115\u00a0\u00a0 Phonetics, Phonology and...","og_url":"https:\/\/www.ubishops.ca\/fr\/programmes-d-etudes\/faculte-des-lettres-et-sciences-humaines\/etudes-francaises-et-quebecoises\/courses-programs\/progression-par-annee\/","og_site_name":"Bishop&#039;s University","article_publisher":"https:\/\/www.facebook.com\/ubishops","article_modified_time":"2022-04-27T19:18:17+00:00","twitter_card":"summary_large_image","twitter_site":"@ubishops","twitter_misc":{"Dur\u00e9e de lecture estim\u00e9e":"3 minutes"},"schema":{"@context":"https:\/\/schema.org","@graph":[{"@type":"WebPage","@id":"https:\/\/www.ubishops.ca\/fr\/programmes-d-etudes\/faculte-des-lettres-et-sciences-humaines\/etudes-francaises-et-quebecoises\/courses-programs\/progression-par-annee\/","url":"https:\/\/www.ubishops.ca\/fr\/programmes-d-etudes\/faculte-des-lettres-et-sciences-humaines\/etudes-francaises-et-quebecoises\/courses-programs\/progression-par-annee\/","name":"Progression par ann\u00e9e - Bishop&#039;s University","isPartOf":{"@id":"https:\/\/www.ubishops.ca\/#website"},"datePublished":"2018-06-13T14:59:06+00:00","dateModified":"2022-04-27T19:18:17+00:00","breadcrumb":{"@id":"https:\/\/www.ubishops.ca\/fr\/programmes-d-etudes\/faculte-des-lettres-et-sciences-humaines\/etudes-francaises-et-quebecoises\/courses-programs\/progression-par-annee\/#breadcrumb"},"inLanguage":"fr-FR","potentialAction":[{"@type":"ReadAction","target":["https:\/\/www.ubishops.ca\/fr\/programmes-d-etudes\/faculte-des-lettres-et-sciences-humaines\/etudes-francaises-et-quebecoises\/courses-programs\/progression-par-annee\/"]}]},{"@type":"BreadcrumbList","@id":"https:\/\/www.ubishops.ca\/fr\/programmes-d-etudes\/faculte-des-lettres-et-sciences-humaines\/etudes-francaises-et-quebecoises\/courses-programs\/progression-par-annee\/#breadcrumb","itemListElement":[{"@type":"ListItem","position":1,"name":"Accueil","item":"https:\/\/www.ubishops.ca\/fr\/"},{"@type":"ListItem","position":2,"name":"Programmes d&#8217;\u00e9tudes","item":"https:\/\/www.ubishops.ca\/fr\/programmes-d-etudes\/"},{"@type":"ListItem","position":3,"name":"Facult\u00e9 des lettres et sciences humaines","item":"https:\/\/www.ubishops.ca\/fr\/programmes-d-etudes\/faculte-des-lettres-et-sciences-humaines\/"},{"@type":"ListItem","position":4,"name":"\u00c9tudes fran\u00e7aises et qu\u00e9b\u00e9coises","item":"https:\/\/www.ubishops.ca\/fr\/programmes-d-etudes\/faculte-des-lettres-et-sciences-humaines\/etudes-francaises-et-quebecoises\/"},{"@type":"ListItem","position":5,"name":"Cours et programmes","item":"https:\/\/www.ubishops.ca\/fr\/programmes-d-etudes\/faculte-des-lettres-et-sciences-humaines\/etudes-francaises-et-quebecoises\/courses-programs\/"},{"@type":"ListItem","position":6,"name":"Progression par ann\u00e9e"}]},{"@type":"WebSite","@id":"https:\/\/www.ubishops.ca\/#website","url":"https:\/\/www.ubishops.ca\/","name":"Bishop&#039;s University","description":"","potentialAction":[{"@type":"SearchAction","target":{"@type":"EntryPoint","urlTemplate":"https:\/\/www.ubishops.ca\/?s={search_term_string}"},"query-input":{"@type":"PropertyValueSpecification","valueRequired":true,"valueName":"search_term_string"}}],"inLanguage":"fr-FR"}]}},"taxonomy_info":[],"featured_image_src_large":false,"author_info":{"display_name":"Julie Fradette","author_link":"https:\/\/www.ubishops.ca\/fr\/author\/jfradett\/"},"comment_info":0,"publishpress_future_action":{"enabled":false,"date":"2026-04-15 14:54:46","action":"change-status","newStatus":"draft","terms":[],"taxonomy":"translation_priority","extraData":[]},"publishpress_future_workflow_manual_trigger":{"enabledWorkflows":[]},"_links":{"self":[{"href":"https:\/\/www.ubishops.ca\/fr\/wp-json\/wp\/v2\/pages\/45724","targetHints":{"allow":["GET"]}}],"collection":[{"href":"https:\/\/www.ubishops.ca\/fr\/wp-json\/wp\/v2\/pages"}],"about":[{"href":"https:\/\/www.ubishops.ca\/fr\/wp-json\/wp\/v2\/types\/page"}],"author":[{"embeddable":true,"href":"https:\/\/www.ubishops.ca\/fr\/wp-json\/wp\/v2\/users\/49"}],"replies":[{"embeddable":true,"href":"https:\/\/www.ubishops.ca\/fr\/wp-json\/wp\/v2\/comments?post=45724"}],"version-history":[{"count":0,"href":"https:\/\/www.ubishops.ca\/fr\/wp-json\/wp\/v2\/pages\/45724\/revisions"}],"up":[{"embeddable":true,"href":"https:\/\/www.ubishops.ca\/fr\/wp-json\/wp\/v2\/pages\/3713"}],"wp:attachment":[{"href":"https:\/\/www.ubishops.ca\/fr\/wp-json\/wp\/v2\/media?parent=45724"}],"curies":[{"name":"wp","href":"https:\/\/api.w.org\/{rel}","templated":true}]}}