{"id":45677,"date":"2018-06-12T15:11:22","date_gmt":"2018-06-12T19:11:22","guid":{"rendered":"https:\/\/wwwnew.ubishops.ca\/programmes-d-etudes\/faculte-des-arts-et-des-sciences\/lettres-et-sciences-humaines\/etudes-francaises-et-quebecoises\/french-placement-test-2\/"},"modified":"2024-07-29T13:54:46","modified_gmt":"2024-07-29T17:54:46","slug":"test-de-placement","status":"publish","type":"page","link":"https:\/\/www.ubishops.ca\/fr\/programmes-d-etudes\/faculte-des-lettres-et-sciences-humaines\/etudes-francaises-et-quebecoises\/test-de-placement\/","title":{"rendered":"Test de placement"},"content":{"rendered":"\n<p>If you are interested in taking French during your stay at BU, please read this.<\/p>\n\n\n\n<p>Bishop\u2019s University has a strong French program designed for all levels, from beginners to native speakers, including a section on culture and literature. Our main objective is to make sure that, by the end of their studies, our students have reached a very good, if not excellent, level of bilingualism, including, as much for francophone as for advanced non-\u00ad\u2010francophone students, a deep knowledge of the grammar and the language, and a wide perspective on the history and the culture of the Francophone world.<\/p>\n\n\n\n<p>French is an important aspect of the Quebec and Canadian identity, and this is recognized by our provincial government. <strong>Therefore, it has been agreed that out of province and international students interested in improving their French language skills or learning about Quebec or French culture would be eligible to pay \u201cin-province\u201d tuition fees for any French course (some exceptions may apply).<\/strong><\/p>\n\n\n\n<p>Bishop\u2019s offers two types of courses: French as a second language (FRE courses), opened to non-francophone students, and courses in culture, literature, translation and advanced grammar, designed for Francophones and advanced non-Francophones (FRA courses). Anyone who has ever studied in a francophone institution should only register for FRA courses.<\/p>\n\n\n\n<p><strong><strong>We have set up a French Placement Test to be taken online, anytime, anywhere, prior to registration. This test is mandatory for all non-francophone students wishing to take a French course for the first time at Bishop\u2019s, and who have NOT completed Grade 11 French anywhere in Canada.<\/strong><\/strong><\/p>\n\n\n\n<ul class=\"wp-block-list\">\n<li>The test (which includes information about your registration) will take you less than an hour to complete. You will need your myBU username and password. When you are ready to start, click on the following link: <a href=\"https:\/\/moodle.ubishops.ca\/course\/view.php?id=1076\" target=\"_blank\" rel=\"noreferrer noopener\">https:\/\/moodle.ubishops.ca\/course\/view.php?id=1076<\/a><\/li>\n\n\n\n<li>Francophone students do not have to take this test and can register directly for the FRA course(s) of their choice.<\/li>\n<\/ul>\n\n\n\n<p>If you have any questions, feel free to contact Sarah Th\u00e9berge: <a href=\"m&#97;&#x69;&#x6c;t&#111;&#58;&#x73;&#x74;h&#101;&#x62;&#x65;r&#103;&#64;&#x75;&#x62;i&#115;&#x68;&#x6f;p&#115;&#46;&#x63;&#x61;\">&#x73;&#x74;&#x68;&#x65;&#x62;&#x65;&#x72;&#103;&#64;&#117;&#98;&#105;shop&#x73;&#x2e;&#x63;&#x61;<\/a>.<\/p>\n\n\n\n<p>We look forward to seeing you in our classes.<\/p>\n\n\n\n<p><em>Sarah Th\u00e9berge<\/em><br><em>Directrice du D\u00e9partement d\u2019\u00e9tudes fran\u00e7aises et qu\u00e9b\u00e9coises<\/em><\/p>\n","protected":false},"excerpt":{"rendered":"<p>If you are interested in taking French during your stay at BU, please read this. Bishop\u2019s University has a strong French program designed for all levels, from beginners to native speakers, including a section on culture and literature. Our main objective is to make sure that, by the end of their studies, our students have&#8230;<\/p>\n","protected":false},"author":49,"featured_media":0,"parent":78670,"menu_order":126,"comment_status":"closed","ping_status":"closed","template":"templates\/page-width-sidebar.php","meta":{"_acf_changed":false,"_cbd_carousel_blocks":"[]","_kad_blocks_custom_css":"","_kad_blocks_head_custom_js":"","_kad_blocks_body_custom_js":"","_kad_blocks_footer_custom_js":"","_kad_post_transparent":"","_kad_post_title":"","_kad_post_layout":"","_kad_post_sidebar_id":"","_kad_post_content_style":"","_kad_post_vertical_padding":"","_kad_post_feature":"","_kad_post_feature_position":"","_kad_post_header":false,"_kad_post_footer":false,"_kad_post_classname":"","footnotes":""},"class_list":["post-45677","page","type-page","status-publish","hentry"],"acf":[],"yoast_head":"<!-- This site is optimized with the Yoast SEO plugin v27.2 - https:\/\/yoast.com\/product\/yoast-seo-wordpress\/ -->\n<title>Test de placement - Bishop&#039;s University<\/title>\n<meta name=\"robots\" content=\"index, follow, max-snippet:-1, max-image-preview:large, max-video-preview:-1\" \/>\n<link rel=\"canonical\" href=\"https:\/\/www.ubishops.ca\/fr\/programmes-d-etudes\/faculte-des-lettres-et-sciences-humaines\/etudes-francaises-et-quebecoises\/test-de-placement\/\" \/>\n<meta property=\"og:locale\" content=\"fr_FR\" \/>\n<meta property=\"og:type\" content=\"article\" \/>\n<meta property=\"og:title\" content=\"Test de placement - Bishop&#039;s University\" \/>\n<meta property=\"og:description\" content=\"If you are interested in taking French during your stay at BU, please read this. Bishop\u2019s University has a strong French program designed for all levels, from beginners to native speakers, including a section on culture and literature. Our main objective is to make sure that, by the end of their studies, our students have...\" \/>\n<meta property=\"og:url\" content=\"https:\/\/www.ubishops.ca\/fr\/programmes-d-etudes\/faculte-des-lettres-et-sciences-humaines\/etudes-francaises-et-quebecoises\/test-de-placement\/\" \/>\n<meta property=\"og:site_name\" content=\"Bishop&#039;s University\" \/>\n<meta property=\"article:publisher\" content=\"https:\/\/www.facebook.com\/ubishops\" \/>\n<meta property=\"article:modified_time\" content=\"2024-07-29T17:54:46+00:00\" \/>\n<meta name=\"twitter:card\" content=\"summary_large_image\" \/>\n<meta name=\"twitter:site\" content=\"@ubishops\" \/>\n<meta name=\"twitter:label1\" content=\"Dur\u00e9e de lecture estim\u00e9e\" \/>\n\t<meta name=\"twitter:data1\" content=\"2 minutes\" \/>\n<script type=\"application\/ld+json\" class=\"yoast-schema-graph\">{\"@context\":\"https:\/\/schema.org\",\"@graph\":[{\"@type\":\"WebPage\",\"@id\":\"https:\/\/www.ubishops.ca\/fr\/programmes-d-etudes\/faculte-des-lettres-et-sciences-humaines\/etudes-francaises-et-quebecoises\/test-de-placement\/\",\"url\":\"https:\/\/www.ubishops.ca\/fr\/programmes-d-etudes\/faculte-des-lettres-et-sciences-humaines\/etudes-francaises-et-quebecoises\/test-de-placement\/\",\"name\":\"Test de placement - Bishop&#039;s University\",\"isPartOf\":{\"@id\":\"https:\/\/www.ubishops.ca\/#website\"},\"datePublished\":\"2018-06-12T19:11:22+00:00\",\"dateModified\":\"2024-07-29T17:54:46+00:00\",\"breadcrumb\":{\"@id\":\"https:\/\/www.ubishops.ca\/fr\/programmes-d-etudes\/faculte-des-lettres-et-sciences-humaines\/etudes-francaises-et-quebecoises\/test-de-placement\/#breadcrumb\"},\"inLanguage\":\"fr-FR\",\"potentialAction\":[{\"@type\":\"ReadAction\",\"target\":[\"https:\/\/www.ubishops.ca\/fr\/programmes-d-etudes\/faculte-des-lettres-et-sciences-humaines\/etudes-francaises-et-quebecoises\/test-de-placement\/\"]}]},{\"@type\":\"BreadcrumbList\",\"@id\":\"https:\/\/www.ubishops.ca\/fr\/programmes-d-etudes\/faculte-des-lettres-et-sciences-humaines\/etudes-francaises-et-quebecoises\/test-de-placement\/#breadcrumb\",\"itemListElement\":[{\"@type\":\"ListItem\",\"position\":1,\"name\":\"Accueil\",\"item\":\"https:\/\/www.ubishops.ca\/fr\/\"},{\"@type\":\"ListItem\",\"position\":2,\"name\":\"Programmes d&#8217;\u00e9tudes\",\"item\":\"https:\/\/www.ubishops.ca\/fr\/programmes-d-etudes\/\"},{\"@type\":\"ListItem\",\"position\":3,\"name\":\"Facult\u00e9 des lettres et sciences humaines\",\"item\":\"https:\/\/www.ubishops.ca\/fr\/programmes-d-etudes\/faculte-des-lettres-et-sciences-humaines\/\"},{\"@type\":\"ListItem\",\"position\":4,\"name\":\"\u00c9tudes fran\u00e7aises et qu\u00e9b\u00e9coises\",\"item\":\"https:\/\/www.ubishops.ca\/fr\/programmes-d-etudes\/faculte-des-lettres-et-sciences-humaines\/etudes-francaises-et-quebecoises\/\"},{\"@type\":\"ListItem\",\"position\":5,\"name\":\"Test de placement\"}]},{\"@type\":\"WebSite\",\"@id\":\"https:\/\/www.ubishops.ca\/#website\",\"url\":\"https:\/\/www.ubishops.ca\/\",\"name\":\"Bishop&#039;s University\",\"description\":\"\",\"potentialAction\":[{\"@type\":\"SearchAction\",\"target\":{\"@type\":\"EntryPoint\",\"urlTemplate\":\"https:\/\/www.ubishops.ca\/?s={search_term_string}\"},\"query-input\":{\"@type\":\"PropertyValueSpecification\",\"valueRequired\":true,\"valueName\":\"search_term_string\"}}],\"inLanguage\":\"fr-FR\"}]}<\/script>\n<!-- \/ Yoast SEO plugin. -->","yoast_head_json":{"title":"Test de placement - Bishop&#039;s University","robots":{"index":"index","follow":"follow","max-snippet":"max-snippet:-1","max-image-preview":"max-image-preview:large","max-video-preview":"max-video-preview:-1"},"canonical":"https:\/\/www.ubishops.ca\/fr\/programmes-d-etudes\/faculte-des-lettres-et-sciences-humaines\/etudes-francaises-et-quebecoises\/test-de-placement\/","og_locale":"fr_FR","og_type":"article","og_title":"Test de placement - Bishop&#039;s University","og_description":"If you are interested in taking French during your stay at BU, please read this. Bishop\u2019s University has a strong French program designed for all levels, from beginners to native speakers, including a section on culture and literature. Our main objective is to make sure that, by the end of their studies, our students have...","og_url":"https:\/\/www.ubishops.ca\/fr\/programmes-d-etudes\/faculte-des-lettres-et-sciences-humaines\/etudes-francaises-et-quebecoises\/test-de-placement\/","og_site_name":"Bishop&#039;s University","article_publisher":"https:\/\/www.facebook.com\/ubishops","article_modified_time":"2024-07-29T17:54:46+00:00","twitter_card":"summary_large_image","twitter_site":"@ubishops","twitter_misc":{"Dur\u00e9e de lecture estim\u00e9e":"2 minutes"},"schema":{"@context":"https:\/\/schema.org","@graph":[{"@type":"WebPage","@id":"https:\/\/www.ubishops.ca\/fr\/programmes-d-etudes\/faculte-des-lettres-et-sciences-humaines\/etudes-francaises-et-quebecoises\/test-de-placement\/","url":"https:\/\/www.ubishops.ca\/fr\/programmes-d-etudes\/faculte-des-lettres-et-sciences-humaines\/etudes-francaises-et-quebecoises\/test-de-placement\/","name":"Test de placement - Bishop&#039;s University","isPartOf":{"@id":"https:\/\/www.ubishops.ca\/#website"},"datePublished":"2018-06-12T19:11:22+00:00","dateModified":"2024-07-29T17:54:46+00:00","breadcrumb":{"@id":"https:\/\/www.ubishops.ca\/fr\/programmes-d-etudes\/faculte-des-lettres-et-sciences-humaines\/etudes-francaises-et-quebecoises\/test-de-placement\/#breadcrumb"},"inLanguage":"fr-FR","potentialAction":[{"@type":"ReadAction","target":["https:\/\/www.ubishops.ca\/fr\/programmes-d-etudes\/faculte-des-lettres-et-sciences-humaines\/etudes-francaises-et-quebecoises\/test-de-placement\/"]}]},{"@type":"BreadcrumbList","@id":"https:\/\/www.ubishops.ca\/fr\/programmes-d-etudes\/faculte-des-lettres-et-sciences-humaines\/etudes-francaises-et-quebecoises\/test-de-placement\/#breadcrumb","itemListElement":[{"@type":"ListItem","position":1,"name":"Accueil","item":"https:\/\/www.ubishops.ca\/fr\/"},{"@type":"ListItem","position":2,"name":"Programmes d&#8217;\u00e9tudes","item":"https:\/\/www.ubishops.ca\/fr\/programmes-d-etudes\/"},{"@type":"ListItem","position":3,"name":"Facult\u00e9 des lettres et sciences humaines","item":"https:\/\/www.ubishops.ca\/fr\/programmes-d-etudes\/faculte-des-lettres-et-sciences-humaines\/"},{"@type":"ListItem","position":4,"name":"\u00c9tudes fran\u00e7aises et qu\u00e9b\u00e9coises","item":"https:\/\/www.ubishops.ca\/fr\/programmes-d-etudes\/faculte-des-lettres-et-sciences-humaines\/etudes-francaises-et-quebecoises\/"},{"@type":"ListItem","position":5,"name":"Test de placement"}]},{"@type":"WebSite","@id":"https:\/\/www.ubishops.ca\/#website","url":"https:\/\/www.ubishops.ca\/","name":"Bishop&#039;s University","description":"","potentialAction":[{"@type":"SearchAction","target":{"@type":"EntryPoint","urlTemplate":"https:\/\/www.ubishops.ca\/?s={search_term_string}"},"query-input":{"@type":"PropertyValueSpecification","valueRequired":true,"valueName":"search_term_string"}}],"inLanguage":"fr-FR"}]}},"taxonomy_info":[],"featured_image_src_large":false,"author_info":{"display_name":"Julie Fradette","author_link":"https:\/\/www.ubishops.ca\/fr\/author\/jfradett\/"},"comment_info":0,"publishpress_future_action":{"enabled":false,"date":"2026-04-15 14:54:48","action":"change-status","newStatus":"draft","terms":[],"taxonomy":"translation_priority","extraData":[]},"publishpress_future_workflow_manual_trigger":{"enabledWorkflows":[]},"_links":{"self":[{"href":"https:\/\/www.ubishops.ca\/fr\/wp-json\/wp\/v2\/pages\/45677","targetHints":{"allow":["GET"]}}],"collection":[{"href":"https:\/\/www.ubishops.ca\/fr\/wp-json\/wp\/v2\/pages"}],"about":[{"href":"https:\/\/www.ubishops.ca\/fr\/wp-json\/wp\/v2\/types\/page"}],"author":[{"embeddable":true,"href":"https:\/\/www.ubishops.ca\/fr\/wp-json\/wp\/v2\/users\/49"}],"replies":[{"embeddable":true,"href":"https:\/\/www.ubishops.ca\/fr\/wp-json\/wp\/v2\/comments?post=45677"}],"version-history":[{"count":0,"href":"https:\/\/www.ubishops.ca\/fr\/wp-json\/wp\/v2\/pages\/45677\/revisions"}],"up":[{"embeddable":true,"href":"https:\/\/www.ubishops.ca\/fr\/wp-json\/wp\/v2\/pages\/78670"}],"wp:attachment":[{"href":"https:\/\/www.ubishops.ca\/fr\/wp-json\/wp\/v2\/media?parent=45677"}],"curies":[{"name":"wp","href":"https:\/\/api.w.org\/{rel}","templated":true}]}}