{"id":3177,"date":"2015-06-29T16:56:37","date_gmt":"2015-06-29T20:56:37","guid":{"rendered":"https:\/\/wwwnew.ubishops.ca\/academic-programs\/?lang=fr"},"modified":"2025-10-22T09:33:10","modified_gmt":"2025-10-22T13:33:10","slug":"programmes-d-etudes","status":"publish","type":"page","link":"https:\/\/www.ubishops.ca\/fr\/programmes-d-etudes\/","title":{"rendered":"Programmes d&rsquo;\u00e9tudes"},"content":{"rendered":"\n<p>Les ressources p\u00e9dagogiques de l\u2019Universit\u00e9 Bishop\u2019s sont r\u00e9parties selon cinq facult\u00e9s et \u00e9coles : la Facult\u00e9 des lettres et sciences humaines, la Facult\u00e9 des sciences naturelles et des math\u00e9matiques, la Facult\u00e9 des sciences sociales, l\u2019\u00e9cole de gestion Williams (<em>Williams School of Business<\/em>), et l\u2019\u00e9cole d\u2019\u00e9ducation (<em>School of Education<\/em>).<\/p>\n\n\n\n<h2 class=\"wp-block-heading\">\u00c9tudes de premier cycle<\/h2>\n\n\n\n<p>\u00c0 l\u2019Universit\u00e9 Bishop\u2019s, nous croyons qu\u2019une \u00e9ducation de premier cycle signifie bien plus qu\u2019une transmission de connaissances \u2013 c\u2019est aussi favoriser l\u2019apprentissage par la pratique afin de vous faire r\u00e9aliser ce dont vous \u00eates capables. <\/p>\n\n\n\n<p>Pour ce faire, tous nos programmes d\u2019\u00e9tudes reposent sur des interactions r\u00e9guli\u00e8res avec les professeurs et autres chercheurs; une panoplie d\u2019activit\u00e9s p\u00e9dagogiques et parascolaires pour vous aider \u00e0 cibler vos passions et int\u00e9r\u00eats; et l\u2019acc\u00e8s \u00e0 des projets vous permettant de perfectionner votre savoir-faire. Notre objectif est de vous offrir une \u00e9ducation polyvalente vous donnant les outils n\u00e9cessaires pour r\u00e9ussir dans la vie.<\/p>\n\n\n\n<h3 class=\"wp-block-heading\">Facult\u00e9 des lettres et sciences humaines<\/h3>\n\n\n\n<p>Les sciences humaines constituent un vaste domaine acad\u00e9mique qui englobe l\u2019analyse critique et l\u2019interpr\u00e9tation de la culture humaine, des id\u00e9es, des valeurs et des formes d\u2019expression. Les disciplines des sciences humaines explorent comment les \u00eatres humains donnent un sens au monde et examinent une tapisserie culturelle compl\u00e8te \u2014 pass\u00e9, pr\u00e9sent et futur \u2014 \u00e0 travers l\u2019histoire, la litt\u00e9rature, la langue, la philosophie, la religion, l\u2019art et d\u2019autres formes culturelles. Les cours en sciences humaines favorisent la pens\u00e9e critique, la cr\u00e9ativit\u00e9, la communication efficace, l\u2019empathie et une compr\u00e9hension approfondie de la condition humaine.<\/p>\n\n\n\n<div class=\"wp-block-buttons is-layout-flex wp-block-buttons-is-layout-flex\">\n<div class=\"wp-block-button\"><a class=\"wp-block-button__link wp-element-button\" href=\"https:\/\/www.ubishops.ca\/fr\/programmes-d-etudes\/faculte-des-lettres-et-sciences-humaines\/\">D\u00e9couvre les programmes en sciences humaines<\/a><\/div>\n<\/div>\n\n\n\n<h3 class=\"wp-block-heading\">Facult\u00e9 des sciences naturelles et des math\u00e9matiques<\/h3>\n\n\n\n<p>Les sciences naturelles se consacrent \u00e0 l\u2019\u00e9tude empirique du monde naturel et de ses ph\u00e9nom\u00e8nes. Elles visent \u00e0 comprendre les aspects physiques et biologiques de l\u2019univers gr\u00e2ce \u00e0 l\u2019observation syst\u00e9matique, \u00e0 l\u2019exp\u00e9rimentation et \u00e0 l\u2019analyse, en utilisant des m\u00e9thodes scientifiques rigoureuses pour r\u00e9v\u00e9ler et expliquer les processus, lois et principes naturels. Les preuves et principes d\u00e9couverts servent de fondement aux avanc\u00e9es technologiques, aux perc\u00e9es m\u00e9dicales et aux efforts de pr\u00e9servation de l\u2019environnement. Les scientifiques de ces disciplines cherchent \u00e0 \u00e9largir nos connaissances et \u00e0 relever les d\u00e9fis du monde r\u00e9el, tout en favorisant la pens\u00e9e critique, les comp\u00e9tences en r\u00e9solution de probl\u00e8mes et une profonde appr\u00e9ciation des merveilles du monde naturel.<\/p>\n\n\n\n<div class=\"wp-block-buttons is-layout-flex wp-block-buttons-is-layout-flex\">\n<div class=\"wp-block-button\"><a class=\"wp-block-button__link wp-element-button\" href=\"https:\/\/www.ubishops.ca\/fr\/programmes-d-etudes\/faculty-of-natural-sciences-and-mathematics\/\">Explore tous les programmes en sciences naturelles et math\u00e9matiques<\/a><\/div>\n<\/div>\n\n\n\n<h3 class=\"wp-block-heading\">Facult\u00e9 des sciences sociales<\/h3>\n\n\n\n<p>Les sciences sociales regroupent un ensemble de disciplines acad\u00e9miques qui \u00e9tudient divers aspects de la soci\u00e9t\u00e9 humaine et des relations sociales afin de comprendre le comportement humain, les interactions et structures soci\u00e9tales ainsi que les dynamiques sociales, culturelles, \u00e9conomiques et politiques qui fa\u00e7onnent les individus et les communaut\u00e9s. Ces disciplines se croisent souvent, car elles cherchent collectivement \u00e0 saisir la complexit\u00e9 des soci\u00e9t\u00e9s, \u00e0 \u00e9clairer l\u2019\u00e9laboration des politiques, \u00e0 contribuer au changement social et \u00e0 proposer des cadres pour aborder les enjeux sociaux. Comprendre les sciences sociales, c\u2019est comprendre l\u2019avenir.<\/p>\n\n\n\n<div class=\"wp-block-buttons is-layout-flex wp-block-buttons-is-layout-flex\">\n<div class=\"wp-block-button\"><a class=\"wp-block-button__link wp-element-button\" href=\"https:\/\/www.ubishops.ca\/fr\/programmes-d-etudes\/faculty-of-social-sciences\/\">Jette un \u0153il aux programmes en sciences sociales<\/a><\/div>\n<\/div>\n\n\n\n<h3 class=\"wp-block-heading\">\u00c9cole d\u2019\u00e9ducation<\/h3>\n\n\n\n<p>\u00c0 l\u2019\u00c9cole d\u2019\u00e9ducation, nous concevons l\u2019enseignement comme une recherche intellectuelle et comme une carri\u00e8re riche en responsabilit\u00e9s sociales. Vous avez toujours voulu former et inspirer les autres? Alors, cette \u00e9cole est pour vous.<\/p>\n\n\n\n<div class=\"wp-block-buttons is-layout-flex wp-block-buttons-is-layout-flex\">\n<div class=\"wp-block-button\"><a class=\"wp-block-button__link wp-element-button\" href=\"https:\/\/www.ubishops.ca\/academic-programs\/school-of-education\/\">\u00c9cole d\u2019\u00e9ducation<\/a><\/div>\n<\/div>\n\n\n\n<h3 class=\"wp-block-heading\">\u00c9cole de gestion Williams<\/h3>\n\n\n\n<p>\u00c9tudier \u00e0 l\u2019\u00e9cole de gestion Williams (WSB) est synonyme d\u2019exp\u00e9rience concr\u00e8te en administration des affaires. La WSB d\u00e9livre bien plus que des expos\u00e9s magistraux accompagn\u00e9s de lectures individuelles : vous y apprendrez \u00e0 trouver des solutions \u00e0 des probl\u00e8mes r\u00e9els et serez aux premi\u00e8res loges pour comprendre le fonctionnement du monde des affaires. Pr\u00eats \u00e0 passer \u00e0 l\u2019action? Nous aussi!<\/p>\n\n\n\n<div class=\"wp-block-buttons is-layout-flex wp-block-buttons-is-layout-flex\">\n<div class=\"wp-block-button\"><a class=\"wp-block-button__link wp-element-button\" href=\"https:\/\/www.ubishops.ca\/fr\/programmes-d-etudes\/ecole-gestion-williams\/\">\u00c9cole de gestion Williams<\/a><\/div>\n<\/div>\n\n\n\n<div style=\"height:25px\" aria-hidden=\"true\" class=\"wp-block-spacer\"><\/div>\n\n\n\n<div class=\"wp-block-buttons is-layout-flex wp-block-buttons-is-layout-flex\">\n<div class=\"wp-block-button\"><a class=\"wp-block-button__link has-purple-background-color has-background wp-element-button\" href=\"https:\/\/www.ubishops.ca\/fr\/futurs-etudiants\/processus-dadmission\/\">Processus d&rsquo;admission<\/a><\/div>\n\n\n\n<div class=\"wp-block-button\"><a class=\"wp-block-button__link has-purple-background-color has-background wp-element-button\" href=\"https:\/\/www.ubishops.ca\/future-students\/bishops-university-online-application\/\">Inscris-toi \u00e0 Bishop\u2019s<\/a><\/div>\n<\/div>\n\n\n\n<h2 class=\"wp-block-heading\">\u00c9tudes de deuxi\u00e8me cycle<\/h2>\n\n\n\n<p>L\u2019Universit\u00e9 Bishop\u2019s compte une vari\u00e9t\u00e9 de programmes de deuxi\u00e8me cycle qui visent \u00e0 offrir aux \u00e9tudiants la possibilit\u00e9 de poursuivre leurs \u00e9tudes ou de s\u2019engager dans une trajectoire de d\u00e9veloppement professionnel tout en b\u00e9n\u00e9ficiant du cadre intime d\u2019une petite universit\u00e9, o\u00f9 les interactions professeurs-\u00e9tudiants et les classes de petite taille sont toujours prioritaires. Misant sur l\u2019apprentissage th\u00e9orique combine \u00e0 la pratique ancr\u00e9e dans la recherche, l\u2019Universit\u00e9 Bishop\u2019s vise \u00e0 offrir \u00e0 ses \u00e9tudiants de deuxi\u00e8me cycle la chance de d\u00e9velopper leurs habilet\u00e9s en leadership et en pens\u00e9e critique afin de mieux les pr\u00e9parer pour la prochaine \u00e9tape de leur vie professionnelle.<\/p>\n\n\n\n<div class=\"wp-block-buttons is-layout-flex wp-block-buttons-is-layout-flex\">\n<div class=\"wp-block-button\"><a class=\"wp-block-button__link wp-element-button\" href=\"https:\/\/www.ubishops.ca\/fr\/programmes-d-etudes\/etudes-superieures\/\">\u00c9tudes de deuxi\u00e8me cycle<\/a><\/div>\n<\/div>\n\n\n\n<figure class=\"wp-block-embed is-type-video is-provider-youtube wp-block-embed-youtube wp-embed-aspect-16-9 wp-has-aspect-ratio\"><div class=\"wp-block-embed__wrapper\">\n<iframe loading=\"lazy\" title=\"You Belong at Bishop&#039;s\" width=\"720\" height=\"405\" src=\"https:\/\/www.youtube.com\/embed\/cTUe39Zfgp4?feature=oembed\" frameborder=\"0\" allow=\"accelerometer; autoplay; clipboard-write; encrypted-media; gyroscope; picture-in-picture; web-share\" referrerpolicy=\"strict-origin-when-cross-origin\" allowfullscreen><\/iframe>\n<\/div><\/figure>\n\n\n\n<h2 class=\"wp-block-heading\">L\u2019exp\u00e9rience universitaire \u00e0 Bishop\u2019s<\/h2>\n\n\n\n<p>Nos programmes d\u2019\u00e9tudes sont con\u00e7us pour stimuler la curiosit\u00e9 intellectuelle et encourager l\u2019apprentissage continu.<\/p>\n\n\n\n<ul class=\"wp-block-list\">\n<li>Nos classes peu nombreuses sont propices aux \u00e9changes et aux d\u00e9bats anim\u00e9s.<\/li>\n\n\n\n<li>Nous offrons un cadre universitaire intime favorisant un apprentissage bilat\u00e9ral entre les professeurs et les \u00e9tudiants, tant en classe que sur le campus.<\/li>\n\n\n\n<li>Nous encourageons les \u00e9tudiants \u00e0 \u00e9largir et approfondir leur programme d\u2019\u00e9tudes et nous les pr\u00e9parons \u00e0 aborder puis \u00e0 r\u00e9soudre des probl\u00e8mes complexes.<\/li>\n<\/ul>\n\n\n\n<p>Nous valorisons \u00e9galement l\u2019apprentissage hors des classes, raison pour laquelle les cours magistraux sont associ\u00e9s \u00e0 des stages, des programmes coop\u00e9ratifs, des exercices pratiques et des possibilit\u00e9s d\u2019\u00e9changes internationaux. Nous encourageons nos \u00e9tudiants \u00e0 repousser les limites de la classe et des laboratoires afin de se laisser inspirer par le monde.<\/p>\n\n\n\n<p>Notre approche unique entra\u00eene une exp\u00e9rience de premier cycle sans pareille. C\u2019est en partie pourquoi, ann\u00e9e apr\u00e8s ann\u00e9e, les \u00e9tudiants de Bishop\u2019s \u00e9valuent leur exp\u00e9rience universitaire comme \u00e9tant l\u2019une des plus satisfaisantes et stimulantes au Canada.<\/p>\n\n\n\n<div class=\"wp-block-buttons is-layout-flex wp-block-buttons-is-layout-flex\">\n<div class=\"wp-block-button\"><a class=\"wp-block-button__link has-purple-background-color has-background wp-element-button\" href=\"https:\/\/www.ubishops.ca\/fr\/futurs-etudiants\/processus-dadmission\/\">Processus d&rsquo;admission<\/a><\/div>\n\n\n\n<div class=\"wp-block-button\"><a class=\"wp-block-button__link has-purple-background-color has-background wp-element-button\" href=\"https:\/\/www.ubishops.ca\/future-students\/bishops-university-online-application\/\">Inscris-toi \u00e0 Bishop\u2019s<\/a><\/div>\n<\/div>\n","protected":false},"excerpt":{"rendered":"<p>Les ressources p\u00e9dagogiques de l\u2019Universit\u00e9 Bishop\u2019s sont r\u00e9parties selon cinq facult\u00e9s et \u00e9coles : la Facult\u00e9 des lettres et sciences humaines, la Facult\u00e9 des sciences naturelles et des math\u00e9matiques, la Facult\u00e9 des sciences sociales, l\u2019\u00e9cole de gestion Williams (Williams School of Business), et l\u2019\u00e9cole d\u2019\u00e9ducation (School of Education). \u00c9tudes de premier cycle \u00c0 l\u2019Universit\u00e9 Bishop\u2019s,&#8230;<\/p>\n","protected":false},"author":49,"featured_media":0,"parent":0,"menu_order":434,"comment_status":"closed","ping_status":"closed","template":"","meta":{"_acf_changed":false,"_cbd_carousel_blocks":"[]","_kad_blocks_custom_css":"","_kad_blocks_head_custom_js":"","_kad_blocks_body_custom_js":"","_kad_blocks_footer_custom_js":"","_kad_post_transparent":"","_kad_post_title":"","_kad_post_layout":"","_kad_post_sidebar_id":"","_kad_post_content_style":"","_kad_post_vertical_padding":"","_kad_post_feature":"","_kad_post_feature_position":"","_kad_post_header":false,"_kad_post_footer":false,"_kad_post_classname":"","footnotes":""},"class_list":["post-3177","page","type-page","status-publish","hentry"],"acf":[],"yoast_head":"<!-- This site is optimized with the Yoast SEO plugin v27.2 - https:\/\/yoast.com\/product\/yoast-seo-wordpress\/ -->\n<title>Programmes d&#039;\u00e9tudes - Bishop&#039;s University<\/title>\n<meta name=\"robots\" content=\"index, follow, max-snippet:-1, max-image-preview:large, max-video-preview:-1\" \/>\n<link rel=\"canonical\" href=\"https:\/\/www.ubishops.ca\/fr\/programmes-d-etudes\/\" \/>\n<meta property=\"og:locale\" content=\"fr_FR\" \/>\n<meta property=\"og:type\" content=\"article\" \/>\n<meta property=\"og:title\" content=\"Programmes d&#039;\u00e9tudes - Bishop&#039;s University\" \/>\n<meta property=\"og:description\" content=\"Les ressources p\u00e9dagogiques de l\u2019Universit\u00e9 Bishop\u2019s sont r\u00e9parties selon cinq facult\u00e9s et \u00e9coles : la Facult\u00e9 des lettres et sciences humaines, la Facult\u00e9 des sciences naturelles et des math\u00e9matiques, la Facult\u00e9 des sciences sociales, l\u2019\u00e9cole de gestion Williams (Williams School of Business), et l\u2019\u00e9cole d\u2019\u00e9ducation (School of Education). \u00c9tudes de premier cycle \u00c0 l\u2019Universit\u00e9 Bishop\u2019s,...\" \/>\n<meta property=\"og:url\" content=\"https:\/\/www.ubishops.ca\/fr\/programmes-d-etudes\/\" \/>\n<meta property=\"og:site_name\" content=\"Bishop&#039;s University\" \/>\n<meta property=\"article:publisher\" content=\"https:\/\/www.facebook.com\/ubishops\" \/>\n<meta property=\"article:modified_time\" content=\"2025-10-22T13:33:10+00:00\" \/>\n<meta name=\"twitter:card\" content=\"summary_large_image\" \/>\n<meta name=\"twitter:site\" content=\"@ubishops\" \/>\n<meta name=\"twitter:label1\" content=\"Dur\u00e9e de lecture estim\u00e9e\" \/>\n\t<meta name=\"twitter:data1\" content=\"5 minutes\" \/>\n<script type=\"application\/ld+json\" class=\"yoast-schema-graph\">{\"@context\":\"https:\/\/schema.org\",\"@graph\":[{\"@type\":\"WebPage\",\"@id\":\"https:\/\/www.ubishops.ca\/fr\/programmes-d-etudes\/\",\"url\":\"https:\/\/www.ubishops.ca\/fr\/programmes-d-etudes\/\",\"name\":\"Programmes d'\u00e9tudes - Bishop&#039;s University\",\"isPartOf\":{\"@id\":\"https:\/\/www.ubishops.ca\/#website\"},\"datePublished\":\"2015-06-29T20:56:37+00:00\",\"dateModified\":\"2025-10-22T13:33:10+00:00\",\"breadcrumb\":{\"@id\":\"https:\/\/www.ubishops.ca\/fr\/programmes-d-etudes\/#breadcrumb\"},\"inLanguage\":\"fr-FR\",\"potentialAction\":[{\"@type\":\"ReadAction\",\"target\":[\"https:\/\/www.ubishops.ca\/fr\/programmes-d-etudes\/\"]}]},{\"@type\":\"BreadcrumbList\",\"@id\":\"https:\/\/www.ubishops.ca\/fr\/programmes-d-etudes\/#breadcrumb\",\"itemListElement\":[{\"@type\":\"ListItem\",\"position\":1,\"name\":\"Accueil\",\"item\":\"https:\/\/www.ubishops.ca\/fr\/\"},{\"@type\":\"ListItem\",\"position\":2,\"name\":\"Programmes d&#8217;\u00e9tudes\"}]},{\"@type\":\"WebSite\",\"@id\":\"https:\/\/www.ubishops.ca\/#website\",\"url\":\"https:\/\/www.ubishops.ca\/\",\"name\":\"Bishop&#039;s University\",\"description\":\"\",\"potentialAction\":[{\"@type\":\"SearchAction\",\"target\":{\"@type\":\"EntryPoint\",\"urlTemplate\":\"https:\/\/www.ubishops.ca\/?s={search_term_string}\"},\"query-input\":{\"@type\":\"PropertyValueSpecification\",\"valueRequired\":true,\"valueName\":\"search_term_string\"}}],\"inLanguage\":\"fr-FR\"}]}<\/script>\n<!-- \/ Yoast SEO plugin. -->","yoast_head_json":{"title":"Programmes d'\u00e9tudes - Bishop&#039;s University","robots":{"index":"index","follow":"follow","max-snippet":"max-snippet:-1","max-image-preview":"max-image-preview:large","max-video-preview":"max-video-preview:-1"},"canonical":"https:\/\/www.ubishops.ca\/fr\/programmes-d-etudes\/","og_locale":"fr_FR","og_type":"article","og_title":"Programmes d'\u00e9tudes - Bishop&#039;s University","og_description":"Les ressources p\u00e9dagogiques de l\u2019Universit\u00e9 Bishop\u2019s sont r\u00e9parties selon cinq facult\u00e9s et \u00e9coles : la Facult\u00e9 des lettres et sciences humaines, la Facult\u00e9 des sciences naturelles et des math\u00e9matiques, la Facult\u00e9 des sciences sociales, l\u2019\u00e9cole de gestion Williams (Williams School of Business), et l\u2019\u00e9cole d\u2019\u00e9ducation (School of Education). \u00c9tudes de premier cycle \u00c0 l\u2019Universit\u00e9 Bishop\u2019s,...","og_url":"https:\/\/www.ubishops.ca\/fr\/programmes-d-etudes\/","og_site_name":"Bishop&#039;s University","article_publisher":"https:\/\/www.facebook.com\/ubishops","article_modified_time":"2025-10-22T13:33:10+00:00","twitter_card":"summary_large_image","twitter_site":"@ubishops","twitter_misc":{"Dur\u00e9e de lecture estim\u00e9e":"5 minutes"},"schema":{"@context":"https:\/\/schema.org","@graph":[{"@type":"WebPage","@id":"https:\/\/www.ubishops.ca\/fr\/programmes-d-etudes\/","url":"https:\/\/www.ubishops.ca\/fr\/programmes-d-etudes\/","name":"Programmes d'\u00e9tudes - Bishop&#039;s University","isPartOf":{"@id":"https:\/\/www.ubishops.ca\/#website"},"datePublished":"2015-06-29T20:56:37+00:00","dateModified":"2025-10-22T13:33:10+00:00","breadcrumb":{"@id":"https:\/\/www.ubishops.ca\/fr\/programmes-d-etudes\/#breadcrumb"},"inLanguage":"fr-FR","potentialAction":[{"@type":"ReadAction","target":["https:\/\/www.ubishops.ca\/fr\/programmes-d-etudes\/"]}]},{"@type":"BreadcrumbList","@id":"https:\/\/www.ubishops.ca\/fr\/programmes-d-etudes\/#breadcrumb","itemListElement":[{"@type":"ListItem","position":1,"name":"Accueil","item":"https:\/\/www.ubishops.ca\/fr\/"},{"@type":"ListItem","position":2,"name":"Programmes d&#8217;\u00e9tudes"}]},{"@type":"WebSite","@id":"https:\/\/www.ubishops.ca\/#website","url":"https:\/\/www.ubishops.ca\/","name":"Bishop&#039;s University","description":"","potentialAction":[{"@type":"SearchAction","target":{"@type":"EntryPoint","urlTemplate":"https:\/\/www.ubishops.ca\/?s={search_term_string}"},"query-input":{"@type":"PropertyValueSpecification","valueRequired":true,"valueName":"search_term_string"}}],"inLanguage":"fr-FR"}]}},"taxonomy_info":[],"featured_image_src_large":false,"author_info":{"display_name":"Julie Fradette","author_link":"https:\/\/www.ubishops.ca\/fr\/author\/jfradett\/"},"comment_info":0,"publishpress_future_action":{"enabled":false,"date":"2026-04-11 13:57:49","action":"change-status","newStatus":"draft","terms":[],"taxonomy":"translation_priority","extraData":[]},"publishpress_future_workflow_manual_trigger":{"enabledWorkflows":[]},"_links":{"self":[{"href":"https:\/\/www.ubishops.ca\/fr\/wp-json\/wp\/v2\/pages\/3177","targetHints":{"allow":["GET"]}}],"collection":[{"href":"https:\/\/www.ubishops.ca\/fr\/wp-json\/wp\/v2\/pages"}],"about":[{"href":"https:\/\/www.ubishops.ca\/fr\/wp-json\/wp\/v2\/types\/page"}],"author":[{"embeddable":true,"href":"https:\/\/www.ubishops.ca\/fr\/wp-json\/wp\/v2\/users\/49"}],"replies":[{"embeddable":true,"href":"https:\/\/www.ubishops.ca\/fr\/wp-json\/wp\/v2\/comments?post=3177"}],"version-history":[{"count":16,"href":"https:\/\/www.ubishops.ca\/fr\/wp-json\/wp\/v2\/pages\/3177\/revisions"}],"predecessor-version":[{"id":128117,"href":"https:\/\/www.ubishops.ca\/fr\/wp-json\/wp\/v2\/pages\/3177\/revisions\/128117"}],"wp:attachment":[{"href":"https:\/\/www.ubishops.ca\/fr\/wp-json\/wp\/v2\/media?parent=3177"}],"curies":[{"name":"wp","href":"https:\/\/api.w.org\/{rel}","templated":true}]}}