{"id":286,"date":"2015-07-13T11:57:03","date_gmt":"2015-07-13T15:57:03","guid":{"rendered":"https:\/\/wwwnew.ubishops.ca\/?page_id=286&#038;lang=fr"},"modified":"2025-08-29T15:04:02","modified_gmt":"2025-08-29T19:04:02","slug":"a-propos-de-bu-2","status":"publish","type":"page","link":"https:\/\/www.ubishops.ca\/fr\/a-propos-de-bu-2\/","title":{"rendered":"\u00c0 propos de Bishop\u2019s"},"content":{"rendered":"\n<p>Fond\u00e9e en 1843, Bishop\u2019s est une universit\u00e9 principalement de premier cycle, de langue anglaise, qui compte cinq facult\u00e9s et plus de 100 programmes. Nich\u00e9e entre deux rivi\u00e8res dans les collines verdoyantes de la r\u00e9gion des Cantons-de-l\u2019Est au Qu\u00e9bec, notre campus de 550 acres accueille une population \u00e9tudiante internationale diversifi\u00e9e et talentueuse d\u2019environ 2 800 \u00e9tudiants \u00e0 temps plein, dont plusieurs vivent directement sur le campus.<\/p>\n\n\n\n<p>Bishop\u2019s est la plus petite des universit\u00e9s anglophones du Qu\u00e9bec et l\u2019un des milieux universitaires les plus soud\u00e9s au Canada. Gr\u00e2ce \u00e0 la taille r\u00e9duite des classes et \u00e0 une exp\u00e9rience \u00e9ducative personnalis\u00e9e, vous conna\u00eetrez vos professeurs, et ils vous conna\u00eetront. Ici, vous n\u2019\u00eates jamais qu\u2019un num\u00e9ro. Nous cultivons un v\u00e9ritable esprit de communaut\u00e9 et d\u2019appartenance partag\u00e9 par nos \u00e9tudiants et notre famille de plus de 23 000 fiers dipl\u00f4m\u00e9s, tous ayant laiss\u00e9 leur empreinte mauve dans le monde.<\/p>\n\n\n\n<h2 class=\"wp-block-heading\">Une solide \u00e9ducation lib\u00e9rale&nbsp;<\/h2>\n\n\n\n<p>En 1843, les fondateurs de l\u2019Universit\u00e9 Bishop\u2019s d\u00e9clarent leur intention \u00ab d\u2019offrir \u00e0 tout le pays les bienfaits d\u2019une solide \u00e9ducation lib\u00e9rale \u00bb. Encore aujourd\u2019hui, Bishop\u2019s garde le cap sur cet objectif et offre une \u00e9ducation g\u00e9n\u00e9rale dans un cadre d\u2019apprentissage intime favorisant l\u2019innovation et l\u2019exploration.<\/p>\n\n\n<style>.kb-block-show-more-container286_36fc74-6b > .kb-show-more-sr-excerpt{position:absolute;width:1px;height:1px;margin:-1px;overflow:hidden;clip:rect(0, 0, 0, 0);white-space:nowrap;}.kb-block-show-more-container286_36fc74-6b > .wp-block-kadence-advancedbtn{margin-top:1em;}.kb-block-show-more-container286_36fc74-6b > .wp-block-kadence-advancedbtn .kt-btn-wrap:nth-child(2), .kb-block-show-more-container286_36fc74-6b > .wp-block-kadence-advancedbtn .wp-block-kadence-singlebtn:nth-of-type(2){display:none;}.kb-block-show-more-container286_36fc74-6b > .wp-block-kadence-column{max-height:150px;overflow-y:hidden;-webkit-mask-image:linear-gradient(to bottom, black 50%, transparent 100%);mask-image:linear-gradient(to bottom, black 50%, transparent 100%);}.kb-block-show-more-container286_36fc74-6b.kb-smc-open > .wp-block-kadence-column{max-height:none;-webkit-mask-image:none;mask-image:none;overflow-y:unset;}.kb-block-show-more-container286_36fc74-6b.kb-smc-open > .wp-block-kadence-advancedbtn .kt-btn-wrap:nth-child(1), .kb-block-show-more-container286_36fc74-6b.kb-smc-open > .wp-block-kadence-advancedbtn .wp-block-kadence-singlebtn:nth-of-type(1){display:none;}.kb-block-show-more-container286_36fc74-6b.kb-smc-open > .wp-block-kadence-advancedbtn .kt-btn-wrap:nth-child(2), .kb-block-show-more-container286_36fc74-6b.kb-smc-open > .wp-block-kadence-advancedbtn .wp-block-kadence-singlebtn:nth-of-type(2){display:inline-flex;}.kb-block-show-more-container286_36fc74-6b.kb-smc-open > .wp-block-kadence-advancedbtn.kt-force-btn-fullwidth .kt-btn-wrap:nth-child(2){display:block;}<\/style>\n<div class=\"wp-block-kadence-show-more kb-block-show-more-container kb-block-show-more-container286_36fc74-6b\"><div class=\"kb-show-more-sr-excerpt\" aria-live=\"polite\" aria-atomic=\"true\"><\/div><style>.kadence-column286_b23f87-05 > .kt-inside-inner-col,.kadence-column286_b23f87-05 > .kt-inside-inner-col:before{border-top-left-radius:0px;border-top-right-radius:0px;border-bottom-right-radius:0px;border-bottom-left-radius:0px;}.kadence-column286_b23f87-05 > .kt-inside-inner-col{column-gap:var(--global-kb-gap-sm, 1rem);}.kadence-column286_b23f87-05 > .kt-inside-inner-col{flex-direction:column;}.kadence-column286_b23f87-05 > .kt-inside-inner-col > .aligncenter{width:100%;}.kadence-column286_b23f87-05 > .kt-inside-inner-col:before{opacity:0.3;}.kadence-column286_b23f87-05{position:relative;}@media all and (max-width: 1024px){.kadence-column286_b23f87-05 > .kt-inside-inner-col{flex-direction:column;justify-content:center;}}@media all and (max-width: 767px){.kadence-column286_b23f87-05 > .kt-inside-inner-col{flex-direction:column;justify-content:center;}}<\/style>\n<div class=\"wp-block-kadence-column kadence-column286_b23f87-05 kb-show-more-content\"><div class=\"kt-inside-inner-col\">\n<h3 class=\"wp-block-heading\">Bishop&rsquo;s d\u00e9finit la notion de <em>Liberal Education<\/em><\/h3>\n\n\n\n<p>La notion de <em>liberal education<\/em> traduit les caract\u00e9ristiques de la formation voulue par les fondateurs en 1843 et repr\u00e9sente ce \u00e0 quoi les \u00e9tudiants peuvent encore s\u2019attendre lorsqu\u2019ils choisissent de faire leurs \u00e9tudes \u00e0 Bishop\u2019s, c\u2019est-\u00e0-dire une formation exceptionnelle et une exp\u00e9rience universitaire qui tiendra compte de toutes les facettes de leur \u00eatre.<\/p>\n\n\n\n<p><strong>L\u2019\u00e9tudiant du premier cycle est notre priorit\u00e9<\/strong><br>La r\u00e9putation de notre universit\u00e9 est bas\u00e9e sur son engagement ferme \u00e0 favoriser un environnement centr\u00e9 sur l\u2019\u00e9tudiant.<\/p>\n\n\n\n<p><strong>L\u2019apprentissage dans un cadre chaleureux<\/strong><br>Les professeurs et le personnel de Bishop\u2019s accordent \u00e0 chaque \u00e9tudiant l\u2019attention individuelle dont il a besoin et \u00e0 laquelle il a droit.<\/p>\n\n\n\n<p><strong>L\u2019excellence dans la classe<\/strong><br>La qualit\u00e9 des \u00e9changes entre des \u00e9tudiants dont la curiosit\u00e9 intellectuelle est \u00e9veill\u00e9e et des professeurs qui adorent enseigner transforme l\u2019apprentissage en une exp\u00e9rience mutuelle inoubliable.<\/p>\n\n\n\n<p><strong>Des programmes d\u2019\u00e9tudes diversifi\u00e9s et flexibles<\/strong><br>L\u2019enseignement est diversifi\u00e9 et approfondi : les \u00e9tudiants entendent parler de cours int\u00e9ressants donn\u00e9s \u00e0 l\u2019ext\u00e9rieur de leur domaine d\u2019\u00e9tudes\u2026 et ils les suivent.<\/p>\n\n\n\n<p><strong>L\u2019apprentissage au-del\u00e0 de la salle de cours<\/strong><br>L\u2019Universit\u00e9 Bishop\u2019s encourage ses \u00e9tudiants \u00e0 \u00e9largir leur formation par la diversit\u00e9 des situations d\u2019apprentissage.<\/p>\n\n\n\n<p><strong>De remarquables services aux \u00e9tudiants<\/strong><br>Au-del\u00e0 des questions intellectuelles, la formation \u00e0 Bishop\u2019s se soucie du bien-\u00eatre physique, \u00e9motif et spirituel des jeunes adultes.<\/p>\n\n\n\n<p><strong>Un centre pour les arts<\/strong><br>La cr\u00e9ation et les arts de la sc\u00e8ne enrichissent la vie culturelle de Bishop\u2019s et des communaut\u00e9s avoisinantes.<\/p>\n\n\n\n<p><strong>L\u2019occasion de faire une diff\u00e9rence<\/strong><br>Bishop\u2019s est peut-\u00eatre une petite universit\u00e9, mais les occasions de d\u00e9couvrir de nouveaux talents et d\u2019assumer un r\u00f4le de leader sont nombreuses.<\/p>\n\n\n\n<p><strong>Une communaut\u00e9 amicale et solidaire<\/strong><br>Les dimensions humaines de Bishop\u2019s h\u00e9bergent une v\u00e9ritable communaut\u00e9 o\u00f9 se cr\u00e9ent des liens d\u2019amiti\u00e9 entre les personnes qui y apprennent, qui y enseignent et qui y travaillent.<\/p>\n\n\n\n<p><strong>Un site id\u00e9al<\/strong><br>Sa situation g\u00e9ographique permet aux \u00e9tudiants, aux enseignants et au personnel de l\u2019Universit\u00e9 Bishop\u2019s de profiter des avantages de la vie urbaine autant que rurale.<\/p>\n\n\n\n<p><strong>Une relation de longue dur\u00e9e<\/strong><br>Les dipl\u00f4m\u00e9s se souviennent avec bonheur de leurs ann\u00e9es \u00e0 Bishop\u2019s et restent en contact avec l\u2019Universit\u00e9 \u00e0 travers les sections locales des associations de dipl\u00f4m\u00e9s, du fort populaire Bishop\u2019s University News Magazine et des campagnes annuelles de financement et de capitalisation.<\/p>\n\n\n\n<p>Un dipl\u00f4m\u00e9 ayant re\u00e7u une <em>liberal education<\/em> de l\u2019Universit\u00e9 Bishop\u2019s devrait poss\u00e9der les atouts suivants :<\/p>\n\n\n\n<ul class=\"wp-block-list\">\n<li>la comp\u00e9tence dans son domaine d\u2019\u00e9tudes;<\/li>\n\n\n\n<li>la capacit\u00e9 de transf\u00e9rer ses connaissances d\u2019un environnement \u00e0 un autre;<\/li>\n\n\n\n<li>l\u2019art de faire des analyses et de b\u00e2tir des arguments;<\/li>\n\n\n\n<li>des aptitudes en r\u00e9daction technique et en communication;<\/li>\n\n\n\n<li>le sentiment d\u2019appartenance \u00e0 la soci\u00e9t\u00e9;<\/li>\n\n\n\n<li>l\u2019ouverture interculturelle;<\/li>\n\n\n\n<li>les qualit\u00e9s de leader dans la communaut\u00e9;<\/li>\n\n\n\n<li>la soif du savoir;<\/li>\n\n\n\n<li>des amiti\u00e9s pour la vie.<\/li>\n<\/ul>\n\n\n\n<div class=\"wp-block-buttons is-layout-flex wp-block-buttons-is-layout-flex\">\n<div class=\"wp-block-button\"><a class=\"wp-block-button__link wp-element-button\" href=\"https:\/\/www.ubishops.ca\/fr\/a-propos-de-bu-2\/modele-deducation-liberale-de-bishops\/\">Mod\u00e8le d\u2019\u00e9ducation lib\u00e9rale de Bishop\u2019s<\/a><\/div>\n<\/div>\n<\/div><\/div>\n\n\n<style>.wp-block-kadence-advancedbtn.kb-btnsbutton-one-8{gap:var(--global-kb-gap-xs, 0.5rem );justify-content:flex-start;align-items:center;}.kt-btnsbutton-one-8 .kt-button{font-weight:normal;font-style:normal;}.kt-btnsbutton-one-8 .kt-btn-wrap-0{margin-right:5px;}.wp-block-kadence-advancedbtn.kt-btnsbutton-one-8 .kt-btn-wrap-0 .kt-button{color:#555555;border-color:#555555;}.wp-block-kadence-advancedbtn.kt-btnsbutton-one-8 .kt-btn-wrap-0 .kt-button:hover, .wp-block-kadence-advancedbtn.kt-btnsbutton-one-8 .kt-btn-wrap-0 .kt-button:focus{color:#ffffff;border-color:#444444;}.wp-block-kadence-advancedbtn.kt-btnsbutton-one-8 .kt-btn-wrap-0 .kt-button::before{display:none;}.wp-block-kadence-advancedbtn.kt-btnsbutton-one-8 .kt-btn-wrap-0 .kt-button:hover, .wp-block-kadence-advancedbtn.kt-btnsbutton-one-8 .kt-btn-wrap-0 .kt-button:focus{background:#444444;}<\/style>\n<div class=\"wp-block-kadence-advancedbtn kb-buttons-wrap kb-btnsbutton-one-8 kb-show-more-buttons\"><style>ul.menu .wp-block-kadence-advancedbtn .kb-btn286_522ef7-39.kb-button{width:initial;}<\/style><button class=\"kb-button kt-button button kb-btn286_522ef7-39 kt-btn-size-small kt-btn-width-type-auto kb-btn-global-fill  kt-btn-has-text-true kt-btn-has-svg-true  wp-block-kadence-singlebtn\"><span class=\"kt-btn-inner-text\">Show More<\/span><span class=\"kb-svg-icon-wrap kb-svg-icon-fe_plus kt-btn-icon-side-right\"><svg viewBox=\"0 0 24 24\"  fill=\"none\" stroke=\"currentColor\" stroke-width=\"2\" stroke-linecap=\"round\" stroke-linejoin=\"round\" xmlns=\"http:\/\/www.w3.org\/2000\/svg\"  aria-hidden=\"true\"><line x1=\"12\" y1=\"5\" x2=\"12\" y2=\"19\"\/><line x1=\"5\" y1=\"12\" x2=\"19\" y2=\"12\"\/><\/svg><\/span><\/button>\n\n<style>ul.menu .wp-block-kadence-advancedbtn .kb-btn286_a1ff92-5f.kb-button{width:initial;}<\/style><button class=\"kb-button kt-button button kb-btn286_a1ff92-5f kt-btn-size-small kt-btn-width-type-auto kb-btn-global-fill  kt-btn-has-text-true kt-btn-has-svg-true  wp-block-kadence-singlebtn\"><span class=\"kt-btn-inner-text\">Show Less<\/span><span class=\"kb-svg-icon-wrap kb-svg-icon-fe_minus kt-btn-icon-side-right\"><svg viewBox=\"0 0 24 24\"  fill=\"none\" stroke=\"currentColor\" stroke-width=\"2\" stroke-linecap=\"round\" stroke-linejoin=\"round\" xmlns=\"http:\/\/www.w3.org\/2000\/svg\"  aria-hidden=\"true\"><line x1=\"5\" y1=\"12\" x2=\"19\" y2=\"12\"\/><\/svg><\/span><\/button><\/div>\n<\/div>\n\n\n\n<h2 class=\"wp-block-heading\">La diff\u00e9rence Bishop\u2019s<\/h2>\n\n\n\n<figure class=\"wp-block-image size-full\"><img decoding=\"async\" width=\"820\" height=\"505\" src=\"https:\/\/www.ubishops.ca\/wp-content\/uploads\/skyview-bishops-1.jpg\" alt=\"\" class=\"wp-image-75205\" srcset=\"https:\/\/www.ubishops.ca\/wp-content\/uploads\/skyview-bishops-1.jpg 820w, https:\/\/www.ubishops.ca\/wp-content\/uploads\/skyview-bishops-1-300x185.jpg 300w, https:\/\/www.ubishops.ca\/wp-content\/uploads\/skyview-bishops-1-150x92.jpg 150w, https:\/\/www.ubishops.ca\/wp-content\/uploads\/skyview-bishops-1-768x473.jpg 768w\" sizes=\"(max-width: 820px) 100vw, 820px\" \/><\/figure>\n\n\n\n<p>Situ\u00e9e au c\u0153ur de la magnifique r\u00e9gion des Cantons-de-l\u2019Est dans la province de Qu\u00e9bec, Bishop\u2019s est une universit\u00e9 de langue anglaise unique qui offre \u00e0 ses \u00e9tudiants de premier cycle une exp\u00e9rience universitaire sans pareille.<\/p>\n\n\n\n<p>Bishop\u2019s est fi\u00e8re d\u2019offrir l\u2019un des plus petits ratios \u00e9l\u00e8ves-enseignant au pays et de pouvoir compter sur des professeurs passionn\u00e9s qui soutiennent leurs \u00e9tudiants et ont r\u00e9ellement \u00e0 c\u0153ur leur r\u00e9ussite. R\u00e9sultat : chaque \u00e9tudiant de l\u2019Universit\u00e9 re\u00e7oit un pr\u00e9cieux soutien personnalis\u00e9 tout au long de ses \u00e9tudes.<\/p>\n\n\n\n<p>Bishop\u2019s propose \u00e0 ses \u00e9tudiants un \u00e9ventail unique d\u2019occasions d\u2019apprentissage, notamment des stages et des exp\u00e9riences de formation exceptionnelles. Ces possibilit\u00e9s permettent aux \u00e9tudiants de consolider leurs aptitudes et d\u2019obtenir une exp\u00e9rience professionnelle pertinente pendant qu\u2019ils sont encore aux \u00e9tudes.<\/p>\n\n\n\n<p>Bishop\u2019s offre un environnement social unique favorisant le d\u00e9veloppement et l\u2019\u00e9panouissement des \u00e9tudiants. Ce climat d\u2019aide et de bienveillance encourage les \u00e9tudiants et les pousse \u00e0 devenir des leaders confiants et comp\u00e9tents, pr\u00eats \u00e0 am\u00e9liorer le monde qui les entoure.<\/p>\n\n\n\n<p>Voil\u00e0 l\u2019essence et l\u2019\u00e2me de la communaut\u00e9 de Bishop\u2019s.<\/p>\n\n\n\n<h2 class=\"wp-block-heading\">Notre objectif&nbsp;<\/h2>\n\n\n\n<p>\u00c0 Bishop\u2019s, nous nous effor\u00e7ons d\u2019\u00eatre&nbsp;:&nbsp;<\/p>\n\n\n\n<ul class=\"wp-block-list\">\n<li>Une communaut\u00e9 qui suscite la confiance, le courage et le sens des responsabilit\u00e9s chez ses \u00e9tudiants.&nbsp;<\/li>\n\n\n\n<li>Un \u00e9tablissement qui encourage la libert\u00e9 personnelle et intellectuelle et qui permet de forger des amiti\u00e9s durables.&nbsp;<\/li>\n<\/ul>\n\n\n\n<div class=\"wp-block-group has-lighter-gray-background-color has-background\"><div class=\"wp-block-group__inner-container is-layout-constrained wp-block-group-is-layout-constrained\">\n<h2 class=\"wp-block-heading\">R\u00e9alisez-vous. Be purple. B.U.<\/h2>\n\n\n\n<p>Avec plus de 106 programmes r\u00e9partis dans cinq facult\u00e9s et vingt-cinq d\u00e9partements, Bishop\u2019s inspire les acteurs du changement de demain.<\/p>\n\n\n\n<p>Pour continuer \u00e0 explorer, parcourez nos <a href=\"https:\/\/www.ubishops.ca\/fr\/programmes-d-etudes\/\">programmes d\u2019\u00e9tudes<\/a>, consultez notre page web d\u00e9taill\u00e9e pour les <a href=\"https:\/\/www.ubishops.ca\/fr\/futurs-etudiants\/\">futurs \u00e9tudiants<\/a> et <a href=\"https:\/\/www.ubishops.ca\/fr\/futurs-etudiants\/campus-tours-events\/\">planifiez une visite avec nous<\/a> !<\/p>\n<\/div><\/div>\n","protected":false},"excerpt":{"rendered":"<p>Fond\u00e9e en 1843, Bishop\u2019s est une universit\u00e9 principalement de premier cycle, de langue anglaise, qui compte cinq facult\u00e9s et plus de 100 programmes. Nich\u00e9e entre deux rivi\u00e8res dans les collines verdoyantes de la r\u00e9gion des Cantons-de-l\u2019Est au Qu\u00e9bec, notre campus de 550 acres accueille une population \u00e9tudiante internationale diversifi\u00e9e et talentueuse d\u2019environ 2 800 \u00e9tudiants&#8230;<\/p>\n","protected":false},"author":49,"featured_media":0,"parent":0,"menu_order":374,"comment_status":"closed","ping_status":"closed","template":"","meta":{"_acf_changed":false,"_cbd_carousel_blocks":"[]","_kad_blocks_custom_css":"","_kad_blocks_head_custom_js":"","_kad_blocks_body_custom_js":"","_kad_blocks_footer_custom_js":"","_kad_post_transparent":"","_kad_post_title":"","_kad_post_layout":"","_kad_post_sidebar_id":"","_kad_post_content_style":"","_kad_post_vertical_padding":"","_kad_post_feature":"","_kad_post_feature_position":"","_kad_post_header":false,"_kad_post_footer":false,"_kad_post_classname":"","footnotes":""},"class_list":["post-286","page","type-page","status-publish","hentry"],"acf":[],"yoast_head":"<!-- This site is optimized with the Yoast SEO plugin v27.2 - https:\/\/yoast.com\/product\/yoast-seo-wordpress\/ -->\n<title>\u00c0 propos de Bishop\u2019s - Bishop&#039;s University<\/title>\n<meta name=\"description\" content=\"Bishop\u2019s est une universit\u00e9 principalement de premier cycle, de langue anglaise, qui compte cinq facult\u00e9s et plus de 100 programmes. Nich\u00e9e entre deux rivi\u00e8res dans les collines verdoyantes de la r\u00e9gion des Cantons-de-l\u2019Est au Qu\u00e9bec, notre campus de 550 acres accueille environ 2 800 \u00e9tudiants \u00e0 temps plein, dont plusieurs vivent directement sur le campus.\" \/>\n<meta name=\"robots\" content=\"index, follow, max-snippet:-1, max-image-preview:large, max-video-preview:-1\" \/>\n<link rel=\"canonical\" href=\"https:\/\/www.ubishops.ca\/fr\/a-propos-de-bu-2\/\" \/>\n<meta property=\"og:locale\" content=\"fr_FR\" \/>\n<meta property=\"og:type\" content=\"article\" \/>\n<meta property=\"og:title\" content=\"\u00c0 propos de Bishop\u2019s - Bishop&#039;s University\" \/>\n<meta property=\"og:description\" content=\"Bishop\u2019s est une universit\u00e9 principalement de premier cycle, de langue anglaise, qui compte cinq facult\u00e9s et plus de 100 programmes. Nich\u00e9e entre deux rivi\u00e8res dans les collines verdoyantes de la r\u00e9gion des Cantons-de-l\u2019Est au Qu\u00e9bec, notre campus de 550 acres accueille environ 2 800 \u00e9tudiants \u00e0 temps plein, dont plusieurs vivent directement sur le campus.\" \/>\n<meta property=\"og:url\" content=\"https:\/\/www.ubishops.ca\/fr\/a-propos-de-bu-2\/\" \/>\n<meta property=\"og:site_name\" content=\"Bishop&#039;s University\" \/>\n<meta property=\"article:publisher\" content=\"https:\/\/www.facebook.com\/ubishops\" \/>\n<meta property=\"article:modified_time\" content=\"2025-08-29T19:04:02+00:00\" \/>\n<meta property=\"og:image\" content=\"https:\/\/www.ubishops.ca\/wp-content\/uploads\/skyview-bishops-1.jpg\" \/>\n\t<meta property=\"og:image:width\" content=\"820\" \/>\n\t<meta property=\"og:image:height\" content=\"505\" \/>\n\t<meta property=\"og:image:type\" content=\"image\/jpeg\" \/>\n<meta name=\"twitter:card\" content=\"summary_large_image\" \/>\n<meta name=\"twitter:site\" content=\"@ubishops\" \/>\n<meta name=\"twitter:label1\" content=\"Dur\u00e9e de lecture estim\u00e9e\" \/>\n\t<meta name=\"twitter:data1\" content=\"5 minutes\" \/>\n<script type=\"application\/ld+json\" class=\"yoast-schema-graph\">{\"@context\":\"https:\/\/schema.org\",\"@graph\":[{\"@type\":\"WebPage\",\"@id\":\"https:\/\/www.ubishops.ca\/fr\/a-propos-de-bu-2\/\",\"url\":\"https:\/\/www.ubishops.ca\/fr\/a-propos-de-bu-2\/\",\"name\":\"\u00c0 propos de Bishop\u2019s - Bishop&#039;s University\",\"isPartOf\":{\"@id\":\"https:\/\/www.ubishops.ca\/#website\"},\"primaryImageOfPage\":{\"@id\":\"https:\/\/www.ubishops.ca\/fr\/a-propos-de-bu-2\/#primaryimage\"},\"image\":{\"@id\":\"https:\/\/www.ubishops.ca\/fr\/a-propos-de-bu-2\/#primaryimage\"},\"thumbnailUrl\":\"https:\/\/www.ubishops.ca\/wp-content\/uploads\/skyview-bishops-1.jpg\",\"datePublished\":\"2015-07-13T15:57:03+00:00\",\"dateModified\":\"2025-08-29T19:04:02+00:00\",\"description\":\"Bishop\u2019s est une universit\u00e9 principalement de premier cycle, de langue anglaise, qui compte cinq facult\u00e9s et plus de 100 programmes. Nich\u00e9e entre deux rivi\u00e8res dans les collines verdoyantes de la r\u00e9gion des Cantons-de-l\u2019Est au Qu\u00e9bec, notre campus de 550 acres accueille environ 2 800 \u00e9tudiants \u00e0 temps plein, dont plusieurs vivent directement sur le campus.\",\"breadcrumb\":{\"@id\":\"https:\/\/www.ubishops.ca\/fr\/a-propos-de-bu-2\/#breadcrumb\"},\"inLanguage\":\"fr-FR\",\"potentialAction\":[{\"@type\":\"ReadAction\",\"target\":[\"https:\/\/www.ubishops.ca\/fr\/a-propos-de-bu-2\/\"]}]},{\"@type\":\"ImageObject\",\"inLanguage\":\"fr-FR\",\"@id\":\"https:\/\/www.ubishops.ca\/fr\/a-propos-de-bu-2\/#primaryimage\",\"url\":\"https:\/\/www.ubishops.ca\/wp-content\/uploads\/skyview-bishops-1.jpg\",\"contentUrl\":\"https:\/\/www.ubishops.ca\/wp-content\/uploads\/skyview-bishops-1.jpg\"},{\"@type\":\"BreadcrumbList\",\"@id\":\"https:\/\/www.ubishops.ca\/fr\/a-propos-de-bu-2\/#breadcrumb\",\"itemListElement\":[{\"@type\":\"ListItem\",\"position\":1,\"name\":\"Accueil\",\"item\":\"https:\/\/www.ubishops.ca\/fr\/\"},{\"@type\":\"ListItem\",\"position\":2,\"name\":\"\u00c0 propos de Bishop\u2019s\"}]},{\"@type\":\"WebSite\",\"@id\":\"https:\/\/www.ubishops.ca\/#website\",\"url\":\"https:\/\/www.ubishops.ca\/\",\"name\":\"Bishop&#039;s University\",\"description\":\"\",\"potentialAction\":[{\"@type\":\"SearchAction\",\"target\":{\"@type\":\"EntryPoint\",\"urlTemplate\":\"https:\/\/www.ubishops.ca\/?s={search_term_string}\"},\"query-input\":{\"@type\":\"PropertyValueSpecification\",\"valueRequired\":true,\"valueName\":\"search_term_string\"}}],\"inLanguage\":\"fr-FR\"}]}<\/script>\n<!-- \/ Yoast SEO plugin. -->","yoast_head_json":{"title":"\u00c0 propos de Bishop\u2019s - Bishop&#039;s University","description":"Bishop\u2019s est une universit\u00e9 principalement de premier cycle, de langue anglaise, qui compte cinq facult\u00e9s et plus de 100 programmes. Nich\u00e9e entre deux rivi\u00e8res dans les collines verdoyantes de la r\u00e9gion des Cantons-de-l\u2019Est au Qu\u00e9bec, notre campus de 550 acres accueille environ 2 800 \u00e9tudiants \u00e0 temps plein, dont plusieurs vivent directement sur le campus.","robots":{"index":"index","follow":"follow","max-snippet":"max-snippet:-1","max-image-preview":"max-image-preview:large","max-video-preview":"max-video-preview:-1"},"canonical":"https:\/\/www.ubishops.ca\/fr\/a-propos-de-bu-2\/","og_locale":"fr_FR","og_type":"article","og_title":"\u00c0 propos de Bishop\u2019s - Bishop&#039;s University","og_description":"Bishop\u2019s est une universit\u00e9 principalement de premier cycle, de langue anglaise, qui compte cinq facult\u00e9s et plus de 100 programmes. Nich\u00e9e entre deux rivi\u00e8res dans les collines verdoyantes de la r\u00e9gion des Cantons-de-l\u2019Est au Qu\u00e9bec, notre campus de 550 acres accueille environ 2 800 \u00e9tudiants \u00e0 temps plein, dont plusieurs vivent directement sur le campus.","og_url":"https:\/\/www.ubishops.ca\/fr\/a-propos-de-bu-2\/","og_site_name":"Bishop&#039;s University","article_publisher":"https:\/\/www.facebook.com\/ubishops","article_modified_time":"2025-08-29T19:04:02+00:00","og_image":[{"width":820,"height":505,"url":"https:\/\/www.ubishops.ca\/wp-content\/uploads\/skyview-bishops-1.jpg","type":"image\/jpeg"}],"twitter_card":"summary_large_image","twitter_site":"@ubishops","twitter_misc":{"Dur\u00e9e de lecture estim\u00e9e":"5 minutes"},"schema":{"@context":"https:\/\/schema.org","@graph":[{"@type":"WebPage","@id":"https:\/\/www.ubishops.ca\/fr\/a-propos-de-bu-2\/","url":"https:\/\/www.ubishops.ca\/fr\/a-propos-de-bu-2\/","name":"\u00c0 propos de Bishop\u2019s - Bishop&#039;s University","isPartOf":{"@id":"https:\/\/www.ubishops.ca\/#website"},"primaryImageOfPage":{"@id":"https:\/\/www.ubishops.ca\/fr\/a-propos-de-bu-2\/#primaryimage"},"image":{"@id":"https:\/\/www.ubishops.ca\/fr\/a-propos-de-bu-2\/#primaryimage"},"thumbnailUrl":"https:\/\/www.ubishops.ca\/wp-content\/uploads\/skyview-bishops-1.jpg","datePublished":"2015-07-13T15:57:03+00:00","dateModified":"2025-08-29T19:04:02+00:00","description":"Bishop\u2019s est une universit\u00e9 principalement de premier cycle, de langue anglaise, qui compte cinq facult\u00e9s et plus de 100 programmes. Nich\u00e9e entre deux rivi\u00e8res dans les collines verdoyantes de la r\u00e9gion des Cantons-de-l\u2019Est au Qu\u00e9bec, notre campus de 550 acres accueille environ 2 800 \u00e9tudiants \u00e0 temps plein, dont plusieurs vivent directement sur le campus.","breadcrumb":{"@id":"https:\/\/www.ubishops.ca\/fr\/a-propos-de-bu-2\/#breadcrumb"},"inLanguage":"fr-FR","potentialAction":[{"@type":"ReadAction","target":["https:\/\/www.ubishops.ca\/fr\/a-propos-de-bu-2\/"]}]},{"@type":"ImageObject","inLanguage":"fr-FR","@id":"https:\/\/www.ubishops.ca\/fr\/a-propos-de-bu-2\/#primaryimage","url":"https:\/\/www.ubishops.ca\/wp-content\/uploads\/skyview-bishops-1.jpg","contentUrl":"https:\/\/www.ubishops.ca\/wp-content\/uploads\/skyview-bishops-1.jpg"},{"@type":"BreadcrumbList","@id":"https:\/\/www.ubishops.ca\/fr\/a-propos-de-bu-2\/#breadcrumb","itemListElement":[{"@type":"ListItem","position":1,"name":"Accueil","item":"https:\/\/www.ubishops.ca\/fr\/"},{"@type":"ListItem","position":2,"name":"\u00c0 propos de Bishop\u2019s"}]},{"@type":"WebSite","@id":"https:\/\/www.ubishops.ca\/#website","url":"https:\/\/www.ubishops.ca\/","name":"Bishop&#039;s University","description":"","potentialAction":[{"@type":"SearchAction","target":{"@type":"EntryPoint","urlTemplate":"https:\/\/www.ubishops.ca\/?s={search_term_string}"},"query-input":{"@type":"PropertyValueSpecification","valueRequired":true,"valueName":"search_term_string"}}],"inLanguage":"fr-FR"}]}},"taxonomy_info":[],"featured_image_src_large":false,"author_info":{"display_name":"Julie Fradette","author_link":"https:\/\/www.ubishops.ca\/fr\/author\/jfradett\/"},"comment_info":0,"publishpress_future_action":{"enabled":false,"date":"2026-04-24 01:29:31","action":"change-status","newStatus":"draft","terms":[],"taxonomy":"translation_priority","extraData":[]},"publishpress_future_workflow_manual_trigger":{"enabledWorkflows":[]},"_links":{"self":[{"href":"https:\/\/www.ubishops.ca\/fr\/wp-json\/wp\/v2\/pages\/286","targetHints":{"allow":["GET"]}}],"collection":[{"href":"https:\/\/www.ubishops.ca\/fr\/wp-json\/wp\/v2\/pages"}],"about":[{"href":"https:\/\/www.ubishops.ca\/fr\/wp-json\/wp\/v2\/types\/page"}],"author":[{"embeddable":true,"href":"https:\/\/www.ubishops.ca\/fr\/wp-json\/wp\/v2\/users\/49"}],"replies":[{"embeddable":true,"href":"https:\/\/www.ubishops.ca\/fr\/wp-json\/wp\/v2\/comments?post=286"}],"version-history":[{"count":3,"href":"https:\/\/www.ubishops.ca\/fr\/wp-json\/wp\/v2\/pages\/286\/revisions"}],"predecessor-version":[{"id":126802,"href":"https:\/\/www.ubishops.ca\/fr\/wp-json\/wp\/v2\/pages\/286\/revisions\/126802"}],"wp:attachment":[{"href":"https:\/\/www.ubishops.ca\/fr\/wp-json\/wp\/v2\/media?parent=286"}],"curies":[{"name":"wp","href":"https:\/\/api.w.org\/{rel}","templated":true}]}}