{"id":19759,"date":"2016-09-21T09:07:53","date_gmt":"2016-09-21T13:07:53","guid":{"rendered":"https:\/\/wwwnew.ubishops.ca\/fr\/programmes-d-etudes\/modele-deducation-liberale-de-bishops\/bu-defines-sound-liberal-education\/"},"modified":"2016-09-21T09:15:51","modified_gmt":"2016-09-21T13:15:51","slug":"bu-defines-sound-liberal-education","status":"publish","type":"page","link":"https:\/\/www.ubishops.ca\/fr\/a-propos-de-bu-2\/modele-deducation-liberale-de-bishops\/bu-defines-sound-liberal-education\/","title":{"rendered":"Bishop&rsquo;s d\u00e9finit la notion de Liberal Education"},"content":{"rendered":"<p>La notion de <em>liberal education<\/em> traduit les caract\u00e9ristiques de la formation voulue par les fondateurs en 1843 et repr\u00e9sente ce \u00e0 quoi les \u00e9tudiants peuvent encore s\u2019attendre lorsqu\u2019ils choisissent de faire leurs \u00e9tudes \u00e0 Bishop\u2019s, c\u2019est-\u00e0-dire une formation exceptionnelle et une exp\u00e9rience universitaire qui tiendra compte de toutes les facettes de leur \u00eatre.<\/p>\n<p><strong>L\u2019\u00e9tudiant du premier cycle est notre priorit\u00e9<\/strong><br \/>\nLa r\u00e9putation de notre universit\u00e9 est bas\u00e9e sur son engagement ferme \u00e0 favoriser un environnement centr\u00e9 sur l\u2019\u00e9tudiant.<\/p>\n<p><strong>L\u2019apprentissage dans un cadre chaleureux<\/strong><br \/>\nLes professeurs et le personnel de Bishop\u2019s accordent \u00e0 chaque \u00e9tudiant l&rsquo;attention individuelle dont il a besoin et \u00e0 laquelle il a droit.<\/p>\n<p><strong>L\u2019excellence dans la classe<\/strong><br \/>\nLa qualit\u00e9 des \u00e9changes entre des \u00e9tudiants dont la curiosit\u00e9 intellectuelle est \u00e9veill\u00e9e et des professeurs qui adorent enseigner transforme l\u2019apprentissage en une exp\u00e9rience mutuelle inoubliable.<\/p>\n<p><strong>Des programmes d\u2019\u00e9tudes diversifi\u00e9s et flexibles<\/strong><br \/>\nL\u2019enseignement est diversifi\u00e9 et approfondi : les \u00e9tudiants entendent parler de cours int\u00e9ressants donn\u00e9s \u00e0 l\u2019ext\u00e9rieur de leur domaine d&rsquo;\u00e9tudes&#8230; et ils les suivent.<\/p>\n<p><strong>L\u2019apprentissage au-del\u00e0 de la salle de cours<\/strong><br \/>\nL\u2019Universit\u00e9 Bishop\u2019s encourage ses \u00e9tudiants \u00e0 \u00e9largir leur formation par la diversit\u00e9 des situations d\u2019apprentissage.<\/p>\n<p><strong>De remarquables services aux \u00e9tudiants<\/strong><br \/>\nAu-del\u00e0 des questions intellectuelles, la formation \u00e0 Bishop\u2019s se soucie du bien-\u00eatre physique, \u00e9motif et spirituel des jeunes adultes.<\/p>\n<p><strong>Un centre pour les arts<\/strong><br \/>\nLa cr\u00e9ation et les arts de la sc\u00e8ne enrichissent la vie culturelle de Bishop&rsquo;s et des communaut\u00e9s avoisinantes.<\/p>\n<p><strong>L\u2019occasion de faire une diff\u00e9rence<\/strong><br \/>\nBishop\u2019s est peut-\u00eatre une petite universit\u00e9, mais les occasions de d\u00e9couvrir de nouveaux talents et d&rsquo;assumer un r\u00f4le de leader sont nombreuses.<\/p>\n<p><strong>Une communaut\u00e9 amicale et solidaire<\/strong><br \/>\nLes dimensions humaines de Bishop\u2019s h\u00e9bergent une v\u00e9ritable communaut\u00e9 o\u00f9 se cr\u00e9ent des liens d\u2019amiti\u00e9 entre les personnes qui y apprennent, qui y enseignent et qui y travaillent.<\/p>\n<p><strong>Un site id\u00e9al<\/strong><br \/>\nSa situation g\u00e9ographique permet aux \u00e9tudiants, aux enseignants et au personnel de l\u2019Universit\u00e9 Bishop\u2019s de profiter des avantages de la vie urbaine autant que rurale.<\/p>\n<p><strong>Une relation de longue dur\u00e9e<\/strong><br \/>\nLes dipl\u00f4m\u00e9s se souviennent avec bonheur de leurs ann\u00e9es \u00e0 Bishop\u2019s et restent en contact avec l\u2019Universit\u00e9 \u00e0 travers les sections locales des associations de dipl\u00f4m\u00e9s, du fort populaire Bishop&rsquo;s University News Magazine et des campagnes annuelles de financement et de capitalisation.<\/p>\n<p>Un dipl\u00f4m\u00e9 ayant re\u00e7u une <em>liberal education<\/em> de l\u2019Universit\u00e9 Bishop\u2019s devrait poss\u00e9der les atouts suivants :<\/p>\n<ul>\n<li>la comp\u00e9tence dans son domaine d\u2019\u00e9tudes;<\/li>\n<li>la capacit\u00e9 de transf\u00e9rer ses connaissances d\u2019un environnement \u00e0 un autre;<\/li>\n<li>l\u2019art de faire des analyses et de b\u00e2tir des arguments;<\/li>\n<li>des aptitudes en r\u00e9daction technique et en communication;<\/li>\n<li>le sentiment d\u2019appartenance \u00e0 la soci\u00e9t\u00e9;<\/li>\n<li>l&rsquo;ouverture interculturelle;<\/li>\n<li>les qualit\u00e9s de leader dans la communaut\u00e9;<\/li>\n<li>la soif du savoir;<\/li>\n<li>des amiti\u00e9s pour la vie.<\/li>\n<\/ul>\n","protected":false},"excerpt":{"rendered":"<p>La notion de liberal education traduit les caract\u00e9ristiques de la formation voulue par les fondateurs en 1843 et repr\u00e9sente ce \u00e0 quoi les \u00e9tudiants peuvent encore s\u2019attendre lorsqu\u2019ils choisissent de faire leurs \u00e9tudes \u00e0 Bishop\u2019s, c\u2019est-\u00e0-dire une formation exceptionnelle et une exp\u00e9rience universitaire qui tiendra compte de toutes les facettes de leur \u00eatre. L\u2019\u00e9tudiant du&#8230;<\/p>\n","protected":false},"author":49,"featured_media":0,"parent":10827,"menu_order":207,"comment_status":"closed","ping_status":"closed","template":"templates\/page-width-sidebar.php","meta":{"_acf_changed":false,"_cbd_carousel_blocks":"[]","_kad_blocks_custom_css":"","_kad_blocks_head_custom_js":"","_kad_blocks_body_custom_js":"","_kad_blocks_footer_custom_js":"","_kad_post_transparent":"","_kad_post_title":"","_kad_post_layout":"","_kad_post_sidebar_id":"","_kad_post_content_style":"","_kad_post_vertical_padding":"","_kad_post_feature":"","_kad_post_feature_position":"","_kad_post_header":false,"_kad_post_footer":false,"_kad_post_classname":"","footnotes":""},"class_list":["post-19759","page","type-page","status-publish","hentry"],"acf":[],"yoast_head":"<!-- This site is optimized with the Yoast SEO plugin v27.2 - https:\/\/yoast.com\/product\/yoast-seo-wordpress\/ -->\n<title>Bishop&#039;s d\u00e9finit la notion de Liberal Education - Bishop&#039;s University<\/title>\n<meta name=\"robots\" content=\"index, follow, max-snippet:-1, max-image-preview:large, max-video-preview:-1\" \/>\n<link rel=\"canonical\" href=\"https:\/\/www.ubishops.ca\/fr\/a-propos-de-bu-2\/modele-deducation-liberale-de-bishops\/bu-defines-sound-liberal-education\/\" \/>\n<meta property=\"og:locale\" content=\"fr_FR\" \/>\n<meta property=\"og:type\" content=\"article\" \/>\n<meta property=\"og:title\" content=\"Bishop&#039;s d\u00e9finit la notion de Liberal Education - Bishop&#039;s University\" \/>\n<meta property=\"og:description\" content=\"La notion de liberal education traduit les caract\u00e9ristiques de la formation voulue par les fondateurs en 1843 et repr\u00e9sente ce \u00e0 quoi les \u00e9tudiants peuvent encore s\u2019attendre lorsqu\u2019ils choisissent de faire leurs \u00e9tudes \u00e0 Bishop\u2019s, c\u2019est-\u00e0-dire une formation exceptionnelle et une exp\u00e9rience universitaire qui tiendra compte de toutes les facettes de leur \u00eatre. L\u2019\u00e9tudiant du...\" \/>\n<meta property=\"og:url\" content=\"https:\/\/www.ubishops.ca\/fr\/a-propos-de-bu-2\/modele-deducation-liberale-de-bishops\/bu-defines-sound-liberal-education\/\" \/>\n<meta property=\"og:site_name\" content=\"Bishop&#039;s University\" \/>\n<meta property=\"article:publisher\" content=\"https:\/\/www.facebook.com\/ubishops\" \/>\n<meta property=\"article:modified_time\" content=\"2016-09-21T13:15:51+00:00\" \/>\n<meta name=\"twitter:card\" content=\"summary_large_image\" \/>\n<meta name=\"twitter:site\" content=\"@ubishops\" \/>\n<meta name=\"twitter:label1\" content=\"Dur\u00e9e de lecture estim\u00e9e\" \/>\n\t<meta name=\"twitter:data1\" content=\"3 minutes\" \/>\n<script type=\"application\/ld+json\" class=\"yoast-schema-graph\">{\"@context\":\"https:\/\/schema.org\",\"@graph\":[{\"@type\":\"WebPage\",\"@id\":\"https:\/\/www.ubishops.ca\/fr\/a-propos-de-bu-2\/modele-deducation-liberale-de-bishops\/bu-defines-sound-liberal-education\/\",\"url\":\"https:\/\/www.ubishops.ca\/fr\/a-propos-de-bu-2\/modele-deducation-liberale-de-bishops\/bu-defines-sound-liberal-education\/\",\"name\":\"Bishop's d\u00e9finit la notion de Liberal Education - Bishop&#039;s University\",\"isPartOf\":{\"@id\":\"https:\/\/www.ubishops.ca\/#website\"},\"datePublished\":\"2016-09-21T13:07:53+00:00\",\"dateModified\":\"2016-09-21T13:15:51+00:00\",\"breadcrumb\":{\"@id\":\"https:\/\/www.ubishops.ca\/fr\/a-propos-de-bu-2\/modele-deducation-liberale-de-bishops\/bu-defines-sound-liberal-education\/#breadcrumb\"},\"inLanguage\":\"fr-FR\",\"potentialAction\":[{\"@type\":\"ReadAction\",\"target\":[\"https:\/\/www.ubishops.ca\/fr\/a-propos-de-bu-2\/modele-deducation-liberale-de-bishops\/bu-defines-sound-liberal-education\/\"]}]},{\"@type\":\"BreadcrumbList\",\"@id\":\"https:\/\/www.ubishops.ca\/fr\/a-propos-de-bu-2\/modele-deducation-liberale-de-bishops\/bu-defines-sound-liberal-education\/#breadcrumb\",\"itemListElement\":[{\"@type\":\"ListItem\",\"position\":1,\"name\":\"Accueil\",\"item\":\"https:\/\/www.ubishops.ca\/fr\/\"},{\"@type\":\"ListItem\",\"position\":2,\"name\":\"\u00c0 propos de Bishop\u2019s\",\"item\":\"https:\/\/www.ubishops.ca\/fr\/a-propos-de-bu-2\/\"},{\"@type\":\"ListItem\",\"position\":3,\"name\":\"Mod\u00e8le d\u2019\u00e9ducation lib\u00e9rale de Bishop\u2019s\",\"item\":\"https:\/\/www.ubishops.ca\/fr\/a-propos-de-bu-2\/modele-deducation-liberale-de-bishops\/\"},{\"@type\":\"ListItem\",\"position\":4,\"name\":\"Bishop&#8217;s d\u00e9finit la notion de Liberal Education\"}]},{\"@type\":\"WebSite\",\"@id\":\"https:\/\/www.ubishops.ca\/#website\",\"url\":\"https:\/\/www.ubishops.ca\/\",\"name\":\"Bishop&#039;s University\",\"description\":\"\",\"potentialAction\":[{\"@type\":\"SearchAction\",\"target\":{\"@type\":\"EntryPoint\",\"urlTemplate\":\"https:\/\/www.ubishops.ca\/?s={search_term_string}\"},\"query-input\":{\"@type\":\"PropertyValueSpecification\",\"valueRequired\":true,\"valueName\":\"search_term_string\"}}],\"inLanguage\":\"fr-FR\"}]}<\/script>\n<!-- \/ Yoast SEO plugin. -->","yoast_head_json":{"title":"Bishop's d\u00e9finit la notion de Liberal Education - Bishop&#039;s University","robots":{"index":"index","follow":"follow","max-snippet":"max-snippet:-1","max-image-preview":"max-image-preview:large","max-video-preview":"max-video-preview:-1"},"canonical":"https:\/\/www.ubishops.ca\/fr\/a-propos-de-bu-2\/modele-deducation-liberale-de-bishops\/bu-defines-sound-liberal-education\/","og_locale":"fr_FR","og_type":"article","og_title":"Bishop's d\u00e9finit la notion de Liberal Education - Bishop&#039;s University","og_description":"La notion de liberal education traduit les caract\u00e9ristiques de la formation voulue par les fondateurs en 1843 et repr\u00e9sente ce \u00e0 quoi les \u00e9tudiants peuvent encore s\u2019attendre lorsqu\u2019ils choisissent de faire leurs \u00e9tudes \u00e0 Bishop\u2019s, c\u2019est-\u00e0-dire une formation exceptionnelle et une exp\u00e9rience universitaire qui tiendra compte de toutes les facettes de leur \u00eatre. L\u2019\u00e9tudiant du...","og_url":"https:\/\/www.ubishops.ca\/fr\/a-propos-de-bu-2\/modele-deducation-liberale-de-bishops\/bu-defines-sound-liberal-education\/","og_site_name":"Bishop&#039;s University","article_publisher":"https:\/\/www.facebook.com\/ubishops","article_modified_time":"2016-09-21T13:15:51+00:00","twitter_card":"summary_large_image","twitter_site":"@ubishops","twitter_misc":{"Dur\u00e9e de lecture estim\u00e9e":"3 minutes"},"schema":{"@context":"https:\/\/schema.org","@graph":[{"@type":"WebPage","@id":"https:\/\/www.ubishops.ca\/fr\/a-propos-de-bu-2\/modele-deducation-liberale-de-bishops\/bu-defines-sound-liberal-education\/","url":"https:\/\/www.ubishops.ca\/fr\/a-propos-de-bu-2\/modele-deducation-liberale-de-bishops\/bu-defines-sound-liberal-education\/","name":"Bishop's d\u00e9finit la notion de Liberal Education - Bishop&#039;s University","isPartOf":{"@id":"https:\/\/www.ubishops.ca\/#website"},"datePublished":"2016-09-21T13:07:53+00:00","dateModified":"2016-09-21T13:15:51+00:00","breadcrumb":{"@id":"https:\/\/www.ubishops.ca\/fr\/a-propos-de-bu-2\/modele-deducation-liberale-de-bishops\/bu-defines-sound-liberal-education\/#breadcrumb"},"inLanguage":"fr-FR","potentialAction":[{"@type":"ReadAction","target":["https:\/\/www.ubishops.ca\/fr\/a-propos-de-bu-2\/modele-deducation-liberale-de-bishops\/bu-defines-sound-liberal-education\/"]}]},{"@type":"BreadcrumbList","@id":"https:\/\/www.ubishops.ca\/fr\/a-propos-de-bu-2\/modele-deducation-liberale-de-bishops\/bu-defines-sound-liberal-education\/#breadcrumb","itemListElement":[{"@type":"ListItem","position":1,"name":"Accueil","item":"https:\/\/www.ubishops.ca\/fr\/"},{"@type":"ListItem","position":2,"name":"\u00c0 propos de Bishop\u2019s","item":"https:\/\/www.ubishops.ca\/fr\/a-propos-de-bu-2\/"},{"@type":"ListItem","position":3,"name":"Mod\u00e8le d\u2019\u00e9ducation lib\u00e9rale de Bishop\u2019s","item":"https:\/\/www.ubishops.ca\/fr\/a-propos-de-bu-2\/modele-deducation-liberale-de-bishops\/"},{"@type":"ListItem","position":4,"name":"Bishop&#8217;s d\u00e9finit la notion de Liberal Education"}]},{"@type":"WebSite","@id":"https:\/\/www.ubishops.ca\/#website","url":"https:\/\/www.ubishops.ca\/","name":"Bishop&#039;s University","description":"","potentialAction":[{"@type":"SearchAction","target":{"@type":"EntryPoint","urlTemplate":"https:\/\/www.ubishops.ca\/?s={search_term_string}"},"query-input":{"@type":"PropertyValueSpecification","valueRequired":true,"valueName":"search_term_string"}}],"inLanguage":"fr-FR"}]}},"taxonomy_info":[],"featured_image_src_large":false,"author_info":{"display_name":"Julie Fradette","author_link":"https:\/\/www.ubishops.ca\/fr\/author\/jfradett\/"},"comment_info":0,"publishpress_future_action":{"enabled":false,"date":"2026-04-15 13:20:34","action":"change-status","newStatus":"draft","terms":[],"taxonomy":"translation_priority","extraData":[]},"publishpress_future_workflow_manual_trigger":{"enabledWorkflows":[]},"_links":{"self":[{"href":"https:\/\/www.ubishops.ca\/fr\/wp-json\/wp\/v2\/pages\/19759","targetHints":{"allow":["GET"]}}],"collection":[{"href":"https:\/\/www.ubishops.ca\/fr\/wp-json\/wp\/v2\/pages"}],"about":[{"href":"https:\/\/www.ubishops.ca\/fr\/wp-json\/wp\/v2\/types\/page"}],"author":[{"embeddable":true,"href":"https:\/\/www.ubishops.ca\/fr\/wp-json\/wp\/v2\/users\/49"}],"replies":[{"embeddable":true,"href":"https:\/\/www.ubishops.ca\/fr\/wp-json\/wp\/v2\/comments?post=19759"}],"version-history":[{"count":0,"href":"https:\/\/www.ubishops.ca\/fr\/wp-json\/wp\/v2\/pages\/19759\/revisions"}],"up":[{"embeddable":true,"href":"https:\/\/www.ubishops.ca\/fr\/wp-json\/wp\/v2\/pages\/10827"}],"wp:attachment":[{"href":"https:\/\/www.ubishops.ca\/fr\/wp-json\/wp\/v2\/media?parent=19759"}],"curies":[{"name":"wp","href":"https:\/\/api.w.org\/{rel}","templated":true}]}}