{"id":130496,"date":"2026-02-12T09:53:37","date_gmt":"2026-02-12T14:53:37","guid":{"rendered":"https:\/\/www.ubishops.ca\/collation-des-grades\/diplomas\/"},"modified":"2026-02-12T11:39:18","modified_gmt":"2026-02-12T16:39:18","slug":"diplomas","status":"publish","type":"page","link":"https:\/\/www.ubishops.ca\/fr\/collation-des-grades\/diplomas\/","title":{"rendered":"Diplomas"},"content":{"rendered":"\n<p>Tous les dipl\u00f4mes sont imprim\u00e9s une fois par an et remis lors de la c\u00e9r\u00e9monie de remise des dipl\u00f4mes. Conform\u00e9ment \u00e0 la tradition, les dipl\u00f4mes sont imprim\u00e9s en latin. Chaque dipl\u00f4m\u00e9 est accompagn\u00e9 d\u2019une lettre de traduction en anglais et en fran\u00e7ais.<\/p>\n\n\n\n<p>Les dipl\u00f4m\u00e9.e.s qui assistent \u00e0 la c\u00e9r\u00e9monie de collation des grades recevront leurs dipl\u00f4mes lors de l&rsquo;\u00e9v\u00e9nement. Ceux qui ne peuvent pas y assister ont deux options pour recevoir leurs dipl\u00f4mes (disponible uniquement apr\u00e8s la fin de semaine de la c\u00e9r\u00e9monie) :<\/p>\n\n\n\n<ol class=\"wp-block-list\">\n<li><strong>R\u00e9cup\u00e9rer en personne<\/strong>: les dipl\u00f4mes peuvent \u00eatre r\u00e9cup\u00e9r\u00e9s par les dipl\u00f4m\u00e9.e.s au Bureau du registraire pendant les heures d&rsquo;ouverture.\n<ul class=\"wp-block-list\">\n<li>Emplacement : Mountain House, 2<sup>e<\/sup> \u00e9tage, au-dessus de l&rsquo;aire de restauration Purple Pod.<\/li>\n\n\n\n<li>Heures d&rsquo;ouverture : en semaine, de 9 h \u00e0 midi et de 13 h \u00e0 16 h.<br><\/li>\n<\/ul>\n<\/li>\n\n\n\n<li><strong>Envoi par la poste :<\/strong> les dipl\u00f4mes peuvent \u00eatre envoy\u00e9s par la poste moyennant des frais.<ul><li><strong>Exp\u00e9dition au Canada :<\/strong> 25 $<\/li><\/ul>\n<ul class=\"wp-block-list\">\n<li><strong>Exp\u00e9dition \u00e0 l&rsquo;international :<\/strong> 50 $<\/li>\n<\/ul>\n<\/li>\n<\/ol>\n\n\n\n<p>Pour plus de d\u00e9tails, veuillez contacter <a href=\"&#x6d;a&#x69;&#108;t&#x6f;&#58;&#x63;&#111;n&#x76;&#111;&#x63;&#97;t&#x69;&#111;&#x6e;&#x40;u&#x62;&#105;s&#x68;&#111;&#x70;&#115;&#46;&#x63;&#97;\">&#x63;&#111;&#x6e;&#x76;&#111;&#x63;&#x61;&#116;&#x69;&#x6f;&#110;&#x40;&#x75;b&#x69;&#x73;h&#x6f;&#112;s&#x2e;&#99;a<\/a>.<\/p>\n","protected":false},"excerpt":{"rendered":"<p>Tous les dipl\u00f4mes sont imprim\u00e9s une fois par an et remis lors de la c\u00e9r\u00e9monie de remise des dipl\u00f4mes. Conform\u00e9ment \u00e0 la tradition, les dipl\u00f4mes sont imprim\u00e9s en latin. Chaque dipl\u00f4m\u00e9 est accompagn\u00e9 d\u2019une lettre de traduction en anglais et en fran\u00e7ais. Les dipl\u00f4m\u00e9.e.s qui assistent \u00e0 la c\u00e9r\u00e9monie de collation des grades recevront leurs&#8230;<\/p>\n","protected":false},"author":62,"featured_media":0,"parent":96950,"menu_order":257,"comment_status":"closed","ping_status":"closed","template":"","meta":{"_acf_changed":false,"_cbd_carousel_blocks":"[]","_kad_blocks_custom_css":"","_kad_blocks_head_custom_js":"","_kad_blocks_body_custom_js":"","_kad_blocks_footer_custom_js":"","_kad_post_transparent":"","_kad_post_title":"","_kad_post_layout":"","_kad_post_sidebar_id":"","_kad_post_content_style":"","_kad_post_vertical_padding":"","_kad_post_feature":"","_kad_post_feature_position":"","_kad_post_header":false,"_kad_post_footer":false,"_kad_post_classname":"","footnotes":""},"class_list":["post-130496","page","type-page","status-publish","hentry"],"acf":[],"yoast_head":"<!-- This site is optimized with the Yoast SEO plugin v27.2 - https:\/\/yoast.com\/product\/yoast-seo-wordpress\/ -->\n<title>Diplomas - Bishop&#039;s University<\/title>\n<meta name=\"robots\" content=\"index, follow, max-snippet:-1, max-image-preview:large, max-video-preview:-1\" \/>\n<link rel=\"canonical\" href=\"https:\/\/www.ubishops.ca\/fr\/collation-des-grades\/diplomas\/\" \/>\n<meta property=\"og:locale\" content=\"fr_FR\" \/>\n<meta property=\"og:type\" content=\"article\" \/>\n<meta property=\"og:title\" content=\"Diplomas - Bishop&#039;s University\" \/>\n<meta property=\"og:description\" content=\"Tous les dipl\u00f4mes sont imprim\u00e9s une fois par an et remis lors de la c\u00e9r\u00e9monie de remise des dipl\u00f4mes. Conform\u00e9ment \u00e0 la tradition, les dipl\u00f4mes sont imprim\u00e9s en latin. Chaque dipl\u00f4m\u00e9 est accompagn\u00e9 d\u2019une lettre de traduction en anglais et en fran\u00e7ais. Les dipl\u00f4m\u00e9.e.s qui assistent \u00e0 la c\u00e9r\u00e9monie de collation des grades recevront leurs...\" \/>\n<meta property=\"og:url\" content=\"https:\/\/www.ubishops.ca\/fr\/collation-des-grades\/diplomas\/\" \/>\n<meta property=\"og:site_name\" content=\"Bishop&#039;s University\" \/>\n<meta property=\"article:publisher\" content=\"https:\/\/www.facebook.com\/ubishops\" \/>\n<meta property=\"article:modified_time\" content=\"2026-02-12T16:39:18+00:00\" \/>\n<meta name=\"twitter:card\" content=\"summary_large_image\" \/>\n<meta name=\"twitter:site\" content=\"@ubishops\" \/>\n<meta name=\"twitter:label1\" content=\"Dur\u00e9e de lecture estim\u00e9e\" \/>\n\t<meta name=\"twitter:data1\" content=\"1 minute\" \/>\n<script type=\"application\/ld+json\" class=\"yoast-schema-graph\">{\"@context\":\"https:\/\/schema.org\",\"@graph\":[{\"@type\":\"WebPage\",\"@id\":\"https:\/\/www.ubishops.ca\/fr\/collation-des-grades\/diplomas\/\",\"url\":\"https:\/\/www.ubishops.ca\/fr\/collation-des-grades\/diplomas\/\",\"name\":\"Diplomas - Bishop&#039;s University\",\"isPartOf\":{\"@id\":\"https:\/\/www.ubishops.ca\/#website\"},\"datePublished\":\"2026-02-12T14:53:37+00:00\",\"dateModified\":\"2026-02-12T16:39:18+00:00\",\"breadcrumb\":{\"@id\":\"https:\/\/www.ubishops.ca\/fr\/collation-des-grades\/diplomas\/#breadcrumb\"},\"inLanguage\":\"fr-FR\",\"potentialAction\":[{\"@type\":\"ReadAction\",\"target\":[\"https:\/\/www.ubishops.ca\/fr\/collation-des-grades\/diplomas\/\"]}]},{\"@type\":\"BreadcrumbList\",\"@id\":\"https:\/\/www.ubishops.ca\/fr\/collation-des-grades\/diplomas\/#breadcrumb\",\"itemListElement\":[{\"@type\":\"ListItem\",\"position\":1,\"name\":\"Accueil\",\"item\":\"https:\/\/www.ubishops.ca\/fr\/\"},{\"@type\":\"ListItem\",\"position\":2,\"name\":\"Obtention des dipl\u00f4mes et collation des grades\",\"item\":\"https:\/\/www.ubishops.ca\/fr\/collation-des-grades\/\"},{\"@type\":\"ListItem\",\"position\":3,\"name\":\"Diplomas\"}]},{\"@type\":\"WebSite\",\"@id\":\"https:\/\/www.ubishops.ca\/#website\",\"url\":\"https:\/\/www.ubishops.ca\/\",\"name\":\"Bishop&#039;s University\",\"description\":\"\",\"potentialAction\":[{\"@type\":\"SearchAction\",\"target\":{\"@type\":\"EntryPoint\",\"urlTemplate\":\"https:\/\/www.ubishops.ca\/?s={search_term_string}\"},\"query-input\":{\"@type\":\"PropertyValueSpecification\",\"valueRequired\":true,\"valueName\":\"search_term_string\"}}],\"inLanguage\":\"fr-FR\"}]}<\/script>\n<!-- \/ Yoast SEO plugin. -->","yoast_head_json":{"title":"Diplomas - Bishop&#039;s University","robots":{"index":"index","follow":"follow","max-snippet":"max-snippet:-1","max-image-preview":"max-image-preview:large","max-video-preview":"max-video-preview:-1"},"canonical":"https:\/\/www.ubishops.ca\/fr\/collation-des-grades\/diplomas\/","og_locale":"fr_FR","og_type":"article","og_title":"Diplomas - Bishop&#039;s University","og_description":"Tous les dipl\u00f4mes sont imprim\u00e9s une fois par an et remis lors de la c\u00e9r\u00e9monie de remise des dipl\u00f4mes. Conform\u00e9ment \u00e0 la tradition, les dipl\u00f4mes sont imprim\u00e9s en latin. Chaque dipl\u00f4m\u00e9 est accompagn\u00e9 d\u2019une lettre de traduction en anglais et en fran\u00e7ais. Les dipl\u00f4m\u00e9.e.s qui assistent \u00e0 la c\u00e9r\u00e9monie de collation des grades recevront leurs...","og_url":"https:\/\/www.ubishops.ca\/fr\/collation-des-grades\/diplomas\/","og_site_name":"Bishop&#039;s University","article_publisher":"https:\/\/www.facebook.com\/ubishops","article_modified_time":"2026-02-12T16:39:18+00:00","twitter_card":"summary_large_image","twitter_site":"@ubishops","twitter_misc":{"Dur\u00e9e de lecture estim\u00e9e":"1 minute"},"schema":{"@context":"https:\/\/schema.org","@graph":[{"@type":"WebPage","@id":"https:\/\/www.ubishops.ca\/fr\/collation-des-grades\/diplomas\/","url":"https:\/\/www.ubishops.ca\/fr\/collation-des-grades\/diplomas\/","name":"Diplomas - Bishop&#039;s University","isPartOf":{"@id":"https:\/\/www.ubishops.ca\/#website"},"datePublished":"2026-02-12T14:53:37+00:00","dateModified":"2026-02-12T16:39:18+00:00","breadcrumb":{"@id":"https:\/\/www.ubishops.ca\/fr\/collation-des-grades\/diplomas\/#breadcrumb"},"inLanguage":"fr-FR","potentialAction":[{"@type":"ReadAction","target":["https:\/\/www.ubishops.ca\/fr\/collation-des-grades\/diplomas\/"]}]},{"@type":"BreadcrumbList","@id":"https:\/\/www.ubishops.ca\/fr\/collation-des-grades\/diplomas\/#breadcrumb","itemListElement":[{"@type":"ListItem","position":1,"name":"Accueil","item":"https:\/\/www.ubishops.ca\/fr\/"},{"@type":"ListItem","position":2,"name":"Obtention des dipl\u00f4mes et collation des grades","item":"https:\/\/www.ubishops.ca\/fr\/collation-des-grades\/"},{"@type":"ListItem","position":3,"name":"Diplomas"}]},{"@type":"WebSite","@id":"https:\/\/www.ubishops.ca\/#website","url":"https:\/\/www.ubishops.ca\/","name":"Bishop&#039;s University","description":"","potentialAction":[{"@type":"SearchAction","target":{"@type":"EntryPoint","urlTemplate":"https:\/\/www.ubishops.ca\/?s={search_term_string}"},"query-input":{"@type":"PropertyValueSpecification","valueRequired":true,"valueName":"search_term_string"}}],"inLanguage":"fr-FR"}]}},"taxonomy_info":[],"featured_image_src_large":false,"author_info":{"display_name":"Juliette Welch","author_link":"https:\/\/www.ubishops.ca\/fr\/author\/jwelch\/"},"comment_info":0,"publishpress_future_action":{"enabled":false,"date":"2026-04-15 18:24:59","action":"change-status","newStatus":"draft","terms":[],"taxonomy":"translation_priority","extraData":[]},"publishpress_future_workflow_manual_trigger":{"enabledWorkflows":[]},"_links":{"self":[{"href":"https:\/\/www.ubishops.ca\/fr\/wp-json\/wp\/v2\/pages\/130496","targetHints":{"allow":["GET"]}}],"collection":[{"href":"https:\/\/www.ubishops.ca\/fr\/wp-json\/wp\/v2\/pages"}],"about":[{"href":"https:\/\/www.ubishops.ca\/fr\/wp-json\/wp\/v2\/types\/page"}],"author":[{"embeddable":true,"href":"https:\/\/www.ubishops.ca\/fr\/wp-json\/wp\/v2\/users\/62"}],"replies":[{"embeddable":true,"href":"https:\/\/www.ubishops.ca\/fr\/wp-json\/wp\/v2\/comments?post=130496"}],"version-history":[{"count":1,"href":"https:\/\/www.ubishops.ca\/fr\/wp-json\/wp\/v2\/pages\/130496\/revisions"}],"predecessor-version":[{"id":130498,"href":"https:\/\/www.ubishops.ca\/fr\/wp-json\/wp\/v2\/pages\/130496\/revisions\/130498"}],"up":[{"embeddable":true,"href":"https:\/\/www.ubishops.ca\/fr\/wp-json\/wp\/v2\/pages\/96950"}],"wp:attachment":[{"href":"https:\/\/www.ubishops.ca\/fr\/wp-json\/wp\/v2\/media?parent=130496"}],"curies":[{"name":"wp","href":"https:\/\/api.w.org\/{rel}","templated":true}]}}