{"id":129287,"date":"2025-11-27T09:43:45","date_gmt":"2025-11-27T14:43:45","guid":{"rendered":"https:\/\/www.ubishops.ca\/futurs-etudiants\/questions-financieres\/aide-financiere\/aide-gouvernementale\/ontario-government-student-aid-osap\/"},"modified":"2025-11-27T10:01:43","modified_gmt":"2025-11-27T15:01:43","slug":"aide-financiere-gouvernement-ontario-rafeo","status":"publish","type":"page","link":"https:\/\/www.ubishops.ca\/fr\/futurs-etudiants\/questions-financieres\/aide-financiere\/aide-gouvernementale\/aide-financiere-gouvernement-ontario-rafeo\/","title":{"rendered":"Aide financi\u00e8re du gouvernement de l\u2019Ontario (RAFEO)"},"content":{"rendered":"\n<p>Le <strong>R\u00e9gime d\u2019aide financi\u00e8re aux \u00e9tudiantes et \u00e9tudiants de l\u2019Ontario (RAFEO)<\/strong> offre des pr\u00eats et des bourses pour aider \u00e0 couvrir les frais d\u2019\u00e9tudes postsecondaires, et le financement est <strong>enti\u00e8rement transf\u00e9rable \u00e0 l\u2019Universit\u00e9 Bishop\u2019s<\/strong>.<\/p>\n\n\n\n<p>Oui \u2014 une personne \u00e9tudiante qui est r\u00e9sidente de l\u2019Ontario et qui fr\u00e9quente Bishop\u2019s peut recevoir du soutien par RAFEO si elle r\u00e9pond aux crit\u00e8res d\u2019admissibilit\u00e9 du programme.<\/p>\n\n\n<style>.wp-block-kadence-advancedheading.kt-adv-heading129287_97bb08-2a, .wp-block-kadence-advancedheading.kt-adv-heading129287_97bb08-2a[data-kb-block=\"kb-adv-heading129287_97bb08-2a\"]{font-style:normal;}.wp-block-kadence-advancedheading.kt-adv-heading129287_97bb08-2a mark.kt-highlight, .wp-block-kadence-advancedheading.kt-adv-heading129287_97bb08-2a[data-kb-block=\"kb-adv-heading129287_97bb08-2a\"] mark.kt-highlight{font-style:normal;color:#f76a0c;-webkit-box-decoration-break:clone;box-decoration-break:clone;padding-top:0px;padding-right:0px;padding-bottom:0px;padding-left:0px;}.wp-block-kadence-advancedheading.kt-adv-heading129287_97bb08-2a img.kb-inline-image, .wp-block-kadence-advancedheading.kt-adv-heading129287_97bb08-2a[data-kb-block=\"kb-adv-heading129287_97bb08-2a\"] img.kb-inline-image{width:150px;vertical-align:baseline;}<\/style>\n<h2 class=\"kt-adv-heading129287_97bb08-2a wp-block-kadence-advancedheading\" data-kb-block=\"kb-adv-heading129287_97bb08-2a\">Comment faire une demande<\/h2>\n\n\n\n<ul class=\"wp-block-list\">\n<li>Remplissez la demande en ligne sur le <a href=\"https:\/\/www.ontario.ca\/fr\/page\/rafeo-regime-daide-financiere-aux-etudiantes-et-etudiants-de-lontario\"><strong>site web d\u2019RAFEO<\/strong><\/a>.<\/li>\n\n\n\n<li>Pour les d\u00e9tails propres aux personnes \u00e9tudiantes qui poursuivent leurs \u00e9tudes \u00e0 l\u2019ext\u00e9rieur de l\u2019Ontario, consultez la <a href=\"https:\/\/osap.gov.on.ca\/dc\/PRD003423\"><strong>page de contact RAFEO pour les \u00e9tudes hors province<\/strong><\/a>.<\/li>\n<\/ul>\n\n\n<style>.wp-block-kadence-advancedheading.kt-adv-heading129287_10ed00-5e, .wp-block-kadence-advancedheading.kt-adv-heading129287_10ed00-5e[data-kb-block=\"kb-adv-heading129287_10ed00-5e\"]{font-style:normal;}.wp-block-kadence-advancedheading.kt-adv-heading129287_10ed00-5e mark.kt-highlight, .wp-block-kadence-advancedheading.kt-adv-heading129287_10ed00-5e[data-kb-block=\"kb-adv-heading129287_10ed00-5e\"] mark.kt-highlight{font-style:normal;color:#f76a0c;-webkit-box-decoration-break:clone;box-decoration-break:clone;padding-top:0px;padding-right:0px;padding-bottom:0px;padding-left:0px;}.wp-block-kadence-advancedheading.kt-adv-heading129287_10ed00-5e img.kb-inline-image, .wp-block-kadence-advancedheading.kt-adv-heading129287_10ed00-5e[data-kb-block=\"kb-adv-heading129287_10ed00-5e\"] img.kb-inline-image{width:150px;vertical-align:baseline;}<\/style>\n<h3 class=\"kt-adv-heading129287_10ed00-5e wp-block-kadence-advancedheading\" data-kb-block=\"kb-adv-heading129287_10ed00-5e\">Modifier une demande apr\u00e8s l\u2019avoir soumise<\/h3>\n\n\n\n<p>Si vous devez mettre \u00e0 jour des renseignements apr\u00e8s avoir soumis votre demande RAFEO, vous devez suivre les instructions indiqu\u00e9es sur la <a href=\"https:\/\/osap.gov.on.ca\/dc\/PRD003423\"><strong>page de contact RAFEO pour les \u00e9tudes hors province<\/strong><\/a>. Le portail RAFEO peut indiquer que la personne \u00e9tudiante doit communiquer avec son \u00e9tablissement, mais cela <strong>ne s\u2019applique pas aux personnes \u00e9tudiantes de Bishop\u2019s<\/strong> \u2014 toutes les modifications doivent \u00eatre effectu\u00e9es directement aupr\u00e8s de RAFEO.<\/p>\n\n\n<style>.wp-block-kadence-advancedheading.kt-adv-heading129287_d9dceb-75, .wp-block-kadence-advancedheading.kt-adv-heading129287_d9dceb-75[data-kb-block=\"kb-adv-heading129287_d9dceb-75\"]{font-style:normal;}.wp-block-kadence-advancedheading.kt-adv-heading129287_d9dceb-75 mark.kt-highlight, .wp-block-kadence-advancedheading.kt-adv-heading129287_d9dceb-75[data-kb-block=\"kb-adv-heading129287_d9dceb-75\"] mark.kt-highlight{font-style:normal;color:#f76a0c;-webkit-box-decoration-break:clone;box-decoration-break:clone;padding-top:0px;padding-right:0px;padding-bottom:0px;padding-left:0px;}.wp-block-kadence-advancedheading.kt-adv-heading129287_d9dceb-75 img.kb-inline-image, .wp-block-kadence-advancedheading.kt-adv-heading129287_d9dceb-75[data-kb-block=\"kb-adv-heading129287_d9dceb-75\"] img.kb-inline-image{width:150px;vertical-align:baseline;}<\/style>\n<h3 class=\"kt-adv-heading129287_d9dceb-75 wp-block-kadence-advancedheading\" data-kb-block=\"kb-adv-heading129287_d9dceb-75\">Code d\u2019\u00e9tablissement<\/h3>\n\n\n\n<p>Lors de la demande, utiliser le code d\u2019\u00e9tablissement RAFEO de l\u2019Universit\u00e9 Bishop\u2019s : <strong>FUAA<\/strong>.<\/p>\n\n\n<style>.wp-block-kadence-advancedheading.kt-adv-heading129287_8abd18-ed, .wp-block-kadence-advancedheading.kt-adv-heading129287_8abd18-ed[data-kb-block=\"kb-adv-heading129287_8abd18-ed\"]{font-style:normal;}.wp-block-kadence-advancedheading.kt-adv-heading129287_8abd18-ed mark.kt-highlight, .wp-block-kadence-advancedheading.kt-adv-heading129287_8abd18-ed[data-kb-block=\"kb-adv-heading129287_8abd18-ed\"] mark.kt-highlight{font-style:normal;color:#f76a0c;-webkit-box-decoration-break:clone;box-decoration-break:clone;padding-top:0px;padding-right:0px;padding-bottom:0px;padding-left:0px;}.wp-block-kadence-advancedheading.kt-adv-heading129287_8abd18-ed img.kb-inline-image, .wp-block-kadence-advancedheading.kt-adv-heading129287_8abd18-ed[data-kb-block=\"kb-adv-heading129287_8abd18-ed\"] img.kb-inline-image{width:150px;vertical-align:baseline;}<\/style>\n<h3 class=\"kt-adv-heading129287_8abd18-ed wp-block-kadence-advancedheading\" data-kb-block=\"kb-adv-heading129287_8abd18-ed\">Planifiez-vous des cours au printemps?<\/h3>\n\n\n\n<p>Si vous suivez des cours au trimestre de printemps et pr\u00e9voyez demander de l\u2019aide financi\u00e8re par RAFEO pour financer ces \u00e9tudes, veuillez <a href=\"https:\/\/www.ubishops.ca\/fr\/futurs-etudiants\/questions-financieres\/droits-de-scolarite-et-frais-afferents\/nous-joindre\/\"><strong>nous contacter<\/strong><\/a> afin de confirmer les d\u00e9marches \u00e0 suivre pour votre demande.<\/p>\n\n\n<style>.wp-block-kadence-advancedheading.kt-adv-heading129287_840ec9-1a, .wp-block-kadence-advancedheading.kt-adv-heading129287_840ec9-1a[data-kb-block=\"kb-adv-heading129287_840ec9-1a\"]{font-style:normal;}.wp-block-kadence-advancedheading.kt-adv-heading129287_840ec9-1a mark.kt-highlight, .wp-block-kadence-advancedheading.kt-adv-heading129287_840ec9-1a[data-kb-block=\"kb-adv-heading129287_840ec9-1a\"] mark.kt-highlight{font-style:normal;color:#f76a0c;-webkit-box-decoration-break:clone;box-decoration-break:clone;padding-top:0px;padding-right:0px;padding-bottom:0px;padding-left:0px;}.wp-block-kadence-advancedheading.kt-adv-heading129287_840ec9-1a img.kb-inline-image, .wp-block-kadence-advancedheading.kt-adv-heading129287_840ec9-1a[data-kb-block=\"kb-adv-heading129287_840ec9-1a\"] img.kb-inline-image{width:150px;vertical-align:baseline;}<\/style>\n<h2 class=\"kt-adv-heading129287_840ec9-1a wp-block-kadence-advancedheading\" data-kb-block=\"kb-adv-heading129287_840ec9-1a\">Charge de cr\u00e9dits et pourcentage du statut \u00e0 temps plein (trimestres d\u2019automne et d\u2019hiver)<\/h2>\n\n\n\n<p><strong><strong>\u00c9tudes de premier cycle<\/strong><\/strong><\/p>\n\n\n\n<p>Seuils de cr\u00e9dits par trimestre :<\/p>\n\n\n\n<ul class=\"wp-block-list\">\n<li>3 cr\u00e9dits \u2192 20 % du temps plein<\/li>\n\n\n\n<li>6 cr\u00e9dits \u2192 40 % du temps plein<\/li>\n\n\n\n<li>9 cr\u00e9dits \u2192 60 % du temps plein<\/li>\n\n\n\n<li>12 cr\u00e9dits \u2192 80 % du temps plein<\/li>\n\n\n\n<li>15 cr\u00e9dits \u2192 100 % du temps plein<\/li>\n<\/ul>\n\n\n\n<p>Les personnes \u00e9tudiantes reconnues par RAFEO comme ayant une invalidit\u00e9 sont consid\u00e9r\u00e9es \u00e0 temps plein avec 6 cr\u00e9dits (40 %). Pour plus de d\u00e9tails, consulter la section <a href=\"https:\/\/www.ontario.ca\/fr\/page\/le-rafeo-pour-les-apprenants-sous-representes#section-3\"><strong>Personnes \u00e9tudiantes en situation de handicap<\/strong><\/a> sur le site d\u2019RAFEO.<\/p>\n\n\n\n<p><strong><strong>Programmes de ma\u00eetrise avec cours<\/strong><\/strong><\/p>\n\n\n\n<p>Seuil de cr\u00e9dits par trimestre :<\/p>\n\n\n\n<ul class=\"wp-block-list\">\n<li>9 cr\u00e9dits \u2192 100 % du temps plein<\/li>\n<\/ul>\n\n\n\n<p><strong><strong>Programmes de ma\u00eetrise avec m\u00e9moire et doctorat<\/strong><\/strong><\/p>\n\n\n\n<ul class=\"wp-block-list\">\n<li>La personne \u00e9tudiante est consid\u00e9r\u00e9e \u00e0 temps plein pour chaque trimestre o\u00f9 elle est inscrite pendant la dur\u00e9e normale du programme.<\/li>\n\n\n\n<li>Si la personne \u00e9tudiante prolonge la dur\u00e9e du programme et entre en phase de maintien du m\u00e9moire (ou \u00ab m\u00e9moire en attente \u00bb), elle n\u2019est plus admissible au financement RAFEO<\/li>\n<\/ul>\n","protected":false},"excerpt":{"rendered":"<p>Le R\u00e9gime d\u2019aide financi\u00e8re aux \u00e9tudiantes et \u00e9tudiants de l\u2019Ontario (RAFEO) offre des pr\u00eats et des bourses pour aider \u00e0 couvrir les frais d\u2019\u00e9tudes postsecondaires, et le financement est enti\u00e8rement transf\u00e9rable \u00e0 l\u2019Universit\u00e9 Bishop\u2019s. Oui \u2014 une personne \u00e9tudiante qui est r\u00e9sidente de l\u2019Ontario et qui fr\u00e9quente Bishop\u2019s peut recevoir du soutien par RAFEO si&#8230;<\/p>\n","protected":false},"author":49,"featured_media":0,"parent":112503,"menu_order":2,"comment_status":"closed","ping_status":"closed","template":"","meta":{"_acf_changed":false,"_cbd_carousel_blocks":"[]","_kad_blocks_custom_css":"","_kad_blocks_head_custom_js":"","_kad_blocks_body_custom_js":"","_kad_blocks_footer_custom_js":"","_kad_post_transparent":"","_kad_post_title":"","_kad_post_layout":"","_kad_post_sidebar_id":"","_kad_post_content_style":"","_kad_post_vertical_padding":"","_kad_post_feature":"","_kad_post_feature_position":"","_kad_post_header":false,"_kad_post_footer":false,"_kad_post_classname":"","footnotes":""},"class_list":["post-129287","page","type-page","status-publish","hentry"],"acf":[],"yoast_head":"<!-- This site is optimized with the Yoast SEO plugin v27.2 - https:\/\/yoast.com\/product\/yoast-seo-wordpress\/ -->\n<title>Aide financi\u00e8re du gouvernement de l\u2019Ontario (RAFEO) - Bishop&#039;s University<\/title>\n<meta name=\"robots\" content=\"index, follow, max-snippet:-1, max-image-preview:large, max-video-preview:-1\" \/>\n<link rel=\"canonical\" href=\"https:\/\/www.ubishops.ca\/fr\/futurs-etudiants\/questions-financieres\/aide-financiere\/aide-gouvernementale\/aide-financiere-gouvernement-ontario-rafeo\/\" \/>\n<meta property=\"og:locale\" content=\"fr_FR\" \/>\n<meta property=\"og:type\" content=\"article\" \/>\n<meta property=\"og:title\" content=\"Aide financi\u00e8re du gouvernement de l\u2019Ontario (RAFEO) - Bishop&#039;s University\" \/>\n<meta property=\"og:description\" content=\"Le R\u00e9gime d\u2019aide financi\u00e8re aux \u00e9tudiantes et \u00e9tudiants de l\u2019Ontario (RAFEO) offre des pr\u00eats et des bourses pour aider \u00e0 couvrir les frais d\u2019\u00e9tudes postsecondaires, et le financement est enti\u00e8rement transf\u00e9rable \u00e0 l\u2019Universit\u00e9 Bishop\u2019s. Oui \u2014 une personne \u00e9tudiante qui est r\u00e9sidente de l\u2019Ontario et qui fr\u00e9quente Bishop\u2019s peut recevoir du soutien par RAFEO si...\" \/>\n<meta property=\"og:url\" content=\"https:\/\/www.ubishops.ca\/fr\/futurs-etudiants\/questions-financieres\/aide-financiere\/aide-gouvernementale\/aide-financiere-gouvernement-ontario-rafeo\/\" \/>\n<meta property=\"og:site_name\" content=\"Bishop&#039;s University\" \/>\n<meta property=\"article:publisher\" content=\"https:\/\/www.facebook.com\/ubishops\" \/>\n<meta property=\"article:modified_time\" content=\"2025-11-27T15:01:43+00:00\" \/>\n<meta name=\"twitter:card\" content=\"summary_large_image\" \/>\n<meta name=\"twitter:site\" content=\"@ubishops\" \/>\n<meta name=\"twitter:label1\" content=\"Dur\u00e9e de lecture estim\u00e9e\" \/>\n\t<meta name=\"twitter:data1\" content=\"2 minutes\" \/>\n<script type=\"application\/ld+json\" class=\"yoast-schema-graph\">{\"@context\":\"https:\/\/schema.org\",\"@graph\":[{\"@type\":\"WebPage\",\"@id\":\"https:\/\/www.ubishops.ca\/fr\/futurs-etudiants\/questions-financieres\/aide-financiere\/aide-gouvernementale\/aide-financiere-gouvernement-ontario-rafeo\/\",\"url\":\"https:\/\/www.ubishops.ca\/fr\/futurs-etudiants\/questions-financieres\/aide-financiere\/aide-gouvernementale\/aide-financiere-gouvernement-ontario-rafeo\/\",\"name\":\"Aide financi\u00e8re du gouvernement de l\u2019Ontario (RAFEO) - Bishop&#039;s University\",\"isPartOf\":{\"@id\":\"https:\/\/www.ubishops.ca\/#website\"},\"datePublished\":\"2025-11-27T14:43:45+00:00\",\"dateModified\":\"2025-11-27T15:01:43+00:00\",\"breadcrumb\":{\"@id\":\"https:\/\/www.ubishops.ca\/fr\/futurs-etudiants\/questions-financieres\/aide-financiere\/aide-gouvernementale\/aide-financiere-gouvernement-ontario-rafeo\/#breadcrumb\"},\"inLanguage\":\"fr-FR\",\"potentialAction\":[{\"@type\":\"ReadAction\",\"target\":[\"https:\/\/www.ubishops.ca\/fr\/futurs-etudiants\/questions-financieres\/aide-financiere\/aide-gouvernementale\/aide-financiere-gouvernement-ontario-rafeo\/\"]}]},{\"@type\":\"BreadcrumbList\",\"@id\":\"https:\/\/www.ubishops.ca\/fr\/futurs-etudiants\/questions-financieres\/aide-financiere\/aide-gouvernementale\/aide-financiere-gouvernement-ontario-rafeo\/#breadcrumb\",\"itemListElement\":[{\"@type\":\"ListItem\",\"position\":1,\"name\":\"Accueil\",\"item\":\"https:\/\/www.ubishops.ca\/fr\/\"},{\"@type\":\"ListItem\",\"position\":2,\"name\":\"Futurs \u00e9tudiants\",\"item\":\"https:\/\/www.ubishops.ca\/fr\/futurs-etudiants\/\"},{\"@type\":\"ListItem\",\"position\":3,\"name\":\"Questions financi\u00e8res\",\"item\":\"https:\/\/www.ubishops.ca\/fr\/futurs-etudiants\/questions-financieres\/\"},{\"@type\":\"ListItem\",\"position\":4,\"name\":\"Aide financi\u00e8re\",\"item\":\"https:\/\/www.ubishops.ca\/fr\/futurs-etudiants\/questions-financieres\/aide-financiere\/\"},{\"@type\":\"ListItem\",\"position\":5,\"name\":\"Aide gouvernementale\",\"item\":\"https:\/\/www.ubishops.ca\/fr\/futurs-etudiants\/questions-financieres\/aide-financiere\/aide-gouvernementale\/\"},{\"@type\":\"ListItem\",\"position\":6,\"name\":\"Aide financi\u00e8re du gouvernement de l\u2019Ontario (RAFEO)\"}]},{\"@type\":\"WebSite\",\"@id\":\"https:\/\/www.ubishops.ca\/#website\",\"url\":\"https:\/\/www.ubishops.ca\/\",\"name\":\"Bishop&#039;s University\",\"description\":\"\",\"potentialAction\":[{\"@type\":\"SearchAction\",\"target\":{\"@type\":\"EntryPoint\",\"urlTemplate\":\"https:\/\/www.ubishops.ca\/?s={search_term_string}\"},\"query-input\":{\"@type\":\"PropertyValueSpecification\",\"valueRequired\":true,\"valueName\":\"search_term_string\"}}],\"inLanguage\":\"fr-FR\"}]}<\/script>\n<!-- \/ Yoast SEO plugin. -->","yoast_head_json":{"title":"Aide financi\u00e8re du gouvernement de l\u2019Ontario (RAFEO) - Bishop&#039;s University","robots":{"index":"index","follow":"follow","max-snippet":"max-snippet:-1","max-image-preview":"max-image-preview:large","max-video-preview":"max-video-preview:-1"},"canonical":"https:\/\/www.ubishops.ca\/fr\/futurs-etudiants\/questions-financieres\/aide-financiere\/aide-gouvernementale\/aide-financiere-gouvernement-ontario-rafeo\/","og_locale":"fr_FR","og_type":"article","og_title":"Aide financi\u00e8re du gouvernement de l\u2019Ontario (RAFEO) - Bishop&#039;s University","og_description":"Le R\u00e9gime d\u2019aide financi\u00e8re aux \u00e9tudiantes et \u00e9tudiants de l\u2019Ontario (RAFEO) offre des pr\u00eats et des bourses pour aider \u00e0 couvrir les frais d\u2019\u00e9tudes postsecondaires, et le financement est enti\u00e8rement transf\u00e9rable \u00e0 l\u2019Universit\u00e9 Bishop\u2019s. Oui \u2014 une personne \u00e9tudiante qui est r\u00e9sidente de l\u2019Ontario et qui fr\u00e9quente Bishop\u2019s peut recevoir du soutien par RAFEO si...","og_url":"https:\/\/www.ubishops.ca\/fr\/futurs-etudiants\/questions-financieres\/aide-financiere\/aide-gouvernementale\/aide-financiere-gouvernement-ontario-rafeo\/","og_site_name":"Bishop&#039;s University","article_publisher":"https:\/\/www.facebook.com\/ubishops","article_modified_time":"2025-11-27T15:01:43+00:00","twitter_card":"summary_large_image","twitter_site":"@ubishops","twitter_misc":{"Dur\u00e9e de lecture estim\u00e9e":"2 minutes"},"schema":{"@context":"https:\/\/schema.org","@graph":[{"@type":"WebPage","@id":"https:\/\/www.ubishops.ca\/fr\/futurs-etudiants\/questions-financieres\/aide-financiere\/aide-gouvernementale\/aide-financiere-gouvernement-ontario-rafeo\/","url":"https:\/\/www.ubishops.ca\/fr\/futurs-etudiants\/questions-financieres\/aide-financiere\/aide-gouvernementale\/aide-financiere-gouvernement-ontario-rafeo\/","name":"Aide financi\u00e8re du gouvernement de l\u2019Ontario (RAFEO) - Bishop&#039;s University","isPartOf":{"@id":"https:\/\/www.ubishops.ca\/#website"},"datePublished":"2025-11-27T14:43:45+00:00","dateModified":"2025-11-27T15:01:43+00:00","breadcrumb":{"@id":"https:\/\/www.ubishops.ca\/fr\/futurs-etudiants\/questions-financieres\/aide-financiere\/aide-gouvernementale\/aide-financiere-gouvernement-ontario-rafeo\/#breadcrumb"},"inLanguage":"fr-FR","potentialAction":[{"@type":"ReadAction","target":["https:\/\/www.ubishops.ca\/fr\/futurs-etudiants\/questions-financieres\/aide-financiere\/aide-gouvernementale\/aide-financiere-gouvernement-ontario-rafeo\/"]}]},{"@type":"BreadcrumbList","@id":"https:\/\/www.ubishops.ca\/fr\/futurs-etudiants\/questions-financieres\/aide-financiere\/aide-gouvernementale\/aide-financiere-gouvernement-ontario-rafeo\/#breadcrumb","itemListElement":[{"@type":"ListItem","position":1,"name":"Accueil","item":"https:\/\/www.ubishops.ca\/fr\/"},{"@type":"ListItem","position":2,"name":"Futurs \u00e9tudiants","item":"https:\/\/www.ubishops.ca\/fr\/futurs-etudiants\/"},{"@type":"ListItem","position":3,"name":"Questions financi\u00e8res","item":"https:\/\/www.ubishops.ca\/fr\/futurs-etudiants\/questions-financieres\/"},{"@type":"ListItem","position":4,"name":"Aide financi\u00e8re","item":"https:\/\/www.ubishops.ca\/fr\/futurs-etudiants\/questions-financieres\/aide-financiere\/"},{"@type":"ListItem","position":5,"name":"Aide gouvernementale","item":"https:\/\/www.ubishops.ca\/fr\/futurs-etudiants\/questions-financieres\/aide-financiere\/aide-gouvernementale\/"},{"@type":"ListItem","position":6,"name":"Aide financi\u00e8re du gouvernement de l\u2019Ontario (RAFEO)"}]},{"@type":"WebSite","@id":"https:\/\/www.ubishops.ca\/#website","url":"https:\/\/www.ubishops.ca\/","name":"Bishop&#039;s University","description":"","potentialAction":[{"@type":"SearchAction","target":{"@type":"EntryPoint","urlTemplate":"https:\/\/www.ubishops.ca\/?s={search_term_string}"},"query-input":{"@type":"PropertyValueSpecification","valueRequired":true,"valueName":"search_term_string"}}],"inLanguage":"fr-FR"}]}},"taxonomy_info":[],"featured_image_src_large":false,"author_info":{"display_name":"Julie Fradette","author_link":"https:\/\/www.ubishops.ca\/fr\/author\/jfradett\/"},"comment_info":0,"publishpress_future_action":{"enabled":false,"date":"2026-04-15 13:20:35","action":"change-status","newStatus":"draft","terms":[],"taxonomy":"translation_priority","extraData":[]},"publishpress_future_workflow_manual_trigger":{"enabledWorkflows":[]},"_links":{"self":[{"href":"https:\/\/www.ubishops.ca\/fr\/wp-json\/wp\/v2\/pages\/129287","targetHints":{"allow":["GET"]}}],"collection":[{"href":"https:\/\/www.ubishops.ca\/fr\/wp-json\/wp\/v2\/pages"}],"about":[{"href":"https:\/\/www.ubishops.ca\/fr\/wp-json\/wp\/v2\/types\/page"}],"author":[{"embeddable":true,"href":"https:\/\/www.ubishops.ca\/fr\/wp-json\/wp\/v2\/users\/49"}],"replies":[{"embeddable":true,"href":"https:\/\/www.ubishops.ca\/fr\/wp-json\/wp\/v2\/comments?post=129287"}],"version-history":[{"count":2,"href":"https:\/\/www.ubishops.ca\/fr\/wp-json\/wp\/v2\/pages\/129287\/revisions"}],"predecessor-version":[{"id":129290,"href":"https:\/\/www.ubishops.ca\/fr\/wp-json\/wp\/v2\/pages\/129287\/revisions\/129290"}],"up":[{"embeddable":true,"href":"https:\/\/www.ubishops.ca\/fr\/wp-json\/wp\/v2\/pages\/112503"}],"wp:attachment":[{"href":"https:\/\/www.ubishops.ca\/fr\/wp-json\/wp\/v2\/media?parent=129287"}],"curies":[{"name":"wp","href":"https:\/\/api.w.org\/{rel}","templated":true}]}}