{"id":128891,"date":"2025-10-07T13:51:24","date_gmt":"2025-10-07T17:51:24","guid":{"rendered":"https:\/\/www.ubishops.ca\/futurs-etudiants\/questions-financieres\/droits-de-scolarite-et-frais-afferents\/tuition-payment-deadlines\/"},"modified":"2025-11-21T10:32:18","modified_gmt":"2025-11-21T15:32:18","slug":"dates-limites-paiement-droits-scolarite","status":"publish","type":"page","link":"https:\/\/www.ubishops.ca\/fr\/futurs-etudiants\/questions-financieres\/droits-de-scolarite-et-frais-afferents\/dates-limites-paiement-droits-scolarite\/","title":{"rendered":"Dates limites de paiement des droits de scolarit\u00e9"},"content":{"rendered":"<style>.wp-block-kadence-advancedheading.kt-adv-heading128891_e4b547-0e, .wp-block-kadence-advancedheading.kt-adv-heading128891_e4b547-0e[data-kb-block=\"kb-adv-heading128891_e4b547-0e\"]{font-style:normal;}.wp-block-kadence-advancedheading.kt-adv-heading128891_e4b547-0e mark.kt-highlight, .wp-block-kadence-advancedheading.kt-adv-heading128891_e4b547-0e[data-kb-block=\"kb-adv-heading128891_e4b547-0e\"] mark.kt-highlight{font-style:normal;color:#f76a0c;-webkit-box-decoration-break:clone;box-decoration-break:clone;padding-top:0px;padding-right:0px;padding-bottom:0px;padding-left:0px;}.wp-block-kadence-advancedheading.kt-adv-heading128891_e4b547-0e img.kb-inline-image, .wp-block-kadence-advancedheading.kt-adv-heading128891_e4b547-0e[data-kb-block=\"kb-adv-heading128891_e4b547-0e\"] img.kb-inline-image{width:150px;vertical-align:baseline;}<\/style>\n<h2 class=\"kt-adv-heading128891_e4b547-0e wp-block-kadence-advancedheading\" data-kb-block=\"kb-adv-heading128891_e4b547-0e\">Date limite de paiement des frais<\/h2>\n\n\n\n<p>Toutes les personnes inscrites \u00e0 l\u2019Universit\u00e9 Bishop\u2019s doivent acquitter leurs droits de scolarit\u00e9 et frais \u00e9tudiants chaque trimestre avant les dates limites indiqu\u00e9es ci-dessous. Les paiements doivent \u00eatre re\u00e7us et trait\u00e9s au plus tard \u00e0 la date indiqu\u00e9e. Afin d\u2019\u00e9viter des frais de retard et des int\u00e9r\u00eats, il est recommand\u00e9 d\u2019effectuer le paiement au moins cinq jours ouvrables avant la date limite applicable.<\/p>\n\n\n<style>.wp-block-kadence-advancedheading.kt-adv-heading128891_18b975-2a, .wp-block-kadence-advancedheading.kt-adv-heading128891_18b975-2a[data-kb-block=\"kb-adv-heading128891_18b975-2a\"]{margin-bottom:var(--global-kb-spacing-xs, 1rem);font-style:normal;}.wp-block-kadence-advancedheading.kt-adv-heading128891_18b975-2a mark.kt-highlight, .wp-block-kadence-advancedheading.kt-adv-heading128891_18b975-2a[data-kb-block=\"kb-adv-heading128891_18b975-2a\"] mark.kt-highlight{font-style:normal;color:#f76a0c;-webkit-box-decoration-break:clone;box-decoration-break:clone;padding-top:0px;padding-right:0px;padding-bottom:0px;padding-left:0px;}.wp-block-kadence-advancedheading.kt-adv-heading128891_18b975-2a img.kb-inline-image, .wp-block-kadence-advancedheading.kt-adv-heading128891_18b975-2a[data-kb-block=\"kb-adv-heading128891_18b975-2a\"] img.kb-inline-image{width:150px;vertical-align:baseline;}<\/style>\n<p class=\"kt-adv-heading128891_18b975-2a wp-block-kadence-advancedheading\" data-kb-block=\"kb-adv-heading128891_18b975-2a\"><strong><strong>Dates limites :<\/strong><\/strong><\/p>\n\n\n\n<ul class=\"wp-block-list\">\n<li><strong>Trimestre d\u2019hiver :<\/strong> 31 janvier<\/li>\n\n\n\n<li><strong>Trimestre de printemps :<\/strong> 31 mai<\/li>\n\n\n\n<li><strong>Trimestre d\u2019automne :<\/strong> 30 septembre<\/li>\n<\/ul>\n\n\n<style>.wp-block-kadence-advancedheading.kt-adv-heading128891_37f977-54, .wp-block-kadence-advancedheading.kt-adv-heading128891_37f977-54[data-kb-block=\"kb-adv-heading128891_37f977-54\"]{font-style:normal;}.wp-block-kadence-advancedheading.kt-adv-heading128891_37f977-54 mark.kt-highlight, .wp-block-kadence-advancedheading.kt-adv-heading128891_37f977-54[data-kb-block=\"kb-adv-heading128891_37f977-54\"] mark.kt-highlight{font-style:normal;color:#f76a0c;-webkit-box-decoration-break:clone;box-decoration-break:clone;padding-top:0px;padding-right:0px;padding-bottom:0px;padding-left:0px;}.wp-block-kadence-advancedheading.kt-adv-heading128891_37f977-54 img.kb-inline-image, .wp-block-kadence-advancedheading.kt-adv-heading128891_37f977-54[data-kb-block=\"kb-adv-heading128891_37f977-54\"] img.kb-inline-image{width:150px;vertical-align:baseline;}<\/style>\n<h2 class=\"kt-adv-heading128891_37f977-54 wp-block-kadence-advancedheading\" data-kb-block=\"kb-adv-heading128891_37f977-54\">Frais en cas de paiement tardif<\/h2>\n\n\n\n<p>Si le paiement complet du solde d\u00fb n\u2019est pas re\u00e7u avant la date limite, <strong>des frais de retard de 65 $ seront ajout\u00e9s au dossier<\/strong> dans les jours suivant l\u2019\u00e9ch\u00e9ance. De plus, des frais d\u2019int\u00e9r\u00eat mensuels seront appliqu\u00e9s sur les soldes impay\u00e9s \u00e0 la fin de chaque mois. <strong>Le taux d\u2019int\u00e9r\u00eat est de 15 % par ann\u00e9e (1,25 % par mois).<\/strong><\/p>\n\n\n<style>.kb-row-layout-wrap.wp-block-kadence-rowlayout.kb-row-layout-id128891_edfee2-e6{margin-top:0px;}.kb-row-layout-id128891_edfee2-e6 > .kt-row-column-wrap{align-content:start;}:where(.kb-row-layout-id128891_edfee2-e6 > .kt-row-column-wrap) > .wp-block-kadence-column{justify-content:start;}.kb-row-layout-id128891_edfee2-e6 > .kt-row-column-wrap{column-gap:var(--global-kb-gap-md, 2rem);row-gap:var(--global-kb-gap-md, 2rem);padding-top:0px;padding-right:var(--global-kb-spacing-sm, 1.5rem);padding-bottom:var(--global-kb-spacing-sm, 1.5rem);padding-left:var(--global-kb-spacing-sm, 1.5rem);grid-template-columns:minmax(0, 1fr);}.kb-row-layout-id128891_edfee2-e6{border-top:0px solid var(--global-palette9, #ffffff);border-right:0px solid var(--global-palette9, #ffffff);border-bottom:0px solid var(--global-palette9, #ffffff);border-left:0px solid var(--global-palette9, #ffffff);}.kb-row-layout-id128891_edfee2-e6 > .kt-row-layout-overlay{opacity:0.30;}@media all and (max-width: 1024px){.kb-row-layout-id128891_edfee2-e6 > .kt-row-column-wrap{grid-template-columns:minmax(0, 1fr);}}@media all and (max-width: 1024px){.kb-row-layout-id128891_edfee2-e6{border-top:0px solid var(--global-palette9, #ffffff);border-right:0px solid var(--global-palette9, #ffffff);border-bottom:0px solid var(--global-palette9, #ffffff);border-left:0px solid var(--global-palette9, #ffffff);}}@media all and (max-width: 767px){.kb-row-layout-id128891_edfee2-e6 > .kt-row-column-wrap{grid-template-columns:minmax(0, 1fr);}.kb-row-layout-id128891_edfee2-e6{border-top:0px solid var(--global-palette9, #ffffff);border-right:0px solid var(--global-palette9, #ffffff);border-bottom:0px solid var(--global-palette9, #ffffff);border-left:0px solid var(--global-palette9, #ffffff);}}<\/style><div class=\"kb-row-layout-wrap kb-row-layout-id128891_edfee2-e6 alignnone wp-block-kadence-rowlayout\"><div class=\"kt-row-column-wrap kt-has-1-columns kt-row-layout-equal kt-tab-layout-inherit kt-mobile-layout-row kt-row-valign-top\">\n<style>.kadence-column128891_8af20d-3f > .kt-inside-inner-col{padding-top:var(--global-kb-spacing-sm, 1.5rem);padding-right:var(--global-kb-spacing-sm, 1.5rem);padding-bottom:var(--global-kb-spacing-xs, 1rem);padding-left:var(--global-kb-spacing-sm, 1.5rem);}.kadence-column128891_8af20d-3f > .kt-inside-inner-col{border-top:0px solid var(--global-palette4, #2D3748);border-right:0px solid var(--global-palette4, #2D3748);border-bottom:0px solid var(--global-palette4, #2D3748);border-left:6px solid var(--global-palette4, #2D3748);}.kadence-column128891_8af20d-3f > .kt-inside-inner-col,.kadence-column128891_8af20d-3f > .kt-inside-inner-col:before{border-top-left-radius:0px;border-top-right-radius:0px;border-bottom-right-radius:0px;border-bottom-left-radius:0px;}.kadence-column128891_8af20d-3f > .kt-inside-inner-col{column-gap:var(--global-kb-gap-sm, 1rem);}.kadence-column128891_8af20d-3f > .kt-inside-inner-col{flex-direction:column;}.kadence-column128891_8af20d-3f > .kt-inside-inner-col > .aligncenter{width:100%;}.kadence-column128891_8af20d-3f > .kt-inside-inner-col{background-image:linear-gradient(135deg,var(--global-palette8) 0%,var(--global-palette9) 100%);}.kadence-column128891_8af20d-3f > .kt-inside-inner-col:before{opacity:0.3;}.kadence-column128891_8af20d-3f{position:relative;}@media all and (max-width: 1024px){.kadence-column128891_8af20d-3f > .kt-inside-inner-col{border-top:0px solid var(--global-palette4, #2D3748);border-right:0px solid var(--global-palette4, #2D3748);border-bottom:0px solid var(--global-palette4, #2D3748);border-left:6px solid var(--global-palette4, #2D3748);flex-direction:column;justify-content:center;}}@media all and (max-width: 767px){.kadence-column128891_8af20d-3f > .kt-inside-inner-col{border-top:0px solid var(--global-palette4, #2D3748);border-right:0px solid var(--global-palette4, #2D3748);border-bottom:0px solid var(--global-palette4, #2D3748);border-left:6px solid var(--global-palette4, #2D3748);flex-direction:column;justify-content:center;}}<\/style>\n<div class=\"wp-block-kadence-column kadence-column128891_8af20d-3f\"><div class=\"kt-inside-inner-col\"><style>.wp-block-kadence-advancedheading.kt-adv-heading128891_9c47c3-80, .wp-block-kadence-advancedheading.kt-adv-heading128891_9c47c3-80[data-kb-block=\"kb-adv-heading128891_9c47c3-80\"]{font-style:normal;}.wp-block-kadence-advancedheading.kt-adv-heading128891_9c47c3-80[data-kb-block=\"kb-adv-heading128891_9c47c3-80\"]{display:flex;gap:0.25em;align-items:center;}.wp-block-kadence-advancedheading.kt-adv-heading128891_9c47c3-80[data-kb-block=\"kb-adv-heading128891_9c47c3-80\"] .kb-adv-heading-icon svg{width:1em;height:1em;}.wp-block-kadence-advancedheading.kt-adv-heading128891_9c47c3-80[data-kb-block=\"kb-adv-heading128891_9c47c3-80\"] .kb-adv-heading-icon{color:#ffbf00;font-size:30px;padding-right:var(--global-kb-spacing-xxs, 0.5rem);}.wp-block-kadence-advancedheading.kt-adv-heading128891_9c47c3-80[data-kb-block=\"kb-adv-heading128891_9c47c3-80\"]:hover .kb-adv-heading-icon{color:#e6b800;}.wp-block-kadence-advancedheading.kt-adv-heading128891_9c47c3-80 mark.kt-highlight, .wp-block-kadence-advancedheading.kt-adv-heading128891_9c47c3-80[data-kb-block=\"kb-adv-heading128891_9c47c3-80\"] mark.kt-highlight{font-style:normal;color:#f76a0c;-webkit-box-decoration-break:clone;box-decoration-break:clone;padding-top:0px;padding-right:0px;padding-bottom:0px;padding-left:0px;}.wp-block-kadence-advancedheading.kt-adv-heading128891_9c47c3-80 img.kb-inline-image, .wp-block-kadence-advancedheading.kt-adv-heading128891_9c47c3-80[data-kb-block=\"kb-adv-heading128891_9c47c3-80\"] img.kb-inline-image{width:150px;vertical-align:baseline;}<\/style><h3 class=\"kt-adv-heading128891_9c47c3-80 wp-block-kadence-advancedheading kt-adv-heading-has-icon\" data-kb-block=\"kb-adv-heading128891_9c47c3-80\"><span class=\"kb-svg-icon-wrap kb-adv-heading-icon kb-svg-icon-fe_alertTriangle kb-adv-heading-icon-side-left\"><svg viewBox=\"0 0 24 24\"  fill=\"none\" stroke=\"currentColor\" stroke-width=\"2\" stroke-linecap=\"round\" stroke-linejoin=\"round\" xmlns=\"http:\/\/www.w3.org\/2000\/svg\"  aria-hidden=\"true\"><path d=\"M10.29 3.86L1.82 18a2 2 0 0 0 1.71 3h16.94a2 2 0 0 0 1.71-3L13.71 3.86a2 2 0 0 0-3.42 0z\"\/><line x1=\"12\" y1=\"9\" x2=\"12\" y2=\"13\"\/><line x1=\"12\" y1=\"17\" x2=\"12\" y2=\"17\"\/><\/svg><\/span><span class=\"kb-adv-text-inner\">Paiement apr\u00e8s la date limite<\/span><\/h3>\n\n\n<p>Vous effectuez votre paiement peu apr\u00e8s la date limite? Il est possible que les frais de retard de 65 $ ne soient pas encore affich\u00e9s dans votre compte \u2014 toutefois, ils seront ajout\u00e9s sous peu. Afin d\u2019\u00e9viter un solde impay\u00e9 et les cons\u00e9quences qui y sont associ\u00e9es, nous vous recommandons d\u2019ajouter d\u00e8s maintenant les frais de 65 $ \u00e0 votre paiement. Si vous ne les incluez pas, votre compte affichera toujours un montant d\u00fb une fois les frais appliqu\u00e9s.<\/p>\n<\/div><\/div>\n\n<\/div><\/div>\n\n<style>.wp-block-kadence-advancedheading.kt-adv-heading128891_bdd887-dd, .wp-block-kadence-advancedheading.kt-adv-heading128891_bdd887-dd[data-kb-block=\"kb-adv-heading128891_bdd887-dd\"]{font-style:normal;}.wp-block-kadence-advancedheading.kt-adv-heading128891_bdd887-dd mark.kt-highlight, .wp-block-kadence-advancedheading.kt-adv-heading128891_bdd887-dd[data-kb-block=\"kb-adv-heading128891_bdd887-dd\"] mark.kt-highlight{font-style:normal;color:#f76a0c;-webkit-box-decoration-break:clone;box-decoration-break:clone;padding-top:0px;padding-right:0px;padding-bottom:0px;padding-left:0px;}.wp-block-kadence-advancedheading.kt-adv-heading128891_bdd887-dd img.kb-inline-image, .wp-block-kadence-advancedheading.kt-adv-heading128891_bdd887-dd[data-kb-block=\"kb-adv-heading128891_bdd887-dd\"] img.kb-inline-image{width:150px;vertical-align:baseline;}<\/style>\n<h3 class=\"kt-adv-heading128891_bdd887-dd wp-block-kadence-advancedheading\" data-kb-block=\"kb-adv-heading128891_bdd887-dd\">Cons\u00e9quences d\u2019un paiement en retard<\/h3>\n\n\n\n<p>Pour acc\u00e9der \u00e0 l\u2019inscription aux cours, votre compte \u00e9tudiant doit \u00eatre en r\u00e8gle, c\u2019est-\u00e0-dire que tous les frais doivent \u00eatre acquitt\u00e9s en totalit\u00e9. En cas de solde impay\u00e9, vous ne pourrez pas acc\u00e9der aux documents officiels de l\u2019Universit\u00e9, tels que les relev\u00e9s de notes, les r\u00e9sultats finaux ou les attestations d\u2019inscription.<\/p>\n\n\n\n<p>Si vous \u00e9prouvez des difficult\u00e9s financi\u00e8res, veuillez communiquer avec le Bureau des comptes \u00e9tudiants pour discuter de votre situation \u2014 nous sommes l\u00e0 pour vous aider.<\/p>\n\n\n<style>.wp-block-kadence-advancedheading.kt-adv-heading128891_ac6a25-b1, .wp-block-kadence-advancedheading.kt-adv-heading128891_ac6a25-b1[data-kb-block=\"kb-adv-heading128891_ac6a25-b1\"]{font-style:normal;}.wp-block-kadence-advancedheading.kt-adv-heading128891_ac6a25-b1 mark.kt-highlight, .wp-block-kadence-advancedheading.kt-adv-heading128891_ac6a25-b1[data-kb-block=\"kb-adv-heading128891_ac6a25-b1\"] mark.kt-highlight{font-style:normal;color:#f76a0c;-webkit-box-decoration-break:clone;box-decoration-break:clone;padding-top:0px;padding-right:0px;padding-bottom:0px;padding-left:0px;}.wp-block-kadence-advancedheading.kt-adv-heading128891_ac6a25-b1 img.kb-inline-image, .wp-block-kadence-advancedheading.kt-adv-heading128891_ac6a25-b1[data-kb-block=\"kb-adv-heading128891_ac6a25-b1\"] img.kb-inline-image{width:150px;vertical-align:baseline;}<\/style>\n<h2 class=\"kt-adv-heading128891_ac6a25-b1 wp-block-kadence-advancedheading\" data-kb-block=\"kb-adv-heading128891_ac6a25-b1\">Quand les relev\u00e9s de frais sont-ils disponibles ?<\/h2>\n\n\n\n<p>Consultez la page <a href=\"https:\/\/www.ubishops.ca\/fr\/futurs-etudiants\/questions-financieres\/droits-de-scolarite-et-frais-afferents\/\"><strong>Droits de scolarit\u00e9 et frais<\/strong><\/a> pour conna\u00eetre les dates de publication des relev\u00e9s \u00e9tudiants.<\/p>\n","protected":false},"excerpt":{"rendered":"<p>Date limite de paiement des frais Toutes les personnes inscrites \u00e0 l\u2019Universit\u00e9 Bishop\u2019s doivent acquitter leurs droits de scolarit\u00e9 et frais \u00e9tudiants chaque trimestre avant les dates limites indiqu\u00e9es ci-dessous. Les paiements doivent \u00eatre re\u00e7us et trait\u00e9s au plus tard \u00e0 la date indiqu\u00e9e. Afin d\u2019\u00e9viter des frais de retard et des int\u00e9r\u00eats, il est&#8230;<\/p>\n","protected":false},"author":49,"featured_media":0,"parent":10812,"menu_order":237,"comment_status":"closed","ping_status":"closed","template":"","meta":{"_acf_changed":false,"_cbd_carousel_blocks":"[]","_kad_blocks_custom_css":"","_kad_blocks_head_custom_js":"","_kad_blocks_body_custom_js":"","_kad_blocks_footer_custom_js":"","_kad_post_transparent":"","_kad_post_title":"","_kad_post_layout":"","_kad_post_sidebar_id":"","_kad_post_content_style":"","_kad_post_vertical_padding":"","_kad_post_feature":"","_kad_post_feature_position":"","_kad_post_header":false,"_kad_post_footer":false,"_kad_post_classname":"","footnotes":""},"class_list":["post-128891","page","type-page","status-publish","hentry"],"acf":[],"yoast_head":"<!-- This site is optimized with the Yoast SEO plugin v27.2 - https:\/\/yoast.com\/product\/yoast-seo-wordpress\/ -->\n<title>Dates limites de paiement des droits de scolarit\u00e9 - Bishop&#039;s University<\/title>\n<meta name=\"robots\" content=\"index, follow, max-snippet:-1, max-image-preview:large, max-video-preview:-1\" \/>\n<link rel=\"canonical\" href=\"https:\/\/www.ubishops.ca\/fr\/futurs-etudiants\/questions-financieres\/droits-de-scolarite-et-frais-afferents\/dates-limites-paiement-droits-scolarite\/\" \/>\n<meta property=\"og:locale\" content=\"fr_FR\" \/>\n<meta property=\"og:type\" content=\"article\" \/>\n<meta property=\"og:title\" content=\"Dates limites de paiement des droits de scolarit\u00e9 - Bishop&#039;s University\" \/>\n<meta property=\"og:description\" content=\"Date limite de paiement des frais Toutes les personnes inscrites \u00e0 l\u2019Universit\u00e9 Bishop\u2019s doivent acquitter leurs droits de scolarit\u00e9 et frais \u00e9tudiants chaque trimestre avant les dates limites indiqu\u00e9es ci-dessous. Les paiements doivent \u00eatre re\u00e7us et trait\u00e9s au plus tard \u00e0 la date indiqu\u00e9e. Afin d\u2019\u00e9viter des frais de retard et des int\u00e9r\u00eats, il est...\" \/>\n<meta property=\"og:url\" content=\"https:\/\/www.ubishops.ca\/fr\/futurs-etudiants\/questions-financieres\/droits-de-scolarite-et-frais-afferents\/dates-limites-paiement-droits-scolarite\/\" \/>\n<meta property=\"og:site_name\" content=\"Bishop&#039;s University\" \/>\n<meta property=\"article:publisher\" content=\"https:\/\/www.facebook.com\/ubishops\" \/>\n<meta property=\"article:modified_time\" content=\"2025-11-21T15:32:18+00:00\" \/>\n<meta name=\"twitter:card\" content=\"summary_large_image\" \/>\n<meta name=\"twitter:site\" content=\"@ubishops\" \/>\n<meta name=\"twitter:label1\" content=\"Dur\u00e9e de lecture estim\u00e9e\" \/>\n\t<meta name=\"twitter:data1\" content=\"2 minutes\" \/>\n<script type=\"application\/ld+json\" class=\"yoast-schema-graph\">{\"@context\":\"https:\/\/schema.org\",\"@graph\":[{\"@type\":\"WebPage\",\"@id\":\"https:\/\/www.ubishops.ca\/fr\/futurs-etudiants\/questions-financieres\/droits-de-scolarite-et-frais-afferents\/dates-limites-paiement-droits-scolarite\/\",\"url\":\"https:\/\/www.ubishops.ca\/fr\/futurs-etudiants\/questions-financieres\/droits-de-scolarite-et-frais-afferents\/dates-limites-paiement-droits-scolarite\/\",\"name\":\"Dates limites de paiement des droits de scolarit\u00e9 - Bishop&#039;s University\",\"isPartOf\":{\"@id\":\"https:\/\/www.ubishops.ca\/#website\"},\"datePublished\":\"2025-10-07T17:51:24+00:00\",\"dateModified\":\"2025-11-21T15:32:18+00:00\",\"breadcrumb\":{\"@id\":\"https:\/\/www.ubishops.ca\/fr\/futurs-etudiants\/questions-financieres\/droits-de-scolarite-et-frais-afferents\/dates-limites-paiement-droits-scolarite\/#breadcrumb\"},\"inLanguage\":\"fr-FR\",\"potentialAction\":[{\"@type\":\"ReadAction\",\"target\":[\"https:\/\/www.ubishops.ca\/fr\/futurs-etudiants\/questions-financieres\/droits-de-scolarite-et-frais-afferents\/dates-limites-paiement-droits-scolarite\/\"]}]},{\"@type\":\"BreadcrumbList\",\"@id\":\"https:\/\/www.ubishops.ca\/fr\/futurs-etudiants\/questions-financieres\/droits-de-scolarite-et-frais-afferents\/dates-limites-paiement-droits-scolarite\/#breadcrumb\",\"itemListElement\":[{\"@type\":\"ListItem\",\"position\":1,\"name\":\"Accueil\",\"item\":\"https:\/\/www.ubishops.ca\/fr\/\"},{\"@type\":\"ListItem\",\"position\":2,\"name\":\"Futurs \u00e9tudiants\",\"item\":\"https:\/\/www.ubishops.ca\/fr\/futurs-etudiants\/\"},{\"@type\":\"ListItem\",\"position\":3,\"name\":\"Questions financi\u00e8res\",\"item\":\"https:\/\/www.ubishops.ca\/fr\/futurs-etudiants\/questions-financieres\/\"},{\"@type\":\"ListItem\",\"position\":4,\"name\":\"Droits de scolarit\u00e9 et frais aff\u00e9rents\",\"item\":\"https:\/\/www.ubishops.ca\/fr\/futurs-etudiants\/questions-financieres\/droits-de-scolarite-et-frais-afferents\/\"},{\"@type\":\"ListItem\",\"position\":5,\"name\":\"Dates limites de paiement des droits de scolarit\u00e9\"}]},{\"@type\":\"WebSite\",\"@id\":\"https:\/\/www.ubishops.ca\/#website\",\"url\":\"https:\/\/www.ubishops.ca\/\",\"name\":\"Bishop&#039;s University\",\"description\":\"\",\"potentialAction\":[{\"@type\":\"SearchAction\",\"target\":{\"@type\":\"EntryPoint\",\"urlTemplate\":\"https:\/\/www.ubishops.ca\/?s={search_term_string}\"},\"query-input\":{\"@type\":\"PropertyValueSpecification\",\"valueRequired\":true,\"valueName\":\"search_term_string\"}}],\"inLanguage\":\"fr-FR\"}]}<\/script>\n<!-- \/ Yoast SEO plugin. -->","yoast_head_json":{"title":"Dates limites de paiement des droits de scolarit\u00e9 - Bishop&#039;s University","robots":{"index":"index","follow":"follow","max-snippet":"max-snippet:-1","max-image-preview":"max-image-preview:large","max-video-preview":"max-video-preview:-1"},"canonical":"https:\/\/www.ubishops.ca\/fr\/futurs-etudiants\/questions-financieres\/droits-de-scolarite-et-frais-afferents\/dates-limites-paiement-droits-scolarite\/","og_locale":"fr_FR","og_type":"article","og_title":"Dates limites de paiement des droits de scolarit\u00e9 - Bishop&#039;s University","og_description":"Date limite de paiement des frais Toutes les personnes inscrites \u00e0 l\u2019Universit\u00e9 Bishop\u2019s doivent acquitter leurs droits de scolarit\u00e9 et frais \u00e9tudiants chaque trimestre avant les dates limites indiqu\u00e9es ci-dessous. Les paiements doivent \u00eatre re\u00e7us et trait\u00e9s au plus tard \u00e0 la date indiqu\u00e9e. Afin d\u2019\u00e9viter des frais de retard et des int\u00e9r\u00eats, il est...","og_url":"https:\/\/www.ubishops.ca\/fr\/futurs-etudiants\/questions-financieres\/droits-de-scolarite-et-frais-afferents\/dates-limites-paiement-droits-scolarite\/","og_site_name":"Bishop&#039;s University","article_publisher":"https:\/\/www.facebook.com\/ubishops","article_modified_time":"2025-11-21T15:32:18+00:00","twitter_card":"summary_large_image","twitter_site":"@ubishops","twitter_misc":{"Dur\u00e9e de lecture estim\u00e9e":"2 minutes"},"schema":{"@context":"https:\/\/schema.org","@graph":[{"@type":"WebPage","@id":"https:\/\/www.ubishops.ca\/fr\/futurs-etudiants\/questions-financieres\/droits-de-scolarite-et-frais-afferents\/dates-limites-paiement-droits-scolarite\/","url":"https:\/\/www.ubishops.ca\/fr\/futurs-etudiants\/questions-financieres\/droits-de-scolarite-et-frais-afferents\/dates-limites-paiement-droits-scolarite\/","name":"Dates limites de paiement des droits de scolarit\u00e9 - Bishop&#039;s University","isPartOf":{"@id":"https:\/\/www.ubishops.ca\/#website"},"datePublished":"2025-10-07T17:51:24+00:00","dateModified":"2025-11-21T15:32:18+00:00","breadcrumb":{"@id":"https:\/\/www.ubishops.ca\/fr\/futurs-etudiants\/questions-financieres\/droits-de-scolarite-et-frais-afferents\/dates-limites-paiement-droits-scolarite\/#breadcrumb"},"inLanguage":"fr-FR","potentialAction":[{"@type":"ReadAction","target":["https:\/\/www.ubishops.ca\/fr\/futurs-etudiants\/questions-financieres\/droits-de-scolarite-et-frais-afferents\/dates-limites-paiement-droits-scolarite\/"]}]},{"@type":"BreadcrumbList","@id":"https:\/\/www.ubishops.ca\/fr\/futurs-etudiants\/questions-financieres\/droits-de-scolarite-et-frais-afferents\/dates-limites-paiement-droits-scolarite\/#breadcrumb","itemListElement":[{"@type":"ListItem","position":1,"name":"Accueil","item":"https:\/\/www.ubishops.ca\/fr\/"},{"@type":"ListItem","position":2,"name":"Futurs \u00e9tudiants","item":"https:\/\/www.ubishops.ca\/fr\/futurs-etudiants\/"},{"@type":"ListItem","position":3,"name":"Questions financi\u00e8res","item":"https:\/\/www.ubishops.ca\/fr\/futurs-etudiants\/questions-financieres\/"},{"@type":"ListItem","position":4,"name":"Droits de scolarit\u00e9 et frais aff\u00e9rents","item":"https:\/\/www.ubishops.ca\/fr\/futurs-etudiants\/questions-financieres\/droits-de-scolarite-et-frais-afferents\/"},{"@type":"ListItem","position":5,"name":"Dates limites de paiement des droits de scolarit\u00e9"}]},{"@type":"WebSite","@id":"https:\/\/www.ubishops.ca\/#website","url":"https:\/\/www.ubishops.ca\/","name":"Bishop&#039;s University","description":"","potentialAction":[{"@type":"SearchAction","target":{"@type":"EntryPoint","urlTemplate":"https:\/\/www.ubishops.ca\/?s={search_term_string}"},"query-input":{"@type":"PropertyValueSpecification","valueRequired":true,"valueName":"search_term_string"}}],"inLanguage":"fr-FR"}]}},"taxonomy_info":[],"featured_image_src_large":false,"author_info":{"display_name":"Julie Fradette","author_link":"https:\/\/www.ubishops.ca\/fr\/author\/jfradett\/"},"comment_info":0,"publishpress_future_action":{"enabled":false,"date":"2026-04-15 14:55:05","action":"change-status","newStatus":"draft","terms":[],"taxonomy":"translation_priority","extraData":[]},"publishpress_future_workflow_manual_trigger":{"enabledWorkflows":[]},"_links":{"self":[{"href":"https:\/\/www.ubishops.ca\/fr\/wp-json\/wp\/v2\/pages\/128891","targetHints":{"allow":["GET"]}}],"collection":[{"href":"https:\/\/www.ubishops.ca\/fr\/wp-json\/wp\/v2\/pages"}],"about":[{"href":"https:\/\/www.ubishops.ca\/fr\/wp-json\/wp\/v2\/types\/page"}],"author":[{"embeddable":true,"href":"https:\/\/www.ubishops.ca\/fr\/wp-json\/wp\/v2\/users\/49"}],"replies":[{"embeddable":true,"href":"https:\/\/www.ubishops.ca\/fr\/wp-json\/wp\/v2\/comments?post=128891"}],"version-history":[{"count":3,"href":"https:\/\/www.ubishops.ca\/fr\/wp-json\/wp\/v2\/pages\/128891\/revisions"}],"predecessor-version":[{"id":129098,"href":"https:\/\/www.ubishops.ca\/fr\/wp-json\/wp\/v2\/pages\/128891\/revisions\/129098"}],"up":[{"embeddable":true,"href":"https:\/\/www.ubishops.ca\/fr\/wp-json\/wp\/v2\/pages\/10812"}],"wp:attachment":[{"href":"https:\/\/www.ubishops.ca\/fr\/wp-json\/wp\/v2\/media?parent=128891"}],"curies":[{"name":"wp","href":"https:\/\/api.w.org\/{rel}","templated":true}]}}