{"id":128888,"date":"2025-10-08T10:11:19","date_gmt":"2025-10-08T14:11:19","guid":{"rendered":"https:\/\/www.ubishops.ca\/futurs-etudiants\/questions-financieres\/droits-de-scolarite-et-frais-afferents\/tax-slips\/"},"modified":"2025-11-13T13:57:59","modified_gmt":"2025-11-13T18:57:59","slug":"feuillets-fiscaux","status":"publish","type":"page","link":"https:\/\/www.ubishops.ca\/fr\/futurs-etudiants\/questions-financieres\/droits-de-scolarite-et-frais-afferents\/feuillets-fiscaux\/","title":{"rendered":"Feuillets fiscaux"},"content":{"rendered":"<style>.wp-block-kadence-advancedheading.kt-adv-heading128888_053584-0b, .wp-block-kadence-advancedheading.kt-adv-heading128888_053584-0b[data-kb-block=\"kb-adv-heading128888_053584-0b\"]{font-style:normal;}.wp-block-kadence-advancedheading.kt-adv-heading128888_053584-0b mark.kt-highlight, .wp-block-kadence-advancedheading.kt-adv-heading128888_053584-0b[data-kb-block=\"kb-adv-heading128888_053584-0b\"] mark.kt-highlight{font-style:normal;color:#f76a0c;-webkit-box-decoration-break:clone;box-decoration-break:clone;padding-top:0px;padding-right:0px;padding-bottom:0px;padding-left:0px;}.wp-block-kadence-advancedheading.kt-adv-heading128888_053584-0b img.kb-inline-image, .wp-block-kadence-advancedheading.kt-adv-heading128888_053584-0b[data-kb-block=\"kb-adv-heading128888_053584-0b\"] img.kb-inline-image{width:150px;vertical-align:baseline;}<\/style>\n<h2 class=\"kt-adv-heading128888_053584-0b wp-block-kadence-advancedheading\" data-kb-block=\"kb-adv-heading128888_053584-0b\">Feuillets fiscaux annuels<\/h2>\n\n\n\n<p>Les formulaires d\u2019imp\u00f4t sont affich\u00e9s chaque ann\u00e9e \u00e0 la fin f\u00e9vrier sur la page <a href=\"https:\/\/universitybishops.sharepoint.com\/sites\/myBU-RegistrarsOffice\"><strong>myBU<\/strong> du Bureau du registraire<\/a>, sous <strong>\u00ab&nbsp;Student Finances&nbsp;\u00bb<\/strong>.<\/p>\n\n\n<style>.wp-block-kadence-advancedheading.kt-adv-heading128888_d0ae9f-cd, .wp-block-kadence-advancedheading.kt-adv-heading128888_d0ae9f-cd[data-kb-block=\"kb-adv-heading128888_d0ae9f-cd\"]{font-style:normal;}.wp-block-kadence-advancedheading.kt-adv-heading128888_d0ae9f-cd mark.kt-highlight, .wp-block-kadence-advancedheading.kt-adv-heading128888_d0ae9f-cd[data-kb-block=\"kb-adv-heading128888_d0ae9f-cd\"] mark.kt-highlight{font-style:normal;color:#f76a0c;-webkit-box-decoration-break:clone;box-decoration-break:clone;padding-top:0px;padding-right:0px;padding-bottom:0px;padding-left:0px;}.wp-block-kadence-advancedheading.kt-adv-heading128888_d0ae9f-cd img.kb-inline-image, .wp-block-kadence-advancedheading.kt-adv-heading128888_d0ae9f-cd[data-kb-block=\"kb-adv-heading128888_d0ae9f-cd\"] img.kb-inline-image{width:150px;vertical-align:baseline;}<\/style>\n<h3 class=\"kt-adv-heading128888_d0ae9f-cd wp-block-kadence-advancedheading\" data-kb-block=\"kb-adv-heading128888_d0ae9f-cd\">T2202 \u2013 Certificat pour frais de scolarit\u00e9 et d\u2019inscription<\/h3>\n\n\n\n<p>\u00c9mis \u00e0 toutes les personnes \u00e9tudiantes ayant fourni leur num\u00e9ro d&rsquo;assurance sociale (NAS). Ce certificat comprend\u202f:<\/p>\n\n\n\n<ul class=\"wp-block-list\">\n<li>Tous les frais de scolarit\u00e9 et autres frais factur\u00e9s \u00e0 la personne \u00e9tudiante au cours de l\u2019ann\u00e9e pr\u00e9c\u00e9dente.<\/li>\n\n\n\n<li>Le nombre de mois pendant lesquels la personne \u00e9tudiante \u00e9tait inscrite \u00e0 un programme d\u2019\u00e9tudes admissible.<\/li>\n<\/ul>\n\n\n\n<p><em>Veuillez noter que ce formulaire ne garantit pas que la personne \u00e9tudiante est admissible aux cr\u00e9dits pour frais de scolarit\u00e9, \u00e9tudes ou manuels, ni \u00e0 une exemption pour bourse, et ne garantit pas non plus l\u2019admissibilit\u00e9 au r\u00e9gime d\u2019encouragement \u00e0 l\u2019\u00e9ducation permanente.<\/em><\/p>\n\n\n<style>.wp-block-kadence-advancedheading.kt-adv-heading128888_f2465a-ba, .wp-block-kadence-advancedheading.kt-adv-heading128888_f2465a-ba[data-kb-block=\"kb-adv-heading128888_f2465a-ba\"]{font-style:normal;}.wp-block-kadence-advancedheading.kt-adv-heading128888_f2465a-ba mark.kt-highlight, .wp-block-kadence-advancedheading.kt-adv-heading128888_f2465a-ba[data-kb-block=\"kb-adv-heading128888_f2465a-ba\"] mark.kt-highlight{font-style:normal;color:#f76a0c;-webkit-box-decoration-break:clone;box-decoration-break:clone;padding-top:0px;padding-right:0px;padding-bottom:0px;padding-left:0px;}.wp-block-kadence-advancedheading.kt-adv-heading128888_f2465a-ba img.kb-inline-image, .wp-block-kadence-advancedheading.kt-adv-heading128888_f2465a-ba[data-kb-block=\"kb-adv-heading128888_f2465a-ba\"] img.kb-inline-image{width:150px;vertical-align:baseline;}<\/style>\n<h3 class=\"kt-adv-heading128888_f2465a-ba wp-block-kadence-advancedheading\" data-kb-block=\"kb-adv-heading128888_f2465a-ba\">RL-8 \u2013 Relev\u00e9 8<\/h3>\n\n\n\n<p>\u00c9mis \u00e0 toutes les personnes \u00e9tudiantes ayant fourni leur NAS, peu importe leur province de r\u00e9sidence.<\/p>\n\n\n<style>.wp-block-kadence-advancedheading.kt-adv-heading128888_c2d4c6-6b, .wp-block-kadence-advancedheading.kt-adv-heading128888_c2d4c6-6b[data-kb-block=\"kb-adv-heading128888_c2d4c6-6b\"]{font-style:normal;}.wp-block-kadence-advancedheading.kt-adv-heading128888_c2d4c6-6b mark.kt-highlight, .wp-block-kadence-advancedheading.kt-adv-heading128888_c2d4c6-6b[data-kb-block=\"kb-adv-heading128888_c2d4c6-6b\"] mark.kt-highlight{font-style:normal;color:#f76a0c;-webkit-box-decoration-break:clone;box-decoration-break:clone;padding-top:0px;padding-right:0px;padding-bottom:0px;padding-left:0px;}.wp-block-kadence-advancedheading.kt-adv-heading128888_c2d4c6-6b img.kb-inline-image, .wp-block-kadence-advancedheading.kt-adv-heading128888_c2d4c6-6b[data-kb-block=\"kb-adv-heading128888_c2d4c6-6b\"] img.kb-inline-image{width:150px;vertical-align:baseline;}<\/style>\n<h3 class=\"kt-adv-heading128888_c2d4c6-6b wp-block-kadence-advancedheading\" data-kb-block=\"kb-adv-heading128888_c2d4c6-6b\">T4A et RL-1<\/h3>\n\n\n\n<p>Les personnes \u00e9tudiantes qui re\u00e7oivent une bourse, un prix, une r\u00e9compense ou une allocation de l\u2019Universit\u00e9 Bishop\u2019s recevront un feuillet T4A et un relev\u00e9 1 (RL-1).<\/p>\n\n\n<style>.wp-block-kadence-advancedheading.kt-adv-heading128888_c05f02-25, .wp-block-kadence-advancedheading.kt-adv-heading128888_c05f02-25[data-kb-block=\"kb-adv-heading128888_c05f02-25\"]{font-style:normal;}.wp-block-kadence-advancedheading.kt-adv-heading128888_c05f02-25 mark.kt-highlight, .wp-block-kadence-advancedheading.kt-adv-heading128888_c05f02-25[data-kb-block=\"kb-adv-heading128888_c05f02-25\"] mark.kt-highlight{font-style:normal;color:#f76a0c;-webkit-box-decoration-break:clone;box-decoration-break:clone;padding-top:0px;padding-right:0px;padding-bottom:0px;padding-left:0px;}.wp-block-kadence-advancedheading.kt-adv-heading128888_c05f02-25 img.kb-inline-image, .wp-block-kadence-advancedheading.kt-adv-heading128888_c05f02-25[data-kb-block=\"kb-adv-heading128888_c05f02-25\"] img.kb-inline-image{width:150px;vertical-align:baseline;}<\/style>\n<h3 class=\"kt-adv-heading128888_c05f02-25 wp-block-kadence-advancedheading\" data-kb-block=\"kb-adv-heading128888_c05f02-25\">RL-31 \u2013 Relev\u00e9 31<\/h3>\n\n\n\n<p>\u00c9mis \u00e0 toutes les personnes \u00e9tudiantes ayant un bail actif en r\u00e9sidence universitaire de Bishop\u2019s au 31 d\u00e9cembre de l\u2019ann\u00e9e d\u2019imposition. Les relev\u00e9s RL-31 sont fournis m\u00eame si la personne \u00e9tudiante n\u2019a pas soumis de NAS canadien. Les personnes \u00e9tudiantes qui quittent la r\u00e9sidence avant le 31 d\u00e9cembre ne recevront pas de RL-31.<\/p>\n\n\n\n<p>Pour plus d\u2019information sur les cr\u00e9dits d\u2019imp\u00f4t et l\u2019admissibilit\u00e9, consultez la page <a href=\"https:\/\/www.canada.ca\/fr\/agence-revenu\/services\/impot\/particuliers\/segments\/etudiants.html\">Renseignements fiscaux pour \u00e9tudiants de l\u2019ARC<\/a> ou adressez-vous \u00e0 un <strong>conseiller fiscal<\/strong>.<\/p>\n\n\n\n<p>Ces formulaires ne garantissent pas l\u2019admissibilit\u00e9 aux cr\u00e9dits ou exemptions fiscales.<\/p>\n\n\n<style>.wp-block-kadence-advancedheading.kt-adv-heading128888_7dadfd-11, .wp-block-kadence-advancedheading.kt-adv-heading128888_7dadfd-11[data-kb-block=\"kb-adv-heading128888_7dadfd-11\"]{font-style:normal;}.wp-block-kadence-advancedheading.kt-adv-heading128888_7dadfd-11 mark.kt-highlight, .wp-block-kadence-advancedheading.kt-adv-heading128888_7dadfd-11[data-kb-block=\"kb-adv-heading128888_7dadfd-11\"] mark.kt-highlight{font-style:normal;color:#f76a0c;-webkit-box-decoration-break:clone;box-decoration-break:clone;padding-top:0px;padding-right:0px;padding-bottom:0px;padding-left:0px;}.wp-block-kadence-advancedheading.kt-adv-heading128888_7dadfd-11 img.kb-inline-image, .wp-block-kadence-advancedheading.kt-adv-heading128888_7dadfd-11[data-kb-block=\"kb-adv-heading128888_7dadfd-11\"] img.kb-inline-image{width:150px;vertical-align:baseline;}<\/style>\n<h2 class=\"kt-adv-heading128888_7dadfd-11 wp-block-kadence-advancedheading\" data-kb-block=\"kb-adv-heading128888_7dadfd-11\">Acc\u00e9der aux feuillets fiscaux des ann\u00e9es pr\u00e9c\u00e9dentes<\/h2>\n\n\n\n<p>Si vous n\u2019avez plus acc\u00e8s \u00e0 <strong>myBU<\/strong> en tant que personne \u00e9tudiante active et que vous avez besoin de feuillets fiscaux des ann\u00e9es ant\u00e9rieures, veuillez communiquer avec le <strong>Bureau des<\/strong> <strong>comptes clients<\/strong> pour en faire la demande. Des frais de traitement de <strong>6,16 $<\/strong> s\u2019appliquent aux demandes effectu\u00e9es par le Bureau des services financiers.<\/p>\n\n\n\n<p><strong>Pour toute question, contactez le Bureau des Comptes clients :<\/strong><br><strong><a href=\"&#x6d;&#x61;&#x69;&#108;&#116;o:&#x61;&#x63;&#x63;&#x74;&#114;&#101;c&#64;&#x75;&#x62;&#x69;&#115;&#104;&#111;ps&#x2e;&#x63;&#x61;\">&#x61;&#99;c&#x74;&#114;e&#x63;&#64;u&#x62;&#105;s&#x68;&#111;p&#x73;&#46;c&#x61;<\/a><\/strong><\/p>\n","protected":false},"excerpt":{"rendered":"<p>Feuillets fiscaux annuels Les formulaires d\u2019imp\u00f4t sont affich\u00e9s chaque ann\u00e9e \u00e0 la fin f\u00e9vrier sur la page myBU du Bureau du registraire, sous \u00ab&nbsp;Student Finances&nbsp;\u00bb. T2202 \u2013 Certificat pour frais de scolarit\u00e9 et d\u2019inscription \u00c9mis \u00e0 toutes les personnes \u00e9tudiantes ayant fourni leur num\u00e9ro d&rsquo;assurance sociale (NAS). Ce certificat comprend\u202f: Veuillez noter que ce formulaire&#8230;<\/p>\n","protected":false},"author":49,"featured_media":0,"parent":10812,"menu_order":261,"comment_status":"closed","ping_status":"closed","template":"","meta":{"_acf_changed":false,"_cbd_carousel_blocks":"[]","_kad_blocks_custom_css":"","_kad_blocks_head_custom_js":"","_kad_blocks_body_custom_js":"","_kad_blocks_footer_custom_js":"","_kad_post_transparent":"","_kad_post_title":"","_kad_post_layout":"","_kad_post_sidebar_id":"","_kad_post_content_style":"","_kad_post_vertical_padding":"","_kad_post_feature":"","_kad_post_feature_position":"","_kad_post_header":false,"_kad_post_footer":false,"_kad_post_classname":"","footnotes":""},"class_list":["post-128888","page","type-page","status-publish","hentry"],"acf":[],"yoast_head":"<!-- This site is optimized with the Yoast SEO plugin v27.2 - https:\/\/yoast.com\/product\/yoast-seo-wordpress\/ -->\n<title>Feuillets fiscaux - Bishop&#039;s University<\/title>\n<meta name=\"robots\" content=\"index, follow, max-snippet:-1, max-image-preview:large, max-video-preview:-1\" \/>\n<link rel=\"canonical\" href=\"https:\/\/www.ubishops.ca\/fr\/futurs-etudiants\/questions-financieres\/droits-de-scolarite-et-frais-afferents\/feuillets-fiscaux\/\" \/>\n<meta property=\"og:locale\" content=\"fr_FR\" \/>\n<meta property=\"og:type\" content=\"article\" \/>\n<meta property=\"og:title\" content=\"Feuillets fiscaux - Bishop&#039;s University\" \/>\n<meta property=\"og:description\" content=\"Feuillets fiscaux annuels Les formulaires d\u2019imp\u00f4t sont affich\u00e9s chaque ann\u00e9e \u00e0 la fin f\u00e9vrier sur la page myBU du Bureau du registraire, sous \u00ab&nbsp;Student Finances&nbsp;\u00bb. T2202 \u2013 Certificat pour frais de scolarit\u00e9 et d\u2019inscription \u00c9mis \u00e0 toutes les personnes \u00e9tudiantes ayant fourni leur num\u00e9ro d&rsquo;assurance sociale (NAS). Ce certificat comprend\u202f: Veuillez noter que ce formulaire...\" \/>\n<meta property=\"og:url\" content=\"https:\/\/www.ubishops.ca\/fr\/futurs-etudiants\/questions-financieres\/droits-de-scolarite-et-frais-afferents\/feuillets-fiscaux\/\" \/>\n<meta property=\"og:site_name\" content=\"Bishop&#039;s University\" \/>\n<meta property=\"article:publisher\" content=\"https:\/\/www.facebook.com\/ubishops\" \/>\n<meta property=\"article:modified_time\" content=\"2025-11-13T18:57:59+00:00\" \/>\n<meta name=\"twitter:card\" content=\"summary_large_image\" \/>\n<meta name=\"twitter:site\" content=\"@ubishops\" \/>\n<meta name=\"twitter:label1\" content=\"Dur\u00e9e de lecture estim\u00e9e\" \/>\n\t<meta name=\"twitter:data1\" content=\"2 minutes\" \/>\n<script type=\"application\/ld+json\" class=\"yoast-schema-graph\">{\"@context\":\"https:\/\/schema.org\",\"@graph\":[{\"@type\":\"WebPage\",\"@id\":\"https:\/\/www.ubishops.ca\/fr\/futurs-etudiants\/questions-financieres\/droits-de-scolarite-et-frais-afferents\/feuillets-fiscaux\/\",\"url\":\"https:\/\/www.ubishops.ca\/fr\/futurs-etudiants\/questions-financieres\/droits-de-scolarite-et-frais-afferents\/feuillets-fiscaux\/\",\"name\":\"Feuillets fiscaux - Bishop&#039;s University\",\"isPartOf\":{\"@id\":\"https:\/\/www.ubishops.ca\/#website\"},\"datePublished\":\"2025-10-08T14:11:19+00:00\",\"dateModified\":\"2025-11-13T18:57:59+00:00\",\"breadcrumb\":{\"@id\":\"https:\/\/www.ubishops.ca\/fr\/futurs-etudiants\/questions-financieres\/droits-de-scolarite-et-frais-afferents\/feuillets-fiscaux\/#breadcrumb\"},\"inLanguage\":\"fr-FR\",\"potentialAction\":[{\"@type\":\"ReadAction\",\"target\":[\"https:\/\/www.ubishops.ca\/fr\/futurs-etudiants\/questions-financieres\/droits-de-scolarite-et-frais-afferents\/feuillets-fiscaux\/\"]}]},{\"@type\":\"BreadcrumbList\",\"@id\":\"https:\/\/www.ubishops.ca\/fr\/futurs-etudiants\/questions-financieres\/droits-de-scolarite-et-frais-afferents\/feuillets-fiscaux\/#breadcrumb\",\"itemListElement\":[{\"@type\":\"ListItem\",\"position\":1,\"name\":\"Accueil\",\"item\":\"https:\/\/www.ubishops.ca\/fr\/\"},{\"@type\":\"ListItem\",\"position\":2,\"name\":\"Futurs \u00e9tudiants\",\"item\":\"https:\/\/www.ubishops.ca\/fr\/futurs-etudiants\/\"},{\"@type\":\"ListItem\",\"position\":3,\"name\":\"Questions financi\u00e8res\",\"item\":\"https:\/\/www.ubishops.ca\/fr\/futurs-etudiants\/questions-financieres\/\"},{\"@type\":\"ListItem\",\"position\":4,\"name\":\"Droits de scolarit\u00e9 et frais aff\u00e9rents\",\"item\":\"https:\/\/www.ubishops.ca\/fr\/futurs-etudiants\/questions-financieres\/droits-de-scolarite-et-frais-afferents\/\"},{\"@type\":\"ListItem\",\"position\":5,\"name\":\"Feuillets fiscaux\"}]},{\"@type\":\"WebSite\",\"@id\":\"https:\/\/www.ubishops.ca\/#website\",\"url\":\"https:\/\/www.ubishops.ca\/\",\"name\":\"Bishop&#039;s University\",\"description\":\"\",\"potentialAction\":[{\"@type\":\"SearchAction\",\"target\":{\"@type\":\"EntryPoint\",\"urlTemplate\":\"https:\/\/www.ubishops.ca\/?s={search_term_string}\"},\"query-input\":{\"@type\":\"PropertyValueSpecification\",\"valueRequired\":true,\"valueName\":\"search_term_string\"}}],\"inLanguage\":\"fr-FR\"}]}<\/script>\n<!-- \/ Yoast SEO plugin. -->","yoast_head_json":{"title":"Feuillets fiscaux - Bishop&#039;s University","robots":{"index":"index","follow":"follow","max-snippet":"max-snippet:-1","max-image-preview":"max-image-preview:large","max-video-preview":"max-video-preview:-1"},"canonical":"https:\/\/www.ubishops.ca\/fr\/futurs-etudiants\/questions-financieres\/droits-de-scolarite-et-frais-afferents\/feuillets-fiscaux\/","og_locale":"fr_FR","og_type":"article","og_title":"Feuillets fiscaux - Bishop&#039;s University","og_description":"Feuillets fiscaux annuels Les formulaires d\u2019imp\u00f4t sont affich\u00e9s chaque ann\u00e9e \u00e0 la fin f\u00e9vrier sur la page myBU du Bureau du registraire, sous \u00ab&nbsp;Student Finances&nbsp;\u00bb. T2202 \u2013 Certificat pour frais de scolarit\u00e9 et d\u2019inscription \u00c9mis \u00e0 toutes les personnes \u00e9tudiantes ayant fourni leur num\u00e9ro d&rsquo;assurance sociale (NAS). Ce certificat comprend\u202f: Veuillez noter que ce formulaire...","og_url":"https:\/\/www.ubishops.ca\/fr\/futurs-etudiants\/questions-financieres\/droits-de-scolarite-et-frais-afferents\/feuillets-fiscaux\/","og_site_name":"Bishop&#039;s University","article_publisher":"https:\/\/www.facebook.com\/ubishops","article_modified_time":"2025-11-13T18:57:59+00:00","twitter_card":"summary_large_image","twitter_site":"@ubishops","twitter_misc":{"Dur\u00e9e de lecture estim\u00e9e":"2 minutes"},"schema":{"@context":"https:\/\/schema.org","@graph":[{"@type":"WebPage","@id":"https:\/\/www.ubishops.ca\/fr\/futurs-etudiants\/questions-financieres\/droits-de-scolarite-et-frais-afferents\/feuillets-fiscaux\/","url":"https:\/\/www.ubishops.ca\/fr\/futurs-etudiants\/questions-financieres\/droits-de-scolarite-et-frais-afferents\/feuillets-fiscaux\/","name":"Feuillets fiscaux - Bishop&#039;s University","isPartOf":{"@id":"https:\/\/www.ubishops.ca\/#website"},"datePublished":"2025-10-08T14:11:19+00:00","dateModified":"2025-11-13T18:57:59+00:00","breadcrumb":{"@id":"https:\/\/www.ubishops.ca\/fr\/futurs-etudiants\/questions-financieres\/droits-de-scolarite-et-frais-afferents\/feuillets-fiscaux\/#breadcrumb"},"inLanguage":"fr-FR","potentialAction":[{"@type":"ReadAction","target":["https:\/\/www.ubishops.ca\/fr\/futurs-etudiants\/questions-financieres\/droits-de-scolarite-et-frais-afferents\/feuillets-fiscaux\/"]}]},{"@type":"BreadcrumbList","@id":"https:\/\/www.ubishops.ca\/fr\/futurs-etudiants\/questions-financieres\/droits-de-scolarite-et-frais-afferents\/feuillets-fiscaux\/#breadcrumb","itemListElement":[{"@type":"ListItem","position":1,"name":"Accueil","item":"https:\/\/www.ubishops.ca\/fr\/"},{"@type":"ListItem","position":2,"name":"Futurs \u00e9tudiants","item":"https:\/\/www.ubishops.ca\/fr\/futurs-etudiants\/"},{"@type":"ListItem","position":3,"name":"Questions financi\u00e8res","item":"https:\/\/www.ubishops.ca\/fr\/futurs-etudiants\/questions-financieres\/"},{"@type":"ListItem","position":4,"name":"Droits de scolarit\u00e9 et frais aff\u00e9rents","item":"https:\/\/www.ubishops.ca\/fr\/futurs-etudiants\/questions-financieres\/droits-de-scolarite-et-frais-afferents\/"},{"@type":"ListItem","position":5,"name":"Feuillets fiscaux"}]},{"@type":"WebSite","@id":"https:\/\/www.ubishops.ca\/#website","url":"https:\/\/www.ubishops.ca\/","name":"Bishop&#039;s University","description":"","potentialAction":[{"@type":"SearchAction","target":{"@type":"EntryPoint","urlTemplate":"https:\/\/www.ubishops.ca\/?s={search_term_string}"},"query-input":{"@type":"PropertyValueSpecification","valueRequired":true,"valueName":"search_term_string"}}],"inLanguage":"fr-FR"}]}},"taxonomy_info":[],"featured_image_src_large":false,"author_info":{"display_name":"Julie Fradette","author_link":"https:\/\/www.ubishops.ca\/fr\/author\/jfradett\/"},"comment_info":0,"publishpress_future_action":{"enabled":false,"date":"2026-04-15 16:43:39","action":"change-status","newStatus":"draft","terms":[],"taxonomy":"translation_priority","extraData":[]},"publishpress_future_workflow_manual_trigger":{"enabledWorkflows":[]},"_links":{"self":[{"href":"https:\/\/www.ubishops.ca\/fr\/wp-json\/wp\/v2\/pages\/128888","targetHints":{"allow":["GET"]}}],"collection":[{"href":"https:\/\/www.ubishops.ca\/fr\/wp-json\/wp\/v2\/pages"}],"about":[{"href":"https:\/\/www.ubishops.ca\/fr\/wp-json\/wp\/v2\/types\/page"}],"author":[{"embeddable":true,"href":"https:\/\/www.ubishops.ca\/fr\/wp-json\/wp\/v2\/users\/49"}],"replies":[{"embeddable":true,"href":"https:\/\/www.ubishops.ca\/fr\/wp-json\/wp\/v2\/comments?post=128888"}],"version-history":[{"count":2,"href":"https:\/\/www.ubishops.ca\/fr\/wp-json\/wp\/v2\/pages\/128888\/revisions"}],"predecessor-version":[{"id":128894,"href":"https:\/\/www.ubishops.ca\/fr\/wp-json\/wp\/v2\/pages\/128888\/revisions\/128894"}],"up":[{"embeddable":true,"href":"https:\/\/www.ubishops.ca\/fr\/wp-json\/wp\/v2\/pages\/10812"}],"wp:attachment":[{"href":"https:\/\/www.ubishops.ca\/fr\/wp-json\/wp\/v2\/media?parent=128888"}],"curies":[{"name":"wp","href":"https:\/\/api.w.org\/{rel}","templated":true}]}}