{"id":128268,"date":"2025-10-27T13:44:33","date_gmt":"2025-10-27T17:44:33","guid":{"rendered":"https:\/\/www.ubishops.ca\/futurs-etudiants\/processus-dadmission\/undergraduate-applications-to-the-school-of-education\/"},"modified":"2025-10-27T13:50:56","modified_gmt":"2025-10-27T17:50:56","slug":"demandes-admission-premier-cycle-ecole-education","status":"publish","type":"page","link":"https:\/\/www.ubishops.ca\/fr\/futurs-etudiants\/processus-dadmission\/demandes-admission-premier-cycle-ecole-education\/","title":{"rendered":"Demandes d\u2019admission au premier cycle \u00e0 l\u2019\u00c9cole d\u2019\u00e9ducation"},"content":{"rendered":"<style>.wp-block-kadence-advancedheading.kt-adv-heading128268_e07ec8-1e, .wp-block-kadence-advancedheading.kt-adv-heading128268_e07ec8-1e[data-kb-block=\"kb-adv-heading128268_e07ec8-1e\"]{font-style:normal;}.wp-block-kadence-advancedheading.kt-adv-heading128268_e07ec8-1e mark.kt-highlight, .wp-block-kadence-advancedheading.kt-adv-heading128268_e07ec8-1e[data-kb-block=\"kb-adv-heading128268_e07ec8-1e\"] mark.kt-highlight{font-style:normal;color:#f76a0c;-webkit-box-decoration-break:clone;box-decoration-break:clone;padding-top:0px;padding-right:0px;padding-bottom:0px;padding-left:0px;}.wp-block-kadence-advancedheading.kt-adv-heading128268_e07ec8-1e img.kb-inline-image, .wp-block-kadence-advancedheading.kt-adv-heading128268_e07ec8-1e[data-kb-block=\"kb-adv-heading128268_e07ec8-1e\"] img.kb-inline-image{width:150px;vertical-align:baseline;}<\/style>\n<h2 class=\"kt-adv-heading128268_e07ec8-1e wp-block-kadence-advancedheading\" data-kb-block=\"kb-adv-heading128268_e07ec8-1e\">Calendrier :<\/h2>\n\n\n<style>.wp-block-kadence-advancedheading.kt-adv-heading128268_5f3df5-b8, .wp-block-kadence-advancedheading.kt-adv-heading128268_5f3df5-b8[data-kb-block=\"kb-adv-heading128268_5f3df5-b8\"]{font-style:normal;}.wp-block-kadence-advancedheading.kt-adv-heading128268_5f3df5-b8 mark.kt-highlight, .wp-block-kadence-advancedheading.kt-adv-heading128268_5f3df5-b8[data-kb-block=\"kb-adv-heading128268_5f3df5-b8\"] mark.kt-highlight{font-style:normal;color:#f76a0c;-webkit-box-decoration-break:clone;box-decoration-break:clone;padding-top:0px;padding-right:0px;padding-bottom:0px;padding-left:0px;}.wp-block-kadence-advancedheading.kt-adv-heading128268_5f3df5-b8 img.kb-inline-image, .wp-block-kadence-advancedheading.kt-adv-heading128268_5f3df5-b8[data-kb-block=\"kb-adv-heading128268_5f3df5-b8\"] img.kb-inline-image{width:150px;vertical-align:baseline;}<\/style>\n<h3 class=\"kt-adv-heading128268_5f3df5-b8 wp-block-kadence-advancedheading\" data-kb-block=\"kb-adv-heading128268_5f3df5-b8\">\u00c9valuations de la premi\u00e8re ronde :<\/h3>\n\n\n\n<ul class=\"wp-block-list\">\n<li><strong>P\u00e9riode de d\u00e9p\u00f4t des demandes<\/strong> : avant le 1er d\u00e9cembre<\/li>\n\n\n\n<li><strong>Date limite de d\u00e9p\u00f4t des demandes :<\/strong> 1er d\u00e9cembre 2025<\/li>\n\n\n\n<li><strong>D\u00e9cisions de la premi\u00e8re ronde :<\/strong> au plus tard le 15 d\u00e9cembre 2025<\/li>\n\n\n\n<li><strong>Date limite de confirmation de pr\u00e9sence :<\/strong> 30 janvier 2026<\/li>\n<\/ul>\n\n\n<style>.wp-block-kadence-advancedheading.kt-adv-heading128268_d5ab73-48, .wp-block-kadence-advancedheading.kt-adv-heading128268_d5ab73-48[data-kb-block=\"kb-adv-heading128268_d5ab73-48\"]{font-style:normal;}.wp-block-kadence-advancedheading.kt-adv-heading128268_d5ab73-48 mark.kt-highlight, .wp-block-kadence-advancedheading.kt-adv-heading128268_d5ab73-48[data-kb-block=\"kb-adv-heading128268_d5ab73-48\"] mark.kt-highlight{font-style:normal;color:#f76a0c;-webkit-box-decoration-break:clone;box-decoration-break:clone;padding-top:0px;padding-right:0px;padding-bottom:0px;padding-left:0px;}.wp-block-kadence-advancedheading.kt-adv-heading128268_d5ab73-48 img.kb-inline-image, .wp-block-kadence-advancedheading.kt-adv-heading128268_d5ab73-48[data-kb-block=\"kb-adv-heading128268_d5ab73-48\"] img.kb-inline-image{width:150px;vertical-align:baseline;}<\/style>\n<h3 class=\"kt-adv-heading128268_d5ab73-48 wp-block-kadence-advancedheading\" data-kb-block=\"kb-adv-heading128268_d5ab73-48\">\u00c9valuations de la deuxi\u00e8me ronde :<\/h3>\n\n\n\n<ul class=\"wp-block-list\">\n<li><strong>P\u00e9riode de d\u00e9p\u00f4t des demandes :<\/strong> d\u00e9cembre \u00e0 janvier<\/li>\n\n\n\n<li><strong>Date limite de d\u00e9p\u00f4t des demandes : 1er f\u00e9vrier 2026<\/strong><\/li>\n\n\n\n<li><strong>D\u00e9cisions de la deuxi\u00e8me ronde :<\/strong> au plus tard le 13 f\u00e9vrier 2026<\/li>\n\n\n\n<li><strong>Date limite de confirmation de pr\u00e9sence :<\/strong> 3 avril 2026<\/li>\n<\/ul>\n\n\n<style>.wp-block-kadence-advancedheading.kt-adv-heading128268_cb86f0-25, .wp-block-kadence-advancedheading.kt-adv-heading128268_cb86f0-25[data-kb-block=\"kb-adv-heading128268_cb86f0-25\"]{font-style:normal;}.wp-block-kadence-advancedheading.kt-adv-heading128268_cb86f0-25 mark.kt-highlight, .wp-block-kadence-advancedheading.kt-adv-heading128268_cb86f0-25[data-kb-block=\"kb-adv-heading128268_cb86f0-25\"] mark.kt-highlight{font-style:normal;color:#f76a0c;-webkit-box-decoration-break:clone;box-decoration-break:clone;padding-top:0px;padding-right:0px;padding-bottom:0px;padding-left:0px;}.wp-block-kadence-advancedheading.kt-adv-heading128268_cb86f0-25 img.kb-inline-image, .wp-block-kadence-advancedheading.kt-adv-heading128268_cb86f0-25[data-kb-block=\"kb-adv-heading128268_cb86f0-25\"] img.kb-inline-image{width:150px;vertical-align:baseline;}<\/style>\n<h3 class=\"kt-adv-heading128268_cb86f0-25 wp-block-kadence-advancedheading\" data-kb-block=\"kb-adv-heading128268_cb86f0-25\">\u00c9valuations de la troisi\u00e8me ronde :<\/h3>\n\n\n\n<ul class=\"wp-block-list\">\n<li><strong>P\u00e9riode de d\u00e9p\u00f4t des demandes :<\/strong> f\u00e9vrier \u00e0 mars<\/li>\n\n\n\n<li><strong>Date limite de d\u00e9p\u00f4t des demandes :<\/strong> 1er avril 2026<\/li>\n\n\n\n<li><strong>D\u00e9cisions de la troisi\u00e8me ronde :<\/strong> au plus tard le 17 avril 2026<\/li>\n\n\n\n<li><strong>Date limite de confirmation de pr\u00e9sence :<\/strong> 1er juin 2026<\/li>\n<\/ul>\n\n\n\n<p><em>Note : Les programmes ayant encore de la capacit\u00e9 resteront ouverts \u00e0 la consid\u00e9ration apr\u00e8s le 1er avril et seront \u00e9valu\u00e9s individuellement.<\/em><\/p>\n\n\n<style>.wp-block-kadence-advancedheading.kt-adv-heading128268_087030-a7, .wp-block-kadence-advancedheading.kt-adv-heading128268_087030-a7[data-kb-block=\"kb-adv-heading128268_087030-a7\"]{font-style:normal;}.wp-block-kadence-advancedheading.kt-adv-heading128268_087030-a7 mark.kt-highlight, .wp-block-kadence-advancedheading.kt-adv-heading128268_087030-a7[data-kb-block=\"kb-adv-heading128268_087030-a7\"] mark.kt-highlight{font-style:normal;color:#f76a0c;-webkit-box-decoration-break:clone;box-decoration-break:clone;padding-top:0px;padding-right:0px;padding-bottom:0px;padding-left:0px;}.wp-block-kadence-advancedheading.kt-adv-heading128268_087030-a7 img.kb-inline-image, .wp-block-kadence-advancedheading.kt-adv-heading128268_087030-a7[data-kb-block=\"kb-adv-heading128268_087030-a7\"] img.kb-inline-image{width:150px;vertical-align:baseline;}<\/style>\n<h3 class=\"kt-adv-heading128268_087030-a7 wp-block-kadence-advancedheading\" data-kb-block=\"kb-adv-heading128268_087030-a7\">Processus :<\/h3>\n\n\n\n<p>Il y a trois rondes r\u00e9guli\u00e8res d\u2019\u00e9valuation des admissions pour l\u2019\u00c9cole d\u2019\u00e9ducation de l\u2019Universit\u00e9 Bishop\u2019s.<\/p>\n\n\n\n<p>Les candidats qui soumettent leur demande et tous les documents justificatifs requis avant la date limite d\u2019une ronde seront consid\u00e9r\u00e9s pour l\u2019admission \u00e0 la date de d\u00e9cision indiqu\u00e9e. Les candidats retenus recevront une offre d\u2019admission et auront jusqu\u2019\u00e0 la date limite de confirmation de pr\u00e9sence de cette ronde pour accepter leur offre.<\/p>\n\n\n\n<p>Tout candidat dont le dossier est encore actif et qui ne r\u00e9pond pas aux crit\u00e8res d\u2019admission d\u2019une ronde verra son dossier report\u00e9 \u00e0 la ronde suivante pour une consid\u00e9ration future.<\/p>\n\n\n\n<p>Tous les candidats actifs seront inform\u00e9s de leur statut le plus r\u00e9cent aux dates de d\u00e9cision indiqu\u00e9es ci-dessus.<\/p>\n\n\n\n<p>Dans les semaines pr\u00e9c\u00e9dant la date limite de confirmation de pr\u00e9sence d\u2019une ronde donn\u00e9e, tout candidat n\u2019ayant pas encore accept\u00e9 son offre d\u2019admission recevra un rappel. Si le candidat n\u2019accepte pas son offre avant la date limite fournie, son dossier restera ouvert pour la ronde suivante \u00e0 la demande de l\u2019\u00e9tudiant, \u00e0 condition que la notification soit re\u00e7ue par le Bureau des admissions avant la date limite de cette ronde. Le dossier serait alors d\u00e9plac\u00e9 \u00e0 la fin de la liste prioritaire pour la p\u00e9riode de d\u00e9p\u00f4t des demandes de la ronde suivante. Les candidats dans cette situation pourraient \u00eatre plac\u00e9s sur une liste d\u2019attente ou recevoir une nouvelle offre pour cette p\u00e9riode, selon les capacit\u00e9s.<\/p>\n\n\n<style>.wp-block-kadence-advancedheading.kt-adv-heading128268_355059-db, .wp-block-kadence-advancedheading.kt-adv-heading128268_355059-db[data-kb-block=\"kb-adv-heading128268_355059-db\"]{font-size:var(--global-kb-font-size-md, 1.25rem);font-style:normal;}.wp-block-kadence-advancedheading.kt-adv-heading128268_355059-db mark.kt-highlight, .wp-block-kadence-advancedheading.kt-adv-heading128268_355059-db[data-kb-block=\"kb-adv-heading128268_355059-db\"] mark.kt-highlight{font-style:normal;color:#f76a0c;-webkit-box-decoration-break:clone;box-decoration-break:clone;padding-top:0px;padding-right:0px;padding-bottom:0px;padding-left:0px;}.wp-block-kadence-advancedheading.kt-adv-heading128268_355059-db img.kb-inline-image, .wp-block-kadence-advancedheading.kt-adv-heading128268_355059-db[data-kb-block=\"kb-adv-heading128268_355059-db\"] img.kb-inline-image{width:150px;vertical-align:baseline;}<\/style>\n<p class=\"kt-adv-heading128268_355059-db wp-block-kadence-advancedheading\" data-kb-block=\"kb-adv-heading128268_355059-db\"><strong>Des questions ?<\/strong><\/p>\n\n\n\n<p>Contactez-nous directement \u00e0 <a href=\"&#x6d;&#x61;&#x69;&#108;&#116;&#111;:a&#x64;&#x6d;&#x69;&#x73;&#115;&#105;on&#x73;&#x40;&#x75;&#x62;&#105;&#115;ho&#x70;&#x73;&#x2e;&#x63;&#97;\">&#97;&#100;&#x6d;&#x69;&#115;&#115;&#x69;&#x6f;&#110;&#115;&#x40;&#x75;&#98;&#105;&#x73;&#x68;&#111;&#112;&#x73;&#x2e;&#99;&#97;<\/a>.<\/p>\n","protected":false},"excerpt":{"rendered":"<p>Calendrier : \u00c9valuations de la premi\u00e8re ronde : \u00c9valuations de la deuxi\u00e8me ronde : \u00c9valuations de la troisi\u00e8me ronde : Note : Les programmes ayant encore de la capacit\u00e9 resteront ouverts \u00e0 la consid\u00e9ration apr\u00e8s le 1er avril et seront \u00e9valu\u00e9s individuellement. Processus : Il y a trois rondes r\u00e9guli\u00e8res d\u2019\u00e9valuation des admissions pour l\u2019\u00c9cole&#8230;<\/p>\n","protected":false},"author":49,"featured_media":0,"parent":10786,"menu_order":-6,"comment_status":"closed","ping_status":"closed","template":"","meta":{"_acf_changed":false,"_cbd_carousel_blocks":"[]","_kad_blocks_custom_css":"","_kad_blocks_head_custom_js":"","_kad_blocks_body_custom_js":"","_kad_blocks_footer_custom_js":"","_kad_post_transparent":"","_kad_post_title":"","_kad_post_layout":"","_kad_post_sidebar_id":"","_kad_post_content_style":"","_kad_post_vertical_padding":"","_kad_post_feature":"","_kad_post_feature_position":"","_kad_post_header":false,"_kad_post_footer":false,"_kad_post_classname":"","footnotes":""},"class_list":["post-128268","page","type-page","status-publish","hentry"],"acf":[],"yoast_head":"<!-- This site is optimized with the Yoast SEO plugin v27.2 - https:\/\/yoast.com\/product\/yoast-seo-wordpress\/ -->\n<title>Demandes d\u2019admission au premier cycle \u00e0 l\u2019\u00c9cole d\u2019\u00e9ducation - Bishop&#039;s University<\/title>\n<meta name=\"robots\" content=\"index, follow, max-snippet:-1, max-image-preview:large, max-video-preview:-1\" \/>\n<link rel=\"canonical\" href=\"https:\/\/www.ubishops.ca\/fr\/futurs-etudiants\/processus-dadmission\/demandes-admission-premier-cycle-ecole-education\/\" \/>\n<meta property=\"og:locale\" content=\"fr_FR\" \/>\n<meta property=\"og:type\" content=\"article\" \/>\n<meta property=\"og:title\" content=\"Demandes d\u2019admission au premier cycle \u00e0 l\u2019\u00c9cole d\u2019\u00e9ducation - Bishop&#039;s University\" \/>\n<meta property=\"og:description\" content=\"Calendrier : \u00c9valuations de la premi\u00e8re ronde : \u00c9valuations de la deuxi\u00e8me ronde : \u00c9valuations de la troisi\u00e8me ronde : Note : Les programmes ayant encore de la capacit\u00e9 resteront ouverts \u00e0 la consid\u00e9ration apr\u00e8s le 1er avril et seront \u00e9valu\u00e9s individuellement. Processus : Il y a trois rondes r\u00e9guli\u00e8res d\u2019\u00e9valuation des admissions pour l\u2019\u00c9cole...\" \/>\n<meta property=\"og:url\" content=\"https:\/\/www.ubishops.ca\/fr\/futurs-etudiants\/processus-dadmission\/demandes-admission-premier-cycle-ecole-education\/\" \/>\n<meta property=\"og:site_name\" content=\"Bishop&#039;s University\" \/>\n<meta property=\"article:publisher\" content=\"https:\/\/www.facebook.com\/ubishops\" \/>\n<meta property=\"article:modified_time\" content=\"2025-10-27T17:50:56+00:00\" \/>\n<meta name=\"twitter:card\" content=\"summary_large_image\" \/>\n<meta name=\"twitter:site\" content=\"@ubishops\" \/>\n<meta name=\"twitter:label1\" content=\"Dur\u00e9e de lecture estim\u00e9e\" \/>\n\t<meta name=\"twitter:data1\" content=\"2 minutes\" \/>\n<script type=\"application\/ld+json\" class=\"yoast-schema-graph\">{\"@context\":\"https:\/\/schema.org\",\"@graph\":[{\"@type\":\"WebPage\",\"@id\":\"https:\/\/www.ubishops.ca\/fr\/futurs-etudiants\/processus-dadmission\/demandes-admission-premier-cycle-ecole-education\/\",\"url\":\"https:\/\/www.ubishops.ca\/fr\/futurs-etudiants\/processus-dadmission\/demandes-admission-premier-cycle-ecole-education\/\",\"name\":\"Demandes d\u2019admission au premier cycle \u00e0 l\u2019\u00c9cole d\u2019\u00e9ducation - Bishop&#039;s University\",\"isPartOf\":{\"@id\":\"https:\/\/www.ubishops.ca\/#website\"},\"datePublished\":\"2025-10-27T17:44:33+00:00\",\"dateModified\":\"2025-10-27T17:50:56+00:00\",\"breadcrumb\":{\"@id\":\"https:\/\/www.ubishops.ca\/fr\/futurs-etudiants\/processus-dadmission\/demandes-admission-premier-cycle-ecole-education\/#breadcrumb\"},\"inLanguage\":\"fr-FR\",\"potentialAction\":[{\"@type\":\"ReadAction\",\"target\":[\"https:\/\/www.ubishops.ca\/fr\/futurs-etudiants\/processus-dadmission\/demandes-admission-premier-cycle-ecole-education\/\"]}]},{\"@type\":\"BreadcrumbList\",\"@id\":\"https:\/\/www.ubishops.ca\/fr\/futurs-etudiants\/processus-dadmission\/demandes-admission-premier-cycle-ecole-education\/#breadcrumb\",\"itemListElement\":[{\"@type\":\"ListItem\",\"position\":1,\"name\":\"Accueil\",\"item\":\"https:\/\/www.ubishops.ca\/fr\/\"},{\"@type\":\"ListItem\",\"position\":2,\"name\":\"Futurs \u00e9tudiants\",\"item\":\"https:\/\/www.ubishops.ca\/fr\/futurs-etudiants\/\"},{\"@type\":\"ListItem\",\"position\":3,\"name\":\"Processus d\u2019admission\",\"item\":\"https:\/\/www.ubishops.ca\/fr\/futurs-etudiants\/processus-dadmission\/\"},{\"@type\":\"ListItem\",\"position\":4,\"name\":\"Demandes d\u2019admission au premier cycle \u00e0 l\u2019\u00c9cole d\u2019\u00e9ducation\"}]},{\"@type\":\"WebSite\",\"@id\":\"https:\/\/www.ubishops.ca\/#website\",\"url\":\"https:\/\/www.ubishops.ca\/\",\"name\":\"Bishop&#039;s University\",\"description\":\"\",\"potentialAction\":[{\"@type\":\"SearchAction\",\"target\":{\"@type\":\"EntryPoint\",\"urlTemplate\":\"https:\/\/www.ubishops.ca\/?s={search_term_string}\"},\"query-input\":{\"@type\":\"PropertyValueSpecification\",\"valueRequired\":true,\"valueName\":\"search_term_string\"}}],\"inLanguage\":\"fr-FR\"}]}<\/script>\n<!-- \/ Yoast SEO plugin. -->","yoast_head_json":{"title":"Demandes d\u2019admission au premier cycle \u00e0 l\u2019\u00c9cole d\u2019\u00e9ducation - Bishop&#039;s University","robots":{"index":"index","follow":"follow","max-snippet":"max-snippet:-1","max-image-preview":"max-image-preview:large","max-video-preview":"max-video-preview:-1"},"canonical":"https:\/\/www.ubishops.ca\/fr\/futurs-etudiants\/processus-dadmission\/demandes-admission-premier-cycle-ecole-education\/","og_locale":"fr_FR","og_type":"article","og_title":"Demandes d\u2019admission au premier cycle \u00e0 l\u2019\u00c9cole d\u2019\u00e9ducation - Bishop&#039;s University","og_description":"Calendrier : \u00c9valuations de la premi\u00e8re ronde : \u00c9valuations de la deuxi\u00e8me ronde : \u00c9valuations de la troisi\u00e8me ronde : Note : Les programmes ayant encore de la capacit\u00e9 resteront ouverts \u00e0 la consid\u00e9ration apr\u00e8s le 1er avril et seront \u00e9valu\u00e9s individuellement. Processus : Il y a trois rondes r\u00e9guli\u00e8res d\u2019\u00e9valuation des admissions pour l\u2019\u00c9cole...","og_url":"https:\/\/www.ubishops.ca\/fr\/futurs-etudiants\/processus-dadmission\/demandes-admission-premier-cycle-ecole-education\/","og_site_name":"Bishop&#039;s University","article_publisher":"https:\/\/www.facebook.com\/ubishops","article_modified_time":"2025-10-27T17:50:56+00:00","twitter_card":"summary_large_image","twitter_site":"@ubishops","twitter_misc":{"Dur\u00e9e de lecture estim\u00e9e":"2 minutes"},"schema":{"@context":"https:\/\/schema.org","@graph":[{"@type":"WebPage","@id":"https:\/\/www.ubishops.ca\/fr\/futurs-etudiants\/processus-dadmission\/demandes-admission-premier-cycle-ecole-education\/","url":"https:\/\/www.ubishops.ca\/fr\/futurs-etudiants\/processus-dadmission\/demandes-admission-premier-cycle-ecole-education\/","name":"Demandes d\u2019admission au premier cycle \u00e0 l\u2019\u00c9cole d\u2019\u00e9ducation - Bishop&#039;s University","isPartOf":{"@id":"https:\/\/www.ubishops.ca\/#website"},"datePublished":"2025-10-27T17:44:33+00:00","dateModified":"2025-10-27T17:50:56+00:00","breadcrumb":{"@id":"https:\/\/www.ubishops.ca\/fr\/futurs-etudiants\/processus-dadmission\/demandes-admission-premier-cycle-ecole-education\/#breadcrumb"},"inLanguage":"fr-FR","potentialAction":[{"@type":"ReadAction","target":["https:\/\/www.ubishops.ca\/fr\/futurs-etudiants\/processus-dadmission\/demandes-admission-premier-cycle-ecole-education\/"]}]},{"@type":"BreadcrumbList","@id":"https:\/\/www.ubishops.ca\/fr\/futurs-etudiants\/processus-dadmission\/demandes-admission-premier-cycle-ecole-education\/#breadcrumb","itemListElement":[{"@type":"ListItem","position":1,"name":"Accueil","item":"https:\/\/www.ubishops.ca\/fr\/"},{"@type":"ListItem","position":2,"name":"Futurs \u00e9tudiants","item":"https:\/\/www.ubishops.ca\/fr\/futurs-etudiants\/"},{"@type":"ListItem","position":3,"name":"Processus d\u2019admission","item":"https:\/\/www.ubishops.ca\/fr\/futurs-etudiants\/processus-dadmission\/"},{"@type":"ListItem","position":4,"name":"Demandes d\u2019admission au premier cycle \u00e0 l\u2019\u00c9cole d\u2019\u00e9ducation"}]},{"@type":"WebSite","@id":"https:\/\/www.ubishops.ca\/#website","url":"https:\/\/www.ubishops.ca\/","name":"Bishop&#039;s University","description":"","potentialAction":[{"@type":"SearchAction","target":{"@type":"EntryPoint","urlTemplate":"https:\/\/www.ubishops.ca\/?s={search_term_string}"},"query-input":{"@type":"PropertyValueSpecification","valueRequired":true,"valueName":"search_term_string"}}],"inLanguage":"fr-FR"}]}},"taxonomy_info":[],"featured_image_src_large":false,"author_info":{"display_name":"Julie Fradette","author_link":"https:\/\/www.ubishops.ca\/fr\/author\/jfradett\/"},"comment_info":0,"publishpress_future_action":{"enabled":false,"date":"2026-04-15 20:21:01","action":"change-status","newStatus":"draft","terms":[],"taxonomy":"translation_priority","extraData":[]},"publishpress_future_workflow_manual_trigger":{"enabledWorkflows":[]},"_links":{"self":[{"href":"https:\/\/www.ubishops.ca\/fr\/wp-json\/wp\/v2\/pages\/128268","targetHints":{"allow":["GET"]}}],"collection":[{"href":"https:\/\/www.ubishops.ca\/fr\/wp-json\/wp\/v2\/pages"}],"about":[{"href":"https:\/\/www.ubishops.ca\/fr\/wp-json\/wp\/v2\/types\/page"}],"author":[{"embeddable":true,"href":"https:\/\/www.ubishops.ca\/fr\/wp-json\/wp\/v2\/users\/49"}],"replies":[{"embeddable":true,"href":"https:\/\/www.ubishops.ca\/fr\/wp-json\/wp\/v2\/comments?post=128268"}],"version-history":[{"count":3,"href":"https:\/\/www.ubishops.ca\/fr\/wp-json\/wp\/v2\/pages\/128268\/revisions"}],"predecessor-version":[{"id":128272,"href":"https:\/\/www.ubishops.ca\/fr\/wp-json\/wp\/v2\/pages\/128268\/revisions\/128272"}],"up":[{"embeddable":true,"href":"https:\/\/www.ubishops.ca\/fr\/wp-json\/wp\/v2\/pages\/10786"}],"wp:attachment":[{"href":"https:\/\/www.ubishops.ca\/fr\/wp-json\/wp\/v2\/media?parent=128268"}],"curies":[{"name":"wp","href":"https:\/\/api.w.org\/{rel}","templated":true}]}}