{"id":125989,"date":"2025-07-30T15:58:11","date_gmt":"2025-07-30T19:58:11","guid":{"rendered":"https:\/\/www.ubishops.ca\/bureau-des-relations-avec-les-diplomes-et-de-la-philanthropie\/bishops-university-foundation\/"},"modified":"2026-03-30T10:05:22","modified_gmt":"2026-03-30T14:05:22","slug":"bishops-university-foundation","status":"publish","type":"page","link":"https:\/\/www.ubishops.ca\/fr\/bureau-des-relations-avec-les-diplomes-et-de-la-philanthropie\/bishops-university-foundation\/","title":{"rendered":"Fondation de l&rsquo;Universit\u00e9 Bishop&rsquo;s"},"content":{"rendered":"\n<p>La mission de la Fondation de l&rsquo;Universit\u00e9 Bishop&rsquo;s est d&rsquo;obtenir des dons pour soutenir l&rsquo;Universit\u00e9 ; de g\u00e9rer ces fonds d&rsquo;une mani\u00e8re fiscalement responsable ; de d\u00e9bourser les fonds selon les souhaits des donateurs et les priorit\u00e9s de l&rsquo;Universit\u00e9 ; et de soutenir, d&rsquo;engager et d&rsquo;accro\u00eetre l&rsquo;exp\u00e9rience des dipl\u00f4m\u00e9s et leur participation \u00e0 la communaut\u00e9 des dipl\u00f4m\u00e9s de l&rsquo;Universit\u00e9 Bishop&rsquo;s.<\/p>\n\n\n\n<h2 class=\"wp-block-heading has-medium-font-size\">Conseil d&rsquo;administration de la Fondation 2025-26<\/h2>\n\n\n\n<p>Lynne Bridgman &rsquo;89<br>Jane Brydges &rsquo;95, Pr\u00e9sidente<br>Alex Cook &rsquo;13<br>Michael Crichton &rsquo;97<br>Buddy Herold &rsquo;96<br>Louis Ialenti &rsquo;06<br>Stephen D. Lloyd &rsquo;89, Vice-Pr\u00e9sident<br>Tara Marsh &rsquo;94<br>David McBride &rsquo;93<br>Marie T. Olney &rsquo;83<br>Chris Roy &rsquo;95<br>TJ Smith &rsquo;19<br>Tova White &rsquo;92<\/p>\n\n\n\n<p><strong>Administrateurs ex officio<\/strong> :<br>Daniel Fournier<br>S\u00e9bastien Lebel-Grenier<br>Murielle Lortie &rsquo;91<br>Jacqueline Scott &rsquo;90, Secr\u00e9taire<\/p>\n\n\n\n<p><strong>Membres honoraires<\/strong> <strong>:<\/strong><br>Robert Dunn &rsquo;76<br>Timothy Griffin &rsquo;71<br>George Hendy &rsquo;68<br>Ronald Loucks &rsquo;74<br>Jo-Anne Ryan &rsquo;83<br>Mark Saykaly &rsquo;72<br>Dr. Hugh Scott, DCL &rsquo;99<br>Dr. David Williams &rsquo;63, DCL &rsquo;96<\/p>\n\n\n\n<hr class=\"wp-block-separator has-alpha-channel-opacity is-style-wide\" style=\"margin-top:var(--wp--preset--spacing--40);margin-bottom:var(--wp--preset--spacing--40)\"\/>\n\n\n\n<p><strong>\u00c9tats financiers v\u00e9rifi\u00e9s<\/strong><\/p>\n\n\n\n<p><a href=\"https:\/\/www.ubishops.ca\/wp-content\/uploads\/Bishops-University-Foundation-Financial-Statements-FR-24-25.pdf\" target=\"_blank\" rel=\"noreferrer noopener\">Bishop&rsquo;s University Foundation &#8211; \u00c9tats financiers 30 Avril, 2025<\/a><br><a href=\"https:\/\/www.ubishops.ca\/wp-content\/uploads\/Bishops-University-Foundation-Etats-financiers-Avril-30-2024-FR.pdf\" target=\"_blank\" rel=\"noreferrer noopener\">Bishop&rsquo;s University Foundation &#8211; \u00c9tats financiers 30 Avril, 2024<\/a><br><a href=\"https:\/\/www.ubishops.ca\/wp-content\/uploads\/Bishops-University-Foundation-Etats-financiers_2022.23.pdf\">Bishop&rsquo;s University Foundation &#8211; \u00c9tats financiers 30 Avril, 2023<\/a><\/p>\n\n\n\n<p><\/p>\n","protected":false},"excerpt":{"rendered":"<p>La mission de la Fondation de l&rsquo;Universit\u00e9 Bishop&rsquo;s est d&rsquo;obtenir des dons pour soutenir l&rsquo;Universit\u00e9 ; de g\u00e9rer ces fonds d&rsquo;une mani\u00e8re fiscalement responsable ; de d\u00e9bourser les fonds selon les souhaits des donateurs et les priorit\u00e9s de l&rsquo;Universit\u00e9 ; et de soutenir, d&rsquo;engager et d&rsquo;accro\u00eetre l&rsquo;exp\u00e9rience des dipl\u00f4m\u00e9s et leur participation \u00e0 la communaut\u00e9&#8230;<\/p>\n","protected":false},"author":56,"featured_media":0,"parent":116188,"menu_order":50,"comment_status":"closed","ping_status":"closed","template":"","meta":{"_acf_changed":false,"_cbd_carousel_blocks":"[]","_kad_blocks_custom_css":"","_kad_blocks_head_custom_js":"","_kad_blocks_body_custom_js":"","_kad_blocks_footer_custom_js":"","_kad_post_transparent":"","_kad_post_title":"","_kad_post_layout":"","_kad_post_sidebar_id":"","_kad_post_content_style":"","_kad_post_vertical_padding":"","_kad_post_feature":"","_kad_post_feature_position":"","_kad_post_header":false,"_kad_post_footer":false,"_kad_post_classname":"","footnotes":""},"class_list":["post-125989","page","type-page","status-publish","hentry"],"acf":[],"yoast_head":"<!-- This site is optimized with the Yoast SEO plugin v27.2 - https:\/\/yoast.com\/product\/yoast-seo-wordpress\/ -->\n<title>Fondation de l&#039;Universit\u00e9 Bishop&#039;s - Bishop&#039;s University<\/title>\n<meta name=\"robots\" content=\"index, follow, max-snippet:-1, max-image-preview:large, max-video-preview:-1\" \/>\n<link rel=\"canonical\" href=\"https:\/\/www.ubishops.ca\/fr\/bureau-des-relations-avec-les-diplomes-et-de-la-philanthropie\/bishops-university-foundation\/\" \/>\n<meta property=\"og:locale\" content=\"fr_FR\" \/>\n<meta property=\"og:type\" content=\"article\" \/>\n<meta property=\"og:title\" content=\"Fondation de l&#039;Universit\u00e9 Bishop&#039;s - Bishop&#039;s University\" \/>\n<meta property=\"og:description\" content=\"La mission de la Fondation de l&rsquo;Universit\u00e9 Bishop&rsquo;s est d&rsquo;obtenir des dons pour soutenir l&rsquo;Universit\u00e9 ; de g\u00e9rer ces fonds d&rsquo;une mani\u00e8re fiscalement responsable ; de d\u00e9bourser les fonds selon les souhaits des donateurs et les priorit\u00e9s de l&rsquo;Universit\u00e9 ; et de soutenir, d&rsquo;engager et d&rsquo;accro\u00eetre l&rsquo;exp\u00e9rience des dipl\u00f4m\u00e9s et leur participation \u00e0 la communaut\u00e9...\" \/>\n<meta property=\"og:url\" content=\"https:\/\/www.ubishops.ca\/fr\/bureau-des-relations-avec-les-diplomes-et-de-la-philanthropie\/bishops-university-foundation\/\" \/>\n<meta property=\"og:site_name\" content=\"Bishop&#039;s University\" \/>\n<meta property=\"article:publisher\" content=\"https:\/\/www.facebook.com\/ubishops\" \/>\n<meta property=\"article:modified_time\" content=\"2026-03-30T14:05:22+00:00\" \/>\n<meta name=\"twitter:card\" content=\"summary_large_image\" \/>\n<meta name=\"twitter:site\" content=\"@ubishops\" \/>\n<meta name=\"twitter:label1\" content=\"Dur\u00e9e de lecture estim\u00e9e\" \/>\n\t<meta name=\"twitter:data1\" content=\"1 minute\" \/>\n<script type=\"application\/ld+json\" class=\"yoast-schema-graph\">{\"@context\":\"https:\/\/schema.org\",\"@graph\":[{\"@type\":\"WebPage\",\"@id\":\"https:\/\/www.ubishops.ca\/fr\/bureau-des-relations-avec-les-diplomes-et-de-la-philanthropie\/bishops-university-foundation\/\",\"url\":\"https:\/\/www.ubishops.ca\/fr\/bureau-des-relations-avec-les-diplomes-et-de-la-philanthropie\/bishops-university-foundation\/\",\"name\":\"Fondation de l'Universit\u00e9 Bishop's - Bishop&#039;s University\",\"isPartOf\":{\"@id\":\"https:\/\/www.ubishops.ca\/#website\"},\"datePublished\":\"2025-07-30T19:58:11+00:00\",\"dateModified\":\"2026-03-30T14:05:22+00:00\",\"breadcrumb\":{\"@id\":\"https:\/\/www.ubishops.ca\/fr\/bureau-des-relations-avec-les-diplomes-et-de-la-philanthropie\/bishops-university-foundation\/#breadcrumb\"},\"inLanguage\":\"fr-FR\",\"potentialAction\":[{\"@type\":\"ReadAction\",\"target\":[\"https:\/\/www.ubishops.ca\/fr\/bureau-des-relations-avec-les-diplomes-et-de-la-philanthropie\/bishops-university-foundation\/\"]}]},{\"@type\":\"BreadcrumbList\",\"@id\":\"https:\/\/www.ubishops.ca\/fr\/bureau-des-relations-avec-les-diplomes-et-de-la-philanthropie\/bishops-university-foundation\/#breadcrumb\",\"itemListElement\":[{\"@type\":\"ListItem\",\"position\":1,\"name\":\"Accueil\",\"item\":\"https:\/\/www.ubishops.ca\/fr\/\"},{\"@type\":\"ListItem\",\"position\":2,\"name\":\"Bureau des relations avec les dipl\u00f4m\u00e9s et de la philanthropie\",\"item\":\"https:\/\/www.ubishops.ca\/fr\/bureau-des-relations-avec-les-diplomes-et-de-la-philanthropie\/\"},{\"@type\":\"ListItem\",\"position\":3,\"name\":\"Fondation de l&#8217;Universit\u00e9 Bishop&#8217;s\"}]},{\"@type\":\"WebSite\",\"@id\":\"https:\/\/www.ubishops.ca\/#website\",\"url\":\"https:\/\/www.ubishops.ca\/\",\"name\":\"Bishop&#039;s University\",\"description\":\"\",\"potentialAction\":[{\"@type\":\"SearchAction\",\"target\":{\"@type\":\"EntryPoint\",\"urlTemplate\":\"https:\/\/www.ubishops.ca\/?s={search_term_string}\"},\"query-input\":{\"@type\":\"PropertyValueSpecification\",\"valueRequired\":true,\"valueName\":\"search_term_string\"}}],\"inLanguage\":\"fr-FR\"}]}<\/script>\n<!-- \/ Yoast SEO plugin. -->","yoast_head_json":{"title":"Fondation de l'Universit\u00e9 Bishop's - Bishop&#039;s University","robots":{"index":"index","follow":"follow","max-snippet":"max-snippet:-1","max-image-preview":"max-image-preview:large","max-video-preview":"max-video-preview:-1"},"canonical":"https:\/\/www.ubishops.ca\/fr\/bureau-des-relations-avec-les-diplomes-et-de-la-philanthropie\/bishops-university-foundation\/","og_locale":"fr_FR","og_type":"article","og_title":"Fondation de l'Universit\u00e9 Bishop's - Bishop&#039;s University","og_description":"La mission de la Fondation de l&rsquo;Universit\u00e9 Bishop&rsquo;s est d&rsquo;obtenir des dons pour soutenir l&rsquo;Universit\u00e9 ; de g\u00e9rer ces fonds d&rsquo;une mani\u00e8re fiscalement responsable ; de d\u00e9bourser les fonds selon les souhaits des donateurs et les priorit\u00e9s de l&rsquo;Universit\u00e9 ; et de soutenir, d&rsquo;engager et d&rsquo;accro\u00eetre l&rsquo;exp\u00e9rience des dipl\u00f4m\u00e9s et leur participation \u00e0 la communaut\u00e9...","og_url":"https:\/\/www.ubishops.ca\/fr\/bureau-des-relations-avec-les-diplomes-et-de-la-philanthropie\/bishops-university-foundation\/","og_site_name":"Bishop&#039;s University","article_publisher":"https:\/\/www.facebook.com\/ubishops","article_modified_time":"2026-03-30T14:05:22+00:00","twitter_card":"summary_large_image","twitter_site":"@ubishops","twitter_misc":{"Dur\u00e9e de lecture estim\u00e9e":"1 minute"},"schema":{"@context":"https:\/\/schema.org","@graph":[{"@type":"WebPage","@id":"https:\/\/www.ubishops.ca\/fr\/bureau-des-relations-avec-les-diplomes-et-de-la-philanthropie\/bishops-university-foundation\/","url":"https:\/\/www.ubishops.ca\/fr\/bureau-des-relations-avec-les-diplomes-et-de-la-philanthropie\/bishops-university-foundation\/","name":"Fondation de l'Universit\u00e9 Bishop's - Bishop&#039;s University","isPartOf":{"@id":"https:\/\/www.ubishops.ca\/#website"},"datePublished":"2025-07-30T19:58:11+00:00","dateModified":"2026-03-30T14:05:22+00:00","breadcrumb":{"@id":"https:\/\/www.ubishops.ca\/fr\/bureau-des-relations-avec-les-diplomes-et-de-la-philanthropie\/bishops-university-foundation\/#breadcrumb"},"inLanguage":"fr-FR","potentialAction":[{"@type":"ReadAction","target":["https:\/\/www.ubishops.ca\/fr\/bureau-des-relations-avec-les-diplomes-et-de-la-philanthropie\/bishops-university-foundation\/"]}]},{"@type":"BreadcrumbList","@id":"https:\/\/www.ubishops.ca\/fr\/bureau-des-relations-avec-les-diplomes-et-de-la-philanthropie\/bishops-university-foundation\/#breadcrumb","itemListElement":[{"@type":"ListItem","position":1,"name":"Accueil","item":"https:\/\/www.ubishops.ca\/fr\/"},{"@type":"ListItem","position":2,"name":"Bureau des relations avec les dipl\u00f4m\u00e9s et de la philanthropie","item":"https:\/\/www.ubishops.ca\/fr\/bureau-des-relations-avec-les-diplomes-et-de-la-philanthropie\/"},{"@type":"ListItem","position":3,"name":"Fondation de l&#8217;Universit\u00e9 Bishop&#8217;s"}]},{"@type":"WebSite","@id":"https:\/\/www.ubishops.ca\/#website","url":"https:\/\/www.ubishops.ca\/","name":"Bishop&#039;s University","description":"","potentialAction":[{"@type":"SearchAction","target":{"@type":"EntryPoint","urlTemplate":"https:\/\/www.ubishops.ca\/?s={search_term_string}"},"query-input":{"@type":"PropertyValueSpecification","valueRequired":true,"valueName":"search_term_string"}}],"inLanguage":"fr-FR"}]}},"taxonomy_info":[],"featured_image_src_large":false,"author_info":{"display_name":"Gabrielle Stalker","author_link":"https:\/\/www.ubishops.ca\/fr\/author\/gstalker\/"},"comment_info":0,"publishpress_future_action":{"enabled":false,"date":"2026-04-15 18:30:31","action":"change-status","newStatus":"draft","terms":[],"taxonomy":"translation_priority","extraData":[]},"publishpress_future_workflow_manual_trigger":{"enabledWorkflows":[]},"_links":{"self":[{"href":"https:\/\/www.ubishops.ca\/fr\/wp-json\/wp\/v2\/pages\/125989","targetHints":{"allow":["GET"]}}],"collection":[{"href":"https:\/\/www.ubishops.ca\/fr\/wp-json\/wp\/v2\/pages"}],"about":[{"href":"https:\/\/www.ubishops.ca\/fr\/wp-json\/wp\/v2\/types\/page"}],"author":[{"embeddable":true,"href":"https:\/\/www.ubishops.ca\/fr\/wp-json\/wp\/v2\/users\/56"}],"replies":[{"embeddable":true,"href":"https:\/\/www.ubishops.ca\/fr\/wp-json\/wp\/v2\/comments?post=125989"}],"version-history":[{"count":7,"href":"https:\/\/www.ubishops.ca\/fr\/wp-json\/wp\/v2\/pages\/125989\/revisions"}],"predecessor-version":[{"id":131823,"href":"https:\/\/www.ubishops.ca\/fr\/wp-json\/wp\/v2\/pages\/125989\/revisions\/131823"}],"up":[{"embeddable":true,"href":"https:\/\/www.ubishops.ca\/fr\/wp-json\/wp\/v2\/pages\/116188"}],"wp:attachment":[{"href":"https:\/\/www.ubishops.ca\/fr\/wp-json\/wp\/v2\/media?parent=125989"}],"curies":[{"name":"wp","href":"https:\/\/api.w.org\/{rel}","templated":true}]}}