{"id":125596,"date":"2025-07-10T13:17:48","date_gmt":"2025-07-10T17:17:48","guid":{"rendered":"https:\/\/www.ubishops.ca\/?page_id=125596"},"modified":"2025-07-10T13:17:50","modified_gmt":"2025-07-10T17:17:50","slug":"exprime-ta-liberte-en-francais","status":"publish","type":"page","link":"https:\/\/www.ubishops.ca\/fr\/programmes-d-etudes\/faculte-des-lettres-et-sciences-humaines\/etudes-francaises-et-quebecoises\/courses-programs\/exprime-ta-liberte-en-francais\/","title":{"rendered":"Exprime ta libert\u00e9 en fran\u00e7ais"},"content":{"rendered":"\n<p>Viens d\u00e9couvrir une d\u00e9marche d\u2019apprentissage du fran\u00e7ais innovante \u2015 o\u00f9 la langue n\u2019est pas simplement une comp\u00e9tence, mais un \u00e9l\u00e9ment-cl\u00e9 de la libert\u00e9 individuelle. <\/p>\n\n\n\n<p>Notre parcours de formation est con\u00e7u pour cadrer avec ton mode de vie et ton programme d\u2019\u00e9tudes universitaires \u00e0 Bishop\u2019s. Il vise \u00e0 stimuler ta curiosit\u00e9 et \u00e0 te donner confiance d\u00e8s le premier jour. En plus d\u2019enrichir ton vocabulaire, le fran\u00e7ais te donne la libert\u00e9 d\u2019explorer le monde, de vivre de nouvelles exp\u00e9riences et de communiquer par-del\u00e0\u00a0les fronti\u00e8res.<\/p>\n\n\n\n<p>Les droits de scolarit\u00e9 pour les cours de fran\u00e7ais langue secondesont inf\u00e9rieurs \u00e0 ceux des autres mati\u00e8res : seulement <strong>100,89 $<\/strong>\u00a0<strong>par cr\u00e9dit<\/strong>\u00a0en <a href=\"https:\/\/www.ubishops.ca\/fr\/futurs-etudiants\/questions-financieres\/droits-de-scolarite-et-frais-afferents\/\" target=\"_blank\" rel=\"noreferrer noopener\">2025-2026<\/a>\u00a0pour l\u2019ensemble des \u00e9tudiantes et des \u00e9tudiants de premier cycle, y compris les \u00e9tudiants internationaux.<\/p>\n\n\n\n<h2 class=\"wp-block-heading\">Voici comment proc\u00e9der pour suivre un cours de fran\u00e7ais \u00e0 Bishop\u2019s<\/h2>\n\n\n\n<h3 class=\"wp-block-heading\"><strong>Aucune connaissance du fran\u00e7ais?<\/strong><\/h3>\n\n\n\n<p>Inscris-toi \u00e0 la section du cours FRE100 (French\u00a0I) qui cadre le mieux avec ton horaire du semestre d\u2019automne 2025.\u00a0\u00a0<\/p>\n\n\n\n<h3 class=\"wp-block-heading\"><strong>Si tu as une certaine connaissance du fran\u00e7ais :<\/strong><\/h3>\n\n\n\n<p>Compl\u00e8te le test de classement \u2013 EXPRESSION ORALE et GRAMMAIRE \u2013 sur Moodle (<a href=\"https:\/\/moodle.ubishops.ca\/login\/index.php?loginredirect=1\" target=\"_blank\" rel=\"noreferrer noopener\">French Placement Test<\/a>). <strong>Tu dois utiliser ton adresse courriel B.U. pour te connecter.<\/strong><\/p>\n\n\n\n<p>Le test dure moins d\u2019une heure.\u00a0\u00a0<\/p>\n\n\n\n<p>\u00a0Les cours de fran\u00e7ais qui te sont recommand\u00e9s seront affich\u00e9s sur la page du test de classement Moodle \u00e0 10 h 00 le jour ouvrable suivant.<\/p>\n\n\n\n<p>Tu seras automatiquement inscrit.e au cours qui correspond \u00e0 ton niveau.<\/p>\n\n\n\n<h2 class=\"wp-block-heading\">R\u00e9fl\u00e9chissez \u00e0 ceci:<\/h2>\n\n\n\n<p>Une fois ton parcours commenc\u00e9, tu pourras envisager d\u2019inclure une mineure ou une majeure en fran\u00e7ais\u00a0dans ton dipl\u00f4me, comme plusieurs \u00e9tudiantes et \u00e9tudiants le font d\u00e9j\u00e0. Gr\u00e2ce \u00e0 nos cours novateurs\u00a0et notre r\u00e9seau de soutien, cette \u00e9tape va de soi (et c\u2019est amusant!). Tu auras \u00e9galement acc\u00e8s \u00e0 des activit\u00e9s sociales et culturelles passionnantes\u00a0pendant toute l\u2019ann\u00e9e au sein de notre French Hub.<\/p>\n\n\n\n<h2 class=\"wp-block-heading\">Contactez-nous<\/h2>\n\n\n\n<p>Dans l\u2019intervalle, si tu as des questions, n\u2019h\u00e9site pas \u00e0 nous contacter par courriel \u00e0 <strong><a href=\"&#x6d;a&#x69;l&#x74;&#111;&#x3a;&#102;r&#x61;c&#x68;&#97;&#x69;&#114;&#x40;&#117;b&#x69;s&#x68;&#111;&#x70;&#115;&#x2e;&#x63;a\">&#x66;&#x72;&#97;ch&#x61;&#x69;&#114;&#64;u&#x62;&#x69;&#115;&#104;o&#x70;&#x73;&#x2e;&#99;a<\/a><\/strong>.\u00a0<\/p>\n\n\n\n<p>Reste \u00e0 l\u2019aff\u00fbt pour des mises \u00e0 jour et \u00e9v\u00e9nements \u00e0 venir en nous suivant sur les m\u00e9dias sociaux \u2013 nous publierons bient\u00f4t une foule d\u2019informations utiles!<\/p>\n\n\n\n<ul class=\"wp-block-social-links is-content-justification-center is-layout-flex wp-container-core-social-links-is-layout-16018d1d wp-block-social-links-is-layout-flex\"><li class=\"wp-social-link wp-social-link-instagram  wp-block-social-link\"><a href=\"https:\/\/www.instagram.com\/thefrenchhubbu\/\" class=\"wp-block-social-link-anchor\"><svg width=\"24\" height=\"24\" viewBox=\"0 0 24 24\" version=\"1.1\" xmlns=\"http:\/\/www.w3.org\/2000\/svg\" aria-hidden=\"true\" focusable=\"false\"><path d=\"M12,4.622c2.403,0,2.688,0.009,3.637,0.052c0.877,0.04,1.354,0.187,1.671,0.31c0.42,0.163,0.72,0.358,1.035,0.673 c0.315,0.315,0.51,0.615,0.673,1.035c0.123,0.317,0.27,0.794,0.31,1.671c0.043,0.949,0.052,1.234,0.052,3.637 s-0.009,2.688-0.052,3.637c-0.04,0.877-0.187,1.354-0.31,1.671c-0.163,0.42-0.358,0.72-0.673,1.035 c-0.315,0.315-0.615,0.51-1.035,0.673c-0.317,0.123-0.794,0.27-1.671,0.31c-0.949,0.043-1.233,0.052-3.637,0.052 s-2.688-0.009-3.637-0.052c-0.877-0.04-1.354-0.187-1.671-0.31c-0.42-0.163-0.72-0.358-1.035-0.673 c-0.315-0.315-0.51-0.615-0.673-1.035c-0.123-0.317-0.27-0.794-0.31-1.671C4.631,14.688,4.622,14.403,4.622,12 s0.009-2.688,0.052-3.637c0.04-0.877,0.187-1.354,0.31-1.671c0.163-0.42,0.358-0.72,0.673-1.035 c0.315-0.315,0.615-0.51,1.035-0.673c0.317-0.123,0.794-0.27,1.671-0.31C9.312,4.631,9.597,4.622,12,4.622 M12,3 C9.556,3,9.249,3.01,8.289,3.054C7.331,3.098,6.677,3.25,6.105,3.472C5.513,3.702,5.011,4.01,4.511,4.511 c-0.5,0.5-0.808,1.002-1.038,1.594C3.25,6.677,3.098,7.331,3.054,8.289C3.01,9.249,3,9.556,3,12c0,2.444,0.01,2.751,0.054,3.711 c0.044,0.958,0.196,1.612,0.418,2.185c0.23,0.592,0.538,1.094,1.038,1.594c0.5,0.5,1.002,0.808,1.594,1.038 c0.572,0.222,1.227,0.375,2.185,0.418C9.249,20.99,9.556,21,12,21s2.751-0.01,3.711-0.054c0.958-0.044,1.612-0.196,2.185-0.418 c0.592-0.23,1.094-0.538,1.594-1.038c0.5-0.5,0.808-1.002,1.038-1.594c0.222-0.572,0.375-1.227,0.418-2.185 C20.99,14.751,21,14.444,21,12s-0.01-2.751-0.054-3.711c-0.044-0.958-0.196-1.612-0.418-2.185c-0.23-0.592-0.538-1.094-1.038-1.594 c-0.5-0.5-1.002-0.808-1.594-1.038c-0.572-0.222-1.227-0.375-2.185-0.418C14.751,3.01,14.444,3,12,3L12,3z M12,7.378 c-2.552,0-4.622,2.069-4.622,4.622S9.448,16.622,12,16.622s4.622-2.069,4.622-4.622S14.552,7.378,12,7.378z M12,15 c-1.657,0-3-1.343-3-3s1.343-3,3-3s3,1.343,3,3S13.657,15,12,15z M16.804,6.116c-0.596,0-1.08,0.484-1.08,1.08 s0.484,1.08,1.08,1.08c0.596,0,1.08-0.484,1.08-1.08S17.401,6.116,16.804,6.116z\"><\/path><\/svg><span class=\"wp-block-social-link-label screen-reader-text\">Instagram<\/span><\/a><\/li>\n\n<li class=\"wp-social-link wp-social-link-facebook  wp-block-social-link\"><a href=\"https:\/\/www.facebook.com\/UBishopsFrench\" class=\"wp-block-social-link-anchor\"><svg width=\"24\" height=\"24\" viewBox=\"0 0 24 24\" version=\"1.1\" xmlns=\"http:\/\/www.w3.org\/2000\/svg\" aria-hidden=\"true\" focusable=\"false\"><path d=\"M12 2C6.5 2 2 6.5 2 12c0 5 3.7 9.1 8.4 9.9v-7H7.9V12h2.5V9.8c0-2.5 1.5-3.9 3.8-3.9 1.1 0 2.2.2 2.2.2v2.5h-1.3c-1.2 0-1.6.8-1.6 1.6V12h2.8l-.4 2.9h-2.3v7C18.3 21.1 22 17 22 12c0-5.5-4.5-10-10-10z\"><\/path><\/svg><span class=\"wp-block-social-link-label screen-reader-text\">Facebook<\/span><\/a><\/li><\/ul>\n","protected":false},"excerpt":{"rendered":"<p>Viens d\u00e9couvrir une d\u00e9marche d\u2019apprentissage du fran\u00e7ais innovante \u2015 o\u00f9 la langue n\u2019est pas simplement une comp\u00e9tence, mais un \u00e9l\u00e9ment-cl\u00e9 de la libert\u00e9 individuelle. Notre parcours de formation est con\u00e7u pour cadrer avec ton mode de vie et ton programme d\u2019\u00e9tudes universitaires \u00e0 Bishop\u2019s. Il vise \u00e0 stimuler ta curiosit\u00e9 et \u00e0 te donner confiance&#8230;<\/p>\n","protected":false},"author":62,"featured_media":0,"parent":3713,"menu_order":146,"comment_status":"closed","ping_status":"closed","template":"","meta":{"_acf_changed":false,"_cbd_carousel_blocks":"[]","_kad_blocks_custom_css":"","_kad_blocks_head_custom_js":"","_kad_blocks_body_custom_js":"","_kad_blocks_footer_custom_js":"","_kad_post_transparent":"","_kad_post_title":"","_kad_post_layout":"","_kad_post_sidebar_id":"","_kad_post_content_style":"","_kad_post_vertical_padding":"","_kad_post_feature":"","_kad_post_feature_position":"","_kad_post_header":false,"_kad_post_footer":false,"_kad_post_classname":"","footnotes":""},"class_list":["post-125596","page","type-page","status-publish","hentry"],"acf":[],"yoast_head":"<!-- This site is optimized with the Yoast SEO plugin v27.2 - https:\/\/yoast.com\/product\/yoast-seo-wordpress\/ -->\n<title>Exprime ta libert\u00e9 en fran\u00e7ais - Bishop&#039;s University<\/title>\n<meta name=\"robots\" content=\"index, follow, max-snippet:-1, max-image-preview:large, max-video-preview:-1\" \/>\n<link rel=\"canonical\" href=\"https:\/\/www.ubishops.ca\/fr\/programmes-d-etudes\/faculte-des-lettres-et-sciences-humaines\/etudes-francaises-et-quebecoises\/courses-programs\/exprime-ta-liberte-en-francais\/\" \/>\n<meta property=\"og:locale\" content=\"fr_FR\" \/>\n<meta property=\"og:type\" content=\"article\" \/>\n<meta property=\"og:title\" content=\"Exprime ta libert\u00e9 en fran\u00e7ais - Bishop&#039;s University\" \/>\n<meta property=\"og:description\" content=\"Viens d\u00e9couvrir une d\u00e9marche d\u2019apprentissage du fran\u00e7ais innovante \u2015 o\u00f9 la langue n\u2019est pas simplement une comp\u00e9tence, mais un \u00e9l\u00e9ment-cl\u00e9 de la libert\u00e9 individuelle. Notre parcours de formation est con\u00e7u pour cadrer avec ton mode de vie et ton programme d\u2019\u00e9tudes universitaires \u00e0 Bishop\u2019s. Il vise \u00e0 stimuler ta curiosit\u00e9 et \u00e0 te donner confiance...\" \/>\n<meta property=\"og:url\" content=\"https:\/\/www.ubishops.ca\/fr\/programmes-d-etudes\/faculte-des-lettres-et-sciences-humaines\/etudes-francaises-et-quebecoises\/courses-programs\/exprime-ta-liberte-en-francais\/\" \/>\n<meta property=\"og:site_name\" content=\"Bishop&#039;s University\" \/>\n<meta property=\"article:publisher\" content=\"https:\/\/www.facebook.com\/ubishops\" \/>\n<meta property=\"article:modified_time\" content=\"2025-07-10T17:17:50+00:00\" \/>\n<meta name=\"twitter:card\" content=\"summary_large_image\" \/>\n<meta name=\"twitter:site\" content=\"@ubishops\" \/>\n<meta name=\"twitter:label1\" content=\"Dur\u00e9e de lecture estim\u00e9e\" \/>\n\t<meta name=\"twitter:data1\" content=\"2 minutes\" \/>\n<script type=\"application\/ld+json\" class=\"yoast-schema-graph\">{\"@context\":\"https:\/\/schema.org\",\"@graph\":[{\"@type\":\"WebPage\",\"@id\":\"https:\/\/www.ubishops.ca\/fr\/programmes-d-etudes\/faculte-des-lettres-et-sciences-humaines\/etudes-francaises-et-quebecoises\/courses-programs\/exprime-ta-liberte-en-francais\/\",\"url\":\"https:\/\/www.ubishops.ca\/fr\/programmes-d-etudes\/faculte-des-lettres-et-sciences-humaines\/etudes-francaises-et-quebecoises\/courses-programs\/exprime-ta-liberte-en-francais\/\",\"name\":\"Exprime ta libert\u00e9 en fran\u00e7ais - Bishop&#039;s University\",\"isPartOf\":{\"@id\":\"https:\/\/www.ubishops.ca\/#website\"},\"datePublished\":\"2025-07-10T17:17:48+00:00\",\"dateModified\":\"2025-07-10T17:17:50+00:00\",\"breadcrumb\":{\"@id\":\"https:\/\/www.ubishops.ca\/fr\/programmes-d-etudes\/faculte-des-lettres-et-sciences-humaines\/etudes-francaises-et-quebecoises\/courses-programs\/exprime-ta-liberte-en-francais\/#breadcrumb\"},\"inLanguage\":\"fr-FR\",\"potentialAction\":[{\"@type\":\"ReadAction\",\"target\":[\"https:\/\/www.ubishops.ca\/fr\/programmes-d-etudes\/faculte-des-lettres-et-sciences-humaines\/etudes-francaises-et-quebecoises\/courses-programs\/exprime-ta-liberte-en-francais\/\"]}]},{\"@type\":\"BreadcrumbList\",\"@id\":\"https:\/\/www.ubishops.ca\/fr\/programmes-d-etudes\/faculte-des-lettres-et-sciences-humaines\/etudes-francaises-et-quebecoises\/courses-programs\/exprime-ta-liberte-en-francais\/#breadcrumb\",\"itemListElement\":[{\"@type\":\"ListItem\",\"position\":1,\"name\":\"Accueil\",\"item\":\"https:\/\/www.ubishops.ca\/fr\/\"},{\"@type\":\"ListItem\",\"position\":2,\"name\":\"Programmes d&#8217;\u00e9tudes\",\"item\":\"https:\/\/www.ubishops.ca\/fr\/programmes-d-etudes\/\"},{\"@type\":\"ListItem\",\"position\":3,\"name\":\"Facult\u00e9 des lettres et sciences humaines\",\"item\":\"https:\/\/www.ubishops.ca\/fr\/programmes-d-etudes\/faculte-des-lettres-et-sciences-humaines\/\"},{\"@type\":\"ListItem\",\"position\":4,\"name\":\"\u00c9tudes fran\u00e7aises et qu\u00e9b\u00e9coises\",\"item\":\"https:\/\/www.ubishops.ca\/fr\/programmes-d-etudes\/faculte-des-lettres-et-sciences-humaines\/etudes-francaises-et-quebecoises\/\"},{\"@type\":\"ListItem\",\"position\":5,\"name\":\"Cours et programmes\",\"item\":\"https:\/\/www.ubishops.ca\/fr\/programmes-d-etudes\/faculte-des-lettres-et-sciences-humaines\/etudes-francaises-et-quebecoises\/courses-programs\/\"},{\"@type\":\"ListItem\",\"position\":6,\"name\":\"Exprime ta libert\u00e9 en fran\u00e7ais\"}]},{\"@type\":\"WebSite\",\"@id\":\"https:\/\/www.ubishops.ca\/#website\",\"url\":\"https:\/\/www.ubishops.ca\/\",\"name\":\"Bishop&#039;s University\",\"description\":\"\",\"potentialAction\":[{\"@type\":\"SearchAction\",\"target\":{\"@type\":\"EntryPoint\",\"urlTemplate\":\"https:\/\/www.ubishops.ca\/?s={search_term_string}\"},\"query-input\":{\"@type\":\"PropertyValueSpecification\",\"valueRequired\":true,\"valueName\":\"search_term_string\"}}],\"inLanguage\":\"fr-FR\"}]}<\/script>\n<!-- \/ Yoast SEO plugin. -->","yoast_head_json":{"title":"Exprime ta libert\u00e9 en fran\u00e7ais - Bishop&#039;s University","robots":{"index":"index","follow":"follow","max-snippet":"max-snippet:-1","max-image-preview":"max-image-preview:large","max-video-preview":"max-video-preview:-1"},"canonical":"https:\/\/www.ubishops.ca\/fr\/programmes-d-etudes\/faculte-des-lettres-et-sciences-humaines\/etudes-francaises-et-quebecoises\/courses-programs\/exprime-ta-liberte-en-francais\/","og_locale":"fr_FR","og_type":"article","og_title":"Exprime ta libert\u00e9 en fran\u00e7ais - Bishop&#039;s University","og_description":"Viens d\u00e9couvrir une d\u00e9marche d\u2019apprentissage du fran\u00e7ais innovante \u2015 o\u00f9 la langue n\u2019est pas simplement une comp\u00e9tence, mais un \u00e9l\u00e9ment-cl\u00e9 de la libert\u00e9 individuelle. Notre parcours de formation est con\u00e7u pour cadrer avec ton mode de vie et ton programme d\u2019\u00e9tudes universitaires \u00e0 Bishop\u2019s. Il vise \u00e0 stimuler ta curiosit\u00e9 et \u00e0 te donner confiance...","og_url":"https:\/\/www.ubishops.ca\/fr\/programmes-d-etudes\/faculte-des-lettres-et-sciences-humaines\/etudes-francaises-et-quebecoises\/courses-programs\/exprime-ta-liberte-en-francais\/","og_site_name":"Bishop&#039;s University","article_publisher":"https:\/\/www.facebook.com\/ubishops","article_modified_time":"2025-07-10T17:17:50+00:00","twitter_card":"summary_large_image","twitter_site":"@ubishops","twitter_misc":{"Dur\u00e9e de lecture estim\u00e9e":"2 minutes"},"schema":{"@context":"https:\/\/schema.org","@graph":[{"@type":"WebPage","@id":"https:\/\/www.ubishops.ca\/fr\/programmes-d-etudes\/faculte-des-lettres-et-sciences-humaines\/etudes-francaises-et-quebecoises\/courses-programs\/exprime-ta-liberte-en-francais\/","url":"https:\/\/www.ubishops.ca\/fr\/programmes-d-etudes\/faculte-des-lettres-et-sciences-humaines\/etudes-francaises-et-quebecoises\/courses-programs\/exprime-ta-liberte-en-francais\/","name":"Exprime ta libert\u00e9 en fran\u00e7ais - Bishop&#039;s University","isPartOf":{"@id":"https:\/\/www.ubishops.ca\/#website"},"datePublished":"2025-07-10T17:17:48+00:00","dateModified":"2025-07-10T17:17:50+00:00","breadcrumb":{"@id":"https:\/\/www.ubishops.ca\/fr\/programmes-d-etudes\/faculte-des-lettres-et-sciences-humaines\/etudes-francaises-et-quebecoises\/courses-programs\/exprime-ta-liberte-en-francais\/#breadcrumb"},"inLanguage":"fr-FR","potentialAction":[{"@type":"ReadAction","target":["https:\/\/www.ubishops.ca\/fr\/programmes-d-etudes\/faculte-des-lettres-et-sciences-humaines\/etudes-francaises-et-quebecoises\/courses-programs\/exprime-ta-liberte-en-francais\/"]}]},{"@type":"BreadcrumbList","@id":"https:\/\/www.ubishops.ca\/fr\/programmes-d-etudes\/faculte-des-lettres-et-sciences-humaines\/etudes-francaises-et-quebecoises\/courses-programs\/exprime-ta-liberte-en-francais\/#breadcrumb","itemListElement":[{"@type":"ListItem","position":1,"name":"Accueil","item":"https:\/\/www.ubishops.ca\/fr\/"},{"@type":"ListItem","position":2,"name":"Programmes d&#8217;\u00e9tudes","item":"https:\/\/www.ubishops.ca\/fr\/programmes-d-etudes\/"},{"@type":"ListItem","position":3,"name":"Facult\u00e9 des lettres et sciences humaines","item":"https:\/\/www.ubishops.ca\/fr\/programmes-d-etudes\/faculte-des-lettres-et-sciences-humaines\/"},{"@type":"ListItem","position":4,"name":"\u00c9tudes fran\u00e7aises et qu\u00e9b\u00e9coises","item":"https:\/\/www.ubishops.ca\/fr\/programmes-d-etudes\/faculte-des-lettres-et-sciences-humaines\/etudes-francaises-et-quebecoises\/"},{"@type":"ListItem","position":5,"name":"Cours et programmes","item":"https:\/\/www.ubishops.ca\/fr\/programmes-d-etudes\/faculte-des-lettres-et-sciences-humaines\/etudes-francaises-et-quebecoises\/courses-programs\/"},{"@type":"ListItem","position":6,"name":"Exprime ta libert\u00e9 en fran\u00e7ais"}]},{"@type":"WebSite","@id":"https:\/\/www.ubishops.ca\/#website","url":"https:\/\/www.ubishops.ca\/","name":"Bishop&#039;s University","description":"","potentialAction":[{"@type":"SearchAction","target":{"@type":"EntryPoint","urlTemplate":"https:\/\/www.ubishops.ca\/?s={search_term_string}"},"query-input":{"@type":"PropertyValueSpecification","valueRequired":true,"valueName":"search_term_string"}}],"inLanguage":"fr-FR"}]}},"taxonomy_info":[],"featured_image_src_large":false,"author_info":{"display_name":"Juliette Welch","author_link":"https:\/\/www.ubishops.ca\/fr\/author\/jwelch\/"},"comment_info":0,"publishpress_future_action":{"enabled":false,"date":"2026-04-15 14:54:45","action":"change-status","newStatus":"draft","terms":[],"taxonomy":"translation_priority","extraData":[]},"publishpress_future_workflow_manual_trigger":{"enabledWorkflows":[]},"_links":{"self":[{"href":"https:\/\/www.ubishops.ca\/fr\/wp-json\/wp\/v2\/pages\/125596","targetHints":{"allow":["GET"]}}],"collection":[{"href":"https:\/\/www.ubishops.ca\/fr\/wp-json\/wp\/v2\/pages"}],"about":[{"href":"https:\/\/www.ubishops.ca\/fr\/wp-json\/wp\/v2\/types\/page"}],"author":[{"embeddable":true,"href":"https:\/\/www.ubishops.ca\/fr\/wp-json\/wp\/v2\/users\/62"}],"replies":[{"embeddable":true,"href":"https:\/\/www.ubishops.ca\/fr\/wp-json\/wp\/v2\/comments?post=125596"}],"version-history":[{"count":2,"href":"https:\/\/www.ubishops.ca\/fr\/wp-json\/wp\/v2\/pages\/125596\/revisions"}],"predecessor-version":[{"id":125598,"href":"https:\/\/www.ubishops.ca\/fr\/wp-json\/wp\/v2\/pages\/125596\/revisions\/125598"}],"up":[{"embeddable":true,"href":"https:\/\/www.ubishops.ca\/fr\/wp-json\/wp\/v2\/pages\/3713"}],"wp:attachment":[{"href":"https:\/\/www.ubishops.ca\/fr\/wp-json\/wp\/v2\/media?parent=125596"}],"curies":[{"name":"wp","href":"https:\/\/api.w.org\/{rel}","templated":true}]}}