{"id":124796,"date":"2025-06-05T14:48:08","date_gmt":"2025-06-05T18:48:08","guid":{"rendered":"https:\/\/www.ubishops.ca\/programmes-d-etudes\/faculty-of-social-sciences\/"},"modified":"2025-06-09T14:53:12","modified_gmt":"2025-06-09T18:53:12","slug":"faculty-of-social-sciences","status":"publish","type":"page","link":"https:\/\/www.ubishops.ca\/fr\/programmes-d-etudes\/faculty-of-social-sciences\/","title":{"rendered":"Facult\u00e9 des sciences sociales"},"content":{"rendered":"\n<h2 class=\"wp-block-heading\">Les sciences sociales, c\u2019est l\u2019\u00e9tude de la soci\u00e9t\u00e9 et des relations humaines<\/h2>\n\n\n\n<p>Explore l\u2019impact humain, et comprends mieux le comportement des gens.<\/p>\n\n\n\n<p>La Facult\u00e9 des sciences sociales propose une vaste gamme de cours et de programmes menant \u00e0 des dipl\u00f4mes de&nbsp;<strong>baccalaur\u00e9at \u00e8s arts (B.A.)<\/strong>&nbsp;ou de&nbsp;<strong>baccalaur\u00e9at \u00e8s sciences (B.Sc.)<\/strong>&nbsp;dans les domaines suivants : sciences \u00e9conomiques, environnement, agriculture et g\u00e9ographie, sciences politiques et \u00e9tudes internationales, psychologie, sociologie, et \u00e9tudes des sports.<\/p>\n\n\n\n<figure class=\"wp-block-image size-full\"><img decoding=\"async\" width=\"800\" height=\"425\" src=\"https:\/\/www.ubishops.ca\/wp-content\/uploads\/career-possibilities-psych-1.jpg\" alt=\"\" class=\"wp-image-96448\" srcset=\"https:\/\/www.ubishops.ca\/wp-content\/uploads\/career-possibilities-psych-1.jpg 800w, https:\/\/www.ubishops.ca\/wp-content\/uploads\/career-possibilities-psych-1-300x159.jpg 300w, https:\/\/www.ubishops.ca\/wp-content\/uploads\/career-possibilities-psych-1-150x80.jpg 150w, https:\/\/www.ubishops.ca\/wp-content\/uploads\/career-possibilities-psych-1-768x408.jpg 768w\" sizes=\"(max-width: 800px) 100vw, 800px\" \/><\/figure>\n\n\n\n<p>Plusieurs d\u00e9partements offrent aussi des&nbsp;<strong>programmes d\u2019honneurs<\/strong>&nbsp;con\u00e7us pour les \u00e9tudiant\u00b7es qui souhaitent se sp\u00e9cialiser davantage dans leur domaine et poursuivre des&nbsp;<strong>\u00e9tudes sup\u00e9rieures<\/strong>. Il existe aussi des&nbsp;<strong>mineures<\/strong>&nbsp;qui peuvent s\u2019ajouter \u00e0 ton programme d\u2019honneurs, \u00e0 ta majeure ou \u00e0 un certificat.<\/p>\n\n\n\n<p>En plus, un programme d\u2019entr\u00e9e permet \u00e0 un nombre limit\u00e9 d\u2019\u00e9tudiant\u00b7es de s\u2019inscrire comme&nbsp;<strong>majeures ou majeurs divisionnaires<\/strong>&nbsp;(plut\u00f4t que dans un programme pr\u00e9cis) pour un maximum de&nbsp;<strong>deux trimestres<\/strong>. Cela te laisse un peu de temps pour explorer tes int\u00e9r\u00eats avant de faire ton choix d\u00e9finitif.<\/p>\n\n\n\n<div class=\"wp-block-buttons is-layout-flex wp-block-buttons-is-layout-flex\">\n<div class=\"wp-block-button\"><a class=\"wp-block-button__link has-purple-background-color has-background wp-element-button\" href=\"https:\/\/www.ubishops.ca\/future-students\/bishops-university-online-application\/\">Inscris-toi \u00e0 Bishop\u2019s<\/a><\/div>\n<\/div>\n\n\n\n<p>Tu ne sais pas encore quel programme te convient le mieux ? Tu as des questions sur les exigences particuli\u00e8res d\u2019un programme ?<\/p>\n\n\n\n<ul class=\"wp-block-list\">\n<li>Si tu t\u2019int\u00e9resses \u00e0 l\u2019<strong>\u00e9conomie<\/strong>, \u00e0 l\u2019<strong>environnement<\/strong>, \u00e0 l\u2019<strong>agriculture et \u00e0 la g\u00e9ographie<\/strong>\u00a0ou \u00e0 la\u00a0<strong>psychologie<\/strong>, prends rendez-vous avec\u00a0<strong>Laura Rezlescu<\/strong>, notre conseill\u00e8re acad\u00e9mique attitr\u00e9e aux sciences, ou \u00e9cris-lui \u00e0\u00a0<strong><a href=\"&#x6d;&#x61;&#105;&#108;t&#x6f;&#x3a;&#x73;&#99;ie&#x6e;&#x63;&#101;&#97;d&#x76;&#x69;&#x73;&#111;r&#64;&#x75;&#x62;&#105;&#115;h&#x6f;&#x70;&#x73;&#46;ca\">sc&#105;&#101;&#x6e;&#x63;&#x65;&#x61;dv&#105;&#115;&#x6f;&#x72;&#x40;&#x75;bi&#115;&#104;&#111;&#x70;&#x73;&#x2e;&#x63;a<\/a><\/strong>.<\/li>\n\n\n\n<li>Si tu \u00e9tudies en\u00a0<strong>politique et \u00e9tudes internationales<\/strong>, en\u00a0<strong>sociologie<\/strong>\u00a0ou en\u00a0<strong>\u00e9tudes du sport<\/strong>, communique avec\u00a0<strong>Justina Browne<\/strong>, conseill\u00e8re acad\u00e9mique pour les arts, \u00e0\u00a0<strong><a href=\"mailto&#58;&#97;&#114;&#116;&#115;&#97;&#100;&#x76;&#x69;&#x73;&#x6f;&#x72;&#x40;&#x75;&#x62;&#x69;&#x73;&#x68;&#x6f;ps&#46;ca\">&#x61;r&#x74;&#115;&#x61;&#100;&#x76;&#x69;s&#x6f;&#114;&#x40;&#117;&#x62;&#105;s&#x68;&#111;&#x70;&#115;&#x2e;&#99;a<\/a><\/strong>.<\/li>\n<\/ul>\n\n\n\n<p>Tu as des questions plus g\u00e9n\u00e9rales sur Bishop\u2019s ? Communique avec l\u2019\u00e9quipe du recrutement.<\/p>\n\n\n\n<div class=\"wp-block-buttons is-layout-flex wp-block-buttons-is-layout-flex\">\n<div class=\"wp-block-button is-style-outline is-style-outline--1\"><a class=\"wp-block-button__link wp-element-button\" href=\"https:\/\/www.ubishops.ca\/future-students\/contact-recruitment\/\">L\u2019\u00e9quipe du recrutement<\/a><\/div>\n<\/div>\n\n\n\n<h2 class=\"wp-block-heading\">Nos d\u00e9partements<\/h2>\n\n\n\n<p><a href=\"https:\/\/www.ubishops.ca\/academic-programs\/faculty-of-social-sciences\/economics\/\">Sciences \u00e9conomiques<\/a><\/p>\n\n\n\n<p><a href=\"https:\/\/www.ubishops.ca\/academic-programs\/faculty-of-social-sciences\/environment-agriculture-and-geography\/\">Environnement, agriculture et g\u00e9ographie<\/a><\/p>\n\n\n\n<p><a href=\"https:\/\/www.ubishops.ca\/academic-programs\/faculty-of-social-sciences\/politics-and-international-studies\/\">Sciences politiques et \u00e9tudes internationales<\/a><\/p>\n\n\n\n<p><a href=\"https:\/\/www.ubishops.ca\/academic-programs\/faculty-of-social-sciences\/psychology\/\">Psychologie<\/a><\/p>\n\n\n\n<p><a href=\"https:\/\/www.ubishops.ca\/academic-programs\/faculty-of-social-sciences\/sociology\/\">Sociologie<\/a><\/p>\n\n\n\n<p><a href=\"https:\/\/www.ubishops.ca\/academic-programs\/faculty-of-social-sciences\/sports-studies\/\">\u00c9tudes des sports<\/a><\/p>\n\n\n\n<figure class=\"wp-block-image size-full\"><img decoding=\"async\" width=\"601\" height=\"400\" src=\"https:\/\/www.ubishops.ca\/wp-content\/uploads\/Farm-Garden-600x400-1.jpg\" alt=\"Students working in the farm garden as part of their studies.\" class=\"wp-image-117463\" srcset=\"https:\/\/www.ubishops.ca\/wp-content\/uploads\/Farm-Garden-600x400-1.jpg 601w, https:\/\/www.ubishops.ca\/wp-content\/uploads\/Farm-Garden-600x400-1-300x200.jpg 300w, https:\/\/www.ubishops.ca\/wp-content\/uploads\/Farm-Garden-600x400-1-150x100.jpg 150w\" sizes=\"(max-width: 601px) 100vw, 601px\" \/><\/figure>\n","protected":false},"excerpt":{"rendered":"<p>Les sciences sociales, c\u2019est l\u2019\u00e9tude de la soci\u00e9t\u00e9 et des relations humaines Explore l\u2019impact humain, et comprends mieux le comportement des gens. La Facult\u00e9 des sciences sociales propose une vaste gamme de cours et de programmes menant \u00e0 des dipl\u00f4mes de&nbsp;baccalaur\u00e9at \u00e8s arts (B.A.)&nbsp;ou de&nbsp;baccalaur\u00e9at \u00e8s sciences (B.Sc.)&nbsp;dans les domaines suivants : sciences \u00e9conomiques, environnement,&#8230;<\/p>\n","protected":false},"author":49,"featured_media":0,"parent":3177,"menu_order":275,"comment_status":"closed","ping_status":"closed","template":"","meta":{"_acf_changed":false,"_cbd_carousel_blocks":"[]","_kad_blocks_custom_css":"","_kad_blocks_head_custom_js":"","_kad_blocks_body_custom_js":"","_kad_blocks_footer_custom_js":"","_kad_post_transparent":"","_kad_post_title":"","_kad_post_layout":"","_kad_post_sidebar_id":"","_kad_post_content_style":"","_kad_post_vertical_padding":"","_kad_post_feature":"","_kad_post_feature_position":"","_kad_post_header":false,"_kad_post_footer":false,"_kad_post_classname":"","footnotes":""},"class_list":["post-124796","page","type-page","status-publish","hentry"],"acf":[],"yoast_head":"<!-- This site is optimized with the Yoast SEO plugin v27.2 - https:\/\/yoast.com\/product\/yoast-seo-wordpress\/ -->\n<title>Facult\u00e9 des sciences sociales - Bishop&#039;s University<\/title>\n<meta name=\"robots\" content=\"index, follow, max-snippet:-1, max-image-preview:large, max-video-preview:-1\" \/>\n<link rel=\"canonical\" href=\"https:\/\/www.ubishops.ca\/fr\/programmes-d-etudes\/faculty-of-social-sciences\/\" \/>\n<meta property=\"og:locale\" content=\"fr_FR\" \/>\n<meta property=\"og:type\" content=\"article\" \/>\n<meta property=\"og:title\" content=\"Facult\u00e9 des sciences sociales - Bishop&#039;s University\" \/>\n<meta property=\"og:description\" content=\"Les sciences sociales, c\u2019est l\u2019\u00e9tude de la soci\u00e9t\u00e9 et des relations humaines Explore l\u2019impact humain, et comprends mieux le comportement des gens. La Facult\u00e9 des sciences sociales propose une vaste gamme de cours et de programmes menant \u00e0 des dipl\u00f4mes de&nbsp;baccalaur\u00e9at \u00e8s arts (B.A.)&nbsp;ou de&nbsp;baccalaur\u00e9at \u00e8s sciences (B.Sc.)&nbsp;dans les domaines suivants : sciences \u00e9conomiques, environnement,...\" \/>\n<meta property=\"og:url\" content=\"https:\/\/www.ubishops.ca\/fr\/programmes-d-etudes\/faculty-of-social-sciences\/\" \/>\n<meta property=\"og:site_name\" content=\"Bishop&#039;s University\" \/>\n<meta property=\"article:publisher\" content=\"https:\/\/www.facebook.com\/ubishops\" \/>\n<meta property=\"article:modified_time\" content=\"2025-06-09T18:53:12+00:00\" \/>\n<meta property=\"og:image\" content=\"https:\/\/www.ubishops.ca\/wp-content\/uploads\/career-possibilities-psych-1.jpg\" \/>\n\t<meta property=\"og:image:width\" content=\"800\" \/>\n\t<meta property=\"og:image:height\" content=\"425\" \/>\n\t<meta property=\"og:image:type\" content=\"image\/jpeg\" \/>\n<meta name=\"twitter:card\" content=\"summary_large_image\" \/>\n<meta name=\"twitter:site\" content=\"@ubishops\" \/>\n<meta name=\"twitter:label1\" content=\"Dur\u00e9e de lecture estim\u00e9e\" \/>\n\t<meta name=\"twitter:data1\" content=\"2 minutes\" \/>\n<script type=\"application\/ld+json\" class=\"yoast-schema-graph\">{\"@context\":\"https:\/\/schema.org\",\"@graph\":[{\"@type\":\"WebPage\",\"@id\":\"https:\/\/www.ubishops.ca\/fr\/programmes-d-etudes\/faculty-of-social-sciences\/\",\"url\":\"https:\/\/www.ubishops.ca\/fr\/programmes-d-etudes\/faculty-of-social-sciences\/\",\"name\":\"Facult\u00e9 des sciences sociales - Bishop&#039;s University\",\"isPartOf\":{\"@id\":\"https:\/\/www.ubishops.ca\/#website\"},\"primaryImageOfPage\":{\"@id\":\"https:\/\/www.ubishops.ca\/fr\/programmes-d-etudes\/faculty-of-social-sciences\/#primaryimage\"},\"image\":{\"@id\":\"https:\/\/www.ubishops.ca\/fr\/programmes-d-etudes\/faculty-of-social-sciences\/#primaryimage\"},\"thumbnailUrl\":\"https:\/\/www.ubishops.ca\/wp-content\/uploads\/career-possibilities-psych-1.jpg\",\"datePublished\":\"2025-06-05T18:48:08+00:00\",\"dateModified\":\"2025-06-09T18:53:12+00:00\",\"breadcrumb\":{\"@id\":\"https:\/\/www.ubishops.ca\/fr\/programmes-d-etudes\/faculty-of-social-sciences\/#breadcrumb\"},\"inLanguage\":\"fr-FR\",\"potentialAction\":[{\"@type\":\"ReadAction\",\"target\":[\"https:\/\/www.ubishops.ca\/fr\/programmes-d-etudes\/faculty-of-social-sciences\/\"]}]},{\"@type\":\"ImageObject\",\"inLanguage\":\"fr-FR\",\"@id\":\"https:\/\/www.ubishops.ca\/fr\/programmes-d-etudes\/faculty-of-social-sciences\/#primaryimage\",\"url\":\"https:\/\/www.ubishops.ca\/wp-content\/uploads\/career-possibilities-psych-1.jpg\",\"contentUrl\":\"https:\/\/www.ubishops.ca\/wp-content\/uploads\/career-possibilities-psych-1.jpg\"},{\"@type\":\"BreadcrumbList\",\"@id\":\"https:\/\/www.ubishops.ca\/fr\/programmes-d-etudes\/faculty-of-social-sciences\/#breadcrumb\",\"itemListElement\":[{\"@type\":\"ListItem\",\"position\":1,\"name\":\"Accueil\",\"item\":\"https:\/\/www.ubishops.ca\/fr\/\"},{\"@type\":\"ListItem\",\"position\":2,\"name\":\"Programmes d&#8217;\u00e9tudes\",\"item\":\"https:\/\/www.ubishops.ca\/fr\/programmes-d-etudes\/\"},{\"@type\":\"ListItem\",\"position\":3,\"name\":\"Facult\u00e9 des sciences sociales\"}]},{\"@type\":\"WebSite\",\"@id\":\"https:\/\/www.ubishops.ca\/#website\",\"url\":\"https:\/\/www.ubishops.ca\/\",\"name\":\"Bishop&#039;s University\",\"description\":\"\",\"potentialAction\":[{\"@type\":\"SearchAction\",\"target\":{\"@type\":\"EntryPoint\",\"urlTemplate\":\"https:\/\/www.ubishops.ca\/?s={search_term_string}\"},\"query-input\":{\"@type\":\"PropertyValueSpecification\",\"valueRequired\":true,\"valueName\":\"search_term_string\"}}],\"inLanguage\":\"fr-FR\"}]}<\/script>\n<!-- \/ Yoast SEO plugin. -->","yoast_head_json":{"title":"Facult\u00e9 des sciences sociales - Bishop&#039;s University","robots":{"index":"index","follow":"follow","max-snippet":"max-snippet:-1","max-image-preview":"max-image-preview:large","max-video-preview":"max-video-preview:-1"},"canonical":"https:\/\/www.ubishops.ca\/fr\/programmes-d-etudes\/faculty-of-social-sciences\/","og_locale":"fr_FR","og_type":"article","og_title":"Facult\u00e9 des sciences sociales - Bishop&#039;s University","og_description":"Les sciences sociales, c\u2019est l\u2019\u00e9tude de la soci\u00e9t\u00e9 et des relations humaines Explore l\u2019impact humain, et comprends mieux le comportement des gens. La Facult\u00e9 des sciences sociales propose une vaste gamme de cours et de programmes menant \u00e0 des dipl\u00f4mes de&nbsp;baccalaur\u00e9at \u00e8s arts (B.A.)&nbsp;ou de&nbsp;baccalaur\u00e9at \u00e8s sciences (B.Sc.)&nbsp;dans les domaines suivants : sciences \u00e9conomiques, environnement,...","og_url":"https:\/\/www.ubishops.ca\/fr\/programmes-d-etudes\/faculty-of-social-sciences\/","og_site_name":"Bishop&#039;s University","article_publisher":"https:\/\/www.facebook.com\/ubishops","article_modified_time":"2025-06-09T18:53:12+00:00","og_image":[{"width":800,"height":425,"url":"https:\/\/www.ubishops.ca\/wp-content\/uploads\/career-possibilities-psych-1.jpg","type":"image\/jpeg"}],"twitter_card":"summary_large_image","twitter_site":"@ubishops","twitter_misc":{"Dur\u00e9e de lecture estim\u00e9e":"2 minutes"},"schema":{"@context":"https:\/\/schema.org","@graph":[{"@type":"WebPage","@id":"https:\/\/www.ubishops.ca\/fr\/programmes-d-etudes\/faculty-of-social-sciences\/","url":"https:\/\/www.ubishops.ca\/fr\/programmes-d-etudes\/faculty-of-social-sciences\/","name":"Facult\u00e9 des sciences sociales - Bishop&#039;s University","isPartOf":{"@id":"https:\/\/www.ubishops.ca\/#website"},"primaryImageOfPage":{"@id":"https:\/\/www.ubishops.ca\/fr\/programmes-d-etudes\/faculty-of-social-sciences\/#primaryimage"},"image":{"@id":"https:\/\/www.ubishops.ca\/fr\/programmes-d-etudes\/faculty-of-social-sciences\/#primaryimage"},"thumbnailUrl":"https:\/\/www.ubishops.ca\/wp-content\/uploads\/career-possibilities-psych-1.jpg","datePublished":"2025-06-05T18:48:08+00:00","dateModified":"2025-06-09T18:53:12+00:00","breadcrumb":{"@id":"https:\/\/www.ubishops.ca\/fr\/programmes-d-etudes\/faculty-of-social-sciences\/#breadcrumb"},"inLanguage":"fr-FR","potentialAction":[{"@type":"ReadAction","target":["https:\/\/www.ubishops.ca\/fr\/programmes-d-etudes\/faculty-of-social-sciences\/"]}]},{"@type":"ImageObject","inLanguage":"fr-FR","@id":"https:\/\/www.ubishops.ca\/fr\/programmes-d-etudes\/faculty-of-social-sciences\/#primaryimage","url":"https:\/\/www.ubishops.ca\/wp-content\/uploads\/career-possibilities-psych-1.jpg","contentUrl":"https:\/\/www.ubishops.ca\/wp-content\/uploads\/career-possibilities-psych-1.jpg"},{"@type":"BreadcrumbList","@id":"https:\/\/www.ubishops.ca\/fr\/programmes-d-etudes\/faculty-of-social-sciences\/#breadcrumb","itemListElement":[{"@type":"ListItem","position":1,"name":"Accueil","item":"https:\/\/www.ubishops.ca\/fr\/"},{"@type":"ListItem","position":2,"name":"Programmes d&#8217;\u00e9tudes","item":"https:\/\/www.ubishops.ca\/fr\/programmes-d-etudes\/"},{"@type":"ListItem","position":3,"name":"Facult\u00e9 des sciences sociales"}]},{"@type":"WebSite","@id":"https:\/\/www.ubishops.ca\/#website","url":"https:\/\/www.ubishops.ca\/","name":"Bishop&#039;s University","description":"","potentialAction":[{"@type":"SearchAction","target":{"@type":"EntryPoint","urlTemplate":"https:\/\/www.ubishops.ca\/?s={search_term_string}"},"query-input":{"@type":"PropertyValueSpecification","valueRequired":true,"valueName":"search_term_string"}}],"inLanguage":"fr-FR"}]}},"taxonomy_info":[],"featured_image_src_large":false,"author_info":{"display_name":"Julie Fradette","author_link":"https:\/\/www.ubishops.ca\/fr\/author\/jfradett\/"},"comment_info":0,"publishpress_future_action":{"enabled":false,"date":"2026-04-15 11:18:40","action":"change-status","newStatus":"draft","terms":[],"taxonomy":"translation_priority","extraData":[]},"publishpress_future_workflow_manual_trigger":{"enabledWorkflows":[]},"_links":{"self":[{"href":"https:\/\/www.ubishops.ca\/fr\/wp-json\/wp\/v2\/pages\/124796","targetHints":{"allow":["GET"]}}],"collection":[{"href":"https:\/\/www.ubishops.ca\/fr\/wp-json\/wp\/v2\/pages"}],"about":[{"href":"https:\/\/www.ubishops.ca\/fr\/wp-json\/wp\/v2\/types\/page"}],"author":[{"embeddable":true,"href":"https:\/\/www.ubishops.ca\/fr\/wp-json\/wp\/v2\/users\/49"}],"replies":[{"embeddable":true,"href":"https:\/\/www.ubishops.ca\/fr\/wp-json\/wp\/v2\/comments?post=124796"}],"version-history":[{"count":3,"href":"https:\/\/www.ubishops.ca\/fr\/wp-json\/wp\/v2\/pages\/124796\/revisions"}],"predecessor-version":[{"id":124869,"href":"https:\/\/www.ubishops.ca\/fr\/wp-json\/wp\/v2\/pages\/124796\/revisions\/124869"}],"up":[{"embeddable":true,"href":"https:\/\/www.ubishops.ca\/fr\/wp-json\/wp\/v2\/pages\/3177"}],"wp:attachment":[{"href":"https:\/\/www.ubishops.ca\/fr\/wp-json\/wp\/v2\/media?parent=124796"}],"curies":[{"name":"wp","href":"https:\/\/api.w.org\/{rel}","templated":true}]}}