{"id":124730,"date":"2025-06-05T10:44:15","date_gmt":"2025-06-05T14:44:15","guid":{"rendered":"https:\/\/www.ubishops.ca\/programmes-d-etudes\/faculty-of-natural-sciences-and-mathematics\/"},"modified":"2025-06-05T10:59:46","modified_gmt":"2025-06-05T14:59:46","slug":"faculty-of-natural-sciences-and-mathematics","status":"publish","type":"page","link":"https:\/\/www.ubishops.ca\/fr\/programmes-d-etudes\/faculty-of-natural-sciences-and-mathematics\/","title":{"rendered":"Facult\u00e9 des sciences naturelles et math\u00e9matiques"},"content":{"rendered":"\n<h2 class=\"wp-block-heading\">Comprendre le monde qui t\u2019entoure<\/h2>\n\n\n\n<p>Les r\u00e9ponses \u00e0 plusieurs grands d\u00e9fis de notre \u00e9poque, comme le r\u00e9chauffement climatique, le g\u00e9nie g\u00e9n\u00e9tique, la production alimentaire ou la recherche de sources d\u2019\u00e9nergie alternatives, passent par les sciences.<\/p>\n\n\n\n<p>La Facult\u00e9 des sciences naturelles et math\u00e9matiques t\u2019offre une grande vari\u00e9t\u00e9 de cours, de programmes et de dipl\u00f4mes (B.Sc., B.A., M.Sc.) en biochimie, biologie, chimie, informatique, math\u00e9matiques, physique et astronomie.<\/p>\n\n\n\n<p>Tu peux aussi obtenir de l\u2019aide gratuite en maths, statistiques, physique et informatique gr\u00e2ce \u00e0 nos centres d\u2019entraide. Ces centres sont anim\u00e9s par des \u00e9tudiant\u00b7es avanc\u00e9\u00b7es ou des tuteur\u00b7rices professionnel\u00b7les, sous la supervision de profs. Et pour mettre l\u2019accent sur l\u2019apprentissage par la pratique, la facult\u00e9 dispose de laboratoires enti\u00e8rement r\u00e9nov\u00e9s et \u00e9quip\u00e9s d\u2019un mat\u00e9riel \u00e0 la fine pointe de la technologie.<\/p>\n\n\n\n<figure class=\"wp-block-image size-full\"><img decoding=\"async\" width=\"800\" height=\"475\" src=\"https:\/\/www.ubishops.ca\/wp-content\/uploads\/Chemistry_strength-1.jpg\" alt=\"\" class=\"wp-image-96437\" srcset=\"https:\/\/www.ubishops.ca\/wp-content\/uploads\/Chemistry_strength-1.jpg 800w, https:\/\/www.ubishops.ca\/wp-content\/uploads\/Chemistry_strength-1-300x178.jpg 300w, https:\/\/www.ubishops.ca\/wp-content\/uploads\/Chemistry_strength-1-150x89.jpg 150w, https:\/\/www.ubishops.ca\/wp-content\/uploads\/Chemistry_strength-1-768x456.jpg 768w\" sizes=\"(max-width: 800px) 100vw, 800px\" \/><\/figure>\n\n\n\n<p>Nos dipl\u00f4m\u00e9\u00b7es poursuivent des carri\u00e8res vari\u00e9es : m\u00e9decine, m\u00e9decine v\u00e9t\u00e9rinaire, dentisterie, recherche biom\u00e9dicale, g\u00e9nie, actuariat, statistiques, g\u00e9nie logiciel, pharmacologie, physioth\u00e9rapie, enseignement des sciences au primaire ou au secondaire, ou encore dans l\u2019industrie chimique.<\/p>\n\n\n\n<div class=\"wp-block-buttons is-layout-flex wp-block-buttons-is-layout-flex\">\n<div class=\"wp-block-button\"><a class=\"wp-block-button__link has-purple-background-color has-background wp-element-button\" href=\"https:\/\/www.ubishops.ca\/fr\/futurs-etudiants\/bishops-university-online-application\/\">Inscris-toi \u00e0 Bishop\u2019s<\/a><\/div>\n<\/div>\n\n\n\n<p>Tu ne sais pas encore quel programme te convient le mieux ? Tu as des questions sur les exigences particuli\u00e8res d\u2019un programme ? <a href=\"https:&#x2f;&#x2f;&#x6f;&#x75;&#x74;&#108;&#111;&#111;&#107;&#46;of&#x66;&#x69;&#x63;&#x65;&#x33;&#x36;&#53;&#46;&#99;om\/&#x6f;&#x77;&#x61;&#x2f;&#x63;&#x61;&#108;&#101;&#110;&#100;ar\/&#x4c;&#x61;&#x75;&#x72;&#x61;&#x52;&#101;&#122;&#108;esc&#x75;&#x40;&#x75;&#x62;&#x69;&#x73;&#104;&#111;&#112;&#115;&#46;ca\/bookings\/\">Prends rendez-vous avec Laura Rezlescu<\/a>, notre conseill\u00e8re acad\u00e9mique attitr\u00e9e aux sciences, ou \u00e9cris-lui \u00e0 l\u2019adresse suivante : <a href=\"&#x6d;&#x61;&#x69;&#x6c;&#x74;&#x6f;&#x3a;&#x73;&#99;&#105;&#101;&#110;&#99;&#101;&#97;dvis&#x6f;&#x72;&#x40;&#x75;&#x62;&#x69;&#x73;&#x68;&#x6f;&#112;&#115;&#46;&#99;&#97;\">&#x73;c&#x69;&#101;&#x6e;&#99;&#x65;&#x61;d&#x76;&#105;&#x73;&#111;&#x72;&#64;u&#x62;&#105;&#x73;&#104;&#x6f;&#112;s&#x2e;&#99;&#x61;<\/a>.<\/p>\n\n\n\n<p>Tu as des questions plus g\u00e9n\u00e9rales sur Bishop\u2019s ? Communique avec l\u2019\u00e9quipe du recrutement.<\/p>\n\n\n\n<div class=\"wp-block-buttons is-layout-flex wp-block-buttons-is-layout-flex\">\n<div class=\"wp-block-button is-style-outline is-style-outline--1\"><a class=\"wp-block-button__link wp-element-button\" href=\"https:\/\/www.ubishops.ca\/future-students\/contact-recruitment\/\">L\u2019\u00e9quipe du recrutement<\/a><\/div>\n<\/div>\n\n\n\n<h2 class=\"wp-block-heading\">Nos d\u00e9partements<\/h2>\n\n\n\n<ul class=\"wp-block-list is-style-with-links\">\n<li><a href=\"https:\/\/www.ubishops.ca\/academic-programs\/faculty-of-natural-sciences-and-mathematics\/biology-and-biochemistry\/\">Biologie et biochimie<\/a><\/li>\n\n\n\n<li><a href=\"https:\/\/www.ubishops.ca\/academic-programs\/faculty-of-natural-sciences-and-mathematics\/chemistry\/\">Chimie<\/a><\/li>\n\n\n\n<li><a href=\"https:\/\/www.ubishops.ca\/academic-programs\/faculty-of-natural-sciences-and-mathematics\/computer-science\/\">Sciences informatiques<\/a><\/li>\n\n\n\n<li><a href=\"https:\/\/www.ubishops.ca\/academic-programs\/faculty-of-natural-sciences-and-mathematics\/mathematics\/\">Math\u00e9matiques<\/a><\/li>\n\n\n\n<li><a href=\"https:\/\/www.ubishops.ca\/academic-programs\/faculty-of-natural-sciences-and-mathematics\/pre-medicine-program\/\">Programme pr\u00e9paratoire en m\u00e9decine<\/a><\/li>\n\n\n\n<li><a href=\"https:\/\/www.ubishops.ca\/academic-programs\/faculty-of-natural-sciences-and-mathematics\/physics-astronomy\/\">Physique et astronomie<\/a><\/li>\n<\/ul>\n\n\n\n<figure class=\"wp-block-image size-full\"><img decoding=\"async\" width=\"800\" height=\"475\" src=\"https:\/\/www.ubishops.ca\/wp-content\/uploads\/observatoire-600x360-1-1.jpg\" alt=\"\" class=\"wp-image-96439\" srcset=\"https:\/\/www.ubishops.ca\/wp-content\/uploads\/observatoire-600x360-1-1.jpg 800w, https:\/\/www.ubishops.ca\/wp-content\/uploads\/observatoire-600x360-1-1-300x178.jpg 300w, https:\/\/www.ubishops.ca\/wp-content\/uploads\/observatoire-600x360-1-1-150x89.jpg 150w, https:\/\/www.ubishops.ca\/wp-content\/uploads\/observatoire-600x360-1-1-768x456.jpg 768w\" sizes=\"(max-width: 800px) 100vw, 800px\" \/><\/figure>\n","protected":false},"excerpt":{"rendered":"<p>Comprendre le monde qui t\u2019entoure Les r\u00e9ponses \u00e0 plusieurs grands d\u00e9fis de notre \u00e9poque, comme le r\u00e9chauffement climatique, le g\u00e9nie g\u00e9n\u00e9tique, la production alimentaire ou la recherche de sources d\u2019\u00e9nergie alternatives, passent par les sciences. La Facult\u00e9 des sciences naturelles et math\u00e9matiques t\u2019offre une grande vari\u00e9t\u00e9 de cours, de programmes et de dipl\u00f4mes (B.Sc., B.A.,&#8230;<\/p>\n","protected":false},"author":49,"featured_media":0,"parent":3177,"menu_order":274,"comment_status":"closed","ping_status":"closed","template":"","meta":{"_acf_changed":false,"_cbd_carousel_blocks":"[]","_kad_blocks_custom_css":"","_kad_blocks_head_custom_js":"","_kad_blocks_body_custom_js":"","_kad_blocks_footer_custom_js":"","_kad_post_transparent":"","_kad_post_title":"","_kad_post_layout":"","_kad_post_sidebar_id":"","_kad_post_content_style":"","_kad_post_vertical_padding":"","_kad_post_feature":"","_kad_post_feature_position":"","_kad_post_header":false,"_kad_post_footer":false,"_kad_post_classname":"","footnotes":""},"class_list":["post-124730","page","type-page","status-publish","hentry"],"acf":[],"yoast_head":"<!-- This site is optimized with the Yoast SEO plugin v27.2 - https:\/\/yoast.com\/product\/yoast-seo-wordpress\/ -->\n<title>Facult\u00e9 des sciences naturelles et math\u00e9matiques - Bishop&#039;s University<\/title>\n<meta name=\"robots\" content=\"index, follow, max-snippet:-1, max-image-preview:large, max-video-preview:-1\" \/>\n<link rel=\"canonical\" href=\"https:\/\/www.ubishops.ca\/fr\/programmes-d-etudes\/faculty-of-natural-sciences-and-mathematics\/\" \/>\n<meta property=\"og:locale\" content=\"fr_FR\" \/>\n<meta property=\"og:type\" content=\"article\" \/>\n<meta property=\"og:title\" content=\"Facult\u00e9 des sciences naturelles et math\u00e9matiques - Bishop&#039;s University\" \/>\n<meta property=\"og:description\" content=\"Comprendre le monde qui t\u2019entoure Les r\u00e9ponses \u00e0 plusieurs grands d\u00e9fis de notre \u00e9poque, comme le r\u00e9chauffement climatique, le g\u00e9nie g\u00e9n\u00e9tique, la production alimentaire ou la recherche de sources d\u2019\u00e9nergie alternatives, passent par les sciences. La Facult\u00e9 des sciences naturelles et math\u00e9matiques t\u2019offre une grande vari\u00e9t\u00e9 de cours, de programmes et de dipl\u00f4mes (B.Sc., B.A.,...\" \/>\n<meta property=\"og:url\" content=\"https:\/\/www.ubishops.ca\/fr\/programmes-d-etudes\/faculty-of-natural-sciences-and-mathematics\/\" \/>\n<meta property=\"og:site_name\" content=\"Bishop&#039;s University\" \/>\n<meta property=\"article:publisher\" content=\"https:\/\/www.facebook.com\/ubishops\" \/>\n<meta property=\"article:modified_time\" content=\"2025-06-05T14:59:46+00:00\" \/>\n<meta property=\"og:image\" content=\"https:\/\/www.ubishops.ca\/wp-content\/uploads\/Chemistry_strength-1.jpg\" \/>\n\t<meta property=\"og:image:width\" content=\"800\" \/>\n\t<meta property=\"og:image:height\" content=\"475\" \/>\n\t<meta property=\"og:image:type\" content=\"image\/jpeg\" \/>\n<meta name=\"twitter:card\" content=\"summary_large_image\" \/>\n<meta name=\"twitter:site\" content=\"@ubishops\" \/>\n<meta name=\"twitter:label1\" content=\"Dur\u00e9e de lecture estim\u00e9e\" \/>\n\t<meta name=\"twitter:data1\" content=\"1 minute\" \/>\n<script type=\"application\/ld+json\" class=\"yoast-schema-graph\">{\"@context\":\"https:\/\/schema.org\",\"@graph\":[{\"@type\":\"WebPage\",\"@id\":\"https:\/\/www.ubishops.ca\/fr\/programmes-d-etudes\/faculty-of-natural-sciences-and-mathematics\/\",\"url\":\"https:\/\/www.ubishops.ca\/fr\/programmes-d-etudes\/faculty-of-natural-sciences-and-mathematics\/\",\"name\":\"Facult\u00e9 des sciences naturelles et math\u00e9matiques - Bishop&#039;s University\",\"isPartOf\":{\"@id\":\"https:\/\/www.ubishops.ca\/#website\"},\"primaryImageOfPage\":{\"@id\":\"https:\/\/www.ubishops.ca\/fr\/programmes-d-etudes\/faculty-of-natural-sciences-and-mathematics\/#primaryimage\"},\"image\":{\"@id\":\"https:\/\/www.ubishops.ca\/fr\/programmes-d-etudes\/faculty-of-natural-sciences-and-mathematics\/#primaryimage\"},\"thumbnailUrl\":\"https:\/\/www.ubishops.ca\/wp-content\/uploads\/Chemistry_strength-1.jpg\",\"datePublished\":\"2025-06-05T14:44:15+00:00\",\"dateModified\":\"2025-06-05T14:59:46+00:00\",\"breadcrumb\":{\"@id\":\"https:\/\/www.ubishops.ca\/fr\/programmes-d-etudes\/faculty-of-natural-sciences-and-mathematics\/#breadcrumb\"},\"inLanguage\":\"fr-FR\",\"potentialAction\":[{\"@type\":\"ReadAction\",\"target\":[\"https:\/\/www.ubishops.ca\/fr\/programmes-d-etudes\/faculty-of-natural-sciences-and-mathematics\/\"]}]},{\"@type\":\"ImageObject\",\"inLanguage\":\"fr-FR\",\"@id\":\"https:\/\/www.ubishops.ca\/fr\/programmes-d-etudes\/faculty-of-natural-sciences-and-mathematics\/#primaryimage\",\"url\":\"https:\/\/www.ubishops.ca\/wp-content\/uploads\/Chemistry_strength-1.jpg\",\"contentUrl\":\"https:\/\/www.ubishops.ca\/wp-content\/uploads\/Chemistry_strength-1.jpg\"},{\"@type\":\"BreadcrumbList\",\"@id\":\"https:\/\/www.ubishops.ca\/fr\/programmes-d-etudes\/faculty-of-natural-sciences-and-mathematics\/#breadcrumb\",\"itemListElement\":[{\"@type\":\"ListItem\",\"position\":1,\"name\":\"Accueil\",\"item\":\"https:\/\/www.ubishops.ca\/fr\/\"},{\"@type\":\"ListItem\",\"position\":2,\"name\":\"Programmes d&#8217;\u00e9tudes\",\"item\":\"https:\/\/www.ubishops.ca\/fr\/programmes-d-etudes\/\"},{\"@type\":\"ListItem\",\"position\":3,\"name\":\"Facult\u00e9 des sciences naturelles et math\u00e9matiques\"}]},{\"@type\":\"WebSite\",\"@id\":\"https:\/\/www.ubishops.ca\/#website\",\"url\":\"https:\/\/www.ubishops.ca\/\",\"name\":\"Bishop&#039;s University\",\"description\":\"\",\"potentialAction\":[{\"@type\":\"SearchAction\",\"target\":{\"@type\":\"EntryPoint\",\"urlTemplate\":\"https:\/\/www.ubishops.ca\/?s={search_term_string}\"},\"query-input\":{\"@type\":\"PropertyValueSpecification\",\"valueRequired\":true,\"valueName\":\"search_term_string\"}}],\"inLanguage\":\"fr-FR\"}]}<\/script>\n<!-- \/ Yoast SEO plugin. -->","yoast_head_json":{"title":"Facult\u00e9 des sciences naturelles et math\u00e9matiques - Bishop&#039;s University","robots":{"index":"index","follow":"follow","max-snippet":"max-snippet:-1","max-image-preview":"max-image-preview:large","max-video-preview":"max-video-preview:-1"},"canonical":"https:\/\/www.ubishops.ca\/fr\/programmes-d-etudes\/faculty-of-natural-sciences-and-mathematics\/","og_locale":"fr_FR","og_type":"article","og_title":"Facult\u00e9 des sciences naturelles et math\u00e9matiques - Bishop&#039;s University","og_description":"Comprendre le monde qui t\u2019entoure Les r\u00e9ponses \u00e0 plusieurs grands d\u00e9fis de notre \u00e9poque, comme le r\u00e9chauffement climatique, le g\u00e9nie g\u00e9n\u00e9tique, la production alimentaire ou la recherche de sources d\u2019\u00e9nergie alternatives, passent par les sciences. La Facult\u00e9 des sciences naturelles et math\u00e9matiques t\u2019offre une grande vari\u00e9t\u00e9 de cours, de programmes et de dipl\u00f4mes (B.Sc., B.A.,...","og_url":"https:\/\/www.ubishops.ca\/fr\/programmes-d-etudes\/faculty-of-natural-sciences-and-mathematics\/","og_site_name":"Bishop&#039;s University","article_publisher":"https:\/\/www.facebook.com\/ubishops","article_modified_time":"2025-06-05T14:59:46+00:00","og_image":[{"width":800,"height":475,"url":"https:\/\/www.ubishops.ca\/wp-content\/uploads\/Chemistry_strength-1.jpg","type":"image\/jpeg"}],"twitter_card":"summary_large_image","twitter_site":"@ubishops","twitter_misc":{"Dur\u00e9e de lecture estim\u00e9e":"1 minute"},"schema":{"@context":"https:\/\/schema.org","@graph":[{"@type":"WebPage","@id":"https:\/\/www.ubishops.ca\/fr\/programmes-d-etudes\/faculty-of-natural-sciences-and-mathematics\/","url":"https:\/\/www.ubishops.ca\/fr\/programmes-d-etudes\/faculty-of-natural-sciences-and-mathematics\/","name":"Facult\u00e9 des sciences naturelles et math\u00e9matiques - Bishop&#039;s University","isPartOf":{"@id":"https:\/\/www.ubishops.ca\/#website"},"primaryImageOfPage":{"@id":"https:\/\/www.ubishops.ca\/fr\/programmes-d-etudes\/faculty-of-natural-sciences-and-mathematics\/#primaryimage"},"image":{"@id":"https:\/\/www.ubishops.ca\/fr\/programmes-d-etudes\/faculty-of-natural-sciences-and-mathematics\/#primaryimage"},"thumbnailUrl":"https:\/\/www.ubishops.ca\/wp-content\/uploads\/Chemistry_strength-1.jpg","datePublished":"2025-06-05T14:44:15+00:00","dateModified":"2025-06-05T14:59:46+00:00","breadcrumb":{"@id":"https:\/\/www.ubishops.ca\/fr\/programmes-d-etudes\/faculty-of-natural-sciences-and-mathematics\/#breadcrumb"},"inLanguage":"fr-FR","potentialAction":[{"@type":"ReadAction","target":["https:\/\/www.ubishops.ca\/fr\/programmes-d-etudes\/faculty-of-natural-sciences-and-mathematics\/"]}]},{"@type":"ImageObject","inLanguage":"fr-FR","@id":"https:\/\/www.ubishops.ca\/fr\/programmes-d-etudes\/faculty-of-natural-sciences-and-mathematics\/#primaryimage","url":"https:\/\/www.ubishops.ca\/wp-content\/uploads\/Chemistry_strength-1.jpg","contentUrl":"https:\/\/www.ubishops.ca\/wp-content\/uploads\/Chemistry_strength-1.jpg"},{"@type":"BreadcrumbList","@id":"https:\/\/www.ubishops.ca\/fr\/programmes-d-etudes\/faculty-of-natural-sciences-and-mathematics\/#breadcrumb","itemListElement":[{"@type":"ListItem","position":1,"name":"Accueil","item":"https:\/\/www.ubishops.ca\/fr\/"},{"@type":"ListItem","position":2,"name":"Programmes d&#8217;\u00e9tudes","item":"https:\/\/www.ubishops.ca\/fr\/programmes-d-etudes\/"},{"@type":"ListItem","position":3,"name":"Facult\u00e9 des sciences naturelles et math\u00e9matiques"}]},{"@type":"WebSite","@id":"https:\/\/www.ubishops.ca\/#website","url":"https:\/\/www.ubishops.ca\/","name":"Bishop&#039;s University","description":"","potentialAction":[{"@type":"SearchAction","target":{"@type":"EntryPoint","urlTemplate":"https:\/\/www.ubishops.ca\/?s={search_term_string}"},"query-input":{"@type":"PropertyValueSpecification","valueRequired":true,"valueName":"search_term_string"}}],"inLanguage":"fr-FR"}]}},"taxonomy_info":[],"featured_image_src_large":false,"author_info":{"display_name":"Julie Fradette","author_link":"https:\/\/www.ubishops.ca\/fr\/author\/jfradett\/"},"comment_info":0,"publishpress_future_action":{"enabled":false,"date":"2026-04-15 11:18:40","action":"change-status","newStatus":"draft","terms":[],"taxonomy":"translation_priority","extraData":[]},"publishpress_future_workflow_manual_trigger":{"enabledWorkflows":[]},"_links":{"self":[{"href":"https:\/\/www.ubishops.ca\/fr\/wp-json\/wp\/v2\/pages\/124730","targetHints":{"allow":["GET"]}}],"collection":[{"href":"https:\/\/www.ubishops.ca\/fr\/wp-json\/wp\/v2\/pages"}],"about":[{"href":"https:\/\/www.ubishops.ca\/fr\/wp-json\/wp\/v2\/types\/page"}],"author":[{"embeddable":true,"href":"https:\/\/www.ubishops.ca\/fr\/wp-json\/wp\/v2\/users\/49"}],"replies":[{"embeddable":true,"href":"https:\/\/www.ubishops.ca\/fr\/wp-json\/wp\/v2\/comments?post=124730"}],"version-history":[{"count":1,"href":"https:\/\/www.ubishops.ca\/fr\/wp-json\/wp\/v2\/pages\/124730\/revisions"}],"predecessor-version":[{"id":124737,"href":"https:\/\/www.ubishops.ca\/fr\/wp-json\/wp\/v2\/pages\/124730\/revisions\/124737"}],"up":[{"embeddable":true,"href":"https:\/\/www.ubishops.ca\/fr\/wp-json\/wp\/v2\/pages\/3177"}],"wp:attachment":[{"href":"https:\/\/www.ubishops.ca\/fr\/wp-json\/wp\/v2\/media?parent=124730"}],"curies":[{"name":"wp","href":"https:\/\/api.w.org\/{rel}","templated":true}]}}