{"id":124490,"date":"2025-02-14T11:19:29","date_gmt":"2025-02-14T16:19:29","guid":{"rendered":"https:\/\/www.ubishops.ca\/psychology-clinic\/waiting-list\/"},"modified":"2025-08-13T15:20:10","modified_gmt":"2025-08-13T19:20:10","slug":"liste-attente","status":"publish","type":"page","link":"https:\/\/www.ubishops.ca\/fr\/programmes-d-etudes\/faculty-of-social-sciences\/clinique-de-psychologie\/liste-attente\/","title":{"rendered":"Liste d&rsquo;attente"},"content":{"rendered":"\n<p><strong><strong>Veuillez noter que la liste d\u2019attente pour l\u2019\u00e9valuation individuelle et la th\u00e9rapie (enfants et adultes) sera ouverte de juin 2025 \u00e0 ao\u00fbt 2025.<\/strong><\/strong><\/p>\n\n\n\n<p>Les renseignements concernant les psychoth\u00e9rapies de groupe seront diffus\u00e9s sous peu.<\/p>\n\n\n\n<p><strong>Important :<\/strong><\/p>\n\n\n\n<ul class=\"wp-block-list\">\n<li>Nous ne prendrons pas de demande de services avant ces dates.<\/li>\n\n\n\n<li>Lors de d\u00e9sistements de personnes sur ces listes d\u2019attente, les places lib\u00e9r\u00e9es seront affich\u00e9es sur cette page.<\/li>\n\n\n\n<li>Les informations sur cette page sont mises \u00e0 jour r\u00e9guli\u00e8rement.<\/li>\n<\/ul>\n\n\n\n<h2 class=\"wp-block-heading\">Proc\u00e9dure :<\/h2>\n\n\n\n<p>Lorsque les listes seront ouvertes, vous pourrez faire votre demande par t\u00e9l\u00e9phone au 819 822-9600 poste 2009 en laissant un message d\u00e9taill\u00e9. Les appels seront retourn\u00e9s selon l\u2019ordre d\u2019entr\u00e9e. AUCUNE demande par courriel ne sera accept\u00e9e.<\/p>\n\n\n\n<p><strong>Retour d&rsquo;appel :<\/strong><br>Pour des raisons de confidentialit\u00e9, nous ne laissons pas de message t\u00e9l\u00e9phonique lorsque nous retournons les appels. \u00c9galement, prendre note que le num\u00e9ro de la clinique n\u2019affiche pas lorsque nous appelons.<\/p>\n\n\n\n<h2 class=\"wp-block-heading\">Autres ressources<\/h2>\n\n\n\n<p><strong>La clinique n\u2019offre pas de services d\u2019urgence psychologique. Veuillez utiliser les ressources suivantes pour obtenir de l\u2019aide imm\u00e9diate :<\/strong><\/p>\n\n\n\n<ul class=\"wp-block-list\">\n<li>Vous pensez au suicide? Vous vous inqui\u00e9tez pour un proche? Vous vivez un deuil? <strong><a href=\"https:\/\/suicide.ca\/fr\">Consultez suicide.ca pour obtenir de l\u2019aide<\/a>.<\/strong><\/li>\n\n\n\n<li><a href=\"https:\/\/www.ubishops.ca\/student-services\/counselling\/resources\/\">Ressources hors campus<\/a><\/li>\n<\/ul>\n\n\n\n<p><strong><strong>Si vous \u00eates \u00e9tudiant(e) \u00e0 Bishop\u2019s :<\/strong><\/strong><\/p>\n\n\n\n<ul class=\"wp-block-list\">\n<li><a href=\"https:\/\/www.ubishops.ca\/fr\/services-aux-etudiants\/soutien-et-de-prevention-des-violences-a-caractere-sexuel\/\">Centre de soutien et de pr\u00e9vention des violences \u00e0 caract\u00e8re sexuel (CSPVACS)<\/a><\/li>\n\n\n\n<li><a href=\"https:\/\/www.ubishops.ca\/fr\/services-aux-etudiants\/counselling\/\">Counseling<\/a><\/li>\n<\/ul>\n\n\n\n<p><strong><strong>Si vous \u00eates membre du personnel ou du corps professoral de Bishop\u2019s :<\/strong><\/strong><\/p>\n\n\n\n<ul class=\"wp-block-list\">\n<li><a href=\"https:\/\/universitybishops.sharepoint.com\/sites\/myBU-HealthandSafety\/SitePages\/SanteEtSecurity.aspx\">Service de soutien au bien-\u00eatre des employ\u00e9s<\/a><\/li>\n<\/ul>\n\n\n\n<h3 class=\"wp-block-heading\"><strong>Application SAFEGaiter<\/strong><\/h3>\n\n\n\n<div class=\"wp-block-media-text is-stacked-on-mobile is-vertically-aligned-top\" style=\"grid-template-columns:30% auto\"><figure class=\"wp-block-media-text__media\"><img decoding=\"async\" width=\"600\" height=\"350\" src=\"https:\/\/www.ubishops.ca\/wp-content\/uploads\/SafeGaiter-APP.jpg\" alt=\"SafeGaiter App\" class=\"wp-image-84180 size-full\" srcset=\"https:\/\/www.ubishops.ca\/wp-content\/uploads\/SafeGaiter-APP.jpg 600w, https:\/\/www.ubishops.ca\/wp-content\/uploads\/SafeGaiter-APP-300x175.jpg 300w, https:\/\/www.ubishops.ca\/wp-content\/uploads\/SafeGaiter-APP-150x88.jpg 150w\" sizes=\"(max-width: 600px) 100vw, 600px\" \/><\/figure><div class=\"wp-block-media-text__content\">\n<p>Nous vous encourageons \u00e0 consulter <a href=\"https:\/\/www.ubishops.ca\/student-services\/security-department\/emergency-information\/\">nos proc\u00e9dures d\u2019urgence<\/a> et \u00e0 t\u00e9l\u00e9charger notre application SAFEGaiter. Cette application vous permet de recevoir instantan\u00e9ment des messages et des consignes en cas d\u2019urgence, et offre un acc\u00e8s rapide pour contacter la s\u00e9curit\u00e9 du campus. Nous vous recommandons fortement d\u2019installer cette application sur votre t\u00e9l\u00e9phone et d\u2019activer les notifications. L\u2019application est disponible pour iPhone et Android.<\/p>\n\n\n\n<div class=\"wp-block-buttons is-layout-flex wp-block-buttons-is-layout-flex\">\n<div class=\"wp-block-button\"><a class=\"wp-block-button__link has-white-color has-purple-background-color has-text-color has-background has-link-color wp-element-button\" href=\"https:\/\/ubishops.apparmor.com\/clients\/ubishops.ca\/\"><strong>T\u00e9l\u00e9charger l\u2019application SAFEGaiter<\/strong><\/a><\/div>\n<\/div>\n<\/div><\/div>\n","protected":false},"excerpt":{"rendered":"<p>Veuillez noter que la liste d\u2019attente pour l\u2019\u00e9valuation individuelle et la th\u00e9rapie (enfants et adultes) sera ouverte de juin 2025 \u00e0 ao\u00fbt 2025. Les renseignements concernant les psychoth\u00e9rapies de groupe seront diffus\u00e9s sous peu. Important : Proc\u00e9dure : Lorsque les listes seront ouvertes, vous pourrez faire votre demande par t\u00e9l\u00e9phone au 819 822-9600 poste 2009&#8230;<\/p>\n","protected":false},"author":49,"featured_media":0,"parent":124485,"menu_order":0,"comment_status":"closed","ping_status":"closed","template":"","meta":{"_acf_changed":false,"_cbd_carousel_blocks":"[]","_kad_blocks_custom_css":"","_kad_blocks_head_custom_js":"","_kad_blocks_body_custom_js":"","_kad_blocks_footer_custom_js":"","_kad_post_transparent":"","_kad_post_title":"","_kad_post_layout":"","_kad_post_sidebar_id":"","_kad_post_content_style":"","_kad_post_vertical_padding":"","_kad_post_feature":"","_kad_post_feature_position":"","_kad_post_header":false,"_kad_post_footer":false,"_kad_post_classname":"","footnotes":""},"class_list":["post-124490","page","type-page","status-publish","hentry"],"acf":[],"yoast_head":"<!-- This site is optimized with the Yoast SEO plugin v27.2 - https:\/\/yoast.com\/product\/yoast-seo-wordpress\/ -->\n<title>Liste d&#039;attente - Bishop&#039;s University<\/title>\n<meta name=\"robots\" content=\"index, follow, max-snippet:-1, max-image-preview:large, max-video-preview:-1\" \/>\n<link rel=\"canonical\" href=\"https:\/\/www.ubishops.ca\/fr\/programmes-d-etudes\/faculty-of-social-sciences\/clinique-de-psychologie\/liste-attente\/\" \/>\n<meta property=\"og:locale\" content=\"fr_FR\" \/>\n<meta property=\"og:type\" content=\"article\" \/>\n<meta property=\"og:title\" content=\"Liste d&#039;attente - Bishop&#039;s University\" \/>\n<meta property=\"og:description\" content=\"Veuillez noter que la liste d\u2019attente pour l\u2019\u00e9valuation individuelle et la th\u00e9rapie (enfants et adultes) sera ouverte de juin 2025 \u00e0 ao\u00fbt 2025. Les renseignements concernant les psychoth\u00e9rapies de groupe seront diffus\u00e9s sous peu. Important : Proc\u00e9dure : Lorsque les listes seront ouvertes, vous pourrez faire votre demande par t\u00e9l\u00e9phone au 819 822-9600 poste 2009...\" \/>\n<meta property=\"og:url\" content=\"https:\/\/www.ubishops.ca\/fr\/programmes-d-etudes\/faculty-of-social-sciences\/clinique-de-psychologie\/liste-attente\/\" \/>\n<meta property=\"og:site_name\" content=\"Bishop&#039;s University\" \/>\n<meta property=\"article:publisher\" content=\"https:\/\/www.facebook.com\/ubishops\" \/>\n<meta property=\"article:modified_time\" content=\"2025-08-13T19:20:10+00:00\" \/>\n<meta property=\"og:image\" content=\"https:\/\/www.ubishops.ca\/wp-content\/uploads\/SafeGaiter-APP.jpg\" \/>\n\t<meta property=\"og:image:width\" content=\"600\" \/>\n\t<meta property=\"og:image:height\" content=\"350\" \/>\n\t<meta property=\"og:image:type\" content=\"image\/jpeg\" \/>\n<meta name=\"twitter:card\" content=\"summary_large_image\" \/>\n<meta name=\"twitter:site\" content=\"@ubishops\" \/>\n<meta name=\"twitter:label1\" content=\"Dur\u00e9e de lecture estim\u00e9e\" \/>\n\t<meta name=\"twitter:data1\" content=\"2 minutes\" \/>\n<script type=\"application\/ld+json\" class=\"yoast-schema-graph\">{\"@context\":\"https:\/\/schema.org\",\"@graph\":[{\"@type\":\"WebPage\",\"@id\":\"https:\/\/www.ubishops.ca\/fr\/programmes-d-etudes\/faculty-of-social-sciences\/clinique-de-psychologie\/liste-attente\/\",\"url\":\"https:\/\/www.ubishops.ca\/fr\/programmes-d-etudes\/faculty-of-social-sciences\/clinique-de-psychologie\/liste-attente\/\",\"name\":\"Liste d'attente - Bishop&#039;s University\",\"isPartOf\":{\"@id\":\"https:\/\/www.ubishops.ca\/#website\"},\"primaryImageOfPage\":{\"@id\":\"https:\/\/www.ubishops.ca\/fr\/programmes-d-etudes\/faculty-of-social-sciences\/clinique-de-psychologie\/liste-attente\/#primaryimage\"},\"image\":{\"@id\":\"https:\/\/www.ubishops.ca\/fr\/programmes-d-etudes\/faculty-of-social-sciences\/clinique-de-psychologie\/liste-attente\/#primaryimage\"},\"thumbnailUrl\":\"https:\/\/www.ubishops.ca\/wp-content\/uploads\/SafeGaiter-APP.jpg\",\"datePublished\":\"2025-02-14T16:19:29+00:00\",\"dateModified\":\"2025-08-13T19:20:10+00:00\",\"breadcrumb\":{\"@id\":\"https:\/\/www.ubishops.ca\/fr\/programmes-d-etudes\/faculty-of-social-sciences\/clinique-de-psychologie\/liste-attente\/#breadcrumb\"},\"inLanguage\":\"fr-FR\",\"potentialAction\":[{\"@type\":\"ReadAction\",\"target\":[\"https:\/\/www.ubishops.ca\/fr\/programmes-d-etudes\/faculty-of-social-sciences\/clinique-de-psychologie\/liste-attente\/\"]}]},{\"@type\":\"ImageObject\",\"inLanguage\":\"fr-FR\",\"@id\":\"https:\/\/www.ubishops.ca\/fr\/programmes-d-etudes\/faculty-of-social-sciences\/clinique-de-psychologie\/liste-attente\/#primaryimage\",\"url\":\"https:\/\/www.ubishops.ca\/wp-content\/uploads\/SafeGaiter-APP.jpg\",\"contentUrl\":\"https:\/\/www.ubishops.ca\/wp-content\/uploads\/SafeGaiter-APP.jpg\"},{\"@type\":\"BreadcrumbList\",\"@id\":\"https:\/\/www.ubishops.ca\/fr\/programmes-d-etudes\/faculty-of-social-sciences\/clinique-de-psychologie\/liste-attente\/#breadcrumb\",\"itemListElement\":[{\"@type\":\"ListItem\",\"position\":1,\"name\":\"Accueil\",\"item\":\"https:\/\/www.ubishops.ca\/fr\/\"},{\"@type\":\"ListItem\",\"position\":2,\"name\":\"Programmes d&#8217;\u00e9tudes\",\"item\":\"https:\/\/www.ubishops.ca\/fr\/programmes-d-etudes\/\"},{\"@type\":\"ListItem\",\"position\":3,\"name\":\"Facult\u00e9 des sciences sociales\",\"item\":\"https:\/\/www.ubishops.ca\/fr\/programmes-d-etudes\/faculty-of-social-sciences\/\"},{\"@type\":\"ListItem\",\"position\":4,\"name\":\"Clinique universitaire de psychologie de Bishop\u2019s\",\"item\":\"https:\/\/www.ubishops.ca\/fr\/programmes-d-etudes\/faculty-of-social-sciences\/clinique-de-psychologie\/\"},{\"@type\":\"ListItem\",\"position\":5,\"name\":\"Liste d&#8217;attente\"}]},{\"@type\":\"WebSite\",\"@id\":\"https:\/\/www.ubishops.ca\/#website\",\"url\":\"https:\/\/www.ubishops.ca\/\",\"name\":\"Bishop&#039;s University\",\"description\":\"\",\"potentialAction\":[{\"@type\":\"SearchAction\",\"target\":{\"@type\":\"EntryPoint\",\"urlTemplate\":\"https:\/\/www.ubishops.ca\/?s={search_term_string}\"},\"query-input\":{\"@type\":\"PropertyValueSpecification\",\"valueRequired\":true,\"valueName\":\"search_term_string\"}}],\"inLanguage\":\"fr-FR\"}]}<\/script>\n<!-- \/ Yoast SEO plugin. -->","yoast_head_json":{"title":"Liste d'attente - Bishop&#039;s University","robots":{"index":"index","follow":"follow","max-snippet":"max-snippet:-1","max-image-preview":"max-image-preview:large","max-video-preview":"max-video-preview:-1"},"canonical":"https:\/\/www.ubishops.ca\/fr\/programmes-d-etudes\/faculty-of-social-sciences\/clinique-de-psychologie\/liste-attente\/","og_locale":"fr_FR","og_type":"article","og_title":"Liste d'attente - Bishop&#039;s University","og_description":"Veuillez noter que la liste d\u2019attente pour l\u2019\u00e9valuation individuelle et la th\u00e9rapie (enfants et adultes) sera ouverte de juin 2025 \u00e0 ao\u00fbt 2025. Les renseignements concernant les psychoth\u00e9rapies de groupe seront diffus\u00e9s sous peu. Important : Proc\u00e9dure : Lorsque les listes seront ouvertes, vous pourrez faire votre demande par t\u00e9l\u00e9phone au 819 822-9600 poste 2009...","og_url":"https:\/\/www.ubishops.ca\/fr\/programmes-d-etudes\/faculty-of-social-sciences\/clinique-de-psychologie\/liste-attente\/","og_site_name":"Bishop&#039;s University","article_publisher":"https:\/\/www.facebook.com\/ubishops","article_modified_time":"2025-08-13T19:20:10+00:00","og_image":[{"width":600,"height":350,"url":"https:\/\/www.ubishops.ca\/wp-content\/uploads\/SafeGaiter-APP.jpg","type":"image\/jpeg"}],"twitter_card":"summary_large_image","twitter_site":"@ubishops","twitter_misc":{"Dur\u00e9e de lecture estim\u00e9e":"2 minutes"},"schema":{"@context":"https:\/\/schema.org","@graph":[{"@type":"WebPage","@id":"https:\/\/www.ubishops.ca\/fr\/programmes-d-etudes\/faculty-of-social-sciences\/clinique-de-psychologie\/liste-attente\/","url":"https:\/\/www.ubishops.ca\/fr\/programmes-d-etudes\/faculty-of-social-sciences\/clinique-de-psychologie\/liste-attente\/","name":"Liste d'attente - Bishop&#039;s University","isPartOf":{"@id":"https:\/\/www.ubishops.ca\/#website"},"primaryImageOfPage":{"@id":"https:\/\/www.ubishops.ca\/fr\/programmes-d-etudes\/faculty-of-social-sciences\/clinique-de-psychologie\/liste-attente\/#primaryimage"},"image":{"@id":"https:\/\/www.ubishops.ca\/fr\/programmes-d-etudes\/faculty-of-social-sciences\/clinique-de-psychologie\/liste-attente\/#primaryimage"},"thumbnailUrl":"https:\/\/www.ubishops.ca\/wp-content\/uploads\/SafeGaiter-APP.jpg","datePublished":"2025-02-14T16:19:29+00:00","dateModified":"2025-08-13T19:20:10+00:00","breadcrumb":{"@id":"https:\/\/www.ubishops.ca\/fr\/programmes-d-etudes\/faculty-of-social-sciences\/clinique-de-psychologie\/liste-attente\/#breadcrumb"},"inLanguage":"fr-FR","potentialAction":[{"@type":"ReadAction","target":["https:\/\/www.ubishops.ca\/fr\/programmes-d-etudes\/faculty-of-social-sciences\/clinique-de-psychologie\/liste-attente\/"]}]},{"@type":"ImageObject","inLanguage":"fr-FR","@id":"https:\/\/www.ubishops.ca\/fr\/programmes-d-etudes\/faculty-of-social-sciences\/clinique-de-psychologie\/liste-attente\/#primaryimage","url":"https:\/\/www.ubishops.ca\/wp-content\/uploads\/SafeGaiter-APP.jpg","contentUrl":"https:\/\/www.ubishops.ca\/wp-content\/uploads\/SafeGaiter-APP.jpg"},{"@type":"BreadcrumbList","@id":"https:\/\/www.ubishops.ca\/fr\/programmes-d-etudes\/faculty-of-social-sciences\/clinique-de-psychologie\/liste-attente\/#breadcrumb","itemListElement":[{"@type":"ListItem","position":1,"name":"Accueil","item":"https:\/\/www.ubishops.ca\/fr\/"},{"@type":"ListItem","position":2,"name":"Programmes d&#8217;\u00e9tudes","item":"https:\/\/www.ubishops.ca\/fr\/programmes-d-etudes\/"},{"@type":"ListItem","position":3,"name":"Facult\u00e9 des sciences sociales","item":"https:\/\/www.ubishops.ca\/fr\/programmes-d-etudes\/faculty-of-social-sciences\/"},{"@type":"ListItem","position":4,"name":"Clinique universitaire de psychologie de Bishop\u2019s","item":"https:\/\/www.ubishops.ca\/fr\/programmes-d-etudes\/faculty-of-social-sciences\/clinique-de-psychologie\/"},{"@type":"ListItem","position":5,"name":"Liste d&#8217;attente"}]},{"@type":"WebSite","@id":"https:\/\/www.ubishops.ca\/#website","url":"https:\/\/www.ubishops.ca\/","name":"Bishop&#039;s University","description":"","potentialAction":[{"@type":"SearchAction","target":{"@type":"EntryPoint","urlTemplate":"https:\/\/www.ubishops.ca\/?s={search_term_string}"},"query-input":{"@type":"PropertyValueSpecification","valueRequired":true,"valueName":"search_term_string"}}],"inLanguage":"fr-FR"}]}},"taxonomy_info":[],"featured_image_src_large":false,"author_info":{"display_name":"Julie Fradette","author_link":"https:\/\/www.ubishops.ca\/fr\/author\/jfradett\/"},"comment_info":0,"publishpress_future_action":{"enabled":false,"date":"2026-04-15 14:50:02","action":"change-status","newStatus":"draft","terms":[],"taxonomy":"translation_priority","extraData":[]},"publishpress_future_workflow_manual_trigger":{"enabledWorkflows":[]},"_links":{"self":[{"href":"https:\/\/www.ubishops.ca\/fr\/wp-json\/wp\/v2\/pages\/124490","targetHints":{"allow":["GET"]}}],"collection":[{"href":"https:\/\/www.ubishops.ca\/fr\/wp-json\/wp\/v2\/pages"}],"about":[{"href":"https:\/\/www.ubishops.ca\/fr\/wp-json\/wp\/v2\/types\/page"}],"author":[{"embeddable":true,"href":"https:\/\/www.ubishops.ca\/fr\/wp-json\/wp\/v2\/users\/49"}],"replies":[{"embeddable":true,"href":"https:\/\/www.ubishops.ca\/fr\/wp-json\/wp\/v2\/comments?post=124490"}],"version-history":[{"count":10,"href":"https:\/\/www.ubishops.ca\/fr\/wp-json\/wp\/v2\/pages\/124490\/revisions"}],"predecessor-version":[{"id":126244,"href":"https:\/\/www.ubishops.ca\/fr\/wp-json\/wp\/v2\/pages\/124490\/revisions\/126244"}],"up":[{"embeddable":true,"href":"https:\/\/www.ubishops.ca\/fr\/wp-json\/wp\/v2\/pages\/124485"}],"wp:attachment":[{"href":"https:\/\/www.ubishops.ca\/fr\/wp-json\/wp\/v2\/media?parent=124490"}],"curies":[{"name":"wp","href":"https:\/\/api.w.org\/{rel}","templated":true}]}}