{"id":124485,"date":"2024-11-14T13:17:43","date_gmt":"2024-11-14T18:17:43","guid":{"rendered":"https:\/\/www.ubishops.ca\/psychology-clinic\/"},"modified":"2025-08-13T15:19:27","modified_gmt":"2025-08-13T19:19:27","slug":"clinique-de-psychologie","status":"publish","type":"page","link":"https:\/\/www.ubishops.ca\/fr\/programmes-d-etudes\/faculty-of-social-sciences\/clinique-de-psychologie\/","title":{"rendered":"Clinique universitaire de psychologie de Bishop\u2019s"},"content":{"rendered":"\n<p>La Clinique universitaire de psychologie (CUP) est d\u00e9di\u00e9e \u00e0 la formation professionnelle des \u00e9tudiants en psychologie ainsi qu&rsquo;\u00e0 la recherche universitaire en psychologie. La clinique offre des services psychologiques en fran\u00e7ais et en anglais \u00e0 la communaut\u00e9.<\/p>\n\n\n\n<p>Notre \u00e9quipe est compos\u00e9e d\u2019\u00e9tudiants au doctorat en psychologie clinique. Ils sont supervis\u00e9s par des psychologues cliniciens, membres de l\u2019Ordre des psychologues du Qu\u00e9bec.<\/p>\n\n\n\n<h2 class=\"wp-block-heading\">Services<\/h2>\n\n\n\n<p>Les services psychologiques (\u00e9valuation et th\u00e9rapie) sont disponibles pour les client\u00e8les et probl\u00e9matiques suivantes :<\/p>\n\n\n<style>.kt-accordion-id124485_0a50e6-70 .kt-accordion-inner-wrap{column-gap:var(--global-kb-gap-md, 2rem);row-gap:10px;}.kt-accordion-id124485_0a50e6-70 .kt-accordion-panel-inner{border-top:0px solid transparent;border-right:1px solid transparent;border-bottom:1px solid transparent;border-left:1px solid transparent;background:#ffffff;padding-top:var(--global-kb-spacing-sm, 1.5rem);padding-right:var(--global-kb-spacing-sm, 1.5rem);padding-bottom:var(--global-kb-spacing-sm, 1.5rem);padding-left:var(--global-kb-spacing-sm, 1.5rem);}.kt-accordion-id124485_0a50e6-70 > .kt-accordion-inner-wrap > .wp-block-kadence-pane > .kt-accordion-header-wrap > .kt-blocks-accordion-header{border-top:1px solid #eeeeee;border-right:1px solid #eeeeee;border-bottom:1px solid #eeeeee;border-left:2px solid #eeeeee;border-top-left-radius:0px;border-top-right-radius:0px;border-bottom-right-radius:0px;border-bottom-left-radius:0px;background:#ffffff;color:#444444;padding-top:14px;padding-right:16px;padding-bottom:14px;padding-left:16px;}.kt-accordion-id124485_0a50e6-70:not( .kt-accodion-icon-style-basiccircle ):not( .kt-accodion-icon-style-xclosecircle ):not( .kt-accodion-icon-style-arrowcircle )  > .kt-accordion-inner-wrap > .wp-block-kadence-pane > .kt-accordion-header-wrap .kt-blocks-accordion-icon-trigger:after, .kt-accordion-id124485_0a50e6-70:not( .kt-accodion-icon-style-basiccircle ):not( .kt-accodion-icon-style-xclosecircle ):not( .kt-accodion-icon-style-arrowcircle )  > .kt-accordion-inner-wrap > .wp-block-kadence-pane > .kt-accordion-header-wrap .kt-blocks-accordion-icon-trigger:before{background:#444444;}.kt-accordion-id124485_0a50e6-70:not( .kt-accodion-icon-style-basic ):not( .kt-accodion-icon-style-xclose ):not( .kt-accodion-icon-style-arrow ) .kt-blocks-accordion-icon-trigger{background:#444444;}.kt-accordion-id124485_0a50e6-70:not( .kt-accodion-icon-style-basic ):not( .kt-accodion-icon-style-xclose ):not( .kt-accodion-icon-style-arrow ) .kt-blocks-accordion-icon-trigger:after, .kt-accordion-id124485_0a50e6-70:not( .kt-accodion-icon-style-basic ):not( .kt-accodion-icon-style-xclose ):not( .kt-accodion-icon-style-arrow ) .kt-blocks-accordion-icon-trigger:before{background:#ffffff;}.kt-accordion-id124485_0a50e6-70 > .kt-accordion-inner-wrap > .wp-block-kadence-pane > .kt-accordion-header-wrap > .kt-blocks-accordion-header:hover, \n\t\t\t\tbody:not(.hide-focus-outline) .kt-accordion-id124485_0a50e6-70 .kt-blocks-accordion-header:focus-visible{color:#444444;background:#ffffff;border-top-color:#d4d4d4;border-top-style:solid;border-right-color:#d4d4d4;border-right-style:solid;border-bottom-color:#d4d4d4;border-bottom-style:solid;border-left-color:#d4d4d4;border-left-style:solid;}.kt-accordion-id124485_0a50e6-70:not( .kt-accodion-icon-style-basiccircle ):not( .kt-accodion-icon-style-xclosecircle ):not( .kt-accodion-icon-style-arrowcircle ) .kt-accordion-header-wrap .kt-blocks-accordion-header:hover .kt-blocks-accordion-icon-trigger:after, .kt-accordion-id124485_0a50e6-70:not( .kt-accodion-icon-style-basiccircle ):not( .kt-accodion-icon-style-xclosecircle ):not( .kt-accodion-icon-style-arrowcircle ) .kt-accordion-header-wrap .kt-blocks-accordion-header:hover .kt-blocks-accordion-icon-trigger:before, body:not(.hide-focus-outline) .kt-accordion-id124485_0a50e6-70:not( .kt-accodion-icon-style-basiccircle ):not( .kt-accodion-icon-style-xclosecircle ):not( .kt-accodion-icon-style-arrowcircle ) .kt-blocks-accordion--visible .kt-blocks-accordion-icon-trigger:after, body:not(.hide-focus-outline) .kt-accordion-id124485_0a50e6-70:not( .kt-accodion-icon-style-basiccircle ):not( .kt-accodion-icon-style-xclosecircle ):not( .kt-accodion-icon-style-arrowcircle ) .kt-blocks-accordion-header:focus-visible .kt-blocks-accordion-icon-trigger:before{background:#444444;}.kt-accordion-id124485_0a50e6-70:not( .kt-accodion-icon-style-basic ):not( .kt-accodion-icon-style-xclose ):not( .kt-accodion-icon-style-arrow ) .kt-accordion-header-wrap .kt-blocks-accordion-header:hover .kt-blocks-accordion-icon-trigger, body:not(.hide-focus-outline) .kt-accordion-id124485_0a50e6-70:not( .kt-accodion-icon-style-basic ):not( .kt-accodion-icon-style-xclose ):not( .kt-accodion-icon-style-arrow ) .kt-accordion-header-wrap .kt-blocks-accordion-header:focus-visible .kt-blocks-accordion-icon-trigger{background:#444444;}.kt-accordion-id124485_0a50e6-70:not( .kt-accodion-icon-style-basic ):not( .kt-accodion-icon-style-xclose ):not( .kt-accodion-icon-style-arrow ) .kt-accordion-header-wrap .kt-blocks-accordion-header:hover .kt-blocks-accordion-icon-trigger:after, .kt-accordion-id124485_0a50e6-70:not( .kt-accodion-icon-style-basic ):not( .kt-accodion-icon-style-xclose ):not( .kt-accodion-icon-style-arrow ) .kt-accordion-header-wrap .kt-blocks-accordion-header:hover .kt-blocks-accordion-icon-trigger:before, body:not(.hide-focus-outline) .kt-accordion-id124485_0a50e6-70:not( .kt-accodion-icon-style-basic ):not( .kt-accodion-icon-style-xclose ):not( .kt-accodion-icon-style-arrow ) .kt-accordion-header-wrap .kt-blocks-accordion-header:focus-visible .kt-blocks-accordion-icon-trigger:after, body:not(.hide-focus-outline) .kt-accordion-id124485_0a50e6-70:not( .kt-accodion-icon-style-basic ):not( .kt-accodion-icon-style-xclose ):not( .kt-accodion-icon-style-arrow ) .kt-accordion-header-wrap .kt-blocks-accordion-header:focus-visible .kt-blocks-accordion-icon-trigger:before{background:#ffffff;}.kt-accordion-id124485_0a50e6-70 .kt-accordion-header-wrap .kt-blocks-accordion-header:focus-visible,\n\t\t\t\t.kt-accordion-id124485_0a50e6-70 > .kt-accordion-inner-wrap > .wp-block-kadence-pane > .kt-accordion-header-wrap > .kt-blocks-accordion-header.kt-accordion-panel-active{color:#444444;background:#ffffff;border-top-color:#eeeeee;border-top-style:solid;border-right-color:#eeeeee;border-right-style:solid;border-bottom-color:#eeeeee;border-bottom-style:solid;border-left-color:#0e9cd1;border-left-style:solid;}.kt-accordion-id124485_0a50e6-70:not( .kt-accodion-icon-style-basiccircle ):not( .kt-accodion-icon-style-xclosecircle ):not( .kt-accodion-icon-style-arrowcircle )  > .kt-accordion-inner-wrap > .wp-block-kadence-pane > .kt-accordion-header-wrap > .kt-blocks-accordion-header.kt-accordion-panel-active .kt-blocks-accordion-icon-trigger:after, .kt-accordion-id124485_0a50e6-70:not( .kt-accodion-icon-style-basiccircle ):not( .kt-accodion-icon-style-xclosecircle ):not( .kt-accodion-icon-style-arrowcircle )  > .kt-accordion-inner-wrap > .wp-block-kadence-pane > .kt-accordion-header-wrap > .kt-blocks-accordion-header.kt-accordion-panel-active .kt-blocks-accordion-icon-trigger:before{background:#444444;}.kt-accordion-id124485_0a50e6-70:not( .kt-accodion-icon-style-basic ):not( .kt-accodion-icon-style-xclose ):not( .kt-accodion-icon-style-arrow ) .kt-blocks-accordion-header.kt-accordion-panel-active .kt-blocks-accordion-icon-trigger{background:#444444;}.kt-accordion-id124485_0a50e6-70:not( .kt-accodion-icon-style-basic ):not( .kt-accodion-icon-style-xclose ):not( .kt-accodion-icon-style-arrow ) .kt-blocks-accordion-header.kt-accordion-panel-active .kt-blocks-accordion-icon-trigger:after, .kt-accordion-id124485_0a50e6-70:not( .kt-accodion-icon-style-basic ):not( .kt-accodion-icon-style-xclose ):not( .kt-accodion-icon-style-arrow ) .kt-blocks-accordion-header.kt-accordion-panel-active .kt-blocks-accordion-icon-trigger:before{background:#ffffff;}@media all and (max-width: 1024px){.kt-accordion-id124485_0a50e6-70 .kt-accordion-panel-inner{border-top:0px solid transparent;border-right:1px solid transparent;border-bottom:1px solid transparent;border-left:1px solid transparent;}}@media all and (max-width: 1024px){.kt-accordion-id124485_0a50e6-70 > .kt-accordion-inner-wrap > .wp-block-kadence-pane > .kt-accordion-header-wrap > .kt-blocks-accordion-header{border-top:1px solid #eeeeee;border-right:1px solid #eeeeee;border-bottom:1px solid #eeeeee;border-left:2px solid #eeeeee;}}@media all and (max-width: 1024px){.kt-accordion-id124485_0a50e6-70 > .kt-accordion-inner-wrap > .wp-block-kadence-pane > .kt-accordion-header-wrap > .kt-blocks-accordion-header:hover, \n\t\t\t\tbody:not(.hide-focus-outline) .kt-accordion-id124485_0a50e6-70 .kt-blocks-accordion-header:focus-visible{border-top-color:#d4d4d4;border-top-style:solid;border-right-color:#d4d4d4;border-right-style:solid;border-bottom-color:#d4d4d4;border-bottom-style:solid;border-left-color:#d4d4d4;border-left-style:solid;}}@media all and (max-width: 1024px){.kt-accordion-id124485_0a50e6-70 .kt-accordion-header-wrap .kt-blocks-accordion-header:focus-visible,\n\t\t\t\t.kt-accordion-id124485_0a50e6-70 > .kt-accordion-inner-wrap > .wp-block-kadence-pane > .kt-accordion-header-wrap > .kt-blocks-accordion-header.kt-accordion-panel-active{border-top-color:#eeeeee;border-top-style:solid;border-right-color:#eeeeee;border-right-style:solid;border-bottom-color:#eeeeee;border-bottom-style:solid;border-left-color:#0e9cd1;border-left-style:solid;}}@media all and (max-width: 767px){.kt-accordion-id124485_0a50e6-70 .kt-accordion-inner-wrap{display:block;}.kt-accordion-id124485_0a50e6-70 .kt-accordion-inner-wrap .kt-accordion-pane:not(:first-child){margin-top:10px;}.kt-accordion-id124485_0a50e6-70 .kt-accordion-panel-inner{border-top:0px solid transparent;border-right:1px solid transparent;border-bottom:1px solid transparent;border-left:1px solid transparent;}.kt-accordion-id124485_0a50e6-70 > .kt-accordion-inner-wrap > .wp-block-kadence-pane > .kt-accordion-header-wrap > .kt-blocks-accordion-header{border-top:1px solid #eeeeee;border-right:1px solid #eeeeee;border-bottom:1px solid #eeeeee;border-left:2px solid #eeeeee;}.kt-accordion-id124485_0a50e6-70 > .kt-accordion-inner-wrap > .wp-block-kadence-pane > .kt-accordion-header-wrap > .kt-blocks-accordion-header:hover, \n\t\t\t\tbody:not(.hide-focus-outline) .kt-accordion-id124485_0a50e6-70 .kt-blocks-accordion-header:focus-visible{border-top-color:#d4d4d4;border-top-style:solid;border-right-color:#d4d4d4;border-right-style:solid;border-bottom-color:#d4d4d4;border-bottom-style:solid;border-left-color:#d4d4d4;border-left-style:solid;}.kt-accordion-id124485_0a50e6-70 .kt-accordion-header-wrap .kt-blocks-accordion-header:focus-visible,\n\t\t\t\t.kt-accordion-id124485_0a50e6-70 > .kt-accordion-inner-wrap > .wp-block-kadence-pane > .kt-accordion-header-wrap > .kt-blocks-accordion-header.kt-accordion-panel-active{border-top-color:#eeeeee;border-top-style:solid;border-right-color:#eeeeee;border-right-style:solid;border-bottom-color:#eeeeee;border-bottom-style:solid;border-left-color:#0e9cd1;border-left-style:solid;}}<\/style>\n<div class=\"wp-block-kadence-accordion alignnone\"><div class=\"kt-accordion-wrap kt-accordion-id124485_0a50e6-70 kt-accordion-has-3-panes kt-active-pane-0 kt-accordion-block kt-pane-header-alignment-left kt-accodion-icon-style-arrow kt-accodion-icon-side-right\" style=\"max-width:none\"><div class=\"kt-accordion-inner-wrap\" data-allow-multiple-open=\"false\" data-start-open=\"none\">\n<div class=\"wp-block-kadence-pane kt-accordion-pane kt-accordion-pane-1 kt-pane124485_89edb7-61\"><div class=\"kt-accordion-header-wrap\"><button class=\"kt-blocks-accordion-header kt-acccordion-button-label-show\" type=\"button\"><span class=\"kt-blocks-accordion-title-wrap\"><span class=\"kt-blocks-accordion-title\">Enfants et adolescents (5 \u00e0 17 ans)<\/span><\/span><span class=\"kt-blocks-accordion-icon-trigger\"><\/span><\/button><\/div><div class=\"kt-accordion-panel kt-accordion-panel-hidden\"><div class=\"kt-accordion-panel-inner\">\n<ul class=\"wp-block-list\">\n<li>Difficult\u00e9s d\u2019attention ou de concentration<\/li>\n\n\n\n<li>Troubles d\u2019apprentissage<\/li>\n\n\n\n<li>Difficult\u00e9s de r\u00e9gulation \u00e9motionnelle<\/li>\n\n\n\n<li>Stress ou anxi\u00e9t\u00e9<\/li>\n<\/ul>\n<\/div><\/div><\/div>\n\n\n\n<div class=\"wp-block-kadence-pane kt-accordion-pane kt-accordion-pane-2 kt-pane124485_f17351-78\"><div class=\"kt-accordion-header-wrap\"><button class=\"kt-blocks-accordion-header kt-acccordion-button-label-show\" type=\"button\"><span class=\"kt-blocks-accordion-title-wrap\"><span class=\"kt-blocks-accordion-title\">Adultes<\/span><\/span><span class=\"kt-blocks-accordion-icon-trigger\"><\/span><\/button><\/div><div class=\"kt-accordion-panel kt-accordion-panel-hidden\"><div class=\"kt-accordion-panel-inner\">\n<ul class=\"wp-block-list\">\n<li>Sympt\u00f4mes d\u00e9pressifs<\/li>\n\n\n\n<li>Stress ou anxi\u00e9t\u00e9<\/li>\n\n\n\n<li>Difficult\u00e9s interpersonnelles<\/li>\n\n\n\n<li>Difficult\u00e9s li\u00e9es \u00e0 des changements ou d\u00e9fis de vie (deuil, maladie, divorce)<\/li>\n<\/ul>\n<\/div><\/div><\/div>\n\n\n\n<div class=\"wp-block-kadence-pane kt-accordion-pane kt-accordion-pane-3 kt-pane124485_89e3c9-2b\"><div class=\"kt-accordion-header-wrap\"><button class=\"kt-blocks-accordion-header kt-acccordion-button-label-show\" type=\"button\"><span class=\"kt-blocks-accordion-title-wrap\"><span class=\"kt-blocks-accordion-title\">Couples<\/span><\/span><span class=\"kt-blocks-accordion-icon-trigger\"><\/span><\/button><\/div><div class=\"kt-accordion-panel kt-accordion-panel-hidden\"><div class=\"kt-accordion-panel-inner\">\n<ul class=\"wp-block-list\">\n<li>Difficult\u00e9s de communication<\/li>\n\n\n\n<li>Gestion des conflits<\/li>\n\n\n\n<li>Difficult\u00e9s sexuelles<\/li>\n<\/ul>\n<\/div><\/div><\/div>\n<\/div><\/div><\/div>\n\n\n\n<h2 class=\"wp-block-heading\">Limitations<\/h2>\n\n\n\n<p>En raison des limites impos\u00e9es par la formation des \u00e9tudiants et le calendrier universitaire, veuillez noter que <strong>la clinique n\u2019offre pas<\/strong> les services suivants :<\/p>\n\n\n\n<ul class=\"wp-block-list\">\n<li>Urgences psychologiques<\/li>\n\n\n\n<li>\u00c9valuations psycho-l\u00e9gales<\/li>\n\n\n\n<li>Traitement des d\u00e9pendances (drogues et alcool)<\/li>\n<\/ul>\n\n\n\n<p>Veuillez \u00e9galement noter que les personnes ayant des besoins psychologiques \u00e0 long terme seront orient\u00e9es vers d\u2019autres ressources professionnelles. De plus, nous n&rsquo;acceptons pas les demandes provenant de la SAAQ, de l\u2019IVAC, de la CNESST, etc.<\/p>\n\n\n\n<p>La psychoth\u00e9rapie est offerte aux membres de la communaut\u00e9 de Sherbrooke sur une base de premier arriv\u00e9, premier servi. En raison de la forte demande, veuillez noter que seul un nombre limit\u00e9 de patients pourra \u00eatre re\u00e7u chaque ann\u00e9e. De plus, les membres du personnel de Bishop\u2019s seront redirig\u00e9s vers le <a href=\"https:\/\/universitybishops.sharepoint.com\/sites\/myBU-HealthandSafety\/SitePages\/SanteEtSecurity.aspx\">service de soutien au bien-\u00eatre des employ\u00e9s<\/a>.<\/p>\n\n\n\n<div class=\"wp-block-buttons is-layout-flex wp-block-buttons-is-layout-flex\">\n<div class=\"wp-block-button\"><a class=\"wp-block-button__link has-white-color has-purple-background-color has-text-color has-background has-link-color wp-element-button\" href=\"https:\/\/www.ubishops.ca\/fr\/programmes-d-etudes\/faculty-of-social-sciences\/clinique-de-psychologie\/liste-attente\/\"><strong>Proc\u00e9dure pour la liste d&rsquo;attente<\/strong><\/a><\/div>\n<\/div>\n","protected":false},"excerpt":{"rendered":"<p>La Clinique universitaire de psychologie (CUP) est d\u00e9di\u00e9e \u00e0 la formation professionnelle des \u00e9tudiants en psychologie ainsi qu&rsquo;\u00e0 la recherche universitaire en psychologie. La clinique offre des services psychologiques en fran\u00e7ais et en anglais \u00e0 la communaut\u00e9. Notre \u00e9quipe est compos\u00e9e d\u2019\u00e9tudiants au doctorat en psychologie clinique. Ils sont supervis\u00e9s par des psychologues cliniciens, membres&#8230;<\/p>\n","protected":false},"author":49,"featured_media":0,"parent":124796,"menu_order":57,"comment_status":"closed","ping_status":"closed","template":"","meta":{"_acf_changed":false,"_cbd_carousel_blocks":"[]","_kad_blocks_custom_css":"","_kad_blocks_head_custom_js":"","_kad_blocks_body_custom_js":"","_kad_blocks_footer_custom_js":"","_kad_post_transparent":"","_kad_post_title":"","_kad_post_layout":"","_kad_post_sidebar_id":"","_kad_post_content_style":"","_kad_post_vertical_padding":"","_kad_post_feature":"","_kad_post_feature_position":"","_kad_post_header":false,"_kad_post_footer":false,"_kad_post_classname":"","footnotes":""},"class_list":["post-124485","page","type-page","status-publish","hentry"],"acf":[],"yoast_head":"<!-- This site is optimized with the Yoast SEO plugin v27.2 - https:\/\/yoast.com\/product\/yoast-seo-wordpress\/ -->\n<title>Clinique universitaire de psychologie de Bishop\u2019s - Bishop&#039;s University<\/title>\n<meta name=\"robots\" content=\"index, follow, max-snippet:-1, max-image-preview:large, max-video-preview:-1\" \/>\n<link rel=\"canonical\" href=\"https:\/\/www.ubishops.ca\/fr\/programmes-d-etudes\/faculty-of-social-sciences\/clinique-de-psychologie\/\" \/>\n<meta property=\"og:locale\" content=\"fr_FR\" \/>\n<meta property=\"og:type\" content=\"article\" \/>\n<meta property=\"og:title\" content=\"Clinique universitaire de psychologie de Bishop\u2019s - Bishop&#039;s University\" \/>\n<meta property=\"og:description\" content=\"La Clinique universitaire de psychologie (CUP) est d\u00e9di\u00e9e \u00e0 la formation professionnelle des \u00e9tudiants en psychologie ainsi qu&rsquo;\u00e0 la recherche universitaire en psychologie. La clinique offre des services psychologiques en fran\u00e7ais et en anglais \u00e0 la communaut\u00e9. Notre \u00e9quipe est compos\u00e9e d\u2019\u00e9tudiants au doctorat en psychologie clinique. Ils sont supervis\u00e9s par des psychologues cliniciens, membres...\" \/>\n<meta property=\"og:url\" content=\"https:\/\/www.ubishops.ca\/fr\/programmes-d-etudes\/faculty-of-social-sciences\/clinique-de-psychologie\/\" \/>\n<meta property=\"og:site_name\" content=\"Bishop&#039;s University\" \/>\n<meta property=\"article:publisher\" content=\"https:\/\/www.facebook.com\/ubishops\" \/>\n<meta property=\"article:modified_time\" content=\"2025-08-13T19:19:27+00:00\" \/>\n<meta name=\"twitter:card\" content=\"summary_large_image\" \/>\n<meta name=\"twitter:site\" content=\"@ubishops\" \/>\n<meta name=\"twitter:label1\" content=\"Dur\u00e9e de lecture estim\u00e9e\" \/>\n\t<meta name=\"twitter:data1\" content=\"1 minute\" \/>\n<script type=\"application\/ld+json\" class=\"yoast-schema-graph\">{\"@context\":\"https:\/\/schema.org\",\"@graph\":[{\"@type\":\"WebPage\",\"@id\":\"https:\/\/www.ubishops.ca\/fr\/programmes-d-etudes\/faculty-of-social-sciences\/clinique-de-psychologie\/\",\"url\":\"https:\/\/www.ubishops.ca\/fr\/programmes-d-etudes\/faculty-of-social-sciences\/clinique-de-psychologie\/\",\"name\":\"Clinique universitaire de psychologie de Bishop\u2019s - Bishop&#039;s University\",\"isPartOf\":{\"@id\":\"https:\/\/www.ubishops.ca\/#website\"},\"datePublished\":\"2024-11-14T18:17:43+00:00\",\"dateModified\":\"2025-08-13T19:19:27+00:00\",\"breadcrumb\":{\"@id\":\"https:\/\/www.ubishops.ca\/fr\/programmes-d-etudes\/faculty-of-social-sciences\/clinique-de-psychologie\/#breadcrumb\"},\"inLanguage\":\"fr-FR\",\"potentialAction\":[{\"@type\":\"ReadAction\",\"target\":[\"https:\/\/www.ubishops.ca\/fr\/programmes-d-etudes\/faculty-of-social-sciences\/clinique-de-psychologie\/\"]}]},{\"@type\":\"BreadcrumbList\",\"@id\":\"https:\/\/www.ubishops.ca\/fr\/programmes-d-etudes\/faculty-of-social-sciences\/clinique-de-psychologie\/#breadcrumb\",\"itemListElement\":[{\"@type\":\"ListItem\",\"position\":1,\"name\":\"Accueil\",\"item\":\"https:\/\/www.ubishops.ca\/fr\/\"},{\"@type\":\"ListItem\",\"position\":2,\"name\":\"Programmes d&#8217;\u00e9tudes\",\"item\":\"https:\/\/www.ubishops.ca\/fr\/programmes-d-etudes\/\"},{\"@type\":\"ListItem\",\"position\":3,\"name\":\"Facult\u00e9 des sciences sociales\",\"item\":\"https:\/\/www.ubishops.ca\/fr\/programmes-d-etudes\/faculty-of-social-sciences\/\"},{\"@type\":\"ListItem\",\"position\":4,\"name\":\"Clinique universitaire de psychologie de Bishop\u2019s\"}]},{\"@type\":\"WebSite\",\"@id\":\"https:\/\/www.ubishops.ca\/#website\",\"url\":\"https:\/\/www.ubishops.ca\/\",\"name\":\"Bishop&#039;s University\",\"description\":\"\",\"potentialAction\":[{\"@type\":\"SearchAction\",\"target\":{\"@type\":\"EntryPoint\",\"urlTemplate\":\"https:\/\/www.ubishops.ca\/?s={search_term_string}\"},\"query-input\":{\"@type\":\"PropertyValueSpecification\",\"valueRequired\":true,\"valueName\":\"search_term_string\"}}],\"inLanguage\":\"fr-FR\"}]}<\/script>\n<!-- \/ Yoast SEO plugin. -->","yoast_head_json":{"title":"Clinique universitaire de psychologie de Bishop\u2019s - Bishop&#039;s University","robots":{"index":"index","follow":"follow","max-snippet":"max-snippet:-1","max-image-preview":"max-image-preview:large","max-video-preview":"max-video-preview:-1"},"canonical":"https:\/\/www.ubishops.ca\/fr\/programmes-d-etudes\/faculty-of-social-sciences\/clinique-de-psychologie\/","og_locale":"fr_FR","og_type":"article","og_title":"Clinique universitaire de psychologie de Bishop\u2019s - Bishop&#039;s University","og_description":"La Clinique universitaire de psychologie (CUP) est d\u00e9di\u00e9e \u00e0 la formation professionnelle des \u00e9tudiants en psychologie ainsi qu&rsquo;\u00e0 la recherche universitaire en psychologie. La clinique offre des services psychologiques en fran\u00e7ais et en anglais \u00e0 la communaut\u00e9. Notre \u00e9quipe est compos\u00e9e d\u2019\u00e9tudiants au doctorat en psychologie clinique. Ils sont supervis\u00e9s par des psychologues cliniciens, membres...","og_url":"https:\/\/www.ubishops.ca\/fr\/programmes-d-etudes\/faculty-of-social-sciences\/clinique-de-psychologie\/","og_site_name":"Bishop&#039;s University","article_publisher":"https:\/\/www.facebook.com\/ubishops","article_modified_time":"2025-08-13T19:19:27+00:00","twitter_card":"summary_large_image","twitter_site":"@ubishops","twitter_misc":{"Dur\u00e9e de lecture estim\u00e9e":"1 minute"},"schema":{"@context":"https:\/\/schema.org","@graph":[{"@type":"WebPage","@id":"https:\/\/www.ubishops.ca\/fr\/programmes-d-etudes\/faculty-of-social-sciences\/clinique-de-psychologie\/","url":"https:\/\/www.ubishops.ca\/fr\/programmes-d-etudes\/faculty-of-social-sciences\/clinique-de-psychologie\/","name":"Clinique universitaire de psychologie de Bishop\u2019s - Bishop&#039;s University","isPartOf":{"@id":"https:\/\/www.ubishops.ca\/#website"},"datePublished":"2024-11-14T18:17:43+00:00","dateModified":"2025-08-13T19:19:27+00:00","breadcrumb":{"@id":"https:\/\/www.ubishops.ca\/fr\/programmes-d-etudes\/faculty-of-social-sciences\/clinique-de-psychologie\/#breadcrumb"},"inLanguage":"fr-FR","potentialAction":[{"@type":"ReadAction","target":["https:\/\/www.ubishops.ca\/fr\/programmes-d-etudes\/faculty-of-social-sciences\/clinique-de-psychologie\/"]}]},{"@type":"BreadcrumbList","@id":"https:\/\/www.ubishops.ca\/fr\/programmes-d-etudes\/faculty-of-social-sciences\/clinique-de-psychologie\/#breadcrumb","itemListElement":[{"@type":"ListItem","position":1,"name":"Accueil","item":"https:\/\/www.ubishops.ca\/fr\/"},{"@type":"ListItem","position":2,"name":"Programmes d&#8217;\u00e9tudes","item":"https:\/\/www.ubishops.ca\/fr\/programmes-d-etudes\/"},{"@type":"ListItem","position":3,"name":"Facult\u00e9 des sciences sociales","item":"https:\/\/www.ubishops.ca\/fr\/programmes-d-etudes\/faculty-of-social-sciences\/"},{"@type":"ListItem","position":4,"name":"Clinique universitaire de psychologie de Bishop\u2019s"}]},{"@type":"WebSite","@id":"https:\/\/www.ubishops.ca\/#website","url":"https:\/\/www.ubishops.ca\/","name":"Bishop&#039;s University","description":"","potentialAction":[{"@type":"SearchAction","target":{"@type":"EntryPoint","urlTemplate":"https:\/\/www.ubishops.ca\/?s={search_term_string}"},"query-input":{"@type":"PropertyValueSpecification","valueRequired":true,"valueName":"search_term_string"}}],"inLanguage":"fr-FR"}]}},"taxonomy_info":[],"featured_image_src_large":false,"author_info":{"display_name":"Julie Fradette","author_link":"https:\/\/www.ubishops.ca\/fr\/author\/jfradett\/"},"comment_info":0,"publishpress_future_action":{"enabled":false,"date":"2026-04-15 16:34:30","action":"change-status","newStatus":"draft","terms":[],"taxonomy":"translation_priority","extraData":[]},"publishpress_future_workflow_manual_trigger":{"enabledWorkflows":[]},"_links":{"self":[{"href":"https:\/\/www.ubishops.ca\/fr\/wp-json\/wp\/v2\/pages\/124485","targetHints":{"allow":["GET"]}}],"collection":[{"href":"https:\/\/www.ubishops.ca\/fr\/wp-json\/wp\/v2\/pages"}],"about":[{"href":"https:\/\/www.ubishops.ca\/fr\/wp-json\/wp\/v2\/types\/page"}],"author":[{"embeddable":true,"href":"https:\/\/www.ubishops.ca\/fr\/wp-json\/wp\/v2\/users\/49"}],"replies":[{"embeddable":true,"href":"https:\/\/www.ubishops.ca\/fr\/wp-json\/wp\/v2\/comments?post=124485"}],"version-history":[{"count":7,"href":"https:\/\/www.ubishops.ca\/fr\/wp-json\/wp\/v2\/pages\/124485\/revisions"}],"predecessor-version":[{"id":126243,"href":"https:\/\/www.ubishops.ca\/fr\/wp-json\/wp\/v2\/pages\/124485\/revisions\/126243"}],"up":[{"embeddable":true,"href":"https:\/\/www.ubishops.ca\/fr\/wp-json\/wp\/v2\/pages\/124796"}],"wp:attachment":[{"href":"https:\/\/www.ubishops.ca\/fr\/wp-json\/wp\/v2\/media?parent=124485"}],"curies":[{"name":"wp","href":"https:\/\/api.w.org\/{rel}","templated":true}]}}