{"id":121189,"date":"2025-02-20T11:37:49","date_gmt":"2025-02-20T16:37:49","guid":{"rendered":"https:\/\/www.ubishops.ca\/collation-des-grades\/formal-convocation-announcement\/"},"modified":"2026-03-02T09:35:13","modified_gmt":"2026-03-02T14:35:13","slug":"mention-legale","status":"publish","type":"page","link":"https:\/\/www.ubishops.ca\/fr\/collation-des-grades\/mention-legale\/","title":{"rendered":"Mention l\u00e9gale de la c\u00e9r\u00e9monie de collation des grades"},"content":{"rendered":"\n<figure class=\"wp-block-image size-full is-resized\"><img decoding=\"async\" width=\"600\" height=\"633\" src=\"https:\/\/www.ubishops.ca\/wp-content\/uploads\/coat_of_arms_600px.jpg\" alt=\"Bishop's coat of arms\" class=\"wp-image-99203\" style=\"width:300px\" srcset=\"https:\/\/www.ubishops.ca\/wp-content\/uploads\/coat_of_arms_600px.jpg 600w, https:\/\/www.ubishops.ca\/wp-content\/uploads\/coat_of_arms_600px-284x300.jpg 284w, https:\/\/www.ubishops.ca\/wp-content\/uploads\/coat_of_arms_600px-142x150.jpg 142w\" sizes=\"(max-width: 600px) 100vw, 600px\" \/><\/figure>\n\n\n\n<p>La Collation des grades \u00e0 l\u2019Universit\u00e9 Bishop\u2019s comprend trois \u00e9v\u00e9nements :<\/p>\n\n\n\n<ul class=\"wp-block-list\">\n<li>le Cocktail du chancelier pour les dipl\u00f4m\u00e9.e.s le vendredi 5 juin 2026,<\/li>\n\n\n\n<li>la c\u00e9r\u00e9monie au cours de laquelle les dipl\u00f4mes sont d\u00e9cern\u00e9s et les doctorants prononcent leur discours, et<\/li>\n\n\n\n<li>la r\u00e9ception qui suit chaque c\u00e9r\u00e9monie le samedi.<\/li>\n<\/ul>\n\n\n\n<p>Conform\u00e9ment aux statuts de l\u2019Universit\u00e9 Bishop\u2019s, je vous informe par la pr\u00e9sente que les c\u00e9r\u00e9monies de collation des grades de cette ann\u00e9e auront lieu le samedi 6 juin 2026.<\/p>\n\n\n\n<p>Les c\u00e9r\u00e9monies auront lieu sur le campus, dans le Denver Gym situ\u00e9 dans le Centre sportif et r\u00e9cr\u00e9atif J.H. Price.<\/p>\n\n\n\n<p>Pour toute demande de renseignements, veuillez contacter le Bureau du registraire (<a href=\"&#x6d;a&#x69;&#108;t&#x6f;&#58;&#x63;&#x6f;n&#x76;&#111;c&#x61;&#116;&#x69;&#111;n&#x40;&#117;b&#x69;&#115;&#x68;&#111;p&#x73;&#46;&#x63;&#x61;\">&#x63;&#111;n&#x76;&#111;c&#x61;&#116;i&#x6f;&#110;&#64;&#x75;&#98;i&#x73;&#104;o&#x70;&#115;&#46;&#x63;&#97;<\/a>).<\/p>\n\n\n\n<p>Genevi\u00e8ve Gagn\u00e9<br>Secr\u00e9taire g\u00e9n\u00e9rale<\/p>\n","protected":false},"excerpt":{"rendered":"<p>La Collation des grades \u00e0 l\u2019Universit\u00e9 Bishop\u2019s comprend trois \u00e9v\u00e9nements : Conform\u00e9ment aux statuts de l\u2019Universit\u00e9 Bishop\u2019s, je vous informe par la pr\u00e9sente que les c\u00e9r\u00e9monies de collation des grades de cette ann\u00e9e auront lieu le samedi 6 juin 2026. Les c\u00e9r\u00e9monies auront lieu sur le campus, dans le Denver Gym situ\u00e9 dans le Centre&#8230;<\/p>\n","protected":false},"author":49,"featured_media":0,"parent":96950,"menu_order":331,"comment_status":"closed","ping_status":"closed","template":"","meta":{"_acf_changed":false,"_cbd_carousel_blocks":"[]","_kad_blocks_custom_css":"","_kad_blocks_head_custom_js":"","_kad_blocks_body_custom_js":"","_kad_blocks_footer_custom_js":"","_kad_post_transparent":"","_kad_post_title":"","_kad_post_layout":"","_kad_post_sidebar_id":"","_kad_post_content_style":"","_kad_post_vertical_padding":"","_kad_post_feature":"","_kad_post_feature_position":"","_kad_post_header":false,"_kad_post_footer":false,"_kad_post_classname":"","footnotes":""},"class_list":["post-121189","page","type-page","status-publish","hentry"],"acf":[],"yoast_head":"<!-- This site is optimized with the Yoast SEO plugin v27.2 - https:\/\/yoast.com\/product\/yoast-seo-wordpress\/ -->\n<title>Mention l\u00e9gale de la c\u00e9r\u00e9monie de collation des grades - Bishop&#039;s University<\/title>\n<meta name=\"robots\" content=\"index, follow, max-snippet:-1, max-image-preview:large, max-video-preview:-1\" \/>\n<link rel=\"canonical\" href=\"https:\/\/www.ubishops.ca\/fr\/collation-des-grades\/mention-legale\/\" \/>\n<meta property=\"og:locale\" content=\"fr_FR\" \/>\n<meta property=\"og:type\" content=\"article\" \/>\n<meta property=\"og:title\" content=\"Mention l\u00e9gale de la c\u00e9r\u00e9monie de collation des grades - Bishop&#039;s University\" \/>\n<meta property=\"og:description\" content=\"La Collation des grades \u00e0 l\u2019Universit\u00e9 Bishop\u2019s comprend trois \u00e9v\u00e9nements : Conform\u00e9ment aux statuts de l\u2019Universit\u00e9 Bishop\u2019s, je vous informe par la pr\u00e9sente que les c\u00e9r\u00e9monies de collation des grades de cette ann\u00e9e auront lieu le samedi 6 juin 2026. Les c\u00e9r\u00e9monies auront lieu sur le campus, dans le Denver Gym situ\u00e9 dans le Centre...\" \/>\n<meta property=\"og:url\" content=\"https:\/\/www.ubishops.ca\/fr\/collation-des-grades\/mention-legale\/\" \/>\n<meta property=\"og:site_name\" content=\"Bishop&#039;s University\" \/>\n<meta property=\"article:publisher\" content=\"https:\/\/www.facebook.com\/ubishops\" \/>\n<meta property=\"article:modified_time\" content=\"2026-03-02T14:35:13+00:00\" \/>\n<meta property=\"og:image\" content=\"https:\/\/www.ubishops.ca\/wp-content\/uploads\/coat_of_arms_600px.jpg\" \/>\n\t<meta property=\"og:image:width\" content=\"600\" \/>\n\t<meta property=\"og:image:height\" content=\"633\" \/>\n\t<meta property=\"og:image:type\" content=\"image\/jpeg\" \/>\n<meta name=\"twitter:card\" content=\"summary_large_image\" \/>\n<meta name=\"twitter:site\" content=\"@ubishops\" \/>\n<meta name=\"twitter:label1\" content=\"Dur\u00e9e de lecture estim\u00e9e\" \/>\n\t<meta name=\"twitter:data1\" content=\"1 minute\" \/>\n<script type=\"application\/ld+json\" class=\"yoast-schema-graph\">{\"@context\":\"https:\/\/schema.org\",\"@graph\":[{\"@type\":\"WebPage\",\"@id\":\"https:\/\/www.ubishops.ca\/fr\/collation-des-grades\/mention-legale\/\",\"url\":\"https:\/\/www.ubishops.ca\/fr\/collation-des-grades\/mention-legale\/\",\"name\":\"Mention l\u00e9gale de la c\u00e9r\u00e9monie de collation des grades - Bishop&#039;s University\",\"isPartOf\":{\"@id\":\"https:\/\/www.ubishops.ca\/#website\"},\"primaryImageOfPage\":{\"@id\":\"https:\/\/www.ubishops.ca\/fr\/collation-des-grades\/mention-legale\/#primaryimage\"},\"image\":{\"@id\":\"https:\/\/www.ubishops.ca\/fr\/collation-des-grades\/mention-legale\/#primaryimage\"},\"thumbnailUrl\":\"https:\/\/www.ubishops.ca\/wp-content\/uploads\/coat_of_arms_600px.jpg\",\"datePublished\":\"2025-02-20T16:37:49+00:00\",\"dateModified\":\"2026-03-02T14:35:13+00:00\",\"breadcrumb\":{\"@id\":\"https:\/\/www.ubishops.ca\/fr\/collation-des-grades\/mention-legale\/#breadcrumb\"},\"inLanguage\":\"fr-FR\",\"potentialAction\":[{\"@type\":\"ReadAction\",\"target\":[\"https:\/\/www.ubishops.ca\/fr\/collation-des-grades\/mention-legale\/\"]}]},{\"@type\":\"ImageObject\",\"inLanguage\":\"fr-FR\",\"@id\":\"https:\/\/www.ubishops.ca\/fr\/collation-des-grades\/mention-legale\/#primaryimage\",\"url\":\"https:\/\/www.ubishops.ca\/wp-content\/uploads\/coat_of_arms_600px.jpg\",\"contentUrl\":\"https:\/\/www.ubishops.ca\/wp-content\/uploads\/coat_of_arms_600px.jpg\"},{\"@type\":\"BreadcrumbList\",\"@id\":\"https:\/\/www.ubishops.ca\/fr\/collation-des-grades\/mention-legale\/#breadcrumb\",\"itemListElement\":[{\"@type\":\"ListItem\",\"position\":1,\"name\":\"Accueil\",\"item\":\"https:\/\/www.ubishops.ca\/fr\/\"},{\"@type\":\"ListItem\",\"position\":2,\"name\":\"Obtention des dipl\u00f4mes et collation des grades\",\"item\":\"https:\/\/www.ubishops.ca\/fr\/collation-des-grades\/\"},{\"@type\":\"ListItem\",\"position\":3,\"name\":\"Mention l\u00e9gale de la c\u00e9r\u00e9monie de collation des grades\"}]},{\"@type\":\"WebSite\",\"@id\":\"https:\/\/www.ubishops.ca\/#website\",\"url\":\"https:\/\/www.ubishops.ca\/\",\"name\":\"Bishop&#039;s University\",\"description\":\"\",\"potentialAction\":[{\"@type\":\"SearchAction\",\"target\":{\"@type\":\"EntryPoint\",\"urlTemplate\":\"https:\/\/www.ubishops.ca\/?s={search_term_string}\"},\"query-input\":{\"@type\":\"PropertyValueSpecification\",\"valueRequired\":true,\"valueName\":\"search_term_string\"}}],\"inLanguage\":\"fr-FR\"}]}<\/script>\n<!-- \/ Yoast SEO plugin. -->","yoast_head_json":{"title":"Mention l\u00e9gale de la c\u00e9r\u00e9monie de collation des grades - Bishop&#039;s University","robots":{"index":"index","follow":"follow","max-snippet":"max-snippet:-1","max-image-preview":"max-image-preview:large","max-video-preview":"max-video-preview:-1"},"canonical":"https:\/\/www.ubishops.ca\/fr\/collation-des-grades\/mention-legale\/","og_locale":"fr_FR","og_type":"article","og_title":"Mention l\u00e9gale de la c\u00e9r\u00e9monie de collation des grades - Bishop&#039;s University","og_description":"La Collation des grades \u00e0 l\u2019Universit\u00e9 Bishop\u2019s comprend trois \u00e9v\u00e9nements : Conform\u00e9ment aux statuts de l\u2019Universit\u00e9 Bishop\u2019s, je vous informe par la pr\u00e9sente que les c\u00e9r\u00e9monies de collation des grades de cette ann\u00e9e auront lieu le samedi 6 juin 2026. Les c\u00e9r\u00e9monies auront lieu sur le campus, dans le Denver Gym situ\u00e9 dans le Centre...","og_url":"https:\/\/www.ubishops.ca\/fr\/collation-des-grades\/mention-legale\/","og_site_name":"Bishop&#039;s University","article_publisher":"https:\/\/www.facebook.com\/ubishops","article_modified_time":"2026-03-02T14:35:13+00:00","og_image":[{"width":600,"height":633,"url":"https:\/\/www.ubishops.ca\/wp-content\/uploads\/coat_of_arms_600px.jpg","type":"image\/jpeg"}],"twitter_card":"summary_large_image","twitter_site":"@ubishops","twitter_misc":{"Dur\u00e9e de lecture estim\u00e9e":"1 minute"},"schema":{"@context":"https:\/\/schema.org","@graph":[{"@type":"WebPage","@id":"https:\/\/www.ubishops.ca\/fr\/collation-des-grades\/mention-legale\/","url":"https:\/\/www.ubishops.ca\/fr\/collation-des-grades\/mention-legale\/","name":"Mention l\u00e9gale de la c\u00e9r\u00e9monie de collation des grades - Bishop&#039;s University","isPartOf":{"@id":"https:\/\/www.ubishops.ca\/#website"},"primaryImageOfPage":{"@id":"https:\/\/www.ubishops.ca\/fr\/collation-des-grades\/mention-legale\/#primaryimage"},"image":{"@id":"https:\/\/www.ubishops.ca\/fr\/collation-des-grades\/mention-legale\/#primaryimage"},"thumbnailUrl":"https:\/\/www.ubishops.ca\/wp-content\/uploads\/coat_of_arms_600px.jpg","datePublished":"2025-02-20T16:37:49+00:00","dateModified":"2026-03-02T14:35:13+00:00","breadcrumb":{"@id":"https:\/\/www.ubishops.ca\/fr\/collation-des-grades\/mention-legale\/#breadcrumb"},"inLanguage":"fr-FR","potentialAction":[{"@type":"ReadAction","target":["https:\/\/www.ubishops.ca\/fr\/collation-des-grades\/mention-legale\/"]}]},{"@type":"ImageObject","inLanguage":"fr-FR","@id":"https:\/\/www.ubishops.ca\/fr\/collation-des-grades\/mention-legale\/#primaryimage","url":"https:\/\/www.ubishops.ca\/wp-content\/uploads\/coat_of_arms_600px.jpg","contentUrl":"https:\/\/www.ubishops.ca\/wp-content\/uploads\/coat_of_arms_600px.jpg"},{"@type":"BreadcrumbList","@id":"https:\/\/www.ubishops.ca\/fr\/collation-des-grades\/mention-legale\/#breadcrumb","itemListElement":[{"@type":"ListItem","position":1,"name":"Accueil","item":"https:\/\/www.ubishops.ca\/fr\/"},{"@type":"ListItem","position":2,"name":"Obtention des dipl\u00f4mes et collation des grades","item":"https:\/\/www.ubishops.ca\/fr\/collation-des-grades\/"},{"@type":"ListItem","position":3,"name":"Mention l\u00e9gale de la c\u00e9r\u00e9monie de collation des grades"}]},{"@type":"WebSite","@id":"https:\/\/www.ubishops.ca\/#website","url":"https:\/\/www.ubishops.ca\/","name":"Bishop&#039;s University","description":"","potentialAction":[{"@type":"SearchAction","target":{"@type":"EntryPoint","urlTemplate":"https:\/\/www.ubishops.ca\/?s={search_term_string}"},"query-input":{"@type":"PropertyValueSpecification","valueRequired":true,"valueName":"search_term_string"}}],"inLanguage":"fr-FR"}]}},"taxonomy_info":[],"featured_image_src_large":false,"author_info":{"display_name":"Julie Fradette","author_link":"https:\/\/www.ubishops.ca\/fr\/author\/jfradett\/"},"comment_info":0,"publishpress_future_action":{"enabled":false,"date":"2026-04-15 18:30:33","action":"change-status","newStatus":"draft","terms":[],"taxonomy":"translation_priority","extraData":[]},"publishpress_future_workflow_manual_trigger":{"enabledWorkflows":[]},"_links":{"self":[{"href":"https:\/\/www.ubishops.ca\/fr\/wp-json\/wp\/v2\/pages\/121189","targetHints":{"allow":["GET"]}}],"collection":[{"href":"https:\/\/www.ubishops.ca\/fr\/wp-json\/wp\/v2\/pages"}],"about":[{"href":"https:\/\/www.ubishops.ca\/fr\/wp-json\/wp\/v2\/types\/page"}],"author":[{"embeddable":true,"href":"https:\/\/www.ubishops.ca\/fr\/wp-json\/wp\/v2\/users\/49"}],"replies":[{"embeddable":true,"href":"https:\/\/www.ubishops.ca\/fr\/wp-json\/wp\/v2\/comments?post=121189"}],"version-history":[{"count":4,"href":"https:\/\/www.ubishops.ca\/fr\/wp-json\/wp\/v2\/pages\/121189\/revisions"}],"predecessor-version":[{"id":130966,"href":"https:\/\/www.ubishops.ca\/fr\/wp-json\/wp\/v2\/pages\/121189\/revisions\/130966"}],"up":[{"embeddable":true,"href":"https:\/\/www.ubishops.ca\/fr\/wp-json\/wp\/v2\/pages\/96950"}],"wp:attachment":[{"href":"https:\/\/www.ubishops.ca\/fr\/wp-json\/wp\/v2\/media?parent=121189"}],"curies":[{"name":"wp","href":"https:\/\/api.w.org\/{rel}","templated":true}]}}