{"id":121141,"date":"2025-02-19T15:31:21","date_gmt":"2025-02-19T20:31:21","guid":{"rendered":"https:\/\/www.ubishops.ca\/collation-des-grades\/photos\/"},"modified":"2026-02-09T14:43:42","modified_gmt":"2026-02-09T19:43:42","slug":"photos","status":"publish","type":"page","link":"https:\/\/www.ubishops.ca\/fr\/collation-des-grades\/photos\/","title":{"rendered":"Photos"},"content":{"rendered":"\n<h2 class=\"wp-block-heading\">Photos des dipl\u00f4m\u00e9.e.s<\/h2>\n\n\n\n<p>Le Conseil des repr\u00e9sentant.e.s des \u00e9tudiant.e.s (SRC) travaille avec Jessica Ford Photography en tant que photographe officielle de la c\u00e9r\u00e9monie de collation des grades.<\/p>\n\n\n\n<p>Pour $40 de frais de s\u00e9ance, les dipl\u00f4m\u00e9.e.s obtiendront six poses, une photo dans l\u2019annuaire et une copie num\u00e9rique. Les s\u00e9ances photo se d\u00e9rouleront sur le campus, \u00e0 Griffin House (le Bureau des ancien.ne.s \u00e9tudiant.e.s, la premi\u00e8re maison sur Harrold Drive). <strong>Pour l\u2019ann\u00e9e acad\u00e9mique 2025\/26, les sessions se terminent le 18 f\u00e9vrier 2026.<\/strong><\/p>\n\n\n\n<p>Les rendez-vous de prise de photos peuvent \u00eatre r\u00e9serv\u00e9es sur&nbsp;<a href=\"https:\/\/jessicafordphotography.ca\/graduation-portraits\" target=\"_blank\" rel=\"noreferrer noopener\">le site web de Jessica<\/a>. Pour plus d\u2019informations sur les photos de fin d\u2019\u00e9tudes, veuillez la contacter par courrier \u00e9lectronique :&nbsp;<a href=\"mailto:j&#102;&#111;&#114;&#100;&#64;&#106;&#101;&#115;&#115;&#105;&#x63;&#x61;&#x66;&#x6f;&#x72;&#x64;&#x70;&#x68;&#x6f;&#x74;&#x6f;&#x67;&#x72;&#x61;&#x70;hy&#46;ca\">&#106;&#x66;o&#x72;d&#64;&#x6a;&#101;&#x73;s&#105;&#x63;&#97;&#x66;o&#x72;&#x64;&#112;&#x68;o&#x74;o&#103;&#x72;&#97;&#x70;h&#121;&#x2e;&#99;&#x61;<\/a>.<\/p>\n\n\n\n<h2 class=\"wp-block-heading\">Photos de la c\u00e9r\u00e9monie<\/h2>\n\n\n\n<p>Des photos seront \u00e9galement prises pendant la c\u00e9r\u00e9monie de collation des grades, lorsque les dipl\u00f4m\u00e9.e.s montent sur la sc\u00e8ne et recevront leur dipl\u00f4mes.<\/p>\n\n\n\n<p><a href=\"https:\/\/universitybishops.sharepoint.com\/sites\/ConvocationPhotos\" target=\"_blank\" rel=\"noreferrer noopener\">Toutes les photos seront disponibles sur SharePoint<\/a> quelques semaines apr\u00e8s le week-end de remise des dipl\u00f4mes.<\/p>\n","protected":false},"excerpt":{"rendered":"<p>Photos des dipl\u00f4m\u00e9.e.s Le Conseil des repr\u00e9sentant.e.s des \u00e9tudiant.e.s (SRC) travaille avec Jessica Ford Photography en tant que photographe officielle de la c\u00e9r\u00e9monie de collation des grades. Pour $40 de frais de s\u00e9ance, les dipl\u00f4m\u00e9.e.s obtiendront six poses, une photo dans l\u2019annuaire et une copie num\u00e9rique. Les s\u00e9ances photo se d\u00e9rouleront sur le campus, \u00e0&#8230;<\/p>\n","protected":false},"author":49,"featured_media":0,"parent":96950,"menu_order":224,"comment_status":"closed","ping_status":"closed","template":"","meta":{"_acf_changed":false,"_cbd_carousel_blocks":"[]","_kad_blocks_custom_css":"","_kad_blocks_head_custom_js":"","_kad_blocks_body_custom_js":"","_kad_blocks_footer_custom_js":"","_kad_post_transparent":"","_kad_post_title":"","_kad_post_layout":"","_kad_post_sidebar_id":"","_kad_post_content_style":"","_kad_post_vertical_padding":"","_kad_post_feature":"","_kad_post_feature_position":"","_kad_post_header":false,"_kad_post_footer":false,"_kad_post_classname":"","footnotes":""},"class_list":["post-121141","page","type-page","status-publish","hentry"],"acf":[],"yoast_head":"<!-- This site is optimized with the Yoast SEO plugin v27.2 - https:\/\/yoast.com\/product\/yoast-seo-wordpress\/ -->\n<title>Photos - Bishop&#039;s University<\/title>\n<meta name=\"robots\" content=\"index, follow, max-snippet:-1, max-image-preview:large, max-video-preview:-1\" \/>\n<link rel=\"canonical\" href=\"https:\/\/www.ubishops.ca\/fr\/collation-des-grades\/photos\/\" \/>\n<meta property=\"og:locale\" content=\"fr_FR\" \/>\n<meta property=\"og:type\" content=\"article\" \/>\n<meta property=\"og:title\" content=\"Photos - Bishop&#039;s University\" \/>\n<meta property=\"og:description\" content=\"Photos des dipl\u00f4m\u00e9.e.s Le Conseil des repr\u00e9sentant.e.s des \u00e9tudiant.e.s (SRC) travaille avec Jessica Ford Photography en tant que photographe officielle de la c\u00e9r\u00e9monie de collation des grades. Pour $40 de frais de s\u00e9ance, les dipl\u00f4m\u00e9.e.s obtiendront six poses, une photo dans l\u2019annuaire et une copie num\u00e9rique. Les s\u00e9ances photo se d\u00e9rouleront sur le campus, \u00e0...\" \/>\n<meta property=\"og:url\" content=\"https:\/\/www.ubishops.ca\/fr\/collation-des-grades\/photos\/\" \/>\n<meta property=\"og:site_name\" content=\"Bishop&#039;s University\" \/>\n<meta property=\"article:publisher\" content=\"https:\/\/www.facebook.com\/ubishops\" \/>\n<meta property=\"article:modified_time\" content=\"2026-02-09T19:43:42+00:00\" \/>\n<meta name=\"twitter:card\" content=\"summary_large_image\" \/>\n<meta name=\"twitter:site\" content=\"@ubishops\" \/>\n<meta name=\"twitter:label1\" content=\"Dur\u00e9e de lecture estim\u00e9e\" \/>\n\t<meta name=\"twitter:data1\" content=\"1 minute\" \/>\n<script type=\"application\/ld+json\" class=\"yoast-schema-graph\">{\"@context\":\"https:\/\/schema.org\",\"@graph\":[{\"@type\":\"WebPage\",\"@id\":\"https:\/\/www.ubishops.ca\/fr\/collation-des-grades\/photos\/\",\"url\":\"https:\/\/www.ubishops.ca\/fr\/collation-des-grades\/photos\/\",\"name\":\"Photos - Bishop&#039;s University\",\"isPartOf\":{\"@id\":\"https:\/\/www.ubishops.ca\/#website\"},\"datePublished\":\"2025-02-19T20:31:21+00:00\",\"dateModified\":\"2026-02-09T19:43:42+00:00\",\"breadcrumb\":{\"@id\":\"https:\/\/www.ubishops.ca\/fr\/collation-des-grades\/photos\/#breadcrumb\"},\"inLanguage\":\"fr-FR\",\"potentialAction\":[{\"@type\":\"ReadAction\",\"target\":[\"https:\/\/www.ubishops.ca\/fr\/collation-des-grades\/photos\/\"]}]},{\"@type\":\"BreadcrumbList\",\"@id\":\"https:\/\/www.ubishops.ca\/fr\/collation-des-grades\/photos\/#breadcrumb\",\"itemListElement\":[{\"@type\":\"ListItem\",\"position\":1,\"name\":\"Accueil\",\"item\":\"https:\/\/www.ubishops.ca\/fr\/\"},{\"@type\":\"ListItem\",\"position\":2,\"name\":\"Obtention des dipl\u00f4mes et collation des grades\",\"item\":\"https:\/\/www.ubishops.ca\/fr\/collation-des-grades\/\"},{\"@type\":\"ListItem\",\"position\":3,\"name\":\"Photos\"}]},{\"@type\":\"WebSite\",\"@id\":\"https:\/\/www.ubishops.ca\/#website\",\"url\":\"https:\/\/www.ubishops.ca\/\",\"name\":\"Bishop&#039;s University\",\"description\":\"\",\"potentialAction\":[{\"@type\":\"SearchAction\",\"target\":{\"@type\":\"EntryPoint\",\"urlTemplate\":\"https:\/\/www.ubishops.ca\/?s={search_term_string}\"},\"query-input\":{\"@type\":\"PropertyValueSpecification\",\"valueRequired\":true,\"valueName\":\"search_term_string\"}}],\"inLanguage\":\"fr-FR\"}]}<\/script>\n<!-- \/ Yoast SEO plugin. -->","yoast_head_json":{"title":"Photos - Bishop&#039;s University","robots":{"index":"index","follow":"follow","max-snippet":"max-snippet:-1","max-image-preview":"max-image-preview:large","max-video-preview":"max-video-preview:-1"},"canonical":"https:\/\/www.ubishops.ca\/fr\/collation-des-grades\/photos\/","og_locale":"fr_FR","og_type":"article","og_title":"Photos - Bishop&#039;s University","og_description":"Photos des dipl\u00f4m\u00e9.e.s Le Conseil des repr\u00e9sentant.e.s des \u00e9tudiant.e.s (SRC) travaille avec Jessica Ford Photography en tant que photographe officielle de la c\u00e9r\u00e9monie de collation des grades. Pour $40 de frais de s\u00e9ance, les dipl\u00f4m\u00e9.e.s obtiendront six poses, une photo dans l\u2019annuaire et une copie num\u00e9rique. Les s\u00e9ances photo se d\u00e9rouleront sur le campus, \u00e0...","og_url":"https:\/\/www.ubishops.ca\/fr\/collation-des-grades\/photos\/","og_site_name":"Bishop&#039;s University","article_publisher":"https:\/\/www.facebook.com\/ubishops","article_modified_time":"2026-02-09T19:43:42+00:00","twitter_card":"summary_large_image","twitter_site":"@ubishops","twitter_misc":{"Dur\u00e9e de lecture estim\u00e9e":"1 minute"},"schema":{"@context":"https:\/\/schema.org","@graph":[{"@type":"WebPage","@id":"https:\/\/www.ubishops.ca\/fr\/collation-des-grades\/photos\/","url":"https:\/\/www.ubishops.ca\/fr\/collation-des-grades\/photos\/","name":"Photos - Bishop&#039;s University","isPartOf":{"@id":"https:\/\/www.ubishops.ca\/#website"},"datePublished":"2025-02-19T20:31:21+00:00","dateModified":"2026-02-09T19:43:42+00:00","breadcrumb":{"@id":"https:\/\/www.ubishops.ca\/fr\/collation-des-grades\/photos\/#breadcrumb"},"inLanguage":"fr-FR","potentialAction":[{"@type":"ReadAction","target":["https:\/\/www.ubishops.ca\/fr\/collation-des-grades\/photos\/"]}]},{"@type":"BreadcrumbList","@id":"https:\/\/www.ubishops.ca\/fr\/collation-des-grades\/photos\/#breadcrumb","itemListElement":[{"@type":"ListItem","position":1,"name":"Accueil","item":"https:\/\/www.ubishops.ca\/fr\/"},{"@type":"ListItem","position":2,"name":"Obtention des dipl\u00f4mes et collation des grades","item":"https:\/\/www.ubishops.ca\/fr\/collation-des-grades\/"},{"@type":"ListItem","position":3,"name":"Photos"}]},{"@type":"WebSite","@id":"https:\/\/www.ubishops.ca\/#website","url":"https:\/\/www.ubishops.ca\/","name":"Bishop&#039;s University","description":"","potentialAction":[{"@type":"SearchAction","target":{"@type":"EntryPoint","urlTemplate":"https:\/\/www.ubishops.ca\/?s={search_term_string}"},"query-input":{"@type":"PropertyValueSpecification","valueRequired":true,"valueName":"search_term_string"}}],"inLanguage":"fr-FR"}]}},"taxonomy_info":[],"featured_image_src_large":false,"author_info":{"display_name":"Julie Fradette","author_link":"https:\/\/www.ubishops.ca\/fr\/author\/jfradett\/"},"comment_info":0,"publishpress_future_action":{"enabled":false,"date":"2026-04-15 18:25:01","action":"change-status","newStatus":"draft","terms":[],"taxonomy":"translation_priority","extraData":[]},"publishpress_future_workflow_manual_trigger":{"enabledWorkflows":[]},"_links":{"self":[{"href":"https:\/\/www.ubishops.ca\/fr\/wp-json\/wp\/v2\/pages\/121141","targetHints":{"allow":["GET"]}}],"collection":[{"href":"https:\/\/www.ubishops.ca\/fr\/wp-json\/wp\/v2\/pages"}],"about":[{"href":"https:\/\/www.ubishops.ca\/fr\/wp-json\/wp\/v2\/types\/page"}],"author":[{"embeddable":true,"href":"https:\/\/www.ubishops.ca\/fr\/wp-json\/wp\/v2\/users\/49"}],"replies":[{"embeddable":true,"href":"https:\/\/www.ubishops.ca\/fr\/wp-json\/wp\/v2\/comments?post=121141"}],"version-history":[{"count":2,"href":"https:\/\/www.ubishops.ca\/fr\/wp-json\/wp\/v2\/pages\/121141\/revisions"}],"predecessor-version":[{"id":130438,"href":"https:\/\/www.ubishops.ca\/fr\/wp-json\/wp\/v2\/pages\/121141\/revisions\/130438"}],"up":[{"embeddable":true,"href":"https:\/\/www.ubishops.ca\/fr\/wp-json\/wp\/v2\/pages\/96950"}],"wp:attachment":[{"href":"https:\/\/www.ubishops.ca\/fr\/wp-json\/wp\/v2\/media?parent=121141"}],"curies":[{"name":"wp","href":"https:\/\/api.w.org\/{rel}","templated":true}]}}