{"id":118701,"date":"2023-08-24T11:31:24","date_gmt":"2023-08-24T15:31:24","guid":{"rendered":"https:\/\/www.ubishops.ca\/services-aux-etudiants\/sante-et-bien-etre\/spiritual-care\/"},"modified":"2025-01-07T11:04:38","modified_gmt":"2025-01-07T16:04:38","slug":"aide-spirituelle","status":"publish","type":"page","link":"https:\/\/www.ubishops.ca\/fr\/services-aux-etudiants\/sante-et-bien-etre\/aide-spirituelle\/","title":{"rendered":"Aide spirituelle"},"content":{"rendered":"\n<p>Par l\u2019interm\u00e9diaire du bureau de l\u2019aum\u00f4nier du campus, l\u2019Universit\u00e9 Bishop\u2019s encourage le bien-\u00eatre spirituel de toute la communaut\u00e9 universitaire, y compris des personnes de toutes les croyances, qui ne s\u2019identifient pas \u00e0 une confession ou qui sont curieuses d\u2019en savoir plus sur la religion et la spiritualit\u00e9.\u00a0<\/p>\n\n\n\n<p>L\u2019aide spirituelle recoupe de bien des mani\u00e8res les divers aspects de la vie universitaire, dont le counseling, la sant\u00e9 mentale, l\u2019\u00e9thique, l\u2019environnementalisme, la cr\u00e9ativit\u00e9, la qu\u00eate de sens et les efforts de paix, de justice et de r\u00e9conciliation. Si tu as besoin de soutien dans ton parcours personnel ou communautaire, parles-en avec l\u2019aum\u00f4nier du campus!<\/p>\n\n\n\n<p><strong><strong>Pour planifier une rencontre ou un \u00e9v\u00e9nement avec le r\u00e9v\u00e9rend Jesse Dymond, \u00e9cris \u00e0 <\/strong><a href=\"&#109;&#x61;&#x69;l&#116;&#x6f;:&#106;&#x64;&#x79;&#109;&#x6f;&#x6e;d&#64;&#x75;b&#105;&#x73;&#x68;&#111;&#x70;&#x73;&#46;&#99;&#x61;\" target=\"_blank\" rel=\"noreferrer noopener\"><strong>&#106;&#x64;y&#109;&#x6f;n&#100;&#x40;u&#x62;&#x69;&#115;&#x68;o&#112;&#x73;&#46;&#99;&#x61;<\/strong><\/a><strong> ou appelle au 819\u202f822-9600 poste 2718.<\/strong>\u00a0<\/strong><\/p>\n\n\n\n<p>Rendez-vous du lundi au vendredi, entre 8h30 et 16h.\u00a0<\/p>\n\n\n\n<div style=\"height:25px\" aria-hidden=\"true\" class=\"wp-block-spacer\"><\/div>\n\n\n\n<div class=\"wp-block-media-text is-stacked-on-mobile is-vertically-aligned-top\" style=\"grid-template-columns:35% auto\"><figure class=\"wp-block-media-text__media\"><img decoding=\"async\" width=\"600\" height=\"600\" src=\"https:\/\/www.ubishops.ca\/wp-content\/uploads\/Jesse_Dymond.jpg\" alt=\"Rev. Jesse Dymond - Chaplain\" class=\"wp-image-118260 size-full\" srcset=\"https:\/\/www.ubishops.ca\/wp-content\/uploads\/Jesse_Dymond.jpg 600w, https:\/\/www.ubishops.ca\/wp-content\/uploads\/Jesse_Dymond-300x300.jpg 300w, https:\/\/www.ubishops.ca\/wp-content\/uploads\/Jesse_Dymond-150x150.jpg 150w, https:\/\/www.ubishops.ca\/wp-content\/uploads\/Jesse_Dymond-45x45.jpg 45w\" sizes=\"(max-width: 600px) 100vw, 600px\" \/><\/figure><div class=\"wp-block-media-text__content\">\n<p><strong>Rev. Jesse Dymond &#8211; Chapelain<\/strong><\/p>\n\n\n\n<p>M.Div (Huron University College), M.A(Th) (University of Western Ontario).<\/p>\n\n\n\n<p>Avant son arriv\u00e9e \u00e0 l\u2019Universit\u00e9 Bishop\u2019s et au Coll\u00e8ge r\u00e9gional Champlain en 2017, Jesse Dymond a travaill\u00e9 en pastorale paroissiale et en pastorale jeunesse, dans un service d\u2019aum\u00f4nerie en sant\u00e9 mentale d\u2019Ontario et dans le contexte de communaut\u00e9s en ligne \u00e0 l\u2019\u00e9chelle nationale. Ordonn\u00e9 pr\u00eatre de l\u2019\u00c9glise anglicane du Canada, il offre ses services de pastorale \u00e0 tous les membres de la communaut\u00e9 de l\u2019Universit\u00e9 Bishop\u2019s et du Coll\u00e8ge Champlain, quelles que soient leurs croyances ou leur confession. Il poursuit actuellement des \u00e9tudes doctorales en relations humaines (aide spirituelle et psychoth\u00e9rapie). Ses champs d\u2019int\u00e9r\u00eat se trouvent \u00e0 la crois\u00e9e entre science et th\u00e9ologie, plus pr\u00e9cis\u00e9ment autour de l\u2019\u00e9thique des relations duelles et multiples dans des contextes institutionnels et communautaires.\u00a0\u00a0<\/p>\n<\/div><\/div>\n\n\n\n<div style=\"height:25px\" aria-hidden=\"true\" class=\"wp-block-spacer\"><\/div>\n\n\n\n<h2 class=\"wp-block-heading\">Espaces d\u00e9di\u00e9s \u00e0 la spiritualit\u00e9 et \u00e0 la qui\u00e9tude sur le campus\u202f:<\/h2>\n\n\n\n<p><strong>La salle de pri\u00e8re musulmane<\/strong> est situ\u00e9e au sous-sol du pavillon MacKinnon #5. Contacte le pasteur du campus pour obtenir le code de s\u00e9curit\u00e9.\u00a0<\/p>\n\n\n\n<p><a href=\"https:\/\/www.ubishops.ca\/student-services\/health-wellness\/spiritual-care\/labyrinth-bishops-campus\/\" target=\"_blank\" rel=\"noreferrer noopener\"><strong>Le labyrinthe<\/strong><\/a> est situ\u00e9 sur le terrain pr\u00e8s de la maison Kwigw8mna. Lorsque la temp\u00e9rature le permet, des activit\u00e9s comme un cercle de percussions et une travers\u00e9e accompagn\u00e9e du labyrinthe sont organis\u00e9es entre 14\u202fh et 15\u202fh les vendredis.\u00a0<\/p>\n\n\n\n<p><a href=\"https:\/\/www.ubishops.ca\/student-services\/health-wellness\/spiritual-care\/st-marks-chapel\/\" target=\"_blank\" rel=\"noreferrer noopener\"><strong>La chapelle St. Mark\u2019s<\/strong><\/a> est situ\u00e9e pr\u00e8s de l\u2019\u00e9difice McGreer et est ouverte chaque jour de 7\u202fh \u00e0 19\u202fh.\u00a0<\/p>\n\n\n\n<div style=\"height:25px\" aria-hidden=\"true\" class=\"wp-block-spacer\"><\/div>\n\n\n\n<h2 class=\"wp-block-heading\">Clubs religieux\u00a0<\/h2>\n\n\n\n<p>Encounter Student Ministries (chr\u00e9tien): <a href=\"&#x6d;&#97;&#x69;&#x6c;&#116;&#x6f;&#x3a;&#101;&#x73;&#x6d;&#64;&#x75;&#x62;i&#x73;&#x68;o&#x70;&#115;&#46;&#x63;&#97;\">&#101;&#x73;m&#64;&#x75;b&#105;&#x73;h&#111;&#x70;s&#46;&#x63;&#97;<\/a><br>Pr\u00e9sidente du club juif: Rachel Weinstein <a href=\"&#109;&#x61;i&#108;&#x74;o&#58;&#x72;w&#x65;&#x69;&#110;&#x73;t&#101;&#x69;n&#49;&#x38;&#64;&#x55;&#x42;&#105;&#x73;&#x68;&#111;&#x70;s&#46;&#x63;a\">&#114;&#119;&#x65;i&#110;&#x73;&#x74;e&#105;&#x6e;&#x31;8&#64;&#x55;B&#105;&#x73;&#x68;o&#112;&#x73;&#x2e;c&#97;<\/a><br>Pr\u00e9sident du club musulman: Ahmad Rateb Hamdan \u200e<a href=\"&#x6d;&#97;i&#x6c;&#x74;&#111;:&#x65;&#110;g&#x2e;&#x61;&#104;m&#x61;&#100;&#46;&#x68;&#x61;&#109;d&#x61;&#x6e;&#64;&#x6f;&#x75;&#116;l&#x6f;&#x6f;&#107;&#46;&#x63;&#111;m\">&#x65;&#110;g&#x2e;&#x61;&#104;m&#x61;&#x64;&#46;h&#x61;&#x6d;&#100;a&#x6e;&#x40;&#111;u&#x74;&#108;&#111;o&#x6b;&#46;c&#x6f;&#x6d;<\/a><\/p>\n\n\n\n<div style=\"height:30px\" aria-hidden=\"true\" class=\"wp-block-spacer\"><\/div>\n\n\n\n<div class=\"wp-block-group has-lighter-gray-background-color has-background\"><div class=\"wp-block-group__inner-container is-layout-constrained wp-block-group-is-layout-constrained\">\n<h2 class=\"wp-block-heading\">Dons<\/h2>\n\n\n\n<p>Le pasteur du campus est employ\u00e9 par le Comit\u00e9 pastoral du campus, et ce dernier compte sur les dons pour soutenir son fonctionnement.<\/p>\n\n\n\n<p>Clique sur le bouton ci-dessous si tu souhaites faire un don en ligne aupr\u00e8s de la Fondation de l\u2019Universit\u00e9 Bishop\u2019s. Sous la d\u00e9signation, <strong>s\u00e9lectionne \u00ab\u202fautre\u202f\u00bb dans la liste d\u2019options<\/strong> et <strong>inscris manuellement \u00ab\u202fPasteur du campus\u202f\u00bb<\/strong>. Il suffit ensuite de remplir le reste du formulaire. Un re\u00e7u sera produit automatiquement.<\/p>\n\n\n\n<div class=\"wp-block-buttons is-layout-flex wp-block-buttons-is-layout-flex\">\n<div class=\"wp-block-button\"><a class=\"wp-block-button__link has-white-color has-purple-background-color has-text-color has-background wp-element-button\" href=\"https:\/\/www.ubishops.ca\/fr\/bureau-des-relations-avec-les-diplomes-et-de-la-philanthropie\/faire-un-don\/\">Fais un don<\/a><\/div>\n<\/div>\n\n\n\n<p>Nous sommes reconnaissants pour ton soutien!<\/p>\n<\/div><\/div>\n","protected":false},"excerpt":{"rendered":"<p>Par l\u2019interm\u00e9diaire du bureau de l\u2019aum\u00f4nier du campus, l\u2019Universit\u00e9 Bishop\u2019s encourage le bien-\u00eatre spirituel de toute la communaut\u00e9 universitaire, y compris des personnes de toutes les croyances, qui ne s\u2019identifient pas \u00e0 une confession ou qui sont curieuses d\u2019en savoir plus sur la religion et la spiritualit\u00e9.\u00a0 L\u2019aide spirituelle recoupe de bien des mani\u00e8res les&#8230;<\/p>\n","protected":false},"author":49,"featured_media":0,"parent":118653,"menu_order":147,"comment_status":"closed","ping_status":"closed","template":"templates\/page-width-sidebar.php","meta":{"_acf_changed":false,"_cbd_carousel_blocks":"[]","_kad_blocks_custom_css":"","_kad_blocks_head_custom_js":"","_kad_blocks_body_custom_js":"","_kad_blocks_footer_custom_js":"","_kad_post_transparent":"","_kad_post_title":"","_kad_post_layout":"","_kad_post_sidebar_id":"","_kad_post_content_style":"","_kad_post_vertical_padding":"","_kad_post_feature":"","_kad_post_feature_position":"","_kad_post_header":false,"_kad_post_footer":false,"_kad_post_classname":"","footnotes":""},"class_list":["post-118701","page","type-page","status-publish","hentry"],"acf":[],"yoast_head":"<!-- This site is optimized with the Yoast SEO plugin v27.2 - https:\/\/yoast.com\/product\/yoast-seo-wordpress\/ -->\n<title>Aide spirituelle - Bishop&#039;s University<\/title>\n<meta name=\"robots\" content=\"index, follow, max-snippet:-1, max-image-preview:large, max-video-preview:-1\" \/>\n<link rel=\"canonical\" href=\"https:\/\/www.ubishops.ca\/fr\/services-aux-etudiants\/sante-et-bien-etre\/aide-spirituelle\/\" \/>\n<meta property=\"og:locale\" content=\"fr_FR\" \/>\n<meta property=\"og:type\" content=\"article\" \/>\n<meta property=\"og:title\" content=\"Aide spirituelle - Bishop&#039;s University\" \/>\n<meta property=\"og:description\" content=\"Par l\u2019interm\u00e9diaire du bureau de l\u2019aum\u00f4nier du campus, l\u2019Universit\u00e9 Bishop\u2019s encourage le bien-\u00eatre spirituel de toute la communaut\u00e9 universitaire, y compris des personnes de toutes les croyances, qui ne s\u2019identifient pas \u00e0 une confession ou qui sont curieuses d\u2019en savoir plus sur la religion et la spiritualit\u00e9.\u00a0 L\u2019aide spirituelle recoupe de bien des mani\u00e8res les...\" \/>\n<meta property=\"og:url\" content=\"https:\/\/www.ubishops.ca\/fr\/services-aux-etudiants\/sante-et-bien-etre\/aide-spirituelle\/\" \/>\n<meta property=\"og:site_name\" content=\"Bishop&#039;s University\" \/>\n<meta property=\"article:publisher\" content=\"https:\/\/www.facebook.com\/ubishops\" \/>\n<meta property=\"article:modified_time\" content=\"2025-01-07T16:04:38+00:00\" \/>\n<meta property=\"og:image\" content=\"https:\/\/www.ubishops.ca\/wp-content\/uploads\/Jesse_Dymond.jpg\" \/>\n<meta name=\"twitter:card\" content=\"summary_large_image\" \/>\n<meta name=\"twitter:site\" content=\"@ubishops\" \/>\n<meta name=\"twitter:label1\" content=\"Dur\u00e9e de lecture estim\u00e9e\" \/>\n\t<meta name=\"twitter:data1\" content=\"3 minutes\" \/>\n<script type=\"application\/ld+json\" class=\"yoast-schema-graph\">{\"@context\":\"https:\/\/schema.org\",\"@graph\":[{\"@type\":\"WebPage\",\"@id\":\"https:\/\/www.ubishops.ca\/fr\/services-aux-etudiants\/sante-et-bien-etre\/aide-spirituelle\/\",\"url\":\"https:\/\/www.ubishops.ca\/fr\/services-aux-etudiants\/sante-et-bien-etre\/aide-spirituelle\/\",\"name\":\"Aide spirituelle - Bishop&#039;s University\",\"isPartOf\":{\"@id\":\"https:\/\/www.ubishops.ca\/#website\"},\"primaryImageOfPage\":{\"@id\":\"https:\/\/www.ubishops.ca\/fr\/services-aux-etudiants\/sante-et-bien-etre\/aide-spirituelle\/#primaryimage\"},\"image\":{\"@id\":\"https:\/\/www.ubishops.ca\/fr\/services-aux-etudiants\/sante-et-bien-etre\/aide-spirituelle\/#primaryimage\"},\"thumbnailUrl\":\"https:\/\/www.ubishops.ca\/wp-content\/uploads\/Jesse_Dymond.jpg\",\"datePublished\":\"2023-08-24T15:31:24+00:00\",\"dateModified\":\"2025-01-07T16:04:38+00:00\",\"breadcrumb\":{\"@id\":\"https:\/\/www.ubishops.ca\/fr\/services-aux-etudiants\/sante-et-bien-etre\/aide-spirituelle\/#breadcrumb\"},\"inLanguage\":\"fr-FR\",\"potentialAction\":[{\"@type\":\"ReadAction\",\"target\":[\"https:\/\/www.ubishops.ca\/fr\/services-aux-etudiants\/sante-et-bien-etre\/aide-spirituelle\/\"]}]},{\"@type\":\"ImageObject\",\"inLanguage\":\"fr-FR\",\"@id\":\"https:\/\/www.ubishops.ca\/fr\/services-aux-etudiants\/sante-et-bien-etre\/aide-spirituelle\/#primaryimage\",\"url\":\"https:\/\/www.ubishops.ca\/wp-content\/uploads\/Jesse_Dymond.jpg\",\"contentUrl\":\"https:\/\/www.ubishops.ca\/wp-content\/uploads\/Jesse_Dymond.jpg\"},{\"@type\":\"BreadcrumbList\",\"@id\":\"https:\/\/www.ubishops.ca\/fr\/services-aux-etudiants\/sante-et-bien-etre\/aide-spirituelle\/#breadcrumb\",\"itemListElement\":[{\"@type\":\"ListItem\",\"position\":1,\"name\":\"Accueil\",\"item\":\"https:\/\/www.ubishops.ca\/fr\/\"},{\"@type\":\"ListItem\",\"position\":2,\"name\":\"Services aux \u00e9tudiants\",\"item\":\"https:\/\/www.ubishops.ca\/fr\/services-aux-etudiants\/\"},{\"@type\":\"ListItem\",\"position\":3,\"name\":\"Sant\u00e9 et bien-\u00eatre\",\"item\":\"https:\/\/www.ubishops.ca\/fr\/services-aux-etudiants\/sante-et-bien-etre\/\"},{\"@type\":\"ListItem\",\"position\":4,\"name\":\"Aide spirituelle\"}]},{\"@type\":\"WebSite\",\"@id\":\"https:\/\/www.ubishops.ca\/#website\",\"url\":\"https:\/\/www.ubishops.ca\/\",\"name\":\"Bishop&#039;s University\",\"description\":\"\",\"potentialAction\":[{\"@type\":\"SearchAction\",\"target\":{\"@type\":\"EntryPoint\",\"urlTemplate\":\"https:\/\/www.ubishops.ca\/?s={search_term_string}\"},\"query-input\":{\"@type\":\"PropertyValueSpecification\",\"valueRequired\":true,\"valueName\":\"search_term_string\"}}],\"inLanguage\":\"fr-FR\"}]}<\/script>\n<!-- \/ Yoast SEO plugin. -->","yoast_head_json":{"title":"Aide spirituelle - Bishop&#039;s University","robots":{"index":"index","follow":"follow","max-snippet":"max-snippet:-1","max-image-preview":"max-image-preview:large","max-video-preview":"max-video-preview:-1"},"canonical":"https:\/\/www.ubishops.ca\/fr\/services-aux-etudiants\/sante-et-bien-etre\/aide-spirituelle\/","og_locale":"fr_FR","og_type":"article","og_title":"Aide spirituelle - Bishop&#039;s University","og_description":"Par l\u2019interm\u00e9diaire du bureau de l\u2019aum\u00f4nier du campus, l\u2019Universit\u00e9 Bishop\u2019s encourage le bien-\u00eatre spirituel de toute la communaut\u00e9 universitaire, y compris des personnes de toutes les croyances, qui ne s\u2019identifient pas \u00e0 une confession ou qui sont curieuses d\u2019en savoir plus sur la religion et la spiritualit\u00e9.\u00a0 L\u2019aide spirituelle recoupe de bien des mani\u00e8res les...","og_url":"https:\/\/www.ubishops.ca\/fr\/services-aux-etudiants\/sante-et-bien-etre\/aide-spirituelle\/","og_site_name":"Bishop&#039;s University","article_publisher":"https:\/\/www.facebook.com\/ubishops","article_modified_time":"2025-01-07T16:04:38+00:00","og_image":[{"url":"https:\/\/www.ubishops.ca\/wp-content\/uploads\/Jesse_Dymond.jpg","type":"","width":"","height":""}],"twitter_card":"summary_large_image","twitter_site":"@ubishops","twitter_misc":{"Dur\u00e9e de lecture estim\u00e9e":"3 minutes"},"schema":{"@context":"https:\/\/schema.org","@graph":[{"@type":"WebPage","@id":"https:\/\/www.ubishops.ca\/fr\/services-aux-etudiants\/sante-et-bien-etre\/aide-spirituelle\/","url":"https:\/\/www.ubishops.ca\/fr\/services-aux-etudiants\/sante-et-bien-etre\/aide-spirituelle\/","name":"Aide spirituelle - Bishop&#039;s University","isPartOf":{"@id":"https:\/\/www.ubishops.ca\/#website"},"primaryImageOfPage":{"@id":"https:\/\/www.ubishops.ca\/fr\/services-aux-etudiants\/sante-et-bien-etre\/aide-spirituelle\/#primaryimage"},"image":{"@id":"https:\/\/www.ubishops.ca\/fr\/services-aux-etudiants\/sante-et-bien-etre\/aide-spirituelle\/#primaryimage"},"thumbnailUrl":"https:\/\/www.ubishops.ca\/wp-content\/uploads\/Jesse_Dymond.jpg","datePublished":"2023-08-24T15:31:24+00:00","dateModified":"2025-01-07T16:04:38+00:00","breadcrumb":{"@id":"https:\/\/www.ubishops.ca\/fr\/services-aux-etudiants\/sante-et-bien-etre\/aide-spirituelle\/#breadcrumb"},"inLanguage":"fr-FR","potentialAction":[{"@type":"ReadAction","target":["https:\/\/www.ubishops.ca\/fr\/services-aux-etudiants\/sante-et-bien-etre\/aide-spirituelle\/"]}]},{"@type":"ImageObject","inLanguage":"fr-FR","@id":"https:\/\/www.ubishops.ca\/fr\/services-aux-etudiants\/sante-et-bien-etre\/aide-spirituelle\/#primaryimage","url":"https:\/\/www.ubishops.ca\/wp-content\/uploads\/Jesse_Dymond.jpg","contentUrl":"https:\/\/www.ubishops.ca\/wp-content\/uploads\/Jesse_Dymond.jpg"},{"@type":"BreadcrumbList","@id":"https:\/\/www.ubishops.ca\/fr\/services-aux-etudiants\/sante-et-bien-etre\/aide-spirituelle\/#breadcrumb","itemListElement":[{"@type":"ListItem","position":1,"name":"Accueil","item":"https:\/\/www.ubishops.ca\/fr\/"},{"@type":"ListItem","position":2,"name":"Services aux \u00e9tudiants","item":"https:\/\/www.ubishops.ca\/fr\/services-aux-etudiants\/"},{"@type":"ListItem","position":3,"name":"Sant\u00e9 et bien-\u00eatre","item":"https:\/\/www.ubishops.ca\/fr\/services-aux-etudiants\/sante-et-bien-etre\/"},{"@type":"ListItem","position":4,"name":"Aide spirituelle"}]},{"@type":"WebSite","@id":"https:\/\/www.ubishops.ca\/#website","url":"https:\/\/www.ubishops.ca\/","name":"Bishop&#039;s University","description":"","potentialAction":[{"@type":"SearchAction","target":{"@type":"EntryPoint","urlTemplate":"https:\/\/www.ubishops.ca\/?s={search_term_string}"},"query-input":{"@type":"PropertyValueSpecification","valueRequired":true,"valueName":"search_term_string"}}],"inLanguage":"fr-FR"}]}},"taxonomy_info":[],"featured_image_src_large":false,"author_info":{"display_name":"Julie Fradette","author_link":"https:\/\/www.ubishops.ca\/fr\/author\/jfradett\/"},"comment_info":0,"publishpress_future_action":{"enabled":false,"date":"2026-04-15 14:54:46","action":"change-status","newStatus":"draft","terms":[],"taxonomy":"translation_priority","extraData":[]},"publishpress_future_workflow_manual_trigger":{"enabledWorkflows":[]},"_links":{"self":[{"href":"https:\/\/www.ubishops.ca\/fr\/wp-json\/wp\/v2\/pages\/118701","targetHints":{"allow":["GET"]}}],"collection":[{"href":"https:\/\/www.ubishops.ca\/fr\/wp-json\/wp\/v2\/pages"}],"about":[{"href":"https:\/\/www.ubishops.ca\/fr\/wp-json\/wp\/v2\/types\/page"}],"author":[{"embeddable":true,"href":"https:\/\/www.ubishops.ca\/fr\/wp-json\/wp\/v2\/users\/49"}],"replies":[{"embeddable":true,"href":"https:\/\/www.ubishops.ca\/fr\/wp-json\/wp\/v2\/comments?post=118701"}],"version-history":[{"count":0,"href":"https:\/\/www.ubishops.ca\/fr\/wp-json\/wp\/v2\/pages\/118701\/revisions"}],"up":[{"embeddable":true,"href":"https:\/\/www.ubishops.ca\/fr\/wp-json\/wp\/v2\/pages\/118653"}],"wp:attachment":[{"href":"https:\/\/www.ubishops.ca\/fr\/wp-json\/wp\/v2\/media?parent=118701"}],"curies":[{"name":"wp","href":"https:\/\/api.w.org\/{rel}","templated":true}]}}