{"id":118663,"date":"2016-09-07T09:53:52","date_gmt":"2016-09-07T13:53:52","guid":{"rendered":"https:\/\/www.ubishops.ca\/sante-et-bien-etre\/services-de-sante\/medical-services-hours\/"},"modified":"2025-01-06T15:16:39","modified_gmt":"2025-01-06T20:16:39","slug":"services-medicaux-apres-les-heures-douverture","status":"publish","type":"page","link":"https:\/\/www.ubishops.ca\/fr\/services-aux-etudiants\/sante-et-bien-etre\/services-de-sante\/services-medicaux-apres-les-heures-douverture\/","title":{"rendered":"Services m\u00e9dicaux apr\u00e8s les heures d\u2019ouverture"},"content":{"rendered":"\n<h2 class=\"wp-block-heading\">Besoins m\u00e9dicaux non urgents<\/h2>\n\n\n\n<p>Si tu habites en r\u00e9sidence, l\u2019aidant(e) de ton \u00e9tage devrait pouvoir te diriger vers la bonne clinique en dehors des heures d\u2019ouverture de nos Services de sant\u00e9.<\/p>\n\n\n\n<h3 class=\"wp-block-heading\">Info-Sant\u00e9 \u2013 811<\/h3>\n\n\n\n<p>Info-Sant\u00e9 8-1-1 est un service de consultation par t\u00e9l\u00e9phone sans frais et confidentiel.<\/p>\n\n\n\n<p>En composant le 8-1-1, tu peux discuter avec une infirmi\u00e8re ou un infirmier de tout probl\u00e8me de sant\u00e9 non urgent. Ce service est accessible 24\u202fheures par jour, 365\u202fjours par ann\u00e9e. Toute personne habitant au Qu\u00e9bec peut appeler Info-Sant\u00e9 8-1-1 pour elle-m\u00eame ou un proche.<\/p>\n\n\n\n<p><a href=\"http:\/\/sante.gouv.qc.ca\/en\/systeme-sante-en-bref\/info-sante-8-1-1\/\" target=\"_blank\" rel=\"noreferrer noopener\">Visite le site Web d\u2019Info-Sant\u00e9 pour en savoir plus<\/a>.\u00a0<\/p>\n\n\n\n<h3 class=\"wp-block-heading\">Clinique m\u00e9dicale<\/h3>\n\n\n\n<p>Besoin de voir un(e) m\u00e9decin, mais la clinique de nos Services de sant\u00e9 est ferm\u00e9e?\u00a0 Voici d\u2019autres options\u202f:\u00a0<\/p>\n\n\n\n<ul class=\"wp-block-list\">\n<li>Si tu as une carte de la RAMQ, appelle au 1\u202f877\u202f791-5439. On pourra t\u2019indiquer la marche \u00e0 suivre.\u00a0<\/li>\n\n\n\n<li>Si tu n\u2019as pas de carte de la RAMQ, consulte <a href=\"https:\/\/www.santeestrie.qc.ca\/clients\/SanteEstrie\/soins-services\/Pour_tous\/consultation_medicale\/Liste_GMF_et_cliniques_m%C3%A9dicales.pdf\" target=\"_blank\" rel=\"noreferrer noopener\">ce site pour trouver la clinique la plus proche.<\/a>\u00a0<\/li>\n<\/ul>\n\n\n\n<div style=\"height:30px\" aria-hidden=\"true\" class=\"wp-block-spacer\"><\/div>\n\n\n\n<h2 class=\"wp-block-heading\">Urgences<\/h2>\n\n\n\n<p>Pour tout probl\u00e8me urgent, rends-toi aux urgences de l\u2019h\u00f4pital le plus pr\u00e8s.<\/p>\n\n\n\n<h3 class=\"wp-block-heading\">Ambulance<\/h3>\n\n\n\n<p>Si tu as besoin d\u2019une ambulance sur le campus, <strong>appelle la S\u00e9curit\u00e9 au 819\u202f822-9711<\/strong> ou en composant le poste 2711 et quelqu\u2019un fera venir une ambulance \u00e0 ta chambre. Les services d\u2019ambulance sont aux frais de l\u2019\u00e9tudiant(e).<\/p>\n\n\n\n<h3 class=\"wp-block-heading\">H\u00f4pital<\/h3>\n\n\n\n<p>Ces h\u00f4pitaux de la r\u00e9gion de Sherbrooke offrent des soins en cas d\u2019urgence\u202f:\u00a0<\/p>\n\n\n\n<p><strong>CHUS Hotel-Dieu<\/strong><br>580 Bowen S.<br>Sherbrooke, Qc&nbsp; J1G 2E8<br>Tel: 819-346-1110<\/p>\n\n\n\n<p><strong>CHUS Fleurimont<\/strong><br>3001 12th Ave. N.<br>Sherbrooke (Fleurimont), Qc&nbsp; J1H 5H3<br>Tel: 819-346-1110<\/p>\n\n\n\n<p><strong>Coaticook Hospital<\/strong><br>138 rue Jeanne-Mance<br>Coaticook, QC&nbsp; J1A 1W3<br>Tel: 819-849-4876<\/p>\n","protected":false},"excerpt":{"rendered":"<p>Besoins m\u00e9dicaux non urgents Si tu habites en r\u00e9sidence, l\u2019aidant(e) de ton \u00e9tage devrait pouvoir te diriger vers la bonne clinique en dehors des heures d\u2019ouverture de nos Services de sant\u00e9. Info-Sant\u00e9 \u2013 811 Info-Sant\u00e9 8-1-1 est un service de consultation par t\u00e9l\u00e9phone sans frais et confidentiel. En composant le 8-1-1, tu peux discuter avec&#8230;<\/p>\n","protected":false},"author":49,"featured_media":0,"parent":118657,"menu_order":169,"comment_status":"closed","ping_status":"closed","template":"templates\/page-width-sidebar.php","meta":{"_acf_changed":false,"_cbd_carousel_blocks":"[]","_kad_blocks_custom_css":"","_kad_blocks_head_custom_js":"","_kad_blocks_body_custom_js":"","_kad_blocks_footer_custom_js":"","_kad_post_transparent":"","_kad_post_title":"","_kad_post_layout":"","_kad_post_sidebar_id":"","_kad_post_content_style":"","_kad_post_vertical_padding":"","_kad_post_feature":"","_kad_post_feature_position":"","_kad_post_header":false,"_kad_post_footer":false,"_kad_post_classname":"","footnotes":""},"class_list":["post-118663","page","type-page","status-publish","hentry"],"acf":[],"yoast_head":"<!-- This site is optimized with the Yoast SEO plugin v27.2 - https:\/\/yoast.com\/product\/yoast-seo-wordpress\/ -->\n<title>Services m\u00e9dicaux apr\u00e8s les heures d\u2019ouverture - Bishop&#039;s University<\/title>\n<meta name=\"robots\" content=\"index, follow, max-snippet:-1, max-image-preview:large, max-video-preview:-1\" \/>\n<link rel=\"canonical\" href=\"https:\/\/www.ubishops.ca\/fr\/services-aux-etudiants\/sante-et-bien-etre\/services-de-sante\/services-medicaux-apres-les-heures-douverture\/\" \/>\n<meta property=\"og:locale\" content=\"fr_FR\" \/>\n<meta property=\"og:type\" content=\"article\" \/>\n<meta property=\"og:title\" content=\"Services m\u00e9dicaux apr\u00e8s les heures d\u2019ouverture - Bishop&#039;s University\" \/>\n<meta property=\"og:description\" content=\"Besoins m\u00e9dicaux non urgents Si tu habites en r\u00e9sidence, l\u2019aidant(e) de ton \u00e9tage devrait pouvoir te diriger vers la bonne clinique en dehors des heures d\u2019ouverture de nos Services de sant\u00e9. Info-Sant\u00e9 \u2013 811 Info-Sant\u00e9 8-1-1 est un service de consultation par t\u00e9l\u00e9phone sans frais et confidentiel. En composant le 8-1-1, tu peux discuter avec...\" \/>\n<meta property=\"og:url\" content=\"https:\/\/www.ubishops.ca\/fr\/services-aux-etudiants\/sante-et-bien-etre\/services-de-sante\/services-medicaux-apres-les-heures-douverture\/\" \/>\n<meta property=\"og:site_name\" content=\"Bishop&#039;s University\" \/>\n<meta property=\"article:publisher\" content=\"https:\/\/www.facebook.com\/ubishops\" \/>\n<meta property=\"article:modified_time\" content=\"2025-01-06T20:16:39+00:00\" \/>\n<meta name=\"twitter:card\" content=\"summary_large_image\" \/>\n<meta name=\"twitter:site\" content=\"@ubishops\" \/>\n<meta name=\"twitter:label1\" content=\"Dur\u00e9e de lecture estim\u00e9e\" \/>\n\t<meta name=\"twitter:data1\" content=\"2 minutes\" \/>\n<script type=\"application\/ld+json\" class=\"yoast-schema-graph\">{\"@context\":\"https:\/\/schema.org\",\"@graph\":[{\"@type\":\"WebPage\",\"@id\":\"https:\/\/www.ubishops.ca\/fr\/services-aux-etudiants\/sante-et-bien-etre\/services-de-sante\/services-medicaux-apres-les-heures-douverture\/\",\"url\":\"https:\/\/www.ubishops.ca\/fr\/services-aux-etudiants\/sante-et-bien-etre\/services-de-sante\/services-medicaux-apres-les-heures-douverture\/\",\"name\":\"Services m\u00e9dicaux apr\u00e8s les heures d\u2019ouverture - Bishop&#039;s University\",\"isPartOf\":{\"@id\":\"https:\/\/www.ubishops.ca\/#website\"},\"datePublished\":\"2016-09-07T13:53:52+00:00\",\"dateModified\":\"2025-01-06T20:16:39+00:00\",\"breadcrumb\":{\"@id\":\"https:\/\/www.ubishops.ca\/fr\/services-aux-etudiants\/sante-et-bien-etre\/services-de-sante\/services-medicaux-apres-les-heures-douverture\/#breadcrumb\"},\"inLanguage\":\"fr-FR\",\"potentialAction\":[{\"@type\":\"ReadAction\",\"target\":[\"https:\/\/www.ubishops.ca\/fr\/services-aux-etudiants\/sante-et-bien-etre\/services-de-sante\/services-medicaux-apres-les-heures-douverture\/\"]}]},{\"@type\":\"BreadcrumbList\",\"@id\":\"https:\/\/www.ubishops.ca\/fr\/services-aux-etudiants\/sante-et-bien-etre\/services-de-sante\/services-medicaux-apres-les-heures-douverture\/#breadcrumb\",\"itemListElement\":[{\"@type\":\"ListItem\",\"position\":1,\"name\":\"Accueil\",\"item\":\"https:\/\/www.ubishops.ca\/fr\/\"},{\"@type\":\"ListItem\",\"position\":2,\"name\":\"Services aux \u00e9tudiants\",\"item\":\"https:\/\/www.ubishops.ca\/fr\/services-aux-etudiants\/\"},{\"@type\":\"ListItem\",\"position\":3,\"name\":\"Sant\u00e9 et bien-\u00eatre\",\"item\":\"https:\/\/www.ubishops.ca\/fr\/services-aux-etudiants\/sante-et-bien-etre\/\"},{\"@type\":\"ListItem\",\"position\":4,\"name\":\"Services de sant\u00e9\",\"item\":\"https:\/\/www.ubishops.ca\/fr\/services-aux-etudiants\/sante-et-bien-etre\/services-de-sante\/\"},{\"@type\":\"ListItem\",\"position\":5,\"name\":\"Services m\u00e9dicaux apr\u00e8s les heures d\u2019ouverture\"}]},{\"@type\":\"WebSite\",\"@id\":\"https:\/\/www.ubishops.ca\/#website\",\"url\":\"https:\/\/www.ubishops.ca\/\",\"name\":\"Bishop&#039;s University\",\"description\":\"\",\"potentialAction\":[{\"@type\":\"SearchAction\",\"target\":{\"@type\":\"EntryPoint\",\"urlTemplate\":\"https:\/\/www.ubishops.ca\/?s={search_term_string}\"},\"query-input\":{\"@type\":\"PropertyValueSpecification\",\"valueRequired\":true,\"valueName\":\"search_term_string\"}}],\"inLanguage\":\"fr-FR\"}]}<\/script>\n<!-- \/ Yoast SEO plugin. -->","yoast_head_json":{"title":"Services m\u00e9dicaux apr\u00e8s les heures d\u2019ouverture - Bishop&#039;s University","robots":{"index":"index","follow":"follow","max-snippet":"max-snippet:-1","max-image-preview":"max-image-preview:large","max-video-preview":"max-video-preview:-1"},"canonical":"https:\/\/www.ubishops.ca\/fr\/services-aux-etudiants\/sante-et-bien-etre\/services-de-sante\/services-medicaux-apres-les-heures-douverture\/","og_locale":"fr_FR","og_type":"article","og_title":"Services m\u00e9dicaux apr\u00e8s les heures d\u2019ouverture - Bishop&#039;s University","og_description":"Besoins m\u00e9dicaux non urgents Si tu habites en r\u00e9sidence, l\u2019aidant(e) de ton \u00e9tage devrait pouvoir te diriger vers la bonne clinique en dehors des heures d\u2019ouverture de nos Services de sant\u00e9. Info-Sant\u00e9 \u2013 811 Info-Sant\u00e9 8-1-1 est un service de consultation par t\u00e9l\u00e9phone sans frais et confidentiel. En composant le 8-1-1, tu peux discuter avec...","og_url":"https:\/\/www.ubishops.ca\/fr\/services-aux-etudiants\/sante-et-bien-etre\/services-de-sante\/services-medicaux-apres-les-heures-douverture\/","og_site_name":"Bishop&#039;s University","article_publisher":"https:\/\/www.facebook.com\/ubishops","article_modified_time":"2025-01-06T20:16:39+00:00","twitter_card":"summary_large_image","twitter_site":"@ubishops","twitter_misc":{"Dur\u00e9e de lecture estim\u00e9e":"2 minutes"},"schema":{"@context":"https:\/\/schema.org","@graph":[{"@type":"WebPage","@id":"https:\/\/www.ubishops.ca\/fr\/services-aux-etudiants\/sante-et-bien-etre\/services-de-sante\/services-medicaux-apres-les-heures-douverture\/","url":"https:\/\/www.ubishops.ca\/fr\/services-aux-etudiants\/sante-et-bien-etre\/services-de-sante\/services-medicaux-apres-les-heures-douverture\/","name":"Services m\u00e9dicaux apr\u00e8s les heures d\u2019ouverture - Bishop&#039;s University","isPartOf":{"@id":"https:\/\/www.ubishops.ca\/#website"},"datePublished":"2016-09-07T13:53:52+00:00","dateModified":"2025-01-06T20:16:39+00:00","breadcrumb":{"@id":"https:\/\/www.ubishops.ca\/fr\/services-aux-etudiants\/sante-et-bien-etre\/services-de-sante\/services-medicaux-apres-les-heures-douverture\/#breadcrumb"},"inLanguage":"fr-FR","potentialAction":[{"@type":"ReadAction","target":["https:\/\/www.ubishops.ca\/fr\/services-aux-etudiants\/sante-et-bien-etre\/services-de-sante\/services-medicaux-apres-les-heures-douverture\/"]}]},{"@type":"BreadcrumbList","@id":"https:\/\/www.ubishops.ca\/fr\/services-aux-etudiants\/sante-et-bien-etre\/services-de-sante\/services-medicaux-apres-les-heures-douverture\/#breadcrumb","itemListElement":[{"@type":"ListItem","position":1,"name":"Accueil","item":"https:\/\/www.ubishops.ca\/fr\/"},{"@type":"ListItem","position":2,"name":"Services aux \u00e9tudiants","item":"https:\/\/www.ubishops.ca\/fr\/services-aux-etudiants\/"},{"@type":"ListItem","position":3,"name":"Sant\u00e9 et bien-\u00eatre","item":"https:\/\/www.ubishops.ca\/fr\/services-aux-etudiants\/sante-et-bien-etre\/"},{"@type":"ListItem","position":4,"name":"Services de sant\u00e9","item":"https:\/\/www.ubishops.ca\/fr\/services-aux-etudiants\/sante-et-bien-etre\/services-de-sante\/"},{"@type":"ListItem","position":5,"name":"Services m\u00e9dicaux apr\u00e8s les heures d\u2019ouverture"}]},{"@type":"WebSite","@id":"https:\/\/www.ubishops.ca\/#website","url":"https:\/\/www.ubishops.ca\/","name":"Bishop&#039;s University","description":"","potentialAction":[{"@type":"SearchAction","target":{"@type":"EntryPoint","urlTemplate":"https:\/\/www.ubishops.ca\/?s={search_term_string}"},"query-input":{"@type":"PropertyValueSpecification","valueRequired":true,"valueName":"search_term_string"}}],"inLanguage":"fr-FR"}]}},"taxonomy_info":[],"featured_image_src_large":false,"author_info":{"display_name":"Julie Fradette","author_link":"https:\/\/www.ubishops.ca\/fr\/author\/jfradett\/"},"comment_info":0,"publishpress_future_action":{"enabled":false,"date":"2026-04-15 15:10:40","action":"change-status","newStatus":"draft","terms":[],"taxonomy":"translation_priority","extraData":[]},"publishpress_future_workflow_manual_trigger":{"enabledWorkflows":[]},"_links":{"self":[{"href":"https:\/\/www.ubishops.ca\/fr\/wp-json\/wp\/v2\/pages\/118663","targetHints":{"allow":["GET"]}}],"collection":[{"href":"https:\/\/www.ubishops.ca\/fr\/wp-json\/wp\/v2\/pages"}],"about":[{"href":"https:\/\/www.ubishops.ca\/fr\/wp-json\/wp\/v2\/types\/page"}],"author":[{"embeddable":true,"href":"https:\/\/www.ubishops.ca\/fr\/wp-json\/wp\/v2\/users\/49"}],"replies":[{"embeddable":true,"href":"https:\/\/www.ubishops.ca\/fr\/wp-json\/wp\/v2\/comments?post=118663"}],"version-history":[{"count":0,"href":"https:\/\/www.ubishops.ca\/fr\/wp-json\/wp\/v2\/pages\/118663\/revisions"}],"up":[{"embeddable":true,"href":"https:\/\/www.ubishops.ca\/fr\/wp-json\/wp\/v2\/pages\/118657"}],"wp:attachment":[{"href":"https:\/\/www.ubishops.ca\/fr\/wp-json\/wp\/v2\/media?parent=118663"}],"curies":[{"name":"wp","href":"https:\/\/api.w.org\/{rel}","templated":true}]}}