{"id":118657,"date":"2016-08-25T14:35:57","date_gmt":"2016-08-25T18:35:57","guid":{"rendered":"https:\/\/www.ubishops.ca\/sante-et-bien-etre\/health-services\/"},"modified":"2026-01-12T09:38:52","modified_gmt":"2026-01-12T14:38:52","slug":"services-de-sante","status":"publish","type":"page","link":"https:\/\/www.ubishops.ca\/fr\/services-aux-etudiants\/sante-et-bien-etre\/services-de-sante\/","title":{"rendered":"Services de sant\u00e9"},"content":{"rendered":"\n<p><mark style=\"background-color:rgba(0, 0, 0, 0)\" class=\"has-inline-color has-dark-purple-color\">Bienvenue aux Services de sant\u00e9 \u00e9tudiante de Bishop\u2019s\/Champlain. Nos services sont accessibles \u00e0 l\u2019ensemble des \u00e9tudiantes et \u00e9tudiants \u00e0 temps plein ou temps partiel. Que tu aies une urgence m\u00e9dicale, une blessure, une maladie chronique, une tr\u00e8s mauvaise grippe ou simplement besoin d\u2019informations sur ta sant\u00e9, notre personnel comp\u00e9tent offre d\u2019excellents soins.&nbsp;<\/mark><\/p>\n\n\n\n<p><strong>Emplacement<\/strong>\u202f: Centre des sports et loisirs John H. Price<\/p>\n\n\n\n<p>Heures normales\u202f:<br>Lundi au vendredi&nbsp;<br>8\u202fh\u202f\u00e0 11\u202fh\u202f45&nbsp;<br>13\u202fh \u00e0 15\u202fh\u202f45&nbsp;<\/p>\n\n\n\n<p>Consulte nos <a href=\"https:\/\/www.ubishops.ca\/student-services\/health-wellness\/health-services\/medical-services-hours\/\" target=\"_blank\" rel=\"noreferrer noopener\">ressources apr\u00e8s fermeture<\/a> au besoin.&nbsp;<\/p>\n\n\n\n<div style=\"height:10px\" aria-hidden=\"true\" class=\"wp-block-spacer\"><\/div>\n\n\n\n<p>Nous sommes l\u00e0 pour toi! Les probl\u00e8mes des jeunes adultes ne nous sont pas inconnus, et tu d\u00e9couvriras vite que nous en savons beaucoup et qu\u2019il est facile de nous parler de probl\u00e8mes d\u00e9licats.&nbsp;<\/p>\n\n\n\n<p>Si tu as des questions et que tu n\u2019es pas \u00e0 l\u2019aise de les poser en personne, <a href=\"&#x6d;&#x61;&#x69;&#x6c;&#x74;&#x6f;&#x3a;&#x6b;&#x65;&#x6e;&#x64;&#114;&#97;&#46;&#98;&#114;&#111;&#99;k&#64;UBis&#x68;&#x6f;&#x70;&#x73;&#x2e;&#x63;&#x61;\" target=\"_blank\" rel=\"noreferrer noopener\">\u00e9cris \u00e0 &#x6e;&#x75;&#114;&#115;e&#x40;&#x75;&#x62;&#105;&#115;h&#x6f;&#x70;&#x73;&#46;&#99;a<\/a> et nous te r\u00e9pondrons d\u00e8s que possible.\u00a0<\/p>\n\n\n\n<p>Sache que ton dossier est strictement confidentiel. Nous ne divulguons aucun renseignement \u00e0 quiconque sans ton consentement.&nbsp;<\/p>\n\n\n\n<div style=\"height:30px\" aria-hidden=\"true\" class=\"wp-block-spacer\"><\/div>\n\n\n\n<h2 class=\"wp-block-heading\">Rendez-vous<\/h2>\n\n\n\n<p>Tu dois prendre un rendez-vous pour consulter.&nbsp;<\/p>\n\n\n\n<p>Remarque\u202f: Les rendez-vous sont de 15\u202fminutes et doivent porter sur <strong>un<\/strong> probl\u00e8me de sant\u00e9 par visite.&nbsp;<\/p>\n\n\n\n<p>Si tu as des sympt\u00f4mes de rhume, grippe ou gastro, nous te prions de porter un masque chirurgical lors de ta visite.&nbsp;<\/p>\n\n\n\n<p>Nous te demandons aussi de respecter l\u2019heure de ton rendez-vous. N\u2019arrive PAS en avance. Tu ne peux PAS demander \u00e0 quelqu\u2019un de t\u2019accompagner, \u00e0 moins d\u2019avoir obtenu notre autorisation au pr\u00e9alable.&nbsp;<\/p>\n\n\n\n<div style=\"height:40px\" aria-hidden=\"true\" class=\"wp-block-spacer\"><\/div>\n\n\n\n<h3 class=\"wp-block-heading\">Pour voir une ou un m\u00e9decin<\/h3>\n\n\n\n<p>Contacte <strong>Jill Johnson<\/strong>, secr\u00e9taire m\u00e9dicale\u202f:&nbsp;<\/p>\n\n\n\n<p><a href=\"mailto&#58;&#106;&#105;&#108;&#108;&#46;&#106;&#x6f;&#x68;&#x6e;&#x73;&#x6f;&#x6e;&#x40;&#x75;&#x62;&#x69;&#x73;&#x68;ops&#46;ca\">&#106;&#105;&#x6c;l&#46;&#x6a;&#x6f;h&#110;&#x73;&#x6f;n&#64;&#x75;b&#105;&#x73;&#x68;o&#112;&#x73;&#x2e;c&#97;<\/a><\/p>\n\n\n\n<p><a href=\"&#109;&#x61;&#105;&#x6c;&#116;&#x6f;:&#x6a;i&#108;&#x6c;&#46;&#x6a;&#111;&#x68;n&#x73;o&#110;&#x40;&#117;&#x62;&#105;&#x73;&#104;&#x6f;p&#x73;&#46;&#99;&#x61;\" target=\"_blank\" rel=\"noreferrer noopener\">jill&#46;johnson&#64;ubishops&#46;ca<\/a>&nbsp;<\/p>\n\n\n\n<p>T\u00e9l\u00e9phone\u202f: 819\u202f822-9696 ou 819\u202f822-9600 poste 2696&nbsp;<\/p>\n\n\n\n<p>T\u00e9l\u00e9copieur\u202f: 819\u202f822-9688&nbsp;<\/p>\n\n\n\n<p>Tu ne sais pas si tu dois voir un(e) m\u00e9decin? Voici quelques-uns des besoins auxquels ils peuvent r\u00e9pondre\u202f:&nbsp;<\/p>\n\n\n\n<div style=\"height:0px\" aria-hidden=\"true\" class=\"wp-block-spacer\"><\/div>\n\n\n\n<ol class=\"wp-block-list\">\n<li>Renouvellements&nbsp;<\/li>\n\n\n\n<li>Nouvelles ordonnances (p.\u202fex., contraception, antid\u00e9presseurs)&nbsp;<\/li>\n\n\n\n<li>Autorisation de retour au jeu (sports)&nbsp;<\/li>\n\n\n\n<li>Demandes de pr\u00e9l\u00e8vements sanguins&nbsp;<\/li>\n\n\n\n<li>Demandes en imagerie&nbsp;<\/li>\n\n\n\n<li>Suivis de maladie chronique&nbsp;<\/li>\n\n\n\n<li>Examens cliniques&nbsp;<\/li>\n\n\n\n<li>Tests Pap&nbsp;<\/li>\n\n\n\n<li>Chirurgies mineures (p.\u202fex., ongle incarn\u00e9, grain de beaut\u00e9, sutures)&nbsp;<\/li>\n<\/ol>\n\n\n\n<div style=\"height:40px\" aria-hidden=\"true\" class=\"wp-block-spacer\"><\/div>\n\n\n\n<h3 class=\"wp-block-heading\">Pour voir une infirmi\u00e8re ou un infirmier<\/h3>\n\n\n\n<p>Envoie un courriel \u00e0 <a href=\"&#x6d;&#97;&#105;&#x6c;&#x74;&#111;&#58;&#x6e;&#x75;&#114;&#115;&#x65;&#x40;&#117;&#98;&#x69;&#x73;&#104;&#111;&#x70;&#x73;&#46;&#99;&#x61;\" target=\"_blank\" rel=\"noreferrer noopener\">&#110;&#x75;&#114;&#x73;e&#64;&#x75;&#98;&#x69;s&#x68;o&#112;&#x73;&#46;&#x63;a<\/a> pour prendre rendez-vous. Indique ton nom, ton num\u00e9ro d\u2019\u00e9tudiant (le cas \u00e9ch\u00e9ant), ton num\u00e9ro de t\u00e9l\u00e9phone et le motif de la consultation. Tu recevras une r\u00e9ponse par courriel ou par t\u00e9l\u00e9phone.&nbsp;<\/p>\n\n\n\n<p>*\u202fNous sommes une clinique priv\u00e9e financ\u00e9e par les frais de Services aux \u00e9tudiants. Les membres du personnel et du corps enseignant doivent payer des frais de 20\u202f$ pour utiliser les services de la clinique.&nbsp;<\/p>\n\n\n\n<p>Tu ne sais pas si tu dois voir un(e) infirmier(-\u00e8re)? Voici quelques-uns des besoins auxquels ils peuvent r\u00e9pondre\u202f:&nbsp;<\/p>\n\n\n\n<ol class=\"wp-block-list\">\n<li>Tests d\u2019ITS&nbsp;<\/li>\n\n\n\n<li>Sympt\u00f4mes d\u2019infection urinaire&nbsp;<\/li>\n\n\n\n<li>Sympt\u00f4mes de rhume\/grippe&nbsp;<\/li>\n\n\n\n<li>\u00c9valuation pour commotion c\u00e9r\u00e9brale&nbsp;<\/li>\n\n\n\n<li>Changement des bandages&nbsp;<\/li>\n\n\n\n<li>Retrait des points de suture&nbsp;<\/li>\n\n\n\n<li>Blessures sportives&nbsp;<\/li>\n\n\n\n<li>\u00c9ducation (p.\u202fex., contraception, d\u00e9pistage des ITS)&nbsp;<\/li>\n\n\n\n<li>Traitement des verrues&nbsp;<\/li>\n<\/ol>\n\n\n\n<div style=\"height:30px\" aria-hidden=\"true\" class=\"wp-block-spacer\"><\/div>\n\n\n\n<h2 class=\"wp-block-heading\">Nous joindre&nbsp;<\/h2>\n\n\n\n<div class=\"wp-block-buttons is-layout-flex wp-block-buttons-is-layout-flex\">\n<div class=\"wp-block-button is-style-outline is-style-outline--1\"><a class=\"wp-block-button__link wp-element-button\" href=\"https:\/\/www.ubishops.ca\/bu-directory\/?cn-s=&#038;cn-cat=19\">Nos coordonn\u00e9es sont indiqu\u00e9es dans l\u2019annuaire de Bishop\u2019s<\/a><\/div>\n<\/div>\n\n\n\n<div style=\"height:40px\" aria-hidden=\"true\" class=\"wp-block-spacer\"><\/div>\n\n\n\n<div class=\"wp-block-columns is-layout-flex wp-container-core-columns-is-layout-9d6595d7 wp-block-columns-is-layout-flex\">\n<div class=\"wp-block-column is-layout-flow wp-block-column-is-layout-flow\">\n<figure class=\"wp-block-image size-full\"><img decoding=\"async\" width=\"250\" height=\"250\" src=\"https:\/\/www.ubishops.ca\/wp-content\/uploads\/Jill-Johnson_600-copie.jpg\" alt=\"\" class=\"wp-image-94730\" srcset=\"https:\/\/www.ubishops.ca\/wp-content\/uploads\/Jill-Johnson_600-copie.jpg 250w, https:\/\/www.ubishops.ca\/wp-content\/uploads\/Jill-Johnson_600-copie-150x150.jpg 150w, https:\/\/www.ubishops.ca\/wp-content\/uploads\/Jill-Johnson_600-copie-45x45.jpg 45w\" sizes=\"(max-width: 250px) 100vw, 250px\" \/><\/figure>\n\n\n\n<h3 class=\"wp-block-heading\">Mrs.&nbsp;Jill&nbsp;Johnson<\/h3>\n\n\n\n<h4 class=\"wp-block-heading\"><em>Secr\u00e9taire m\u00e9dicale<\/em><\/h4>\n<\/div>\n\n\n\n<div class=\"wp-block-column is-layout-flow wp-block-column-is-layout-flow\">\n<figure class=\"wp-block-image size-full\"><img decoding=\"async\" width=\"250\" height=\"250\" src=\"https:\/\/www.ubishops.ca\/wp-content\/uploads\/Jennifer_Fleury_450-copie.jpg\" alt=\"\" class=\"wp-image-94732\" srcset=\"https:\/\/www.ubishops.ca\/wp-content\/uploads\/Jennifer_Fleury_450-copie.jpg 250w, https:\/\/www.ubishops.ca\/wp-content\/uploads\/Jennifer_Fleury_450-copie-150x150.jpg 150w, https:\/\/www.ubishops.ca\/wp-content\/uploads\/Jennifer_Fleury_450-copie-45x45.jpg 45w\" sizes=\"(max-width: 250px) 100vw, 250px\" \/><\/figure>\n\n\n\n<h3 class=\"wp-block-heading\">Ms.&nbsp;Jennifer&nbsp;Fleury<\/h3>\n\n\n\n<h4 class=\"wp-block-heading\"><em>Infirmi\u00e8re<\/em><\/h4>\n<\/div>\n<\/div>\n\n\n\n<figure class=\"wp-block-image size-full\"><img decoding=\"async\" width=\"250\" height=\"250\" src=\"https:\/\/www.ubishops.ca\/wp-content\/uploads\/Kendra_Brock450-copie.jpg\" alt=\"\" class=\"wp-image-94734\" srcset=\"https:\/\/www.ubishops.ca\/wp-content\/uploads\/Kendra_Brock450-copie.jpg 250w, https:\/\/www.ubishops.ca\/wp-content\/uploads\/Kendra_Brock450-copie-150x150.jpg 150w, https:\/\/www.ubishops.ca\/wp-content\/uploads\/Kendra_Brock450-copie-45x45.jpg 45w\" sizes=\"(max-width: 250px) 100vw, 250px\" \/><\/figure>\n\n\n\n<h3 class=\"wp-block-heading\">Ms.&nbsp;Kendra&nbsp;Brock<\/h3>\n\n\n\n<h4 class=\"wp-block-heading\"><em>Directrice<\/em><\/h4>\n","protected":false},"excerpt":{"rendered":"<p>Bienvenue aux Services de sant\u00e9 \u00e9tudiante de Bishop\u2019s\/Champlain. Nos services sont accessibles \u00e0 l\u2019ensemble des \u00e9tudiantes et \u00e9tudiants \u00e0 temps plein ou temps partiel. Que tu aies une urgence m\u00e9dicale, une blessure, une maladie chronique, une tr\u00e8s mauvaise grippe ou simplement besoin d\u2019informations sur ta sant\u00e9, notre personnel comp\u00e9tent offre d\u2019excellents soins.&nbsp; Emplacement\u202f: Centre des&#8230;<\/p>\n","protected":false},"author":49,"featured_media":0,"parent":118653,"menu_order":145,"comment_status":"closed","ping_status":"closed","template":"","meta":{"_acf_changed":false,"_cbd_carousel_blocks":"[]","_kad_blocks_custom_css":"","_kad_blocks_head_custom_js":"","_kad_blocks_body_custom_js":"","_kad_blocks_footer_custom_js":"","_kad_post_transparent":"","_kad_post_title":"","_kad_post_layout":"","_kad_post_sidebar_id":"","_kad_post_content_style":"","_kad_post_vertical_padding":"","_kad_post_feature":"","_kad_post_feature_position":"","_kad_post_header":false,"_kad_post_footer":false,"_kad_post_classname":"","footnotes":""},"class_list":["post-118657","page","type-page","status-publish","hentry"],"acf":[],"yoast_head":"<!-- This site is optimized with the Yoast SEO plugin v27.2 - https:\/\/yoast.com\/product\/yoast-seo-wordpress\/ -->\n<title>Services de sant\u00e9 - Bishop&#039;s University<\/title>\n<meta name=\"robots\" content=\"index, follow, max-snippet:-1, max-image-preview:large, max-video-preview:-1\" \/>\n<link rel=\"canonical\" href=\"https:\/\/www.ubishops.ca\/fr\/services-aux-etudiants\/sante-et-bien-etre\/services-de-sante\/\" \/>\n<meta property=\"og:locale\" content=\"fr_FR\" \/>\n<meta property=\"og:type\" content=\"article\" \/>\n<meta property=\"og:title\" content=\"Services de sant\u00e9 - Bishop&#039;s University\" \/>\n<meta property=\"og:description\" content=\"Bienvenue aux Services de sant\u00e9 \u00e9tudiante de Bishop\u2019s\/Champlain. Nos services sont accessibles \u00e0 l\u2019ensemble des \u00e9tudiantes et \u00e9tudiants \u00e0 temps plein ou temps partiel. Que tu aies une urgence m\u00e9dicale, une blessure, une maladie chronique, une tr\u00e8s mauvaise grippe ou simplement besoin d\u2019informations sur ta sant\u00e9, notre personnel comp\u00e9tent offre d\u2019excellents soins.&nbsp; Emplacement\u202f: Centre des...\" \/>\n<meta property=\"og:url\" content=\"https:\/\/www.ubishops.ca\/fr\/services-aux-etudiants\/sante-et-bien-etre\/services-de-sante\/\" \/>\n<meta property=\"og:site_name\" content=\"Bishop&#039;s University\" \/>\n<meta property=\"article:publisher\" content=\"https:\/\/www.facebook.com\/ubishops\" \/>\n<meta property=\"article:modified_time\" content=\"2026-01-12T14:38:52+00:00\" \/>\n<meta property=\"og:image\" content=\"https:\/\/www.ubishops.ca\/wp-content\/uploads\/Jill-Johnson_600-copie.jpg\" \/>\n\t<meta property=\"og:image:width\" content=\"250\" \/>\n\t<meta property=\"og:image:height\" content=\"250\" \/>\n\t<meta property=\"og:image:type\" content=\"image\/jpeg\" \/>\n<meta name=\"twitter:card\" content=\"summary_large_image\" \/>\n<meta name=\"twitter:site\" content=\"@ubishops\" \/>\n<meta name=\"twitter:label1\" content=\"Dur\u00e9e de lecture estim\u00e9e\" \/>\n\t<meta name=\"twitter:data1\" content=\"3 minutes\" \/>\n<script type=\"application\/ld+json\" class=\"yoast-schema-graph\">{\"@context\":\"https:\/\/schema.org\",\"@graph\":[{\"@type\":\"WebPage\",\"@id\":\"https:\/\/www.ubishops.ca\/fr\/services-aux-etudiants\/sante-et-bien-etre\/services-de-sante\/\",\"url\":\"https:\/\/www.ubishops.ca\/fr\/services-aux-etudiants\/sante-et-bien-etre\/services-de-sante\/\",\"name\":\"Services de sant\u00e9 - Bishop&#039;s University\",\"isPartOf\":{\"@id\":\"https:\/\/www.ubishops.ca\/#website\"},\"primaryImageOfPage\":{\"@id\":\"https:\/\/www.ubishops.ca\/fr\/services-aux-etudiants\/sante-et-bien-etre\/services-de-sante\/#primaryimage\"},\"image\":{\"@id\":\"https:\/\/www.ubishops.ca\/fr\/services-aux-etudiants\/sante-et-bien-etre\/services-de-sante\/#primaryimage\"},\"thumbnailUrl\":\"https:\/\/www.ubishops.ca\/wp-content\/uploads\/Jill-Johnson_600-copie.jpg\",\"datePublished\":\"2016-08-25T18:35:57+00:00\",\"dateModified\":\"2026-01-12T14:38:52+00:00\",\"breadcrumb\":{\"@id\":\"https:\/\/www.ubishops.ca\/fr\/services-aux-etudiants\/sante-et-bien-etre\/services-de-sante\/#breadcrumb\"},\"inLanguage\":\"fr-FR\",\"potentialAction\":[{\"@type\":\"ReadAction\",\"target\":[\"https:\/\/www.ubishops.ca\/fr\/services-aux-etudiants\/sante-et-bien-etre\/services-de-sante\/\"]}]},{\"@type\":\"ImageObject\",\"inLanguage\":\"fr-FR\",\"@id\":\"https:\/\/www.ubishops.ca\/fr\/services-aux-etudiants\/sante-et-bien-etre\/services-de-sante\/#primaryimage\",\"url\":\"https:\/\/www.ubishops.ca\/wp-content\/uploads\/Jill-Johnson_600-copie.jpg\",\"contentUrl\":\"https:\/\/www.ubishops.ca\/wp-content\/uploads\/Jill-Johnson_600-copie.jpg\"},{\"@type\":\"BreadcrumbList\",\"@id\":\"https:\/\/www.ubishops.ca\/fr\/services-aux-etudiants\/sante-et-bien-etre\/services-de-sante\/#breadcrumb\",\"itemListElement\":[{\"@type\":\"ListItem\",\"position\":1,\"name\":\"Accueil\",\"item\":\"https:\/\/www.ubishops.ca\/fr\/\"},{\"@type\":\"ListItem\",\"position\":2,\"name\":\"Services aux \u00e9tudiants\",\"item\":\"https:\/\/www.ubishops.ca\/fr\/services-aux-etudiants\/\"},{\"@type\":\"ListItem\",\"position\":3,\"name\":\"Sant\u00e9 et bien-\u00eatre\",\"item\":\"https:\/\/www.ubishops.ca\/fr\/services-aux-etudiants\/sante-et-bien-etre\/\"},{\"@type\":\"ListItem\",\"position\":4,\"name\":\"Services de sant\u00e9\"}]},{\"@type\":\"WebSite\",\"@id\":\"https:\/\/www.ubishops.ca\/#website\",\"url\":\"https:\/\/www.ubishops.ca\/\",\"name\":\"Bishop&#039;s University\",\"description\":\"\",\"potentialAction\":[{\"@type\":\"SearchAction\",\"target\":{\"@type\":\"EntryPoint\",\"urlTemplate\":\"https:\/\/www.ubishops.ca\/?s={search_term_string}\"},\"query-input\":{\"@type\":\"PropertyValueSpecification\",\"valueRequired\":true,\"valueName\":\"search_term_string\"}}],\"inLanguage\":\"fr-FR\"}]}<\/script>\n<!-- \/ Yoast SEO plugin. -->","yoast_head_json":{"title":"Services de sant\u00e9 - Bishop&#039;s University","robots":{"index":"index","follow":"follow","max-snippet":"max-snippet:-1","max-image-preview":"max-image-preview:large","max-video-preview":"max-video-preview:-1"},"canonical":"https:\/\/www.ubishops.ca\/fr\/services-aux-etudiants\/sante-et-bien-etre\/services-de-sante\/","og_locale":"fr_FR","og_type":"article","og_title":"Services de sant\u00e9 - Bishop&#039;s University","og_description":"Bienvenue aux Services de sant\u00e9 \u00e9tudiante de Bishop\u2019s\/Champlain. Nos services sont accessibles \u00e0 l\u2019ensemble des \u00e9tudiantes et \u00e9tudiants \u00e0 temps plein ou temps partiel. Que tu aies une urgence m\u00e9dicale, une blessure, une maladie chronique, une tr\u00e8s mauvaise grippe ou simplement besoin d\u2019informations sur ta sant\u00e9, notre personnel comp\u00e9tent offre d\u2019excellents soins.&nbsp; Emplacement\u202f: Centre des...","og_url":"https:\/\/www.ubishops.ca\/fr\/services-aux-etudiants\/sante-et-bien-etre\/services-de-sante\/","og_site_name":"Bishop&#039;s University","article_publisher":"https:\/\/www.facebook.com\/ubishops","article_modified_time":"2026-01-12T14:38:52+00:00","og_image":[{"width":250,"height":250,"url":"https:\/\/www.ubishops.ca\/wp-content\/uploads\/Jill-Johnson_600-copie.jpg","type":"image\/jpeg"}],"twitter_card":"summary_large_image","twitter_site":"@ubishops","twitter_misc":{"Dur\u00e9e de lecture estim\u00e9e":"3 minutes"},"schema":{"@context":"https:\/\/schema.org","@graph":[{"@type":"WebPage","@id":"https:\/\/www.ubishops.ca\/fr\/services-aux-etudiants\/sante-et-bien-etre\/services-de-sante\/","url":"https:\/\/www.ubishops.ca\/fr\/services-aux-etudiants\/sante-et-bien-etre\/services-de-sante\/","name":"Services de sant\u00e9 - Bishop&#039;s University","isPartOf":{"@id":"https:\/\/www.ubishops.ca\/#website"},"primaryImageOfPage":{"@id":"https:\/\/www.ubishops.ca\/fr\/services-aux-etudiants\/sante-et-bien-etre\/services-de-sante\/#primaryimage"},"image":{"@id":"https:\/\/www.ubishops.ca\/fr\/services-aux-etudiants\/sante-et-bien-etre\/services-de-sante\/#primaryimage"},"thumbnailUrl":"https:\/\/www.ubishops.ca\/wp-content\/uploads\/Jill-Johnson_600-copie.jpg","datePublished":"2016-08-25T18:35:57+00:00","dateModified":"2026-01-12T14:38:52+00:00","breadcrumb":{"@id":"https:\/\/www.ubishops.ca\/fr\/services-aux-etudiants\/sante-et-bien-etre\/services-de-sante\/#breadcrumb"},"inLanguage":"fr-FR","potentialAction":[{"@type":"ReadAction","target":["https:\/\/www.ubishops.ca\/fr\/services-aux-etudiants\/sante-et-bien-etre\/services-de-sante\/"]}]},{"@type":"ImageObject","inLanguage":"fr-FR","@id":"https:\/\/www.ubishops.ca\/fr\/services-aux-etudiants\/sante-et-bien-etre\/services-de-sante\/#primaryimage","url":"https:\/\/www.ubishops.ca\/wp-content\/uploads\/Jill-Johnson_600-copie.jpg","contentUrl":"https:\/\/www.ubishops.ca\/wp-content\/uploads\/Jill-Johnson_600-copie.jpg"},{"@type":"BreadcrumbList","@id":"https:\/\/www.ubishops.ca\/fr\/services-aux-etudiants\/sante-et-bien-etre\/services-de-sante\/#breadcrumb","itemListElement":[{"@type":"ListItem","position":1,"name":"Accueil","item":"https:\/\/www.ubishops.ca\/fr\/"},{"@type":"ListItem","position":2,"name":"Services aux \u00e9tudiants","item":"https:\/\/www.ubishops.ca\/fr\/services-aux-etudiants\/"},{"@type":"ListItem","position":3,"name":"Sant\u00e9 et bien-\u00eatre","item":"https:\/\/www.ubishops.ca\/fr\/services-aux-etudiants\/sante-et-bien-etre\/"},{"@type":"ListItem","position":4,"name":"Services de sant\u00e9"}]},{"@type":"WebSite","@id":"https:\/\/www.ubishops.ca\/#website","url":"https:\/\/www.ubishops.ca\/","name":"Bishop&#039;s University","description":"","potentialAction":[{"@type":"SearchAction","target":{"@type":"EntryPoint","urlTemplate":"https:\/\/www.ubishops.ca\/?s={search_term_string}"},"query-input":{"@type":"PropertyValueSpecification","valueRequired":true,"valueName":"search_term_string"}}],"inLanguage":"fr-FR"}]}},"taxonomy_info":[],"featured_image_src_large":false,"author_info":{"display_name":"Julie Fradette","author_link":"https:\/\/www.ubishops.ca\/fr\/author\/jfradett\/"},"comment_info":0,"publishpress_future_action":{"enabled":false,"date":"2026-04-15 15:03:22","action":"change-status","newStatus":"draft","terms":[],"taxonomy":"translation_priority","extraData":[]},"publishpress_future_workflow_manual_trigger":{"enabledWorkflows":[]},"_links":{"self":[{"href":"https:\/\/www.ubishops.ca\/fr\/wp-json\/wp\/v2\/pages\/118657","targetHints":{"allow":["GET"]}}],"collection":[{"href":"https:\/\/www.ubishops.ca\/fr\/wp-json\/wp\/v2\/pages"}],"about":[{"href":"https:\/\/www.ubishops.ca\/fr\/wp-json\/wp\/v2\/types\/page"}],"author":[{"embeddable":true,"href":"https:\/\/www.ubishops.ca\/fr\/wp-json\/wp\/v2\/users\/49"}],"replies":[{"embeddable":true,"href":"https:\/\/www.ubishops.ca\/fr\/wp-json\/wp\/v2\/comments?post=118657"}],"version-history":[{"count":5,"href":"https:\/\/www.ubishops.ca\/fr\/wp-json\/wp\/v2\/pages\/118657\/revisions"}],"predecessor-version":[{"id":129823,"href":"https:\/\/www.ubishops.ca\/fr\/wp-json\/wp\/v2\/pages\/118657\/revisions\/129823"}],"up":[{"embeddable":true,"href":"https:\/\/www.ubishops.ca\/fr\/wp-json\/wp\/v2\/pages\/118653"}],"wp:attachment":[{"href":"https:\/\/www.ubishops.ca\/fr\/wp-json\/wp\/v2\/media?parent=118657"}],"curies":[{"name":"wp","href":"https:\/\/api.w.org\/{rel}","templated":true}]}}