{"id":118653,"date":"2019-09-11T14:04:16","date_gmt":"2019-09-11T18:04:16","guid":{"rendered":"https:\/\/www.ubishops.ca\/health-wellness\/"},"modified":"2025-02-21T11:43:06","modified_gmt":"2025-02-21T16:43:06","slug":"sante-et-bien-etre","status":"publish","type":"page","link":"https:\/\/www.ubishops.ca\/fr\/services-aux-etudiants\/sante-et-bien-etre\/","title":{"rendered":"Sant\u00e9 et bien-\u00eatre"},"content":{"rendered":"\n<h2 class=\"wp-block-heading\">Soutien de crise<\/h2>\n\n\n\n<p>Si tu as besoin d\u2019aide pour une urgence en dehors des heures normales d\u2019ouverture, appelle le service de la S\u00e9curit\u00e9 de Bishop\u2019s au 819\u202f822-9711 ou en composant le poste 2711 depuis n\u2019importe quel t\u00e9l\u00e9phone sur le campus. Tu peux aussi appeler Info-Sant\u00e9 en composant le 811 ou Urgence D\u00e9tresse au 819\u202f780-2222.&nbsp;<\/p>\n\n\n\n<h2 class=\"wp-block-heading\">Explorer les ressources du campus<\/h2>\n\n\n<style>.kb-row-layout-id118653_0d0f65-ad > .kt-row-column-wrap{align-content:start;}:where(.kb-row-layout-id118653_0d0f65-ad > .kt-row-column-wrap) > .wp-block-kadence-column{justify-content:start;}.kb-row-layout-id118653_0d0f65-ad > .kt-row-column-wrap{column-gap:var(--global-kb-gap-md, 2rem);row-gap:var(--global-kb-gap-md, 2rem);padding-top:var(--global-kb-spacing-sm, 1.5rem);padding-bottom:var(--global-kb-spacing-sm, 1.5rem);}.kb-row-layout-id118653_0d0f65-ad > .kt-row-column-wrap > div:not(.added-for-specificity){grid-column:initial;}.kb-row-layout-id118653_0d0f65-ad > .kt-row-column-wrap{grid-template-columns:repeat(3, minmax(0, 1fr));}.kb-row-layout-id118653_0d0f65-ad > .kt-row-layout-overlay{opacity:0.30;}@media all and (max-width: 1024px){.kb-row-layout-id118653_0d0f65-ad > .kt-row-column-wrap > div:not(.added-for-specificity){grid-column:initial;}}@media all and (max-width: 1024px){.kb-row-layout-id118653_0d0f65-ad > .kt-row-column-wrap{grid-template-columns:repeat(3, minmax(0, 1fr));}}@media all and (max-width: 767px){.kb-row-layout-id118653_0d0f65-ad > .kt-row-column-wrap > div:not(.added-for-specificity){grid-column:initial;}.kb-row-layout-id118653_0d0f65-ad > .kt-row-column-wrap{grid-template-columns:minmax(0, 1fr);}}<\/style><div class=\"kb-row-layout-wrap kb-row-layout-id118653_0d0f65-ad alignnone wp-block-kadence-rowlayout\"><div class=\"kt-row-column-wrap kt-has-3-columns kt-row-layout-equal kt-tab-layout-inherit kt-mobile-layout-row kt-row-valign-top kt-inner-column-height-full\">\n<style>.kadence-column118653_c31b29-62 > .kt-inside-inner-col,.kadence-column118653_c31b29-62 > .kt-inside-inner-col:before{border-top-left-radius:0px;border-top-right-radius:0px;border-bottom-right-radius:0px;border-bottom-left-radius:0px;}.kadence-column118653_c31b29-62 > .kt-inside-inner-col{column-gap:var(--global-kb-gap-sm, 1rem);}.kadence-column118653_c31b29-62 > .kt-inside-inner-col{flex-direction:column;}.kadence-column118653_c31b29-62 > .kt-inside-inner-col > .aligncenter{width:100%;}.kadence-column118653_c31b29-62 > .kt-inside-inner-col:before{opacity:0.3;}.kadence-column118653_c31b29-62{position:relative;}@media all and (max-width: 1024px){.kadence-column118653_c31b29-62 > .kt-inside-inner-col{flex-direction:column;justify-content:center;}}@media all and (max-width: 767px){.kadence-column118653_c31b29-62 > .kt-inside-inner-col{flex-direction:column;justify-content:center;}}<\/style>\n<div class=\"wp-block-kadence-column kadence-column118653_c31b29-62\"><div class=\"kt-inside-inner-col\"><style>.kt-info-box118653_cd0070-c4{height:100%;}.wp-block-kadence-column.kb-section-dir-horizontal > .kt-inside-inner-col > .kt-info-box118653_cd0070-c4{height:auto;align-self:stretch;}.kt-info-box118653_cd0070-c4 .kt-blocks-info-box-link-wrap{height:100%;}.wp-block-kadence-column.kb-section-dir-horizontal > .kt-inside-inner-col > .kt-info-box118653_cd0070-c4 .kt-blocks-info-box-link-wrap{max-width:unset;}.kt-info-box118653_cd0070-c4 .kt-blocks-info-box-link-wrap{padding-top:var(--global-kb-spacing-xs, 1rem);padding-right:var(--global-kb-spacing-xs, 1rem);padding-bottom:var(--global-kb-spacing-xs, 1rem);padding-left:var(--global-kb-spacing-xs, 1rem);}.kt-info-box118653_cd0070-c4 .kadence-info-box-icon-container .kt-info-svg-icon, .kt-info-box118653_cd0070-c4 .kt-info-svg-icon-flip, .kt-info-box118653_cd0070-c4 .kt-blocks-info-box-number{font-size:125px;}.kt-info-box118653_cd0070-c4 .kt-blocks-info-box-media{color:#582c83;border-color:#582c83;border-top-width:0px;border-right-width:0px;border-bottom-width:0px;border-left-width:0px;padding-top:10px;padding-right:10px;padding-bottom:10px;padding-left:10px;}.kt-info-box118653_cd0070-c4 .kt-blocks-info-box-media-container{margin-top:0px;margin-right:15px;margin-bottom:0px;margin-left:15px;}.kt-info-box118653_cd0070-c4 .kt-blocks-info-box-link-wrap:hover .kt-blocks-info-box-media{color:var(--global-palette2, #2B6CB0);border-color:var(--global-palette2, #2B6CB0);}.kt-info-box118653_cd0070-c4 .kt-infobox-textcontent h3.kt-blocks-info-box-title{font-size:var(--global-kb-font-size-md, 1.25rem);padding-top:0px;padding-right:0px;padding-bottom:0px;padding-left:0px;margin-top:5px;margin-right:0px;margin-bottom:10px;margin-left:0px;}.kt-info-box118653_cd0070-c4 .kt-blocks-info-box-learnmore{background:transparent;border-width:0px 0px 0px 0px;padding-top:4px;padding-right:8px;padding-bottom:4px;padding-left:8px;margin-top:10px;margin-right:0px;margin-bottom:10px;margin-left:0px;}<\/style>\n<div class=\"wp-block-kadence-infobox kt-info-box118653_cd0070-c4\"><a class=\"kt-blocks-info-box-link-wrap info-box-link kt-blocks-info-box-media-align-top kt-info-halign-center\" href=\"https:\/\/www.ubishops.ca\/fr\/services-aux-etudiants\/sante-et-bien-etre\/services-de-sante\/\"><div class=\"kt-blocks-info-box-media-container\"><div class=\"kt-blocks-info-box-media kt-info-media-animate-none\"><div class=\"kadence-info-box-icon-container kt-info-icon-animate-none\"><div class=\"kadence-info-box-icon-inner-container\"><span class=\"kb-svg-icon-wrap kb-svg-icon-fas_heartbeat kt-info-svg-icon\"><svg viewBox=\"0 0 512 512\"  fill=\"currentColor\" xmlns=\"http:\/\/www.w3.org\/2000\/svg\"  role=\"img\"><title>Health Services<\/title><path d=\"M320.2 243.8l-49.7 99.4c-6 12.1-23.4 11.7-28.9-.6l-56.9-126.3-30 71.7H60.6l182.5 186.5c7.1 7.3 18.6 7.3 25.7 0L451.4 288H342.3l-22.1-44.2zM473.7 73.9l-2.4-2.5c-51.5-52.6-135.8-52.6-187.4 0L256 100l-27.9-28.5c-51.5-52.7-135.9-52.7-187.4 0l-2.4 2.4C-10.4 123.7-12.5 203 31 256h102.4l35.9-86.2c5.4-12.9 23.6-13.2 29.4-.4l58.2 129.3 49-97.9c5.9-11.8 22.7-11.8 28.6 0l27.6 55.2H481c43.5-53 41.4-132.3-7.3-182.1z\"\/><\/svg><\/span><\/div><\/div><\/div><\/div><div class=\"kt-infobox-textcontent\"><h3 class=\"kt-blocks-info-box-title\">Services de sant\u00e9<\/h3><p class=\"kt-blocks-info-box-text\"><\/p><\/div><\/a><\/div>\n<\/div><\/div>\n\n\n<style>.kadence-column118653_7a0212-31 > .kt-inside-inner-col,.kadence-column118653_7a0212-31 > .kt-inside-inner-col:before{border-top-left-radius:0px;border-top-right-radius:0px;border-bottom-right-radius:0px;border-bottom-left-radius:0px;}.kadence-column118653_7a0212-31 > .kt-inside-inner-col{column-gap:var(--global-kb-gap-sm, 1rem);}.kadence-column118653_7a0212-31 > .kt-inside-inner-col{flex-direction:column;}.kadence-column118653_7a0212-31 > .kt-inside-inner-col > .aligncenter{width:100%;}.kadence-column118653_7a0212-31 > .kt-inside-inner-col:before{opacity:0.3;}.kadence-column118653_7a0212-31{position:relative;}@media all and (max-width: 1024px){.kadence-column118653_7a0212-31 > .kt-inside-inner-col{flex-direction:column;justify-content:center;}}@media all and (max-width: 767px){.kadence-column118653_7a0212-31 > .kt-inside-inner-col{flex-direction:column;justify-content:center;}}<\/style>\n<div class=\"wp-block-kadence-column kadence-column118653_7a0212-31\"><div class=\"kt-inside-inner-col\"><style>.kt-info-box118653_7c36f4-c5{height:100%;}.wp-block-kadence-column.kb-section-dir-horizontal > .kt-inside-inner-col > .kt-info-box118653_7c36f4-c5{height:auto;align-self:stretch;}.kt-info-box118653_7c36f4-c5 .kt-blocks-info-box-link-wrap{height:100%;}.wp-block-kadence-column.kb-section-dir-horizontal > .kt-inside-inner-col > .kt-info-box118653_7c36f4-c5 .kt-blocks-info-box-link-wrap{max-width:unset;}.kt-info-box118653_7c36f4-c5 .kt-blocks-info-box-link-wrap{padding-top:var(--global-kb-spacing-xs, 1rem);padding-right:var(--global-kb-spacing-xs, 1rem);padding-bottom:var(--global-kb-spacing-xs, 1rem);padding-left:var(--global-kb-spacing-xs, 1rem);}.kt-info-box118653_7c36f4-c5 .kadence-info-box-icon-container .kt-info-svg-icon, .kt-info-box118653_7c36f4-c5 .kt-info-svg-icon-flip, .kt-info-box118653_7c36f4-c5 .kt-blocks-info-box-number{font-size:125px;}.kt-info-box118653_7c36f4-c5 .kt-blocks-info-box-media{color:#582c83;border-color:#582c83;border-top-width:0px;border-right-width:0px;border-bottom-width:0px;border-left-width:0px;padding-top:10px;padding-right:10px;padding-bottom:10px;padding-left:10px;}.kt-info-box118653_7c36f4-c5 .kt-blocks-info-box-media-container{margin-top:0px;margin-right:15px;margin-bottom:0px;margin-left:15px;}.kt-info-box118653_7c36f4-c5 .kt-blocks-info-box-link-wrap:hover .kt-blocks-info-box-media{color:var(--global-palette2, #2B6CB0);border-color:var(--global-palette2, #2B6CB0);}.kt-info-box118653_7c36f4-c5 .kt-infobox-textcontent h3.kt-blocks-info-box-title{font-size:var(--global-kb-font-size-md, 1.25rem);padding-top:0px;padding-right:0px;padding-bottom:0px;padding-left:0px;margin-top:5px;margin-right:0px;margin-bottom:10px;margin-left:0px;}.kt-info-box118653_7c36f4-c5 .kt-blocks-info-box-learnmore{background:transparent;border-width:0px 0px 0px 0px;padding-top:4px;padding-right:8px;padding-bottom:4px;padding-left:8px;margin-top:10px;margin-right:0px;margin-bottom:10px;margin-left:0px;}<\/style>\n<div class=\"wp-block-kadence-infobox kt-info-box118653_7c36f4-c5\"><a class=\"kt-blocks-info-box-link-wrap info-box-link kt-blocks-info-box-media-align-top kt-info-halign-center\" href=\"https:\/\/www.ubishops.ca\/student-services\/sexual-assault\/\"><div class=\"kt-blocks-info-box-media-container\"><div class=\"kt-blocks-info-box-media kt-info-media-animate-none\"><div class=\"kadence-info-box-icon-container kt-info-icon-animate-none\"><div class=\"kadence-info-box-icon-inner-container\"><span class=\"kb-svg-icon-wrap kb-svg-icon-fas_ribbon kt-info-svg-icon\"><svg viewBox=\"0 0 448 512\"  fill=\"currentColor\" xmlns=\"http:\/\/www.w3.org\/2000\/svg\"  role=\"img\"><title>Sexual Violence Support Centre<\/title><path d=\"M6.1 444.3c-9.6 10.8-7.5 27.6 4.5 35.7l68.8 27.9c9.9 6.7 23.3 5 31.3-3.8l91.8-101.9-79.2-87.9-117.2 130zm435.8 0s-292-324.6-295.4-330.1c15.4-8.4 40.2-17.9 77.5-17.9s62.1 9.5 77.5 17.9c-3.3 5.6-56 64.6-56 64.6l79.1 87.7 34.2-38c28.7-31.9 33.3-78.6 11.4-115.5l-43.7-73.5c-4.3-7.2-9.9-13.3-16.8-18-40.7-27.6-127.4-29.7-171.4 0-6.9 4.7-12.5 10.8-16.8 18l-43.6 73.2c-1.5 2.5-37.1 62.2 11.5 116L337.5 504c8 8.9 21.4 10.5 31.3 3.8l68.8-27.9c11.9-8 14-24.8 4.3-35.6z\"\/><\/svg><\/span><\/div><\/div><\/div><\/div><div class=\"kt-infobox-textcontent\"><h3 class=\"kt-blocks-info-box-title\">Centre de soutien aux victimes de maltraitance sexuelle<\/h3><p class=\"kt-blocks-info-box-text\"><\/p><\/div><\/a><\/div>\n<\/div><\/div>\n\n\n<style>.kadence-column118653_87505e-b9 > .kt-inside-inner-col,.kadence-column118653_87505e-b9 > .kt-inside-inner-col:before{border-top-left-radius:0px;border-top-right-radius:0px;border-bottom-right-radius:0px;border-bottom-left-radius:0px;}.kadence-column118653_87505e-b9 > .kt-inside-inner-col{column-gap:var(--global-kb-gap-sm, 1rem);}.kadence-column118653_87505e-b9 > .kt-inside-inner-col{flex-direction:column;}.kadence-column118653_87505e-b9 > .kt-inside-inner-col > .aligncenter{width:100%;}.kadence-column118653_87505e-b9 > .kt-inside-inner-col:before{opacity:0.3;}.kadence-column118653_87505e-b9{position:relative;}@media all and (max-width: 1024px){.kadence-column118653_87505e-b9 > .kt-inside-inner-col{flex-direction:column;justify-content:center;}}@media all and (max-width: 767px){.kadence-column118653_87505e-b9 > .kt-inside-inner-col{flex-direction:column;justify-content:center;}}<\/style>\n<div class=\"wp-block-kadence-column kadence-column118653_87505e-b9\"><div class=\"kt-inside-inner-col\"><style>.kt-info-box118653_6c0dee-e1{height:100%;}.wp-block-kadence-column.kb-section-dir-horizontal > .kt-inside-inner-col > .kt-info-box118653_6c0dee-e1{height:auto;align-self:stretch;}.kt-info-box118653_6c0dee-e1 .kt-blocks-info-box-link-wrap{height:100%;}.wp-block-kadence-column.kb-section-dir-horizontal > .kt-inside-inner-col > .kt-info-box118653_6c0dee-e1 .kt-blocks-info-box-link-wrap{max-width:unset;}.kt-info-box118653_6c0dee-e1 .kt-blocks-info-box-link-wrap{padding-top:var(--global-kb-spacing-xs, 1rem);padding-right:var(--global-kb-spacing-xs, 1rem);padding-bottom:var(--global-kb-spacing-xs, 1rem);padding-left:var(--global-kb-spacing-xs, 1rem);}.kt-info-box118653_6c0dee-e1 .kadence-info-box-icon-container .kt-info-svg-icon, .kt-info-box118653_6c0dee-e1 .kt-info-svg-icon-flip, .kt-info-box118653_6c0dee-e1 .kt-blocks-info-box-number{font-size:125px;}.kt-info-box118653_6c0dee-e1 .kt-blocks-info-box-media{color:#582c83;border-color:#582c83;border-top-width:0px;border-right-width:0px;border-bottom-width:0px;border-left-width:0px;padding-top:10px;padding-right:10px;padding-bottom:10px;padding-left:10px;}.kt-info-box118653_6c0dee-e1 .kt-blocks-info-box-media-container{margin-top:0px;margin-right:15px;margin-bottom:0px;margin-left:15px;}.kt-info-box118653_6c0dee-e1 .kt-blocks-info-box-link-wrap:hover .kt-blocks-info-box-media{color:var(--global-palette2, #2B6CB0);border-color:var(--global-palette2, #2B6CB0);}.kt-info-box118653_6c0dee-e1 .kt-infobox-textcontent h3.kt-blocks-info-box-title{font-size:var(--global-kb-font-size-md, 1.25rem);padding-top:0px;padding-right:0px;padding-bottom:0px;padding-left:0px;margin-top:5px;margin-right:0px;margin-bottom:10px;margin-left:0px;}.kt-info-box118653_6c0dee-e1 .kt-blocks-info-box-learnmore{background:transparent;border-width:0px 0px 0px 0px;padding-top:4px;padding-right:8px;padding-bottom:4px;padding-left:8px;margin-top:10px;margin-right:0px;margin-bottom:10px;margin-left:0px;}<\/style>\n<div class=\"wp-block-kadence-infobox kt-info-box118653_6c0dee-e1\"><a class=\"kt-blocks-info-box-link-wrap info-box-link kt-blocks-info-box-media-align-top kt-info-halign-center\" href=\"https:\/\/www.ubishops.ca\/fr\/services-aux-etudiants\/sante-et-bien-etre\/aide-spirituelle\/\"><div class=\"kt-blocks-info-box-media-container\"><div class=\"kt-blocks-info-box-media kt-info-media-animate-none\"><div class=\"kadence-info-box-icon-container kt-info-icon-animate-none\"><div class=\"kadence-info-box-icon-inner-container\"><span class=\"kb-svg-icon-wrap kb-svg-icon-fas_spa kt-info-svg-icon\"><svg viewBox=\"0 0 576 512\"  fill=\"currentColor\" xmlns=\"http:\/\/www.w3.org\/2000\/svg\"  role=\"img\"><title>Spiritual Care<\/title><path d=\"M568.25 192c-29.04.13-135.01 6.16-213.84 83-33.12 29.63-53.36 63.3-66.41 94.86-13.05-31.56-33.29-65.23-66.41-94.86-78.83-76.84-184.8-82.87-213.84-83-4.41-.02-7.79 3.4-7.75 7.82.23 27.92 7.14 126.14 88.77 199.3C172.79 480.94 256 480 288 480s115.19.95 199.23-80.88c81.64-73.17 88.54-171.38 88.77-199.3.04-4.42-3.34-7.84-7.75-7.82zM287.98 302.6c12.82-18.85 27.6-35.78 44.09-50.52 19.09-18.61 39.58-33.3 60.26-45.18-16.44-70.5-51.72-133.05-96.73-172.22-4.11-3.58-11.02-3.58-15.14 0-44.99 39.14-80.27 101.63-96.74 172.07 20.37 11.7 40.5 26.14 59.22 44.39a282.768 282.768 0 0 1 45.04 51.46z\"\/><\/svg><\/span><\/div><\/div><\/div><\/div><div class=\"kt-infobox-textcontent\"><h3 class=\"kt-blocks-info-box-title\">Aide spirituelle<\/h3><p class=\"kt-blocks-info-box-text\"><\/p><\/div><\/a><\/div>\n<\/div><\/div>\n\n<\/div><\/div>","protected":false},"excerpt":{"rendered":"<p>Soutien de crise Si tu as besoin d\u2019aide pour une urgence en dehors des heures normales d\u2019ouverture, appelle le service de la S\u00e9curit\u00e9 de Bishop\u2019s au 819\u202f822-9711 ou en composant le poste 2711 depuis n\u2019importe quel t\u00e9l\u00e9phone sur le campus. Tu peux aussi appeler Info-Sant\u00e9 en composant le 811 ou Urgence D\u00e9tresse au 819\u202f780-2222.&nbsp; Explorer&#8230;<\/p>\n","protected":false},"author":49,"featured_media":0,"parent":118666,"menu_order":83,"comment_status":"closed","ping_status":"closed","template":"","meta":{"_acf_changed":false,"_cbd_carousel_blocks":"[]","_kad_blocks_custom_css":"","_kad_blocks_head_custom_js":"","_kad_blocks_body_custom_js":"","_kad_blocks_footer_custom_js":"","_kad_post_transparent":"","_kad_post_title":"","_kad_post_layout":"","_kad_post_sidebar_id":"","_kad_post_content_style":"","_kad_post_vertical_padding":"","_kad_post_feature":"","_kad_post_feature_position":"","_kad_post_header":false,"_kad_post_footer":false,"_kad_post_classname":"","footnotes":""},"class_list":["post-118653","page","type-page","status-publish","hentry"],"acf":[],"yoast_head":"<!-- This site is optimized with the Yoast SEO plugin v27.2 - https:\/\/yoast.com\/product\/yoast-seo-wordpress\/ -->\n<title>Sant\u00e9 et bien-\u00eatre - Bishop&#039;s University<\/title>\n<meta name=\"robots\" content=\"index, follow, max-snippet:-1, max-image-preview:large, max-video-preview:-1\" \/>\n<link rel=\"canonical\" href=\"https:\/\/www.ubishops.ca\/fr\/services-aux-etudiants\/sante-et-bien-etre\/\" \/>\n<meta property=\"og:locale\" content=\"fr_FR\" \/>\n<meta property=\"og:type\" content=\"article\" \/>\n<meta property=\"og:title\" content=\"Sant\u00e9 et bien-\u00eatre - Bishop&#039;s University\" \/>\n<meta property=\"og:description\" content=\"Soutien de crise Si tu as besoin d\u2019aide pour une urgence en dehors des heures normales d\u2019ouverture, appelle le service de la S\u00e9curit\u00e9 de Bishop\u2019s au 819\u202f822-9711 ou en composant le poste 2711 depuis n\u2019importe quel t\u00e9l\u00e9phone sur le campus. Tu peux aussi appeler Info-Sant\u00e9 en composant le 811 ou Urgence D\u00e9tresse au 819\u202f780-2222.&nbsp; Explorer...\" \/>\n<meta property=\"og:url\" content=\"https:\/\/www.ubishops.ca\/fr\/services-aux-etudiants\/sante-et-bien-etre\/\" \/>\n<meta property=\"og:site_name\" content=\"Bishop&#039;s University\" \/>\n<meta property=\"article:publisher\" content=\"https:\/\/www.facebook.com\/ubishops\" \/>\n<meta property=\"article:modified_time\" content=\"2025-02-21T16:43:06+00:00\" \/>\n<meta name=\"twitter:card\" content=\"summary_large_image\" \/>\n<meta name=\"twitter:site\" content=\"@ubishops\" \/>\n<meta name=\"twitter:label1\" content=\"Dur\u00e9e de lecture estim\u00e9e\" \/>\n\t<meta name=\"twitter:data1\" content=\"1 minute\" \/>\n<script type=\"application\/ld+json\" class=\"yoast-schema-graph\">{\"@context\":\"https:\/\/schema.org\",\"@graph\":[{\"@type\":\"WebPage\",\"@id\":\"https:\/\/www.ubishops.ca\/fr\/services-aux-etudiants\/sante-et-bien-etre\/\",\"url\":\"https:\/\/www.ubishops.ca\/fr\/services-aux-etudiants\/sante-et-bien-etre\/\",\"name\":\"Sant\u00e9 et bien-\u00eatre - Bishop&#039;s University\",\"isPartOf\":{\"@id\":\"https:\/\/www.ubishops.ca\/#website\"},\"datePublished\":\"2019-09-11T18:04:16+00:00\",\"dateModified\":\"2025-02-21T16:43:06+00:00\",\"breadcrumb\":{\"@id\":\"https:\/\/www.ubishops.ca\/fr\/services-aux-etudiants\/sante-et-bien-etre\/#breadcrumb\"},\"inLanguage\":\"fr-FR\",\"potentialAction\":[{\"@type\":\"ReadAction\",\"target\":[\"https:\/\/www.ubishops.ca\/fr\/services-aux-etudiants\/sante-et-bien-etre\/\"]}]},{\"@type\":\"BreadcrumbList\",\"@id\":\"https:\/\/www.ubishops.ca\/fr\/services-aux-etudiants\/sante-et-bien-etre\/#breadcrumb\",\"itemListElement\":[{\"@type\":\"ListItem\",\"position\":1,\"name\":\"Accueil\",\"item\":\"https:\/\/www.ubishops.ca\/fr\/\"},{\"@type\":\"ListItem\",\"position\":2,\"name\":\"Services aux \u00e9tudiants\",\"item\":\"https:\/\/www.ubishops.ca\/fr\/services-aux-etudiants\/\"},{\"@type\":\"ListItem\",\"position\":3,\"name\":\"Sant\u00e9 et bien-\u00eatre\"}]},{\"@type\":\"WebSite\",\"@id\":\"https:\/\/www.ubishops.ca\/#website\",\"url\":\"https:\/\/www.ubishops.ca\/\",\"name\":\"Bishop&#039;s University\",\"description\":\"\",\"potentialAction\":[{\"@type\":\"SearchAction\",\"target\":{\"@type\":\"EntryPoint\",\"urlTemplate\":\"https:\/\/www.ubishops.ca\/?s={search_term_string}\"},\"query-input\":{\"@type\":\"PropertyValueSpecification\",\"valueRequired\":true,\"valueName\":\"search_term_string\"}}],\"inLanguage\":\"fr-FR\"}]}<\/script>\n<!-- \/ Yoast SEO plugin. -->","yoast_head_json":{"title":"Sant\u00e9 et bien-\u00eatre - Bishop&#039;s University","robots":{"index":"index","follow":"follow","max-snippet":"max-snippet:-1","max-image-preview":"max-image-preview:large","max-video-preview":"max-video-preview:-1"},"canonical":"https:\/\/www.ubishops.ca\/fr\/services-aux-etudiants\/sante-et-bien-etre\/","og_locale":"fr_FR","og_type":"article","og_title":"Sant\u00e9 et bien-\u00eatre - Bishop&#039;s University","og_description":"Soutien de crise Si tu as besoin d\u2019aide pour une urgence en dehors des heures normales d\u2019ouverture, appelle le service de la S\u00e9curit\u00e9 de Bishop\u2019s au 819\u202f822-9711 ou en composant le poste 2711 depuis n\u2019importe quel t\u00e9l\u00e9phone sur le campus. Tu peux aussi appeler Info-Sant\u00e9 en composant le 811 ou Urgence D\u00e9tresse au 819\u202f780-2222.&nbsp; Explorer...","og_url":"https:\/\/www.ubishops.ca\/fr\/services-aux-etudiants\/sante-et-bien-etre\/","og_site_name":"Bishop&#039;s University","article_publisher":"https:\/\/www.facebook.com\/ubishops","article_modified_time":"2025-02-21T16:43:06+00:00","twitter_card":"summary_large_image","twitter_site":"@ubishops","twitter_misc":{"Dur\u00e9e de lecture estim\u00e9e":"1 minute"},"schema":{"@context":"https:\/\/schema.org","@graph":[{"@type":"WebPage","@id":"https:\/\/www.ubishops.ca\/fr\/services-aux-etudiants\/sante-et-bien-etre\/","url":"https:\/\/www.ubishops.ca\/fr\/services-aux-etudiants\/sante-et-bien-etre\/","name":"Sant\u00e9 et bien-\u00eatre - Bishop&#039;s University","isPartOf":{"@id":"https:\/\/www.ubishops.ca\/#website"},"datePublished":"2019-09-11T18:04:16+00:00","dateModified":"2025-02-21T16:43:06+00:00","breadcrumb":{"@id":"https:\/\/www.ubishops.ca\/fr\/services-aux-etudiants\/sante-et-bien-etre\/#breadcrumb"},"inLanguage":"fr-FR","potentialAction":[{"@type":"ReadAction","target":["https:\/\/www.ubishops.ca\/fr\/services-aux-etudiants\/sante-et-bien-etre\/"]}]},{"@type":"BreadcrumbList","@id":"https:\/\/www.ubishops.ca\/fr\/services-aux-etudiants\/sante-et-bien-etre\/#breadcrumb","itemListElement":[{"@type":"ListItem","position":1,"name":"Accueil","item":"https:\/\/www.ubishops.ca\/fr\/"},{"@type":"ListItem","position":2,"name":"Services aux \u00e9tudiants","item":"https:\/\/www.ubishops.ca\/fr\/services-aux-etudiants\/"},{"@type":"ListItem","position":3,"name":"Sant\u00e9 et bien-\u00eatre"}]},{"@type":"WebSite","@id":"https:\/\/www.ubishops.ca\/#website","url":"https:\/\/www.ubishops.ca\/","name":"Bishop&#039;s University","description":"","potentialAction":[{"@type":"SearchAction","target":{"@type":"EntryPoint","urlTemplate":"https:\/\/www.ubishops.ca\/?s={search_term_string}"},"query-input":{"@type":"PropertyValueSpecification","valueRequired":true,"valueName":"search_term_string"}}],"inLanguage":"fr-FR"}]}},"taxonomy_info":[],"featured_image_src_large":false,"author_info":{"display_name":"Julie Fradette","author_link":"https:\/\/www.ubishops.ca\/fr\/author\/jfradett\/"},"comment_info":0,"publishpress_future_action":{"enabled":false,"date":"2026-04-15 15:03:22","action":"change-status","newStatus":"draft","terms":[],"taxonomy":"translation_priority","extraData":[]},"publishpress_future_workflow_manual_trigger":{"enabledWorkflows":[]},"_links":{"self":[{"href":"https:\/\/www.ubishops.ca\/fr\/wp-json\/wp\/v2\/pages\/118653","targetHints":{"allow":["GET"]}}],"collection":[{"href":"https:\/\/www.ubishops.ca\/fr\/wp-json\/wp\/v2\/pages"}],"about":[{"href":"https:\/\/www.ubishops.ca\/fr\/wp-json\/wp\/v2\/types\/page"}],"author":[{"embeddable":true,"href":"https:\/\/www.ubishops.ca\/fr\/wp-json\/wp\/v2\/users\/49"}],"replies":[{"embeddable":true,"href":"https:\/\/www.ubishops.ca\/fr\/wp-json\/wp\/v2\/comments?post=118653"}],"version-history":[{"count":3,"href":"https:\/\/www.ubishops.ca\/fr\/wp-json\/wp\/v2\/pages\/118653\/revisions"}],"predecessor-version":[{"id":121321,"href":"https:\/\/www.ubishops.ca\/fr\/wp-json\/wp\/v2\/pages\/118653\/revisions\/121321"}],"up":[{"embeddable":true,"href":"https:\/\/www.ubishops.ca\/fr\/wp-json\/wp\/v2\/pages\/118666"}],"wp:attachment":[{"href":"https:\/\/www.ubishops.ca\/fr\/wp-json\/wp\/v2\/media?parent=118653"}],"curies":[{"name":"wp","href":"https:\/\/api.w.org\/{rel}","templated":true}]}}