{"id":116624,"date":"2023-03-08T13:56:07","date_gmt":"2023-03-08T18:56:07","guid":{"rendered":"https:\/\/www.ubishops.ca\/bureau-des-relations-avec-les-diplomes-et-de-la-philanthropie\/faire-un-don\/monthly-donation\/"},"modified":"2024-11-21T16:01:24","modified_gmt":"2024-11-21T21:01:24","slug":"formulaire-don-mensuel","status":"publish","type":"page","link":"https:\/\/www.ubishops.ca\/fr\/bureau-des-relations-avec-les-diplomes-et-de-la-philanthropie\/faire-un-don\/formulaire-don-mensuel\/","title":{"rendered":"Formulaire de don mensuel"},"content":{"rendered":"\n<div id=\"bbox-root\"><\/div>\n<script type=\"text\/javascript\">\n       window.bboxInit = function () {\n           bbox.showForm('fc912df7-c721-4cac-8174-5c79145539b7');\n       };\n       (function () {\n           var e = document.createElement('script'); e.async = true;\n           e.src = 'https:\/\/bbox.blackbaudhosting.com\/webforms\/bbox-min.js';\n           document.getElementsByTagName('head')[0].appendChild(e);\n       } ());\n<\/script>\n\n\n\n<div style=\"height:20px\" aria-hidden=\"true\" class=\"wp-block-spacer\"><\/div>\n\n\n\n<hr class=\"wp-block-separator has-alpha-channel-opacity is-style-size-75\"\/>\n\n\n\n<div style=\"height:40px\" aria-hidden=\"true\" class=\"wp-block-spacer\"><\/div>\n\n\n\n<h2 class=\"wp-block-heading has-text-align-center\">Votre don peut&#8230;<\/h2>\n\n\n\n<div class=\"wp-block-columns is-layout-flex wp-container-core-columns-is-layout-9d6595d7 wp-block-columns-is-layout-flex\">\n<div class=\"wp-block-column is-layout-flow wp-block-column-is-layout-flow\"><div class=\"wp-block-image\">\n<figure class=\"aligncenter size-full is-resized\"><img decoding=\"async\" width=\"400\" height=\"372\" src=\"https:\/\/www.ubishops.ca\/wp-content\/uploads\/foodbank.png\" alt=\"\" class=\"wp-image-117301\" style=\"object-fit:cover;width:125px;height:125px\" srcset=\"https:\/\/www.ubishops.ca\/wp-content\/uploads\/foodbank.png 400w, https:\/\/www.ubishops.ca\/wp-content\/uploads\/foodbank-300x279.png 300w, https:\/\/www.ubishops.ca\/wp-content\/uploads\/foodbank-150x140.png 150w\" sizes=\"(max-width: 400px) 100vw, 400px\" \/><\/figure>\n<\/div>\n\n\n<p class=\"has-text-align-center\"><strong>$5\/mois<\/strong><br>Acheter des provisions pour la<br>banque alimentaire de l&rsquo;Universit\u00e9 Bishop&rsquo;s<\/p>\n\n\n<div class=\"wp-block-image\">\n<figure class=\"aligncenter size-full is-resized\"><img decoding=\"async\" width=\"400\" height=\"372\" src=\"https:\/\/www.ubishops.ca\/wp-content\/uploads\/course.png\" alt=\"\" class=\"wp-image-117297\" style=\"object-fit:cover;width:125px;height:125px\" srcset=\"https:\/\/www.ubishops.ca\/wp-content\/uploads\/course.png 400w, https:\/\/www.ubishops.ca\/wp-content\/uploads\/course-300x279.png 300w, https:\/\/www.ubishops.ca\/wp-content\/uploads\/course-150x140.png 150w\" sizes=\"(max-width: 400px) 100vw, 400px\" \/><\/figure>\n<\/div>\n\n\n<p class=\"has-text-align-center\"><strong>$50\/mois<\/strong><br>Couvrir le co\u00fbt d&rsquo;un cours de premier cycle<\/p>\n<\/div>\n\n\n\n<div class=\"wp-block-column is-layout-flow wp-block-column-is-layout-flow\"><div class=\"wp-block-image\">\n<figure class=\"aligncenter size-full is-resized\"><img decoding=\"async\" width=\"400\" height=\"372\" src=\"https:\/\/www.ubishops.ca\/wp-content\/uploads\/club.png\" alt=\"\" class=\"wp-image-117295\" style=\"object-fit:cover;width:125px;height:125px\" srcset=\"https:\/\/www.ubishops.ca\/wp-content\/uploads\/club.png 400w, https:\/\/www.ubishops.ca\/wp-content\/uploads\/club-300x279.png 300w, https:\/\/www.ubishops.ca\/wp-content\/uploads\/club-150x140.png 150w\" sizes=\"(max-width: 400px) 100vw, 400px\" \/><\/figure>\n<\/div>\n\n\n<p class=\"has-text-align-center\"><strong>$10\/mois<\/strong><br>Acheter des fournitures pour<br>un club \u00e9tudiant<\/p>\n\n\n<div class=\"wp-block-image\">\n<figure class=\"aligncenter size-full is-resized\"><img decoding=\"async\" width=\"400\" height=\"372\" src=\"https:\/\/www.ubishops.ca\/wp-content\/uploads\/athlete.png\" alt=\"\" class=\"wp-image-117293\" style=\"object-fit:cover;width:125px;height:125px\" srcset=\"https:\/\/www.ubishops.ca\/wp-content\/uploads\/athlete.png 400w, https:\/\/www.ubishops.ca\/wp-content\/uploads\/athlete-300x279.png 300w, https:\/\/www.ubishops.ca\/wp-content\/uploads\/athlete-150x140.png 150w\" sizes=\"(max-width: 400px) 100vw, 400px\" \/><\/figure>\n<\/div>\n\n\n<p class=\"has-text-align-center\"><strong>$100\/mois<\/strong><br>Acheter de l&rsquo;\u00e9quipement pour les \u00e9tudiants-athl\u00e8tes<\/p>\n<\/div>\n\n\n\n<div class=\"wp-block-column is-layout-flow wp-block-column-is-layout-flow\"><div class=\"wp-block-image\">\n<figure class=\"aligncenter size-full is-resized\"><img decoding=\"async\" width=\"400\" height=\"372\" src=\"https:\/\/www.ubishops.ca\/wp-content\/uploads\/emergencyfund.png\" alt=\"\" class=\"wp-image-117299\" style=\"object-fit:cover;width:125px;height:125px\" srcset=\"https:\/\/www.ubishops.ca\/wp-content\/uploads\/emergencyfund.png 400w, https:\/\/www.ubishops.ca\/wp-content\/uploads\/emergencyfund-300x279.png 300w, https:\/\/www.ubishops.ca\/wp-content\/uploads\/emergencyfund-150x140.png 150w\" sizes=\"(max-width: 400px) 100vw, 400px\" \/><\/figure>\n<\/div>\n\n\n<p class=\"has-text-align-center\"><strong>$25\/mois<\/strong><br>Fournir une aide d&rsquo;urgence<br>pour les \u00e9tudiants<\/p>\n\n\n<div class=\"wp-block-image\">\n<figure class=\"aligncenter size-full is-resized\"><img decoding=\"async\" width=\"400\" height=\"372\" src=\"https:\/\/www.ubishops.ca\/wp-content\/uploads\/semesterfund.png\" alt=\"\" class=\"wp-image-117303\" style=\"object-fit:cover;width:125px;height:125px\" srcset=\"https:\/\/www.ubishops.ca\/wp-content\/uploads\/semesterfund.png 400w, https:\/\/www.ubishops.ca\/wp-content\/uploads\/semesterfund-300x279.png 300w, https:\/\/www.ubishops.ca\/wp-content\/uploads\/semesterfund-150x140.png 150w\" sizes=\"(max-width: 400px) 100vw, 400px\" \/><\/figure>\n<\/div>\n\n\n<p class=\"has-text-align-center\"><strong>$200\/mois<\/strong><br>Financer les frais de scolarit\u00e9 d&rsquo;un \u00e9tudiant pour un semestre entier<\/p>\n<\/div>\n<\/div>\n","protected":false},"excerpt":{"rendered":"<p>Votre don peut&#8230; $5\/moisAcheter des provisions pour labanque alimentaire de l&rsquo;Universit\u00e9 Bishop&rsquo;s $50\/moisCouvrir le co\u00fbt d&rsquo;un cours de premier cycle $10\/moisAcheter des fournitures pourun club \u00e9tudiant $100\/moisAcheter de l&rsquo;\u00e9quipement pour les \u00e9tudiants-athl\u00e8tes $25\/moisFournir une aide d&rsquo;urgencepour les \u00e9tudiants $200\/moisFinancer les frais de scolarit\u00e9 d&rsquo;un \u00e9tudiant pour un semestre entier<\/p>\n","protected":false},"author":46,"featured_media":0,"parent":116230,"menu_order":61,"comment_status":"closed","ping_status":"closed","template":"templates\/page-width-sidebar.php","meta":{"_acf_changed":false,"_cbd_carousel_blocks":"[]","_kad_blocks_custom_css":"","_kad_blocks_head_custom_js":"","_kad_blocks_body_custom_js":"","_kad_blocks_footer_custom_js":"","_kad_post_transparent":"","_kad_post_title":"","_kad_post_layout":"","_kad_post_sidebar_id":"","_kad_post_content_style":"","_kad_post_vertical_padding":"","_kad_post_feature":"","_kad_post_feature_position":"","_kad_post_header":false,"_kad_post_footer":false,"_kad_post_classname":"","footnotes":""},"class_list":["post-116624","page","type-page","status-publish","hentry"],"acf":[],"yoast_head":"<!-- This site is optimized with the Yoast SEO plugin v27.2 - https:\/\/yoast.com\/product\/yoast-seo-wordpress\/ -->\n<title>Formulaire de don mensuel - Bishop&#039;s University<\/title>\n<meta name=\"description\" content=\"Fill out this form to make your monthly donation to Bishop&#039;s University. Your donation helps each and every one of our students.\" \/>\n<meta name=\"robots\" content=\"index, follow, max-snippet:-1, max-image-preview:large, max-video-preview:-1\" \/>\n<link rel=\"canonical\" href=\"https:\/\/www.ubishops.ca\/fr\/bureau-des-relations-avec-les-diplomes-et-de-la-philanthropie\/faire-un-don\/formulaire-don-mensuel\/\" \/>\n<meta property=\"og:locale\" content=\"fr_FR\" \/>\n<meta property=\"og:type\" content=\"article\" \/>\n<meta property=\"og:title\" content=\"Formulaire de don mensuel - Bishop&#039;s University\" \/>\n<meta property=\"og:description\" content=\"Fill out this form to make your monthly donation to Bishop&#039;s University. Your donation helps each and every one of our students.\" \/>\n<meta property=\"og:url\" content=\"https:\/\/www.ubishops.ca\/fr\/bureau-des-relations-avec-les-diplomes-et-de-la-philanthropie\/faire-un-don\/formulaire-don-mensuel\/\" \/>\n<meta property=\"og:site_name\" content=\"Bishop&#039;s University\" \/>\n<meta property=\"article:publisher\" content=\"https:\/\/www.facebook.com\/ubishops\" \/>\n<meta property=\"article:modified_time\" content=\"2024-11-21T21:01:24+00:00\" \/>\n<meta property=\"og:image\" content=\"https:\/\/www.ubishops.ca\/wp-content\/uploads\/foodbank.png\" \/>\n<meta name=\"twitter:card\" content=\"summary_large_image\" \/>\n<meta name=\"twitter:site\" content=\"@ubishops\" \/>\n<script type=\"application\/ld+json\" class=\"yoast-schema-graph\">{\"@context\":\"https:\/\/schema.org\",\"@graph\":[{\"@type\":\"WebPage\",\"@id\":\"https:\/\/www.ubishops.ca\/fr\/bureau-des-relations-avec-les-diplomes-et-de-la-philanthropie\/faire-un-don\/formulaire-don-mensuel\/\",\"url\":\"https:\/\/www.ubishops.ca\/fr\/bureau-des-relations-avec-les-diplomes-et-de-la-philanthropie\/faire-un-don\/formulaire-don-mensuel\/\",\"name\":\"Formulaire de don mensuel - Bishop&#039;s University\",\"isPartOf\":{\"@id\":\"https:\/\/www.ubishops.ca\/#website\"},\"primaryImageOfPage\":{\"@id\":\"https:\/\/www.ubishops.ca\/fr\/bureau-des-relations-avec-les-diplomes-et-de-la-philanthropie\/faire-un-don\/formulaire-don-mensuel\/#primaryimage\"},\"image\":{\"@id\":\"https:\/\/www.ubishops.ca\/fr\/bureau-des-relations-avec-les-diplomes-et-de-la-philanthropie\/faire-un-don\/formulaire-don-mensuel\/#primaryimage\"},\"thumbnailUrl\":\"https:\/\/www.ubishops.ca\/wp-content\/uploads\/foodbank.png\",\"datePublished\":\"2023-03-08T18:56:07+00:00\",\"dateModified\":\"2024-11-21T21:01:24+00:00\",\"description\":\"Fill out this form to make your monthly donation to Bishop's University. Your donation helps each and every one of our students.\",\"breadcrumb\":{\"@id\":\"https:\/\/www.ubishops.ca\/fr\/bureau-des-relations-avec-les-diplomes-et-de-la-philanthropie\/faire-un-don\/formulaire-don-mensuel\/#breadcrumb\"},\"inLanguage\":\"fr-FR\",\"potentialAction\":[{\"@type\":\"ReadAction\",\"target\":[\"https:\/\/www.ubishops.ca\/fr\/bureau-des-relations-avec-les-diplomes-et-de-la-philanthropie\/faire-un-don\/formulaire-don-mensuel\/\"]}]},{\"@type\":\"ImageObject\",\"inLanguage\":\"fr-FR\",\"@id\":\"https:\/\/www.ubishops.ca\/fr\/bureau-des-relations-avec-les-diplomes-et-de-la-philanthropie\/faire-un-don\/formulaire-don-mensuel\/#primaryimage\",\"url\":\"https:\/\/www.ubishops.ca\/wp-content\/uploads\/foodbank.png\",\"contentUrl\":\"https:\/\/www.ubishops.ca\/wp-content\/uploads\/foodbank.png\"},{\"@type\":\"BreadcrumbList\",\"@id\":\"https:\/\/www.ubishops.ca\/fr\/bureau-des-relations-avec-les-diplomes-et-de-la-philanthropie\/faire-un-don\/formulaire-don-mensuel\/#breadcrumb\",\"itemListElement\":[{\"@type\":\"ListItem\",\"position\":1,\"name\":\"Accueil\",\"item\":\"https:\/\/www.ubishops.ca\/fr\/\"},{\"@type\":\"ListItem\",\"position\":2,\"name\":\"Bureau des relations avec les dipl\u00f4m\u00e9s et de la philanthropie\",\"item\":\"https:\/\/www.ubishops.ca\/fr\/bureau-des-relations-avec-les-diplomes-et-de-la-philanthropie\/\"},{\"@type\":\"ListItem\",\"position\":3,\"name\":\"Faire un don \u00e0 l\u2019Universit\u00e9 Bishop\u2019s\",\"item\":\"https:\/\/www.ubishops.ca\/fr\/bureau-des-relations-avec-les-diplomes-et-de-la-philanthropie\/faire-un-don\/\"},{\"@type\":\"ListItem\",\"position\":4,\"name\":\"Formulaire de don mensuel\"}]},{\"@type\":\"WebSite\",\"@id\":\"https:\/\/www.ubishops.ca\/#website\",\"url\":\"https:\/\/www.ubishops.ca\/\",\"name\":\"Bishop&#039;s University\",\"description\":\"\",\"potentialAction\":[{\"@type\":\"SearchAction\",\"target\":{\"@type\":\"EntryPoint\",\"urlTemplate\":\"https:\/\/www.ubishops.ca\/?s={search_term_string}\"},\"query-input\":{\"@type\":\"PropertyValueSpecification\",\"valueRequired\":true,\"valueName\":\"search_term_string\"}}],\"inLanguage\":\"fr-FR\"}]}<\/script>\n<!-- \/ Yoast SEO plugin. -->","yoast_head_json":{"title":"Formulaire de don mensuel - Bishop&#039;s University","description":"Fill out this form to make your monthly donation to Bishop's University. Your donation helps each and every one of our students.","robots":{"index":"index","follow":"follow","max-snippet":"max-snippet:-1","max-image-preview":"max-image-preview:large","max-video-preview":"max-video-preview:-1"},"canonical":"https:\/\/www.ubishops.ca\/fr\/bureau-des-relations-avec-les-diplomes-et-de-la-philanthropie\/faire-un-don\/formulaire-don-mensuel\/","og_locale":"fr_FR","og_type":"article","og_title":"Formulaire de don mensuel - Bishop&#039;s University","og_description":"Fill out this form to make your monthly donation to Bishop's University. Your donation helps each and every one of our students.","og_url":"https:\/\/www.ubishops.ca\/fr\/bureau-des-relations-avec-les-diplomes-et-de-la-philanthropie\/faire-un-don\/formulaire-don-mensuel\/","og_site_name":"Bishop&#039;s University","article_publisher":"https:\/\/www.facebook.com\/ubishops","article_modified_time":"2024-11-21T21:01:24+00:00","og_image":[{"url":"https:\/\/www.ubishops.ca\/wp-content\/uploads\/foodbank.png","type":"","width":"","height":""}],"twitter_card":"summary_large_image","twitter_site":"@ubishops","schema":{"@context":"https:\/\/schema.org","@graph":[{"@type":"WebPage","@id":"https:\/\/www.ubishops.ca\/fr\/bureau-des-relations-avec-les-diplomes-et-de-la-philanthropie\/faire-un-don\/formulaire-don-mensuel\/","url":"https:\/\/www.ubishops.ca\/fr\/bureau-des-relations-avec-les-diplomes-et-de-la-philanthropie\/faire-un-don\/formulaire-don-mensuel\/","name":"Formulaire de don mensuel - Bishop&#039;s University","isPartOf":{"@id":"https:\/\/www.ubishops.ca\/#website"},"primaryImageOfPage":{"@id":"https:\/\/www.ubishops.ca\/fr\/bureau-des-relations-avec-les-diplomes-et-de-la-philanthropie\/faire-un-don\/formulaire-don-mensuel\/#primaryimage"},"image":{"@id":"https:\/\/www.ubishops.ca\/fr\/bureau-des-relations-avec-les-diplomes-et-de-la-philanthropie\/faire-un-don\/formulaire-don-mensuel\/#primaryimage"},"thumbnailUrl":"https:\/\/www.ubishops.ca\/wp-content\/uploads\/foodbank.png","datePublished":"2023-03-08T18:56:07+00:00","dateModified":"2024-11-21T21:01:24+00:00","description":"Fill out this form to make your monthly donation to Bishop's University. Your donation helps each and every one of our students.","breadcrumb":{"@id":"https:\/\/www.ubishops.ca\/fr\/bureau-des-relations-avec-les-diplomes-et-de-la-philanthropie\/faire-un-don\/formulaire-don-mensuel\/#breadcrumb"},"inLanguage":"fr-FR","potentialAction":[{"@type":"ReadAction","target":["https:\/\/www.ubishops.ca\/fr\/bureau-des-relations-avec-les-diplomes-et-de-la-philanthropie\/faire-un-don\/formulaire-don-mensuel\/"]}]},{"@type":"ImageObject","inLanguage":"fr-FR","@id":"https:\/\/www.ubishops.ca\/fr\/bureau-des-relations-avec-les-diplomes-et-de-la-philanthropie\/faire-un-don\/formulaire-don-mensuel\/#primaryimage","url":"https:\/\/www.ubishops.ca\/wp-content\/uploads\/foodbank.png","contentUrl":"https:\/\/www.ubishops.ca\/wp-content\/uploads\/foodbank.png"},{"@type":"BreadcrumbList","@id":"https:\/\/www.ubishops.ca\/fr\/bureau-des-relations-avec-les-diplomes-et-de-la-philanthropie\/faire-un-don\/formulaire-don-mensuel\/#breadcrumb","itemListElement":[{"@type":"ListItem","position":1,"name":"Accueil","item":"https:\/\/www.ubishops.ca\/fr\/"},{"@type":"ListItem","position":2,"name":"Bureau des relations avec les dipl\u00f4m\u00e9s et de la philanthropie","item":"https:\/\/www.ubishops.ca\/fr\/bureau-des-relations-avec-les-diplomes-et-de-la-philanthropie\/"},{"@type":"ListItem","position":3,"name":"Faire un don \u00e0 l\u2019Universit\u00e9 Bishop\u2019s","item":"https:\/\/www.ubishops.ca\/fr\/bureau-des-relations-avec-les-diplomes-et-de-la-philanthropie\/faire-un-don\/"},{"@type":"ListItem","position":4,"name":"Formulaire de don mensuel"}]},{"@type":"WebSite","@id":"https:\/\/www.ubishops.ca\/#website","url":"https:\/\/www.ubishops.ca\/","name":"Bishop&#039;s University","description":"","potentialAction":[{"@type":"SearchAction","target":{"@type":"EntryPoint","urlTemplate":"https:\/\/www.ubishops.ca\/?s={search_term_string}"},"query-input":{"@type":"PropertyValueSpecification","valueRequired":true,"valueName":"search_term_string"}}],"inLanguage":"fr-FR"}]}},"taxonomy_info":[],"featured_image_src_large":false,"author_info":{"display_name":"Lorna Ruemper","author_link":"https:\/\/www.ubishops.ca\/fr\/author\/lruemper\/"},"comment_info":0,"publishpress_future_action":{"enabled":false,"date":"2026-04-15 20:20:00","action":"change-status","newStatus":"draft","terms":[],"taxonomy":"translation_priority","extraData":[]},"publishpress_future_workflow_manual_trigger":{"enabledWorkflows":[]},"_links":{"self":[{"href":"https:\/\/www.ubishops.ca\/fr\/wp-json\/wp\/v2\/pages\/116624","targetHints":{"allow":["GET"]}}],"collection":[{"href":"https:\/\/www.ubishops.ca\/fr\/wp-json\/wp\/v2\/pages"}],"about":[{"href":"https:\/\/www.ubishops.ca\/fr\/wp-json\/wp\/v2\/types\/page"}],"author":[{"embeddable":true,"href":"https:\/\/www.ubishops.ca\/fr\/wp-json\/wp\/v2\/users\/46"}],"replies":[{"embeddable":true,"href":"https:\/\/www.ubishops.ca\/fr\/wp-json\/wp\/v2\/comments?post=116624"}],"version-history":[{"count":0,"href":"https:\/\/www.ubishops.ca\/fr\/wp-json\/wp\/v2\/pages\/116624\/revisions"}],"up":[{"embeddable":true,"href":"https:\/\/www.ubishops.ca\/fr\/wp-json\/wp\/v2\/pages\/116230"}],"wp:attachment":[{"href":"https:\/\/www.ubishops.ca\/fr\/wp-json\/wp\/v2\/media?parent=116624"}],"curies":[{"name":"wp","href":"https:\/\/api.w.org\/{rel}","templated":true}]}}