{"id":116575,"date":"2023-02-03T14:47:48","date_gmt":"2023-02-03T19:47:48","guid":{"rendered":"https:\/\/www.ubishops.ca\/bureau-des-relations-avec-les-diplomes-et-de-la-philanthropie\/distinctions-honorifiques-pour-nos-anciennes-et-anciens-eleves\/esprit-de-corps-award\/"},"modified":"2024-10-17T14:34:49","modified_gmt":"2024-10-17T18:34:49","slug":"esprit-de-corps-award","status":"publish","type":"page","link":"https:\/\/www.ubishops.ca\/fr\/bureau-des-relations-avec-les-diplomes-et-de-la-philanthropie\/distinctions-honorifiques-pour-nos-anciennes-et-anciens-eleves\/esprit-de-corps-award\/","title":{"rendered":"Prix Esprit de Corps"},"content":{"rendered":"\n<p>Octroy\u00e9 p\u00e9riodiquement depuis 2011, le prix Esprit de Corps rend hommage aux dipl\u00f4m\u00e9es et dipl\u00f4m\u00e9s de Bishop\u2019s qui continuent d\u2019appliquer les valeurs et les le\u00e7ons de Bishop\u2019s en mati\u00e8re de compassion pour autrui, d\u2019esprit de communaut\u00e9, de responsabilit\u00e9 sociale, d\u2019apprentissage continu et d\u2019amiti\u00e9 apr\u00e8s leur passage \u00e0 l\u2019Universit\u00e9.\u00a0<\/p>\n\n\n\n<p>Nos plus r\u00e9cents laur\u00e9ats \u00e9taient Mike Lewis \u201983, Alex Paterson \u201983 et Ken Irving \u201984 en 2019.\u00a0<\/p>\n\n\n\n<figure class=\"wp-block-image size-full\"><img decoding=\"async\" width=\"500\" height=\"333\" src=\"https:\/\/www.ubishops.ca\/wp-content\/uploads\/Alex-Paterson-83-Robb-Paterson-and-Mike-Lewis-83.jpg\" alt=\"\" class=\"wp-image-95178\" srcset=\"https:\/\/www.ubishops.ca\/wp-content\/uploads\/Alex-Paterson-83-Robb-Paterson-and-Mike-Lewis-83.jpg 500w, https:\/\/www.ubishops.ca\/wp-content\/uploads\/Alex-Paterson-83-Robb-Paterson-and-Mike-Lewis-83-300x200.jpg 300w, https:\/\/www.ubishops.ca\/wp-content\/uploads\/Alex-Paterson-83-Robb-Paterson-and-Mike-Lewis-83-150x100.jpg 150w\" sizes=\"(max-width: 500px) 100vw, 500px\" \/><figcaption class=\"wp-element-caption\">Laur\u00e9ats du prix Esprit de Corps 2019 \u2013 Alex Paterson \u201983, Robb Paterson et Mike Lewis \u201983\u00a0<br>Malheureusement, Ken Irving \u201984 ne pouvait \u00eatre pr\u00e9sent sur le campus pour recevoir son prix, mais Robb, leur directeur qui a jou\u00e9 un r\u00f4le inestimable dans le succ\u00e8s de ce trio, s\u2019est joint \u00e0 Alex et \u00e0 Mike.\u00a0<\/figcaption><\/figure>\n\n\n\n<p>Mike, Alex et Ken ont re\u00e7u ce prix pour leur performance dans la com\u00e9die de Jan Ericsson <em>The Men\u2019s Room<\/em> au Crow\u2019s Theatre \u00e0 Toronto. Tous les profits ont \u00e9t\u00e9 remis au Centre de toxicomanie et de sant\u00e9 mentale, alors que ces dipl\u00f4m\u00e9s des ann\u00e9es\u202f1980, venant d\u2019aussi loin que Tokyo et le Royaume-Uni, se sont r\u00e9unis pour se rappeler de bons souvenirs sur les berges du Massawippi.\u00a0<\/p>\n\n\n\n<p><strong><em><strong><em>F\u00e9licitations \u00e0 Mike, Alex et Ken pour cette distinction bien m\u00e9rit\u00e9e!<\/em><\/strong>\u00a0<\/em><\/strong><\/p>\n\n\n\n<div style=\"height:40px\" aria-hidden=\"true\" class=\"wp-block-spacer\"><\/div>\n\n\n\n<h2 class=\"wp-block-heading\">Histoire du cruchon<\/h2>\n\n\n\n<figure class=\"wp-block-image size-full\"><img decoding=\"async\" width=\"196\" height=\"270\" src=\"https:\/\/www.ubishops.ca\/wp-content\/uploads\/History-of-the-Jug.png\" alt=\"jug with the Bishop\u2019s logo\" class=\"wp-image-93637\" srcset=\"https:\/\/www.ubishops.ca\/wp-content\/uploads\/History-of-the-Jug.png 196w, https:\/\/www.ubishops.ca\/wp-content\/uploads\/History-of-the-Jug-109x150.png 109w\" sizes=\"(max-width: 196px) 100vw, 196px\" \/><\/figure>\n\n\n\n<p>Le mod\u00e8le de la cruche originale date du milieu des ann\u00e9es\u202f1800. Lucy Doheny \u201980, poti\u00e8re locale, a peint le logo de Bishop\u2019s sur la cruche. Elle fabrique les cruchons afin qu\u2019ils soient remis en souvenir aux laur\u00e9ats du prix Esprit de Corps. Les socles en bois de cerisier sont fabriqu\u00e9s \u00e0 partir d\u2019arbres abattus sur le campus pendant la construction de l\u2019\u00e9difice du Coll\u00e8ge Champlain au d\u00e9but des ann\u00e9es\u202f1990.\u00a0<\/p>\n\n\n\n<p>Le prix tire son nom de notre hymne\u202f:\u00a0<\/p>\n\n\n\n<p><em>College days will linger ever in our hearts,<\/em><br><em>Wearing gowns, raising hell and quaffing ale!<\/em><br><em>And we\u2019ll show esprit de corps<\/em><br><em>As we watch the gaiters roar<\/em><br><em>On to victory!<\/em><\/p>\n\n\n\n<div style=\"height:40px\" aria-hidden=\"true\" class=\"wp-block-spacer\"><\/div>\n\n\n\n<h2 class=\"wp-block-heading\">Liste des laur\u00e9ates et laur\u00e9ats\u00a0<\/h2>\n\n\n\n<p><em><em>Inaugur\u00e9 en 2011<\/em><\/em><\/p>\n\n\n\n<p>2011    Tim Belford \u201971<br>2012    Stan Groves \u201981<br>2013    Eric Cormier \u201902 &amp; Eric Desbiens \u201999<br>2014    John Piper \u201965, Ace Henderson \u201965, John Martland \u201964 &amp; Doug Tees \u201965*<br>2015    Peter Neal \u201989<br>2018    David Perlman &rsquo;00<br>2019    Mike Lewis \u201983, Alex Paterson \u201983 &amp; Ken Irving \u201984<\/p>\n","protected":false},"excerpt":{"rendered":"<p>Octroy\u00e9 p\u00e9riodiquement depuis 2011, le prix Esprit de Corps rend hommage aux dipl\u00f4m\u00e9es et dipl\u00f4m\u00e9s de Bishop\u2019s qui continuent d\u2019appliquer les valeurs et les le\u00e7ons de Bishop\u2019s en mati\u00e8re de compassion pour autrui, d\u2019esprit de communaut\u00e9, de responsabilit\u00e9 sociale, d\u2019apprentissage continu et d\u2019amiti\u00e9 apr\u00e8s leur passage \u00e0 l\u2019Universit\u00e9.\u00a0 Nos plus r\u00e9cents laur\u00e9ats \u00e9taient Mike Lewis&#8230;<\/p>\n","protected":false},"author":49,"featured_media":0,"parent":116183,"menu_order":49,"comment_status":"closed","ping_status":"closed","template":"templates\/page-width-sidebar.php","meta":{"_acf_changed":false,"_cbd_carousel_blocks":"[]","_kad_blocks_custom_css":"","_kad_blocks_head_custom_js":"","_kad_blocks_body_custom_js":"","_kad_blocks_footer_custom_js":"","_kad_post_transparent":"","_kad_post_title":"","_kad_post_layout":"","_kad_post_sidebar_id":"","_kad_post_content_style":"","_kad_post_vertical_padding":"","_kad_post_feature":"","_kad_post_feature_position":"","_kad_post_header":false,"_kad_post_footer":false,"_kad_post_classname":"","footnotes":""},"class_list":["post-116575","page","type-page","status-publish","hentry"],"acf":[],"yoast_head":"<!-- This site is optimized with the Yoast SEO plugin v27.2 - https:\/\/yoast.com\/product\/yoast-seo-wordpress\/ -->\n<title>Prix Esprit de Corps - Bishop&#039;s University<\/title>\n<meta name=\"robots\" content=\"index, follow, max-snippet:-1, max-image-preview:large, max-video-preview:-1\" \/>\n<link rel=\"canonical\" href=\"https:\/\/www.ubishops.ca\/fr\/bureau-des-relations-avec-les-diplomes-et-de-la-philanthropie\/distinctions-honorifiques-pour-nos-anciennes-et-anciens-eleves\/esprit-de-corps-award\/\" \/>\n<meta property=\"og:locale\" content=\"fr_FR\" \/>\n<meta property=\"og:type\" content=\"article\" \/>\n<meta property=\"og:title\" content=\"Prix Esprit de Corps - Bishop&#039;s University\" \/>\n<meta property=\"og:description\" content=\"Octroy\u00e9 p\u00e9riodiquement depuis 2011, le prix Esprit de Corps rend hommage aux dipl\u00f4m\u00e9es et dipl\u00f4m\u00e9s de Bishop\u2019s qui continuent d\u2019appliquer les valeurs et les le\u00e7ons de Bishop\u2019s en mati\u00e8re de compassion pour autrui, d\u2019esprit de communaut\u00e9, de responsabilit\u00e9 sociale, d\u2019apprentissage continu et d\u2019amiti\u00e9 apr\u00e8s leur passage \u00e0 l\u2019Universit\u00e9.\u00a0 Nos plus r\u00e9cents laur\u00e9ats \u00e9taient Mike Lewis...\" \/>\n<meta property=\"og:url\" content=\"https:\/\/www.ubishops.ca\/fr\/bureau-des-relations-avec-les-diplomes-et-de-la-philanthropie\/distinctions-honorifiques-pour-nos-anciennes-et-anciens-eleves\/esprit-de-corps-award\/\" \/>\n<meta property=\"og:site_name\" content=\"Bishop&#039;s University\" \/>\n<meta property=\"article:publisher\" content=\"https:\/\/www.facebook.com\/ubishops\" \/>\n<meta property=\"article:modified_time\" content=\"2024-10-17T18:34:49+00:00\" \/>\n<meta property=\"og:image\" content=\"https:\/\/www.ubishops.ca\/wp-content\/uploads\/Alex-Paterson-83-Robb-Paterson-and-Mike-Lewis-83.jpg\" \/>\n<meta name=\"twitter:card\" content=\"summary_large_image\" \/>\n<meta name=\"twitter:site\" content=\"@ubishops\" \/>\n<meta name=\"twitter:label1\" content=\"Dur\u00e9e de lecture estim\u00e9e\" \/>\n\t<meta name=\"twitter:data1\" content=\"2 minutes\" \/>\n<script type=\"application\/ld+json\" class=\"yoast-schema-graph\">{\"@context\":\"https:\/\/schema.org\",\"@graph\":[{\"@type\":\"WebPage\",\"@id\":\"https:\/\/www.ubishops.ca\/fr\/bureau-des-relations-avec-les-diplomes-et-de-la-philanthropie\/distinctions-honorifiques-pour-nos-anciennes-et-anciens-eleves\/esprit-de-corps-award\/\",\"url\":\"https:\/\/www.ubishops.ca\/fr\/bureau-des-relations-avec-les-diplomes-et-de-la-philanthropie\/distinctions-honorifiques-pour-nos-anciennes-et-anciens-eleves\/esprit-de-corps-award\/\",\"name\":\"Prix Esprit de Corps - Bishop&#039;s University\",\"isPartOf\":{\"@id\":\"https:\/\/www.ubishops.ca\/#website\"},\"primaryImageOfPage\":{\"@id\":\"https:\/\/www.ubishops.ca\/fr\/bureau-des-relations-avec-les-diplomes-et-de-la-philanthropie\/distinctions-honorifiques-pour-nos-anciennes-et-anciens-eleves\/esprit-de-corps-award\/#primaryimage\"},\"image\":{\"@id\":\"https:\/\/www.ubishops.ca\/fr\/bureau-des-relations-avec-les-diplomes-et-de-la-philanthropie\/distinctions-honorifiques-pour-nos-anciennes-et-anciens-eleves\/esprit-de-corps-award\/#primaryimage\"},\"thumbnailUrl\":\"https:\/\/www.ubishops.ca\/wp-content\/uploads\/Alex-Paterson-83-Robb-Paterson-and-Mike-Lewis-83.jpg\",\"datePublished\":\"2023-02-03T19:47:48+00:00\",\"dateModified\":\"2024-10-17T18:34:49+00:00\",\"breadcrumb\":{\"@id\":\"https:\/\/www.ubishops.ca\/fr\/bureau-des-relations-avec-les-diplomes-et-de-la-philanthropie\/distinctions-honorifiques-pour-nos-anciennes-et-anciens-eleves\/esprit-de-corps-award\/#breadcrumb\"},\"inLanguage\":\"fr-FR\",\"potentialAction\":[{\"@type\":\"ReadAction\",\"target\":[\"https:\/\/www.ubishops.ca\/fr\/bureau-des-relations-avec-les-diplomes-et-de-la-philanthropie\/distinctions-honorifiques-pour-nos-anciennes-et-anciens-eleves\/esprit-de-corps-award\/\"]}]},{\"@type\":\"ImageObject\",\"inLanguage\":\"fr-FR\",\"@id\":\"https:\/\/www.ubishops.ca\/fr\/bureau-des-relations-avec-les-diplomes-et-de-la-philanthropie\/distinctions-honorifiques-pour-nos-anciennes-et-anciens-eleves\/esprit-de-corps-award\/#primaryimage\",\"url\":\"https:\/\/www.ubishops.ca\/wp-content\/uploads\/Alex-Paterson-83-Robb-Paterson-and-Mike-Lewis-83.jpg\",\"contentUrl\":\"https:\/\/www.ubishops.ca\/wp-content\/uploads\/Alex-Paterson-83-Robb-Paterson-and-Mike-Lewis-83.jpg\"},{\"@type\":\"BreadcrumbList\",\"@id\":\"https:\/\/www.ubishops.ca\/fr\/bureau-des-relations-avec-les-diplomes-et-de-la-philanthropie\/distinctions-honorifiques-pour-nos-anciennes-et-anciens-eleves\/esprit-de-corps-award\/#breadcrumb\",\"itemListElement\":[{\"@type\":\"ListItem\",\"position\":1,\"name\":\"Accueil\",\"item\":\"https:\/\/www.ubishops.ca\/fr\/\"},{\"@type\":\"ListItem\",\"position\":2,\"name\":\"Bureau des relations avec les dipl\u00f4m\u00e9s et de la philanthropie\",\"item\":\"https:\/\/www.ubishops.ca\/fr\/bureau-des-relations-avec-les-diplomes-et-de-la-philanthropie\/\"},{\"@type\":\"ListItem\",\"position\":3,\"name\":\"Distinctions honorifiques pour nos anciennes et anciens \u00e9l\u00e8ves\",\"item\":\"https:\/\/www.ubishops.ca\/fr\/bureau-des-relations-avec-les-diplomes-et-de-la-philanthropie\/distinctions-honorifiques-pour-nos-anciennes-et-anciens-eleves\/\"},{\"@type\":\"ListItem\",\"position\":4,\"name\":\"Prix Esprit de Corps\"}]},{\"@type\":\"WebSite\",\"@id\":\"https:\/\/www.ubishops.ca\/#website\",\"url\":\"https:\/\/www.ubishops.ca\/\",\"name\":\"Bishop&#039;s University\",\"description\":\"\",\"potentialAction\":[{\"@type\":\"SearchAction\",\"target\":{\"@type\":\"EntryPoint\",\"urlTemplate\":\"https:\/\/www.ubishops.ca\/?s={search_term_string}\"},\"query-input\":{\"@type\":\"PropertyValueSpecification\",\"valueRequired\":true,\"valueName\":\"search_term_string\"}}],\"inLanguage\":\"fr-FR\"}]}<\/script>\n<!-- \/ Yoast SEO plugin. -->","yoast_head_json":{"title":"Prix Esprit de Corps - Bishop&#039;s University","robots":{"index":"index","follow":"follow","max-snippet":"max-snippet:-1","max-image-preview":"max-image-preview:large","max-video-preview":"max-video-preview:-1"},"canonical":"https:\/\/www.ubishops.ca\/fr\/bureau-des-relations-avec-les-diplomes-et-de-la-philanthropie\/distinctions-honorifiques-pour-nos-anciennes-et-anciens-eleves\/esprit-de-corps-award\/","og_locale":"fr_FR","og_type":"article","og_title":"Prix Esprit de Corps - Bishop&#039;s University","og_description":"Octroy\u00e9 p\u00e9riodiquement depuis 2011, le prix Esprit de Corps rend hommage aux dipl\u00f4m\u00e9es et dipl\u00f4m\u00e9s de Bishop\u2019s qui continuent d\u2019appliquer les valeurs et les le\u00e7ons de Bishop\u2019s en mati\u00e8re de compassion pour autrui, d\u2019esprit de communaut\u00e9, de responsabilit\u00e9 sociale, d\u2019apprentissage continu et d\u2019amiti\u00e9 apr\u00e8s leur passage \u00e0 l\u2019Universit\u00e9.\u00a0 Nos plus r\u00e9cents laur\u00e9ats \u00e9taient Mike Lewis...","og_url":"https:\/\/www.ubishops.ca\/fr\/bureau-des-relations-avec-les-diplomes-et-de-la-philanthropie\/distinctions-honorifiques-pour-nos-anciennes-et-anciens-eleves\/esprit-de-corps-award\/","og_site_name":"Bishop&#039;s University","article_publisher":"https:\/\/www.facebook.com\/ubishops","article_modified_time":"2024-10-17T18:34:49+00:00","og_image":[{"url":"https:\/\/www.ubishops.ca\/wp-content\/uploads\/Alex-Paterson-83-Robb-Paterson-and-Mike-Lewis-83.jpg","type":"","width":"","height":""}],"twitter_card":"summary_large_image","twitter_site":"@ubishops","twitter_misc":{"Dur\u00e9e de lecture estim\u00e9e":"2 minutes"},"schema":{"@context":"https:\/\/schema.org","@graph":[{"@type":"WebPage","@id":"https:\/\/www.ubishops.ca\/fr\/bureau-des-relations-avec-les-diplomes-et-de-la-philanthropie\/distinctions-honorifiques-pour-nos-anciennes-et-anciens-eleves\/esprit-de-corps-award\/","url":"https:\/\/www.ubishops.ca\/fr\/bureau-des-relations-avec-les-diplomes-et-de-la-philanthropie\/distinctions-honorifiques-pour-nos-anciennes-et-anciens-eleves\/esprit-de-corps-award\/","name":"Prix Esprit de Corps - Bishop&#039;s University","isPartOf":{"@id":"https:\/\/www.ubishops.ca\/#website"},"primaryImageOfPage":{"@id":"https:\/\/www.ubishops.ca\/fr\/bureau-des-relations-avec-les-diplomes-et-de-la-philanthropie\/distinctions-honorifiques-pour-nos-anciennes-et-anciens-eleves\/esprit-de-corps-award\/#primaryimage"},"image":{"@id":"https:\/\/www.ubishops.ca\/fr\/bureau-des-relations-avec-les-diplomes-et-de-la-philanthropie\/distinctions-honorifiques-pour-nos-anciennes-et-anciens-eleves\/esprit-de-corps-award\/#primaryimage"},"thumbnailUrl":"https:\/\/www.ubishops.ca\/wp-content\/uploads\/Alex-Paterson-83-Robb-Paterson-and-Mike-Lewis-83.jpg","datePublished":"2023-02-03T19:47:48+00:00","dateModified":"2024-10-17T18:34:49+00:00","breadcrumb":{"@id":"https:\/\/www.ubishops.ca\/fr\/bureau-des-relations-avec-les-diplomes-et-de-la-philanthropie\/distinctions-honorifiques-pour-nos-anciennes-et-anciens-eleves\/esprit-de-corps-award\/#breadcrumb"},"inLanguage":"fr-FR","potentialAction":[{"@type":"ReadAction","target":["https:\/\/www.ubishops.ca\/fr\/bureau-des-relations-avec-les-diplomes-et-de-la-philanthropie\/distinctions-honorifiques-pour-nos-anciennes-et-anciens-eleves\/esprit-de-corps-award\/"]}]},{"@type":"ImageObject","inLanguage":"fr-FR","@id":"https:\/\/www.ubishops.ca\/fr\/bureau-des-relations-avec-les-diplomes-et-de-la-philanthropie\/distinctions-honorifiques-pour-nos-anciennes-et-anciens-eleves\/esprit-de-corps-award\/#primaryimage","url":"https:\/\/www.ubishops.ca\/wp-content\/uploads\/Alex-Paterson-83-Robb-Paterson-and-Mike-Lewis-83.jpg","contentUrl":"https:\/\/www.ubishops.ca\/wp-content\/uploads\/Alex-Paterson-83-Robb-Paterson-and-Mike-Lewis-83.jpg"},{"@type":"BreadcrumbList","@id":"https:\/\/www.ubishops.ca\/fr\/bureau-des-relations-avec-les-diplomes-et-de-la-philanthropie\/distinctions-honorifiques-pour-nos-anciennes-et-anciens-eleves\/esprit-de-corps-award\/#breadcrumb","itemListElement":[{"@type":"ListItem","position":1,"name":"Accueil","item":"https:\/\/www.ubishops.ca\/fr\/"},{"@type":"ListItem","position":2,"name":"Bureau des relations avec les dipl\u00f4m\u00e9s et de la philanthropie","item":"https:\/\/www.ubishops.ca\/fr\/bureau-des-relations-avec-les-diplomes-et-de-la-philanthropie\/"},{"@type":"ListItem","position":3,"name":"Distinctions honorifiques pour nos anciennes et anciens \u00e9l\u00e8ves","item":"https:\/\/www.ubishops.ca\/fr\/bureau-des-relations-avec-les-diplomes-et-de-la-philanthropie\/distinctions-honorifiques-pour-nos-anciennes-et-anciens-eleves\/"},{"@type":"ListItem","position":4,"name":"Prix Esprit de Corps"}]},{"@type":"WebSite","@id":"https:\/\/www.ubishops.ca\/#website","url":"https:\/\/www.ubishops.ca\/","name":"Bishop&#039;s University","description":"","potentialAction":[{"@type":"SearchAction","target":{"@type":"EntryPoint","urlTemplate":"https:\/\/www.ubishops.ca\/?s={search_term_string}"},"query-input":{"@type":"PropertyValueSpecification","valueRequired":true,"valueName":"search_term_string"}}],"inLanguage":"fr-FR"}]}},"taxonomy_info":[],"featured_image_src_large":false,"author_info":{"display_name":"Julie Fradette","author_link":"https:\/\/www.ubishops.ca\/fr\/author\/jfradett\/"},"comment_info":0,"publishpress_future_action":{"enabled":false,"date":"2026-04-15 18:30:32","action":"change-status","newStatus":"draft","terms":[],"taxonomy":"translation_priority","extraData":[]},"publishpress_future_workflow_manual_trigger":{"enabledWorkflows":[]},"_links":{"self":[{"href":"https:\/\/www.ubishops.ca\/fr\/wp-json\/wp\/v2\/pages\/116575","targetHints":{"allow":["GET"]}}],"collection":[{"href":"https:\/\/www.ubishops.ca\/fr\/wp-json\/wp\/v2\/pages"}],"about":[{"href":"https:\/\/www.ubishops.ca\/fr\/wp-json\/wp\/v2\/types\/page"}],"author":[{"embeddable":true,"href":"https:\/\/www.ubishops.ca\/fr\/wp-json\/wp\/v2\/users\/49"}],"replies":[{"embeddable":true,"href":"https:\/\/www.ubishops.ca\/fr\/wp-json\/wp\/v2\/comments?post=116575"}],"version-history":[{"count":0,"href":"https:\/\/www.ubishops.ca\/fr\/wp-json\/wp\/v2\/pages\/116575\/revisions"}],"up":[{"embeddable":true,"href":"https:\/\/www.ubishops.ca\/fr\/wp-json\/wp\/v2\/pages\/116183"}],"wp:attachment":[{"href":"https:\/\/www.ubishops.ca\/fr\/wp-json\/wp\/v2\/media?parent=116575"}],"curies":[{"name":"wp","href":"https:\/\/api.w.org\/{rel}","templated":true}]}}