{"id":116565,"date":"2023-02-03T15:17:00","date_gmt":"2023-02-03T20:17:00","guid":{"rendered":"https:\/\/www.ubishops.ca\/bureau-des-relations-avec-les-diplomes-et-de-la-philanthropie\/distinctions-honorifiques-pour-nos-anciennes-et-anciens-eleves\/young-alumnus-na-of-the-year-award\/"},"modified":"2025-05-21T12:20:54","modified_gmt":"2025-05-21T16:20:54","slug":"young-alumnus-na-of-the-year-award","status":"publish","type":"page","link":"https:\/\/www.ubishops.ca\/fr\/bureau-des-relations-avec-les-diplomes-et-de-la-philanthropie\/distinctions-honorifiques-pour-nos-anciennes-et-anciens-eleves\/young-alumnus-na-of-the-year-award\/","title":{"rendered":"Prix Jeune dipl\u00f4m\u00e9.e de l\u2019ann\u00e9e"},"content":{"rendered":"\n<p>Le Prix Jeune dipl\u00f4m\u00e9.e de l\u2019ann\u00e9e a \u00e9t\u00e9 cr\u00e9\u00e9 dans le but d\u2019honorer nos r\u00e9centes dipl\u00f4m\u00e9es et r\u00e9cents dipl\u00f4m\u00e9s des cinq derni\u00e8res ann\u00e9es.<\/p>\n\n\n\n<p>Les laur\u00e9ats, s\u00e9lectionn\u00e9s par leurs pairs, continuent d\u2019incarner l\u2019esprit de Bishop\u2019s dans leurs r\u00e9alisations professionnelles ou par leur service \u00e0 la communaut\u00e9. Emma Story &rsquo;21 est la gagnante du prix en 2025.<\/p>\n\n\n<div class=\"wp-block-image\">\n<figure class=\"aligncenter size-large is-resized\"><img decoding=\"async\" width=\"801\" height=\"1024\" src=\"https:\/\/www.ubishops.ca\/wp-content\/uploads\/Emma-Story-801x1024.jpg\" alt=\"\" class=\"wp-image-124220\" style=\"aspect-ratio:3\/4;object-fit:cover;width:auto;height:400px\" srcset=\"https:\/\/www.ubishops.ca\/wp-content\/uploads\/Emma-Story-801x1024.jpg 801w, https:\/\/www.ubishops.ca\/wp-content\/uploads\/Emma-Story-508x650.jpg 508w, https:\/\/www.ubishops.ca\/wp-content\/uploads\/Emma-Story-117x150.jpg 117w, https:\/\/www.ubishops.ca\/wp-content\/uploads\/Emma-Story-768x982.jpg 768w, https:\/\/www.ubishops.ca\/wp-content\/uploads\/Emma-Story-1201x1536.jpg 1201w, https:\/\/www.ubishops.ca\/wp-content\/uploads\/Emma-Story-1601x2048.jpg 1601w, https:\/\/www.ubishops.ca\/wp-content\/uploads\/Emma-Story-scaled.jpg 2001w\" sizes=\"(max-width: 801px) 100vw, 801px\" \/><\/figure>\n<\/div>\n\n\n<p>Emma a obtenu un baccalaur\u00e9at en sciences de l&rsquo;Universit\u00e9 Bishop&rsquo;s et poursuit actuellement une ma\u00eetrise en gestion du sport \u00e0 l&rsquo;Universit\u00e9 de la Floride.<\/p>\n\n\n\n<p>Depuis 2022, Emma a occup\u00e9 de nombreux postes au Abilities Centre de Whitby, en Ontario, un organisme qui offre des programmes et des services inclusifs et accessibles au sein de la communaut\u00e9, tout en menant des recherches sur les questions d&rsquo;inclusion et en \u00e9laborant des structures pour des programmes \u00e0 mettre en \u0153uvre dans l&rsquo;ensemble du Canada. Aujourd&rsquo;hui, elle est directrice des loisirs et supervise une \u00e9quipe de six th\u00e9rapeutes certifi\u00e9s. Emma g\u00e8re \u00e9galement le programme de loisirs th\u00e9rapeutiques dans les \u00e9coles, une initiative unique qui favorise le d\u00e9veloppement de comp\u00e9tences essentielles pour les enfants et les jeunes vivant avec un handicap. Sous la direction d&rsquo;Emma, ce programme a \u00e9t\u00e9 int\u00e9gr\u00e9 dans 12 \u00e9coles de l&rsquo;Ontario.<\/p>\n\n\n\n<p>En dehors de son travail, Emma est \u00e9galement tr\u00e8s impliqu\u00e9e dans des initiatives communautaires. Elle a travaill\u00e9 avec Farkhunda Muhtaj, joueuse de football de la Northern Super League et activiste sociale, pour lancer Project Purpose, une nouvelle organisation \u00e0 but non lucratif qui utilise le sport pour aider les communaut\u00e9s d\u00e9favoris\u00e9es. Elle est \u00e9galement b\u00e9n\u00e9vole en tant qu&rsquo;entra\u00eeneur de sport mixte pour fournir des recommandations aux organisations sportives sur la r\u00e9duction des obstacles pour les athl\u00e8tes handicap\u00e9s. Elle aide \u00e9galement les comit\u00e9s consultatifs du programme de loisirs th\u00e9rapeutiques des coll\u00e8ges Durham et Lambton. Emma est membre du conseil d&rsquo;administration de Therapeutic Recreation Ontario et membre du conseil consultatif du Canadian Disability Participation Project 2.0.<\/p>\n\n\n\n<p>De toute \u00e9vidence, Emma a apport\u00e9 une contribution significative \u00e0 sa communaut\u00e9, tant par son travail que par son b\u00e9n\u00e9volat. Emma illustre parfaitement plusieurs des valeurs de Bishop&rsquo;s : le leadership, la compassion et l&rsquo;engagement envers la communaut\u00e9. En appliquant les connaissances et les comp\u00e9tences qu&rsquo;elle a acquises pendant son s\u00e9jour \u00e0 l&rsquo;universit\u00e9, elle continue \u00e0 faire une diff\u00e9rence significative dans la vie des autres. Son engagement en faveur de l&rsquo;inclusion, de l&rsquo;accessibilit\u00e9 et de l&rsquo;autonomisation ne fait pas qu&rsquo;\u00e9lever ceux qui l&rsquo;entourent, il refl\u00e8te aussi l&rsquo;esprit de service et d&rsquo;excellence qui d\u00e9finit notre communaut\u00e9 de dipl\u00f4m\u00e9s.<\/p>\n\n\n\n<h2 class=\"wp-block-heading\">Liste des laur\u00e9ates et laur\u00e9ats<\/h2>\n\n\n\n<p>2024\u00a0\u00a0 Pascale Desmarais \u201922<\/p>\n\n\n\n<p>2023&nbsp;&nbsp; TJ Smith &rsquo;19<\/p>\n\n\n\n<p>2022&nbsp;&nbsp; Felicity Burns \u201817<\/p>\n\n\n\n<p>2021&nbsp;&nbsp;  Allie Hurry &rsquo;17<\/p>\n\n\n\n<p>2020&nbsp;&nbsp; Kirsten Dobler \u201817 (*Mme. Dobler a refus\u00e9 le prix)<\/p>\n\n\n\n<p>2019&nbsp;   Jordan MacNevin &nbsp;\u201815<\/p>\n\n\n\n<p>2018&nbsp;   Emma Fingler \u201816<\/p>\n\n\n\n<p>2017&nbsp;   Robert Dunfield \u201815<\/p>\n","protected":false},"excerpt":{"rendered":"<p>Le Prix Jeune dipl\u00f4m\u00e9.e de l\u2019ann\u00e9e a \u00e9t\u00e9 cr\u00e9\u00e9 dans le but d\u2019honorer nos r\u00e9centes dipl\u00f4m\u00e9es et r\u00e9cents dipl\u00f4m\u00e9s des cinq derni\u00e8res ann\u00e9es. Les laur\u00e9ats, s\u00e9lectionn\u00e9s par leurs pairs, continuent d\u2019incarner l\u2019esprit de Bishop\u2019s dans leurs r\u00e9alisations professionnelles ou par leur service \u00e0 la communaut\u00e9. Emma Story &rsquo;21 est la gagnante du prix en 2025&#8230;.<\/p>\n","protected":false},"author":49,"featured_media":0,"parent":116183,"menu_order":33,"comment_status":"closed","ping_status":"closed","template":"","meta":{"_acf_changed":false,"_cbd_carousel_blocks":"[]","_kad_blocks_custom_css":"","_kad_blocks_head_custom_js":"","_kad_blocks_body_custom_js":"","_kad_blocks_footer_custom_js":"","_kad_post_transparent":"","_kad_post_title":"","_kad_post_layout":"","_kad_post_sidebar_id":"","_kad_post_content_style":"","_kad_post_vertical_padding":"","_kad_post_feature":"","_kad_post_feature_position":"","_kad_post_header":false,"_kad_post_footer":false,"_kad_post_classname":"","footnotes":""},"class_list":["post-116565","page","type-page","status-publish","hentry"],"acf":[],"yoast_head":"<!-- This site is optimized with the Yoast SEO plugin v27.2 - https:\/\/yoast.com\/product\/yoast-seo-wordpress\/ -->\n<title>Prix Jeune dipl\u00f4m\u00e9.e de l\u2019ann\u00e9e - Bishop&#039;s University<\/title>\n<meta name=\"robots\" content=\"index, follow, max-snippet:-1, max-image-preview:large, max-video-preview:-1\" \/>\n<link rel=\"canonical\" href=\"https:\/\/www.ubishops.ca\/fr\/bureau-des-relations-avec-les-diplomes-et-de-la-philanthropie\/distinctions-honorifiques-pour-nos-anciennes-et-anciens-eleves\/young-alumnus-na-of-the-year-award\/\" \/>\n<meta property=\"og:locale\" content=\"fr_FR\" \/>\n<meta property=\"og:type\" content=\"article\" \/>\n<meta property=\"og:title\" content=\"Prix Jeune dipl\u00f4m\u00e9.e de l\u2019ann\u00e9e - Bishop&#039;s University\" \/>\n<meta property=\"og:description\" content=\"Le Prix Jeune dipl\u00f4m\u00e9.e de l\u2019ann\u00e9e a \u00e9t\u00e9 cr\u00e9\u00e9 dans le but d\u2019honorer nos r\u00e9centes dipl\u00f4m\u00e9es et r\u00e9cents dipl\u00f4m\u00e9s des cinq derni\u00e8res ann\u00e9es. Les laur\u00e9ats, s\u00e9lectionn\u00e9s par leurs pairs, continuent d\u2019incarner l\u2019esprit de Bishop\u2019s dans leurs r\u00e9alisations professionnelles ou par leur service \u00e0 la communaut\u00e9. Emma Story &rsquo;21 est la gagnante du prix en 2025....\" \/>\n<meta property=\"og:url\" content=\"https:\/\/www.ubishops.ca\/fr\/bureau-des-relations-avec-les-diplomes-et-de-la-philanthropie\/distinctions-honorifiques-pour-nos-anciennes-et-anciens-eleves\/young-alumnus-na-of-the-year-award\/\" \/>\n<meta property=\"og:site_name\" content=\"Bishop&#039;s University\" \/>\n<meta property=\"article:publisher\" content=\"https:\/\/www.facebook.com\/ubishops\" \/>\n<meta property=\"article:modified_time\" content=\"2025-05-21T16:20:54+00:00\" \/>\n<meta property=\"og:image\" content=\"https:\/\/www.ubishops.ca\/wp-content\/uploads\/Emma-Story-scaled.jpg\" \/>\n\t<meta property=\"og:image:width\" content=\"2001\" \/>\n\t<meta property=\"og:image:height\" content=\"2560\" \/>\n\t<meta property=\"og:image:type\" content=\"image\/jpeg\" \/>\n<meta name=\"twitter:card\" content=\"summary_large_image\" \/>\n<meta name=\"twitter:site\" content=\"@ubishops\" \/>\n<meta name=\"twitter:label1\" content=\"Dur\u00e9e de lecture estim\u00e9e\" \/>\n\t<meta name=\"twitter:data1\" content=\"2 minutes\" \/>\n<script type=\"application\/ld+json\" class=\"yoast-schema-graph\">{\"@context\":\"https:\/\/schema.org\",\"@graph\":[{\"@type\":\"WebPage\",\"@id\":\"https:\/\/www.ubishops.ca\/fr\/bureau-des-relations-avec-les-diplomes-et-de-la-philanthropie\/distinctions-honorifiques-pour-nos-anciennes-et-anciens-eleves\/young-alumnus-na-of-the-year-award\/\",\"url\":\"https:\/\/www.ubishops.ca\/fr\/bureau-des-relations-avec-les-diplomes-et-de-la-philanthropie\/distinctions-honorifiques-pour-nos-anciennes-et-anciens-eleves\/young-alumnus-na-of-the-year-award\/\",\"name\":\"Prix Jeune dipl\u00f4m\u00e9.e de l\u2019ann\u00e9e - Bishop&#039;s University\",\"isPartOf\":{\"@id\":\"https:\/\/www.ubishops.ca\/#website\"},\"primaryImageOfPage\":{\"@id\":\"https:\/\/www.ubishops.ca\/fr\/bureau-des-relations-avec-les-diplomes-et-de-la-philanthropie\/distinctions-honorifiques-pour-nos-anciennes-et-anciens-eleves\/young-alumnus-na-of-the-year-award\/#primaryimage\"},\"image\":{\"@id\":\"https:\/\/www.ubishops.ca\/fr\/bureau-des-relations-avec-les-diplomes-et-de-la-philanthropie\/distinctions-honorifiques-pour-nos-anciennes-et-anciens-eleves\/young-alumnus-na-of-the-year-award\/#primaryimage\"},\"thumbnailUrl\":\"https:\/\/www.ubishops.ca\/wp-content\/uploads\/Emma-Story-801x1024.jpg\",\"datePublished\":\"2023-02-03T20:17:00+00:00\",\"dateModified\":\"2025-05-21T16:20:54+00:00\",\"breadcrumb\":{\"@id\":\"https:\/\/www.ubishops.ca\/fr\/bureau-des-relations-avec-les-diplomes-et-de-la-philanthropie\/distinctions-honorifiques-pour-nos-anciennes-et-anciens-eleves\/young-alumnus-na-of-the-year-award\/#breadcrumb\"},\"inLanguage\":\"fr-FR\",\"potentialAction\":[{\"@type\":\"ReadAction\",\"target\":[\"https:\/\/www.ubishops.ca\/fr\/bureau-des-relations-avec-les-diplomes-et-de-la-philanthropie\/distinctions-honorifiques-pour-nos-anciennes-et-anciens-eleves\/young-alumnus-na-of-the-year-award\/\"]}]},{\"@type\":\"ImageObject\",\"inLanguage\":\"fr-FR\",\"@id\":\"https:\/\/www.ubishops.ca\/fr\/bureau-des-relations-avec-les-diplomes-et-de-la-philanthropie\/distinctions-honorifiques-pour-nos-anciennes-et-anciens-eleves\/young-alumnus-na-of-the-year-award\/#primaryimage\",\"url\":\"https:\/\/www.ubishops.ca\/wp-content\/uploads\/Emma-Story-801x1024.jpg\",\"contentUrl\":\"https:\/\/www.ubishops.ca\/wp-content\/uploads\/Emma-Story-801x1024.jpg\"},{\"@type\":\"BreadcrumbList\",\"@id\":\"https:\/\/www.ubishops.ca\/fr\/bureau-des-relations-avec-les-diplomes-et-de-la-philanthropie\/distinctions-honorifiques-pour-nos-anciennes-et-anciens-eleves\/young-alumnus-na-of-the-year-award\/#breadcrumb\",\"itemListElement\":[{\"@type\":\"ListItem\",\"position\":1,\"name\":\"Accueil\",\"item\":\"https:\/\/www.ubishops.ca\/fr\/\"},{\"@type\":\"ListItem\",\"position\":2,\"name\":\"Bureau des relations avec les dipl\u00f4m\u00e9s et de la philanthropie\",\"item\":\"https:\/\/www.ubishops.ca\/fr\/bureau-des-relations-avec-les-diplomes-et-de-la-philanthropie\/\"},{\"@type\":\"ListItem\",\"position\":3,\"name\":\"Distinctions honorifiques pour nos anciennes et anciens \u00e9l\u00e8ves\",\"item\":\"https:\/\/www.ubishops.ca\/fr\/bureau-des-relations-avec-les-diplomes-et-de-la-philanthropie\/distinctions-honorifiques-pour-nos-anciennes-et-anciens-eleves\/\"},{\"@type\":\"ListItem\",\"position\":4,\"name\":\"Prix Jeune dipl\u00f4m\u00e9.e de l\u2019ann\u00e9e\"}]},{\"@type\":\"WebSite\",\"@id\":\"https:\/\/www.ubishops.ca\/#website\",\"url\":\"https:\/\/www.ubishops.ca\/\",\"name\":\"Bishop&#039;s University\",\"description\":\"\",\"potentialAction\":[{\"@type\":\"SearchAction\",\"target\":{\"@type\":\"EntryPoint\",\"urlTemplate\":\"https:\/\/www.ubishops.ca\/?s={search_term_string}\"},\"query-input\":{\"@type\":\"PropertyValueSpecification\",\"valueRequired\":true,\"valueName\":\"search_term_string\"}}],\"inLanguage\":\"fr-FR\"}]}<\/script>\n<!-- \/ Yoast SEO plugin. -->","yoast_head_json":{"title":"Prix Jeune dipl\u00f4m\u00e9.e de l\u2019ann\u00e9e - Bishop&#039;s University","robots":{"index":"index","follow":"follow","max-snippet":"max-snippet:-1","max-image-preview":"max-image-preview:large","max-video-preview":"max-video-preview:-1"},"canonical":"https:\/\/www.ubishops.ca\/fr\/bureau-des-relations-avec-les-diplomes-et-de-la-philanthropie\/distinctions-honorifiques-pour-nos-anciennes-et-anciens-eleves\/young-alumnus-na-of-the-year-award\/","og_locale":"fr_FR","og_type":"article","og_title":"Prix Jeune dipl\u00f4m\u00e9.e de l\u2019ann\u00e9e - Bishop&#039;s University","og_description":"Le Prix Jeune dipl\u00f4m\u00e9.e de l\u2019ann\u00e9e a \u00e9t\u00e9 cr\u00e9\u00e9 dans le but d\u2019honorer nos r\u00e9centes dipl\u00f4m\u00e9es et r\u00e9cents dipl\u00f4m\u00e9s des cinq derni\u00e8res ann\u00e9es. Les laur\u00e9ats, s\u00e9lectionn\u00e9s par leurs pairs, continuent d\u2019incarner l\u2019esprit de Bishop\u2019s dans leurs r\u00e9alisations professionnelles ou par leur service \u00e0 la communaut\u00e9. Emma Story &rsquo;21 est la gagnante du prix en 2025....","og_url":"https:\/\/www.ubishops.ca\/fr\/bureau-des-relations-avec-les-diplomes-et-de-la-philanthropie\/distinctions-honorifiques-pour-nos-anciennes-et-anciens-eleves\/young-alumnus-na-of-the-year-award\/","og_site_name":"Bishop&#039;s University","article_publisher":"https:\/\/www.facebook.com\/ubishops","article_modified_time":"2025-05-21T16:20:54+00:00","og_image":[{"width":2001,"height":2560,"url":"https:\/\/www.ubishops.ca\/wp-content\/uploads\/Emma-Story-scaled.jpg","type":"image\/jpeg"}],"twitter_card":"summary_large_image","twitter_site":"@ubishops","twitter_misc":{"Dur\u00e9e de lecture estim\u00e9e":"2 minutes"},"schema":{"@context":"https:\/\/schema.org","@graph":[{"@type":"WebPage","@id":"https:\/\/www.ubishops.ca\/fr\/bureau-des-relations-avec-les-diplomes-et-de-la-philanthropie\/distinctions-honorifiques-pour-nos-anciennes-et-anciens-eleves\/young-alumnus-na-of-the-year-award\/","url":"https:\/\/www.ubishops.ca\/fr\/bureau-des-relations-avec-les-diplomes-et-de-la-philanthropie\/distinctions-honorifiques-pour-nos-anciennes-et-anciens-eleves\/young-alumnus-na-of-the-year-award\/","name":"Prix Jeune dipl\u00f4m\u00e9.e de l\u2019ann\u00e9e - Bishop&#039;s University","isPartOf":{"@id":"https:\/\/www.ubishops.ca\/#website"},"primaryImageOfPage":{"@id":"https:\/\/www.ubishops.ca\/fr\/bureau-des-relations-avec-les-diplomes-et-de-la-philanthropie\/distinctions-honorifiques-pour-nos-anciennes-et-anciens-eleves\/young-alumnus-na-of-the-year-award\/#primaryimage"},"image":{"@id":"https:\/\/www.ubishops.ca\/fr\/bureau-des-relations-avec-les-diplomes-et-de-la-philanthropie\/distinctions-honorifiques-pour-nos-anciennes-et-anciens-eleves\/young-alumnus-na-of-the-year-award\/#primaryimage"},"thumbnailUrl":"https:\/\/www.ubishops.ca\/wp-content\/uploads\/Emma-Story-801x1024.jpg","datePublished":"2023-02-03T20:17:00+00:00","dateModified":"2025-05-21T16:20:54+00:00","breadcrumb":{"@id":"https:\/\/www.ubishops.ca\/fr\/bureau-des-relations-avec-les-diplomes-et-de-la-philanthropie\/distinctions-honorifiques-pour-nos-anciennes-et-anciens-eleves\/young-alumnus-na-of-the-year-award\/#breadcrumb"},"inLanguage":"fr-FR","potentialAction":[{"@type":"ReadAction","target":["https:\/\/www.ubishops.ca\/fr\/bureau-des-relations-avec-les-diplomes-et-de-la-philanthropie\/distinctions-honorifiques-pour-nos-anciennes-et-anciens-eleves\/young-alumnus-na-of-the-year-award\/"]}]},{"@type":"ImageObject","inLanguage":"fr-FR","@id":"https:\/\/www.ubishops.ca\/fr\/bureau-des-relations-avec-les-diplomes-et-de-la-philanthropie\/distinctions-honorifiques-pour-nos-anciennes-et-anciens-eleves\/young-alumnus-na-of-the-year-award\/#primaryimage","url":"https:\/\/www.ubishops.ca\/wp-content\/uploads\/Emma-Story-801x1024.jpg","contentUrl":"https:\/\/www.ubishops.ca\/wp-content\/uploads\/Emma-Story-801x1024.jpg"},{"@type":"BreadcrumbList","@id":"https:\/\/www.ubishops.ca\/fr\/bureau-des-relations-avec-les-diplomes-et-de-la-philanthropie\/distinctions-honorifiques-pour-nos-anciennes-et-anciens-eleves\/young-alumnus-na-of-the-year-award\/#breadcrumb","itemListElement":[{"@type":"ListItem","position":1,"name":"Accueil","item":"https:\/\/www.ubishops.ca\/fr\/"},{"@type":"ListItem","position":2,"name":"Bureau des relations avec les dipl\u00f4m\u00e9s et de la philanthropie","item":"https:\/\/www.ubishops.ca\/fr\/bureau-des-relations-avec-les-diplomes-et-de-la-philanthropie\/"},{"@type":"ListItem","position":3,"name":"Distinctions honorifiques pour nos anciennes et anciens \u00e9l\u00e8ves","item":"https:\/\/www.ubishops.ca\/fr\/bureau-des-relations-avec-les-diplomes-et-de-la-philanthropie\/distinctions-honorifiques-pour-nos-anciennes-et-anciens-eleves\/"},{"@type":"ListItem","position":4,"name":"Prix Jeune dipl\u00f4m\u00e9.e de l\u2019ann\u00e9e"}]},{"@type":"WebSite","@id":"https:\/\/www.ubishops.ca\/#website","url":"https:\/\/www.ubishops.ca\/","name":"Bishop&#039;s University","description":"","potentialAction":[{"@type":"SearchAction","target":{"@type":"EntryPoint","urlTemplate":"https:\/\/www.ubishops.ca\/?s={search_term_string}"},"query-input":{"@type":"PropertyValueSpecification","valueRequired":true,"valueName":"search_term_string"}}],"inLanguage":"fr-FR"}]}},"taxonomy_info":[],"featured_image_src_large":false,"author_info":{"display_name":"Julie Fradette","author_link":"https:\/\/www.ubishops.ca\/fr\/author\/jfradett\/"},"comment_info":0,"publishpress_future_action":{"enabled":false,"date":"2026-04-15 18:30:33","action":"change-status","newStatus":"draft","terms":[],"taxonomy":"translation_priority","extraData":[]},"publishpress_future_workflow_manual_trigger":{"enabledWorkflows":[]},"_links":{"self":[{"href":"https:\/\/www.ubishops.ca\/fr\/wp-json\/wp\/v2\/pages\/116565","targetHints":{"allow":["GET"]}}],"collection":[{"href":"https:\/\/www.ubishops.ca\/fr\/wp-json\/wp\/v2\/pages"}],"about":[{"href":"https:\/\/www.ubishops.ca\/fr\/wp-json\/wp\/v2\/types\/page"}],"author":[{"embeddable":true,"href":"https:\/\/www.ubishops.ca\/fr\/wp-json\/wp\/v2\/users\/49"}],"replies":[{"embeddable":true,"href":"https:\/\/www.ubishops.ca\/fr\/wp-json\/wp\/v2\/comments?post=116565"}],"version-history":[{"count":1,"href":"https:\/\/www.ubishops.ca\/fr\/wp-json\/wp\/v2\/pages\/116565\/revisions"}],"predecessor-version":[{"id":124228,"href":"https:\/\/www.ubishops.ca\/fr\/wp-json\/wp\/v2\/pages\/116565\/revisions\/124228"}],"up":[{"embeddable":true,"href":"https:\/\/www.ubishops.ca\/fr\/wp-json\/wp\/v2\/pages\/116183"}],"wp:attachment":[{"href":"https:\/\/www.ubishops.ca\/fr\/wp-json\/wp\/v2\/media?parent=116565"}],"curies":[{"name":"wp","href":"https:\/\/api.w.org\/{rel}","templated":true}]}}