{"id":116484,"date":"2023-06-09T12:50:43","date_gmt":"2023-06-09T16:50:43","guid":{"rendered":"https:\/\/www.ubishops.ca\/bureau-des-relations-avec-les-diplomes-et-de-la-philanthropie\/redonner-a-bishops\/thank-your-donor\/"},"modified":"2024-10-16T15:19:29","modified_gmt":"2024-10-16T19:19:29","slug":"remercie-tes-donateurs","status":"publish","type":"page","link":"https:\/\/www.ubishops.ca\/fr\/bureau-des-relations-avec-les-diplomes-et-de-la-philanthropie\/redonner-a-bishops\/remercie-tes-donateurs\/","title":{"rendered":"Remercie tes donateurs"},"content":{"rendered":"\n<figure class=\"wp-block-image size-large\"><img decoding=\"async\" width=\"1024\" height=\"684\" src=\"https:\/\/www.ubishops.ca\/wp-content\/uploads\/Bishop3787-1024x684.jpg\" alt=\"Students holding signs to form the work &quot;Thank you&quot; with the Giater mascot standing below them.\" class=\"wp-image-113741\" srcset=\"https:\/\/www.ubishops.ca\/wp-content\/uploads\/Bishop3787-1024x684.jpg 1024w, https:\/\/www.ubishops.ca\/wp-content\/uploads\/Bishop3787-300x200.jpg 300w, https:\/\/www.ubishops.ca\/wp-content\/uploads\/Bishop3787-150x100.jpg 150w, https:\/\/www.ubishops.ca\/wp-content\/uploads\/Bishop3787-768x513.jpg 768w, https:\/\/www.ubishops.ca\/wp-content\/uploads\/Bishop3787-1536x1025.jpg 1536w, https:\/\/www.ubishops.ca\/wp-content\/uploads\/Bishop3787-2048x1367.jpg 2048w\" sizes=\"(max-width: 1024px) 100vw, 1024px\" \/><\/figure>\n\n\n\n<p class=\"has-text-align-center\"><strong><strong>F\u00e9licitations pour ta bourse ou ton prix!<\/strong><\/strong><\/p>\n\n\n\n<h2 class=\"wp-block-heading\">Pourquoi remercier nos donateurs?<\/h2>\n\n\n\n<p>Nos dipl\u00f4m\u00e9s et amis de Bishop\u2019s donnent g\u00e9n\u00e9reusement chaque ann\u00e9e et ne demandent rien en retour, mais une d\u00e9monstration de gratitude renforce n\u00e9anmoins l\u2019id\u00e9e qu\u2019ils font une diff\u00e9rence positive dans la vie d\u2019une personne. En les remerciant, tu peux reconna\u00eetre leur contribution \u00e0 ton \u00e9ducation, partager quelques informations sur toi et communiquer l\u2019impact de leur philanthropie.<\/p>\n\n\n\n<h3 class=\"wp-block-heading\">Choisis comment les remercier!<\/h3>\n\n\n\n<div style=\"height:20px\" aria-hidden=\"true\" class=\"wp-block-spacer\"><\/div>\n\n\n\n<div class=\"wp-block-columns is-layout-flex wp-container-core-columns-is-layout-9d6595d7 wp-block-columns-is-layout-flex\">\n<div class=\"wp-block-column is-layout-flow wp-block-column-is-layout-flow\">\n<figure class=\"wp-block-image size-large\"><img decoding=\"async\" width=\"1024\" height=\"1024\" src=\"https:\/\/www.ubishops.ca\/wp-content\/uploads\/1-1-1024x1024.jpg\" alt=\"Photo of Griffin House at Bishop's University \" class=\"wp-image-105600\" srcset=\"https:\/\/www.ubishops.ca\/wp-content\/uploads\/1-1-1024x1024.jpg 1024w, https:\/\/www.ubishops.ca\/wp-content\/uploads\/1-1-300x300.jpg 300w, https:\/\/www.ubishops.ca\/wp-content\/uploads\/1-1-150x150.jpg 150w, https:\/\/www.ubishops.ca\/wp-content\/uploads\/1-1-768x768.jpg 768w, https:\/\/www.ubishops.ca\/wp-content\/uploads\/1-1-45x45.jpg 45w, https:\/\/www.ubishops.ca\/wp-content\/uploads\/1-1.jpg 1080w\" sizes=\"(max-width: 1024px) 100vw, 1024px\" \/><\/figure>\n<\/div>\n\n\n\n<div class=\"wp-block-column is-layout-flow wp-block-column-is-layout-flow\">\n<figure class=\"wp-block-image size-large\"><img decoding=\"async\" width=\"1024\" height=\"1024\" src=\"https:\/\/www.ubishops.ca\/wp-content\/uploads\/2-1-1024x1024.jpg\" alt=\"Young woman smiling and typing on her computer\" class=\"wp-image-105602\" srcset=\"https:\/\/www.ubishops.ca\/wp-content\/uploads\/2-1-1024x1024.jpg 1024w, https:\/\/www.ubishops.ca\/wp-content\/uploads\/2-1-300x300.jpg 300w, https:\/\/www.ubishops.ca\/wp-content\/uploads\/2-1-150x150.jpg 150w, https:\/\/www.ubishops.ca\/wp-content\/uploads\/2-1-768x768.jpg 768w, https:\/\/www.ubishops.ca\/wp-content\/uploads\/2-1-45x45.jpg 45w, https:\/\/www.ubishops.ca\/wp-content\/uploads\/2-1.jpg 1080w\" sizes=\"(max-width: 1024px) 100vw, 1024px\" \/><\/figure>\n<\/div>\n\n\n\n<div class=\"wp-block-column is-layout-flow wp-block-column-is-layout-flow\">\n<figure class=\"wp-block-image size-large\"><img decoding=\"async\" width=\"1024\" height=\"1024\" src=\"https:\/\/www.ubishops.ca\/wp-content\/uploads\/3-1-1024x1024.jpg\" alt=\"Young man filming himself with cellphone\" class=\"wp-image-105604\" srcset=\"https:\/\/www.ubishops.ca\/wp-content\/uploads\/3-1-1024x1024.jpg 1024w, https:\/\/www.ubishops.ca\/wp-content\/uploads\/3-1-300x300.jpg 300w, https:\/\/www.ubishops.ca\/wp-content\/uploads\/3-1-150x150.jpg 150w, https:\/\/www.ubishops.ca\/wp-content\/uploads\/3-1-768x768.jpg 768w, https:\/\/www.ubishops.ca\/wp-content\/uploads\/3-1-45x45.jpg 45w, https:\/\/www.ubishops.ca\/wp-content\/uploads\/3-1.jpg 1080w\" sizes=\"(max-width: 1024px) 100vw, 1024px\" \/><\/figure>\n<\/div>\n<\/div>\n\n\n\n<div class=\"wp-block-columns is-layout-flex wp-container-core-columns-is-layout-9d6595d7 wp-block-columns-is-layout-flex\">\n<div class=\"wp-block-column is-layout-flow wp-block-column-is-layout-flow\">\n<p class=\"has-text-align-center\"><strong><strong>Viens nous voir \u00e0 la Griffin House<\/strong><\/strong><br><br>Fais la connaissance de l\u2019\u00e9quipe, et r\u00e9chauffe-toi avec un chocolat chaud en r\u00e9digeant ta note \u00e0 la main.<\/p>\n<\/div>\n\n\n\n<div class=\"wp-block-column is-layout-flow wp-block-column-is-layout-flow\">\n<p class=\"has-text-align-center\"><strong><strong>Soumets une lettre en ligne<\/strong><\/strong><br><br>R\u00e9dige ta lettre \u00e0 l\u2019ordinateur et soumets-la facilement par internet.<br><\/p>\n<\/div>\n\n\n\n<div class=\"wp-block-column is-layout-flow wp-block-column-is-layout-flow\">\n<p class=\"has-text-align-center\"><strong><strong>Enregistre une vid\u00e9o ThankView<\/strong><\/strong><br><br>Pas envie d\u2019\u00e9crire? Tu peux aussi dire merci dans une vid\u00e9o.<\/p>\n<\/div>\n<\/div>\n\n\n\n<div style=\"height:30px\" aria-hidden=\"true\" class=\"wp-block-spacer\"><\/div>\n\n\n\n\n<section id=\"content-accordion-block_a02c5962bcd8ad9d81749b395102ae71\" class=\"content-accordion color-white\">\n    <div class=\"wide-size block-center\">\n\n        <div class=\"block-columns\">\n\n            \n\n                            <div class=\"block-column section-accordion-content\">\n                    <h2>Comment \u00e9crire une excellente lettre de remerciement<\/h2><div class=\"accordion-text\"><p>Consultez ces trucs et astuces pour vous assurer que votre lettre cochera toutes les cases!<\/p>\n<\/div>                <\/div>\n            \n            <div class=\"block-column accordion-items \">\n                <div class=\"js-accordion\" id=\"content-accordion-content-accordion-block_a02c5962bcd8ad9d81749b395102ae71\" data-accordion-prefix-classes=\"animated-accordion\">\n                                                    <div class=\"js-accordion__panel\">\n                                <div class=\"js-accordion__header\"><span class=\"ca-title\">Quoi faire ou ne pas faire <\/span> <span class=\"plusminus\"><\/span><\/div>\n                                <div class=\"accordion-item wp-block-table\">\n                                    <ul>\n<li>Dis MERCI<\/li>\n<li>Assure-toi que ta lettre ne contient pas d\u2019erreurs<\/li>\n<li>Utilise des salutations formelles (M., Mme, etc.)<\/li>\n<li>Ne mentionne pas le montant que tu as re\u00e7u<\/li>\n<li>N\u2019utilise pas le mot \u00ab\u202fdipl\u00f4m\u00e9\u202f\u00bb pour d\u00e9signer tes donateurs; plusieurs le sont, mais nos donateurs peuvent aussi \u00eatre des amis, des parents, des professeurs, etc.<\/li>\n<li>Assure-toi de signer ta lettre et d\u2019\u00e9crire ton nom en lettres moul\u00e9es en dessous<\/li>\n<li>N\u2019aie pas peur d\u2019\u00eatre toi-m\u00eame et sinc\u00e8re<\/li>\n<li>Ajoute une photo de toi (si tu veux!)<\/li>\n<li>Dis MERCI de nouveau<\/li>\n<\/ul>\n<p><b><span data-contrast=\"auto\">***Les lettres de remerciement cr\u00e9\u00e9es avec l\u2019IA ne seront pas accept\u00e9es en raison de leur caract\u00e8re impersonnel.***<\/span><\/b><span data-ccp-props=\"{&quot;134233117&quot;:false,&quot;134233118&quot;:false,&quot;335559738&quot;:240,&quot;335559739&quot;:240}\">\u00a0<\/span><\/p>\n<p><strong><span class=\"ui-provider a b c d e f g h i j k l m n o p q r s t u v w x y z ab ac ae af ag ah ai aj ak\" dir=\"ltr\">\u00a0<\/span><\/strong><\/p>\n                                    \n                                <\/div>\n                            <\/div>\n                        \n                        \n                                                    <div class=\"js-accordion__panel\">\n                                <div class=\"js-accordion__header\"><span class=\"ca-title\">Anatomie d\u2019une lettre de remerciement<\/span> <span class=\"plusminus\"><\/span><\/div>\n                                <div class=\"accordion-item wp-block-table\">\n                                    <p><b><span data-contrast=\"auto\">Pr\u00e9sente-toi<\/span><\/b><span data-contrast=\"auto\">\u202f: Dis \u00e0 ton donateur qui tu es, et que tu as obtenu une bourse. Mentionne ton programme et ton ann\u00e9e. Assure-toi de communiquer ta reconnaissance au donateur pour cette chance qui t\u2019est offerte.\u00a0<\/span><span data-ccp-props=\"{&quot;134233117&quot;:false,&quot;134233118&quot;:false,&quot;335559738&quot;:0,&quot;335559739&quot;:240}\">\u00a0<\/span><\/p>\n<p><b><span data-contrast=\"auto\">Partage des informations sur toi\u202f:<\/span><\/b><span data-contrast=\"auto\"> Pr\u00e9sente un peu ton parcours qui t\u2019a permis d\u2019obtenir cette bourse et quelques autres d\u00e9tails sur toi. Tu peux parler des prix que tu as re\u00e7us ou de tes objectifs de carri\u00e8re. Nomme des cours que tu suis, et partage tes impressions sur tes progr\u00e8s. Mentionne tes activit\u00e9s extrascolaires, comme une \u00e9quipe sportive ou un club dont tu fais partie.\u00a0<\/span><span data-ccp-props=\"{&quot;134233117&quot;:false,&quot;134233118&quot;:false,&quot;335559738&quot;:240,&quot;335559739&quot;:240}\">\u00a0<\/span><\/p>\n<p><b><span data-contrast=\"auto\">Parle de tes \u00e9tudes\u202f:<\/span><\/b><span data-contrast=\"auto\"> Ton donateur a investi dans ton \u00e9ducation. Parle de tes exp\u00e9riences positives \u00e0 Bishop\u2019s. Pourquoi as-tu choisi de venir ici? Mentionne les occasions d\u2019apprentissage sp\u00e9ciales dont tu as profit\u00e9.\u00a0<\/span><span data-ccp-props=\"{&quot;134233117&quot;:false,&quot;134233118&quot;:false,&quot;335559738&quot;:240,&quot;335559739&quot;:240}\">\u00a0<\/span><\/p>\n<p><b><span data-contrast=\"auto\">Ajoute une touche personnelle\u202f:<\/span><\/b><span data-contrast=\"auto\"> Joins une photo de toi au bas de ta lettre pour rappeler \u00e0 ton donateur que sa contribution a un impact sur des \u00e9tudiants bien r\u00e9els. Tu peux aussi adapter ta lettre au prix que tu as re\u00e7u en d\u00e9couvrant pourquoi il a \u00e9t\u00e9 subventionn\u00e9 dans le <\/span><a href=\"https:\/\/www.ubishops.ca\/academic-programs\/academic-calendar\/\"><span data-contrast=\"none\">calendrier universitaire.<\/span><\/a><\/p>\n                                    \n                                <\/div>\n                            <\/div>\n                        \n                        <\/div>            <\/div>\n        <\/div>\n    <\/div>\n<\/section>\n\n\n<div style=\"height:40px\" aria-hidden=\"true\" class=\"wp-block-spacer\"><\/div>\n\n\n\n<h3 class=\"wp-block-heading\">Exemples de lettre<\/h3>\n\n\n\n<p><a href=\"https:\/\/www.ubishops.ca\/wp-content\/uploads\/Example-Letters-for-SAB.pdf\" target=\"_blank\" rel=\"noreferrer noopener\"><a href=\"https:\/\/www.ubishops.ca\/wp-content\/uploads\/Example-Letters-for-SAB.pdf\" target=\"_blank\" rel=\"noreferrer noopener\">Consulte un exemple ici<\/a><\/a> (anglais). Ces lettres ne repr\u00e9sentent pas de vrais \u00e9tudiants, et tu ne peux pas les copier mot pour mot. Mais n\u2019h\u00e9site pas \u00e0 t\u2019en inspirer.<\/p>\n\n\n\n<div class=\"wp-block-buttons is-content-justification-left is-layout-flex wp-container-core-buttons-is-layout-fdcfc74e wp-block-buttons-is-layout-flex\">\n<div class=\"wp-block-button\"><a class=\"wp-block-button__link has-lighter-gray-color has-purple-background-color has-text-color has-background wp-element-button\" href=\"https:\/\/forms.office.com\/Pages\/ResponsePage.aspx?id=FZxAYDfdQEaXW56qcHQ3t2ah13HYETBKrrBI0CTd-S9URVg4V0NHUVNKVVBCQkhMNTU0UVgyT1UwVy4u\" target=\"_blank\" rel=\"noreferrer noopener\">Soumets ta lettre<\/a><\/div>\n\n\n\n<div class=\"wp-block-button\"><a class=\"wp-block-button__link has-lighter-gray-color has-purple-background-color has-text-color has-background wp-element-button\" href=\"https:\/\/ubishops.thankview.com\/video\/request\/6480a0414944d\" target=\"_blank\" rel=\"noreferrer noopener\">Soumets ta vid\u00e9o ThankView<\/a><\/div>\n<\/div>\n\n\n\n<p>La Griffin House se situe au 3 Harrold Drive sur le campus. Tu peux passer entre 13\u202fh\u202f30 et 15\u202fh30 du lundi au mercredi pour \u00e9crire ou remettre ta lettre en personne.<\/p>\n\n\n\n<p>Si tu as des questions sur ta lettre ou sur sa soumission, \u00e9cris \u00e0 <a href=\"&#x6d;&#x61;&#105;l&#x74;&#x6f;&#x3a;&#103;r&#x69;&#x66;&#x66;&#105;n&#x68;&#x6f;&#x75;&#115;e&#x40;&#x75;&#x62;&#105;s&#x68;&#x6f;&#x70;&#115;&#46;&#x63;&#x61;\" target=\"_blank\" rel=\"noreferrer noopener\">gri&#102;&#102;&#105;&#x6e;&#x68;&#x6f;&#x75;&#x73;&#x65;&#64;ub&#105;&#115;&#104;&#111;&#x70;&#x73;&#x2e;&#x63;&#x61;<\/a> ou appelle-nous au 819\u202f822-9660.<\/p>\n\n\n\n<p>Si tu as des questions plus pr\u00e9cises sur les bourses et autres prix (p.\u202fex., les montants, les conditions ou les dates de d\u00e9p\u00f4t), adresse-toi au bureau des bourses \u00e0 <a href=\"&#109;&#x61;i&#108;&#x74;o&#58;&#x73;t&#117;&#x64;e&#110;&#x74;a&#99;&#x63;o&#117;&#x6e;t&#115;&#x40;u&#98;&#x69;s&#104;&#x6f;p&#115;&#x2e;c&#x61;\" target=\"_blank\" rel=\"noreferrer noopener\">&#x73;&#x74;&#x75;&#100;&#101;nt&#x61;&#x63;&#x63;&#x6f;&#117;&#110;ts&#x40;&#x75;&#x62;&#105;&#115;&#104;op&#x73;&#x2e;&#x63;&#97;<\/a>.<\/p>\n\n\n\n<p>Sache que l\u2019Universit\u00e9 Bishop\u2019s se r\u00e9serve le droit de retenir le deuxi\u00e8me versement tant que tu n\u2019as pas soumis ton message de remerciement \u00e0 ton ou tes donateur(s).\u00a0<\/p>\n","protected":false},"excerpt":{"rendered":"<p>F\u00e9licitations pour ta bourse ou ton prix! Pourquoi remercier nos donateurs? Nos dipl\u00f4m\u00e9s et amis de Bishop\u2019s donnent g\u00e9n\u00e9reusement chaque ann\u00e9e et ne demandent rien en retour, mais une d\u00e9monstration de gratitude renforce n\u00e9anmoins l\u2019id\u00e9e qu\u2019ils font une diff\u00e9rence positive dans la vie d\u2019une personne. En les remerciant, tu peux reconna\u00eetre leur contribution \u00e0 ton&#8230;<\/p>\n","protected":false},"author":56,"featured_media":0,"parent":116238,"menu_order":27,"comment_status":"closed","ping_status":"closed","template":"templates\/page-width-sidebar.php","meta":{"_acf_changed":false,"_cbd_carousel_blocks":"[]","_kad_blocks_custom_css":"","_kad_blocks_head_custom_js":"","_kad_blocks_body_custom_js":"","_kad_blocks_footer_custom_js":"","_kad_post_transparent":"","_kad_post_title":"","_kad_post_layout":"","_kad_post_sidebar_id":"","_kad_post_content_style":"","_kad_post_vertical_padding":"","_kad_post_feature":"","_kad_post_feature_position":"","_kad_post_header":false,"_kad_post_footer":false,"_kad_post_classname":"","footnotes":""},"class_list":["post-116484","page","type-page","status-publish","hentry"],"acf":[],"yoast_head":"<!-- This site is optimized with the Yoast SEO plugin v27.2 - https:\/\/yoast.com\/product\/yoast-seo-wordpress\/ -->\n<title>Remercie tes donateurs - Bishop&#039;s University<\/title>\n<meta name=\"robots\" content=\"index, follow, max-snippet:-1, max-image-preview:large, max-video-preview:-1\" \/>\n<link rel=\"canonical\" href=\"https:\/\/www.ubishops.ca\/fr\/bureau-des-relations-avec-les-diplomes-et-de-la-philanthropie\/redonner-a-bishops\/remercie-tes-donateurs\/\" \/>\n<meta property=\"og:locale\" content=\"fr_FR\" \/>\n<meta property=\"og:type\" content=\"article\" \/>\n<meta property=\"og:title\" content=\"Remercie tes donateurs - Bishop&#039;s University\" \/>\n<meta property=\"og:description\" content=\"F\u00e9licitations pour ta bourse ou ton prix! Pourquoi remercier nos donateurs? Nos dipl\u00f4m\u00e9s et amis de Bishop\u2019s donnent g\u00e9n\u00e9reusement chaque ann\u00e9e et ne demandent rien en retour, mais une d\u00e9monstration de gratitude renforce n\u00e9anmoins l\u2019id\u00e9e qu\u2019ils font une diff\u00e9rence positive dans la vie d\u2019une personne. En les remerciant, tu peux reconna\u00eetre leur contribution \u00e0 ton...\" \/>\n<meta property=\"og:url\" content=\"https:\/\/www.ubishops.ca\/fr\/bureau-des-relations-avec-les-diplomes-et-de-la-philanthropie\/redonner-a-bishops\/remercie-tes-donateurs\/\" \/>\n<meta property=\"og:site_name\" content=\"Bishop&#039;s University\" \/>\n<meta property=\"article:publisher\" content=\"https:\/\/www.facebook.com\/ubishops\" \/>\n<meta property=\"article:modified_time\" content=\"2024-10-16T19:19:29+00:00\" \/>\n<meta property=\"og:image\" content=\"https:\/\/www.ubishops.ca\/wp-content\/uploads\/Bishop3787-1024x684.jpg\" \/>\n<meta name=\"twitter:card\" content=\"summary_large_image\" \/>\n<meta name=\"twitter:site\" content=\"@ubishops\" \/>\n<meta name=\"twitter:label1\" content=\"Dur\u00e9e de lecture estim\u00e9e\" \/>\n\t<meta name=\"twitter:data1\" content=\"2 minutes\" \/>\n<script type=\"application\/ld+json\" class=\"yoast-schema-graph\">{\"@context\":\"https:\/\/schema.org\",\"@graph\":[{\"@type\":\"WebPage\",\"@id\":\"https:\/\/www.ubishops.ca\/fr\/bureau-des-relations-avec-les-diplomes-et-de-la-philanthropie\/redonner-a-bishops\/remercie-tes-donateurs\/\",\"url\":\"https:\/\/www.ubishops.ca\/fr\/bureau-des-relations-avec-les-diplomes-et-de-la-philanthropie\/redonner-a-bishops\/remercie-tes-donateurs\/\",\"name\":\"Remercie tes donateurs - Bishop&#039;s University\",\"isPartOf\":{\"@id\":\"https:\/\/www.ubishops.ca\/#website\"},\"primaryImageOfPage\":{\"@id\":\"https:\/\/www.ubishops.ca\/fr\/bureau-des-relations-avec-les-diplomes-et-de-la-philanthropie\/redonner-a-bishops\/remercie-tes-donateurs\/#primaryimage\"},\"image\":{\"@id\":\"https:\/\/www.ubishops.ca\/fr\/bureau-des-relations-avec-les-diplomes-et-de-la-philanthropie\/redonner-a-bishops\/remercie-tes-donateurs\/#primaryimage\"},\"thumbnailUrl\":\"https:\/\/www.ubishops.ca\/wp-content\/uploads\/Bishop3787-1024x684.jpg\",\"datePublished\":\"2023-06-09T16:50:43+00:00\",\"dateModified\":\"2024-10-16T19:19:29+00:00\",\"breadcrumb\":{\"@id\":\"https:\/\/www.ubishops.ca\/fr\/bureau-des-relations-avec-les-diplomes-et-de-la-philanthropie\/redonner-a-bishops\/remercie-tes-donateurs\/#breadcrumb\"},\"inLanguage\":\"fr-FR\",\"potentialAction\":[{\"@type\":\"ReadAction\",\"target\":[\"https:\/\/www.ubishops.ca\/fr\/bureau-des-relations-avec-les-diplomes-et-de-la-philanthropie\/redonner-a-bishops\/remercie-tes-donateurs\/\"]}]},{\"@type\":\"ImageObject\",\"inLanguage\":\"fr-FR\",\"@id\":\"https:\/\/www.ubishops.ca\/fr\/bureau-des-relations-avec-les-diplomes-et-de-la-philanthropie\/redonner-a-bishops\/remercie-tes-donateurs\/#primaryimage\",\"url\":\"https:\/\/www.ubishops.ca\/wp-content\/uploads\/Bishop3787-1024x684.jpg\",\"contentUrl\":\"https:\/\/www.ubishops.ca\/wp-content\/uploads\/Bishop3787-1024x684.jpg\"},{\"@type\":\"BreadcrumbList\",\"@id\":\"https:\/\/www.ubishops.ca\/fr\/bureau-des-relations-avec-les-diplomes-et-de-la-philanthropie\/redonner-a-bishops\/remercie-tes-donateurs\/#breadcrumb\",\"itemListElement\":[{\"@type\":\"ListItem\",\"position\":1,\"name\":\"Accueil\",\"item\":\"https:\/\/www.ubishops.ca\/fr\/\"},{\"@type\":\"ListItem\",\"position\":2,\"name\":\"Bureau des relations avec les dipl\u00f4m\u00e9s et de la philanthropie\",\"item\":\"https:\/\/www.ubishops.ca\/fr\/bureau-des-relations-avec-les-diplomes-et-de-la-philanthropie\/\"},{\"@type\":\"ListItem\",\"position\":3,\"name\":\"Redonner \u00e0 Bishop\u2019s\",\"item\":\"https:\/\/www.ubishops.ca\/fr\/bureau-des-relations-avec-les-diplomes-et-de-la-philanthropie\/redonner-a-bishops\/\"},{\"@type\":\"ListItem\",\"position\":4,\"name\":\"Remercie tes donateurs\"}]},{\"@type\":\"WebSite\",\"@id\":\"https:\/\/www.ubishops.ca\/#website\",\"url\":\"https:\/\/www.ubishops.ca\/\",\"name\":\"Bishop&#039;s University\",\"description\":\"\",\"potentialAction\":[{\"@type\":\"SearchAction\",\"target\":{\"@type\":\"EntryPoint\",\"urlTemplate\":\"https:\/\/www.ubishops.ca\/?s={search_term_string}\"},\"query-input\":{\"@type\":\"PropertyValueSpecification\",\"valueRequired\":true,\"valueName\":\"search_term_string\"}}],\"inLanguage\":\"fr-FR\"}]}<\/script>\n<!-- \/ Yoast SEO plugin. -->","yoast_head_json":{"title":"Remercie tes donateurs - Bishop&#039;s University","robots":{"index":"index","follow":"follow","max-snippet":"max-snippet:-1","max-image-preview":"max-image-preview:large","max-video-preview":"max-video-preview:-1"},"canonical":"https:\/\/www.ubishops.ca\/fr\/bureau-des-relations-avec-les-diplomes-et-de-la-philanthropie\/redonner-a-bishops\/remercie-tes-donateurs\/","og_locale":"fr_FR","og_type":"article","og_title":"Remercie tes donateurs - Bishop&#039;s University","og_description":"F\u00e9licitations pour ta bourse ou ton prix! Pourquoi remercier nos donateurs? Nos dipl\u00f4m\u00e9s et amis de Bishop\u2019s donnent g\u00e9n\u00e9reusement chaque ann\u00e9e et ne demandent rien en retour, mais une d\u00e9monstration de gratitude renforce n\u00e9anmoins l\u2019id\u00e9e qu\u2019ils font une diff\u00e9rence positive dans la vie d\u2019une personne. En les remerciant, tu peux reconna\u00eetre leur contribution \u00e0 ton...","og_url":"https:\/\/www.ubishops.ca\/fr\/bureau-des-relations-avec-les-diplomes-et-de-la-philanthropie\/redonner-a-bishops\/remercie-tes-donateurs\/","og_site_name":"Bishop&#039;s University","article_publisher":"https:\/\/www.facebook.com\/ubishops","article_modified_time":"2024-10-16T19:19:29+00:00","og_image":[{"url":"https:\/\/www.ubishops.ca\/wp-content\/uploads\/Bishop3787-1024x684.jpg","type":"","width":"","height":""}],"twitter_card":"summary_large_image","twitter_site":"@ubishops","twitter_misc":{"Dur\u00e9e de lecture estim\u00e9e":"2 minutes"},"schema":{"@context":"https:\/\/schema.org","@graph":[{"@type":"WebPage","@id":"https:\/\/www.ubishops.ca\/fr\/bureau-des-relations-avec-les-diplomes-et-de-la-philanthropie\/redonner-a-bishops\/remercie-tes-donateurs\/","url":"https:\/\/www.ubishops.ca\/fr\/bureau-des-relations-avec-les-diplomes-et-de-la-philanthropie\/redonner-a-bishops\/remercie-tes-donateurs\/","name":"Remercie tes donateurs - Bishop&#039;s University","isPartOf":{"@id":"https:\/\/www.ubishops.ca\/#website"},"primaryImageOfPage":{"@id":"https:\/\/www.ubishops.ca\/fr\/bureau-des-relations-avec-les-diplomes-et-de-la-philanthropie\/redonner-a-bishops\/remercie-tes-donateurs\/#primaryimage"},"image":{"@id":"https:\/\/www.ubishops.ca\/fr\/bureau-des-relations-avec-les-diplomes-et-de-la-philanthropie\/redonner-a-bishops\/remercie-tes-donateurs\/#primaryimage"},"thumbnailUrl":"https:\/\/www.ubishops.ca\/wp-content\/uploads\/Bishop3787-1024x684.jpg","datePublished":"2023-06-09T16:50:43+00:00","dateModified":"2024-10-16T19:19:29+00:00","breadcrumb":{"@id":"https:\/\/www.ubishops.ca\/fr\/bureau-des-relations-avec-les-diplomes-et-de-la-philanthropie\/redonner-a-bishops\/remercie-tes-donateurs\/#breadcrumb"},"inLanguage":"fr-FR","potentialAction":[{"@type":"ReadAction","target":["https:\/\/www.ubishops.ca\/fr\/bureau-des-relations-avec-les-diplomes-et-de-la-philanthropie\/redonner-a-bishops\/remercie-tes-donateurs\/"]}]},{"@type":"ImageObject","inLanguage":"fr-FR","@id":"https:\/\/www.ubishops.ca\/fr\/bureau-des-relations-avec-les-diplomes-et-de-la-philanthropie\/redonner-a-bishops\/remercie-tes-donateurs\/#primaryimage","url":"https:\/\/www.ubishops.ca\/wp-content\/uploads\/Bishop3787-1024x684.jpg","contentUrl":"https:\/\/www.ubishops.ca\/wp-content\/uploads\/Bishop3787-1024x684.jpg"},{"@type":"BreadcrumbList","@id":"https:\/\/www.ubishops.ca\/fr\/bureau-des-relations-avec-les-diplomes-et-de-la-philanthropie\/redonner-a-bishops\/remercie-tes-donateurs\/#breadcrumb","itemListElement":[{"@type":"ListItem","position":1,"name":"Accueil","item":"https:\/\/www.ubishops.ca\/fr\/"},{"@type":"ListItem","position":2,"name":"Bureau des relations avec les dipl\u00f4m\u00e9s et de la philanthropie","item":"https:\/\/www.ubishops.ca\/fr\/bureau-des-relations-avec-les-diplomes-et-de-la-philanthropie\/"},{"@type":"ListItem","position":3,"name":"Redonner \u00e0 Bishop\u2019s","item":"https:\/\/www.ubishops.ca\/fr\/bureau-des-relations-avec-les-diplomes-et-de-la-philanthropie\/redonner-a-bishops\/"},{"@type":"ListItem","position":4,"name":"Remercie tes donateurs"}]},{"@type":"WebSite","@id":"https:\/\/www.ubishops.ca\/#website","url":"https:\/\/www.ubishops.ca\/","name":"Bishop&#039;s University","description":"","potentialAction":[{"@type":"SearchAction","target":{"@type":"EntryPoint","urlTemplate":"https:\/\/www.ubishops.ca\/?s={search_term_string}"},"query-input":{"@type":"PropertyValueSpecification","valueRequired":true,"valueName":"search_term_string"}}],"inLanguage":"fr-FR"}]}},"taxonomy_info":[],"featured_image_src_large":false,"author_info":{"display_name":"Gabrielle Stalker","author_link":"https:\/\/www.ubishops.ca\/fr\/author\/gstalker\/"},"comment_info":0,"publishpress_future_action":{"enabled":false,"date":"2026-04-15 18:24:58","action":"change-status","newStatus":"draft","terms":[],"taxonomy":"translation_priority","extraData":[]},"publishpress_future_workflow_manual_trigger":{"enabledWorkflows":[]},"_links":{"self":[{"href":"https:\/\/www.ubishops.ca\/fr\/wp-json\/wp\/v2\/pages\/116484","targetHints":{"allow":["GET"]}}],"collection":[{"href":"https:\/\/www.ubishops.ca\/fr\/wp-json\/wp\/v2\/pages"}],"about":[{"href":"https:\/\/www.ubishops.ca\/fr\/wp-json\/wp\/v2\/types\/page"}],"author":[{"embeddable":true,"href":"https:\/\/www.ubishops.ca\/fr\/wp-json\/wp\/v2\/users\/56"}],"replies":[{"embeddable":true,"href":"https:\/\/www.ubishops.ca\/fr\/wp-json\/wp\/v2\/comments?post=116484"}],"version-history":[{"count":0,"href":"https:\/\/www.ubishops.ca\/fr\/wp-json\/wp\/v2\/pages\/116484\/revisions"}],"up":[{"embeddable":true,"href":"https:\/\/www.ubishops.ca\/fr\/wp-json\/wp\/v2\/pages\/116238"}],"wp:attachment":[{"href":"https:\/\/www.ubishops.ca\/fr\/wp-json\/wp\/v2\/media?parent=116484"}],"curies":[{"name":"wp","href":"https:\/\/api.w.org\/{rel}","templated":true}]}}