{"id":116381,"date":"2024-10-11T13:23:10","date_gmt":"2024-10-11T17:23:10","guid":{"rendered":"https:\/\/www.ubishops.ca\/futurs-etudiants\/campus-tours-events\/virtual-open-house\/"},"modified":"2025-07-22T11:18:53","modified_gmt":"2025-07-22T15:18:53","slug":"virtual-open-house","status":"publish","type":"page","link":"https:\/\/www.ubishops.ca\/fr\/futurs-etudiants\/campus-tours-events\/virtual-open-house\/","title":{"rendered":"Portes ouvertes virtuelle"},"content":{"rendered":"\n<p><strong>La majorit\u00e9 des futurs \u00e9tudiants qui visitent notre campus choisissent notre universit\u00e9.<\/strong><\/p>\n\n\n\n<p>Notre journ\u00e9e portes ouvertes virtuelle aura lieu le <strong>31 janvier 2026<\/strong>. Venez rencontrer notre communaut\u00e9, en apprendre davantage sur nos services et nos programmes, et d\u00e9couvrir ce qui nous rend uniques. Les s\u00e9ances virtuelles se d\u00e9rouleront sur Zoom, et le lien pour y assister sera envoy\u00e9 aux participants inscrits avant l\u2019\u00e9v\u00e9nement.<\/p>\n\n\n\n<div class=\"wp-block-buttons is-layout-flex wp-block-buttons-is-layout-flex\">\n<div class=\"wp-block-button\"><a class=\"wp-block-button__link wp-element-button\" href=\"https:\/\/www.ubishops.ca\/future-students\/campus-tours-events\/virtual-open-house\/register-virtual-open-house\/\">Inscription \u00e0 la journ\u00e9e portes ouvertes virtuelle<\/a><\/div>\n<\/div>\n\n\n\n<h2 class=\"wp-block-heading\">\u00c0 quoi s\u2019attendre lors d\u2019un \u00e9v\u00e9nement portes ouvertes virtuel<\/h2>\n\n\n\n<p>Tout comme avec nos journ\u00e9es portes ouvertes en personne, notre but est de te mettre tout de suite \u00e0 l\u2019aise quant \u00e0 ce \u00e0 quoi ressemblera ton exp\u00e9rience universitaire si tu choisis Bishop\u2019s. Nous ferons de notre mieux pour te montrer tout ce qui rend Bishop\u2019s si unique et pour r\u00e9pondre \u00e0 tes questions.<\/p>\n\n\n\n<p>Voici un aper\u00e7u du programme :<\/p>\n\n\n\n<ul class=\"wp-block-list\">\n<li>Pr\u00e9sentation de bienvenue et message de notre principal<\/li>\n\n\n\n<li>Visite virtuelle du campus<\/li>\n\n\n\n<li>Table ronde sur l\u2019admission et les bourses<\/li>\n\n\n\n<li>S\u00e9ance d\u2019informations sur nos r\u00e9sidences et la vie sur le campus<\/li>\n\n\n\n<li>Table ronde pour \u00e9tudiants internationaux \u2013 r\u00e9ponses aux questions fr\u00e9quentes<\/li>\n\n\n\n<li>Discussion sur nos programmes et nos cours<\/li>\n\n\n\n<li>Rencontre avec des \u00e9tudiants actuels et l\u2019\u00e9quipe du recrutement<\/li>\n<\/ul>\n\n\n\n<h2 class=\"wp-block-heading\">\u00c0 qui s\u2019adressent nos portes ouvertes virtuelles?<\/h2>\n\n\n\n<ul class=\"wp-block-list\">\n<li>S\u2019il t\u2019est impossible de te rendre \u00e0 Sherbrooke, Qu\u00e9bec, inscris-toi.<\/li>\n\n\n\n<li>Si tu habites \u00e0 l\u2019\u00e9tranger et r\u00eaves de venir \u00e9tudier au Canada, inscris-toi.<\/li>\n\n\n\n<li>Si tu habites en France, en Belgique ou en Suisse, vraiment, inscris-toi.<\/li>\n\n\n\n<li>Si tu commences \u00e0 r\u00e9fl\u00e9chir \u00e0 des \u00e9tudes universitaires (Quel programme? Petite ou grande universit\u00e9? Quel pays? Quelle ville? En r\u00e9sidence ou non? Est-ce abordable?), inscris-toi.<\/li>\n\n\n\n<li>Si tu commences ta derni\u00e8re ann\u00e9e de c\u00e9gep (ou de ton programme d\u2019\u00e9tudes secondaires, si tu n\u2019habites pas au Qu\u00e9bec), mais que tu n\u2019as pas encore d\u00e9cid\u00e9 si tu dois poursuivre tes \u00e9tudes par la suite, inscris-toi.<\/li>\n\n\n\n<li>Si tu es francophone et si tu veux savoir si une universit\u00e9 de langue anglaise pourrait te convenir, inscris-toi.<\/li>\n\n\n\n<li>Si tu veux une exp\u00e9rience universitaire qui s\u2019\u00e9tend bien au-del\u00e0 des salles de classe, INSCRIS-TOI!<\/li>\n<\/ul>\n\n\n\n<h2 class=\"wp-block-heading\">Comment se pr\u00e9parer \u00e0 une journ\u00e9e portes ouvertes<\/h2>\n\n\n\n<ol class=\"wp-block-list\">\n<li>Commence par t\u2019inscrire!<\/li>\n\n\n\n<li>V\u00e9rifie tes courriels pour avoir tous les d\u00e9tails.<\/li>\n\n\n\n<li>Ajoute l\u2019invitation \u00e0 ton calendrier, avec le lien pour participer.<\/li>\n\n\n\n<li>Regarde <a href=\"https:\/\/youtube.com\/playlist?list=PLq9Pogo4ZupENd2u0wK9hTW37Zhne_i2Z&amp;si=lvpAkQ-RqhTBD2fq\" target=\"_blank\" rel=\"noreferrer noopener\">quelques-unes de nos vid\u00e9os pr\u00e9f\u00e9r\u00e9es<\/a> pour te mettre dans l\u2019ambiance avant ta visite!<\/li>\n<\/ol>\n\n\n\n<h2 class=\"wp-block-heading\">Des questions?<\/h2>\n\n\n\n<p><a href=\"https:\/\/www.ubishops.ca\/fr\/futurs-etudiants\/campus-tours-events\/chat-with-a-student\/\">Discute avec un(e) \u00e9tudiant(e)<\/a><\/p>\n\n\n\n<p><a href=\"https:\/\/www.ubishops.ca\/future-students\/contact-recruitment\/\">Communique avec notre bureau du recrutement<\/a><\/p>\n\n\n\n<p><a href=\"&#109;&#x61;&#x69;&#108;&#x74;&#x6f;&#58;&#x76;&#x69;&#115;&#x69;&#x74;&#64;&#x75;&#x62;&#105;&#x73;&#x68;&#111;&#x70;&#x73;&#46;&#x63;&#x61;\">Envoie-nous un courriel<\/a><\/p>\n\n\n\n\n<section id=\"video-share-block_a2d8752ef84c7cbfe39fd1c42a0af7f4\" class=\"color-white\">\n\n    <div class=\"video-share\">\n        <div class=\"video-share-container wide-size block-center\">\n\n                            <div class=\"video-container\">\n                                            <iframe loading=\"lazy\" src=\"https:\/\/www.youtube.com\/embed\/FAAPnF6GfRU?rel=0\"  frameborder=\"0\" allow=\"accelerometer; autoplay; clipboard-write; encrypted-media; gyroscope; picture-in-picture\" allowfullscreen><\/iframe>\n                                        <\/div>\n                <\/div>\n                        <div class=\"content\">\n                <div class=\"caption\">\n                                                        <\/div>\n                <div id=\"share-links-container-block_a2d8752ef84c7cbfe39fd1c42a0af7f4\" class=\"share-links-container\">\n                    <button id=\"share-button-block_a2d8752ef84c7cbfe39fd1c42a0af7f4\" class=\"share-button\" aria-expanded=\"false\" aria-controls=\"share-links-block_a2d8752ef84c7cbfe39fd1c42a0af7f4\">\n                        Share with someone                        <svg width=\"18\" height=\"20\" viewBox=\"0 0 18 20\" fill=\"none\" xmlns=\"http:\/\/www.w3.org\/2000\/svg\"><path d=\"M15 14.08C14.24 14.08 13.56 14.38 13.04 14.85L5.91 10.7C5.96 10.47 6 10.24 6 10C6 9.76 5.96 9.53 5.91 9.3L12.96 5.19C13.5 5.69 14.21 6 15 6C16.66 6 18 4.66 18 3C18 1.34 16.66 0 15 0C13.34 0 12 1.34 12 3C12 3.24 12.04 3.47 12.09 3.7L5.04 7.81C4.5 7.31 3.79 7 3 7C1.34 7 0 8.34 0 10C0 11.66 1.34 13 3 13C3.79 13 4.5 12.69 5.04 12.19L12.16 16.35C12.11 16.56 12.08 16.78 12.08 17C12.08 18.61 13.39 19.92 15 19.92C16.61 19.92 17.92 18.61 17.92 17C17.92 15.39 16.61 14.08 15 14.08Z\" fill=\"#582C83\"\/><\/svg>\n                    <\/button>\n                    <div id=\"share-links-block_a2d8752ef84c7cbfe39fd1c42a0af7f4\" class=\"share-links\" style=\"display:none\">\n\n                                                <ul>\n                            <li>\n                                <a target=\"_blank\" rel=\"noopener\" href=\"https:\/\/www.facebook.com\/sharer\/sharer.php?u=https:\/\/www.youtube.com\/watch?v=FAAPnF6GfRU\" class=\"social-icon fb\" role=\"button\">\n                                    <span>Share on Facebook<\/span>\n                                    <svg role=\"img\" xmlns=\"http:\/\/www.w3.org\/2000\/svg\" viewBox=\"0 0 24 24\" width=\"24\" height=\"24\"><title>Facebook social icon<\/title><path d=\"M24 12.073c0-6.627-5.373-12-12-12s-12 5.373-12 12c0 5.99 4.388 10.954 10.125 11.854v-8.385H7.078v-3.47h3.047V9.43c0-3.007 1.792-4.669 4.533-4.669 1.312 0 2.686.235 2.686.235v2.953H15.83c-1.491 0-1.956.925-1.956 1.874v2.25h3.328l-.532 3.47h-2.796v8.385C19.612 23.027 24 18.062 24 12.073z\"\/><\/svg>\n                                <\/a>\n                            <\/li>\n\n                            <li>\n                                <a target=\"_blank\" rel=\"noopener\" href=\"https:\/\/twitter.com\/share?&#038;url=https:\/\/www.youtube.com\/watch?v=FAAPnF6GfRU\" class=\"social-icon tw\" role=\"button\">\n                                    <span>Share on X<\/span>\n                                    <svg role=\"img\" xmlns=\"http:\/\/www.w3.org\/2000\/svg\" viewBox=\"0 0 24 24\" width=\"24\" height=\"24\"><title>X social icon<\/title><path d=\"M13.969 10.157L22.707 0h-2.071l-7.587 8.819L6.989 0H0l9.164 13.336L0 23.987h2.071l8.012-9.313 6.4 9.313h6.989l-9.503-13.831zm-2.836 3.297L2.817 1.559h3.181L20.638 22.5h-3.181l-6.324-9.046z\"\/><\/svg>\n                                <\/a>\n                            <\/li>\n\n                            <li>\n                                <a target=\"_blank\" rel=\"noopener\" href=\"mailto:?body=https:\/\/www.youtube.com\/watch?v=FAAPnF6GfRU\" class=\"social-icon eml\" role=\"button\">\n                                    <span>Share by Email<\/span>\n                                    <svg xmlns=\"http:\/\/www.w3.org\/2000\/svg\" viewBox=\"0 0 350 350\" width=\"24\" height=\"24\"><title>Mail icon<\/title>\n                                        <g role=\"img\" style=\"stroke: none; stroke-width: 3; stroke-dasharray: none; stroke-linecap: butt; stroke-linejoin: miter; stroke-miterlimit: 10; fill: none; fill-rule: nonzero; opacity: 1;\" transform=\"translate(-1.9444444444444287 -1.9444444444444287) scale(3.89 3.89)\" >\n                                            <path d=\"M 80.536 11.785 H 9.464 C 4.246 11.785 0 16.031 0 21.249 v 47.502 c 0 5.219 4.246 9.464 9.464 9.464 h 71.072 c 5.219 0 9.464 -4.245 9.464 -9.464 V 21.249 C 90 16.031 85.755 11.785 80.536 11.785 z M 9.464 17.785 h 71.072 c 1.91 0 3.464 1.554 3.464 3.464 v 4.949 L 46.192 43.662 c -0.758 0.35 -1.628 0.349 -2.386 0 L 6 26.198 v -4.949 C 6 19.339 7.554 17.785 9.464 17.785 z M 80.536 72.215 H 9.464 C 7.554 72.215 6 70.661 6 68.751 V 32.808 l 35.29 16.301 c 1.179 0.545 2.444 0.816 3.71 0.816 s 2.531 -0.272 3.709 -0.816 L 84 32.807 v 35.944 C 84 70.661 82.446 72.215 80.536 72.215 z\" transform=\" matrix(1 0 0 1 0 0) \" stroke-linecap=\"round\" \/>\n                                        <\/g>\n                                    <\/svg>\n                                <\/a>\n                            <\/li>\n                        <\/ul>\n\n                    <\/div>\n                <\/div>\n            <\/div>\n\n            <script>\n            \/* SHARE ICON WITH ACCESIBILITY *\/\n            \/\/ Set button to click.\n            var sharebutton = document.getElementById( 'share-button-block_a2d8752ef84c7cbfe39fd1c42a0af7f4' );\n            var sharelinks = document.getElementById( 'share-links-block_a2d8752ef84c7cbfe39fd1c42a0af7f4');\n            var sharelinks_container = document.getElementById( 'share-links-container-block_a2d8752ef84c7cbfe39fd1c42a0af7f4');\n\n            function close_sharebutton_block_a2d8752ef84c7cbfe39fd1c42a0af7f4() {\n                sharebutton.className = sharebutton.className.replace( ' is-active', '' );\n                sharebutton.setAttribute( 'aria-expanded', 'false' );\n            }\n\n            function close_sharelinks_block_a2d8752ef84c7cbfe39fd1c42a0af7f4() {\n                sharelinks.className = sharelinks.className.replace( ' is-active', '' );\n                sharelinks.setAttribute( 'aria-hidden', 'true' );\n            }\n\n            \/\/ Click the button.\n            sharebutton.onclick = function() {\n                \/\/ Toggle class \"opened\". Set also aria-expanded to true or false.\n                if ( -1 !== sharebutton.className.indexOf( 'is-active' ) ) {\n                    close_sharebutton_block_a2d8752ef84c7cbfe39fd1c42a0af7f4();\n                } else {\n                    sharebutton.className += ' is-active';\n                    sharebutton.setAttribute( 'aria-expanded', 'true' );\n                }\n\n                \/\/ Toggle class \"opened\". Set also aria-expanded to true or false.\n                if ( -1 !== sharelinks.className.indexOf( 'is-active' ) ) {\n                    close_sharelinks_block_a2d8752ef84c7cbfe39fd1c42a0af7f4();\n                } else {\n                    sharelinks.className += ' is-active';\n                    sharelinks.setAttribute( 'aria-hidden', 'false' );\n                }\n            };\n\n\n            window.onclick = function(event) {\n                \/\/ When the user clicks anywhere outside of the modal, close it\n                if (-1 !== sharebutton.className.indexOf( 'is-active' ) && event.target !== sharelinks_container && !sharelinks_container.contains(event.target)) {\n                    close_sharebutton_block_a2d8752ef84c7cbfe39fd1c42a0af7f4();\n                    close_sharelinks_block_a2d8752ef84c7cbfe39fd1c42a0af7f4();\n                }\n            }\n\n            document.addEventListener(\"keydown\", (e) => {\n                if (-1 !== sharebutton.className.indexOf( 'is-active' ) && event.keyCode == 27) {\n                    close_sharebutton_block_a2d8752ef84c7cbfe39fd1c42a0af7f4();\n                    close_sharelinks_block_a2d8752ef84c7cbfe39fd1c42a0af7f4();\n                }\n            });\n\n            <\/script>\n    <\/div>\n\n\n<\/section>","protected":false},"excerpt":{"rendered":"<p>La majorit\u00e9 des futurs \u00e9tudiants qui visitent notre campus choisissent notre universit\u00e9. Notre journ\u00e9e portes ouvertes virtuelle aura lieu le 31 janvier 2026. Venez rencontrer notre communaut\u00e9, en apprendre davantage sur nos services et nos programmes, et d\u00e9couvrir ce qui nous rend uniques. Les s\u00e9ances virtuelles se d\u00e9rouleront sur Zoom, et le lien pour y&#8230;<\/p>\n","protected":false},"author":49,"featured_media":0,"parent":78581,"menu_order":111,"comment_status":"closed","ping_status":"closed","template":"","meta":{"_acf_changed":false,"_cbd_carousel_blocks":"[]","_kad_blocks_custom_css":"","_kad_blocks_head_custom_js":"","_kad_blocks_body_custom_js":"","_kad_blocks_footer_custom_js":"","_kad_post_transparent":"","_kad_post_title":"","_kad_post_layout":"","_kad_post_sidebar_id":"","_kad_post_content_style":"","_kad_post_vertical_padding":"","_kad_post_feature":"","_kad_post_feature_position":"","_kad_post_header":false,"_kad_post_footer":false,"_kad_post_classname":"","footnotes":""},"class_list":["post-116381","page","type-page","status-publish","hentry"],"acf":[],"yoast_head":"<!-- This site is optimized with the Yoast SEO plugin v27.2 - https:\/\/yoast.com\/product\/yoast-seo-wordpress\/ -->\n<title>Portes ouvertes virtuelle - Bishop&#039;s University<\/title>\n<meta name=\"robots\" content=\"index, follow, max-snippet:-1, max-image-preview:large, max-video-preview:-1\" \/>\n<link rel=\"canonical\" href=\"https:\/\/www.ubishops.ca\/fr\/futurs-etudiants\/campus-tours-events\/virtual-open-house\/\" \/>\n<meta property=\"og:locale\" content=\"fr_FR\" \/>\n<meta property=\"og:type\" content=\"article\" \/>\n<meta property=\"og:title\" content=\"Portes ouvertes virtuelle - Bishop&#039;s University\" \/>\n<meta property=\"og:description\" content=\"La majorit\u00e9 des futurs \u00e9tudiants qui visitent notre campus choisissent notre universit\u00e9. Notre journ\u00e9e portes ouvertes virtuelle aura lieu le 31 janvier 2026. Venez rencontrer notre communaut\u00e9, en apprendre davantage sur nos services et nos programmes, et d\u00e9couvrir ce qui nous rend uniques. Les s\u00e9ances virtuelles se d\u00e9rouleront sur Zoom, et le lien pour y...\" \/>\n<meta property=\"og:url\" content=\"https:\/\/www.ubishops.ca\/fr\/futurs-etudiants\/campus-tours-events\/virtual-open-house\/\" \/>\n<meta property=\"og:site_name\" content=\"Bishop&#039;s University\" \/>\n<meta property=\"article:publisher\" content=\"https:\/\/www.facebook.com\/ubishops\" \/>\n<meta property=\"article:modified_time\" content=\"2025-07-22T15:18:53+00:00\" \/>\n<meta name=\"twitter:card\" content=\"summary_large_image\" \/>\n<meta name=\"twitter:site\" content=\"@ubishops\" \/>\n<meta name=\"twitter:label1\" content=\"Dur\u00e9e de lecture estim\u00e9e\" \/>\n\t<meta name=\"twitter:data1\" content=\"2 minutes\" \/>\n<script type=\"application\/ld+json\" class=\"yoast-schema-graph\">{\"@context\":\"https:\/\/schema.org\",\"@graph\":[{\"@type\":\"WebPage\",\"@id\":\"https:\/\/www.ubishops.ca\/fr\/futurs-etudiants\/campus-tours-events\/virtual-open-house\/\",\"url\":\"https:\/\/www.ubishops.ca\/fr\/futurs-etudiants\/campus-tours-events\/virtual-open-house\/\",\"name\":\"Portes ouvertes virtuelle - Bishop&#039;s University\",\"isPartOf\":{\"@id\":\"https:\/\/www.ubishops.ca\/#website\"},\"datePublished\":\"2024-10-11T17:23:10+00:00\",\"dateModified\":\"2025-07-22T15:18:53+00:00\",\"breadcrumb\":{\"@id\":\"https:\/\/www.ubishops.ca\/fr\/futurs-etudiants\/campus-tours-events\/virtual-open-house\/#breadcrumb\"},\"inLanguage\":\"fr-FR\",\"potentialAction\":[{\"@type\":\"ReadAction\",\"target\":[\"https:\/\/www.ubishops.ca\/fr\/futurs-etudiants\/campus-tours-events\/virtual-open-house\/\"]}]},{\"@type\":\"BreadcrumbList\",\"@id\":\"https:\/\/www.ubishops.ca\/fr\/futurs-etudiants\/campus-tours-events\/virtual-open-house\/#breadcrumb\",\"itemListElement\":[{\"@type\":\"ListItem\",\"position\":1,\"name\":\"Accueil\",\"item\":\"https:\/\/www.ubishops.ca\/fr\/\"},{\"@type\":\"ListItem\",\"position\":2,\"name\":\"Futurs \u00e9tudiants\",\"item\":\"https:\/\/www.ubishops.ca\/fr\/futurs-etudiants\/\"},{\"@type\":\"ListItem\",\"position\":3,\"name\":\"Visites du campus et \u00e9v\u00e9nements\",\"item\":\"https:\/\/www.ubishops.ca\/fr\/futurs-etudiants\/campus-tours-events\/\"},{\"@type\":\"ListItem\",\"position\":4,\"name\":\"Portes ouvertes virtuelle\"}]},{\"@type\":\"WebSite\",\"@id\":\"https:\/\/www.ubishops.ca\/#website\",\"url\":\"https:\/\/www.ubishops.ca\/\",\"name\":\"Bishop&#039;s University\",\"description\":\"\",\"potentialAction\":[{\"@type\":\"SearchAction\",\"target\":{\"@type\":\"EntryPoint\",\"urlTemplate\":\"https:\/\/www.ubishops.ca\/?s={search_term_string}\"},\"query-input\":{\"@type\":\"PropertyValueSpecification\",\"valueRequired\":true,\"valueName\":\"search_term_string\"}}],\"inLanguage\":\"fr-FR\"}]}<\/script>\n<!-- \/ Yoast SEO plugin. -->","yoast_head_json":{"title":"Portes ouvertes virtuelle - Bishop&#039;s University","robots":{"index":"index","follow":"follow","max-snippet":"max-snippet:-1","max-image-preview":"max-image-preview:large","max-video-preview":"max-video-preview:-1"},"canonical":"https:\/\/www.ubishops.ca\/fr\/futurs-etudiants\/campus-tours-events\/virtual-open-house\/","og_locale":"fr_FR","og_type":"article","og_title":"Portes ouvertes virtuelle - Bishop&#039;s University","og_description":"La majorit\u00e9 des futurs \u00e9tudiants qui visitent notre campus choisissent notre universit\u00e9. Notre journ\u00e9e portes ouvertes virtuelle aura lieu le 31 janvier 2026. Venez rencontrer notre communaut\u00e9, en apprendre davantage sur nos services et nos programmes, et d\u00e9couvrir ce qui nous rend uniques. Les s\u00e9ances virtuelles se d\u00e9rouleront sur Zoom, et le lien pour y...","og_url":"https:\/\/www.ubishops.ca\/fr\/futurs-etudiants\/campus-tours-events\/virtual-open-house\/","og_site_name":"Bishop&#039;s University","article_publisher":"https:\/\/www.facebook.com\/ubishops","article_modified_time":"2025-07-22T15:18:53+00:00","twitter_card":"summary_large_image","twitter_site":"@ubishops","twitter_misc":{"Dur\u00e9e de lecture estim\u00e9e":"2 minutes"},"schema":{"@context":"https:\/\/schema.org","@graph":[{"@type":"WebPage","@id":"https:\/\/www.ubishops.ca\/fr\/futurs-etudiants\/campus-tours-events\/virtual-open-house\/","url":"https:\/\/www.ubishops.ca\/fr\/futurs-etudiants\/campus-tours-events\/virtual-open-house\/","name":"Portes ouvertes virtuelle - Bishop&#039;s University","isPartOf":{"@id":"https:\/\/www.ubishops.ca\/#website"},"datePublished":"2024-10-11T17:23:10+00:00","dateModified":"2025-07-22T15:18:53+00:00","breadcrumb":{"@id":"https:\/\/www.ubishops.ca\/fr\/futurs-etudiants\/campus-tours-events\/virtual-open-house\/#breadcrumb"},"inLanguage":"fr-FR","potentialAction":[{"@type":"ReadAction","target":["https:\/\/www.ubishops.ca\/fr\/futurs-etudiants\/campus-tours-events\/virtual-open-house\/"]}]},{"@type":"BreadcrumbList","@id":"https:\/\/www.ubishops.ca\/fr\/futurs-etudiants\/campus-tours-events\/virtual-open-house\/#breadcrumb","itemListElement":[{"@type":"ListItem","position":1,"name":"Accueil","item":"https:\/\/www.ubishops.ca\/fr\/"},{"@type":"ListItem","position":2,"name":"Futurs \u00e9tudiants","item":"https:\/\/www.ubishops.ca\/fr\/futurs-etudiants\/"},{"@type":"ListItem","position":3,"name":"Visites du campus et \u00e9v\u00e9nements","item":"https:\/\/www.ubishops.ca\/fr\/futurs-etudiants\/campus-tours-events\/"},{"@type":"ListItem","position":4,"name":"Portes ouvertes virtuelle"}]},{"@type":"WebSite","@id":"https:\/\/www.ubishops.ca\/#website","url":"https:\/\/www.ubishops.ca\/","name":"Bishop&#039;s University","description":"","potentialAction":[{"@type":"SearchAction","target":{"@type":"EntryPoint","urlTemplate":"https:\/\/www.ubishops.ca\/?s={search_term_string}"},"query-input":{"@type":"PropertyValueSpecification","valueRequired":true,"valueName":"search_term_string"}}],"inLanguage":"fr-FR"}]}},"taxonomy_info":[],"featured_image_src_large":false,"author_info":{"display_name":"Julie Fradette","author_link":"https:\/\/www.ubishops.ca\/fr\/author\/jfradett\/"},"comment_info":0,"publishpress_future_action":{"enabled":false,"date":"2026-04-15 14:45:04","action":"change-status","newStatus":"draft","terms":[],"taxonomy":"translation_priority","extraData":[]},"publishpress_future_workflow_manual_trigger":{"enabledWorkflows":[]},"_links":{"self":[{"href":"https:\/\/www.ubishops.ca\/fr\/wp-json\/wp\/v2\/pages\/116381","targetHints":{"allow":["GET"]}}],"collection":[{"href":"https:\/\/www.ubishops.ca\/fr\/wp-json\/wp\/v2\/pages"}],"about":[{"href":"https:\/\/www.ubishops.ca\/fr\/wp-json\/wp\/v2\/types\/page"}],"author":[{"embeddable":true,"href":"https:\/\/www.ubishops.ca\/fr\/wp-json\/wp\/v2\/users\/49"}],"replies":[{"embeddable":true,"href":"https:\/\/www.ubishops.ca\/fr\/wp-json\/wp\/v2\/comments?post=116381"}],"version-history":[{"count":8,"href":"https:\/\/www.ubishops.ca\/fr\/wp-json\/wp\/v2\/pages\/116381\/revisions"}],"predecessor-version":[{"id":125714,"href":"https:\/\/www.ubishops.ca\/fr\/wp-json\/wp\/v2\/pages\/116381\/revisions\/125714"}],"up":[{"embeddable":true,"href":"https:\/\/www.ubishops.ca\/fr\/wp-json\/wp\/v2\/pages\/78581"}],"wp:attachment":[{"href":"https:\/\/www.ubishops.ca\/fr\/wp-json\/wp\/v2\/media?parent=116381"}],"curies":[{"name":"wp","href":"https:\/\/api.w.org\/{rel}","templated":true}]}}