{"id":116326,"date":"2020-11-18T09:44:33","date_gmt":"2020-11-18T14:44:33","guid":{"rendered":"https:\/\/www.ubishops.ca\/centraide-campaign\/"},"modified":"2025-10-06T14:06:13","modified_gmt":"2025-10-06T18:06:13","slug":"centraide-campaign","status":"publish","type":"page","link":"https:\/\/www.ubishops.ca\/fr\/centraide-campaign\/","title":{"rendered":"Campagne Centraide"},"content":{"rendered":"\n<p>Chers membres de la communaut\u00e9 Bishop\u2019s,<\/p>\n\n\n\n<p>L\u2019Universit\u00e9 Bishop\u2019s est pr\u00eate \u00e0 collaborer avec Centraide-Estrie encore cette ann\u00e9e et nous faisons appel \u00e0 vous pour donner un coup de main et aider les autres membres de la communaut\u00e9 estrienne. Plus que jamais, l\u2019Universit\u00e9 Bishop\u2019s est fi\u00e8re de soutenir la campagne de financement de Centraide, qui <a href=\"https:\/\/www.centraideestrie.com\/nous-investissons\/programme-aide-organismes\/\" target=\"_blank\" rel=\"noreferrer noopener\">soutient les organisations locales<\/a> comme le Centre des jeunes de Lennoxville et le Centre pour femmes de Lennoxville : faire passer les gens de la pauvret\u00e9 aux possibilit\u00e9s, aider les enfants, \u00e9liminer l&rsquo;isolement et b\u00e2tir une communaut\u00e9. Compte tenu du lien \u00e9troit entre l\u2019Universit\u00e9 Bishop\u2019s et la communaut\u00e9 environnante, donnons tous \u00e0 la campagne cette ann\u00e9e.<\/p>\n\n\n\n<p>L\u2019Universit\u00e9 Bishop\u2019s a amass\u00e9 18 182 $ pour Centraide Estrie en 2024 gr\u00e2ce \u00e0 vous et gr\u00e2ce aux g\u00e9n\u00e9reux dons de 237 employ\u00e9.e.s, membres du cadre professorale, biblioth\u00e9caires, administrateurs et gestionnaires.<\/p>\n\n\n\n<p>En 2025, nous avons fix\u00e9 notre objectif pour r\u00e9colter 20 000 $ et d\u2019augmenter la participation des membres de la communaut\u00e9 Bishop\u2019s \u00e0 200 donateurs individuels.<\/p>\n\n\n\n<p><strong>La campagne durera jusqu\u2019au 14 novembre ! Les retenues sur salaire commenceront le 16 novembre 2025 jusqu\u2019au 14 novembre 2026.<\/strong><\/p>\n\n\n\n<p>Matthew Peros and Genevi\u00e8ve Gagn\u00e9<br>Co-responsables de la campagne Centraide 2025<\/p>\n\n\n\n<figure class=\"wp-block-embed is-type-video is-provider-youtube wp-block-embed-youtube wp-embed-aspect-16-9 wp-has-aspect-ratio\"><div class=\"wp-block-embed__wrapper\">\n<iframe loading=\"lazy\" title=\"Annonce campagne 2025 Centraide Estrie\" width=\"720\" height=\"405\" src=\"https:\/\/www.youtube.com\/embed\/u-5I7cZcL_8?feature=oembed\" frameborder=\"0\" allow=\"accelerometer; autoplay; clipboard-write; encrypted-media; gyroscope; picture-in-picture; web-share\" referrerpolicy=\"strict-origin-when-cross-origin\" allowfullscreen><\/iframe>\n<\/div><\/figure>\n\n\n\n<h2 class=\"wp-block-heading\">Deux fa\u00e7ons de faire votre don :<\/h2>\n\n\n\n<h3 class=\"wp-block-heading\">1) Retenue sur la paie<\/h3>\n\n\n\n<div class=\"wp-block-buttons is-layout-flex wp-block-buttons-is-layout-flex\">\n<div class=\"wp-block-button\"><a class=\"wp-block-button__link has-white-color has-purple-background-color has-text-color has-background wp-element-button\" href=\"https:\/\/www.ubishops.ca\/faculty-staff\/centraide-campaign\/centraide-payroll-deduction-form\/\">Faire un don par retenue sur la paie<\/a><\/div>\n<\/div>\n\n\n\n<h3 class=\"wp-block-heading\">2) Par carte de cr\u00e9dit en ligne<\/h3>\n\n\n\n<p>Lorsque vous choisissez de faire votre don en ligne en utilisant votre carte de cr\u00e9dit, assurez-vous de s\u00e9lectionner l&rsquo;option \u00ab\u00a0Don unique\u00a0\u00bb. Assurez-vous d&rsquo;\u00e9crire BISHOP&rsquo;S UNIVERSITY dans la section commentaires.<\/p>\n\n\n\n<div class=\"wp-block-buttons is-layout-flex wp-block-buttons-is-layout-flex\">\n<div class=\"wp-block-button\"><a class=\"wp-block-button__link has-white-color has-purple-background-color has-text-color has-background wp-element-button\" href=\"https:\/\/www.imakeanonlinedonation.org\/centraideestrie\/DONANNUEL\/?lng=0\">Don par carte de cr\u00e9dit en ligne<\/a><\/div>\n<\/div>\n\n\n\n<p>Besoin d\u2019aide pour remplir le formulaire en ligne ? \u00c9crivez \u00e0 <a href=\"&#109;a&#x69;l&#x74;o&#x3a;&#99;&#x65;&#110;&#x74;&#114;a&#x69;d&#x65;&#64;&#x75;&#98;&#x69;&#115;&#x68;&#111;&#x70;&#115;&#46;&#x63;a\">&#x63;&#x65;&#x6e;&#x74;&#x72;&#x61;&#x69;&#x64;&#x65;&#x40;&#x75;&#x62;&#x69;&#x73;&#x68;&#x6f;&#x70;&#x73;&#x2e;&#x63;&#x61;<\/a> et un b\u00e9n\u00e9vole pourra vous donner un coup de main.<\/p>\n\n\n\n<figure class=\"wp-block-image size-full\"><img decoding=\"async\" width=\"761\" height=\"402\" src=\"https:\/\/www.ubishops.ca\/wp-content\/uploads\/2025_Centraide_FR_valeur-humaine-de-votre-don.png\" alt=\"Affiche de la campagne Centraide 2025\" class=\"wp-image-127711\" srcset=\"https:\/\/www.ubishops.ca\/wp-content\/uploads\/2025_Centraide_FR_valeur-humaine-de-votre-don.png 761w, https:\/\/www.ubishops.ca\/wp-content\/uploads\/2025_Centraide_FR_valeur-humaine-de-votre-don-650x343.png 650w, https:\/\/www.ubishops.ca\/wp-content\/uploads\/2025_Centraide_FR_valeur-humaine-de-votre-don-150x79.png 150w\" sizes=\"(max-width: 761px) 100vw, 761px\" \/><\/figure>\n","protected":false},"excerpt":{"rendered":"<p>Chers membres de la communaut\u00e9 Bishop\u2019s, L\u2019Universit\u00e9 Bishop\u2019s est pr\u00eate \u00e0 collaborer avec Centraide-Estrie encore cette ann\u00e9e et nous faisons appel \u00e0 vous pour donner un coup de main et aider les autres membres de la communaut\u00e9 estrienne. Plus que jamais, l\u2019Universit\u00e9 Bishop\u2019s est fi\u00e8re de soutenir la campagne de financement de Centraide, qui soutient&#8230;<\/p>\n","protected":false},"author":49,"featured_media":0,"parent":0,"menu_order":149,"comment_status":"closed","ping_status":"closed","template":"","meta":{"_acf_changed":false,"_cbd_carousel_blocks":"[]","_kad_blocks_custom_css":"","_kad_blocks_head_custom_js":"","_kad_blocks_body_custom_js":"","_kad_blocks_footer_custom_js":"","_kad_post_transparent":"","_kad_post_title":"","_kad_post_layout":"","_kad_post_sidebar_id":"","_kad_post_content_style":"","_kad_post_vertical_padding":"","_kad_post_feature":"","_kad_post_feature_position":"","_kad_post_header":false,"_kad_post_footer":false,"_kad_post_classname":"","footnotes":""},"class_list":["post-116326","page","type-page","status-publish","hentry"],"acf":[],"yoast_head":"<!-- This site is optimized with the Yoast SEO plugin v27.2 - https:\/\/yoast.com\/product\/yoast-seo-wordpress\/ -->\n<title>Campagne Centraide - Bishop&#039;s University<\/title>\n<meta name=\"robots\" content=\"index, follow, max-snippet:-1, max-image-preview:large, max-video-preview:-1\" \/>\n<link rel=\"canonical\" href=\"https:\/\/www.ubishops.ca\/fr\/centraide-campaign\/\" \/>\n<meta property=\"og:locale\" content=\"fr_FR\" \/>\n<meta property=\"og:type\" content=\"article\" \/>\n<meta property=\"og:title\" content=\"Campagne Centraide - Bishop&#039;s University\" \/>\n<meta property=\"og:description\" content=\"Chers membres de la communaut\u00e9 Bishop\u2019s, L\u2019Universit\u00e9 Bishop\u2019s est pr\u00eate \u00e0 collaborer avec Centraide-Estrie encore cette ann\u00e9e et nous faisons appel \u00e0 vous pour donner un coup de main et aider les autres membres de la communaut\u00e9 estrienne. Plus que jamais, l\u2019Universit\u00e9 Bishop\u2019s est fi\u00e8re de soutenir la campagne de financement de Centraide, qui soutient...\" \/>\n<meta property=\"og:url\" content=\"https:\/\/www.ubishops.ca\/fr\/centraide-campaign\/\" \/>\n<meta property=\"og:site_name\" content=\"Bishop&#039;s University\" \/>\n<meta property=\"article:publisher\" content=\"https:\/\/www.facebook.com\/ubishops\" \/>\n<meta property=\"article:modified_time\" content=\"2025-10-06T18:06:13+00:00\" \/>\n<meta property=\"og:image\" content=\"https:\/\/www.ubishops.ca\/wp-content\/uploads\/2025_Centraide_FR_valeur-humaine-de-votre-don.png\" \/>\n\t<meta property=\"og:image:width\" content=\"761\" \/>\n\t<meta property=\"og:image:height\" content=\"402\" \/>\n\t<meta property=\"og:image:type\" content=\"image\/png\" \/>\n<meta name=\"twitter:card\" content=\"summary_large_image\" \/>\n<meta name=\"twitter:site\" content=\"@ubishops\" \/>\n<meta name=\"twitter:label1\" content=\"Dur\u00e9e de lecture estim\u00e9e\" \/>\n\t<meta name=\"twitter:data1\" content=\"2 minutes\" \/>\n<script type=\"application\/ld+json\" class=\"yoast-schema-graph\">{\"@context\":\"https:\/\/schema.org\",\"@graph\":[{\"@type\":\"WebPage\",\"@id\":\"https:\/\/www.ubishops.ca\/fr\/centraide-campaign\/\",\"url\":\"https:\/\/www.ubishops.ca\/fr\/centraide-campaign\/\",\"name\":\"Campagne Centraide - Bishop&#039;s University\",\"isPartOf\":{\"@id\":\"https:\/\/www.ubishops.ca\/#website\"},\"primaryImageOfPage\":{\"@id\":\"https:\/\/www.ubishops.ca\/fr\/centraide-campaign\/#primaryimage\"},\"image\":{\"@id\":\"https:\/\/www.ubishops.ca\/fr\/centraide-campaign\/#primaryimage\"},\"thumbnailUrl\":\"https:\/\/www.ubishops.ca\/wp-content\/uploads\/2025_Centraide_FR_valeur-humaine-de-votre-don.png\",\"datePublished\":\"2020-11-18T14:44:33+00:00\",\"dateModified\":\"2025-10-06T18:06:13+00:00\",\"breadcrumb\":{\"@id\":\"https:\/\/www.ubishops.ca\/fr\/centraide-campaign\/#breadcrumb\"},\"inLanguage\":\"fr-FR\",\"potentialAction\":[{\"@type\":\"ReadAction\",\"target\":[\"https:\/\/www.ubishops.ca\/fr\/centraide-campaign\/\"]}]},{\"@type\":\"ImageObject\",\"inLanguage\":\"fr-FR\",\"@id\":\"https:\/\/www.ubishops.ca\/fr\/centraide-campaign\/#primaryimage\",\"url\":\"https:\/\/www.ubishops.ca\/wp-content\/uploads\/2025_Centraide_FR_valeur-humaine-de-votre-don.png\",\"contentUrl\":\"https:\/\/www.ubishops.ca\/wp-content\/uploads\/2025_Centraide_FR_valeur-humaine-de-votre-don.png\"},{\"@type\":\"BreadcrumbList\",\"@id\":\"https:\/\/www.ubishops.ca\/fr\/centraide-campaign\/#breadcrumb\",\"itemListElement\":[{\"@type\":\"ListItem\",\"position\":1,\"name\":\"Accueil\",\"item\":\"https:\/\/www.ubishops.ca\/fr\/\"},{\"@type\":\"ListItem\",\"position\":2,\"name\":\"Campagne Centraide\"}]},{\"@type\":\"WebSite\",\"@id\":\"https:\/\/www.ubishops.ca\/#website\",\"url\":\"https:\/\/www.ubishops.ca\/\",\"name\":\"Bishop&#039;s University\",\"description\":\"\",\"potentialAction\":[{\"@type\":\"SearchAction\",\"target\":{\"@type\":\"EntryPoint\",\"urlTemplate\":\"https:\/\/www.ubishops.ca\/?s={search_term_string}\"},\"query-input\":{\"@type\":\"PropertyValueSpecification\",\"valueRequired\":true,\"valueName\":\"search_term_string\"}}],\"inLanguage\":\"fr-FR\"}]}<\/script>\n<!-- \/ Yoast SEO plugin. -->","yoast_head_json":{"title":"Campagne Centraide - Bishop&#039;s University","robots":{"index":"index","follow":"follow","max-snippet":"max-snippet:-1","max-image-preview":"max-image-preview:large","max-video-preview":"max-video-preview:-1"},"canonical":"https:\/\/www.ubishops.ca\/fr\/centraide-campaign\/","og_locale":"fr_FR","og_type":"article","og_title":"Campagne Centraide - Bishop&#039;s University","og_description":"Chers membres de la communaut\u00e9 Bishop\u2019s, L\u2019Universit\u00e9 Bishop\u2019s est pr\u00eate \u00e0 collaborer avec Centraide-Estrie encore cette ann\u00e9e et nous faisons appel \u00e0 vous pour donner un coup de main et aider les autres membres de la communaut\u00e9 estrienne. Plus que jamais, l\u2019Universit\u00e9 Bishop\u2019s est fi\u00e8re de soutenir la campagne de financement de Centraide, qui soutient...","og_url":"https:\/\/www.ubishops.ca\/fr\/centraide-campaign\/","og_site_name":"Bishop&#039;s University","article_publisher":"https:\/\/www.facebook.com\/ubishops","article_modified_time":"2025-10-06T18:06:13+00:00","og_image":[{"width":761,"height":402,"url":"https:\/\/www.ubishops.ca\/wp-content\/uploads\/2025_Centraide_FR_valeur-humaine-de-votre-don.png","type":"image\/png"}],"twitter_card":"summary_large_image","twitter_site":"@ubishops","twitter_misc":{"Dur\u00e9e de lecture estim\u00e9e":"2 minutes"},"schema":{"@context":"https:\/\/schema.org","@graph":[{"@type":"WebPage","@id":"https:\/\/www.ubishops.ca\/fr\/centraide-campaign\/","url":"https:\/\/www.ubishops.ca\/fr\/centraide-campaign\/","name":"Campagne Centraide - Bishop&#039;s University","isPartOf":{"@id":"https:\/\/www.ubishops.ca\/#website"},"primaryImageOfPage":{"@id":"https:\/\/www.ubishops.ca\/fr\/centraide-campaign\/#primaryimage"},"image":{"@id":"https:\/\/www.ubishops.ca\/fr\/centraide-campaign\/#primaryimage"},"thumbnailUrl":"https:\/\/www.ubishops.ca\/wp-content\/uploads\/2025_Centraide_FR_valeur-humaine-de-votre-don.png","datePublished":"2020-11-18T14:44:33+00:00","dateModified":"2025-10-06T18:06:13+00:00","breadcrumb":{"@id":"https:\/\/www.ubishops.ca\/fr\/centraide-campaign\/#breadcrumb"},"inLanguage":"fr-FR","potentialAction":[{"@type":"ReadAction","target":["https:\/\/www.ubishops.ca\/fr\/centraide-campaign\/"]}]},{"@type":"ImageObject","inLanguage":"fr-FR","@id":"https:\/\/www.ubishops.ca\/fr\/centraide-campaign\/#primaryimage","url":"https:\/\/www.ubishops.ca\/wp-content\/uploads\/2025_Centraide_FR_valeur-humaine-de-votre-don.png","contentUrl":"https:\/\/www.ubishops.ca\/wp-content\/uploads\/2025_Centraide_FR_valeur-humaine-de-votre-don.png"},{"@type":"BreadcrumbList","@id":"https:\/\/www.ubishops.ca\/fr\/centraide-campaign\/#breadcrumb","itemListElement":[{"@type":"ListItem","position":1,"name":"Accueil","item":"https:\/\/www.ubishops.ca\/fr\/"},{"@type":"ListItem","position":2,"name":"Campagne Centraide"}]},{"@type":"WebSite","@id":"https:\/\/www.ubishops.ca\/#website","url":"https:\/\/www.ubishops.ca\/","name":"Bishop&#039;s University","description":"","potentialAction":[{"@type":"SearchAction","target":{"@type":"EntryPoint","urlTemplate":"https:\/\/www.ubishops.ca\/?s={search_term_string}"},"query-input":{"@type":"PropertyValueSpecification","valueRequired":true,"valueName":"search_term_string"}}],"inLanguage":"fr-FR"}]}},"taxonomy_info":[],"featured_image_src_large":false,"author_info":{"display_name":"Julie Fradette","author_link":"https:\/\/www.ubishops.ca\/fr\/author\/jfradett\/"},"comment_info":0,"publishpress_future_action":{"enabled":false,"date":"2026-04-17 04:45:50","action":"change-status","newStatus":"draft","terms":[],"taxonomy":"translation_priority","extraData":[]},"publishpress_future_workflow_manual_trigger":{"enabledWorkflows":[]},"_links":{"self":[{"href":"https:\/\/www.ubishops.ca\/fr\/wp-json\/wp\/v2\/pages\/116326","targetHints":{"allow":["GET"]}}],"collection":[{"href":"https:\/\/www.ubishops.ca\/fr\/wp-json\/wp\/v2\/pages"}],"about":[{"href":"https:\/\/www.ubishops.ca\/fr\/wp-json\/wp\/v2\/types\/page"}],"author":[{"embeddable":true,"href":"https:\/\/www.ubishops.ca\/fr\/wp-json\/wp\/v2\/users\/49"}],"replies":[{"embeddable":true,"href":"https:\/\/www.ubishops.ca\/fr\/wp-json\/wp\/v2\/comments?post=116326"}],"version-history":[{"count":2,"href":"https:\/\/www.ubishops.ca\/fr\/wp-json\/wp\/v2\/pages\/116326\/revisions"}],"predecessor-version":[{"id":127718,"href":"https:\/\/www.ubishops.ca\/fr\/wp-json\/wp\/v2\/pages\/116326\/revisions\/127718"}],"wp:attachment":[{"href":"https:\/\/www.ubishops.ca\/fr\/wp-json\/wp\/v2\/media?parent=116326"}],"curies":[{"name":"wp","href":"https:\/\/api.w.org\/{rel}","templated":true}]}}