{"id":116244,"date":"2020-03-19T10:48:07","date_gmt":"2020-03-19T14:48:07","guid":{"rendered":"https:\/\/www.ubishops.ca\/programmes-d-etudes\/faculte-des-arts-et-des-sciences\/social-sciences\/programmes-en-agriculture-et-systemes-alimentaires-durables\/educational-farm\/"},"modified":"2025-11-24T14:47:01","modified_gmt":"2025-11-24T19:47:01","slug":"educational-farm","status":"publish","type":"page","link":"https:\/\/www.ubishops.ca\/fr\/programmes-d-etudes\/faculty-of-social-sciences\/programmes-en-agriculture-et-systemes-alimentaires-durables\/educational-farm\/","title":{"rendered":"La ferme \u00e9ducative"},"content":{"rendered":"\n<p>\u00c9l\u00e9ment central du programme en <a href=\"https:\/\/www.ubishops.ca\/fr\/programmes-d-etudes\/faculty-of-social-sciences\/programmes-en-agriculture-et-systemes-alimentaires-durables\/\" target=\"_blank\" rel=\"noreferrer noopener\">Agriculture et syst\u00e8mes alimentaires durables (SAFS)<\/a> (mis sur pied en 2019), notre ferme \u00e9ducative de 140\u202facres est un lieu ax\u00e9 sur l\u2019apprentissage par l\u2019exp\u00e9rience qui favorise l\u2019exploration, l\u2019exp\u00e9rimentation et la mod\u00e9lisation de ce \u00e0 quoi ressembleront les agro\u00e9cosyst\u00e8mes durables de l\u2019avenir, et elle sert de laboratoire pour les cours sur le terrain. La majorit\u00e9 des cours en SAFS comprennent une composante pratique sur la ferme et des portions de stage.<\/p>\n\n\n\n<p>L\u2019objectif est de former la nouvelle g\u00e9n\u00e9ration \u00e9tudiante sur l\u2019agriculture \u00e9cologique, les mod\u00e8les de permaculture, la culture mara\u00eech\u00e8re, la production de fruits biologiques, l\u2019\u00e9levage et l\u2019agroforesterie, tout en nourrissant une perspective transdisciplinaire de pens\u00e9e syst\u00e9mique.&nbsp;<\/p>\n\n\n\n<p>La ferme offre aux \u00e9tudiants une pluralit\u00e9 d\u2019exp\u00e9riences d\u2019apprentissage dans une multitude de syst\u00e8mes d\u2019agriculture traditionnels et novateurs et d\u2019approches int\u00e9gr\u00e9es. Viens nous rejoindre sur cette terre florissante, enrichie par des projets de recherche excitants qui font avancer la durabilit\u00e9 en agriculture.<\/p>\n\n\n\n<figure class=\"wp-block-embed is-type-video is-provider-youtube wp-block-embed-youtube wp-embed-aspect-16-9 wp-has-aspect-ratio\"><div class=\"wp-block-embed__wrapper\">\n<iframe loading=\"lazy\" title=\"Sustainability in Action: Bishop\u2019s Educational Farm Experience\" width=\"720\" height=\"405\" src=\"https:\/\/www.youtube.com\/embed\/5o0EbV2e4Sc?feature=oembed\" frameborder=\"0\" allow=\"accelerometer; autoplay; clipboard-write; encrypted-media; gyroscope; picture-in-picture; web-share\" referrerpolicy=\"strict-origin-when-cross-origin\" allowfullscreen><\/iframe>\n<\/div><\/figure>\n\n\n\n<div style=\"height:30px\" aria-hidden=\"true\" class=\"wp-block-spacer\"><\/div>\n\n\n\n<h2 class=\"wp-block-heading\"><strong>Projets de recherche en cours sur la ferme \u00e9ducative<\/strong><\/h2>\n\n\n\n<p>La ferme \u00e9ducative offre un espace pour l\u2019exploration et l\u2019exp\u00e9rimentation de solutions aux d\u00e9fis de l\u2019agriculture et des syst\u00e8mes alimentaires.&nbsp;<\/p>\n\n\n\n<p>Elle sert de plateforme pour la recherche participative dans le but d\u2019am\u00e9liorer les vari\u00e9t\u00e9s de cultures biologiques et les techniques d\u2019agriculture \u00e9cologiques dans des climats froids.&nbsp;<\/p>\n\n\n\n<p>Du paillis pour les fraises aux semences paysannes, en passant par la conservation des sols, les vergers, la production de framboises et l\u2019am\u00e9lioration de la pomme de terre, les professeures et professeurs \u00e0 Bishop\u2019s sont des pionniers dans leurs domaines.<\/p>\n\n\n\n<div class=\"wp-block-buttons is-layout-flex wp-block-buttons-is-layout-flex\">\n<div class=\"wp-block-button is-style-outline is-style-outline--1\"><a class=\"wp-block-button__link wp-element-button\" href=\"https:\/\/www.ubishops.ca\/academic-programs\/faculty-of-social-sciences\/environment-agriculture-and-geography\/courses-programs\/sustainable-agriculture-and-food-systems-safs\/safs-projects\/\">Projets de recherche<\/a><\/div>\n<\/div>\n\n\n\n<div style=\"height:30px\" aria-hidden=\"true\" class=\"wp-block-spacer\"><\/div>\n\n\n\n<h2 class=\"wp-block-heading\"><strong>La vision de notre ferme \u00e9ducative<\/strong><\/h2>\n\n\n\n<p>La ferme \u00e9ducative est un laboratoire vivant qui se veut un terreau fertile pour stimuler la passion pour l\u2019apprentissage, faire avancer la recherche agro\u00e9cologique et planter les graines du changement vers la r\u00e9silience et la durabilit\u00e9 dans nos syst\u00e8mes alimentaires.&nbsp;<\/p>\n\n\n\n<p>Cette vision se concr\u00e9tise par l\u2019\u00e9ducation, la recherche et une approche communautaire.&nbsp;<\/p>\n\n\n\n<h3 class=\"wp-block-heading\"><strong>Phase\u202f1 de la ferme \u00e9ducative (en cours)<\/strong>&nbsp;<\/h3>\n\n\n\n<figure class=\"wp-block-image size-large\"><img decoding=\"async\" width=\"1024\" height=\"613\" src=\"https:\/\/www.ubishops.ca\/wp-content\/uploads\/map-educational-farm-p21-of-master-plan-1024x613.jpg\" alt=\"Map of Educational Farm\" class=\"wp-image-72190\" srcset=\"https:\/\/www.ubishops.ca\/wp-content\/uploads\/map-educational-farm-p21-of-master-plan-1024x613.jpg 1024w, https:\/\/www.ubishops.ca\/wp-content\/uploads\/map-educational-farm-p21-of-master-plan-300x180.jpg 300w, https:\/\/www.ubishops.ca\/wp-content\/uploads\/map-educational-farm-p21-of-master-plan-150x90.jpg 150w, https:\/\/www.ubishops.ca\/wp-content\/uploads\/map-educational-farm-p21-of-master-plan-768x460.jpg 768w, https:\/\/www.ubishops.ca\/wp-content\/uploads\/map-educational-farm-p21-of-master-plan.jpg 1200w\" sizes=\"(max-width: 1024px) 100vw, 1024px\" \/><figcaption class=\"wp-element-caption\">Plan de la ferme \u00e9ducative (p.\u202f21 du plan directeur)<\/figcaption><\/figure>\n\n\n\n<ul class=\"wp-block-list\">\n<li>R\u00e9servoir d\u2019irrigation<\/li>\n\n\n\n<li>Piste de randonn\u00e9e et de ski de fond<\/li>\n\n\n\n<li>For\u00eat en gestion \u00e9cosyst\u00e9mique<\/li>\n\n\n\n<li>Syst\u00e8mes d\u2019agriculture biointensive et de permaculture<\/li>\n\n\n\n<li>Serre<\/li>\n<\/ul>\n\n\n\n<h3 class=\"wp-block-heading\">Phase\u202f2 de la ferme \u00e9ducative<\/h3>\n\n\n\n<figure class=\"wp-block-image size-large\"><img decoding=\"async\" width=\"1024\" height=\"649\" src=\"https:\/\/www.ubishops.ca\/wp-content\/uploads\/Phase2-Educational-Farm-1024x649.jpg\" alt=\"Phase 2 of the Educational Farm\" class=\"wp-image-115496\" srcset=\"https:\/\/www.ubishops.ca\/wp-content\/uploads\/Phase2-Educational-Farm-1024x649.jpg 1024w, https:\/\/www.ubishops.ca\/wp-content\/uploads\/Phase2-Educational-Farm-300x190.jpg 300w, https:\/\/www.ubishops.ca\/wp-content\/uploads\/Phase2-Educational-Farm-150x95.jpg 150w, https:\/\/www.ubishops.ca\/wp-content\/uploads\/Phase2-Educational-Farm-768x487.jpg 768w, https:\/\/www.ubishops.ca\/wp-content\/uploads\/Phase2-Educational-Farm.jpg 1200w\" sizes=\"(max-width: 1024px) 100vw, 1024px\" \/><\/figure>\n\n\n\n<ul class=\"wp-block-list\">\n<li>Syst\u00e8me de sylvopastoralisme<\/li>\n\n\n\n<li>Infrastructure et jardins pour l\u2019approche communautaire<\/li>\n\n\n\n<li>Vergers et parcelles de recherche diversifi\u00e9s<\/li>\n\n\n\n<li>Jardin-for\u00eat comestible<\/li>\n\n\n\n<li>Classe ext\u00e9rieure<\/li>\n\n\n\n<li>March\u00e9 biointensif<\/li>\n\n\n\n<li>Jardins sous tunnel plastique<\/li>\n\n\n\n<li>Cl\u00f4tures sur le p\u00e9rim\u00e8tre<\/li>\n\n\n\n<li>Jardins urbains<\/li>\n\n\n\n<li>Poste de lavage et serre pour les semis<\/li>\n\n\n\n<li>Parcelles de recherche<\/li>\n\n\n\n<li>Garage<\/li>\n<\/ul>\n\n\n\n<div style=\"height:30px\" aria-hidden=\"true\" class=\"wp-block-spacer\"><\/div>\n\n\n\n<h2 class=\"wp-block-heading\"><strong>Valeurs de la ferme \u00e9ducative<\/strong><\/h2>\n\n\n\n<h3 class=\"wp-block-heading\">Agro\u00e9cologie et agriculture r\u00e9g\u00e9n\u00e9ratrice<\/h3>\n\n\n\n<p>La ferme met l\u2019accent sur la cr\u00e9ation et la pr\u00e9servation d\u2019un sol vivant, le stockage de dioxyde de carbone, l\u2019utilisation de strat\u00e9gies de gestion pr\u00e9ventive des mauvaises herbes et insectes ravageurs et la promotion de la sant\u00e9 et de la r\u00e9silience de l\u2019ensemble de l\u2019agro\u00e9cosyst\u00e8me.<\/p>\n\n\n\n<h3 class=\"wp-block-heading\">Principes de permaculture&nbsp;<\/h3>\n\n\n\n<p>Les \u00e9tudiants apprennent comment concevoir des espaces de production d\u2019aliments (p.\u202fex., fermes, terrains urbains, \u00e9coles, h\u00f4pitaux, parcs municipaux, etc.) qui imitent les structures et les relations que l\u2019on retrouve dans la nature et qui sont profond\u00e9ment ancr\u00e9es dans le milieu o\u00f9 elles surviennent.<\/p>\n\n\n\n<h3 class=\"wp-block-heading\"><strong>Pratiques de culture biologique<\/strong><\/h3>\n\n\n\n<p>Nous nous engageons \u00e0 \u00e9viter l\u2019utilisation d\u2019herbicides, de pesticides et d\u2019engrais synth\u00e9tiques. Nous reconnaissons qu\u2019un sol sain, des techniques de gestion int\u00e9gr\u00e9e des mauvaises herbes et insectes ravageurs, l\u2019observation et des mesures pr\u00e9ventives sont essentiels au maintien d\u2019un haut rendement et d\u2019une production efficace.<\/p>\n\n\n\n<h3 class=\"wp-block-heading\"><strong>Biodiversit\u00e9<\/strong><\/h3>\n\n\n\n<p>La biodiversit\u00e9 vise les organismes compris dans les activit\u00e9s agricoles et autour de celles-ci. Au lieu de nous concentrer sur une production sp\u00e9cialis\u00e9e, nous faisons la promotion de polycultures, de la rotation des cultures et de la production diversifi\u00e9e \u00e0 l\u2019aide de syst\u00e8mes int\u00e9gr\u00e9s. Nous nous engageons aussi \u00e0 prot\u00e9ger les pollinisateurs et la faune au moyen d\u2019espaces naturels vou\u00e9s \u00e0 la conservation, de jardins pour pollinisateurs et de plantes vivaces indig\u00e8nes sur l\u2019ensemble de la ferme.<\/p>\n\n\n\n<h3 class=\"wp-block-heading\">Approche \u00ab\u202fen boucle ferm\u00e9e\u202f\u00bb<\/h3>\n\n\n\n<p>La ferme s\u2019efforce d\u2019\u00eatre autosuffisante, avec une d\u00e9pendance minimale envers l\u2019ext\u00e9rieur. Nous souhaitons produire nous-m\u00eames les ressources dont nous avons besoin et \u00e9liminer le gaspillage. \u00c0 titre d\u2019exemple, nous voulons utiliser les r\u00e9sidus alimentaires de la caf\u00e9t\u00e9ria de Bishop\u2019s pour nourrir notre compost, incorporer du fumier animal dans nos engrais et cultiver des p\u00e2turages diversifi\u00e9s et riches en nutriments pour \u00e9liminer ou r\u00e9duire nos achats en aliments et suppl\u00e9ments pour b\u00e9tail.&nbsp;<\/p>\n\n\n\n<h3 class=\"wp-block-heading\">\u00c9chelle humaine<\/h3>\n\n\n\n<p>La ferme applique des pratiques de plantation intensive sur une aire r\u00e9duite afin d\u2019\u00e9viter les vastes monocultures. Les \u00e9tudiants seront appel\u00e9s \u00e0 travailler \u00e0 l\u2019aide de brouettes, d\u2019outils manuels et de petits motoculteurs.<\/p>\n\n\n\n<h3 class=\"wp-block-heading\">Technologies appropri\u00e9es&nbsp;<\/h3>\n\n\n\n<p>Nous accordons de la valeur aux technologies qui soutiennent l\u2019agriculture durable et r\u00e9duisent l\u2019empreinte \u00e9cologique de la ferme. \u00c0 titre d\u2019exemple, nous souhaitons utiliser des serres chauff\u00e9es g\u00e9othermiquement, des cl\u00f4tures \u00e9lectriques l\u00e9g\u00e8res \u00e0 l\u2019\u00e9nergie solaire, des drones pour la capture \u00e0 distance des param\u00e8tres du sol et des plants, etc.<\/p>\n\n\n\n<figure class=\"wp-block-image size-full is-resized\"><img decoding=\"async\" width=\"1000\" height=\"665\" src=\"https:\/\/www.ubishops.ca\/wp-content\/uploads\/SAFS_strawberries-1000px.jpg\" alt=\"Strawberry field at Bishop's\" class=\"wp-image-105648\" style=\"width:800px\" srcset=\"https:\/\/www.ubishops.ca\/wp-content\/uploads\/SAFS_strawberries-1000px.jpg 1000w, https:\/\/www.ubishops.ca\/wp-content\/uploads\/SAFS_strawberries-1000px-300x200.jpg 300w, https:\/\/www.ubishops.ca\/wp-content\/uploads\/SAFS_strawberries-1000px-150x100.jpg 150w, https:\/\/www.ubishops.ca\/wp-content\/uploads\/SAFS_strawberries-1000px-768x511.jpg 768w\" sizes=\"(max-width: 1000px) 100vw, 1000px\" \/><\/figure>\n\n\n\n<div style=\"height:30px\" aria-hidden=\"true\" class=\"wp-block-spacer\"><\/div>\n\n\n\n<h2 class=\"wp-block-heading\"><strong>Viens nous voir<\/strong><\/h2>\n\n\n\n<p>Si les programmes en SAFS t\u2019int\u00e9ressent et si tu veux en savoir plus, discute avec un de nos recruteurs. Envoie-nous un courriel \u00e0 <a href=\"&#109;&#x61;&#x69;l&#116;&#x6f;&#x3a;r&#101;&#x63;r&#117;&#x69;&#x74;m&#101;&#x6e;t&#64;&#x75;&#x62;i&#115;&#x68;&#x6f;&#112;&#x73;&#x2e;c&#97;\" target=\"_blank\" rel=\"noreferrer noopener\">&#x72;&#101;&#99;&#x72;&#x75;&#105;&#116;&#x6d;&#x65;&#110;&#116;&#x40;&#x75;&#98;&#105;&#x73;&#x68;&#111;&#112;&#x73;&#x2e;&#99;&#97;<\/a>, ou appelle-nous au 819\u202f822-9600 poste\u202f2681.&nbsp;<\/p>\n\n\n\n<p>Si tu penses \u00e9tudier \u00e0 Bishop\u2019s et souhaites visiter notre ferme, une de nos \u00e9quipes se fera un plaisir de t\u2019accompagner! <a href=\"https:\/\/www.ubishops.ca\/future-students\/campus-tours-events\/\" target=\"_blank\" rel=\"noreferrer noopener\"><strong>R\u00e9serve ta visite<\/strong><\/a>.&nbsp;<\/p>\n\n\n\n<p>Au plaisir de te voir parmi nous!<\/p>\n\n\n\n<div style=\"height:30px\" aria-hidden=\"true\" class=\"wp-block-spacer\"><\/div>\n\n\n\n<h2 class=\"wp-block-heading\"><strong>Qu\u2019attends-tu?<\/strong><\/h2>\n\n\n\n<div class=\"wp-block-buttons is-layout-flex wp-block-buttons-is-layout-flex\">\n<div class=\"wp-block-button\"><a class=\"wp-block-button__link has-white-color has-purple-background-color has-text-color has-background has-link-color wp-element-button\" href=\"https:\/\/www.ubishops.ca\/fr\/futurs-etudiants\/bishops-university-online-application\/\">Inscris-toi<\/a><\/div>\n<\/div>\n","protected":false},"excerpt":{"rendered":"<p>\u00c9l\u00e9ment central du programme en Agriculture et syst\u00e8mes alimentaires durables (SAFS) (mis sur pied en 2019), notre ferme \u00e9ducative de 140\u202facres est un lieu ax\u00e9 sur l\u2019apprentissage par l\u2019exp\u00e9rience qui favorise l\u2019exploration, l\u2019exp\u00e9rimentation et la mod\u00e9lisation de ce \u00e0 quoi ressembleront les agro\u00e9cosyst\u00e8mes durables de l\u2019avenir, et elle sert de laboratoire pour les cours sur&#8230;<\/p>\n","protected":false},"author":49,"featured_media":0,"parent":63619,"menu_order":145,"comment_status":"closed","ping_status":"closed","template":"","meta":{"_acf_changed":false,"_cbd_carousel_blocks":"[]","_kad_blocks_custom_css":"","_kad_blocks_head_custom_js":"","_kad_blocks_body_custom_js":"","_kad_blocks_footer_custom_js":"","_kad_post_transparent":"","_kad_post_title":"","_kad_post_layout":"","_kad_post_sidebar_id":"","_kad_post_content_style":"","_kad_post_vertical_padding":"","_kad_post_feature":"","_kad_post_feature_position":"","_kad_post_header":false,"_kad_post_footer":false,"_kad_post_classname":"","footnotes":""},"class_list":["post-116244","page","type-page","status-publish","hentry"],"acf":[],"yoast_head":"<!-- This site is optimized with the Yoast SEO plugin v27.2 - https:\/\/yoast.com\/product\/yoast-seo-wordpress\/ -->\n<title>La ferme \u00e9ducative - Bishop&#039;s University<\/title>\n<meta name=\"robots\" content=\"index, follow, max-snippet:-1, max-image-preview:large, max-video-preview:-1\" \/>\n<link rel=\"canonical\" href=\"https:\/\/www.ubishops.ca\/fr\/programmes-d-etudes\/faculty-of-social-sciences\/programmes-en-agriculture-et-systemes-alimentaires-durables\/educational-farm\/\" \/>\n<meta property=\"og:locale\" content=\"fr_FR\" \/>\n<meta property=\"og:type\" content=\"article\" \/>\n<meta property=\"og:title\" content=\"La ferme \u00e9ducative - Bishop&#039;s University\" \/>\n<meta property=\"og:description\" content=\"\u00c9l\u00e9ment central du programme en Agriculture et syst\u00e8mes alimentaires durables (SAFS) (mis sur pied en 2019), notre ferme \u00e9ducative de 140\u202facres est un lieu ax\u00e9 sur l\u2019apprentissage par l\u2019exp\u00e9rience qui favorise l\u2019exploration, l\u2019exp\u00e9rimentation et la mod\u00e9lisation de ce \u00e0 quoi ressembleront les agro\u00e9cosyst\u00e8mes durables de l\u2019avenir, et elle sert de laboratoire pour les cours sur...\" \/>\n<meta property=\"og:url\" content=\"https:\/\/www.ubishops.ca\/fr\/programmes-d-etudes\/faculty-of-social-sciences\/programmes-en-agriculture-et-systemes-alimentaires-durables\/educational-farm\/\" \/>\n<meta property=\"og:site_name\" content=\"Bishop&#039;s University\" \/>\n<meta property=\"article:publisher\" content=\"https:\/\/www.facebook.com\/ubishops\" \/>\n<meta property=\"article:modified_time\" content=\"2025-11-24T19:47:01+00:00\" \/>\n<meta property=\"og:image\" content=\"https:\/\/www.ubishops.ca\/wp-content\/uploads\/map-educational-farm-p21-of-master-plan.jpg\" \/>\n\t<meta property=\"og:image:width\" content=\"1200\" \/>\n\t<meta property=\"og:image:height\" content=\"718\" \/>\n\t<meta property=\"og:image:type\" content=\"image\/jpeg\" \/>\n<meta name=\"twitter:card\" content=\"summary_large_image\" \/>\n<meta name=\"twitter:site\" content=\"@ubishops\" \/>\n<meta name=\"twitter:label1\" content=\"Dur\u00e9e de lecture estim\u00e9e\" \/>\n\t<meta name=\"twitter:data1\" content=\"8 minutes\" \/>\n<script type=\"application\/ld+json\" class=\"yoast-schema-graph\">{\"@context\":\"https:\/\/schema.org\",\"@graph\":[{\"@type\":\"WebPage\",\"@id\":\"https:\/\/www.ubishops.ca\/fr\/programmes-d-etudes\/faculty-of-social-sciences\/programmes-en-agriculture-et-systemes-alimentaires-durables\/educational-farm\/\",\"url\":\"https:\/\/www.ubishops.ca\/fr\/programmes-d-etudes\/faculty-of-social-sciences\/programmes-en-agriculture-et-systemes-alimentaires-durables\/educational-farm\/\",\"name\":\"La ferme \u00e9ducative - Bishop&#039;s University\",\"isPartOf\":{\"@id\":\"https:\/\/www.ubishops.ca\/#website\"},\"primaryImageOfPage\":{\"@id\":\"https:\/\/www.ubishops.ca\/fr\/programmes-d-etudes\/faculty-of-social-sciences\/programmes-en-agriculture-et-systemes-alimentaires-durables\/educational-farm\/#primaryimage\"},\"image\":{\"@id\":\"https:\/\/www.ubishops.ca\/fr\/programmes-d-etudes\/faculty-of-social-sciences\/programmes-en-agriculture-et-systemes-alimentaires-durables\/educational-farm\/#primaryimage\"},\"thumbnailUrl\":\"https:\/\/www.ubishops.ca\/wp-content\/uploads\/map-educational-farm-p21-of-master-plan-1024x613.jpg\",\"datePublished\":\"2020-03-19T14:48:07+00:00\",\"dateModified\":\"2025-11-24T19:47:01+00:00\",\"breadcrumb\":{\"@id\":\"https:\/\/www.ubishops.ca\/fr\/programmes-d-etudes\/faculty-of-social-sciences\/programmes-en-agriculture-et-systemes-alimentaires-durables\/educational-farm\/#breadcrumb\"},\"inLanguage\":\"fr-FR\",\"potentialAction\":[{\"@type\":\"ReadAction\",\"target\":[\"https:\/\/www.ubishops.ca\/fr\/programmes-d-etudes\/faculty-of-social-sciences\/programmes-en-agriculture-et-systemes-alimentaires-durables\/educational-farm\/\"]}]},{\"@type\":\"ImageObject\",\"inLanguage\":\"fr-FR\",\"@id\":\"https:\/\/www.ubishops.ca\/fr\/programmes-d-etudes\/faculty-of-social-sciences\/programmes-en-agriculture-et-systemes-alimentaires-durables\/educational-farm\/#primaryimage\",\"url\":\"https:\/\/www.ubishops.ca\/wp-content\/uploads\/map-educational-farm-p21-of-master-plan-1024x613.jpg\",\"contentUrl\":\"https:\/\/www.ubishops.ca\/wp-content\/uploads\/map-educational-farm-p21-of-master-plan-1024x613.jpg\"},{\"@type\":\"BreadcrumbList\",\"@id\":\"https:\/\/www.ubishops.ca\/fr\/programmes-d-etudes\/faculty-of-social-sciences\/programmes-en-agriculture-et-systemes-alimentaires-durables\/educational-farm\/#breadcrumb\",\"itemListElement\":[{\"@type\":\"ListItem\",\"position\":1,\"name\":\"Accueil\",\"item\":\"https:\/\/www.ubishops.ca\/fr\/\"},{\"@type\":\"ListItem\",\"position\":2,\"name\":\"Programmes d&#8217;\u00e9tudes\",\"item\":\"https:\/\/www.ubishops.ca\/fr\/programmes-d-etudes\/\"},{\"@type\":\"ListItem\",\"position\":3,\"name\":\"Facult\u00e9 des sciences sociales\",\"item\":\"https:\/\/www.ubishops.ca\/fr\/programmes-d-etudes\/faculty-of-social-sciences\/\"},{\"@type\":\"ListItem\",\"position\":4,\"name\":\"Programmes en agriculture et syst\u00e8mes alimentaires durables (ASAD)\",\"item\":\"https:\/\/www.ubishops.ca\/fr\/programmes-d-etudes\/faculty-of-social-sciences\/programmes-en-agriculture-et-systemes-alimentaires-durables\/\"},{\"@type\":\"ListItem\",\"position\":5,\"name\":\"La ferme \u00e9ducative\"}]},{\"@type\":\"WebSite\",\"@id\":\"https:\/\/www.ubishops.ca\/#website\",\"url\":\"https:\/\/www.ubishops.ca\/\",\"name\":\"Bishop&#039;s University\",\"description\":\"\",\"potentialAction\":[{\"@type\":\"SearchAction\",\"target\":{\"@type\":\"EntryPoint\",\"urlTemplate\":\"https:\/\/www.ubishops.ca\/?s={search_term_string}\"},\"query-input\":{\"@type\":\"PropertyValueSpecification\",\"valueRequired\":true,\"valueName\":\"search_term_string\"}}],\"inLanguage\":\"fr-FR\"}]}<\/script>\n<!-- \/ Yoast SEO plugin. -->","yoast_head_json":{"title":"La ferme \u00e9ducative - Bishop&#039;s University","robots":{"index":"index","follow":"follow","max-snippet":"max-snippet:-1","max-image-preview":"max-image-preview:large","max-video-preview":"max-video-preview:-1"},"canonical":"https:\/\/www.ubishops.ca\/fr\/programmes-d-etudes\/faculty-of-social-sciences\/programmes-en-agriculture-et-systemes-alimentaires-durables\/educational-farm\/","og_locale":"fr_FR","og_type":"article","og_title":"La ferme \u00e9ducative - Bishop&#039;s University","og_description":"\u00c9l\u00e9ment central du programme en Agriculture et syst\u00e8mes alimentaires durables (SAFS) (mis sur pied en 2019), notre ferme \u00e9ducative de 140\u202facres est un lieu ax\u00e9 sur l\u2019apprentissage par l\u2019exp\u00e9rience qui favorise l\u2019exploration, l\u2019exp\u00e9rimentation et la mod\u00e9lisation de ce \u00e0 quoi ressembleront les agro\u00e9cosyst\u00e8mes durables de l\u2019avenir, et elle sert de laboratoire pour les cours sur...","og_url":"https:\/\/www.ubishops.ca\/fr\/programmes-d-etudes\/faculty-of-social-sciences\/programmes-en-agriculture-et-systemes-alimentaires-durables\/educational-farm\/","og_site_name":"Bishop&#039;s University","article_publisher":"https:\/\/www.facebook.com\/ubishops","article_modified_time":"2025-11-24T19:47:01+00:00","og_image":[{"width":1200,"height":718,"url":"https:\/\/www.ubishops.ca\/wp-content\/uploads\/map-educational-farm-p21-of-master-plan.jpg","type":"image\/jpeg"}],"twitter_card":"summary_large_image","twitter_site":"@ubishops","twitter_misc":{"Dur\u00e9e de lecture estim\u00e9e":"8 minutes"},"schema":{"@context":"https:\/\/schema.org","@graph":[{"@type":"WebPage","@id":"https:\/\/www.ubishops.ca\/fr\/programmes-d-etudes\/faculty-of-social-sciences\/programmes-en-agriculture-et-systemes-alimentaires-durables\/educational-farm\/","url":"https:\/\/www.ubishops.ca\/fr\/programmes-d-etudes\/faculty-of-social-sciences\/programmes-en-agriculture-et-systemes-alimentaires-durables\/educational-farm\/","name":"La ferme \u00e9ducative - Bishop&#039;s University","isPartOf":{"@id":"https:\/\/www.ubishops.ca\/#website"},"primaryImageOfPage":{"@id":"https:\/\/www.ubishops.ca\/fr\/programmes-d-etudes\/faculty-of-social-sciences\/programmes-en-agriculture-et-systemes-alimentaires-durables\/educational-farm\/#primaryimage"},"image":{"@id":"https:\/\/www.ubishops.ca\/fr\/programmes-d-etudes\/faculty-of-social-sciences\/programmes-en-agriculture-et-systemes-alimentaires-durables\/educational-farm\/#primaryimage"},"thumbnailUrl":"https:\/\/www.ubishops.ca\/wp-content\/uploads\/map-educational-farm-p21-of-master-plan-1024x613.jpg","datePublished":"2020-03-19T14:48:07+00:00","dateModified":"2025-11-24T19:47:01+00:00","breadcrumb":{"@id":"https:\/\/www.ubishops.ca\/fr\/programmes-d-etudes\/faculty-of-social-sciences\/programmes-en-agriculture-et-systemes-alimentaires-durables\/educational-farm\/#breadcrumb"},"inLanguage":"fr-FR","potentialAction":[{"@type":"ReadAction","target":["https:\/\/www.ubishops.ca\/fr\/programmes-d-etudes\/faculty-of-social-sciences\/programmes-en-agriculture-et-systemes-alimentaires-durables\/educational-farm\/"]}]},{"@type":"ImageObject","inLanguage":"fr-FR","@id":"https:\/\/www.ubishops.ca\/fr\/programmes-d-etudes\/faculty-of-social-sciences\/programmes-en-agriculture-et-systemes-alimentaires-durables\/educational-farm\/#primaryimage","url":"https:\/\/www.ubishops.ca\/wp-content\/uploads\/map-educational-farm-p21-of-master-plan-1024x613.jpg","contentUrl":"https:\/\/www.ubishops.ca\/wp-content\/uploads\/map-educational-farm-p21-of-master-plan-1024x613.jpg"},{"@type":"BreadcrumbList","@id":"https:\/\/www.ubishops.ca\/fr\/programmes-d-etudes\/faculty-of-social-sciences\/programmes-en-agriculture-et-systemes-alimentaires-durables\/educational-farm\/#breadcrumb","itemListElement":[{"@type":"ListItem","position":1,"name":"Accueil","item":"https:\/\/www.ubishops.ca\/fr\/"},{"@type":"ListItem","position":2,"name":"Programmes d&#8217;\u00e9tudes","item":"https:\/\/www.ubishops.ca\/fr\/programmes-d-etudes\/"},{"@type":"ListItem","position":3,"name":"Facult\u00e9 des sciences sociales","item":"https:\/\/www.ubishops.ca\/fr\/programmes-d-etudes\/faculty-of-social-sciences\/"},{"@type":"ListItem","position":4,"name":"Programmes en agriculture et syst\u00e8mes alimentaires durables (ASAD)","item":"https:\/\/www.ubishops.ca\/fr\/programmes-d-etudes\/faculty-of-social-sciences\/programmes-en-agriculture-et-systemes-alimentaires-durables\/"},{"@type":"ListItem","position":5,"name":"La ferme \u00e9ducative"}]},{"@type":"WebSite","@id":"https:\/\/www.ubishops.ca\/#website","url":"https:\/\/www.ubishops.ca\/","name":"Bishop&#039;s University","description":"","potentialAction":[{"@type":"SearchAction","target":{"@type":"EntryPoint","urlTemplate":"https:\/\/www.ubishops.ca\/?s={search_term_string}"},"query-input":{"@type":"PropertyValueSpecification","valueRequired":true,"valueName":"search_term_string"}}],"inLanguage":"fr-FR"}]}},"taxonomy_info":[],"featured_image_src_large":false,"author_info":{"display_name":"Julie Fradette","author_link":"https:\/\/www.ubishops.ca\/fr\/author\/jfradett\/"},"comment_info":0,"publishpress_future_action":{"enabled":false,"date":"2026-04-15 14:59:17","action":"change-status","newStatus":"draft","terms":[],"taxonomy":"translation_priority","extraData":[]},"publishpress_future_workflow_manual_trigger":{"enabledWorkflows":[]},"_links":{"self":[{"href":"https:\/\/www.ubishops.ca\/fr\/wp-json\/wp\/v2\/pages\/116244","targetHints":{"allow":["GET"]}}],"collection":[{"href":"https:\/\/www.ubishops.ca\/fr\/wp-json\/wp\/v2\/pages"}],"about":[{"href":"https:\/\/www.ubishops.ca\/fr\/wp-json\/wp\/v2\/types\/page"}],"author":[{"embeddable":true,"href":"https:\/\/www.ubishops.ca\/fr\/wp-json\/wp\/v2\/users\/49"}],"replies":[{"embeddable":true,"href":"https:\/\/www.ubishops.ca\/fr\/wp-json\/wp\/v2\/comments?post=116244"}],"version-history":[{"count":1,"href":"https:\/\/www.ubishops.ca\/fr\/wp-json\/wp\/v2\/pages\/116244\/revisions"}],"predecessor-version":[{"id":129159,"href":"https:\/\/www.ubishops.ca\/fr\/wp-json\/wp\/v2\/pages\/116244\/revisions\/129159"}],"up":[{"embeddable":true,"href":"https:\/\/www.ubishops.ca\/fr\/wp-json\/wp\/v2\/pages\/63619"}],"wp:attachment":[{"href":"https:\/\/www.ubishops.ca\/fr\/wp-json\/wp\/v2\/media?parent=116244"}],"curies":[{"name":"wp","href":"https:\/\/api.w.org\/{rel}","templated":true}]}}