{"id":116230,"date":"2022-12-14T16:09:58","date_gmt":"2022-12-14T21:09:58","guid":{"rendered":"https:\/\/www.ubishops.ca\/bureau-des-relations-avec-les-diplomes-et-de-la-philanthropie\/donate-now\/"},"modified":"2024-10-09T11:34:42","modified_gmt":"2024-10-09T15:34:42","slug":"faire-un-don","status":"publish","type":"page","link":"https:\/\/www.ubishops.ca\/fr\/bureau-des-relations-avec-les-diplomes-et-de-la-philanthropie\/faire-un-don\/","title":{"rendered":"Faire un don \u00e0 l\u2019Universit\u00e9 Bishop\u2019s"},"content":{"rendered":"\n<p>Nous vous remercions pour votre don \u00e0 Bishop\u2019s.\u00a0<\/p>\n\n\n\n<p>Votre g\u00e9n\u00e9rosit\u00e9 et votre bienveillance nous aident \u00e0 offrir \u00e0 nos \u00e9tudiantes des occasions d\u2019apprentissage exceptionnelles, dans les classes et \u00e0 l\u2019ext\u00e9rieur, et \u00e0 faciliter la cr\u00e9ation d\u2019amiti\u00e9s qui dureront toute une vie.\u00a0<\/p>\n\n\n\n<div id=\"bbox-root\"><\/div>\n<script type=\"text\/javascript\">\n       window.bboxInit = function () {\n           bbox.showForm('e99aa599-7781-4009-a64b-cc85f7af5b0d');\n       };\n       (function () {\n           var e = document.createElement('script'); e.async = true;\n           e.src = 'https:\/\/bbox.blackbaudhosting.com\/webforms\/bbox-min.js';\n           document.getElementsByTagName('head')[0].appendChild(e);\n       } ());\n<\/script>\n","protected":false},"excerpt":{"rendered":"<p>Nous vous remercions pour votre don \u00e0 Bishop\u2019s.\u00a0 Votre g\u00e9n\u00e9rosit\u00e9 et votre bienveillance nous aident \u00e0 offrir \u00e0 nos \u00e9tudiantes des occasions d\u2019apprentissage exceptionnelles, dans les classes et \u00e0 l\u2019ext\u00e9rieur, et \u00e0 faciliter la cr\u00e9ation d\u2019amiti\u00e9s qui dureront toute une vie.\u00a0<\/p>\n","protected":false},"author":49,"featured_media":0,"parent":116188,"menu_order":152,"comment_status":"closed","ping_status":"closed","template":"templates\/page-width-sidebar.php","meta":{"_acf_changed":false,"_cbd_carousel_blocks":"[]","_kad_blocks_custom_css":"","_kad_blocks_head_custom_js":"","_kad_blocks_body_custom_js":"","_kad_blocks_footer_custom_js":"","_kad_post_transparent":"","_kad_post_title":"","_kad_post_layout":"","_kad_post_sidebar_id":"","_kad_post_content_style":"","_kad_post_vertical_padding":"","_kad_post_feature":"","_kad_post_feature_position":"","_kad_post_header":false,"_kad_post_footer":false,"_kad_post_classname":"","footnotes":""},"class_list":["post-116230","page","type-page","status-publish","hentry"],"acf":[],"yoast_head":"<!-- This site is optimized with the Yoast SEO plugin v27.2 - https:\/\/yoast.com\/product\/yoast-seo-wordpress\/ -->\n<title>Faire un don \u00e0 l\u2019Universit\u00e9 Bishop\u2019s - Bishop&#039;s University<\/title>\n<meta name=\"robots\" content=\"index, follow, max-snippet:-1, max-image-preview:large, max-video-preview:-1\" \/>\n<link rel=\"canonical\" href=\"https:\/\/www.ubishops.ca\/fr\/bureau-des-relations-avec-les-diplomes-et-de-la-philanthropie\/faire-un-don\/\" \/>\n<meta property=\"og:locale\" content=\"fr_FR\" \/>\n<meta property=\"og:type\" content=\"article\" \/>\n<meta property=\"og:title\" content=\"Faire un don \u00e0 l\u2019Universit\u00e9 Bishop\u2019s - Bishop&#039;s University\" \/>\n<meta property=\"og:description\" content=\"Nous vous remercions pour votre don \u00e0 Bishop\u2019s.\u00a0 Votre g\u00e9n\u00e9rosit\u00e9 et votre bienveillance nous aident \u00e0 offrir \u00e0 nos \u00e9tudiantes des occasions d\u2019apprentissage exceptionnelles, dans les classes et \u00e0 l\u2019ext\u00e9rieur, et \u00e0 faciliter la cr\u00e9ation d\u2019amiti\u00e9s qui dureront toute une vie.\u00a0\" \/>\n<meta property=\"og:url\" content=\"https:\/\/www.ubishops.ca\/fr\/bureau-des-relations-avec-les-diplomes-et-de-la-philanthropie\/faire-un-don\/\" \/>\n<meta property=\"og:site_name\" content=\"Bishop&#039;s University\" \/>\n<meta property=\"article:publisher\" content=\"https:\/\/www.facebook.com\/ubishops\" \/>\n<meta property=\"article:modified_time\" content=\"2024-10-09T15:34:42+00:00\" \/>\n<meta name=\"twitter:card\" content=\"summary_large_image\" \/>\n<meta name=\"twitter:site\" content=\"@ubishops\" \/>\n<script type=\"application\/ld+json\" class=\"yoast-schema-graph\">{\"@context\":\"https:\/\/schema.org\",\"@graph\":[{\"@type\":\"WebPage\",\"@id\":\"https:\/\/www.ubishops.ca\/fr\/bureau-des-relations-avec-les-diplomes-et-de-la-philanthropie\/faire-un-don\/\",\"url\":\"https:\/\/www.ubishops.ca\/fr\/bureau-des-relations-avec-les-diplomes-et-de-la-philanthropie\/faire-un-don\/\",\"name\":\"Faire un don \u00e0 l\u2019Universit\u00e9 Bishop\u2019s - Bishop&#039;s University\",\"isPartOf\":{\"@id\":\"https:\/\/www.ubishops.ca\/#website\"},\"datePublished\":\"2022-12-14T21:09:58+00:00\",\"dateModified\":\"2024-10-09T15:34:42+00:00\",\"breadcrumb\":{\"@id\":\"https:\/\/www.ubishops.ca\/fr\/bureau-des-relations-avec-les-diplomes-et-de-la-philanthropie\/faire-un-don\/#breadcrumb\"},\"inLanguage\":\"fr-FR\",\"potentialAction\":[{\"@type\":\"ReadAction\",\"target\":[\"https:\/\/www.ubishops.ca\/fr\/bureau-des-relations-avec-les-diplomes-et-de-la-philanthropie\/faire-un-don\/\"]}]},{\"@type\":\"BreadcrumbList\",\"@id\":\"https:\/\/www.ubishops.ca\/fr\/bureau-des-relations-avec-les-diplomes-et-de-la-philanthropie\/faire-un-don\/#breadcrumb\",\"itemListElement\":[{\"@type\":\"ListItem\",\"position\":1,\"name\":\"Accueil\",\"item\":\"https:\/\/www.ubishops.ca\/fr\/\"},{\"@type\":\"ListItem\",\"position\":2,\"name\":\"Bureau des relations avec les dipl\u00f4m\u00e9s et de la philanthropie\",\"item\":\"https:\/\/www.ubishops.ca\/fr\/bureau-des-relations-avec-les-diplomes-et-de-la-philanthropie\/\"},{\"@type\":\"ListItem\",\"position\":3,\"name\":\"Faire un don \u00e0 l\u2019Universit\u00e9 Bishop\u2019s\"}]},{\"@type\":\"WebSite\",\"@id\":\"https:\/\/www.ubishops.ca\/#website\",\"url\":\"https:\/\/www.ubishops.ca\/\",\"name\":\"Bishop&#039;s University\",\"description\":\"\",\"potentialAction\":[{\"@type\":\"SearchAction\",\"target\":{\"@type\":\"EntryPoint\",\"urlTemplate\":\"https:\/\/www.ubishops.ca\/?s={search_term_string}\"},\"query-input\":{\"@type\":\"PropertyValueSpecification\",\"valueRequired\":true,\"valueName\":\"search_term_string\"}}],\"inLanguage\":\"fr-FR\"}]}<\/script>\n<!-- \/ Yoast SEO plugin. -->","yoast_head_json":{"title":"Faire un don \u00e0 l\u2019Universit\u00e9 Bishop\u2019s - Bishop&#039;s University","robots":{"index":"index","follow":"follow","max-snippet":"max-snippet:-1","max-image-preview":"max-image-preview:large","max-video-preview":"max-video-preview:-1"},"canonical":"https:\/\/www.ubishops.ca\/fr\/bureau-des-relations-avec-les-diplomes-et-de-la-philanthropie\/faire-un-don\/","og_locale":"fr_FR","og_type":"article","og_title":"Faire un don \u00e0 l\u2019Universit\u00e9 Bishop\u2019s - Bishop&#039;s University","og_description":"Nous vous remercions pour votre don \u00e0 Bishop\u2019s.\u00a0 Votre g\u00e9n\u00e9rosit\u00e9 et votre bienveillance nous aident \u00e0 offrir \u00e0 nos \u00e9tudiantes des occasions d\u2019apprentissage exceptionnelles, dans les classes et \u00e0 l\u2019ext\u00e9rieur, et \u00e0 faciliter la cr\u00e9ation d\u2019amiti\u00e9s qui dureront toute une vie.\u00a0","og_url":"https:\/\/www.ubishops.ca\/fr\/bureau-des-relations-avec-les-diplomes-et-de-la-philanthropie\/faire-un-don\/","og_site_name":"Bishop&#039;s University","article_publisher":"https:\/\/www.facebook.com\/ubishops","article_modified_time":"2024-10-09T15:34:42+00:00","twitter_card":"summary_large_image","twitter_site":"@ubishops","schema":{"@context":"https:\/\/schema.org","@graph":[{"@type":"WebPage","@id":"https:\/\/www.ubishops.ca\/fr\/bureau-des-relations-avec-les-diplomes-et-de-la-philanthropie\/faire-un-don\/","url":"https:\/\/www.ubishops.ca\/fr\/bureau-des-relations-avec-les-diplomes-et-de-la-philanthropie\/faire-un-don\/","name":"Faire un don \u00e0 l\u2019Universit\u00e9 Bishop\u2019s - Bishop&#039;s University","isPartOf":{"@id":"https:\/\/www.ubishops.ca\/#website"},"datePublished":"2022-12-14T21:09:58+00:00","dateModified":"2024-10-09T15:34:42+00:00","breadcrumb":{"@id":"https:\/\/www.ubishops.ca\/fr\/bureau-des-relations-avec-les-diplomes-et-de-la-philanthropie\/faire-un-don\/#breadcrumb"},"inLanguage":"fr-FR","potentialAction":[{"@type":"ReadAction","target":["https:\/\/www.ubishops.ca\/fr\/bureau-des-relations-avec-les-diplomes-et-de-la-philanthropie\/faire-un-don\/"]}]},{"@type":"BreadcrumbList","@id":"https:\/\/www.ubishops.ca\/fr\/bureau-des-relations-avec-les-diplomes-et-de-la-philanthropie\/faire-un-don\/#breadcrumb","itemListElement":[{"@type":"ListItem","position":1,"name":"Accueil","item":"https:\/\/www.ubishops.ca\/fr\/"},{"@type":"ListItem","position":2,"name":"Bureau des relations avec les dipl\u00f4m\u00e9s et de la philanthropie","item":"https:\/\/www.ubishops.ca\/fr\/bureau-des-relations-avec-les-diplomes-et-de-la-philanthropie\/"},{"@type":"ListItem","position":3,"name":"Faire un don \u00e0 l\u2019Universit\u00e9 Bishop\u2019s"}]},{"@type":"WebSite","@id":"https:\/\/www.ubishops.ca\/#website","url":"https:\/\/www.ubishops.ca\/","name":"Bishop&#039;s University","description":"","potentialAction":[{"@type":"SearchAction","target":{"@type":"EntryPoint","urlTemplate":"https:\/\/www.ubishops.ca\/?s={search_term_string}"},"query-input":{"@type":"PropertyValueSpecification","valueRequired":true,"valueName":"search_term_string"}}],"inLanguage":"fr-FR"}]}},"taxonomy_info":[],"featured_image_src_large":false,"author_info":{"display_name":"Julie Fradette","author_link":"https:\/\/www.ubishops.ca\/fr\/author\/jfradett\/"},"comment_info":0,"publishpress_future_action":{"enabled":false,"date":"2026-04-15 18:25:37","action":"change-status","newStatus":"draft","terms":[],"taxonomy":"translation_priority","extraData":[]},"publishpress_future_workflow_manual_trigger":{"enabledWorkflows":[]},"_links":{"self":[{"href":"https:\/\/www.ubishops.ca\/fr\/wp-json\/wp\/v2\/pages\/116230","targetHints":{"allow":["GET"]}}],"collection":[{"href":"https:\/\/www.ubishops.ca\/fr\/wp-json\/wp\/v2\/pages"}],"about":[{"href":"https:\/\/www.ubishops.ca\/fr\/wp-json\/wp\/v2\/types\/page"}],"author":[{"embeddable":true,"href":"https:\/\/www.ubishops.ca\/fr\/wp-json\/wp\/v2\/users\/49"}],"replies":[{"embeddable":true,"href":"https:\/\/www.ubishops.ca\/fr\/wp-json\/wp\/v2\/comments?post=116230"}],"version-history":[{"count":0,"href":"https:\/\/www.ubishops.ca\/fr\/wp-json\/wp\/v2\/pages\/116230\/revisions"}],"up":[{"embeddable":true,"href":"https:\/\/www.ubishops.ca\/fr\/wp-json\/wp\/v2\/pages\/116188"}],"wp:attachment":[{"href":"https:\/\/www.ubishops.ca\/fr\/wp-json\/wp\/v2\/media?parent=116230"}],"curies":[{"name":"wp","href":"https:\/\/api.w.org\/{rel}","templated":true}]}}