{"id":116220,"date":"2022-10-18T18:36:06","date_gmt":"2022-10-18T22:36:06","guid":{"rendered":"https:\/\/www.ubishops.ca\/bureau-des-relations-avec-les-diplomes-et-de-la-philanthropie\/events-and-reunions\/"},"modified":"2026-01-30T11:07:07","modified_gmt":"2026-01-30T16:07:07","slug":"evenements-et-reunions","status":"publish","type":"page","link":"https:\/\/www.ubishops.ca\/fr\/bureau-des-relations-avec-les-diplomes-et-de-la-philanthropie\/evenements-et-reunions\/","title":{"rendered":"\u00c9v\u00e9nements et r\u00e9unions\u00a0"},"content":{"rendered":"\n<p>\u00c0 la recherche d\u2019une fa\u00e7on plaisante de d\u00e9crocher, de revoir des anciens amis ou de rencontrer de nouveaux Gaiters?&nbsp;&nbsp;&nbsp;<\/p>\n\n\n\n<p>Nous avons plusieurs \u00e9v\u00e9nements pour anciennes et anciens \u00e9l\u00e8ves \u00e0 venir! Une multitude d\u2019activit\u00e9s pour tous les go\u00fbts sont organis\u00e9es chaque ann\u00e9e pour nos dipl\u00f4m\u00e9s par l\u2019Association des anciennes et anciens \u00e9l\u00e8ves.&nbsp;&nbsp;&nbsp;<\/p>\n\n\n\n<p>Alors, sortez et venez nous aider \u00e0 repeindre la ville (et le monde) en mauve!&nbsp;<\/p>\n\n\n\n<p>Un d\u00e9sir de s\u2019impliquer? \u00c9crivez \u00e0 <a href=\"&#109;a&#105;l&#116;o&#x3a;a&#x6c;u&#x6d;n&#x69;&#64;&#x75;b&#x69;s&#x68;o&#x70;s&#x2e;c&#x61;\">&#x61;&#108;u&#x6d;&#110;i&#x40;&#117;b&#x69;&#x73;&#104;&#x6f;&#x70;&#115;&#46;&#x63;&#97;<\/a> et indiquez votre ville et la mani\u00e8re dont vous voulez participer!&nbsp;<\/p>\n\n\n\n<h2 class=\"wp-block-heading\">\u00c9v\u00e9nements de l\u2019association<\/h2>\n\n\n\n<p>R\u00e9ceptions des anciens et des amis de Bishop&rsquo;s &#8211; Centre du Canada<\/p>\n\n\n\n<ul class=\"wp-block-list\">\n<li><a href=\"https:\/\/www.ubishops.ca\/alumni-relations-and-philanthropy-office\/events-and-reunions\/alumni-receptions\/collingwood-alumni-friends-reception\/\">Collingwood, ON<\/a> &#8211; 4 f\u00e9vrier 2026<\/li>\n<\/ul>\n\n\n\n<p><a href=\"https:\/\/www.ubishops.ca\/alumni-relations-and-philanthropy-office\/events-and-reunions\/lake-louise-ski-and-ride-day\/\">Journ\u00e9e de ski et de snowboard \u00e0 Lake Louise<\/a> &#8211; 7 mars 2026<\/p>\n\n\n\n<p><a href=\"https:\/\/www.ubishops.ca\/alumni-relations-and-philanthropy-office\/events-and-reunions\/whistler-apres-ski\/\">Journ\u00e9e de ski et de snowboard \u00e0 Whistler<\/a> &#8211; 7 mars 2026<\/p>\n\n\n\n<p><a href=\"https:\/\/docs.google.com\/forms\/d\/e\/1FAIpQLSf7scp3qMt4yStAz1xqEj-VlRPmMnAaru-34jIAfUmd6-B9vw\/viewform\" target=\"_blank\" rel=\"noreferrer noopener\">Rencontre pour le Tournoi des Six Nations \u00e0 Ottawa<\/a> &#8211; 14 mars 2026<\/p>\n\n\n\n<p><a href=\"https:\/\/www.ubishops.ca\/alumni-relations-and-philanthropy-office\/events-and-reunions\/montreal-victoire\/\">Match de la Victoire de Montr\u00e9al<\/a> &#8211; 15 mars 2026<\/p>\n\n\n\n<p>B.U. to You : soir\u00e9es avec les dipl\u00f4m\u00e9s &#8211; Inscription \u00e0 venir<\/p>\n\n\n\n<ul class=\"wp-block-list\">\n<li>Oakville, ON &#8211; 4 mai 2026<\/li>\n\n\n\n<li>Kingston, ON &#8211; 5 mai 2026<\/li>\n\n\n\n<li>Pointe-Claire, QC &#8211; 6 mai 2026<\/li>\n\n\n\n<li>Qu\u00e9bec, QC &#8211; 7 mai 2026<\/li>\n\n\n\n<li>Saint John, NB &#8211; 19 mai 2026<\/li>\n\n\n\n<li>Charlottetown, PE &#8211; 20 mai 2026<\/li>\n\n\n\n<li>Halifax, NS &#8211; 21 mai 2026<\/li>\n<\/ul>\n\n\n\n<p><a href=\"https:\/\/www.ubishops.ca\/alumni-relations-and-philanthropy-office\/events-and-reunions\/golden-mitre-reunion\/\">R\u00e9union Golden Mitre<\/a> &#8211; 12-13 juin 2026<\/p>\n\n\n\n<p>R\u00e9ceptions des anciens et des amis de Bishop&rsquo;s \u00e0 Londres, Royaume-Uni &#8211; 24 juin 2026 &#8211; Inscription \u00e0 venir<\/p>\n\n\n\n<p><a href=\"https:\/\/www.ubishops.ca\/alumni-relations-and-philanthropy-office\/events-and-reunions\/gaiters-20th-century-reunion\/gaiters-20th-century-reunion-registration\/\">R\u00e9union des Gaiters du 20\u00e8me si\u00e8cle<\/a> &#8211; 25-27 septembre 2026<\/p>\n\n\n\n<h2 class=\"wp-block-heading\">C\u00e9l\u00e9brations annuelles des Retrouvailles&nbsp;<\/h2>\n\n\n\n<div class=\"wp-block-columns is-layout-flex wp-container-core-columns-is-layout-9d6595d7 wp-block-columns-is-layout-flex\">\n<div class=\"wp-block-column is-layout-flow wp-block-column-is-layout-flow\">\n<figure class=\"wp-block-image size-large\"><img decoding=\"async\" width=\"1024\" height=\"1024\" src=\"https:\/\/www.ubishops.ca\/wp-content\/uploads\/BishopUniversity_27sept2025\u00a9Genevieve_Lesieur-553-2-1024x1024.jpg\" alt=\"Two young people dressed in purple posing on football field\" class=\"wp-image-127727\" srcset=\"https:\/\/www.ubishops.ca\/wp-content\/uploads\/BishopUniversity_27sept2025\u00a9Genevieve_Lesieur-553-2-1024x1024.jpg 1024w, https:\/\/www.ubishops.ca\/wp-content\/uploads\/BishopUniversity_27sept2025\u00a9Genevieve_Lesieur-553-2-650x650.jpg 650w, https:\/\/www.ubishops.ca\/wp-content\/uploads\/BishopUniversity_27sept2025\u00a9Genevieve_Lesieur-553-2-150x150.jpg 150w, https:\/\/www.ubishops.ca\/wp-content\/uploads\/BishopUniversity_27sept2025\u00a9Genevieve_Lesieur-553-2-768x768.jpg 768w, https:\/\/www.ubishops.ca\/wp-content\/uploads\/BishopUniversity_27sept2025\u00a9Genevieve_Lesieur-553-2-1536x1536.jpg 1536w, https:\/\/www.ubishops.ca\/wp-content\/uploads\/BishopUniversity_27sept2025\u00a9Genevieve_Lesieur-553-2.jpg 2048w\" sizes=\"(max-width: 1024px) 100vw, 1024px\" \/><\/figure>\n<\/div>\n\n\n\n<div class=\"wp-block-column is-layout-flow wp-block-column-is-layout-flow\">\n<figure class=\"wp-block-image size-large\"><img decoding=\"async\" width=\"1024\" height=\"1024\" src=\"https:\/\/www.ubishops.ca\/wp-content\/uploads\/BishopUniversity_27sept2025\u00a9Genevieve_Lesieur-26-2-1024x1024.jpg\" alt=\"Young woman getting pancakes served by the Gaiter mascot\" class=\"wp-image-127725\" srcset=\"https:\/\/www.ubishops.ca\/wp-content\/uploads\/BishopUniversity_27sept2025\u00a9Genevieve_Lesieur-26-2-1024x1024.jpg 1024w, https:\/\/www.ubishops.ca\/wp-content\/uploads\/BishopUniversity_27sept2025\u00a9Genevieve_Lesieur-26-2-650x650.jpg 650w, https:\/\/www.ubishops.ca\/wp-content\/uploads\/BishopUniversity_27sept2025\u00a9Genevieve_Lesieur-26-2-150x150.jpg 150w, https:\/\/www.ubishops.ca\/wp-content\/uploads\/BishopUniversity_27sept2025\u00a9Genevieve_Lesieur-26-2-768x768.jpg 768w, https:\/\/www.ubishops.ca\/wp-content\/uploads\/BishopUniversity_27sept2025\u00a9Genevieve_Lesieur-26-2-1536x1536.jpg 1536w, https:\/\/www.ubishops.ca\/wp-content\/uploads\/BishopUniversity_27sept2025\u00a9Genevieve_Lesieur-26-2.jpg 2048w\" sizes=\"(max-width: 1024px) 100vw, 1024px\" \/><\/figure>\n<\/div>\n\n\n\n<div class=\"wp-block-column is-layout-flow wp-block-column-is-layout-flow\">\n<figure class=\"wp-block-image size-large\"><img decoding=\"async\" width=\"1024\" height=\"1024\" src=\"https:\/\/www.ubishops.ca\/wp-content\/uploads\/BishopUniversity_27sept2025\u00a9Genevieve_Lesieur-586-2-1024x1024.jpg\" alt=\"group of friends posing in the Gait\" class=\"wp-image-127729\" srcset=\"https:\/\/www.ubishops.ca\/wp-content\/uploads\/BishopUniversity_27sept2025\u00a9Genevieve_Lesieur-586-2-1024x1024.jpg 1024w, https:\/\/www.ubishops.ca\/wp-content\/uploads\/BishopUniversity_27sept2025\u00a9Genevieve_Lesieur-586-2-650x650.jpg 650w, https:\/\/www.ubishops.ca\/wp-content\/uploads\/BishopUniversity_27sept2025\u00a9Genevieve_Lesieur-586-2-150x150.jpg 150w, https:\/\/www.ubishops.ca\/wp-content\/uploads\/BishopUniversity_27sept2025\u00a9Genevieve_Lesieur-586-2-768x768.jpg 768w, https:\/\/www.ubishops.ca\/wp-content\/uploads\/BishopUniversity_27sept2025\u00a9Genevieve_Lesieur-586-2-1536x1536.jpg 1536w, https:\/\/www.ubishops.ca\/wp-content\/uploads\/BishopUniversity_27sept2025\u00a9Genevieve_Lesieur-586-2.jpg 2048w\" sizes=\"(max-width: 1024px) 100vw, 1024px\" \/><\/figure>\n<\/div>\n<\/div>\n\n\n\n<p>Merci \u00e0 tous ceux qui se sont joints \u00e0 nous pour les retrouvailles ! On se revoit l&rsquo;ann\u00e9e prochaine !<\/p>\n\n\n\n<h2 class=\"wp-block-heading\">R\u00e9unions d\u2019anciens \u00e9l\u00e8ves&nbsp;<\/h2>\n\n\n\n<figure class=\"wp-block-image alignwide size-full\"><img decoding=\"async\" width=\"624\" height=\"488\" src=\"https:\/\/www.ubishops.ca\/wp-content\/uploads\/Class-Reunions.jpg\" alt=\"\" class=\"wp-image-91112\" srcset=\"https:\/\/www.ubishops.ca\/wp-content\/uploads\/Class-Reunions.jpg 624w, https:\/\/www.ubishops.ca\/wp-content\/uploads\/Class-Reunions-300x235.jpg 300w, https:\/\/www.ubishops.ca\/wp-content\/uploads\/Class-Reunions-150x117.jpg 150w\" sizes=\"(max-width: 624px) 100vw, 624px\" \/><\/figure>\n\n\n\n<p>Le Bureau de l\u2019avancement universitaire de Bishop\u2019s organise habituellement des r\u00e9unions d\u2019anciens \u00e9l\u00e8ves durant toute la fin de semaine des Retrouvailles. Ces r\u00e9unions sont une occasion pour nos anciennes et anciens \u00e9l\u00e8ves de se revoir et de c\u00e9l\u00e9brer tout en participant aux \u00e9v\u00e9nements et activit\u00e9s sur le campus et autour.&nbsp;<\/p>\n\n\n\n<p>Si vous avez des questions au sujet de ces \u00e9v\u00e9nements, communiquez avec Sterling Mawhinney \u201888, coordonnatrice des relations avec les dipl\u00f4m\u00e9s au 819\u202f822-9660 ou \u00e0 <a href=\"&#109;&#97;&#x69;l&#116;&#x6f;&#x3a;s&#109;&#x61;&#x77;h&#105;&#x6e;n&#64;&#x75;&#x62;i&#115;&#x68;&#x6f;p&#115;&#x2e;c&#97;\">&#x73;&#x6d;&#x61;&#x77;&#x68;&#x69;&#x6e;&#x6e;&#x40;&#x75;&#x62;&#x69;&#x73;&#x68;&#x6f;&#x70;&#x73;&#x2e;&#x63;&#x61;<\/a>.<\/p>\n\n\n\n<div style=\"height:40px\" aria-hidden=\"true\" class=\"wp-block-spacer\"><\/div>\n\n\n\n<h2 class=\"wp-block-heading\">S\u00e9rie de conf\u00e9rences Donald<\/h2>\n\n\n\n<figure class=\"wp-block-embed aligncenter is-type-video is-provider-youtube wp-block-embed-youtube wp-embed-aspect-16-9 wp-has-aspect-ratio\"><div class=\"wp-block-embed__wrapper\">\n<iframe loading=\"lazy\" title=\"Meet John Donald - Donald Lecture Series\" width=\"720\" height=\"405\" src=\"https:\/\/www.youtube.com\/embed\/dwwyey5JrO4?feature=oembed\" frameborder=\"0\" allow=\"accelerometer; autoplay; clipboard-write; encrypted-media; gyroscope; picture-in-picture; web-share\" referrerpolicy=\"strict-origin-when-cross-origin\" allowfullscreen><\/iframe>\n<\/div><\/figure>\n\n\n\n<p>Rendues possibles gr\u00e2ce \u00e0 la g\u00e9n\u00e9rosit\u00e9 de John Donald, dipl\u00f4m\u00e9 de Bishop\u2019s de la promo de 1960 et ayant obtenu un D.C.L. en 2012, ces conf\u00e9rences sont donn\u00e9es par des invit\u00e9s de renomm\u00e9e nationale et internationale sur le campus de Bishop\u2019s afin communiquer des points de vue, pousser \u00e0 r\u00e9fl\u00e9chir et stimuler les d\u00e9bats sur les enjeux et \u00e9v\u00e9nements les plus percutants de l\u2019actualit\u00e9. Toutes les conf\u00e9rences sont gratuites et ouvertes au public.&nbsp;&nbsp;<\/p>\n\n\n\n<div class=\"wp-block-buttons is-layout-flex wp-block-buttons-is-layout-flex\">\n<div class=\"wp-block-button\"><a class=\"wp-block-button__link has-purple-background-color has-background wp-element-button\" href=\"https:\/\/www.ubishops.ca\/donald-lecture-series\/\">CONF\u00c9RENCIERS \u00c0 VENIR<\/a><\/div>\n<\/div>\n\n\n\n<div style=\"height:25px\" aria-hidden=\"true\" class=\"wp-block-spacer\"><\/div>\n\n\n\n<div class=\"wp-block-group has-lighter-gray-background-color has-background\"><div class=\"wp-block-group__inner-container is-layout-flow wp-block-group-is-layout-flow\">\n<div class=\"wp-block-columns is-layout-flex wp-container-core-columns-is-layout-9d6595d7 wp-block-columns-is-layout-flex\">\n<div class=\"wp-block-column is-layout-flow wp-block-column-is-layout-flow\">\n<h3 class=\"wp-block-heading\">Soutenir l\u2019Universit\u00e9 Bishop\u2019s<\/h3>\n\n\n\n<p>Tous les dons \u00e0 Bishop\u2019s ont le pouvoir de changer la vie de nos \u00e9tudiants sur le campus, chaque jour.<\/p>\n<\/div>\n\n\n\n<div class=\"wp-block-column is-vertically-aligned-center is-layout-flow wp-block-column-is-layout-flow\">\n<div class=\"wp-block-buttons is-layout-flex wp-block-buttons-is-layout-flex\">\n<div class=\"wp-block-button is-style-fill\"><a class=\"wp-block-button__link has-purple-background-color has-background wp-element-button\" href=\"https:\/\/www.ubishops.ca\/fr\/bureau-des-relations-avec-les-diplomes-et-de-la-philanthropie\/faire-un-don\/\" target=\"_blank\" rel=\"noreferrer noopener\">FAIRE UN DON<\/a><\/div>\n<\/div>\n<\/div>\n<\/div>\n<\/div><\/div>\n\n\n\n<div style=\"height:25px\" aria-hidden=\"true\" class=\"wp-block-spacer\"><\/div>\n\n\n\n\n<section id=\"social-share-block_103a5a37f534a500ca24ffd0216b102c\" class=\"social-share display1\">\n\n\n    <div class=\"social-share-container wide-size block-center\">\n        <h2>Rester Connect\u00e9!<\/h2>\n    \n        <div class=\"social-share-icons\">\n                    <a class=\"icon nav-icon-item\" href=\"https:\/\/twitter.com\/UBishopsAlumni\" aria-label=\"Visit us on Twitter\" target=\"_blank\" rel=\"noopener\">\n                <img decoding=\"async\" loading=\"lazy\" src=\"https:\/\/www.ubishops.ca\/wp-content\/themes\/standish\/assets\/images\/tw.svg\" width=\"21\" height=\"21\" alt='Twitter social icon' role='img'\/>\n                            <\/a>\n                            <a class=\"icon nav-icon-item\" href=\"https:\/\/www.facebook.com\/UBishopsAlumni\/\" aria-label=\"Visit us on Facebook\" target=\"_blank\" rel=\"noopener\">\n                <img decoding=\"async\" loading=\"lazy\" src=\"https:\/\/www.ubishops.ca\/wp-content\/themes\/standish\/assets\/images\/fb.svg\" width=\"24\" height=\"24\" alt='Facebook social icon' role='img'\/>\n                            <\/a>\n                            <a class=\"icon nav-icon-item\" href=\"https:\/\/www.instagram.com\/ubishopsalumni\/\" aria-label=\"Visit us on Instagram\" target=\"_blank\" rel=\"noopener\"><img decoding=\"async\" loading=\"lazy\" src=\"https:\/\/www.ubishops.ca\/wp-content\/themes\/standish\/assets\/images\/ig.svg\" width=\"24\" height=\"24\" alt='Instagram social icon' role='img'\/><\/a>\n                                    <a class=\"icon nav-icon-item\" href=\"https:\/\/www.linkedin.com\/company\/ubishopsalumni\/\" aria-label=\"Visit us on LinkedIn\" target=\"_blank\" rel=\"noopener\"><img decoding=\"async\" loading=\"lazy\" src=\"https:\/\/www.ubishops.ca\/wp-content\/themes\/standish\/assets\/images\/in.svg\" width=\"24\" height=\"24\" alt='LinkedIn social icon' role='img'\/><\/a>\n        \n        \n        <\/div>\n\n        \n\n\n\n<\/section>","protected":false},"excerpt":{"rendered":"<p>\u00c0 la recherche d\u2019une fa\u00e7on plaisante de d\u00e9crocher, de revoir des anciens amis ou de rencontrer de nouveaux Gaiters?&nbsp;&nbsp;&nbsp; Nous avons plusieurs \u00e9v\u00e9nements pour anciennes et anciens \u00e9l\u00e8ves \u00e0 venir! Une multitude d\u2019activit\u00e9s pour tous les go\u00fbts sont organis\u00e9es chaque ann\u00e9e pour nos dipl\u00f4m\u00e9s par l\u2019Association des anciennes et anciens \u00e9l\u00e8ves.&nbsp;&nbsp;&nbsp; Alors, sortez et venez&#8230;<\/p>\n","protected":false},"author":49,"featured_media":0,"parent":116188,"menu_order":2,"comment_status":"closed","ping_status":"closed","template":"","meta":{"_acf_changed":false,"_cbd_carousel_blocks":"[]","_kad_blocks_custom_css":"","_kad_blocks_head_custom_js":"","_kad_blocks_body_custom_js":"","_kad_blocks_footer_custom_js":"","_kad_post_transparent":"","_kad_post_title":"","_kad_post_layout":"","_kad_post_sidebar_id":"","_kad_post_content_style":"","_kad_post_vertical_padding":"","_kad_post_feature":"","_kad_post_feature_position":"","_kad_post_header":false,"_kad_post_footer":false,"_kad_post_classname":"","footnotes":""},"class_list":["post-116220","page","type-page","status-publish","hentry"],"acf":[],"yoast_head":"<!-- This site is optimized with the Yoast SEO plugin v27.2 - https:\/\/yoast.com\/product\/yoast-seo-wordpress\/ -->\n<title>\u00c9v\u00e9nements et r\u00e9unions\u00a0 - Bishop&#039;s University<\/title>\n<meta name=\"description\" content=\"Discover the many events and reunions for Bishop&#039;s University Alumni. Join us on campus or at special events in your city!\" \/>\n<meta name=\"robots\" content=\"index, follow, max-snippet:-1, max-image-preview:large, max-video-preview:-1\" \/>\n<link rel=\"canonical\" href=\"https:\/\/www.ubishops.ca\/fr\/bureau-des-relations-avec-les-diplomes-et-de-la-philanthropie\/evenements-et-reunions\/\" \/>\n<meta property=\"og:locale\" content=\"fr_FR\" \/>\n<meta property=\"og:type\" content=\"article\" \/>\n<meta property=\"og:title\" content=\"\u00c9v\u00e9nements et r\u00e9unions\u00a0 - Bishop&#039;s University\" \/>\n<meta property=\"og:description\" content=\"Discover the many events and reunions for Bishop&#039;s University Alumni. Join us on campus or at special events in your city!\" \/>\n<meta property=\"og:url\" content=\"https:\/\/www.ubishops.ca\/fr\/bureau-des-relations-avec-les-diplomes-et-de-la-philanthropie\/evenements-et-reunions\/\" \/>\n<meta property=\"og:site_name\" content=\"Bishop&#039;s University\" \/>\n<meta property=\"article:publisher\" content=\"https:\/\/www.facebook.com\/ubishops\" \/>\n<meta property=\"article:modified_time\" content=\"2026-01-30T16:07:07+00:00\" \/>\n<meta property=\"og:image\" content=\"https:\/\/www.ubishops.ca\/wp-content\/uploads\/Class-Reunions.jpg\" \/>\n<meta name=\"twitter:card\" content=\"summary_large_image\" \/>\n<meta name=\"twitter:site\" content=\"@ubishops\" \/>\n<meta name=\"twitter:label1\" content=\"Dur\u00e9e de lecture estim\u00e9e\" \/>\n\t<meta name=\"twitter:data1\" content=\"3 minutes\" \/>\n<script type=\"application\/ld+json\" class=\"yoast-schema-graph\">{\"@context\":\"https:\/\/schema.org\",\"@graph\":[{\"@type\":\"WebPage\",\"@id\":\"https:\/\/www.ubishops.ca\/fr\/bureau-des-relations-avec-les-diplomes-et-de-la-philanthropie\/evenements-et-reunions\/\",\"url\":\"https:\/\/www.ubishops.ca\/fr\/bureau-des-relations-avec-les-diplomes-et-de-la-philanthropie\/evenements-et-reunions\/\",\"name\":\"\u00c9v\u00e9nements et r\u00e9unions\u00a0 - Bishop&#039;s University\",\"isPartOf\":{\"@id\":\"https:\/\/www.ubishops.ca\/#website\"},\"primaryImageOfPage\":{\"@id\":\"https:\/\/www.ubishops.ca\/fr\/bureau-des-relations-avec-les-diplomes-et-de-la-philanthropie\/evenements-et-reunions\/#primaryimage\"},\"image\":{\"@id\":\"https:\/\/www.ubishops.ca\/fr\/bureau-des-relations-avec-les-diplomes-et-de-la-philanthropie\/evenements-et-reunions\/#primaryimage\"},\"thumbnailUrl\":\"https:\/\/www.ubishops.ca\/wp-content\/uploads\/Class-Reunions.jpg\",\"datePublished\":\"2022-10-18T22:36:06+00:00\",\"dateModified\":\"2026-01-30T16:07:07+00:00\",\"description\":\"Discover the many events and reunions for Bishop's University Alumni. Join us on campus or at special events in your city!\",\"breadcrumb\":{\"@id\":\"https:\/\/www.ubishops.ca\/fr\/bureau-des-relations-avec-les-diplomes-et-de-la-philanthropie\/evenements-et-reunions\/#breadcrumb\"},\"inLanguage\":\"fr-FR\",\"potentialAction\":[{\"@type\":\"ReadAction\",\"target\":[\"https:\/\/www.ubishops.ca\/fr\/bureau-des-relations-avec-les-diplomes-et-de-la-philanthropie\/evenements-et-reunions\/\"]}]},{\"@type\":\"ImageObject\",\"inLanguage\":\"fr-FR\",\"@id\":\"https:\/\/www.ubishops.ca\/fr\/bureau-des-relations-avec-les-diplomes-et-de-la-philanthropie\/evenements-et-reunions\/#primaryimage\",\"url\":\"https:\/\/www.ubishops.ca\/wp-content\/uploads\/Class-Reunions.jpg\",\"contentUrl\":\"https:\/\/www.ubishops.ca\/wp-content\/uploads\/Class-Reunions.jpg\"},{\"@type\":\"BreadcrumbList\",\"@id\":\"https:\/\/www.ubishops.ca\/fr\/bureau-des-relations-avec-les-diplomes-et-de-la-philanthropie\/evenements-et-reunions\/#breadcrumb\",\"itemListElement\":[{\"@type\":\"ListItem\",\"position\":1,\"name\":\"Accueil\",\"item\":\"https:\/\/www.ubishops.ca\/fr\/\"},{\"@type\":\"ListItem\",\"position\":2,\"name\":\"Bureau des relations avec les dipl\u00f4m\u00e9s et de la philanthropie\",\"item\":\"https:\/\/www.ubishops.ca\/fr\/bureau-des-relations-avec-les-diplomes-et-de-la-philanthropie\/\"},{\"@type\":\"ListItem\",\"position\":3,\"name\":\"\u00c9v\u00e9nements et r\u00e9unions\u00a0\"}]},{\"@type\":\"WebSite\",\"@id\":\"https:\/\/www.ubishops.ca\/#website\",\"url\":\"https:\/\/www.ubishops.ca\/\",\"name\":\"Bishop&#039;s University\",\"description\":\"\",\"potentialAction\":[{\"@type\":\"SearchAction\",\"target\":{\"@type\":\"EntryPoint\",\"urlTemplate\":\"https:\/\/www.ubishops.ca\/?s={search_term_string}\"},\"query-input\":{\"@type\":\"PropertyValueSpecification\",\"valueRequired\":true,\"valueName\":\"search_term_string\"}}],\"inLanguage\":\"fr-FR\"}]}<\/script>\n<!-- \/ Yoast SEO plugin. -->","yoast_head_json":{"title":"\u00c9v\u00e9nements et r\u00e9unions\u00a0 - Bishop&#039;s University","description":"Discover the many events and reunions for Bishop's University Alumni. Join us on campus or at special events in your city!","robots":{"index":"index","follow":"follow","max-snippet":"max-snippet:-1","max-image-preview":"max-image-preview:large","max-video-preview":"max-video-preview:-1"},"canonical":"https:\/\/www.ubishops.ca\/fr\/bureau-des-relations-avec-les-diplomes-et-de-la-philanthropie\/evenements-et-reunions\/","og_locale":"fr_FR","og_type":"article","og_title":"\u00c9v\u00e9nements et r\u00e9unions\u00a0 - Bishop&#039;s University","og_description":"Discover the many events and reunions for Bishop's University Alumni. Join us on campus or at special events in your city!","og_url":"https:\/\/www.ubishops.ca\/fr\/bureau-des-relations-avec-les-diplomes-et-de-la-philanthropie\/evenements-et-reunions\/","og_site_name":"Bishop&#039;s University","article_publisher":"https:\/\/www.facebook.com\/ubishops","article_modified_time":"2026-01-30T16:07:07+00:00","og_image":[{"url":"https:\/\/www.ubishops.ca\/wp-content\/uploads\/Class-Reunions.jpg","type":"","width":"","height":""}],"twitter_card":"summary_large_image","twitter_site":"@ubishops","twitter_misc":{"Dur\u00e9e de lecture estim\u00e9e":"3 minutes"},"schema":{"@context":"https:\/\/schema.org","@graph":[{"@type":"WebPage","@id":"https:\/\/www.ubishops.ca\/fr\/bureau-des-relations-avec-les-diplomes-et-de-la-philanthropie\/evenements-et-reunions\/","url":"https:\/\/www.ubishops.ca\/fr\/bureau-des-relations-avec-les-diplomes-et-de-la-philanthropie\/evenements-et-reunions\/","name":"\u00c9v\u00e9nements et r\u00e9unions\u00a0 - Bishop&#039;s University","isPartOf":{"@id":"https:\/\/www.ubishops.ca\/#website"},"primaryImageOfPage":{"@id":"https:\/\/www.ubishops.ca\/fr\/bureau-des-relations-avec-les-diplomes-et-de-la-philanthropie\/evenements-et-reunions\/#primaryimage"},"image":{"@id":"https:\/\/www.ubishops.ca\/fr\/bureau-des-relations-avec-les-diplomes-et-de-la-philanthropie\/evenements-et-reunions\/#primaryimage"},"thumbnailUrl":"https:\/\/www.ubishops.ca\/wp-content\/uploads\/Class-Reunions.jpg","datePublished":"2022-10-18T22:36:06+00:00","dateModified":"2026-01-30T16:07:07+00:00","description":"Discover the many events and reunions for Bishop's University Alumni. Join us on campus or at special events in your city!","breadcrumb":{"@id":"https:\/\/www.ubishops.ca\/fr\/bureau-des-relations-avec-les-diplomes-et-de-la-philanthropie\/evenements-et-reunions\/#breadcrumb"},"inLanguage":"fr-FR","potentialAction":[{"@type":"ReadAction","target":["https:\/\/www.ubishops.ca\/fr\/bureau-des-relations-avec-les-diplomes-et-de-la-philanthropie\/evenements-et-reunions\/"]}]},{"@type":"ImageObject","inLanguage":"fr-FR","@id":"https:\/\/www.ubishops.ca\/fr\/bureau-des-relations-avec-les-diplomes-et-de-la-philanthropie\/evenements-et-reunions\/#primaryimage","url":"https:\/\/www.ubishops.ca\/wp-content\/uploads\/Class-Reunions.jpg","contentUrl":"https:\/\/www.ubishops.ca\/wp-content\/uploads\/Class-Reunions.jpg"},{"@type":"BreadcrumbList","@id":"https:\/\/www.ubishops.ca\/fr\/bureau-des-relations-avec-les-diplomes-et-de-la-philanthropie\/evenements-et-reunions\/#breadcrumb","itemListElement":[{"@type":"ListItem","position":1,"name":"Accueil","item":"https:\/\/www.ubishops.ca\/fr\/"},{"@type":"ListItem","position":2,"name":"Bureau des relations avec les dipl\u00f4m\u00e9s et de la philanthropie","item":"https:\/\/www.ubishops.ca\/fr\/bureau-des-relations-avec-les-diplomes-et-de-la-philanthropie\/"},{"@type":"ListItem","position":3,"name":"\u00c9v\u00e9nements et r\u00e9unions\u00a0"}]},{"@type":"WebSite","@id":"https:\/\/www.ubishops.ca\/#website","url":"https:\/\/www.ubishops.ca\/","name":"Bishop&#039;s University","description":"","potentialAction":[{"@type":"SearchAction","target":{"@type":"EntryPoint","urlTemplate":"https:\/\/www.ubishops.ca\/?s={search_term_string}"},"query-input":{"@type":"PropertyValueSpecification","valueRequired":true,"valueName":"search_term_string"}}],"inLanguage":"fr-FR"}]}},"taxonomy_info":[],"featured_image_src_large":false,"author_info":{"display_name":"Julie Fradette","author_link":"https:\/\/www.ubishops.ca\/fr\/author\/jfradett\/"},"comment_info":0,"publishpress_future_action":{"enabled":false,"date":"2026-04-15 18:25:37","action":"change-status","newStatus":"draft","terms":[],"taxonomy":"translation_priority","extraData":[]},"publishpress_future_workflow_manual_trigger":{"enabledWorkflows":[]},"_links":{"self":[{"href":"https:\/\/www.ubishops.ca\/fr\/wp-json\/wp\/v2\/pages\/116220","targetHints":{"allow":["GET"]}}],"collection":[{"href":"https:\/\/www.ubishops.ca\/fr\/wp-json\/wp\/v2\/pages"}],"about":[{"href":"https:\/\/www.ubishops.ca\/fr\/wp-json\/wp\/v2\/types\/page"}],"author":[{"embeddable":true,"href":"https:\/\/www.ubishops.ca\/fr\/wp-json\/wp\/v2\/users\/49"}],"replies":[{"embeddable":true,"href":"https:\/\/www.ubishops.ca\/fr\/wp-json\/wp\/v2\/comments?post=116220"}],"version-history":[{"count":76,"href":"https:\/\/www.ubishops.ca\/fr\/wp-json\/wp\/v2\/pages\/116220\/revisions"}],"predecessor-version":[{"id":130210,"href":"https:\/\/www.ubishops.ca\/fr\/wp-json\/wp\/v2\/pages\/116220\/revisions\/130210"}],"up":[{"embeddable":true,"href":"https:\/\/www.ubishops.ca\/fr\/wp-json\/wp\/v2\/pages\/116188"}],"wp:attachment":[{"href":"https:\/\/www.ubishops.ca\/fr\/wp-json\/wp\/v2\/media?parent=116220"}],"curies":[{"name":"wp","href":"https:\/\/api.w.org\/{rel}","templated":true}]}}