{"id":116207,"date":"2022-10-18T18:51:39","date_gmt":"2022-10-18T22:51:39","guid":{"rendered":"https:\/\/www.ubishops.ca\/bureau-des-relations-avec-les-diplomes-et-de-la-philanthropie\/resources-for-parents\/"},"modified":"2024-10-18T11:34:11","modified_gmt":"2024-10-18T15:34:11","slug":"ressources-pour-les-parents","status":"publish","type":"page","link":"https:\/\/www.ubishops.ca\/fr\/bureau-des-relations-avec-les-diplomes-et-de-la-philanthropie\/ressources-pour-les-parents\/","title":{"rendered":"Ressources pour les parents"},"content":{"rendered":"\n<h2 class=\"wp-block-heading\">Les parents sont aussi des Gaiters!<\/h2>\n\n\n\n<p>L\u2019universit\u00e9 est une \u00e9tape excitante pour les \u00e9tudiants et leurs familles. En tant que parent, vous avez un r\u00f4le \u00e0 jouer pour faciliter la transition vers cette nouvelle vie, et vous contribuez \u00e0 la r\u00e9ussite de vos filles et vos fils une fois qu\u2019ils sont bien install\u00e9s. Et \u00e0 mesure qu\u2019ils d\u00e9couvrent l\u2019exp\u00e9rience universitaire, l\u2019Association des anciennes et anciens \u00e9l\u00e8ves est l\u00e0 pour vous communiquer des informations et des occasions d\u2019\u00e9changer avec d\u2019autres parents et membres de notre communaut\u00e9, o\u00f9 que vous soyez dans le monde. Bienvenue dans la famille de Bishop\u2019s; adoptez le mauve!&nbsp;<\/p>\n\n\n\n<figure class=\"wp-block-image alignwide size-full\"><img decoding=\"async\" width=\"409\" height=\"230\" src=\"https:\/\/www.ubishops.ca\/wp-content\/uploads\/resources-for-parents.png\" alt=\"\" class=\"wp-image-91131\" srcset=\"https:\/\/www.ubishops.ca\/wp-content\/uploads\/resources-for-parents.png 409w, https:\/\/www.ubishops.ca\/wp-content\/uploads\/resources-for-parents-300x169.png 300w, https:\/\/www.ubishops.ca\/wp-content\/uploads\/resources-for-parents-150x84.png 150w\" sizes=\"(max-width: 409px) 100vw, 409px\" \/><\/figure>\n\n\n\n<h2 class=\"wp-block-heading\">Avantages pour les parents mauves<\/h2>\n\n\n\n<p>F\u00e9licitations! Votre enfant fait maintenant partie de la famille de Bishop\u2019s. Comme fier parent, votre r\u00f4le dans son parcours universitaire est essentiel. C\u2019est pourquoi nous vous invitons \u00e0 faire partie de la communaut\u00e9 vous aussi. Commencez tout de suite \u00e0 ajouter du mauve dans votre vie et \u00e0 vous habituer au titre de Gaiter! Sachez aussi que plusieurs avantages exclusifs vous permettront de rester en contact avec l\u2019universit\u00e9, de pr\u00e8s ou de loin\u202f:&nbsp;&nbsp;&nbsp;<\/p>\n\n\n\n<ul class=\"wp-block-list\">\n<li>Acc\u00e8s exclusif \u00e0 un flux en direct pour nos pr\u00e9sentations de la <a href=\"https:\/\/www.ubishops.ca\/donald-lecture-series\/\">S\u00e9rie de conf\u00e9rences Donald<\/a> tr\u00e8s anticip\u00e9e chaque ann\u00e9e.&nbsp;&nbsp;&nbsp;<\/li>\n\n\n\n<li>Invitation \u00e0 la fin de semaine des Retrouvailles pour notre d\u00e9jeuner-cr\u00eapes annuel sur le campus \u00e0 la Griffin House, l\u2019occasion id\u00e9ale de visiter notre campus. Consultez notre page <a href=\"https:\/\/www.ubishops.ca\/alumni-relations-and-philanthropy-office\/events-and-reunions\/\" target=\"_blank\" rel=\"noreferrer noopener\">\u00c9v\u00e9nements et r\u00e9unions<\/a> pour conna\u00eetre les plans pour l\u2019\u00e9dition de cette ann\u00e9e.&nbsp;<\/li>\n\n\n\n<li>Une copie, par la poste ou par courriel, de notre magazine semestriel qui contient des nouvelles du campus et de partout ailleurs. Les num\u00e9ros ant\u00e9rieurs sont accessibles sur la page de <a href=\"https:\/\/www.ubishops.ca\/alumni-relations-and-philanthropy-office\/bishops-university-magazine\/\" target=\"_blank\" rel=\"noreferrer noopener\">Nos publications<\/a>.<\/li>\n\n\n\n<li>Acc\u00e8s \u00e0 des tarifs pr\u00e9f\u00e9rentiels aupr\u00e8s de nos fid\u00e8les partenaires. Consultez notre page Services et avantages aux dipl\u00f4m\u00e9s pour voir la liste compl\u00e8te des d\u00e9tails de nos partenariats.&nbsp;<\/li>\n<\/ul>\n\n\n\n<div style=\"height:25px\" aria-hidden=\"true\" class=\"wp-block-spacer\"><\/div>\n\n\n\n<div class=\"wp-block-group has-lighter-gray-background-color has-background\"><div class=\"wp-block-group__inner-container is-layout-flow wp-block-group-is-layout-flow\">\n<div class=\"wp-block-columns is-layout-flex wp-container-core-columns-is-layout-9d6595d7 wp-block-columns-is-layout-flex\">\n<div class=\"wp-block-column is-layout-flow wp-block-column-is-layout-flow\">\n<h3 class=\"wp-block-heading\">Soutenir l\u2019Universit\u00e9 Bishop\u2019s&nbsp;<\/h3>\n\n\n\n<p>Tous les dons \u00e0 Bishop\u2019s ont le pouvoir de changer la vie de nos \u00e9tudiants sur le campus, chaque jour.<\/p>\n<\/div>\n\n\n\n<div class=\"wp-block-column is-vertically-aligned-center is-layout-flow wp-block-column-is-layout-flow\">\n<div class=\"wp-block-buttons is-layout-flex wp-block-buttons-is-layout-flex\">\n<div class=\"wp-block-button is-style-fill\"><a class=\"wp-block-button__link has-purple-background-color has-background wp-element-button\" href=\"https:\/\/www.ubishops.ca\/fr\/bureau-des-relations-avec-les-diplomes-et-de-la-philanthropie\/faire-un-don\/\" target=\"_blank\" rel=\"noreferrer noopener\">FAIRE UN DON<\/a><\/div>\n<\/div>\n<\/div>\n<\/div>\n<\/div><\/div>\n\n\n\n<div style=\"height:25px\" aria-hidden=\"true\" class=\"wp-block-spacer\"><\/div>\n\n\n\n\n<section id=\"social-share-block_9380d638657c70e1dc9a064ee47cdef8\" class=\"social-share display1\">\n\n\n    <div class=\"social-share-container wide-size block-center\">\n        <h2>Restez Connect\u00e9!<\/h2>\n    \n        <div class=\"social-share-icons\">\n                    <a class=\"icon nav-icon-item\" href=\"https:\/\/twitter.com\/UBishopsAlumni\" aria-label=\"Visit us on Twitter\" target=\"_blank\" rel=\"noopener\">\n                <img decoding=\"async\" loading=\"lazy\" src=\"https:\/\/www.ubishops.ca\/wp-content\/themes\/standish\/assets\/images\/tw.svg\" width=\"21\" height=\"21\" alt='Twitter social icon' role='img'\/>\n                            <\/a>\n                            <a class=\"icon nav-icon-item\" href=\"https:\/\/www.facebook.com\/UBishopsAlumni\/\" aria-label=\"Visit us on Facebook\" target=\"_blank\" rel=\"noopener\">\n                <img decoding=\"async\" loading=\"lazy\" src=\"https:\/\/www.ubishops.ca\/wp-content\/themes\/standish\/assets\/images\/fb.svg\" width=\"24\" height=\"24\" alt='Facebook social icon' role='img'\/>\n                            <\/a>\n                            <a class=\"icon nav-icon-item\" href=\"https:\/\/www.instagram.com\/ubishopsalumni\/\" aria-label=\"Visit us on Instagram\" target=\"_blank\" rel=\"noopener\"><img decoding=\"async\" loading=\"lazy\" src=\"https:\/\/www.ubishops.ca\/wp-content\/themes\/standish\/assets\/images\/ig.svg\" width=\"24\" height=\"24\" alt='Instagram social icon' role='img'\/><\/a>\n                                    <a class=\"icon nav-icon-item\" href=\"https:\/\/www.linkedin.com\/company\/ubishopsalumni\/\" aria-label=\"Visit us on LinkedIn\" target=\"_blank\" rel=\"noopener\"><img decoding=\"async\" loading=\"lazy\" src=\"https:\/\/www.ubishops.ca\/wp-content\/themes\/standish\/assets\/images\/in.svg\" width=\"24\" height=\"24\" alt='LinkedIn social icon' role='img'\/><\/a>\n        \n        \n        <\/div>\n\n        \n\n\n\n<\/section>","protected":false},"excerpt":{"rendered":"<p>Les parents sont aussi des Gaiters! L\u2019universit\u00e9 est une \u00e9tape excitante pour les \u00e9tudiants et leurs familles. En tant que parent, vous avez un r\u00f4le \u00e0 jouer pour faciliter la transition vers cette nouvelle vie, et vous contribuez \u00e0 la r\u00e9ussite de vos filles et vos fils une fois qu\u2019ils sont bien install\u00e9s. Et \u00e0&#8230;<\/p>\n","protected":false},"author":49,"featured_media":0,"parent":116188,"menu_order":119,"comment_status":"closed","ping_status":"closed","template":"templates\/page-width-sidebar.php","meta":{"_acf_changed":false,"_cbd_carousel_blocks":"[]","_kad_blocks_custom_css":"","_kad_blocks_head_custom_js":"","_kad_blocks_body_custom_js":"","_kad_blocks_footer_custom_js":"","_kad_post_transparent":"","_kad_post_title":"","_kad_post_layout":"","_kad_post_sidebar_id":"","_kad_post_content_style":"","_kad_post_vertical_padding":"","_kad_post_feature":"","_kad_post_feature_position":"","_kad_post_header":false,"_kad_post_footer":false,"_kad_post_classname":"","footnotes":""},"class_list":["post-116207","page","type-page","status-publish","hentry"],"acf":[],"yoast_head":"<!-- This site is optimized with the Yoast SEO plugin v27.2 - https:\/\/yoast.com\/product\/yoast-seo-wordpress\/ -->\n<title>Ressources pour les parents - Bishop&#039;s University<\/title>\n<meta name=\"robots\" content=\"index, follow, max-snippet:-1, max-image-preview:large, max-video-preview:-1\" \/>\n<link rel=\"canonical\" href=\"https:\/\/www.ubishops.ca\/fr\/bureau-des-relations-avec-les-diplomes-et-de-la-philanthropie\/ressources-pour-les-parents\/\" \/>\n<meta property=\"og:locale\" content=\"fr_FR\" \/>\n<meta property=\"og:type\" content=\"article\" \/>\n<meta property=\"og:title\" content=\"Ressources pour les parents - Bishop&#039;s University\" \/>\n<meta property=\"og:description\" content=\"Les parents sont aussi des Gaiters! L\u2019universit\u00e9 est une \u00e9tape excitante pour les \u00e9tudiants et leurs familles. En tant que parent, vous avez un r\u00f4le \u00e0 jouer pour faciliter la transition vers cette nouvelle vie, et vous contribuez \u00e0 la r\u00e9ussite de vos filles et vos fils une fois qu\u2019ils sont bien install\u00e9s. Et \u00e0...\" \/>\n<meta property=\"og:url\" content=\"https:\/\/www.ubishops.ca\/fr\/bureau-des-relations-avec-les-diplomes-et-de-la-philanthropie\/ressources-pour-les-parents\/\" \/>\n<meta property=\"og:site_name\" content=\"Bishop&#039;s University\" \/>\n<meta property=\"article:publisher\" content=\"https:\/\/www.facebook.com\/ubishops\" \/>\n<meta property=\"article:modified_time\" content=\"2024-10-18T15:34:11+00:00\" \/>\n<meta property=\"og:image\" content=\"https:\/\/www.ubishops.ca\/wp-content\/uploads\/resources-for-parents.png\" \/>\n<meta name=\"twitter:card\" content=\"summary_large_image\" \/>\n<meta name=\"twitter:site\" content=\"@ubishops\" \/>\n<meta name=\"twitter:label1\" content=\"Dur\u00e9e de lecture estim\u00e9e\" \/>\n\t<meta name=\"twitter:data1\" content=\"2 minutes\" \/>\n<script type=\"application\/ld+json\" class=\"yoast-schema-graph\">{\"@context\":\"https:\/\/schema.org\",\"@graph\":[{\"@type\":\"WebPage\",\"@id\":\"https:\/\/www.ubishops.ca\/fr\/bureau-des-relations-avec-les-diplomes-et-de-la-philanthropie\/ressources-pour-les-parents\/\",\"url\":\"https:\/\/www.ubishops.ca\/fr\/bureau-des-relations-avec-les-diplomes-et-de-la-philanthropie\/ressources-pour-les-parents\/\",\"name\":\"Ressources pour les parents - Bishop&#039;s University\",\"isPartOf\":{\"@id\":\"https:\/\/www.ubishops.ca\/#website\"},\"primaryImageOfPage\":{\"@id\":\"https:\/\/www.ubishops.ca\/fr\/bureau-des-relations-avec-les-diplomes-et-de-la-philanthropie\/ressources-pour-les-parents\/#primaryimage\"},\"image\":{\"@id\":\"https:\/\/www.ubishops.ca\/fr\/bureau-des-relations-avec-les-diplomes-et-de-la-philanthropie\/ressources-pour-les-parents\/#primaryimage\"},\"thumbnailUrl\":\"https:\/\/www.ubishops.ca\/wp-content\/uploads\/resources-for-parents.png\",\"datePublished\":\"2022-10-18T22:51:39+00:00\",\"dateModified\":\"2024-10-18T15:34:11+00:00\",\"breadcrumb\":{\"@id\":\"https:\/\/www.ubishops.ca\/fr\/bureau-des-relations-avec-les-diplomes-et-de-la-philanthropie\/ressources-pour-les-parents\/#breadcrumb\"},\"inLanguage\":\"fr-FR\",\"potentialAction\":[{\"@type\":\"ReadAction\",\"target\":[\"https:\/\/www.ubishops.ca\/fr\/bureau-des-relations-avec-les-diplomes-et-de-la-philanthropie\/ressources-pour-les-parents\/\"]}]},{\"@type\":\"ImageObject\",\"inLanguage\":\"fr-FR\",\"@id\":\"https:\/\/www.ubishops.ca\/fr\/bureau-des-relations-avec-les-diplomes-et-de-la-philanthropie\/ressources-pour-les-parents\/#primaryimage\",\"url\":\"https:\/\/www.ubishops.ca\/wp-content\/uploads\/resources-for-parents.png\",\"contentUrl\":\"https:\/\/www.ubishops.ca\/wp-content\/uploads\/resources-for-parents.png\"},{\"@type\":\"BreadcrumbList\",\"@id\":\"https:\/\/www.ubishops.ca\/fr\/bureau-des-relations-avec-les-diplomes-et-de-la-philanthropie\/ressources-pour-les-parents\/#breadcrumb\",\"itemListElement\":[{\"@type\":\"ListItem\",\"position\":1,\"name\":\"Accueil\",\"item\":\"https:\/\/www.ubishops.ca\/fr\/\"},{\"@type\":\"ListItem\",\"position\":2,\"name\":\"Bureau des relations avec les dipl\u00f4m\u00e9s et de la philanthropie\",\"item\":\"https:\/\/www.ubishops.ca\/fr\/bureau-des-relations-avec-les-diplomes-et-de-la-philanthropie\/\"},{\"@type\":\"ListItem\",\"position\":3,\"name\":\"Ressources pour les parents\"}]},{\"@type\":\"WebSite\",\"@id\":\"https:\/\/www.ubishops.ca\/#website\",\"url\":\"https:\/\/www.ubishops.ca\/\",\"name\":\"Bishop&#039;s University\",\"description\":\"\",\"potentialAction\":[{\"@type\":\"SearchAction\",\"target\":{\"@type\":\"EntryPoint\",\"urlTemplate\":\"https:\/\/www.ubishops.ca\/?s={search_term_string}\"},\"query-input\":{\"@type\":\"PropertyValueSpecification\",\"valueRequired\":true,\"valueName\":\"search_term_string\"}}],\"inLanguage\":\"fr-FR\"}]}<\/script>\n<!-- \/ Yoast SEO plugin. -->","yoast_head_json":{"title":"Ressources pour les parents - Bishop&#039;s University","robots":{"index":"index","follow":"follow","max-snippet":"max-snippet:-1","max-image-preview":"max-image-preview:large","max-video-preview":"max-video-preview:-1"},"canonical":"https:\/\/www.ubishops.ca\/fr\/bureau-des-relations-avec-les-diplomes-et-de-la-philanthropie\/ressources-pour-les-parents\/","og_locale":"fr_FR","og_type":"article","og_title":"Ressources pour les parents - Bishop&#039;s University","og_description":"Les parents sont aussi des Gaiters! L\u2019universit\u00e9 est une \u00e9tape excitante pour les \u00e9tudiants et leurs familles. En tant que parent, vous avez un r\u00f4le \u00e0 jouer pour faciliter la transition vers cette nouvelle vie, et vous contribuez \u00e0 la r\u00e9ussite de vos filles et vos fils une fois qu\u2019ils sont bien install\u00e9s. Et \u00e0...","og_url":"https:\/\/www.ubishops.ca\/fr\/bureau-des-relations-avec-les-diplomes-et-de-la-philanthropie\/ressources-pour-les-parents\/","og_site_name":"Bishop&#039;s University","article_publisher":"https:\/\/www.facebook.com\/ubishops","article_modified_time":"2024-10-18T15:34:11+00:00","og_image":[{"url":"https:\/\/www.ubishops.ca\/wp-content\/uploads\/resources-for-parents.png","type":"","width":"","height":""}],"twitter_card":"summary_large_image","twitter_site":"@ubishops","twitter_misc":{"Dur\u00e9e de lecture estim\u00e9e":"2 minutes"},"schema":{"@context":"https:\/\/schema.org","@graph":[{"@type":"WebPage","@id":"https:\/\/www.ubishops.ca\/fr\/bureau-des-relations-avec-les-diplomes-et-de-la-philanthropie\/ressources-pour-les-parents\/","url":"https:\/\/www.ubishops.ca\/fr\/bureau-des-relations-avec-les-diplomes-et-de-la-philanthropie\/ressources-pour-les-parents\/","name":"Ressources pour les parents - Bishop&#039;s University","isPartOf":{"@id":"https:\/\/www.ubishops.ca\/#website"},"primaryImageOfPage":{"@id":"https:\/\/www.ubishops.ca\/fr\/bureau-des-relations-avec-les-diplomes-et-de-la-philanthropie\/ressources-pour-les-parents\/#primaryimage"},"image":{"@id":"https:\/\/www.ubishops.ca\/fr\/bureau-des-relations-avec-les-diplomes-et-de-la-philanthropie\/ressources-pour-les-parents\/#primaryimage"},"thumbnailUrl":"https:\/\/www.ubishops.ca\/wp-content\/uploads\/resources-for-parents.png","datePublished":"2022-10-18T22:51:39+00:00","dateModified":"2024-10-18T15:34:11+00:00","breadcrumb":{"@id":"https:\/\/www.ubishops.ca\/fr\/bureau-des-relations-avec-les-diplomes-et-de-la-philanthropie\/ressources-pour-les-parents\/#breadcrumb"},"inLanguage":"fr-FR","potentialAction":[{"@type":"ReadAction","target":["https:\/\/www.ubishops.ca\/fr\/bureau-des-relations-avec-les-diplomes-et-de-la-philanthropie\/ressources-pour-les-parents\/"]}]},{"@type":"ImageObject","inLanguage":"fr-FR","@id":"https:\/\/www.ubishops.ca\/fr\/bureau-des-relations-avec-les-diplomes-et-de-la-philanthropie\/ressources-pour-les-parents\/#primaryimage","url":"https:\/\/www.ubishops.ca\/wp-content\/uploads\/resources-for-parents.png","contentUrl":"https:\/\/www.ubishops.ca\/wp-content\/uploads\/resources-for-parents.png"},{"@type":"BreadcrumbList","@id":"https:\/\/www.ubishops.ca\/fr\/bureau-des-relations-avec-les-diplomes-et-de-la-philanthropie\/ressources-pour-les-parents\/#breadcrumb","itemListElement":[{"@type":"ListItem","position":1,"name":"Accueil","item":"https:\/\/www.ubishops.ca\/fr\/"},{"@type":"ListItem","position":2,"name":"Bureau des relations avec les dipl\u00f4m\u00e9s et de la philanthropie","item":"https:\/\/www.ubishops.ca\/fr\/bureau-des-relations-avec-les-diplomes-et-de-la-philanthropie\/"},{"@type":"ListItem","position":3,"name":"Ressources pour les parents"}]},{"@type":"WebSite","@id":"https:\/\/www.ubishops.ca\/#website","url":"https:\/\/www.ubishops.ca\/","name":"Bishop&#039;s University","description":"","potentialAction":[{"@type":"SearchAction","target":{"@type":"EntryPoint","urlTemplate":"https:\/\/www.ubishops.ca\/?s={search_term_string}"},"query-input":{"@type":"PropertyValueSpecification","valueRequired":true,"valueName":"search_term_string"}}],"inLanguage":"fr-FR"}]}},"taxonomy_info":[],"featured_image_src_large":false,"author_info":{"display_name":"Julie Fradette","author_link":"https:\/\/www.ubishops.ca\/fr\/author\/jfradett\/"},"comment_info":0,"publishpress_future_action":{"enabled":false,"date":"2026-04-15 18:24:46","action":"change-status","newStatus":"draft","terms":[],"taxonomy":"translation_priority","extraData":[]},"publishpress_future_workflow_manual_trigger":{"enabledWorkflows":[]},"_links":{"self":[{"href":"https:\/\/www.ubishops.ca\/fr\/wp-json\/wp\/v2\/pages\/116207","targetHints":{"allow":["GET"]}}],"collection":[{"href":"https:\/\/www.ubishops.ca\/fr\/wp-json\/wp\/v2\/pages"}],"about":[{"href":"https:\/\/www.ubishops.ca\/fr\/wp-json\/wp\/v2\/types\/page"}],"author":[{"embeddable":true,"href":"https:\/\/www.ubishops.ca\/fr\/wp-json\/wp\/v2\/users\/49"}],"replies":[{"embeddable":true,"href":"https:\/\/www.ubishops.ca\/fr\/wp-json\/wp\/v2\/comments?post=116207"}],"version-history":[{"count":0,"href":"https:\/\/www.ubishops.ca\/fr\/wp-json\/wp\/v2\/pages\/116207\/revisions"}],"up":[{"embeddable":true,"href":"https:\/\/www.ubishops.ca\/fr\/wp-json\/wp\/v2\/pages\/116188"}],"wp:attachment":[{"href":"https:\/\/www.ubishops.ca\/fr\/wp-json\/wp\/v2\/media?parent=116207"}],"curies":[{"name":"wp","href":"https:\/\/api.w.org\/{rel}","templated":true}]}}