{"id":116176,"date":"2023-02-03T14:37:21","date_gmt":"2023-02-03T19:37:21","guid":{"rendered":"https:\/\/www.ubishops.ca\/alumnus-na-of-the-year-award\/"},"modified":"2025-05-21T12:20:58","modified_gmt":"2025-05-21T16:20:58","slug":"prix-diplomes-de-lannee","status":"publish","type":"page","link":"https:\/\/www.ubishops.ca\/fr\/bureau-des-relations-avec-les-diplomes-et-de-la-philanthropie\/distinctions-honorifiques-pour-nos-anciennes-et-anciens-eleves\/prix-diplomes-de-lannee\/","title":{"rendered":"Prix Dipl\u00f4m\u00e9.e de l\u2019ann\u00e9e"},"content":{"rendered":"\n<p>Le prix Dipl\u00f4m\u00e9 de l\u2019ann\u00e9e rendent hommage \u00e0 une ou \u00e0 un de nos anciens \u00e9l\u00e8ves pour leur engagement et leur contribution \u00e0 long terme envers notre universit\u00e9.&nbsp;<\/p>\n\n\n\n<p>Le comit\u00e9 de direction de l\u2019Association des anciennes et anciens \u00e9l\u00e8ves remet ce prix chaque ann\u00e9e depuis 1967, \u00e0 l\u2019exception de l\u2019ann\u00e9e 2020 en raison de la pand\u00e9mie de Covid-19.&nbsp;<\/p>\n\n\n\n<p>Nous avons eu le plaisir de remettre ce prix cette ann\u00e9e \u00e0 Bob Hall &rsquo;79.&nbsp;<\/p>\n\n\n\n<h2 class=\"wp-block-heading\"><strong><strong>Dipl\u00f4m\u00e9.e de l\u2019ann\u00e9e<\/strong><\/strong><\/h2>\n\n\n\n<p>Un b\u00e9n\u00e9vole d\u00e9vou\u00e9, Bob a \u00e9t\u00e9 le pr\u00e9sident du Conseil des gouverneurs de l&rsquo;Universit\u00e9 Bishop&rsquo;s de 2014 \u00e0 2024. Sous la direction de Bob et gr\u00e2ce \u00e0 ses comp\u00e9tences, son exp\u00e9rience et ses capacit\u00e9s exceptionnelles, le Conseil des gouverneurs de l&rsquo;Universit\u00e9 Bishop&rsquo;s a \u00e9t\u00e9 en mesure de relever un certain nombre de d\u00e9fis importants tout en pr\u00e9servant sa capacit\u00e9 \u00e0 placer la mission de l&rsquo;universit\u00e9 au premier plan. Nous sommes profond\u00e9ment reconnaissants \u00e0 Bob pour la g\u00e9n\u00e9rosit\u00e9 dont il a fait preuve au service de l&rsquo;universit\u00e9.<\/p>\n\n\n\n<p>Bob a obtenu un baccalaur\u00e9at en histoire de Bishop&rsquo;s en 1979 et un dipl\u00f4me en droit de l&rsquo;Universit\u00e9 de Sherbrooke en 1983. Il est chef de la strat\u00e9gie et des affaires juridiques chez Cascades depuis plus de 30 ans et est \u00e9galement pr\u00e9sident du conseil d&rsquo;administration de Goodfellow Inc. depuis 2022. En 2018, il a \u00e9t\u00e9 nomm\u00e9 Avocat \u00c9m\u00e9rite par le Barreau du Qu\u00e9bec, une distinction qui reconna\u00eet l&rsquo;excellence professionnelle, les contributions remarquables \u00e0 la profession et l&rsquo;engagement communautaire exceptionnel. En 2023, Bob a \u00e9t\u00e9 nomm\u00e9 Grand Ambassadeur de l&rsquo;Universit\u00e9 de Sherbrooke en reconnaissance de sa contribution \u00e0 l&rsquo;universit\u00e9 en tant qu&rsquo;ancien \u00e9l\u00e8ve.<\/p>\n\n\n\n<p>Depuis des ann\u00e9es, Bob se consacre \u00e0 soutenir des causes locales. Il est membre du conseil d&rsquo;administration de la Fondation de la Soci\u00e9t\u00e9 des Soins Palliatifs \u00e0 Domicile du Grand Montr\u00e9al, o\u00f9 il a agi \u00e0 titre de pr\u00e9sident d&rsquo;honneur des campagnes de financement de 2024 et 2025. Il a \u00e9t\u00e9 membre du conseil d&rsquo;administration du Coll\u00e8ge-Mont-Notre-Dame de Sherbrooke entre 2008 et 2013. Il a \u00e9t\u00e9 membre du comit\u00e9 de la campagne de financement du Manoir Ronald McDonald de Montr\u00e9al. Il est \u00e9galement impliqu\u00e9 dans la Fondation Mackay, le Tour CIBC Charles Bruneau et le projet Blue Massawippi. Il a toujours \u00e9t\u00e9 un fid\u00e8le ambassadeur de ses almae matres.<\/p>\n\n\n\n<figure class=\"wp-block-image size-medium\"><img decoding=\"async\" width=\"434\" height=\"650\" src=\"https:\/\/www.ubishops.ca\/wp-content\/uploads\/DSC_8845-434x650.jpg\" alt=\"Bob Hall '79\" class=\"wp-image-124113\" srcset=\"https:\/\/www.ubishops.ca\/wp-content\/uploads\/DSC_8845-434x650.jpg 434w, https:\/\/www.ubishops.ca\/wp-content\/uploads\/DSC_8845-684x1024.jpg 684w, https:\/\/www.ubishops.ca\/wp-content\/uploads\/DSC_8845-100x150.jpg 100w, https:\/\/www.ubishops.ca\/wp-content\/uploads\/DSC_8845-768x1151.jpg 768w, https:\/\/www.ubishops.ca\/wp-content\/uploads\/DSC_8845-1025x1536.jpg 1025w, https:\/\/www.ubishops.ca\/wp-content\/uploads\/DSC_8845-1367x2048.jpg 1367w, https:\/\/www.ubishops.ca\/wp-content\/uploads\/DSC_8845-scaled.jpg 1709w\" sizes=\"(max-width: 434px) 100vw, 434px\" \/><\/figure>\n\n\n\n<h2 class=\"wp-block-heading\">Liste des laur\u00e9ates et laur\u00e9ats<\/h2>\n\n\n\n<p><em><em>Inaugur\u00e9 en 1967<\/em><\/em><\/p>\n\n\n\n<p>1967&nbsp;&nbsp;&nbsp; Cecil T. Teakle \u201926*<br>1968&nbsp;&nbsp; &nbsp;George W. Hall \u201930*<br>1969&nbsp;&nbsp;&nbsp; Fred G.S. Kelley \u201948*<br>1970&nbsp;&nbsp;&nbsp; C. Terrill Manning \u201946*<br>1971&nbsp;&nbsp;&nbsp; Robert A. Gordon \u201960, DCL \u201904<br>1972&nbsp;&nbsp;&nbsp; A. Ray Almond \u201927*<br>1973&nbsp;&nbsp;&nbsp; Alex K. Paterson \u201952, DCL \u201974<br>1974&nbsp;&nbsp;&nbsp; J. Clem Brodeur \u201944*<br>1975&nbsp;&nbsp;&nbsp; Gavin G. Ross \u201956*<br>1976&nbsp;&nbsp;&nbsp; Bud McMorran \u201960, DCL \u201904*<br>1977&nbsp;&nbsp;&nbsp; Douglas R. Cooper \u201929*<br>1978&nbsp;&nbsp;&nbsp; Glenn Higginbotham \u201964<br>1979&nbsp;&nbsp;&nbsp; Fred Kaufman \u201946, DCL \u201976<br>1980&nbsp;&nbsp;&nbsp; Dorothy Dutton \u201920*<br>1981&nbsp;&nbsp;&nbsp; Ab M. Echenberg \u201973*<br>1982&nbsp;&nbsp;&nbsp; David K. Bogert \u201963<br>1983&nbsp;&nbsp;&nbsp; A. Bruce Stavert \u201961<br>1984&nbsp;&nbsp;&nbsp; Douglas A. Lloyd \u201962*<br>1985&nbsp;&nbsp;&nbsp; Tom \u201969 and Rob \u201973* Allen<br>1986&nbsp;&nbsp;&nbsp; Ronald G. Perowne \u201972<br>1987&nbsp;&nbsp;&nbsp; Danny R. Lavallee \u201979<br>1988&nbsp;&nbsp;&nbsp; Conrad H. Harrington \u201967, DCL \u201998*<br>1989&nbsp;&nbsp;&nbsp; William D. Anderson \u201977*<br>1990&nbsp;&nbsp;&nbsp; Philip E. Johnston \u201959<br>1991&nbsp;&nbsp;&nbsp; Joan E. Stadelman \u201966<br>1992&nbsp;&nbsp;&nbsp; Don S. Wells \u201955*<br>1993&nbsp;&nbsp;&nbsp; David A. Williams \u201963, DCL \u201996<br>1994&nbsp;&nbsp;&nbsp; Christopher I.H. Nicholl DCL \u201986*<br>1995&nbsp;&nbsp;&nbsp; William I.M. Turner Jr. DCL \u201987*<br>1996&nbsp;&nbsp;&nbsp; Tom Godber \u201985<br>1997&nbsp;&nbsp;&nbsp; Jim \u201957* and Di (Young) Ferrabee \u201957*<br>1998&nbsp;&nbsp;&nbsp; Richard Tomlinson \u201943, DCL \u201989*<br>1999&nbsp;&nbsp;&nbsp; Eric Mills \u201972<br>2000&nbsp;&nbsp;&nbsp; Norman Webster \u201962, DCL \u201985*<br>2001&nbsp;&nbsp;&nbsp; Bill MacDonald \u201973<br>2002&nbsp;&nbsp;&nbsp; Peter Dunn \u201966<br>2003&nbsp;&nbsp;&nbsp; Graham Moodie \u201969<br>2004&nbsp;&nbsp;&nbsp; Ron Kaulbach \u201966<br>2005&nbsp;&nbsp;&nbsp; Gary Chown \u201974<br>2006&nbsp;&nbsp;&nbsp; Peter Davidson \u201977*<br>2007&nbsp;&nbsp;&nbsp; Elaine Roper \u201978<br>2008&nbsp;&nbsp;&nbsp; Rob Allatt \u201993<br>2009&nbsp;&nbsp;&nbsp; Peter Welsh \u201964<br>2010&nbsp;&nbsp;&nbsp; Nils Bodtker \u201965<br>2011&nbsp;&nbsp;&nbsp; Bob Goldberger \u201979<br>2012&nbsp;&nbsp;&nbsp; Kelly Murumets \u201985<br>2013&nbsp;&nbsp;&nbsp; George Hendy \u201968<br>2014&nbsp;&nbsp;&nbsp; Blair Shier \u201979<br>2016&nbsp;&nbsp;&nbsp; Cathy McLean \u201982<br>2017&nbsp;&nbsp;&nbsp; Nadia Martel \u201990<br>2018&nbsp;&nbsp;&nbsp; Tim Griffin \u201971<br>2019&nbsp;&nbsp;&nbsp; Jo-Anne Ryan &rsquo;83<br>2020&nbsp;&nbsp;&nbsp; Non attribu\u00e9 en raison de la pand\u00e9mie de COVID-19<br>2021&nbsp;&nbsp;&nbsp; Bob Egan &rsquo;80<br>2022&nbsp;&nbsp;&nbsp; Mark Saykaly &rsquo;72<br>2023&nbsp;&nbsp;&nbsp; Jane Brydges &rsquo;95<br>2024&nbsp;&nbsp;&nbsp; Stephen Lloyd &rsquo;89<br>2025&nbsp;&nbsp;&nbsp; Bob Hall &rsquo;79<\/p>\n\n\n\n<p>*d\u00e9c\u00e9d\u00e9(e)&nbsp;<\/p>\n","protected":false},"excerpt":{"rendered":"<p>Le prix Dipl\u00f4m\u00e9 de l\u2019ann\u00e9e rendent hommage \u00e0 une ou \u00e0 un de nos anciens \u00e9l\u00e8ves pour leur engagement et leur contribution \u00e0 long terme envers notre universit\u00e9.&nbsp; Le comit\u00e9 de direction de l\u2019Association des anciennes et anciens \u00e9l\u00e8ves remet ce prix chaque ann\u00e9e depuis 1967, \u00e0 l\u2019exception de l\u2019ann\u00e9e 2020 en raison de la&#8230;<\/p>\n","protected":false},"author":49,"featured_media":0,"parent":116183,"menu_order":0,"comment_status":"closed","ping_status":"closed","template":"","meta":{"_acf_changed":false,"_cbd_carousel_blocks":"[]","_kad_blocks_custom_css":"","_kad_blocks_head_custom_js":"","_kad_blocks_body_custom_js":"","_kad_blocks_footer_custom_js":"","_kad_post_transparent":"","_kad_post_title":"","_kad_post_layout":"","_kad_post_sidebar_id":"","_kad_post_content_style":"","_kad_post_vertical_padding":"","_kad_post_feature":"","_kad_post_feature_position":"","_kad_post_header":false,"_kad_post_footer":false,"_kad_post_classname":"","footnotes":""},"class_list":["post-116176","page","type-page","status-publish","hentry"],"acf":[],"yoast_head":"<!-- This site is optimized with the Yoast SEO plugin v27.2 - https:\/\/yoast.com\/product\/yoast-seo-wordpress\/ -->\n<title>Prix Dipl\u00f4m\u00e9.e de l\u2019ann\u00e9e - Bishop&#039;s University<\/title>\n<meta name=\"robots\" content=\"index, follow, max-snippet:-1, max-image-preview:large, max-video-preview:-1\" \/>\n<link rel=\"canonical\" href=\"https:\/\/www.ubishops.ca\/fr\/bureau-des-relations-avec-les-diplomes-et-de-la-philanthropie\/distinctions-honorifiques-pour-nos-anciennes-et-anciens-eleves\/prix-diplomes-de-lannee\/\" \/>\n<meta property=\"og:locale\" content=\"fr_FR\" \/>\n<meta property=\"og:type\" content=\"article\" \/>\n<meta property=\"og:title\" content=\"Prix Dipl\u00f4m\u00e9.e de l\u2019ann\u00e9e - Bishop&#039;s University\" \/>\n<meta property=\"og:description\" content=\"Le prix Dipl\u00f4m\u00e9 de l\u2019ann\u00e9e rendent hommage \u00e0 une ou \u00e0 un de nos anciens \u00e9l\u00e8ves pour leur engagement et leur contribution \u00e0 long terme envers notre universit\u00e9.&nbsp; Le comit\u00e9 de direction de l\u2019Association des anciennes et anciens \u00e9l\u00e8ves remet ce prix chaque ann\u00e9e depuis 1967, \u00e0 l\u2019exception de l\u2019ann\u00e9e 2020 en raison de la...\" \/>\n<meta property=\"og:url\" content=\"https:\/\/www.ubishops.ca\/fr\/bureau-des-relations-avec-les-diplomes-et-de-la-philanthropie\/distinctions-honorifiques-pour-nos-anciennes-et-anciens-eleves\/prix-diplomes-de-lannee\/\" \/>\n<meta property=\"og:site_name\" content=\"Bishop&#039;s University\" \/>\n<meta property=\"article:publisher\" content=\"https:\/\/www.facebook.com\/ubishops\" \/>\n<meta property=\"article:modified_time\" content=\"2025-05-21T16:20:58+00:00\" \/>\n<meta property=\"og:image\" content=\"https:\/\/www.ubishops.ca\/wp-content\/uploads\/DSC_8845-scaled.jpg\" \/>\n\t<meta property=\"og:image:width\" content=\"1709\" \/>\n\t<meta property=\"og:image:height\" content=\"2560\" \/>\n\t<meta property=\"og:image:type\" content=\"image\/jpeg\" \/>\n<meta name=\"twitter:card\" content=\"summary_large_image\" \/>\n<meta name=\"twitter:site\" content=\"@ubishops\" \/>\n<meta name=\"twitter:label1\" content=\"Dur\u00e9e de lecture estim\u00e9e\" \/>\n\t<meta name=\"twitter:data1\" content=\"4 minutes\" \/>\n<script type=\"application\/ld+json\" class=\"yoast-schema-graph\">{\"@context\":\"https:\/\/schema.org\",\"@graph\":[{\"@type\":\"WebPage\",\"@id\":\"https:\/\/www.ubishops.ca\/fr\/bureau-des-relations-avec-les-diplomes-et-de-la-philanthropie\/distinctions-honorifiques-pour-nos-anciennes-et-anciens-eleves\/prix-diplomes-de-lannee\/\",\"url\":\"https:\/\/www.ubishops.ca\/fr\/bureau-des-relations-avec-les-diplomes-et-de-la-philanthropie\/distinctions-honorifiques-pour-nos-anciennes-et-anciens-eleves\/prix-diplomes-de-lannee\/\",\"name\":\"Prix Dipl\u00f4m\u00e9.e de l\u2019ann\u00e9e - Bishop&#039;s University\",\"isPartOf\":{\"@id\":\"https:\/\/www.ubishops.ca\/#website\"},\"primaryImageOfPage\":{\"@id\":\"https:\/\/www.ubishops.ca\/fr\/bureau-des-relations-avec-les-diplomes-et-de-la-philanthropie\/distinctions-honorifiques-pour-nos-anciennes-et-anciens-eleves\/prix-diplomes-de-lannee\/#primaryimage\"},\"image\":{\"@id\":\"https:\/\/www.ubishops.ca\/fr\/bureau-des-relations-avec-les-diplomes-et-de-la-philanthropie\/distinctions-honorifiques-pour-nos-anciennes-et-anciens-eleves\/prix-diplomes-de-lannee\/#primaryimage\"},\"thumbnailUrl\":\"https:\/\/www.ubishops.ca\/wp-content\/uploads\/DSC_8845-434x650.jpg\",\"datePublished\":\"2023-02-03T19:37:21+00:00\",\"dateModified\":\"2025-05-21T16:20:58+00:00\",\"breadcrumb\":{\"@id\":\"https:\/\/www.ubishops.ca\/fr\/bureau-des-relations-avec-les-diplomes-et-de-la-philanthropie\/distinctions-honorifiques-pour-nos-anciennes-et-anciens-eleves\/prix-diplomes-de-lannee\/#breadcrumb\"},\"inLanguage\":\"fr-FR\",\"potentialAction\":[{\"@type\":\"ReadAction\",\"target\":[\"https:\/\/www.ubishops.ca\/fr\/bureau-des-relations-avec-les-diplomes-et-de-la-philanthropie\/distinctions-honorifiques-pour-nos-anciennes-et-anciens-eleves\/prix-diplomes-de-lannee\/\"]}]},{\"@type\":\"ImageObject\",\"inLanguage\":\"fr-FR\",\"@id\":\"https:\/\/www.ubishops.ca\/fr\/bureau-des-relations-avec-les-diplomes-et-de-la-philanthropie\/distinctions-honorifiques-pour-nos-anciennes-et-anciens-eleves\/prix-diplomes-de-lannee\/#primaryimage\",\"url\":\"https:\/\/www.ubishops.ca\/wp-content\/uploads\/DSC_8845-434x650.jpg\",\"contentUrl\":\"https:\/\/www.ubishops.ca\/wp-content\/uploads\/DSC_8845-434x650.jpg\"},{\"@type\":\"BreadcrumbList\",\"@id\":\"https:\/\/www.ubishops.ca\/fr\/bureau-des-relations-avec-les-diplomes-et-de-la-philanthropie\/distinctions-honorifiques-pour-nos-anciennes-et-anciens-eleves\/prix-diplomes-de-lannee\/#breadcrumb\",\"itemListElement\":[{\"@type\":\"ListItem\",\"position\":1,\"name\":\"Accueil\",\"item\":\"https:\/\/www.ubishops.ca\/fr\/\"},{\"@type\":\"ListItem\",\"position\":2,\"name\":\"Bureau des relations avec les dipl\u00f4m\u00e9s et de la philanthropie\",\"item\":\"https:\/\/www.ubishops.ca\/fr\/bureau-des-relations-avec-les-diplomes-et-de-la-philanthropie\/\"},{\"@type\":\"ListItem\",\"position\":3,\"name\":\"Distinctions honorifiques pour nos anciennes et anciens \u00e9l\u00e8ves\",\"item\":\"https:\/\/www.ubishops.ca\/fr\/bureau-des-relations-avec-les-diplomes-et-de-la-philanthropie\/distinctions-honorifiques-pour-nos-anciennes-et-anciens-eleves\/\"},{\"@type\":\"ListItem\",\"position\":4,\"name\":\"Prix Dipl\u00f4m\u00e9.e de l\u2019ann\u00e9e\"}]},{\"@type\":\"WebSite\",\"@id\":\"https:\/\/www.ubishops.ca\/#website\",\"url\":\"https:\/\/www.ubishops.ca\/\",\"name\":\"Bishop&#039;s University\",\"description\":\"\",\"potentialAction\":[{\"@type\":\"SearchAction\",\"target\":{\"@type\":\"EntryPoint\",\"urlTemplate\":\"https:\/\/www.ubishops.ca\/?s={search_term_string}\"},\"query-input\":{\"@type\":\"PropertyValueSpecification\",\"valueRequired\":true,\"valueName\":\"search_term_string\"}}],\"inLanguage\":\"fr-FR\"}]}<\/script>\n<!-- \/ Yoast SEO plugin. -->","yoast_head_json":{"title":"Prix Dipl\u00f4m\u00e9.e de l\u2019ann\u00e9e - Bishop&#039;s University","robots":{"index":"index","follow":"follow","max-snippet":"max-snippet:-1","max-image-preview":"max-image-preview:large","max-video-preview":"max-video-preview:-1"},"canonical":"https:\/\/www.ubishops.ca\/fr\/bureau-des-relations-avec-les-diplomes-et-de-la-philanthropie\/distinctions-honorifiques-pour-nos-anciennes-et-anciens-eleves\/prix-diplomes-de-lannee\/","og_locale":"fr_FR","og_type":"article","og_title":"Prix Dipl\u00f4m\u00e9.e de l\u2019ann\u00e9e - Bishop&#039;s University","og_description":"Le prix Dipl\u00f4m\u00e9 de l\u2019ann\u00e9e rendent hommage \u00e0 une ou \u00e0 un de nos anciens \u00e9l\u00e8ves pour leur engagement et leur contribution \u00e0 long terme envers notre universit\u00e9.&nbsp; Le comit\u00e9 de direction de l\u2019Association des anciennes et anciens \u00e9l\u00e8ves remet ce prix chaque ann\u00e9e depuis 1967, \u00e0 l\u2019exception de l\u2019ann\u00e9e 2020 en raison de la...","og_url":"https:\/\/www.ubishops.ca\/fr\/bureau-des-relations-avec-les-diplomes-et-de-la-philanthropie\/distinctions-honorifiques-pour-nos-anciennes-et-anciens-eleves\/prix-diplomes-de-lannee\/","og_site_name":"Bishop&#039;s University","article_publisher":"https:\/\/www.facebook.com\/ubishops","article_modified_time":"2025-05-21T16:20:58+00:00","og_image":[{"width":1709,"height":2560,"url":"https:\/\/www.ubishops.ca\/wp-content\/uploads\/DSC_8845-scaled.jpg","type":"image\/jpeg"}],"twitter_card":"summary_large_image","twitter_site":"@ubishops","twitter_misc":{"Dur\u00e9e de lecture estim\u00e9e":"4 minutes"},"schema":{"@context":"https:\/\/schema.org","@graph":[{"@type":"WebPage","@id":"https:\/\/www.ubishops.ca\/fr\/bureau-des-relations-avec-les-diplomes-et-de-la-philanthropie\/distinctions-honorifiques-pour-nos-anciennes-et-anciens-eleves\/prix-diplomes-de-lannee\/","url":"https:\/\/www.ubishops.ca\/fr\/bureau-des-relations-avec-les-diplomes-et-de-la-philanthropie\/distinctions-honorifiques-pour-nos-anciennes-et-anciens-eleves\/prix-diplomes-de-lannee\/","name":"Prix Dipl\u00f4m\u00e9.e de l\u2019ann\u00e9e - Bishop&#039;s University","isPartOf":{"@id":"https:\/\/www.ubishops.ca\/#website"},"primaryImageOfPage":{"@id":"https:\/\/www.ubishops.ca\/fr\/bureau-des-relations-avec-les-diplomes-et-de-la-philanthropie\/distinctions-honorifiques-pour-nos-anciennes-et-anciens-eleves\/prix-diplomes-de-lannee\/#primaryimage"},"image":{"@id":"https:\/\/www.ubishops.ca\/fr\/bureau-des-relations-avec-les-diplomes-et-de-la-philanthropie\/distinctions-honorifiques-pour-nos-anciennes-et-anciens-eleves\/prix-diplomes-de-lannee\/#primaryimage"},"thumbnailUrl":"https:\/\/www.ubishops.ca\/wp-content\/uploads\/DSC_8845-434x650.jpg","datePublished":"2023-02-03T19:37:21+00:00","dateModified":"2025-05-21T16:20:58+00:00","breadcrumb":{"@id":"https:\/\/www.ubishops.ca\/fr\/bureau-des-relations-avec-les-diplomes-et-de-la-philanthropie\/distinctions-honorifiques-pour-nos-anciennes-et-anciens-eleves\/prix-diplomes-de-lannee\/#breadcrumb"},"inLanguage":"fr-FR","potentialAction":[{"@type":"ReadAction","target":["https:\/\/www.ubishops.ca\/fr\/bureau-des-relations-avec-les-diplomes-et-de-la-philanthropie\/distinctions-honorifiques-pour-nos-anciennes-et-anciens-eleves\/prix-diplomes-de-lannee\/"]}]},{"@type":"ImageObject","inLanguage":"fr-FR","@id":"https:\/\/www.ubishops.ca\/fr\/bureau-des-relations-avec-les-diplomes-et-de-la-philanthropie\/distinctions-honorifiques-pour-nos-anciennes-et-anciens-eleves\/prix-diplomes-de-lannee\/#primaryimage","url":"https:\/\/www.ubishops.ca\/wp-content\/uploads\/DSC_8845-434x650.jpg","contentUrl":"https:\/\/www.ubishops.ca\/wp-content\/uploads\/DSC_8845-434x650.jpg"},{"@type":"BreadcrumbList","@id":"https:\/\/www.ubishops.ca\/fr\/bureau-des-relations-avec-les-diplomes-et-de-la-philanthropie\/distinctions-honorifiques-pour-nos-anciennes-et-anciens-eleves\/prix-diplomes-de-lannee\/#breadcrumb","itemListElement":[{"@type":"ListItem","position":1,"name":"Accueil","item":"https:\/\/www.ubishops.ca\/fr\/"},{"@type":"ListItem","position":2,"name":"Bureau des relations avec les dipl\u00f4m\u00e9s et de la philanthropie","item":"https:\/\/www.ubishops.ca\/fr\/bureau-des-relations-avec-les-diplomes-et-de-la-philanthropie\/"},{"@type":"ListItem","position":3,"name":"Distinctions honorifiques pour nos anciennes et anciens \u00e9l\u00e8ves","item":"https:\/\/www.ubishops.ca\/fr\/bureau-des-relations-avec-les-diplomes-et-de-la-philanthropie\/distinctions-honorifiques-pour-nos-anciennes-et-anciens-eleves\/"},{"@type":"ListItem","position":4,"name":"Prix Dipl\u00f4m\u00e9.e de l\u2019ann\u00e9e"}]},{"@type":"WebSite","@id":"https:\/\/www.ubishops.ca\/#website","url":"https:\/\/www.ubishops.ca\/","name":"Bishop&#039;s University","description":"","potentialAction":[{"@type":"SearchAction","target":{"@type":"EntryPoint","urlTemplate":"https:\/\/www.ubishops.ca\/?s={search_term_string}"},"query-input":{"@type":"PropertyValueSpecification","valueRequired":true,"valueName":"search_term_string"}}],"inLanguage":"fr-FR"}]}},"taxonomy_info":[],"featured_image_src_large":false,"author_info":{"display_name":"Julie Fradette","author_link":"https:\/\/www.ubishops.ca\/fr\/author\/jfradett\/"},"comment_info":0,"publishpress_future_action":{"enabled":false,"date":"2026-04-15 18:30:06","action":"change-status","newStatus":"draft","terms":[],"taxonomy":"translation_priority","extraData":[]},"publishpress_future_workflow_manual_trigger":{"enabledWorkflows":[]},"_links":{"self":[{"href":"https:\/\/www.ubishops.ca\/fr\/wp-json\/wp\/v2\/pages\/116176","targetHints":{"allow":["GET"]}}],"collection":[{"href":"https:\/\/www.ubishops.ca\/fr\/wp-json\/wp\/v2\/pages"}],"about":[{"href":"https:\/\/www.ubishops.ca\/fr\/wp-json\/wp\/v2\/types\/page"}],"author":[{"embeddable":true,"href":"https:\/\/www.ubishops.ca\/fr\/wp-json\/wp\/v2\/users\/49"}],"replies":[{"embeddable":true,"href":"https:\/\/www.ubishops.ca\/fr\/wp-json\/wp\/v2\/comments?post=116176"}],"version-history":[{"count":3,"href":"https:\/\/www.ubishops.ca\/fr\/wp-json\/wp\/v2\/pages\/116176\/revisions"}],"predecessor-version":[{"id":124233,"href":"https:\/\/www.ubishops.ca\/fr\/wp-json\/wp\/v2\/pages\/116176\/revisions\/124233"}],"up":[{"embeddable":true,"href":"https:\/\/www.ubishops.ca\/fr\/wp-json\/wp\/v2\/pages\/116183"}],"wp:attachment":[{"href":"https:\/\/www.ubishops.ca\/fr\/wp-json\/wp\/v2\/media?parent=116176"}],"curies":[{"name":"wp","href":"https:\/\/api.w.org\/{rel}","templated":true}]}}